{"id":103,"date":"2021-01-20T15:01:10","date_gmt":"2021-01-20T14:01:10","guid":{"rendered":"http:\/\/mylovelyrods.com\/?page_id=103"},"modified":"2026-02-05T17:23:12","modified_gmt":"2026-02-05T16:23:12","slug":"demande-devis-contact-canne-a-peche-artisanale","status":"publish","type":"page","link":"https:\/\/mylovelyrods.com\/index.php\/demande-devis-contact-canne-a-peche-artisanale\/","title":{"rendered":"Demande Devis\/Contact"},"content":{"rendered":"\n<p>Vous avez des questions? un cadeau \u00e0 faire? Une canne \u00e0 p\u00eache personnalis\u00e9e et artisanale qui vous sera propre, une restauration? Vous souhaitez que je vous monte des mouches?<\/p>\n\n\n\n<p>Je vous laisse m&rsquo;\u00e9crire, je vous r\u00e9pondrai dans les plus brefs d\u00e9lais! Si vous souhaitez voir quelques une de mes cr\u00e9ations, allez donc faire un tour <a href=\"https:\/\/mylovelyrods.com\/index.php\/rodbuilding-canne-a-peche\/\">ici<\/a>.<\/p>\n\n\n\n<p>On peut presque tout faire sur une canne \u00e0 p\u00eache personnalis\u00e9e artisanale! Je propose \u00e9galement de cr\u00e9er des housses tissus personnalis\u00e9es qui accompagnent vos futures cannes.<\/p>\n\n\n\n<p>Pour ce qui est du montage de mouches, cela prend un peu de temps, mais la patience est une vertu, et la patience est tr\u00e8s importante \u00e0 la p\u00eache aussi \ud83d\ude09 <\/p>\n\n\n\n<p>Il est \u00e9galement possible d&rsquo;offrir une canne \u00e0 p\u00eache sur mesure ou du mat\u00e9riel sous forme de ch\u00e8que cadeau, pour les personnes voulant faire plaisir, mais ne s&rsquo;y connaissant pas trop en p\u00eache!<\/p>\n\n\n\n<p>Enfin, pour trouver mes cannes disponibles vous pouvez aller faire un tour par <a href=\"https:\/\/mylovelyrods.com\/index.php\/categorie-produit\/cannes-disponibles\/\">l\u00e0<\/a>!<\/p>\n\n\n\n<p class=\"has-text-align-center\"><\/p>\n\n\n<style id=\"wpforms-css-vars-5808-block-2677d4af-056d-4a70-9d25-7801c952364c\">\n\t\t\t\t#wpforms-5808.wpforms-block-2677d4af-056d-4a70-9d25-7801c952364c {\n\t\t\t\t--wpforms-field-size-input-height: 43px;\n--wpforms-field-size-input-spacing: 15px;\n--wpforms-field-size-font-size: 16px;\n--wpforms-field-size-line-height: 19px;\n--wpforms-field-size-padding-h: 14px;\n--wpforms-field-size-checkbox-size: 16px;\n--wpforms-field-size-sublabel-spacing: 5px;\n--wpforms-field-size-icon-size: 1;\n--wpforms-label-size-font-size: 16px;\n--wpforms-label-size-line-height: 19px;\n--wpforms-label-size-sublabel-font-size: 14px;\n--wpforms-label-size-sublabel-line-height: 17px;\n--wpforms-button-size-font-size: 17px;\n--wpforms-button-size-height: 41px;\n--wpforms-button-size-padding-h: 15px;\n--wpforms-button-size-margin-top: 10px;\n\t\t\t}\n\t\t\t<\/style><div class=\"wpforms-container wpforms-container-full wpforms-block wpforms-block-2677d4af-056d-4a70-9d25-7801c952364c wpforms-render-modern\" id=\"wpforms-5808\"><form id=\"wpforms-form-5808\" class=\"wpforms-validate wpforms-form wpforms-ajax-form\" data-formid=\"5808\" method=\"post\" enctype=\"multipart\/form-data\" action=\"\/index.php\/wp-json\/wp\/v2\/pages\/103\" data-token=\"5bb05ae90de1e66f2d28b396564c92bf\" data-token-time=\"1776301562\"><noscript class=\"wpforms-error-noscript\">Veuillez activer JavaScript dans votre navigateur pour remplir ce formulaire.<\/noscript><div id=\"wpforms-error-noscript\" style=\"display: none;\">Veuillez activer JavaScript dans votre navigateur pour remplir ce formulaire.<\/div><div class=\"wpforms-field-container\"><div id=\"wpforms-5808-field_1-container\" class=\"wpforms-field wpforms-field-name\" data-field-id=\"1\"><fieldset><legend class=\"wpforms-field-label\">Nom <span class=\"wpforms-required-label\" aria-hidden=\"true\">*<\/span><\/legend><div class=\"wpforms-field-row wpforms-field-medium\"><div class=\"wpforms-field-row-block wpforms-first wpforms-one-half\"><input type=\"text\" id=\"wpforms-5808-field_1\" class=\"wpforms-field-name-first wpforms-field-required\" name=\"wpforms[fields][1][first]\" aria-errormessage=\"wpforms-5808-field_1-error\" required><label for=\"wpforms-5808-field_1\" class=\"wpforms-field-sublabel after\">Pr\u00e9nom<\/label><\/div><div class=\"wpforms-field-row-block wpforms-one-half\"><input type=\"text\" id=\"wpforms-5808-field_1-last\" class=\"wpforms-field-name-last wpforms-field-required\" name=\"wpforms[fields][1][last]\" aria-errormessage=\"wpforms-5808-field_1-last-error\" required><label for=\"wpforms-5808-field_1-last\" class=\"wpforms-field-sublabel after\">Nom<\/label><\/div><\/div><\/fieldset><\/div>\t\t<div id=\"wpforms-5808-field_4-container\"\n\t\t\tclass=\"wpforms-field wpforms-field-text\"\n\t\t\tdata-field-type=\"text\"\n\t\t\tdata-field-id=\"4\"\n\t\t\t>\n\t\t\t<label class=\"wpforms-field-label\" for=\"wpforms-5808-field_4\" >ou Commentaire E-mail<\/label>\n\t\t\t<input type=\"text\" id=\"wpforms-5808-field_4\" class=\"wpforms-field-medium\" name=\"wpforms[fields][4]\" >\n\t\t<\/div>\n\t\t<div id=\"wpforms-5808-field_2-container\" class=\"wpforms-field wpforms-field-email\" data-field-id=\"2\"><label class=\"wpforms-field-label\" for=\"wpforms-5808-field_2\">E-mail <span class=\"wpforms-required-label\" aria-hidden=\"true\">*<\/span><\/label><input type=\"email\" id=\"wpforms-5808-field_2\" class=\"wpforms-field-medium wpforms-field-required\" name=\"wpforms[fields][2]\" spellcheck=\"false\" aria-errormessage=\"wpforms-5808-field_2-error\" required><\/div><div id=\"wpforms-5808-field_3-container\" class=\"wpforms-field wpforms-field-textarea\" data-field-id=\"3\"><label class=\"wpforms-field-label\" for=\"wpforms-5808-field_3\">Commentaire ou message<\/label><textarea id=\"wpforms-5808-field_3\" class=\"wpforms-field-medium\" name=\"wpforms[fields][3]\" aria-errormessage=\"wpforms-5808-field_3-error\" ><\/textarea><\/div><script>\n\t\t\t\t( function() {\n\t\t\t\t\tconst style = document.createElement( 'style' );\n\t\t\t\t\tstyle.appendChild( document.createTextNode( '#wpforms-5808-field_4-container { position: absolute !important; overflow: hidden !important; display: inline !important; height: 1px !important; width: 1px !important; z-index: -1000 !important; padding: 0 !important; } #wpforms-5808-field_4-container input { visibility: hidden; } #wpforms-conversational-form-page #wpforms-5808-field_4-container label { counter-increment: none; }' ) );\n\t\t\t\t\tdocument.head.appendChild( style );\n\t\t\t\t\tdocument.currentScript?.remove();\n\t\t\t\t} )();\n\t\t\t<\/script><\/div><!-- .wpforms-field-container --><div class=\"wpforms-recaptcha-container wpforms-is-recaptcha wpforms-is-recaptcha-type-v3\" ><input type=\"hidden\" name=\"wpforms[recaptcha]\" value=\"\"><\/div><div class=\"wpforms-submit-container\" ><input type=\"hidden\" name=\"wpforms[id]\" value=\"5808\"><input type=\"hidden\" name=\"page_title\" value=\"\"><input type=\"hidden\" name=\"page_url\" value=\"https:\/\/mylovelyrods.com\/index.php\/wp-json\/wp\/v2\/pages\/103\"><input type=\"hidden\" name=\"url_referer\" value=\"\"><button type=\"submit\" name=\"wpforms[submit]\" id=\"wpforms-submit-5808\" class=\"wpforms-submit\" data-alt-text=\"Envoi...\" data-submit-text=\"Envoyer\" aria-live=\"assertive\" value=\"wpforms-submit\">Envoyer<\/button><img loading=\"lazy\" decoding=\"async\" src=\"https:\/\/mylovelyrods.com\/wp-content\/plugins\/wpforms-lite\/assets\/images\/submit-spin.svg\" class=\"wpforms-submit-spinner\" style=\"display: none;\" width=\"26\" height=\"26\" alt=\"Chargement en cours\"><\/div><\/form><\/div>  <!-- .wpforms-container -->\n\n\n<p>N&rsquo;h\u00e9sitez pas \u00e0 me suivre sur les r\u00e9seaux sociaux <a href=\"https:\/\/www.facebook.com\/pages\/category\/Sports\/Mylovelyrods-101775187859974\/\">ici<\/a> et <a href=\"https:\/\/www.instagram.com\/mylovelyrods\/?hl=fr\">l\u00e0<\/a> \ud83d\ude09 !<\/p>\n\n\n\n<figure class=\"wp-block-image size-large\"><img data-recalc-dims=\"1\" loading=\"lazy\" decoding=\"async\" width=\"1024\" height=\"485\" src=\"https:\/\/i0.wp.com\/mylovelyrods.com\/wp-content\/uploads\/2026\/02\/20220113_163635.jpg?resize=1024%2C485&#038;ssl=1\" alt=\"Canne \u00e0 p\u00eache personnalis\u00e9e\" class=\"wp-image-5900\" srcset=\"https:\/\/i0.wp.com\/mylovelyrods.com\/wp-content\/uploads\/2026\/02\/20220113_163635-scaled.jpg?resize=1024%2C485&amp;ssl=1 1024w, https:\/\/i0.wp.com\/mylovelyrods.com\/wp-content\/uploads\/2026\/02\/20220113_163635-scaled.jpg?resize=300%2C142&amp;ssl=1 300w, https:\/\/i0.wp.com\/mylovelyrods.com\/wp-content\/uploads\/2026\/02\/20220113_163635-scaled.jpg?resize=768%2C363&amp;ssl=1 768w, https:\/\/i0.wp.com\/mylovelyrods.com\/wp-content\/uploads\/2026\/02\/20220113_163635-scaled.jpg?resize=1536%2C727&amp;ssl=1 1536w, https:\/\/i0.wp.com\/mylovelyrods.com\/wp-content\/uploads\/2026\/02\/20220113_163635-scaled.jpg?resize=2048%2C969&amp;ssl=1 2048w, https:\/\/i0.wp.com\/mylovelyrods.com\/wp-content\/uploads\/2026\/02\/20220113_163635-scaled.jpg?resize=1920%2C909&amp;ssl=1 1920w, https:\/\/i0.wp.com\/mylovelyrods.com\/wp-content\/uploads\/2026\/02\/20220113_163635-scaled.jpg?resize=600%2C284&amp;ssl=1 600w, https:\/\/i0.wp.com\/mylovelyrods.com\/wp-content\/uploads\/2026\/02\/20220113_163635-scaled.jpg?w=2300&amp;ssl=1 2300w\" sizes=\"auto, (max-width: 1024px) 100vw, 1024px\" \/><\/figure>\n","protected":false},"excerpt":{"rendered":"<p>Vous avez des questions? un cadeau \u00e0 faire? Une canne \u00e0 p\u00eache personnalis\u00e9e et artisanale qui vous sera propre, une restauration? Vous souhaitez que je vous monte des mouches? Je vous laisse m&rsquo;\u00e9crire, je vous r\u00e9pondrai dans les plus brefs d\u00e9lais! Si vous souhaitez voir quelques une de mes cr\u00e9ations, allez donc faire un tour<a class=\"more-link\" href=\"https:\/\/mylovelyrods.com\/index.php\/demande-devis-contact-canne-a-peche-artisanale\/\">Read more  &#10230;<\/a><\/p>\n","protected":false},"author":1,"featured_media":0,"parent":0,"menu_order":0,"comment_status":"closed","ping_status":"closed","template":"","meta":{"jetpack_post_was_ever_published":false,"_glsr_average":0,"_glsr_ranking":0,"_glsr_reviews":0,"footnotes":""},"class_list":["post-103","page","type-page","status-publish","hentry"],"yoast_head":"<!-- This site is optimized with the Yoast SEO plugin v27.4 - https:\/\/yoast.com\/product\/yoast-seo-wordpress\/ -->\n<title>Canne \u00e0 p\u00eache personnalis\u00e9e Rodbuilding Demande Devis\/Contact -<\/title>\n<meta name=\"description\" content=\"Vous souhaitez une canne \u00e0 p\u00eache personnalis\u00e9e et artisanale, optimis\u00e9e, pr\u00e9cise, un objet unique? N&#039;h\u00e9sitez pas \u00e0 me contacter\" \/>\n<meta name=\"robots\" content=\"index, follow, max-snippet:-1, max-image-preview:large, max-video-preview:-1\" \/>\n<link rel=\"canonical\" href=\"https:\/\/mylovelyrods.com\/index.php\/demande-devis-contact-canne-a-peche-artisanale\/\" \/>\n<meta property=\"og:locale\" content=\"fr_FR\" \/>\n<meta property=\"og:type\" content=\"article\" \/>\n<meta property=\"og:title\" content=\"Canne \u00e0 p\u00eache personnalis\u00e9e Rodbuilding Demande Devis\/Contact -\" \/>\n<meta property=\"og:description\" content=\"Vous souhaitez une canne \u00e0 p\u00eache personnalis\u00e9e et artisanale, optimis\u00e9e, pr\u00e9cise, un objet unique? N&#039;h\u00e9sitez pas \u00e0 me contacter\" \/>\n<meta property=\"og:url\" content=\"https:\/\/mylovelyrods.com\/index.php\/demande-devis-contact-canne-a-peche-artisanale\/\" \/>\n<meta property=\"og:site_name\" content=\"Mylovelyrods\" \/>\n<meta property=\"article:publisher\" content=\"https:\/\/m.facebook.com\/people\/Mylovelyrods\/100062956103344\/?locale=fr_FR\" \/>\n<meta property=\"article:modified_time\" content=\"2026-02-05T16:23:12+00:00\" \/>\n<meta property=\"og:image\" content=\"https:\/\/mylovelyrods.com\/wp-content\/uploads\/2026\/02\/20220113_163635-1024x485.jpg\" \/>\n<meta name=\"twitter:card\" content=\"summary_large_image\" \/>\n<meta name=\"twitter:label1\" content=\"Dur\u00e9e de lecture estim\u00e9e\" \/>\n\t<meta name=\"twitter:data1\" content=\"2 minutes\" \/>\n<script type=\"application\/ld+json\" class=\"yoast-schema-graph\">{\"@context\":\"https:\\\/\\\/schema.org\",\"@graph\":[{\"@type\":\"WebPage\",\"@id\":\"https:\\\/\\\/mylovelyrods.com\\\/index.php\\\/demande-devis-contact-canne-a-peche-artisanale\\\/\",\"url\":\"https:\\\/\\\/mylovelyrods.com\\\/index.php\\\/demande-devis-contact-canne-a-peche-artisanale\\\/\",\"name\":\"Canne \u00e0 p\u00eache personnalis\u00e9e Rodbuilding Demande Devis\\\/Contact -\",\"isPartOf\":{\"@id\":\"https:\\\/\\\/mylovelyrods.com\\\/#website\"},\"primaryImageOfPage\":{\"@id\":\"https:\\\/\\\/mylovelyrods.com\\\/index.php\\\/demande-devis-contact-canne-a-peche-artisanale\\\/#primaryimage\"},\"image\":{\"@id\":\"https:\\\/\\\/mylovelyrods.com\\\/index.php\\\/demande-devis-contact-canne-a-peche-artisanale\\\/#primaryimage\"},\"thumbnailUrl\":\"https:\\\/\\\/mylovelyrods.com\\\/wp-content\\\/uploads\\\/2026\\\/02\\\/20220113_163635-1024x485.jpg\",\"datePublished\":\"2021-01-20T14:01:10+00:00\",\"dateModified\":\"2026-02-05T16:23:12+00:00\",\"description\":\"Vous souhaitez une canne \u00e0 p\u00eache personnalis\u00e9e et artisanale, optimis\u00e9e, pr\u00e9cise, un objet unique? N'h\u00e9sitez pas \u00e0 me contacter\",\"breadcrumb\":{\"@id\":\"https:\\\/\\\/mylovelyrods.com\\\/index.php\\\/demande-devis-contact-canne-a-peche-artisanale\\\/#breadcrumb\"},\"inLanguage\":\"fr-FR\",\"potentialAction\":[{\"@type\":\"ReadAction\",\"target\":[\"https:\\\/\\\/mylovelyrods.com\\\/index.php\\\/demande-devis-contact-canne-a-peche-artisanale\\\/\"]}]},{\"@type\":\"ImageObject\",\"inLanguage\":\"fr-FR\",\"@id\":\"https:\\\/\\\/mylovelyrods.com\\\/index.php\\\/demande-devis-contact-canne-a-peche-artisanale\\\/#primaryimage\",\"url\":\"https:\\\/\\\/i0.wp.com\\\/mylovelyrods.com\\\/wp-content\\\/uploads\\\/2026\\\/02\\\/20220113_163635-scaled.jpg?fit=2560%2C1211&ssl=1\",\"contentUrl\":\"https:\\\/\\\/i0.wp.com\\\/mylovelyrods.com\\\/wp-content\\\/uploads\\\/2026\\\/02\\\/20220113_163635-scaled.jpg?fit=2560%2C1211&ssl=1\",\"width\":2560,\"height\":1211},{\"@type\":\"BreadcrumbList\",\"@id\":\"https:\\\/\\\/mylovelyrods.com\\\/index.php\\\/demande-devis-contact-canne-a-peche-artisanale\\\/#breadcrumb\",\"itemListElement\":[{\"@type\":\"ListItem\",\"position\":1,\"name\":\"Accueil\",\"item\":\"https:\\\/\\\/mylovelyrods.com\\\/\"},{\"@type\":\"ListItem\",\"position\":2,\"name\":\"Demande Devis\\\/Contact\"}]},{\"@type\":\"WebSite\",\"@id\":\"https:\\\/\\\/mylovelyrods.com\\\/#website\",\"url\":\"https:\\\/\\\/mylovelyrods.com\\\/\",\"name\":\"Mylovelyrods\",\"description\":\"Facteur de canne, restaurations, customisations, rodbuilding, mouches, nymphes et petit mat\u00e9riel...\",\"publisher\":{\"@id\":\"https:\\\/\\\/mylovelyrods.com\\\/#organization\"},\"potentialAction\":[{\"@type\":\"SearchAction\",\"target\":{\"@type\":\"EntryPoint\",\"urlTemplate\":\"https:\\\/\\\/mylovelyrods.com\\\/?s={search_term_string}\"},\"query-input\":{\"@type\":\"PropertyValueSpecification\",\"valueRequired\":true,\"valueName\":\"search_term_string\"}}],\"inLanguage\":\"fr-FR\"},{\"@type\":\"Organization\",\"@id\":\"https:\\\/\\\/mylovelyrods.com\\\/#organization\",\"name\":\"Mylovelyrods\",\"url\":\"https:\\\/\\\/mylovelyrods.com\\\/\",\"logo\":{\"@type\":\"ImageObject\",\"inLanguage\":\"fr-FR\",\"@id\":\"https:\\\/\\\/mylovelyrods.com\\\/#\\\/schema\\\/logo\\\/image\\\/\",\"url\":\"https:\\\/\\\/mylovelyrods.com\\\/wp-content\\\/uploads\\\/2021\\\/01\\\/0001-scaled-e1611186770281.jpg\",\"contentUrl\":\"https:\\\/\\\/mylovelyrods.com\\\/wp-content\\\/uploads\\\/2021\\\/01\\\/0001-scaled-e1611186770281.jpg\",\"width\":2560,\"height\":716,\"caption\":\"Mylovelyrods\"},\"image\":{\"@id\":\"https:\\\/\\\/mylovelyrods.com\\\/#\\\/schema\\\/logo\\\/image\\\/\"},\"sameAs\":[\"https:\\\/\\\/m.facebook.com\\\/people\\\/Mylovelyrods\\\/100062956103344\\\/?locale=fr_FR\",\"https:\\\/\\\/www.instagram.com\\\/mylovelyrods\\\/?hl=fr\"]}]}<\/script>\n<!-- \/ Yoast SEO plugin. -->","yoast_head_json":{"title":"Canne \u00e0 p\u00eache personnalis\u00e9e Rodbuilding Demande Devis\/Contact -","description":"Vous souhaitez une canne \u00e0 p\u00eache personnalis\u00e9e et artisanale, optimis\u00e9e, pr\u00e9cise, un objet unique? N'h\u00e9sitez pas \u00e0 me contacter","robots":{"index":"index","follow":"follow","max-snippet":"max-snippet:-1","max-image-preview":"max-image-preview:large","max-video-preview":"max-video-preview:-1"},"canonical":"https:\/\/mylovelyrods.com\/index.php\/demande-devis-contact-canne-a-peche-artisanale\/","og_locale":"fr_FR","og_type":"article","og_title":"Canne \u00e0 p\u00eache personnalis\u00e9e Rodbuilding Demande Devis\/Contact -","og_description":"Vous souhaitez une canne \u00e0 p\u00eache personnalis\u00e9e et artisanale, optimis\u00e9e, pr\u00e9cise, un objet unique? N'h\u00e9sitez pas \u00e0 me contacter","og_url":"https:\/\/mylovelyrods.com\/index.php\/demande-devis-contact-canne-a-peche-artisanale\/","og_site_name":"Mylovelyrods","article_publisher":"https:\/\/m.facebook.com\/people\/Mylovelyrods\/100062956103344\/?locale=fr_FR","article_modified_time":"2026-02-05T16:23:12+00:00","og_image":[{"url":"https:\/\/mylovelyrods.com\/wp-content\/uploads\/2026\/02\/20220113_163635-1024x485.jpg","type":"","width":"","height":""}],"twitter_card":"summary_large_image","twitter_misc":{"Dur\u00e9e de lecture estim\u00e9e":"2 minutes"},"schema":{"@context":"https:\/\/schema.org","@graph":[{"@type":"WebPage","@id":"https:\/\/mylovelyrods.com\/index.php\/demande-devis-contact-canne-a-peche-artisanale\/","url":"https:\/\/mylovelyrods.com\/index.php\/demande-devis-contact-canne-a-peche-artisanale\/","name":"Canne \u00e0 p\u00eache personnalis\u00e9e Rodbuilding Demande Devis\/Contact -","isPartOf":{"@id":"https:\/\/mylovelyrods.com\/#website"},"primaryImageOfPage":{"@id":"https:\/\/mylovelyrods.com\/index.php\/demande-devis-contact-canne-a-peche-artisanale\/#primaryimage"},"image":{"@id":"https:\/\/mylovelyrods.com\/index.php\/demande-devis-contact-canne-a-peche-artisanale\/#primaryimage"},"thumbnailUrl":"https:\/\/mylovelyrods.com\/wp-content\/uploads\/2026\/02\/20220113_163635-1024x485.jpg","datePublished":"2021-01-20T14:01:10+00:00","dateModified":"2026-02-05T16:23:12+00:00","description":"Vous souhaitez une canne \u00e0 p\u00eache personnalis\u00e9e et artisanale, optimis\u00e9e, pr\u00e9cise, un objet unique? N'h\u00e9sitez pas \u00e0 me contacter","breadcrumb":{"@id":"https:\/\/mylovelyrods.com\/index.php\/demande-devis-contact-canne-a-peche-artisanale\/#breadcrumb"},"inLanguage":"fr-FR","potentialAction":[{"@type":"ReadAction","target":["https:\/\/mylovelyrods.com\/index.php\/demande-devis-contact-canne-a-peche-artisanale\/"]}]},{"@type":"ImageObject","inLanguage":"fr-FR","@id":"https:\/\/mylovelyrods.com\/index.php\/demande-devis-contact-canne-a-peche-artisanale\/#primaryimage","url":"https:\/\/i0.wp.com\/mylovelyrods.com\/wp-content\/uploads\/2026\/02\/20220113_163635-scaled.jpg?fit=2560%2C1211&ssl=1","contentUrl":"https:\/\/i0.wp.com\/mylovelyrods.com\/wp-content\/uploads\/2026\/02\/20220113_163635-scaled.jpg?fit=2560%2C1211&ssl=1","width":2560,"height":1211},{"@type":"BreadcrumbList","@id":"https:\/\/mylovelyrods.com\/index.php\/demande-devis-contact-canne-a-peche-artisanale\/#breadcrumb","itemListElement":[{"@type":"ListItem","position":1,"name":"Accueil","item":"https:\/\/mylovelyrods.com\/"},{"@type":"ListItem","position":2,"name":"Demande Devis\/Contact"}]},{"@type":"WebSite","@id":"https:\/\/mylovelyrods.com\/#website","url":"https:\/\/mylovelyrods.com\/","name":"Mylovelyrods","description":"Facteur de canne, restaurations, customisations, rodbuilding, mouches, nymphes et petit mat\u00e9riel...","publisher":{"@id":"https:\/\/mylovelyrods.com\/#organization"},"potentialAction":[{"@type":"SearchAction","target":{"@type":"EntryPoint","urlTemplate":"https:\/\/mylovelyrods.com\/?s={search_term_string}"},"query-input":{"@type":"PropertyValueSpecification","valueRequired":true,"valueName":"search_term_string"}}],"inLanguage":"fr-FR"},{"@type":"Organization","@id":"https:\/\/mylovelyrods.com\/#organization","name":"Mylovelyrods","url":"https:\/\/mylovelyrods.com\/","logo":{"@type":"ImageObject","inLanguage":"fr-FR","@id":"https:\/\/mylovelyrods.com\/#\/schema\/logo\/image\/","url":"https:\/\/mylovelyrods.com\/wp-content\/uploads\/2021\/01\/0001-scaled-e1611186770281.jpg","contentUrl":"https:\/\/mylovelyrods.com\/wp-content\/uploads\/2021\/01\/0001-scaled-e1611186770281.jpg","width":2560,"height":716,"caption":"Mylovelyrods"},"image":{"@id":"https:\/\/mylovelyrods.com\/#\/schema\/logo\/image\/"},"sameAs":["https:\/\/m.facebook.com\/people\/Mylovelyrods\/100062956103344\/?locale=fr_FR","https:\/\/www.instagram.com\/mylovelyrods\/?hl=fr"]}]}},"jetpack_sharing_enabled":true,"_links":{"self":[{"href":"https:\/\/mylovelyrods.com\/index.php\/wp-json\/wp\/v2\/pages\/103","targetHints":{"allow":["GET"]}}],"collection":[{"href":"https:\/\/mylovelyrods.com\/index.php\/wp-json\/wp\/v2\/pages"}],"about":[{"href":"https:\/\/mylovelyrods.com\/index.php\/wp-json\/wp\/v2\/types\/page"}],"author":[{"embeddable":true,"href":"https:\/\/mylovelyrods.com\/index.php\/wp-json\/wp\/v2\/users\/1"}],"replies":[{"embeddable":true,"href":"https:\/\/mylovelyrods.com\/index.php\/wp-json\/wp\/v2\/comments?post=103"}],"version-history":[{"count":9,"href":"https:\/\/mylovelyrods.com\/index.php\/wp-json\/wp\/v2\/pages\/103\/revisions"}],"predecessor-version":[{"id":5901,"href":"https:\/\/mylovelyrods.com\/index.php\/wp-json\/wp\/v2\/pages\/103\/revisions\/5901"}],"wp:attachment":[{"href":"https:\/\/mylovelyrods.com\/index.php\/wp-json\/wp\/v2\/media?parent=103"}],"curies":[{"name":"wp","href":"https:\/\/api.w.org\/{rel}","templated":true}]}}