{"id":134,"date":"2021-01-20T16:03:43","date_gmt":"2021-01-20T15:03:43","guid":{"rendered":"http:\/\/mylovelyrods.com\/index.php\/panier\/"},"modified":"2024-06-16T21:18:57","modified_gmt":"2024-06-16T19:18:57","slug":"panier","status":"publish","type":"page","link":"https:\/\/mylovelyrods.com\/index.php\/panier\/","title":{"rendered":"Votre panier"},"content":{"rendered":"\n<p class=\"has-yith-proteo-editor-custom-color-8-color has-text-color has-medium-font-size\"><meta charset=\"utf-8\"><\/p>\n\n\n\n<p><strong>Chaque commande est trait\u00e9e et exp\u00e9di\u00e9e le jour meme! Je m&rsquo;occupe de vos commandes <meta charset=\"utf-8\"><\/meta><strong>m\u00eame le dimanche<\/strong>!<\/strong><\/p>\n\n\n\n\n\n\n<p><meta charset=\"utf-8\"><strong>T.V.A. non applicable, art 293B du CGI<\/strong><\/p>\n\n\n\n<p>Pour me suivre sur les r\u00e9seaux sociaux, c&rsquo;est par <a href=\"https:\/\/www.facebook.com\/pages\/category\/Sports\/Mylovelyrods-101775187859974\/\">ici<\/a> et par <a href=\"https:\/\/www.instagram.com\/mylovelyrods\/?hl=fr\">l\u00e0<\/a>.<\/p>\n\n\n\n<p><a href=\"https:\/\/mylovelyrods.com\/\">Page d&rsquo;acceuil<\/a>.<\/p>\n","protected":false},"excerpt":{"rendered":"<p>Chaque commande est trait\u00e9e et exp\u00e9di\u00e9e le jour meme! Je m&rsquo;occupe de vos commandes m\u00eame le dimanche! T.V.A. non applicable, art 293B du CGI Pour me suivre sur les r\u00e9seaux sociaux, c&rsquo;est par ici et par l\u00e0. Page d&rsquo;acceuil.<\/p>\n","protected":false},"author":1,"featured_media":0,"parent":0,"menu_order":0,"comment_status":"closed","ping_status":"closed","template":"","meta":{"jetpack_post_was_ever_published":false,"_glsr_average":0,"_glsr_ranking":0,"_glsr_reviews":0,"footnotes":""},"class_list":["post-134","page","type-page","status-publish","hentry"],"yoast_head":"<!-- This site is optimized with the Yoast SEO plugin v27.4 - https:\/\/yoast.com\/product\/yoast-seo-wordpress\/ -->\n<title>Votre panier - Rodbuilding - P\u00eache \u00e0 la mouche - Mylovelyrods<\/title>\n<meta name=\"description\" content=\"Retrouvez votre panier sur Mylovelyrods.com sp\u00e9cialiste et passionn\u00e9 pour le Rodbuilding et la P\u00eache \u00e0 la mouche.\" \/>\n<meta name=\"robots\" content=\"index, follow, max-snippet:-1, max-image-preview:large, max-video-preview:-1\" \/>\n<link rel=\"canonical\" href=\"https:\/\/mylovelyrods.com\/index.php\/panier\/\" \/>\n<meta property=\"og:locale\" content=\"fr_FR\" \/>\n<meta property=\"og:type\" content=\"article\" \/>\n<meta property=\"og:title\" content=\"Votre panier - Rodbuilding - P\u00eache \u00e0 la mouche - Mylovelyrods\" \/>\n<meta property=\"og:description\" content=\"Retrouvez votre panier sur Mylovelyrods.com sp\u00e9cialiste et passionn\u00e9 pour le Rodbuilding et la P\u00eache \u00e0 la mouche.\" \/>\n<meta property=\"og:url\" content=\"https:\/\/mylovelyrods.com\/index.php\/panier\/\" \/>\n<meta property=\"og:site_name\" content=\"Mylovelyrods\" \/>\n<meta property=\"article:publisher\" content=\"https:\/\/m.facebook.com\/people\/Mylovelyrods\/100062956103344\/?locale=fr_FR\" \/>\n<meta property=\"article:modified_time\" content=\"2024-06-16T19:18:57+00:00\" \/>\n<meta name=\"twitter:card\" content=\"summary_large_image\" \/>\n<meta name=\"twitter:label1\" content=\"Dur\u00e9e de lecture estim\u00e9e\" \/>\n\t<meta name=\"twitter:data1\" content=\"1 minute\" \/>\n<script type=\"application\/ld+json\" class=\"yoast-schema-graph\">{\"@context\":\"https:\\\/\\\/schema.org\",\"@graph\":[{\"@type\":\"WebPage\",\"@id\":\"https:\\\/\\\/mylovelyrods.com\\\/index.php\\\/panier\\\/\",\"url\":\"https:\\\/\\\/mylovelyrods.com\\\/index.php\\\/panier\\\/\",\"name\":\"Votre panier - Rodbuilding - P\u00eache \u00e0 la mouche - Mylovelyrods\",\"isPartOf\":{\"@id\":\"https:\\\/\\\/mylovelyrods.com\\\/#website\"},\"datePublished\":\"2021-01-20T15:03:43+00:00\",\"dateModified\":\"2024-06-16T19:18:57+00:00\",\"description\":\"Retrouvez votre panier sur Mylovelyrods.com sp\u00e9cialiste et passionn\u00e9 pour le Rodbuilding et la P\u00eache \u00e0 la mouche.\",\"breadcrumb\":{\"@id\":\"https:\\\/\\\/mylovelyrods.com\\\/index.php\\\/panier\\\/#breadcrumb\"},\"inLanguage\":\"fr-FR\",\"potentialAction\":[{\"@type\":\"ReadAction\",\"target\":[\"https:\\\/\\\/mylovelyrods.com\\\/index.php\\\/panier\\\/\"]}]},{\"@type\":\"BreadcrumbList\",\"@id\":\"https:\\\/\\\/mylovelyrods.com\\\/index.php\\\/panier\\\/#breadcrumb\",\"itemListElement\":[{\"@type\":\"ListItem\",\"position\":1,\"name\":\"Accueil\",\"item\":\"https:\\\/\\\/mylovelyrods.com\\\/\"},{\"@type\":\"ListItem\",\"position\":2,\"name\":\"Votre panier\"}]},{\"@type\":\"WebSite\",\"@id\":\"https:\\\/\\\/mylovelyrods.com\\\/#website\",\"url\":\"https:\\\/\\\/mylovelyrods.com\\\/\",\"name\":\"Mylovelyrods\",\"description\":\"Facteur de canne, restaurations, customisations, rodbuilding, mouches, nymphes et petit mat\u00e9riel...\",\"publisher\":{\"@id\":\"https:\\\/\\\/mylovelyrods.com\\\/#organization\"},\"potentialAction\":[{\"@type\":\"SearchAction\",\"target\":{\"@type\":\"EntryPoint\",\"urlTemplate\":\"https:\\\/\\\/mylovelyrods.com\\\/?s={search_term_string}\"},\"query-input\":{\"@type\":\"PropertyValueSpecification\",\"valueRequired\":true,\"valueName\":\"search_term_string\"}}],\"inLanguage\":\"fr-FR\"},{\"@type\":\"Organization\",\"@id\":\"https:\\\/\\\/mylovelyrods.com\\\/#organization\",\"name\":\"Mylovelyrods\",\"url\":\"https:\\\/\\\/mylovelyrods.com\\\/\",\"logo\":{\"@type\":\"ImageObject\",\"inLanguage\":\"fr-FR\",\"@id\":\"https:\\\/\\\/mylovelyrods.com\\\/#\\\/schema\\\/logo\\\/image\\\/\",\"url\":\"https:\\\/\\\/mylovelyrods.com\\\/wp-content\\\/uploads\\\/2021\\\/01\\\/0001-scaled-e1611186770281.jpg\",\"contentUrl\":\"https:\\\/\\\/mylovelyrods.com\\\/wp-content\\\/uploads\\\/2021\\\/01\\\/0001-scaled-e1611186770281.jpg\",\"width\":2560,\"height\":716,\"caption\":\"Mylovelyrods\"},\"image\":{\"@id\":\"https:\\\/\\\/mylovelyrods.com\\\/#\\\/schema\\\/logo\\\/image\\\/\"},\"sameAs\":[\"https:\\\/\\\/m.facebook.com\\\/people\\\/Mylovelyrods\\\/100062956103344\\\/?locale=fr_FR\",\"https:\\\/\\\/www.instagram.com\\\/mylovelyrods\\\/?hl=fr\"]}]}<\/script>\n<!-- \/ Yoast SEO plugin. -->","yoast_head_json":{"title":"Votre panier - Rodbuilding - P\u00eache \u00e0 la mouche - Mylovelyrods","description":"Retrouvez votre panier sur Mylovelyrods.com sp\u00e9cialiste et passionn\u00e9 pour le Rodbuilding et la P\u00eache \u00e0 la mouche.","robots":{"index":"index","follow":"follow","max-snippet":"max-snippet:-1","max-image-preview":"max-image-preview:large","max-video-preview":"max-video-preview:-1"},"canonical":"https:\/\/mylovelyrods.com\/index.php\/panier\/","og_locale":"fr_FR","og_type":"article","og_title":"Votre panier - Rodbuilding - P\u00eache \u00e0 la mouche - Mylovelyrods","og_description":"Retrouvez votre panier sur Mylovelyrods.com sp\u00e9cialiste et passionn\u00e9 pour le Rodbuilding et la P\u00eache \u00e0 la mouche.","og_url":"https:\/\/mylovelyrods.com\/index.php\/panier\/","og_site_name":"Mylovelyrods","article_publisher":"https:\/\/m.facebook.com\/people\/Mylovelyrods\/100062956103344\/?locale=fr_FR","article_modified_time":"2024-06-16T19:18:57+00:00","twitter_card":"summary_large_image","twitter_misc":{"Dur\u00e9e de lecture estim\u00e9e":"1 minute"},"schema":{"@context":"https:\/\/schema.org","@graph":[{"@type":"WebPage","@id":"https:\/\/mylovelyrods.com\/index.php\/panier\/","url":"https:\/\/mylovelyrods.com\/index.php\/panier\/","name":"Votre panier - Rodbuilding - P\u00eache \u00e0 la mouche - Mylovelyrods","isPartOf":{"@id":"https:\/\/mylovelyrods.com\/#website"},"datePublished":"2021-01-20T15:03:43+00:00","dateModified":"2024-06-16T19:18:57+00:00","description":"Retrouvez votre panier sur Mylovelyrods.com sp\u00e9cialiste et passionn\u00e9 pour le Rodbuilding et la P\u00eache \u00e0 la mouche.","breadcrumb":{"@id":"https:\/\/mylovelyrods.com\/index.php\/panier\/#breadcrumb"},"inLanguage":"fr-FR","potentialAction":[{"@type":"ReadAction","target":["https:\/\/mylovelyrods.com\/index.php\/panier\/"]}]},{"@type":"BreadcrumbList","@id":"https:\/\/mylovelyrods.com\/index.php\/panier\/#breadcrumb","itemListElement":[{"@type":"ListItem","position":1,"name":"Accueil","item":"https:\/\/mylovelyrods.com\/"},{"@type":"ListItem","position":2,"name":"Votre panier"}]},{"@type":"WebSite","@id":"https:\/\/mylovelyrods.com\/#website","url":"https:\/\/mylovelyrods.com\/","name":"Mylovelyrods","description":"Facteur de canne, restaurations, customisations, rodbuilding, mouches, nymphes et petit mat\u00e9riel...","publisher":{"@id":"https:\/\/mylovelyrods.com\/#organization"},"potentialAction":[{"@type":"SearchAction","target":{"@type":"EntryPoint","urlTemplate":"https:\/\/mylovelyrods.com\/?s={search_term_string}"},"query-input":{"@type":"PropertyValueSpecification","valueRequired":true,"valueName":"search_term_string"}}],"inLanguage":"fr-FR"},{"@type":"Organization","@id":"https:\/\/mylovelyrods.com\/#organization","name":"Mylovelyrods","url":"https:\/\/mylovelyrods.com\/","logo":{"@type":"ImageObject","inLanguage":"fr-FR","@id":"https:\/\/mylovelyrods.com\/#\/schema\/logo\/image\/","url":"https:\/\/mylovelyrods.com\/wp-content\/uploads\/2021\/01\/0001-scaled-e1611186770281.jpg","contentUrl":"https:\/\/mylovelyrods.com\/wp-content\/uploads\/2021\/01\/0001-scaled-e1611186770281.jpg","width":2560,"height":716,"caption":"Mylovelyrods"},"image":{"@id":"https:\/\/mylovelyrods.com\/#\/schema\/logo\/image\/"},"sameAs":["https:\/\/m.facebook.com\/people\/Mylovelyrods\/100062956103344\/?locale=fr_FR","https:\/\/www.instagram.com\/mylovelyrods\/?hl=fr"]}]}},"jetpack_sharing_enabled":true,"_links":{"self":[{"href":"https:\/\/mylovelyrods.com\/index.php\/wp-json\/wp\/v2\/pages\/134","targetHints":{"allow":["GET"]}}],"collection":[{"href":"https:\/\/mylovelyrods.com\/index.php\/wp-json\/wp\/v2\/pages"}],"about":[{"href":"https:\/\/mylovelyrods.com\/index.php\/wp-json\/wp\/v2\/types\/page"}],"author":[{"embeddable":true,"href":"https:\/\/mylovelyrods.com\/index.php\/wp-json\/wp\/v2\/users\/1"}],"replies":[{"embeddable":true,"href":"https:\/\/mylovelyrods.com\/index.php\/wp-json\/wp\/v2\/comments?post=134"}],"version-history":[{"count":11,"href":"https:\/\/mylovelyrods.com\/index.php\/wp-json\/wp\/v2\/pages\/134\/revisions"}],"predecessor-version":[{"id":3420,"href":"https:\/\/mylovelyrods.com\/index.php\/wp-json\/wp\/v2\/pages\/134\/revisions\/3420"}],"wp:attachment":[{"href":"https:\/\/mylovelyrods.com\/index.php\/wp-json\/wp\/v2\/media?parent=134"}],"curies":[{"name":"wp","href":"https:\/\/api.w.org\/{rel}","templated":true}]}}