{"id":98,"date":"2021-01-20T15:01:10","date_gmt":"2021-01-20T14:01:10","guid":{"rendered":"http:\/\/mylovelyrods.com\/?page_id=98"},"modified":"2021-08-03T20:20:07","modified_gmt":"2021-08-03T18:20:07","slug":"qui-suis-je-pecheur-a-la-mouche","status":"publish","type":"page","link":"https:\/\/mylovelyrods.com\/index.php\/qui-suis-je-pecheur-a-la-mouche\/","title":{"rendered":"Qui suis je?"},"content":{"rendered":"\n<div class=\"wp-block-image\"><figure class=\"alignleft size-large is-resized\"><img data-recalc-dims=\"1\" loading=\"lazy\" decoding=\"async\" src=\"https:\/\/i0.wp.com\/mylovelyrods.com\/wp-content\/uploads\/2021\/01\/20210115_221202-1024x916.jpg?resize=188%2C168\" alt=\"P\u00eacheur \u00e0 la mouche\" class=\"wp-image-118\" width=\"188\" height=\"168\" srcset=\"https:\/\/i0.wp.com\/mylovelyrods.com\/wp-content\/uploads\/2021\/01\/20210115_221202.jpg?resize=1024%2C916&amp;ssl=1 1024w, https:\/\/i0.wp.com\/mylovelyrods.com\/wp-content\/uploads\/2021\/01\/20210115_221202.jpg?resize=300%2C268&amp;ssl=1 300w, https:\/\/i0.wp.com\/mylovelyrods.com\/wp-content\/uploads\/2021\/01\/20210115_221202.jpg?resize=768%2C687&amp;ssl=1 768w, https:\/\/i0.wp.com\/mylovelyrods.com\/wp-content\/uploads\/2021\/01\/20210115_221202.jpg?resize=600%2C537&amp;ssl=1 600w, https:\/\/i0.wp.com\/mylovelyrods.com\/wp-content\/uploads\/2021\/01\/20210115_221202.jpg?w=1511&amp;ssl=1 1511w\" sizes=\"auto, (max-width: 188px) 100vw, 188px\" \/><\/figure><\/div>\n\n\n\n<p>          Passionn\u00e9 de p\u00eache \u00e0 la mouche depuis plus de 20 ans, je m&rsquo;y suis noy\u00e9 assez jeune et comme beaucoup d&rsquo;entre nous c&rsquo;est mon papa qui m&rsquo;y a initi\u00e9.\u00a0Les d\u00e9buts furent laborieux, je ne savais m\u00eame pas que lorsqu&rsquo;un poisson prenait ma mouche il fallait que je ferre! Bref je n&rsquo;\u00e9tais pas encore un p\u00eacheur \u00e0 la mouche \ud83d\ude09<\/p>\n\n\n\n<p>          Aujourd&rsquo;hui les choses ont bien chang\u00e9! L&rsquo;\u00e9l\u00e8ve a d\u00e9pass\u00e9 le ma\u00eetre et j&rsquo;en ai fait mon m\u00e9tier. Je p\u00eache absolument tout \u00e0 la mouche, la truite, l&rsquo;ombre, le brochet, la carpe, le bar, bref tous les poissons que je peux rencontrer sur mon chemin!<br>Je suis depuis plusieurs ann\u00e9es conseiller vendeur en magasin et je monte des mouches et des cannes. <br>Pour moi la p\u00eache \u00e0 la mouche est une philosophie, un plaisir, un d\u00e9fi mais parfois aussi une remise en question!<\/p>\n\n\n\n<p>          Les cannes que je propose me plaisent et sont donc de qualit\u00e9 d&rsquo;o\u00f9 le nom \u00ab\u00a0Mylovelyrods\u00a0\u00bb (\u00ab\u00a0Mes cannes ador\u00e9es\u00a0\u00bb). <\/p>\n\n\n\n<p>La p\u00eache \u00e0 la mouche est un hobby et non une comp\u00e9tition! Il est possible de faire une canne sobre de qualit\u00e9, qui influencera positivement votre performance (m\u00eame si la performance d\u00e9pend beaucoup plus du p\u00eacheur \ud83d\ude09 ). Il est \u00e9galement possible de se faire faire une canne personnalis\u00e9e! Car oui pour moi la p\u00eache \u00e0 la mouche est un plaisir! Alors n&rsquo;h\u00e9sitez pas \u00e0 me contacter pour une canne qui vous ressemble, il y a beaucoup de possibilit\u00e9s!\u00a0 Le but sera simplement de VOUS FAIRE PLAISIR!\u00a0<\/p>\n\n\n\n<p>          Mes cannes sont mont\u00e9es avec des mat\u00e9riaux de qualit\u00e9. Du li\u00e8ge en passant par le porte moulinet, et les anneaux. La qualit\u00e9 est une priorit\u00e9 afin que vos enfants puissent \u00e9galement jouir de votre future canne!<\/p>\n\n\n\n<p>          Et comme souvent les cannes a p\u00eache sont une histoire de famille, je fais \u00e9galement des restaurations. Pour vos cannes de c\u0153ur, qui ont du v\u00e9cu et qui ont surv\u00e9cu, mais qui sont fatigu\u00e9es. Cela peut \u00eatre une canne de lancer, une canne a mouche ou d&rsquo;autres types de cannes! N&rsquo;h\u00e9sitez pas \u00e0 me contacter pour un devis.<\/p>\n\n\n\n<p>          Il m&rsquo;est possible \u00e9galement de vous vendre du mat\u00e9riel pour faire vos propres cannes. Une poign\u00e9e d\u00e9cor\u00e9e, des anneaux, des inserts, des portes moulinet, m\u00eame des blanks dans la limite des stocks disponibles bien s\u00fbr.<br>          Alors je vous dis a tr\u00e8s vite, que ce soit ici ou au bord de l&rsquo;eau!<\/p>\n\n\n\n<p>Bastien<\/p>\n\n\n\n<p><\/p>\n\n\n\n<p>Vous pouvez me suivre sur les r\u00e9seaux sociaux <a href=\"https:\/\/www.facebook.com\/pages\/category\/Sports\/Mylovelyrods-101775187859974\/\">ici<\/a> et <a href=\"https:\/\/www.instagram.com\/mylovelyrods\/?hl=fr\">l\u00e0<\/a> \ud83d\ude42<\/p>\n\n\n\n<div class=\"wp-block-buttons is-layout-flex wp-block-buttons-is-layout-flex\">\n<div class=\"wp-block-button\"><a class=\"wp-block-button__link\" href=\"https:\/\/mylovelyrods.com\/\" rel=\"\">retour<\/a><\/div>\n<\/div>\n\n\n\n<p><\/p>\n","protected":false},"excerpt":{"rendered":"<p>Passionn\u00e9 de p\u00eache \u00e0 la mouche depuis plus de 20 ans, je m&rsquo;y suis noy\u00e9 assez jeune et comme beaucoup d&rsquo;entre nous c&rsquo;est mon papa qui m&rsquo;y a initi\u00e9.\u00a0Les d\u00e9buts furent laborieux, je ne savais m\u00eame pas que lorsqu&rsquo;un poisson prenait ma mouche il fallait que je ferre! Bref je n&rsquo;\u00e9tais pas encore un p\u00eacheur<a class=\"more-link\" href=\"https:\/\/mylovelyrods.com\/index.php\/qui-suis-je-pecheur-a-la-mouche\/\">Read more  &#10230;<\/a><\/p>\n","protected":false},"author":1,"featured_media":0,"parent":0,"menu_order":0,"comment_status":"closed","ping_status":"closed","template":"","meta":{"jetpack_post_was_ever_published":false,"_glsr_average":0,"_glsr_ranking":0,"_glsr_reviews":0,"footnotes":""},"class_list":["post-98","page","type-page","status-publish","hentry"],"yoast_head":"<!-- This site is optimized with the Yoast SEO plugin v27.4 - https:\/\/yoast.com\/product\/yoast-seo-wordpress\/ -->\n<title>Qui suis je? un p\u00eacheur \u00e0 la mouche - Mylovelyrods<\/title>\n<meta name=\"description\" content=\"P\u00eacheur \u00e0 la mouche depuis plus de 20 ans, je m&#039;y suis noy\u00e9 assez jeune et comme beaucoup d&#039;entre nous c&#039;est mon papa qui m&#039;y a initi\u00e9!\" \/>\n<meta name=\"robots\" content=\"index, follow, max-snippet:-1, max-image-preview:large, max-video-preview:-1\" \/>\n<link rel=\"canonical\" href=\"https:\/\/mylovelyrods.com\/index.php\/qui-suis-je-pecheur-a-la-mouche\/\" \/>\n<meta property=\"og:locale\" content=\"fr_FR\" \/>\n<meta property=\"og:type\" content=\"article\" \/>\n<meta property=\"og:title\" content=\"Qui suis je? un p\u00eacheur \u00e0 la mouche - Mylovelyrods\" \/>\n<meta property=\"og:description\" content=\"P\u00eacheur \u00e0 la mouche depuis plus de 20 ans, je m&#039;y suis noy\u00e9 assez jeune et comme beaucoup d&#039;entre nous c&#039;est mon papa qui m&#039;y a initi\u00e9!\" \/>\n<meta property=\"og:url\" content=\"https:\/\/mylovelyrods.com\/index.php\/qui-suis-je-pecheur-a-la-mouche\/\" \/>\n<meta property=\"og:site_name\" content=\"Mylovelyrods\" \/>\n<meta property=\"article:publisher\" content=\"https:\/\/m.facebook.com\/people\/Mylovelyrods\/100062956103344\/?locale=fr_FR\" \/>\n<meta property=\"article:modified_time\" content=\"2021-08-03T18:20:07+00:00\" \/>\n<meta property=\"og:image\" content=\"http:\/\/mylovelyrods.com\/wp-content\/uploads\/2021\/01\/20210115_221202-1024x916.jpg\" \/>\n<meta name=\"twitter:card\" content=\"summary_large_image\" \/>\n<meta name=\"twitter:label1\" content=\"Dur\u00e9e de lecture estim\u00e9e\" \/>\n\t<meta name=\"twitter:data1\" content=\"2 minutes\" \/>\n<script type=\"application\/ld+json\" class=\"yoast-schema-graph\">{\"@context\":\"https:\\\/\\\/schema.org\",\"@graph\":[{\"@type\":\"WebPage\",\"@id\":\"https:\\\/\\\/mylovelyrods.com\\\/index.php\\\/qui-suis-je-pecheur-a-la-mouche\\\/\",\"url\":\"https:\\\/\\\/mylovelyrods.com\\\/index.php\\\/qui-suis-je-pecheur-a-la-mouche\\\/\",\"name\":\"Qui suis je? un p\u00eacheur \u00e0 la mouche - Mylovelyrods\",\"isPartOf\":{\"@id\":\"https:\\\/\\\/mylovelyrods.com\\\/#website\"},\"primaryImageOfPage\":{\"@id\":\"https:\\\/\\\/mylovelyrods.com\\\/index.php\\\/qui-suis-je-pecheur-a-la-mouche\\\/#primaryimage\"},\"image\":{\"@id\":\"https:\\\/\\\/mylovelyrods.com\\\/index.php\\\/qui-suis-je-pecheur-a-la-mouche\\\/#primaryimage\"},\"thumbnailUrl\":\"http:\\\/\\\/mylovelyrods.com\\\/wp-content\\\/uploads\\\/2021\\\/01\\\/20210115_221202-1024x916.jpg\",\"datePublished\":\"2021-01-20T14:01:10+00:00\",\"dateModified\":\"2021-08-03T18:20:07+00:00\",\"description\":\"P\u00eacheur \u00e0 la mouche depuis plus de 20 ans, je m'y suis noy\u00e9 assez jeune et comme beaucoup d'entre nous c'est mon papa qui m'y a initi\u00e9!\",\"breadcrumb\":{\"@id\":\"https:\\\/\\\/mylovelyrods.com\\\/index.php\\\/qui-suis-je-pecheur-a-la-mouche\\\/#breadcrumb\"},\"inLanguage\":\"fr-FR\",\"potentialAction\":[{\"@type\":\"ReadAction\",\"target\":[\"https:\\\/\\\/mylovelyrods.com\\\/index.php\\\/qui-suis-je-pecheur-a-la-mouche\\\/\"]}]},{\"@type\":\"ImageObject\",\"inLanguage\":\"fr-FR\",\"@id\":\"https:\\\/\\\/mylovelyrods.com\\\/index.php\\\/qui-suis-je-pecheur-a-la-mouche\\\/#primaryimage\",\"url\":\"https:\\\/\\\/i0.wp.com\\\/mylovelyrods.com\\\/wp-content\\\/uploads\\\/2021\\\/01\\\/20210115_221202.jpg?fit=1511%2C1352&ssl=1\",\"contentUrl\":\"https:\\\/\\\/i0.wp.com\\\/mylovelyrods.com\\\/wp-content\\\/uploads\\\/2021\\\/01\\\/20210115_221202.jpg?fit=1511%2C1352&ssl=1\",\"width\":1511,\"height\":1352},{\"@type\":\"BreadcrumbList\",\"@id\":\"https:\\\/\\\/mylovelyrods.com\\\/index.php\\\/qui-suis-je-pecheur-a-la-mouche\\\/#breadcrumb\",\"itemListElement\":[{\"@type\":\"ListItem\",\"position\":1,\"name\":\"Accueil\",\"item\":\"https:\\\/\\\/mylovelyrods.com\\\/\"},{\"@type\":\"ListItem\",\"position\":2,\"name\":\"Qui suis je?\"}]},{\"@type\":\"WebSite\",\"@id\":\"https:\\\/\\\/mylovelyrods.com\\\/#website\",\"url\":\"https:\\\/\\\/mylovelyrods.com\\\/\",\"name\":\"Mylovelyrods\",\"description\":\"Facteur de canne, restaurations, customisations, rodbuilding, mouches, nymphes et petit mat\u00e9riel...\",\"publisher\":{\"@id\":\"https:\\\/\\\/mylovelyrods.com\\\/#organization\"},\"potentialAction\":[{\"@type\":\"SearchAction\",\"target\":{\"@type\":\"EntryPoint\",\"urlTemplate\":\"https:\\\/\\\/mylovelyrods.com\\\/?s={search_term_string}\"},\"query-input\":{\"@type\":\"PropertyValueSpecification\",\"valueRequired\":true,\"valueName\":\"search_term_string\"}}],\"inLanguage\":\"fr-FR\"},{\"@type\":\"Organization\",\"@id\":\"https:\\\/\\\/mylovelyrods.com\\\/#organization\",\"name\":\"Mylovelyrods\",\"url\":\"https:\\\/\\\/mylovelyrods.com\\\/\",\"logo\":{\"@type\":\"ImageObject\",\"inLanguage\":\"fr-FR\",\"@id\":\"https:\\\/\\\/mylovelyrods.com\\\/#\\\/schema\\\/logo\\\/image\\\/\",\"url\":\"https:\\\/\\\/mylovelyrods.com\\\/wp-content\\\/uploads\\\/2021\\\/01\\\/0001-scaled-e1611186770281.jpg\",\"contentUrl\":\"https:\\\/\\\/mylovelyrods.com\\\/wp-content\\\/uploads\\\/2021\\\/01\\\/0001-scaled-e1611186770281.jpg\",\"width\":2560,\"height\":716,\"caption\":\"Mylovelyrods\"},\"image\":{\"@id\":\"https:\\\/\\\/mylovelyrods.com\\\/#\\\/schema\\\/logo\\\/image\\\/\"},\"sameAs\":[\"https:\\\/\\\/m.facebook.com\\\/people\\\/Mylovelyrods\\\/100062956103344\\\/?locale=fr_FR\",\"https:\\\/\\\/www.instagram.com\\\/mylovelyrods\\\/?hl=fr\"]}]}<\/script>\n<!-- \/ Yoast SEO plugin. -->","yoast_head_json":{"title":"Qui suis je? un p\u00eacheur \u00e0 la mouche - Mylovelyrods","description":"P\u00eacheur \u00e0 la mouche depuis plus de 20 ans, je m'y suis noy\u00e9 assez jeune et comme beaucoup d'entre nous c'est mon papa qui m'y a initi\u00e9!","robots":{"index":"index","follow":"follow","max-snippet":"max-snippet:-1","max-image-preview":"max-image-preview:large","max-video-preview":"max-video-preview:-1"},"canonical":"https:\/\/mylovelyrods.com\/index.php\/qui-suis-je-pecheur-a-la-mouche\/","og_locale":"fr_FR","og_type":"article","og_title":"Qui suis je? un p\u00eacheur \u00e0 la mouche - Mylovelyrods","og_description":"P\u00eacheur \u00e0 la mouche depuis plus de 20 ans, je m'y suis noy\u00e9 assez jeune et comme beaucoup d'entre nous c'est mon papa qui m'y a initi\u00e9!","og_url":"https:\/\/mylovelyrods.com\/index.php\/qui-suis-je-pecheur-a-la-mouche\/","og_site_name":"Mylovelyrods","article_publisher":"https:\/\/m.facebook.com\/people\/Mylovelyrods\/100062956103344\/?locale=fr_FR","article_modified_time":"2021-08-03T18:20:07+00:00","og_image":[{"url":"http:\/\/mylovelyrods.com\/wp-content\/uploads\/2021\/01\/20210115_221202-1024x916.jpg","type":"","width":"","height":""}],"twitter_card":"summary_large_image","twitter_misc":{"Dur\u00e9e de lecture estim\u00e9e":"2 minutes"},"schema":{"@context":"https:\/\/schema.org","@graph":[{"@type":"WebPage","@id":"https:\/\/mylovelyrods.com\/index.php\/qui-suis-je-pecheur-a-la-mouche\/","url":"https:\/\/mylovelyrods.com\/index.php\/qui-suis-je-pecheur-a-la-mouche\/","name":"Qui suis je? un p\u00eacheur \u00e0 la mouche - Mylovelyrods","isPartOf":{"@id":"https:\/\/mylovelyrods.com\/#website"},"primaryImageOfPage":{"@id":"https:\/\/mylovelyrods.com\/index.php\/qui-suis-je-pecheur-a-la-mouche\/#primaryimage"},"image":{"@id":"https:\/\/mylovelyrods.com\/index.php\/qui-suis-je-pecheur-a-la-mouche\/#primaryimage"},"thumbnailUrl":"http:\/\/mylovelyrods.com\/wp-content\/uploads\/2021\/01\/20210115_221202-1024x916.jpg","datePublished":"2021-01-20T14:01:10+00:00","dateModified":"2021-08-03T18:20:07+00:00","description":"P\u00eacheur \u00e0 la mouche depuis plus de 20 ans, je m'y suis noy\u00e9 assez jeune et comme beaucoup d'entre nous c'est mon papa qui m'y a initi\u00e9!","breadcrumb":{"@id":"https:\/\/mylovelyrods.com\/index.php\/qui-suis-je-pecheur-a-la-mouche\/#breadcrumb"},"inLanguage":"fr-FR","potentialAction":[{"@type":"ReadAction","target":["https:\/\/mylovelyrods.com\/index.php\/qui-suis-je-pecheur-a-la-mouche\/"]}]},{"@type":"ImageObject","inLanguage":"fr-FR","@id":"https:\/\/mylovelyrods.com\/index.php\/qui-suis-je-pecheur-a-la-mouche\/#primaryimage","url":"https:\/\/i0.wp.com\/mylovelyrods.com\/wp-content\/uploads\/2021\/01\/20210115_221202.jpg?fit=1511%2C1352&ssl=1","contentUrl":"https:\/\/i0.wp.com\/mylovelyrods.com\/wp-content\/uploads\/2021\/01\/20210115_221202.jpg?fit=1511%2C1352&ssl=1","width":1511,"height":1352},{"@type":"BreadcrumbList","@id":"https:\/\/mylovelyrods.com\/index.php\/qui-suis-je-pecheur-a-la-mouche\/#breadcrumb","itemListElement":[{"@type":"ListItem","position":1,"name":"Accueil","item":"https:\/\/mylovelyrods.com\/"},{"@type":"ListItem","position":2,"name":"Qui suis je?"}]},{"@type":"WebSite","@id":"https:\/\/mylovelyrods.com\/#website","url":"https:\/\/mylovelyrods.com\/","name":"Mylovelyrods","description":"Facteur de canne, restaurations, customisations, rodbuilding, mouches, nymphes et petit mat\u00e9riel...","publisher":{"@id":"https:\/\/mylovelyrods.com\/#organization"},"potentialAction":[{"@type":"SearchAction","target":{"@type":"EntryPoint","urlTemplate":"https:\/\/mylovelyrods.com\/?s={search_term_string}"},"query-input":{"@type":"PropertyValueSpecification","valueRequired":true,"valueName":"search_term_string"}}],"inLanguage":"fr-FR"},{"@type":"Organization","@id":"https:\/\/mylovelyrods.com\/#organization","name":"Mylovelyrods","url":"https:\/\/mylovelyrods.com\/","logo":{"@type":"ImageObject","inLanguage":"fr-FR","@id":"https:\/\/mylovelyrods.com\/#\/schema\/logo\/image\/","url":"https:\/\/mylovelyrods.com\/wp-content\/uploads\/2021\/01\/0001-scaled-e1611186770281.jpg","contentUrl":"https:\/\/mylovelyrods.com\/wp-content\/uploads\/2021\/01\/0001-scaled-e1611186770281.jpg","width":2560,"height":716,"caption":"Mylovelyrods"},"image":{"@id":"https:\/\/mylovelyrods.com\/#\/schema\/logo\/image\/"},"sameAs":["https:\/\/m.facebook.com\/people\/Mylovelyrods\/100062956103344\/?locale=fr_FR","https:\/\/www.instagram.com\/mylovelyrods\/?hl=fr"]}]}},"jetpack_sharing_enabled":true,"_links":{"self":[{"href":"https:\/\/mylovelyrods.com\/index.php\/wp-json\/wp\/v2\/pages\/98","targetHints":{"allow":["GET"]}}],"collection":[{"href":"https:\/\/mylovelyrods.com\/index.php\/wp-json\/wp\/v2\/pages"}],"about":[{"href":"https:\/\/mylovelyrods.com\/index.php\/wp-json\/wp\/v2\/types\/page"}],"author":[{"embeddable":true,"href":"https:\/\/mylovelyrods.com\/index.php\/wp-json\/wp\/v2\/users\/1"}],"replies":[{"embeddable":true,"href":"https:\/\/mylovelyrods.com\/index.php\/wp-json\/wp\/v2\/comments?post=98"}],"version-history":[{"count":12,"href":"https:\/\/mylovelyrods.com\/index.php\/wp-json\/wp\/v2\/pages\/98\/revisions"}],"predecessor-version":[{"id":1239,"href":"https:\/\/mylovelyrods.com\/index.php\/wp-json\/wp\/v2\/pages\/98\/revisions\/1239"}],"wp:attachment":[{"href":"https:\/\/mylovelyrods.com\/index.php\/wp-json\/wp\/v2\/media?parent=98"}],"curies":[{"name":"wp","href":"https:\/\/api.w.org\/{rel}","templated":true}]}}