{"id":1003,"date":"2021-05-26T17:15:05","date_gmt":"2021-05-26T15:15:05","guid":{"rendered":"https:\/\/mylovelyrods.com\/?post_type=product&#038;p=1003"},"modified":"2026-02-07T12:13:29","modified_gmt":"2026-02-07T11:13:29","slug":"porte-bobine","status":"publish","type":"product","link":"https:\/\/mylovelyrods.com\/index.php\/produit\/porte-bobine\/","title":{"rendered":"Porte bobine"},"content":{"rendered":"<p>Le porte bobine est un outil indispensable du p\u00eacheur, de quoi porter les petites bobines pour les bas de ligne, directement disponible sur le gilet. Il est muni d&rsquo;un mousqueton, pour y attacher un outil, et d&rsquo;un anneau bris\u00e9 pour le fixer \u00e0 un bouton service sur le gilet. Outil tr\u00e8s pratique!<\/p>\n<p>Il est muni d&rsquo;un mousqueton, pour y attacher un outil comme un bouton service porte outil r\u00e9tractable que vous trouverez <a href=\"https:\/\/mylovelyrods.com\/index.php\/produit\/bouton-service\/\">ici<\/a> par exemple. Il muni d&rsquo;un anneau bris\u00e9 pour le fixer \u00e0 un autre bouton service et directement sur le gilet. Outil tr\u00e8s pratique, plut\u00f4t que de chercher au milieu des bobines en vracs dans le sac. Les bobines seront \u00e0 port\u00e9e de main et \u00e0 port\u00e9e de <a href=\"https:\/\/mylovelyrods.com\/index.php\/produit\/coupe-fil\/\">coupe fil<\/a>!! Mais pas \u00e0 port\u00e9e de pied&#8230; Beaucoup de comp\u00e9titeurs et de guides de p\u00eache utilisent cet outil. Ceux qui p\u00eachent le plus savent combien cet outil est pratique et indispensable. Et ceux qui p\u00eachent dans les arbres, et qui doivent refaire leur bas de ligne r\u00e9guli\u00e8rement vous le confirmeront! Personnellement j&rsquo;en ai un sur chaque gilet de p\u00eache!<\/p>\n<p>Porte bobine. Longueur du produit 15,5 cm<\/p>\n<p>Si vous souhaitez me suivre sur les r\u00e9seaux sociaux c&rsquo;est par <a href=\"https:\/\/www.facebook.com\/pages\/category\/Sports\/Mylovelyrods-101775187859974\/\">ici<\/a>, et <a href=\"https:\/\/www.instagram.com\/mylovelyrods\/?hl=fr\">l\u00e0<\/a> \ud83d\ude09<\/p>\n","protected":false},"excerpt":{"rendered":"<p>Outil indispensable du p\u00eacheur, de quoi porter les petites bobines pour les bas de ligne, directement disponible sur le gilet.<\/p>\n<p>Il est muni d&rsquo;un mousqueton, pour y attacher un outil comme un bouton service porte outil r\u00e9tractable que vous trouverez <a href=\"https:\/\/mylovelyrods.com\/index.php\/produit\/bouton-service\/\">ici<\/a> par exemple, et d&rsquo;un anneau bris\u00e9 pour le fixer \u00e0 un autre bouton service directement sur le gilet. Outil tr\u00e8s pratique, plut\u00f4t que de chercher au milieu des bobines en vracs dans le sac, l\u00e0 elles seront \u00e0 port\u00e9e de main et \u00e0 port\u00e9e de <a href=\"https:\/\/mylovelyrods.com\/index.php\/produit\/coupe-fil\/\">coupe fil<\/a>!!<\/p>\n","protected":false},"featured_media":1004,"template":"","meta":{"jetpack_post_was_ever_published":false,"_glsr_average":0,"_glsr_ranking":0,"_glsr_reviews":0},"product_brand":[],"product_cat":[49,47],"product_tag":[],"class_list":{"0":"post-1003","1":"product","2":"type-product","3":"status-publish","4":"has-post-thumbnail","6":"product_cat-accessoires","7":"product_cat-accessoires-et-moulinets","9":"first","10":"instock","11":"shipping-taxable","12":"purchasable","13":"product-type-simple"},"yoast_head":"<!-- This site is optimized with the Yoast SEO plugin v27.4 - https:\/\/yoast.com\/product\/yoast-seo-wordpress\/ -->\n<title>Porte bobine accessoire p\u00eache \u00e0 la mouche - Mylovelyrods<\/title>\n<meta name=\"description\" content=\"Porte bobine tr\u00e8s pratique, pour que vos bobines de fils soient directement \u00e0 port\u00e9 de mains, pour refaire vos bas de ligne rapidement\" \/>\n<meta name=\"robots\" content=\"index, follow, max-snippet:-1, max-image-preview:large, max-video-preview:-1\" \/>\n<link rel=\"canonical\" href=\"https:\/\/mylovelyrods.com\/index.php\/produit\/porte-bobine\/\" \/>\n<meta property=\"og:locale\" content=\"fr_FR\" \/>\n<meta property=\"og:type\" content=\"article\" \/>\n<meta property=\"og:title\" content=\"Porte bobine accessoire p\u00eache \u00e0 la mouche - Mylovelyrods\" \/>\n<meta property=\"og:description\" content=\"Porte bobine tr\u00e8s pratique, pour que vos bobines de fils soient directement \u00e0 port\u00e9 de mains, pour refaire vos bas de ligne rapidement\" \/>\n<meta property=\"og:url\" content=\"https:\/\/mylovelyrods.com\/index.php\/produit\/porte-bobine\/\" \/>\n<meta property=\"og:site_name\" content=\"Mylovelyrods\" \/>\n<meta property=\"article:publisher\" content=\"https:\/\/m.facebook.com\/people\/Mylovelyrods\/100062956103344\/?locale=fr_FR\" \/>\n<meta property=\"article:modified_time\" content=\"2026-02-07T11:13:29+00:00\" \/>\n<meta property=\"og:image\" content=\"https:\/\/mylovelyrods.com\/wp-content\/uploads\/2021\/05\/20210520_093135.jpg\" \/>\n\t<meta property=\"og:image:width\" content=\"1898\" \/>\n\t<meta property=\"og:image:height\" content=\"1424\" \/>\n\t<meta property=\"og:image:type\" content=\"image\/jpeg\" \/>\n<meta name=\"twitter:card\" content=\"summary_large_image\" \/>\n<meta name=\"twitter:label1\" content=\"Dur\u00e9e de lecture estim\u00e9e\" \/>\n\t<meta name=\"twitter:data1\" content=\"1 minute\" \/>\n<script type=\"application\/ld+json\" class=\"yoast-schema-graph\">{\"@context\":\"https:\\\/\\\/schema.org\",\"@graph\":[{\"@type\":\"WebPage\",\"@id\":\"https:\\\/\\\/mylovelyrods.com\\\/index.php\\\/produit\\\/porte-bobine\\\/\",\"url\":\"https:\\\/\\\/mylovelyrods.com\\\/index.php\\\/produit\\\/porte-bobine\\\/\",\"name\":\"Porte bobine accessoire p\u00eache \u00e0 la mouche - Mylovelyrods\",\"isPartOf\":{\"@id\":\"https:\\\/\\\/mylovelyrods.com\\\/#website\"},\"primaryImageOfPage\":{\"@id\":\"https:\\\/\\\/mylovelyrods.com\\\/index.php\\\/produit\\\/porte-bobine\\\/#primaryimage\"},\"image\":{\"@id\":\"https:\\\/\\\/mylovelyrods.com\\\/index.php\\\/produit\\\/porte-bobine\\\/#primaryimage\"},\"thumbnailUrl\":\"https:\\\/\\\/i0.wp.com\\\/mylovelyrods.com\\\/wp-content\\\/uploads\\\/2021\\\/05\\\/20210520_093135.jpg?fit=1898%2C1424&ssl=1\",\"datePublished\":\"2021-05-26T15:15:05+00:00\",\"dateModified\":\"2026-02-07T11:13:29+00:00\",\"description\":\"Porte bobine tr\u00e8s pratique, pour que vos bobines de fils soient directement \u00e0 port\u00e9 de mains, pour refaire vos bas de ligne rapidement\",\"breadcrumb\":{\"@id\":\"https:\\\/\\\/mylovelyrods.com\\\/index.php\\\/produit\\\/porte-bobine\\\/#breadcrumb\"},\"inLanguage\":\"fr-FR\",\"potentialAction\":[{\"@type\":\"ReadAction\",\"target\":[\"https:\\\/\\\/mylovelyrods.com\\\/index.php\\\/produit\\\/porte-bobine\\\/\"]}]},{\"@type\":\"ImageObject\",\"inLanguage\":\"fr-FR\",\"@id\":\"https:\\\/\\\/mylovelyrods.com\\\/index.php\\\/produit\\\/porte-bobine\\\/#primaryimage\",\"url\":\"https:\\\/\\\/i0.wp.com\\\/mylovelyrods.com\\\/wp-content\\\/uploads\\\/2021\\\/05\\\/20210520_093135.jpg?fit=1898%2C1424&ssl=1\",\"contentUrl\":\"https:\\\/\\\/i0.wp.com\\\/mylovelyrods.com\\\/wp-content\\\/uploads\\\/2021\\\/05\\\/20210520_093135.jpg?fit=1898%2C1424&ssl=1\",\"width\":1898,\"height\":1424,\"caption\":\"Porte bobine bas de ligne p\u00eache \u00e0 la mouche p\u00eache au toc\"},{\"@type\":\"BreadcrumbList\",\"@id\":\"https:\\\/\\\/mylovelyrods.com\\\/index.php\\\/produit\\\/porte-bobine\\\/#breadcrumb\",\"itemListElement\":[{\"@type\":\"ListItem\",\"position\":1,\"name\":\"Accueil\",\"item\":\"https:\\\/\\\/mylovelyrods.com\\\/\"},{\"@type\":\"ListItem\",\"position\":2,\"name\":\"Produits\",\"item\":\"https:\\\/\\\/mylovelyrods.com\\\/index.php\\\/boutique\\\/\"},{\"@type\":\"ListItem\",\"position\":3,\"name\":\"Porte bobine\"}]},{\"@type\":\"WebSite\",\"@id\":\"https:\\\/\\\/mylovelyrods.com\\\/#website\",\"url\":\"https:\\\/\\\/mylovelyrods.com\\\/\",\"name\":\"Mylovelyrods\",\"description\":\"Facteur de canne, restaurations, customisations, rodbuilding, mouches, nymphes et petit mat\u00e9riel...\",\"publisher\":{\"@id\":\"https:\\\/\\\/mylovelyrods.com\\\/#organization\"},\"potentialAction\":[{\"@type\":\"SearchAction\",\"target\":{\"@type\":\"EntryPoint\",\"urlTemplate\":\"https:\\\/\\\/mylovelyrods.com\\\/?s={search_term_string}\"},\"query-input\":{\"@type\":\"PropertyValueSpecification\",\"valueRequired\":true,\"valueName\":\"search_term_string\"}}],\"inLanguage\":\"fr-FR\"},{\"@type\":\"Organization\",\"@id\":\"https:\\\/\\\/mylovelyrods.com\\\/#organization\",\"name\":\"Mylovelyrods\",\"url\":\"https:\\\/\\\/mylovelyrods.com\\\/\",\"logo\":{\"@type\":\"ImageObject\",\"inLanguage\":\"fr-FR\",\"@id\":\"https:\\\/\\\/mylovelyrods.com\\\/#\\\/schema\\\/logo\\\/image\\\/\",\"url\":\"https:\\\/\\\/mylovelyrods.com\\\/wp-content\\\/uploads\\\/2021\\\/01\\\/0001-scaled-e1611186770281.jpg\",\"contentUrl\":\"https:\\\/\\\/mylovelyrods.com\\\/wp-content\\\/uploads\\\/2021\\\/01\\\/0001-scaled-e1611186770281.jpg\",\"width\":2560,\"height\":716,\"caption\":\"Mylovelyrods\"},\"image\":{\"@id\":\"https:\\\/\\\/mylovelyrods.com\\\/#\\\/schema\\\/logo\\\/image\\\/\"},\"sameAs\":[\"https:\\\/\\\/m.facebook.com\\\/people\\\/Mylovelyrods\\\/100062956103344\\\/?locale=fr_FR\",\"https:\\\/\\\/www.instagram.com\\\/mylovelyrods\\\/?hl=fr\"]}]}<\/script>\n<!-- \/ Yoast SEO plugin. -->","yoast_head_json":{"title":"Porte bobine accessoire p\u00eache \u00e0 la mouche - Mylovelyrods","description":"Porte bobine tr\u00e8s pratique, pour que vos bobines de fils soient directement \u00e0 port\u00e9 de mains, pour refaire vos bas de ligne rapidement","robots":{"index":"index","follow":"follow","max-snippet":"max-snippet:-1","max-image-preview":"max-image-preview:large","max-video-preview":"max-video-preview:-1"},"canonical":"https:\/\/mylovelyrods.com\/index.php\/produit\/porte-bobine\/","og_locale":"fr_FR","og_type":"article","og_title":"Porte bobine accessoire p\u00eache \u00e0 la mouche - Mylovelyrods","og_description":"Porte bobine tr\u00e8s pratique, pour que vos bobines de fils soient directement \u00e0 port\u00e9 de mains, pour refaire vos bas de ligne rapidement","og_url":"https:\/\/mylovelyrods.com\/index.php\/produit\/porte-bobine\/","og_site_name":"Mylovelyrods","article_publisher":"https:\/\/m.facebook.com\/people\/Mylovelyrods\/100062956103344\/?locale=fr_FR","article_modified_time":"2026-02-07T11:13:29+00:00","og_image":[{"width":1898,"height":1424,"url":"https:\/\/mylovelyrods.com\/wp-content\/uploads\/2021\/05\/20210520_093135.jpg","type":"image\/jpeg"}],"twitter_card":"summary_large_image","twitter_misc":{"Dur\u00e9e de lecture estim\u00e9e":"1 minute"},"schema":{"@context":"https:\/\/schema.org","@graph":[{"@type":"WebPage","@id":"https:\/\/mylovelyrods.com\/index.php\/produit\/porte-bobine\/","url":"https:\/\/mylovelyrods.com\/index.php\/produit\/porte-bobine\/","name":"Porte bobine accessoire p\u00eache \u00e0 la mouche - Mylovelyrods","isPartOf":{"@id":"https:\/\/mylovelyrods.com\/#website"},"primaryImageOfPage":{"@id":"https:\/\/mylovelyrods.com\/index.php\/produit\/porte-bobine\/#primaryimage"},"image":{"@id":"https:\/\/mylovelyrods.com\/index.php\/produit\/porte-bobine\/#primaryimage"},"thumbnailUrl":"https:\/\/i0.wp.com\/mylovelyrods.com\/wp-content\/uploads\/2021\/05\/20210520_093135.jpg?fit=1898%2C1424&ssl=1","datePublished":"2021-05-26T15:15:05+00:00","dateModified":"2026-02-07T11:13:29+00:00","description":"Porte bobine tr\u00e8s pratique, pour que vos bobines de fils soient directement \u00e0 port\u00e9 de mains, pour refaire vos bas de ligne rapidement","breadcrumb":{"@id":"https:\/\/mylovelyrods.com\/index.php\/produit\/porte-bobine\/#breadcrumb"},"inLanguage":"fr-FR","potentialAction":[{"@type":"ReadAction","target":["https:\/\/mylovelyrods.com\/index.php\/produit\/porte-bobine\/"]}]},{"@type":"ImageObject","inLanguage":"fr-FR","@id":"https:\/\/mylovelyrods.com\/index.php\/produit\/porte-bobine\/#primaryimage","url":"https:\/\/i0.wp.com\/mylovelyrods.com\/wp-content\/uploads\/2021\/05\/20210520_093135.jpg?fit=1898%2C1424&ssl=1","contentUrl":"https:\/\/i0.wp.com\/mylovelyrods.com\/wp-content\/uploads\/2021\/05\/20210520_093135.jpg?fit=1898%2C1424&ssl=1","width":1898,"height":1424,"caption":"Porte bobine bas de ligne p\u00eache \u00e0 la mouche p\u00eache au toc"},{"@type":"BreadcrumbList","@id":"https:\/\/mylovelyrods.com\/index.php\/produit\/porte-bobine\/#breadcrumb","itemListElement":[{"@type":"ListItem","position":1,"name":"Accueil","item":"https:\/\/mylovelyrods.com\/"},{"@type":"ListItem","position":2,"name":"Produits","item":"https:\/\/mylovelyrods.com\/index.php\/boutique\/"},{"@type":"ListItem","position":3,"name":"Porte bobine"}]},{"@type":"WebSite","@id":"https:\/\/mylovelyrods.com\/#website","url":"https:\/\/mylovelyrods.com\/","name":"Mylovelyrods","description":"Facteur de canne, restaurations, customisations, rodbuilding, mouches, nymphes et petit mat\u00e9riel...","publisher":{"@id":"https:\/\/mylovelyrods.com\/#organization"},"potentialAction":[{"@type":"SearchAction","target":{"@type":"EntryPoint","urlTemplate":"https:\/\/mylovelyrods.com\/?s={search_term_string}"},"query-input":{"@type":"PropertyValueSpecification","valueRequired":true,"valueName":"search_term_string"}}],"inLanguage":"fr-FR"},{"@type":"Organization","@id":"https:\/\/mylovelyrods.com\/#organization","name":"Mylovelyrods","url":"https:\/\/mylovelyrods.com\/","logo":{"@type":"ImageObject","inLanguage":"fr-FR","@id":"https:\/\/mylovelyrods.com\/#\/schema\/logo\/image\/","url":"https:\/\/mylovelyrods.com\/wp-content\/uploads\/2021\/01\/0001-scaled-e1611186770281.jpg","contentUrl":"https:\/\/mylovelyrods.com\/wp-content\/uploads\/2021\/01\/0001-scaled-e1611186770281.jpg","width":2560,"height":716,"caption":"Mylovelyrods"},"image":{"@id":"https:\/\/mylovelyrods.com\/#\/schema\/logo\/image\/"},"sameAs":["https:\/\/m.facebook.com\/people\/Mylovelyrods\/100062956103344\/?locale=fr_FR","https:\/\/www.instagram.com\/mylovelyrods\/?hl=fr"]}]}},"jetpack_sharing_enabled":true,"_links":{"self":[{"href":"https:\/\/mylovelyrods.com\/index.php\/wp-json\/wp\/v2\/product\/1003","targetHints":{"allow":["GET"]}}],"collection":[{"href":"https:\/\/mylovelyrods.com\/index.php\/wp-json\/wp\/v2\/product"}],"about":[{"href":"https:\/\/mylovelyrods.com\/index.php\/wp-json\/wp\/v2\/types\/product"}],"wp:featuredmedia":[{"embeddable":true,"href":"https:\/\/mylovelyrods.com\/index.php\/wp-json\/wp\/v2\/media\/1004"}],"wp:attachment":[{"href":"https:\/\/mylovelyrods.com\/index.php\/wp-json\/wp\/v2\/media?parent=1003"}],"wp:term":[{"taxonomy":"product_brand","embeddable":true,"href":"https:\/\/mylovelyrods.com\/index.php\/wp-json\/wp\/v2\/product_brand?post=1003"},{"taxonomy":"product_cat","embeddable":true,"href":"https:\/\/mylovelyrods.com\/index.php\/wp-json\/wp\/v2\/product_cat?post=1003"},{"taxonomy":"product_tag","embeddable":true,"href":"https:\/\/mylovelyrods.com\/index.php\/wp-json\/wp\/v2\/product_tag?post=1003"}],"curies":[{"name":"wp","href":"https:\/\/api.w.org\/{rel}","templated":true}]}}