{"id":1039,"date":"2021-05-26T18:58:31","date_gmt":"2021-05-26T16:58:31","guid":{"rendered":"https:\/\/mylovelyrods.com\/?post_type=product&#038;p=1039"},"modified":"2024-02-04T15:24:34","modified_gmt":"2024-02-04T14:24:34","slug":"bouton-service","status":"publish","type":"product","link":"https:\/\/mylovelyrods.com\/index.php\/produit\/bouton-service\/","title":{"rendered":"Bouton service Porte outils r\u00e9tractable"},"content":{"rendered":"<p>Bouton service qui est dot\u00e9 d&rsquo;un c\u00e2ble standard r\u00e9tractable. Il est de couleur noire, pour attacher tous les outils dont vous vous servez le plus. Ils seront directement accessibles \u00e0 port\u00e9e de main et s\u00e9curis\u00e9s! Mais pas \u00e0 port\u00e9e de pied \ud83d\ude09<\/p>\n<p>Sauf si vous \u00eates forgeron et que vous souhaitez y attacher une grosse masse.. La \u00e7a ne marche pa pour ce genre d&rsquo;outil tr\u00e8s lourd \ud83d\ude09<\/p>\n<p>Porte outil r\u00e9tractable, auquel vous pouvez attacher les outils que vous utilisez le plus, comme le coupe fil et la pince. Coupe fil que vous trouverez <a href=\"https:\/\/mylovelyrods.com\/index.php\/produit\/coupe-fil\/\">ICI<\/a>.<\/p>\n<p>Le cable standard mesure 66,5 cm de long une fois d\u00e9pli\u00e9.<\/p>\n<p>Sans cet outil, il suffit d&rsquo;\u00eatre au milieu de l&rsquo;eau dans un fort courant pour que le coupe fil nous glisse des doigts. Il fini au fond de l&rsquo;eau, et vous finissez la journ\u00e9e \u00e0 couper le fil avec les dents. Ce qui engendre des frais de dentiste cons\u00e9quents&#8230; Indirectement ce Bouton service Porte outils r\u00e9tractable vous fera \u00e9conomiser des frais de dentiste, il n&rsquo;est pourtant pas rembours\u00e9 par la s\u00e9curit\u00e9 sociale, allez savoir pourquoi.. \ud83d\ude09<\/p>\n<p>Vous pourrez l&rsquo;attacher \u00e0 votre gilet sans aucune difficult\u00e9.<\/p>\n<p>Si vous souhaitez me suivre sur les r\u00e9seaux sociaux, c&rsquo;est <a href=\"https:\/\/www.facebook.com\/pages\/category\/Sports\/Mylovelyrods-101775187859974\/\">ici<\/a> et <a href=\"https:\/\/www.instagram.com\/mylovelyrods\/?hl=fr\">l\u00e0<\/a> \ud83d\ude09<\/p>\n","protected":false},"excerpt":{"rendered":"<p>Bouton service avec c\u00e2ble standard r\u00e9tractable, de couleur noire pour tous vos outils directement accessibles \u00e0 port\u00e9e de main et s\u00e9curis\u00e9s! Porte outil r\u00e9tractable, auquel vous pouvez attacher les outils que vous utilisez le plus, comme le coupe fil et la pince. Coupe fil que vous trouverez <a href=\"https:\/\/mylovelyrods.com\/index.php\/produit\/coupe-fil\/\">ICI<\/a>.<\/p>\n<p>Le cable standard mesure 66,5 cm de long une fois d\u00e9pli\u00e9.<\/p>\n<p>&nbsp;<\/p>\n","protected":false},"featured_media":1040,"template":"","meta":{"jetpack_post_was_ever_published":false,"_glsr_average":0,"_glsr_ranking":0,"_glsr_reviews":0},"product_brand":[],"product_cat":[49,47],"product_tag":[],"class_list":{"0":"post-1039","1":"product","2":"type-product","3":"status-publish","4":"has-post-thumbnail","6":"product_cat-accessoires","7":"product_cat-accessoires-et-moulinets","9":"first","10":"instock","11":"shipping-taxable","12":"purchasable","13":"product-type-simple"},"yoast_head":"<!-- This site is optimized with the Yoast SEO plugin v27.4 - https:\/\/yoast.com\/product\/yoast-seo-wordpress\/ -->\n<title>Bouton service - Porte outils cable standard r\u00e9tractable - Mylovelyrods<\/title>\n<meta name=\"description\" content=\"Bouton service, Porte outil r\u00e9tractable, auquel vous pouvez attacher les outils que vous utilisez le plus, comme le coupe fil.\" \/>\n<meta name=\"robots\" content=\"index, follow, max-snippet:-1, max-image-preview:large, max-video-preview:-1\" \/>\n<link rel=\"canonical\" href=\"https:\/\/mylovelyrods.com\/index.php\/produit\/bouton-service\/\" \/>\n<meta property=\"og:locale\" content=\"fr_FR\" \/>\n<meta property=\"og:type\" content=\"article\" \/>\n<meta property=\"og:title\" content=\"Bouton service - Porte outils cable standard r\u00e9tractable - Mylovelyrods\" \/>\n<meta property=\"og:description\" content=\"Bouton service, Porte outil r\u00e9tractable, auquel vous pouvez attacher les outils que vous utilisez le plus, comme le coupe fil.\" \/>\n<meta property=\"og:url\" content=\"https:\/\/mylovelyrods.com\/index.php\/produit\/bouton-service\/\" \/>\n<meta property=\"og:site_name\" content=\"Mylovelyrods\" \/>\n<meta property=\"article:publisher\" content=\"https:\/\/m.facebook.com\/people\/Mylovelyrods\/100062956103344\/?locale=fr_FR\" \/>\n<meta property=\"article:modified_time\" content=\"2024-02-04T14:24:34+00:00\" \/>\n<meta property=\"og:image\" content=\"https:\/\/mylovelyrods.com\/wp-content\/uploads\/2021\/05\/20210509_143829.jpg\" \/>\n\t<meta property=\"og:image:width\" content=\"1405\" \/>\n\t<meta property=\"og:image:height\" content=\"1059\" \/>\n\t<meta property=\"og:image:type\" content=\"image\/jpeg\" \/>\n<meta name=\"twitter:card\" content=\"summary_large_image\" \/>\n<meta name=\"twitter:label1\" content=\"Dur\u00e9e de lecture estim\u00e9e\" \/>\n\t<meta name=\"twitter:data1\" content=\"2 minutes\" \/>\n<script type=\"application\/ld+json\" class=\"yoast-schema-graph\">{\"@context\":\"https:\\\/\\\/schema.org\",\"@graph\":[{\"@type\":\"WebPage\",\"@id\":\"https:\\\/\\\/mylovelyrods.com\\\/index.php\\\/produit\\\/bouton-service\\\/\",\"url\":\"https:\\\/\\\/mylovelyrods.com\\\/index.php\\\/produit\\\/bouton-service\\\/\",\"name\":\"Bouton service - Porte outils cable standard r\u00e9tractable - Mylovelyrods\",\"isPartOf\":{\"@id\":\"https:\\\/\\\/mylovelyrods.com\\\/#website\"},\"primaryImageOfPage\":{\"@id\":\"https:\\\/\\\/mylovelyrods.com\\\/index.php\\\/produit\\\/bouton-service\\\/#primaryimage\"},\"image\":{\"@id\":\"https:\\\/\\\/mylovelyrods.com\\\/index.php\\\/produit\\\/bouton-service\\\/#primaryimage\"},\"thumbnailUrl\":\"https:\\\/\\\/i0.wp.com\\\/mylovelyrods.com\\\/wp-content\\\/uploads\\\/2021\\\/05\\\/20210509_143829.jpg?fit=1405%2C1059&ssl=1\",\"datePublished\":\"2021-05-26T16:58:31+00:00\",\"dateModified\":\"2024-02-04T14:24:34+00:00\",\"description\":\"Bouton service, Porte outil r\u00e9tractable, auquel vous pouvez attacher les outils que vous utilisez le plus, comme le coupe fil.\",\"breadcrumb\":{\"@id\":\"https:\\\/\\\/mylovelyrods.com\\\/index.php\\\/produit\\\/bouton-service\\\/#breadcrumb\"},\"inLanguage\":\"fr-FR\",\"potentialAction\":[{\"@type\":\"ReadAction\",\"target\":[\"https:\\\/\\\/mylovelyrods.com\\\/index.php\\\/produit\\\/bouton-service\\\/\"]}]},{\"@type\":\"ImageObject\",\"inLanguage\":\"fr-FR\",\"@id\":\"https:\\\/\\\/mylovelyrods.com\\\/index.php\\\/produit\\\/bouton-service\\\/#primaryimage\",\"url\":\"https:\\\/\\\/i0.wp.com\\\/mylovelyrods.com\\\/wp-content\\\/uploads\\\/2021\\\/05\\\/20210509_143829.jpg?fit=1405%2C1059&ssl=1\",\"contentUrl\":\"https:\\\/\\\/i0.wp.com\\\/mylovelyrods.com\\\/wp-content\\\/uploads\\\/2021\\\/05\\\/20210509_143829.jpg?fit=1405%2C1059&ssl=1\",\"width\":1405,\"height\":1059,\"caption\":\"Bouton service Porte outils r\u00e9tractable Bouton service pour outils cable standard de 66,5 cm de long\"},{\"@type\":\"BreadcrumbList\",\"@id\":\"https:\\\/\\\/mylovelyrods.com\\\/index.php\\\/produit\\\/bouton-service\\\/#breadcrumb\",\"itemListElement\":[{\"@type\":\"ListItem\",\"position\":1,\"name\":\"Accueil\",\"item\":\"https:\\\/\\\/mylovelyrods.com\\\/\"},{\"@type\":\"ListItem\",\"position\":2,\"name\":\"Produits\",\"item\":\"https:\\\/\\\/mylovelyrods.com\\\/index.php\\\/boutique\\\/\"},{\"@type\":\"ListItem\",\"position\":3,\"name\":\"Bouton service Porte outils r\u00e9tractable\"}]},{\"@type\":\"WebSite\",\"@id\":\"https:\\\/\\\/mylovelyrods.com\\\/#website\",\"url\":\"https:\\\/\\\/mylovelyrods.com\\\/\",\"name\":\"Mylovelyrods\",\"description\":\"Facteur de canne, restaurations, customisations, rodbuilding, mouches, nymphes et petit mat\u00e9riel...\",\"publisher\":{\"@id\":\"https:\\\/\\\/mylovelyrods.com\\\/#organization\"},\"potentialAction\":[{\"@type\":\"SearchAction\",\"target\":{\"@type\":\"EntryPoint\",\"urlTemplate\":\"https:\\\/\\\/mylovelyrods.com\\\/?s={search_term_string}\"},\"query-input\":{\"@type\":\"PropertyValueSpecification\",\"valueRequired\":true,\"valueName\":\"search_term_string\"}}],\"inLanguage\":\"fr-FR\"},{\"@type\":\"Organization\",\"@id\":\"https:\\\/\\\/mylovelyrods.com\\\/#organization\",\"name\":\"Mylovelyrods\",\"url\":\"https:\\\/\\\/mylovelyrods.com\\\/\",\"logo\":{\"@type\":\"ImageObject\",\"inLanguage\":\"fr-FR\",\"@id\":\"https:\\\/\\\/mylovelyrods.com\\\/#\\\/schema\\\/logo\\\/image\\\/\",\"url\":\"https:\\\/\\\/mylovelyrods.com\\\/wp-content\\\/uploads\\\/2021\\\/01\\\/0001-scaled-e1611186770281.jpg\",\"contentUrl\":\"https:\\\/\\\/mylovelyrods.com\\\/wp-content\\\/uploads\\\/2021\\\/01\\\/0001-scaled-e1611186770281.jpg\",\"width\":2560,\"height\":716,\"caption\":\"Mylovelyrods\"},\"image\":{\"@id\":\"https:\\\/\\\/mylovelyrods.com\\\/#\\\/schema\\\/logo\\\/image\\\/\"},\"sameAs\":[\"https:\\\/\\\/m.facebook.com\\\/people\\\/Mylovelyrods\\\/100062956103344\\\/?locale=fr_FR\",\"https:\\\/\\\/www.instagram.com\\\/mylovelyrods\\\/?hl=fr\"]}]}<\/script>\n<!-- \/ Yoast SEO plugin. -->","yoast_head_json":{"title":"Bouton service - Porte outils cable standard r\u00e9tractable - Mylovelyrods","description":"Bouton service, Porte outil r\u00e9tractable, auquel vous pouvez attacher les outils que vous utilisez le plus, comme le coupe fil.","robots":{"index":"index","follow":"follow","max-snippet":"max-snippet:-1","max-image-preview":"max-image-preview:large","max-video-preview":"max-video-preview:-1"},"canonical":"https:\/\/mylovelyrods.com\/index.php\/produit\/bouton-service\/","og_locale":"fr_FR","og_type":"article","og_title":"Bouton service - Porte outils cable standard r\u00e9tractable - Mylovelyrods","og_description":"Bouton service, Porte outil r\u00e9tractable, auquel vous pouvez attacher les outils que vous utilisez le plus, comme le coupe fil.","og_url":"https:\/\/mylovelyrods.com\/index.php\/produit\/bouton-service\/","og_site_name":"Mylovelyrods","article_publisher":"https:\/\/m.facebook.com\/people\/Mylovelyrods\/100062956103344\/?locale=fr_FR","article_modified_time":"2024-02-04T14:24:34+00:00","og_image":[{"width":1405,"height":1059,"url":"https:\/\/mylovelyrods.com\/wp-content\/uploads\/2021\/05\/20210509_143829.jpg","type":"image\/jpeg"}],"twitter_card":"summary_large_image","twitter_misc":{"Dur\u00e9e de lecture estim\u00e9e":"2 minutes"},"schema":{"@context":"https:\/\/schema.org","@graph":[{"@type":"WebPage","@id":"https:\/\/mylovelyrods.com\/index.php\/produit\/bouton-service\/","url":"https:\/\/mylovelyrods.com\/index.php\/produit\/bouton-service\/","name":"Bouton service - Porte outils cable standard r\u00e9tractable - Mylovelyrods","isPartOf":{"@id":"https:\/\/mylovelyrods.com\/#website"},"primaryImageOfPage":{"@id":"https:\/\/mylovelyrods.com\/index.php\/produit\/bouton-service\/#primaryimage"},"image":{"@id":"https:\/\/mylovelyrods.com\/index.php\/produit\/bouton-service\/#primaryimage"},"thumbnailUrl":"https:\/\/i0.wp.com\/mylovelyrods.com\/wp-content\/uploads\/2021\/05\/20210509_143829.jpg?fit=1405%2C1059&ssl=1","datePublished":"2021-05-26T16:58:31+00:00","dateModified":"2024-02-04T14:24:34+00:00","description":"Bouton service, Porte outil r\u00e9tractable, auquel vous pouvez attacher les outils que vous utilisez le plus, comme le coupe fil.","breadcrumb":{"@id":"https:\/\/mylovelyrods.com\/index.php\/produit\/bouton-service\/#breadcrumb"},"inLanguage":"fr-FR","potentialAction":[{"@type":"ReadAction","target":["https:\/\/mylovelyrods.com\/index.php\/produit\/bouton-service\/"]}]},{"@type":"ImageObject","inLanguage":"fr-FR","@id":"https:\/\/mylovelyrods.com\/index.php\/produit\/bouton-service\/#primaryimage","url":"https:\/\/i0.wp.com\/mylovelyrods.com\/wp-content\/uploads\/2021\/05\/20210509_143829.jpg?fit=1405%2C1059&ssl=1","contentUrl":"https:\/\/i0.wp.com\/mylovelyrods.com\/wp-content\/uploads\/2021\/05\/20210509_143829.jpg?fit=1405%2C1059&ssl=1","width":1405,"height":1059,"caption":"Bouton service Porte outils r\u00e9tractable Bouton service pour outils cable standard de 66,5 cm de long"},{"@type":"BreadcrumbList","@id":"https:\/\/mylovelyrods.com\/index.php\/produit\/bouton-service\/#breadcrumb","itemListElement":[{"@type":"ListItem","position":1,"name":"Accueil","item":"https:\/\/mylovelyrods.com\/"},{"@type":"ListItem","position":2,"name":"Produits","item":"https:\/\/mylovelyrods.com\/index.php\/boutique\/"},{"@type":"ListItem","position":3,"name":"Bouton service Porte outils r\u00e9tractable"}]},{"@type":"WebSite","@id":"https:\/\/mylovelyrods.com\/#website","url":"https:\/\/mylovelyrods.com\/","name":"Mylovelyrods","description":"Facteur de canne, restaurations, customisations, rodbuilding, mouches, nymphes et petit mat\u00e9riel...","publisher":{"@id":"https:\/\/mylovelyrods.com\/#organization"},"potentialAction":[{"@type":"SearchAction","target":{"@type":"EntryPoint","urlTemplate":"https:\/\/mylovelyrods.com\/?s={search_term_string}"},"query-input":{"@type":"PropertyValueSpecification","valueRequired":true,"valueName":"search_term_string"}}],"inLanguage":"fr-FR"},{"@type":"Organization","@id":"https:\/\/mylovelyrods.com\/#organization","name":"Mylovelyrods","url":"https:\/\/mylovelyrods.com\/","logo":{"@type":"ImageObject","inLanguage":"fr-FR","@id":"https:\/\/mylovelyrods.com\/#\/schema\/logo\/image\/","url":"https:\/\/mylovelyrods.com\/wp-content\/uploads\/2021\/01\/0001-scaled-e1611186770281.jpg","contentUrl":"https:\/\/mylovelyrods.com\/wp-content\/uploads\/2021\/01\/0001-scaled-e1611186770281.jpg","width":2560,"height":716,"caption":"Mylovelyrods"},"image":{"@id":"https:\/\/mylovelyrods.com\/#\/schema\/logo\/image\/"},"sameAs":["https:\/\/m.facebook.com\/people\/Mylovelyrods\/100062956103344\/?locale=fr_FR","https:\/\/www.instagram.com\/mylovelyrods\/?hl=fr"]}]}},"jetpack_sharing_enabled":true,"_links":{"self":[{"href":"https:\/\/mylovelyrods.com\/index.php\/wp-json\/wp\/v2\/product\/1039","targetHints":{"allow":["GET"]}}],"collection":[{"href":"https:\/\/mylovelyrods.com\/index.php\/wp-json\/wp\/v2\/product"}],"about":[{"href":"https:\/\/mylovelyrods.com\/index.php\/wp-json\/wp\/v2\/types\/product"}],"wp:featuredmedia":[{"embeddable":true,"href":"https:\/\/mylovelyrods.com\/index.php\/wp-json\/wp\/v2\/media\/1040"}],"wp:attachment":[{"href":"https:\/\/mylovelyrods.com\/index.php\/wp-json\/wp\/v2\/media?parent=1039"}],"wp:term":[{"taxonomy":"product_brand","embeddable":true,"href":"https:\/\/mylovelyrods.com\/index.php\/wp-json\/wp\/v2\/product_brand?post=1039"},{"taxonomy":"product_cat","embeddable":true,"href":"https:\/\/mylovelyrods.com\/index.php\/wp-json\/wp\/v2\/product_cat?post=1039"},{"taxonomy":"product_tag","embeddable":true,"href":"https:\/\/mylovelyrods.com\/index.php\/wp-json\/wp\/v2\/product_tag?post=1039"}],"curies":[{"name":"wp","href":"https:\/\/api.w.org\/{rel}","templated":true}]}}