{"id":1043,"date":"2021-05-30T22:29:16","date_gmt":"2021-05-30T20:29:16","guid":{"rendered":"https:\/\/mylovelyrods.com\/?post_type=product&#038;p=1043"},"modified":"2024-08-01T07:26:46","modified_gmt":"2024-08-01T05:26:46","slug":"soldarini-hydropsyche-elite-competition-106-3","status":"publish","type":"product","link":"https:\/\/mylovelyrods.com\/index.php\/produit\/soldarini-hydropsyche-elite-competition-106-3\/","title":{"rendered":"Soldarini Hydropsyche Elite Competition 10&rsquo;6&Prime; #3"},"content":{"rendered":"<p>Canne Soldarini Hydropsyche Elite Competition 10&rsquo;6&Prime; #3 mont\u00e9e avec une poign\u00e9e carbone noire et bleue. Le porte moulinet est invers\u00e9 pour am\u00e9liorer donc l&rsquo;\u00e9quilibre de la canne, Il est \u00e9galement habill\u00e9 d&rsquo;un butt en eva bleu.<\/p>\n<p>Le premier anneau est un CERECOIL \u00e0 m\u00e9moire de forme. Par ailleurs il est plac\u00e9 \u00e0 33 cm du porte moulinet afin d&rsquo;\u00e9viter que la soie ne fasse un ventre lorsqu&rsquo;on p\u00eache en nymphe avec la soie, avec la canne haute.<\/p>\n<p>La canne est dot\u00e9e de 12 anneaux recoil ultra l\u00e9gers et \u00e0 m\u00e9moire de forme, ainsi qu&rsquo;un anneau de pointe classique, puisque plus l\u00e9ger qu&rsquo;un anneau de pointe recoil.<\/p>\n<p>Les mesures techniques r\u00e9v\u00e8lent un AA de 72\u00b0, ainsi cela classe la canne dans la cat\u00e9gorie \u00ab\u00a0fast\u00a0\u00bb.<\/p>\n<p>L&rsquo;ern mesur\u00e9 est de 4,16.<\/p>\n<p>Le poids de la canne est de 103g pour un poids de moulinet \u00e0 l&rsquo;\u00e9quilibre de 180g.<\/p>\n<p>Pour plus d&rsquo;information sur le protocole des mesures techniques vous pouvez aller faire un tour sur <a href=\"https:\/\/www.truites-et-cie.fr\/article\/materiel\/mouche\/protocole-de-test-des-cannes-mouche\">Truites et Cie<\/a><\/p>\n<p>La canne est fournie avec un tube cordura compartiment\u00e9.<\/p>\n<p>Si vous souhaitez plus d&rsquo;informations, n&rsquo;h\u00e9sitez pas \u00e0 me contacter <a href=\"https:\/\/mylovelyrods.com\/index.php\/demande-devis-contact-canne-a-peche-artisanale\/\">ICI<\/a>.<\/p>\n<p>Canne Soldarini Hydropsyche Elite Competition 10&rsquo;6&Prime; pour soie de 3 en 4 brins. Fourni avec un tube cordura compartiment\u00e9.<\/p>\n","protected":false},"excerpt":{"rendered":"<p>La canne Soldarini Hydropsyche Elite Competition 10&rsquo;6&Prime; #3 est mont\u00e9e avec une poign\u00e9e carbone noire et bleue. Le porte moulinet est invers\u00e9 pour am\u00e9liorer l&rsquo;\u00e9quilibre de la canne. Il est habill\u00e9 d&rsquo;un butt en eva bleu.<\/p>\n<p>Le premier anneau est un CERECOIL \u00e0 m\u00e9moire de forme, plac\u00e9 \u00e0 33 cm du porte moulinet, pour \u00e9viter que la soie ne fasse un ventre lorsqu&rsquo;on p\u00eache en nymphe avec la soie, canne haute.<\/p>\n<p>La canne est dot\u00e9e de 12 anneaux recoil, ultra l\u00e9gers et \u00e0 m\u00e9moire de forme, et un anneau de pointe classique qui est plus l\u00e9ger qu&rsquo;un anneau de pointe recoil.<\/p>\n<p>Les mesures techniques r\u00e9v\u00e8lent un AA de 72\u00b0, ce qui classe la canne dans la cat\u00e9gorie \u00ab\u00a0fast\u00a0\u00bb.<\/p>\n<p>L&rsquo;ern mesur\u00e9 est de 4,16.<\/p>\n<p>Le poids de la canne est de 103g pour un poids de moulinet \u00e0 l&rsquo;\u00e9quilibre de 180g.<\/p>\n<p>Pour plus d&rsquo;information sur le protocole des mesures techniques vous pouvez aller faire un tour sur <a href=\"https:\/\/www.truites-et-cie.fr\/article\/materiel\/mouche\/protocole-de-test-des-cannes-mouche\">Truites et Cie<\/a><\/p>\n<p>La canne est fournie avec un tube en cordura compartiment\u00e9.<\/p>\n<p>Si vous souhaitez plus d&rsquo;informations, n&rsquo;h\u00e9sitez pas \u00e0 me contacter <a href=\"https:\/\/mylovelyrods.com\/index.php\/demande-devis-contact-canne-a-peche-artisanale\/\">ICI<\/a>.<\/p>\n","protected":false},"featured_media":1045,"template":"","meta":{"jetpack_post_was_ever_published":false,"_glsr_average":0,"_glsr_ranking":0,"_glsr_reviews":0},"product_brand":[],"product_cat":[28],"product_tag":[],"class_list":{"0":"post-1043","1":"product","2":"type-product","3":"status-publish","4":"has-post-thumbnail","6":"product_cat-cannes-disponibles","7":"product_shipping_class-blank","9":"first","10":"outofstock","11":"sale","12":"shipping-taxable","13":"purchasable","14":"product-type-simple"},"yoast_head":"<!-- This site is optimized with the Yoast SEO plugin v27.4 - https:\/\/yoast.com\/product\/yoast-seo-wordpress\/ -->\n<title>Soldarini Hydropsyche Elite Competition 10&#039;6&quot; #3 - Mylovelyrods<\/title>\n<meta name=\"description\" content=\"Soldarini Hydropsyche Elite Competition 10&#039;6&quot; #3, en 4 brins, mont\u00e9e avec une poign\u00e9e carbone et des anneaux Recoils haut de gamme.\" \/>\n<meta name=\"robots\" content=\"index, follow, max-snippet:-1, max-image-preview:large, max-video-preview:-1\" \/>\n<link rel=\"canonical\" href=\"https:\/\/mylovelyrods.com\/index.php\/produit\/soldarini-hydropsyche-elite-competition-106-3\/\" \/>\n<meta property=\"og:locale\" content=\"fr_FR\" \/>\n<meta property=\"og:type\" content=\"article\" \/>\n<meta property=\"og:title\" content=\"Soldarini Hydropsyche Elite Competition 10&#039;6&quot; #3 - Mylovelyrods\" \/>\n<meta property=\"og:description\" content=\"Soldarini Hydropsyche Elite Competition 10&#039;6&quot; #3, en 4 brins, mont\u00e9e avec une poign\u00e9e carbone et des anneaux Recoils haut de gamme.\" \/>\n<meta property=\"og:url\" content=\"https:\/\/mylovelyrods.com\/index.php\/produit\/soldarini-hydropsyche-elite-competition-106-3\/\" \/>\n<meta property=\"og:site_name\" content=\"Mylovelyrods\" \/>\n<meta property=\"article:publisher\" content=\"https:\/\/m.facebook.com\/people\/Mylovelyrods\/100062956103344\/?locale=fr_FR\" \/>\n<meta property=\"article:modified_time\" content=\"2024-08-01T05:26:46+00:00\" \/>\n<meta property=\"og:image\" content=\"https:\/\/mylovelyrods.com\/wp-content\/uploads\/2021\/05\/20210503_130002-scaled.jpg\" \/>\n\t<meta property=\"og:image:width\" content=\"618\" \/>\n\t<meta property=\"og:image:height\" content=\"2560\" \/>\n\t<meta property=\"og:image:type\" content=\"image\/jpeg\" \/>\n<meta name=\"twitter:card\" content=\"summary_large_image\" \/>\n<meta name=\"twitter:label1\" content=\"Dur\u00e9e de lecture estim\u00e9e\" \/>\n\t<meta name=\"twitter:data1\" content=\"2 minutes\" \/>\n<script type=\"application\/ld+json\" class=\"yoast-schema-graph\">{\"@context\":\"https:\\\/\\\/schema.org\",\"@graph\":[{\"@type\":\"WebPage\",\"@id\":\"https:\\\/\\\/mylovelyrods.com\\\/index.php\\\/produit\\\/soldarini-hydropsyche-elite-competition-106-3\\\/\",\"url\":\"https:\\\/\\\/mylovelyrods.com\\\/index.php\\\/produit\\\/soldarini-hydropsyche-elite-competition-106-3\\\/\",\"name\":\"Soldarini Hydropsyche Elite Competition 10'6\\\" #3 - Mylovelyrods\",\"isPartOf\":{\"@id\":\"https:\\\/\\\/mylovelyrods.com\\\/#website\"},\"primaryImageOfPage\":{\"@id\":\"https:\\\/\\\/mylovelyrods.com\\\/index.php\\\/produit\\\/soldarini-hydropsyche-elite-competition-106-3\\\/#primaryimage\"},\"image\":{\"@id\":\"https:\\\/\\\/mylovelyrods.com\\\/index.php\\\/produit\\\/soldarini-hydropsyche-elite-competition-106-3\\\/#primaryimage\"},\"thumbnailUrl\":\"https:\\\/\\\/i0.wp.com\\\/mylovelyrods.com\\\/wp-content\\\/uploads\\\/2021\\\/05\\\/20210503_130002-scaled.jpg?fit=618%2C2560&ssl=1\",\"datePublished\":\"2021-05-30T20:29:16+00:00\",\"dateModified\":\"2024-08-01T05:26:46+00:00\",\"description\":\"Soldarini Hydropsyche Elite Competition 10'6\\\" #3, en 4 brins, mont\u00e9e avec une poign\u00e9e carbone et des anneaux Recoils haut de gamme.\",\"breadcrumb\":{\"@id\":\"https:\\\/\\\/mylovelyrods.com\\\/index.php\\\/produit\\\/soldarini-hydropsyche-elite-competition-106-3\\\/#breadcrumb\"},\"inLanguage\":\"fr-FR\",\"potentialAction\":[{\"@type\":\"ReadAction\",\"target\":[\"https:\\\/\\\/mylovelyrods.com\\\/index.php\\\/produit\\\/soldarini-hydropsyche-elite-competition-106-3\\\/\"]}]},{\"@type\":\"ImageObject\",\"inLanguage\":\"fr-FR\",\"@id\":\"https:\\\/\\\/mylovelyrods.com\\\/index.php\\\/produit\\\/soldarini-hydropsyche-elite-competition-106-3\\\/#primaryimage\",\"url\":\"https:\\\/\\\/i0.wp.com\\\/mylovelyrods.com\\\/wp-content\\\/uploads\\\/2021\\\/05\\\/20210503_130002-scaled.jpg?fit=618%2C2560&ssl=1\",\"contentUrl\":\"https:\\\/\\\/i0.wp.com\\\/mylovelyrods.com\\\/wp-content\\\/uploads\\\/2021\\\/05\\\/20210503_130002-scaled.jpg?fit=618%2C2560&ssl=1\",\"width\":618,\"height\":2560},{\"@type\":\"BreadcrumbList\",\"@id\":\"https:\\\/\\\/mylovelyrods.com\\\/index.php\\\/produit\\\/soldarini-hydropsyche-elite-competition-106-3\\\/#breadcrumb\",\"itemListElement\":[{\"@type\":\"ListItem\",\"position\":1,\"name\":\"Accueil\",\"item\":\"https:\\\/\\\/mylovelyrods.com\\\/\"},{\"@type\":\"ListItem\",\"position\":2,\"name\":\"Produits\",\"item\":\"https:\\\/\\\/mylovelyrods.com\\\/index.php\\\/boutique\\\/\"},{\"@type\":\"ListItem\",\"position\":3,\"name\":\"Soldarini Hydropsyche Elite Competition 10&#8217;6&#8243; #3\"}]},{\"@type\":\"WebSite\",\"@id\":\"https:\\\/\\\/mylovelyrods.com\\\/#website\",\"url\":\"https:\\\/\\\/mylovelyrods.com\\\/\",\"name\":\"Mylovelyrods\",\"description\":\"Facteur de canne, restaurations, customisations, rodbuilding, mouches, nymphes et petit mat\u00e9riel...\",\"publisher\":{\"@id\":\"https:\\\/\\\/mylovelyrods.com\\\/#organization\"},\"potentialAction\":[{\"@type\":\"SearchAction\",\"target\":{\"@type\":\"EntryPoint\",\"urlTemplate\":\"https:\\\/\\\/mylovelyrods.com\\\/?s={search_term_string}\"},\"query-input\":{\"@type\":\"PropertyValueSpecification\",\"valueRequired\":true,\"valueName\":\"search_term_string\"}}],\"inLanguage\":\"fr-FR\"},{\"@type\":\"Organization\",\"@id\":\"https:\\\/\\\/mylovelyrods.com\\\/#organization\",\"name\":\"Mylovelyrods\",\"url\":\"https:\\\/\\\/mylovelyrods.com\\\/\",\"logo\":{\"@type\":\"ImageObject\",\"inLanguage\":\"fr-FR\",\"@id\":\"https:\\\/\\\/mylovelyrods.com\\\/#\\\/schema\\\/logo\\\/image\\\/\",\"url\":\"https:\\\/\\\/mylovelyrods.com\\\/wp-content\\\/uploads\\\/2021\\\/01\\\/0001-scaled-e1611186770281.jpg\",\"contentUrl\":\"https:\\\/\\\/mylovelyrods.com\\\/wp-content\\\/uploads\\\/2021\\\/01\\\/0001-scaled-e1611186770281.jpg\",\"width\":2560,\"height\":716,\"caption\":\"Mylovelyrods\"},\"image\":{\"@id\":\"https:\\\/\\\/mylovelyrods.com\\\/#\\\/schema\\\/logo\\\/image\\\/\"},\"sameAs\":[\"https:\\\/\\\/m.facebook.com\\\/people\\\/Mylovelyrods\\\/100062956103344\\\/?locale=fr_FR\",\"https:\\\/\\\/www.instagram.com\\\/mylovelyrods\\\/?hl=fr\"]}]}<\/script>\n<!-- \/ Yoast SEO plugin. -->","yoast_head_json":{"title":"Soldarini Hydropsyche Elite Competition 10'6\" #3 - Mylovelyrods","description":"Soldarini Hydropsyche Elite Competition 10'6\" #3, en 4 brins, mont\u00e9e avec une poign\u00e9e carbone et des anneaux Recoils haut de gamme.","robots":{"index":"index","follow":"follow","max-snippet":"max-snippet:-1","max-image-preview":"max-image-preview:large","max-video-preview":"max-video-preview:-1"},"canonical":"https:\/\/mylovelyrods.com\/index.php\/produit\/soldarini-hydropsyche-elite-competition-106-3\/","og_locale":"fr_FR","og_type":"article","og_title":"Soldarini Hydropsyche Elite Competition 10'6\" #3 - Mylovelyrods","og_description":"Soldarini Hydropsyche Elite Competition 10'6\" #3, en 4 brins, mont\u00e9e avec une poign\u00e9e carbone et des anneaux Recoils haut de gamme.","og_url":"https:\/\/mylovelyrods.com\/index.php\/produit\/soldarini-hydropsyche-elite-competition-106-3\/","og_site_name":"Mylovelyrods","article_publisher":"https:\/\/m.facebook.com\/people\/Mylovelyrods\/100062956103344\/?locale=fr_FR","article_modified_time":"2024-08-01T05:26:46+00:00","og_image":[{"width":618,"height":2560,"url":"https:\/\/mylovelyrods.com\/wp-content\/uploads\/2021\/05\/20210503_130002-scaled.jpg","type":"image\/jpeg"}],"twitter_card":"summary_large_image","twitter_misc":{"Dur\u00e9e de lecture estim\u00e9e":"2 minutes"},"schema":{"@context":"https:\/\/schema.org","@graph":[{"@type":"WebPage","@id":"https:\/\/mylovelyrods.com\/index.php\/produit\/soldarini-hydropsyche-elite-competition-106-3\/","url":"https:\/\/mylovelyrods.com\/index.php\/produit\/soldarini-hydropsyche-elite-competition-106-3\/","name":"Soldarini Hydropsyche Elite Competition 10'6\" #3 - Mylovelyrods","isPartOf":{"@id":"https:\/\/mylovelyrods.com\/#website"},"primaryImageOfPage":{"@id":"https:\/\/mylovelyrods.com\/index.php\/produit\/soldarini-hydropsyche-elite-competition-106-3\/#primaryimage"},"image":{"@id":"https:\/\/mylovelyrods.com\/index.php\/produit\/soldarini-hydropsyche-elite-competition-106-3\/#primaryimage"},"thumbnailUrl":"https:\/\/i0.wp.com\/mylovelyrods.com\/wp-content\/uploads\/2021\/05\/20210503_130002-scaled.jpg?fit=618%2C2560&ssl=1","datePublished":"2021-05-30T20:29:16+00:00","dateModified":"2024-08-01T05:26:46+00:00","description":"Soldarini Hydropsyche Elite Competition 10'6\" #3, en 4 brins, mont\u00e9e avec une poign\u00e9e carbone et des anneaux Recoils haut de gamme.","breadcrumb":{"@id":"https:\/\/mylovelyrods.com\/index.php\/produit\/soldarini-hydropsyche-elite-competition-106-3\/#breadcrumb"},"inLanguage":"fr-FR","potentialAction":[{"@type":"ReadAction","target":["https:\/\/mylovelyrods.com\/index.php\/produit\/soldarini-hydropsyche-elite-competition-106-3\/"]}]},{"@type":"ImageObject","inLanguage":"fr-FR","@id":"https:\/\/mylovelyrods.com\/index.php\/produit\/soldarini-hydropsyche-elite-competition-106-3\/#primaryimage","url":"https:\/\/i0.wp.com\/mylovelyrods.com\/wp-content\/uploads\/2021\/05\/20210503_130002-scaled.jpg?fit=618%2C2560&ssl=1","contentUrl":"https:\/\/i0.wp.com\/mylovelyrods.com\/wp-content\/uploads\/2021\/05\/20210503_130002-scaled.jpg?fit=618%2C2560&ssl=1","width":618,"height":2560},{"@type":"BreadcrumbList","@id":"https:\/\/mylovelyrods.com\/index.php\/produit\/soldarini-hydropsyche-elite-competition-106-3\/#breadcrumb","itemListElement":[{"@type":"ListItem","position":1,"name":"Accueil","item":"https:\/\/mylovelyrods.com\/"},{"@type":"ListItem","position":2,"name":"Produits","item":"https:\/\/mylovelyrods.com\/index.php\/boutique\/"},{"@type":"ListItem","position":3,"name":"Soldarini Hydropsyche Elite Competition 10&#8217;6&#8243; #3"}]},{"@type":"WebSite","@id":"https:\/\/mylovelyrods.com\/#website","url":"https:\/\/mylovelyrods.com\/","name":"Mylovelyrods","description":"Facteur de canne, restaurations, customisations, rodbuilding, mouches, nymphes et petit mat\u00e9riel...","publisher":{"@id":"https:\/\/mylovelyrods.com\/#organization"},"potentialAction":[{"@type":"SearchAction","target":{"@type":"EntryPoint","urlTemplate":"https:\/\/mylovelyrods.com\/?s={search_term_string}"},"query-input":{"@type":"PropertyValueSpecification","valueRequired":true,"valueName":"search_term_string"}}],"inLanguage":"fr-FR"},{"@type":"Organization","@id":"https:\/\/mylovelyrods.com\/#organization","name":"Mylovelyrods","url":"https:\/\/mylovelyrods.com\/","logo":{"@type":"ImageObject","inLanguage":"fr-FR","@id":"https:\/\/mylovelyrods.com\/#\/schema\/logo\/image\/","url":"https:\/\/mylovelyrods.com\/wp-content\/uploads\/2021\/01\/0001-scaled-e1611186770281.jpg","contentUrl":"https:\/\/mylovelyrods.com\/wp-content\/uploads\/2021\/01\/0001-scaled-e1611186770281.jpg","width":2560,"height":716,"caption":"Mylovelyrods"},"image":{"@id":"https:\/\/mylovelyrods.com\/#\/schema\/logo\/image\/"},"sameAs":["https:\/\/m.facebook.com\/people\/Mylovelyrods\/100062956103344\/?locale=fr_FR","https:\/\/www.instagram.com\/mylovelyrods\/?hl=fr"]}]}},"jetpack_sharing_enabled":true,"_links":{"self":[{"href":"https:\/\/mylovelyrods.com\/index.php\/wp-json\/wp\/v2\/product\/1043","targetHints":{"allow":["GET"]}}],"collection":[{"href":"https:\/\/mylovelyrods.com\/index.php\/wp-json\/wp\/v2\/product"}],"about":[{"href":"https:\/\/mylovelyrods.com\/index.php\/wp-json\/wp\/v2\/types\/product"}],"wp:featuredmedia":[{"embeddable":true,"href":"https:\/\/mylovelyrods.com\/index.php\/wp-json\/wp\/v2\/media\/1045"}],"wp:attachment":[{"href":"https:\/\/mylovelyrods.com\/index.php\/wp-json\/wp\/v2\/media?parent=1043"}],"wp:term":[{"taxonomy":"product_brand","embeddable":true,"href":"https:\/\/mylovelyrods.com\/index.php\/wp-json\/wp\/v2\/product_brand?post=1043"},{"taxonomy":"product_cat","embeddable":true,"href":"https:\/\/mylovelyrods.com\/index.php\/wp-json\/wp\/v2\/product_cat?post=1043"},{"taxonomy":"product_tag","embeddable":true,"href":"https:\/\/mylovelyrods.com\/index.php\/wp-json\/wp\/v2\/product_tag?post=1043"}],"curies":[{"name":"wp","href":"https:\/\/api.w.org\/{rel}","templated":true}]}}