{"id":1076,"date":"2021-06-23T12:00:25","date_gmt":"2021-06-23T10:00:25","guid":{"rendered":"https:\/\/mylovelyrods.com\/?post_type=product&#038;p=1076"},"modified":"2026-02-01T22:40:55","modified_gmt":"2026-02-01T21:40:55","slug":"canne-mouche-11-mandala","status":"publish","type":"product","link":"https:\/\/mylovelyrods.com\/index.php\/produit\/canne-mouche-11-mandala\/","title":{"rendered":"Canne mouche personalis\u00e9e 11&prime; #2 &#8211; 4\n \u00ab\u00a0Mandala\u00a0\u00bb"},"content":{"rendered":"<p>La canne \u00e0 mouche \u00ab\u00a0Mandala\u00a0\u00bb 11&prime; #2 en 4 brins. Cette canne ne p\u00e8se que 78g, la 11&prime; la plus l\u00e9g\u00e8re du march\u00e9!!! Pour un poids de moulinet \u00e0 l&rsquo;\u00e9quilibre de 170g!<\/p>\n<p>Elle est mont\u00e9e avec des anneaux hauts de gammes a m\u00e9moires de forme, ultra l\u00e9gers et ultra r\u00e9sistants, Recoil. L&rsquo;anneau de d\u00e9part est un Cerecoil, \u00e9galement ultra l\u00e9ger, \u00e0 m\u00e9moire de forme. D&rsquo;ailleurs il est plac\u00e9 suffisamment proche du porte moulinet pour \u00e9viter que la soie ne forme un ventre lorsqu&rsquo;on p\u00eache en nymphe avec la soie.<\/p>\n<p>L&rsquo;avant dernier anneau est un serpentiforme, notamment pour limiter les nombre de fois ou le fil s&rsquo;enroule lorsqu&rsquo;on p\u00eache en nymphe au fil \u00e0 l&rsquo;espagnole.<\/p>\n<p>Le porte moulinet est plac\u00e9 en down locking, am\u00e9liorant ainsi l&rsquo;\u00e9quilibre de la canne, il est habill\u00e9 d&rsquo;un butt en li\u00e8ge coloris brul\u00e9 de 5g qui am\u00e9liore aussi l&rsquo;\u00e9quilibre de la canne<\/p>\n<p>L&rsquo;Action Angle est de 70\u00b0, ce qui classe l&rsquo;action de la canne dans la cat\u00e9gorie Fast<\/p>\n<p>Cette canne est fournie avec sa housse tissu.<\/p>\n<p>N&rsquo;h\u00e9sitez pas \u00e0 me contacter pour de plus amples informations juste <a href=\"https:\/\/mylovelyrods.com\/index.php\/demande-devis-contact-canne-a-peche-artisanale\/\">ici<\/a>!<\/p>\n<p>La canne \u00e0 mouche \u00ab\u00a0Mandala\u00a0\u00bb 11&prime; #2 &#8211; 4 est fournie avec sa housse en tissu.<\/p>\n<p>Retrouvez moi sur les r\u00e9seaux sociaux <a href=\"https:\/\/www.facebook.com\/pages\/category\/Sports\/Mylovelyrods-101775187859974\/\">ici<\/a> et <a href=\"https:\/\/www.instagram.com\/mylovelyrods\/?hl=fr\">l\u00e0<\/a> \ud83d\ude42<\/p>\n","protected":false},"excerpt":{"rendered":"<p>La canne \u00e0 mouche \u00ab\u00a0Mandala\u00a0\u00bb 11&prime; #2 en 4 brins. Cette canne ne p\u00e8se que 78g, la 11&prime; la plus l\u00e9g\u00e8re du march\u00e9!!! Pour un poids de moulinet \u00e0 l&rsquo;\u00e9quilibre de 170g!<\/p>\n<p>Elle est mont\u00e9e avec des anneaux hauts de gammes a m\u00e9moires de forme, ultra l\u00e9gers et ultra r\u00e9sistants, Recoil. L&rsquo;anneau de d\u00e9part est un Cerecoil, \u00e9galement ultra l\u00e9ger, \u00e0 m\u00e9moire de forme. Il est plac\u00e9 suffisamment proche du porte moulinet pour \u00e9viter que la soie ne forme un ventre lorsqu&rsquo;on p\u00eache en nymphe avec la soie.<\/p>\n<p>L&rsquo;avant dernier anneau est un serpentiforme, pour limiter les nombre de fois ou le fil s&rsquo;enroule lorsqu&rsquo;on p\u00eache en nymphe au fil \u00e0 l&rsquo;espagnole.<\/p>\n<p>Le porte moulinet est plac\u00e9 en down locking, am\u00e9liorant ainsi l&rsquo;\u00e9quilibre de la canne, il est habill\u00e9 d&rsquo;un butt en li\u00e8ge coloris brul\u00e9 de 5g qui am\u00e9liore aussi l&rsquo;\u00e9quilibre de la canne<\/p>\n<p>L&rsquo;Action Angle est de 70\u00b0, ce qui classe l&rsquo;action de la canne dans la cat\u00e9gorie Fast<\/p>\n<p>Cette canne est fournie avec sa housse tissu.<\/p>\n<p>N&rsquo;h\u00e9sitez pas \u00e0 me contacter pour de plus amples informations juste <a href=\"https:\/\/mylovelyrods.com\/index.php\/demande-devis-contact-canne-a-peche-artisanale\/\">ici<\/a>!<\/p>\n","protected":false},"featured_media":1077,"template":"","meta":{"jetpack_post_was_ever_published":false,"_glsr_average":0,"_glsr_ranking":0,"_glsr_reviews":0},"product_brand":[],"product_cat":[28],"product_tag":[],"class_list":{"0":"post-1076","1":"product","2":"type-product","3":"status-publish","4":"has-post-thumbnail","6":"product_cat-cannes-disponibles","7":"product_shipping_class-blank","9":"first","10":"instock","11":"shipping-taxable","12":"purchasable","13":"product-type-simple"},"yoast_head":"<!-- This site is optimized with the Yoast SEO plugin v27.4 - https:\/\/yoast.com\/product\/yoast-seo-wordpress\/ -->\n<title>Canne mouche 11&#039; #2 &quot;Mandala&quot; l\u00e9g\u00e8re pour sa longueur - Mylovelyrods<\/title>\n<meta name=\"description\" content=\"Canne mouche 11&#039; tr\u00e8s l\u00e9g\u00e8re pour sa longueur, d&#039;action fast, elle saura brider les plus beaux poissons! Polyvalente s\u00e8che\/nymphe\" \/>\n<meta name=\"robots\" content=\"index, follow, max-snippet:-1, max-image-preview:large, max-video-preview:-1\" \/>\n<link rel=\"canonical\" href=\"https:\/\/mylovelyrods.com\/index.php\/produit\/canne-mouche-11-mandala\/\" \/>\n<meta property=\"og:locale\" content=\"fr_FR\" \/>\n<meta property=\"og:type\" content=\"article\" \/>\n<meta property=\"og:title\" content=\"Canne mouche 11&#039; #2 &quot;Mandala&quot; l\u00e9g\u00e8re pour sa longueur - Mylovelyrods\" \/>\n<meta property=\"og:description\" content=\"Canne mouche 11&#039; tr\u00e8s l\u00e9g\u00e8re pour sa longueur, d&#039;action fast, elle saura brider les plus beaux poissons! Polyvalente s\u00e8che\/nymphe\" \/>\n<meta property=\"og:url\" content=\"https:\/\/mylovelyrods.com\/index.php\/produit\/canne-mouche-11-mandala\/\" \/>\n<meta property=\"og:site_name\" content=\"Mylovelyrods\" \/>\n<meta property=\"article:publisher\" content=\"https:\/\/m.facebook.com\/people\/Mylovelyrods\/100062956103344\/?locale=fr_FR\" \/>\n<meta property=\"article:modified_time\" content=\"2026-02-01T21:40:55+00:00\" \/>\n<meta property=\"og:image\" content=\"https:\/\/mylovelyrods.com\/wp-content\/uploads\/2021\/06\/20210623_112815-1-scaled.jpg\" \/>\n\t<meta property=\"og:image:width\" content=\"1424\" \/>\n\t<meta property=\"og:image:height\" content=\"2560\" \/>\n\t<meta property=\"og:image:type\" content=\"image\/jpeg\" \/>\n<meta name=\"twitter:card\" content=\"summary_large_image\" \/>\n<meta name=\"twitter:label1\" content=\"Dur\u00e9e de lecture estim\u00e9e\" \/>\n\t<meta name=\"twitter:data1\" content=\"2 minutes\" \/>\n<script type=\"application\/ld+json\" class=\"yoast-schema-graph\">{\"@context\":\"https:\\\/\\\/schema.org\",\"@graph\":[{\"@type\":\"WebPage\",\"@id\":\"https:\\\/\\\/mylovelyrods.com\\\/index.php\\\/produit\\\/canne-mouche-11-mandala\\\/\",\"url\":\"https:\\\/\\\/mylovelyrods.com\\\/index.php\\\/produit\\\/canne-mouche-11-mandala\\\/\",\"name\":\"Canne mouche 11' #2 \\\"Mandala\\\" l\u00e9g\u00e8re pour sa longueur - Mylovelyrods\",\"isPartOf\":{\"@id\":\"https:\\\/\\\/mylovelyrods.com\\\/#website\"},\"primaryImageOfPage\":{\"@id\":\"https:\\\/\\\/mylovelyrods.com\\\/index.php\\\/produit\\\/canne-mouche-11-mandala\\\/#primaryimage\"},\"image\":{\"@id\":\"https:\\\/\\\/mylovelyrods.com\\\/index.php\\\/produit\\\/canne-mouche-11-mandala\\\/#primaryimage\"},\"thumbnailUrl\":\"https:\\\/\\\/i0.wp.com\\\/mylovelyrods.com\\\/wp-content\\\/uploads\\\/2021\\\/06\\\/20210623_112815-1-scaled.jpg?fit=1424%2C2560&ssl=1\",\"datePublished\":\"2021-06-23T10:00:25+00:00\",\"dateModified\":\"2026-02-01T21:40:55+00:00\",\"description\":\"Canne mouche 11' tr\u00e8s l\u00e9g\u00e8re pour sa longueur, d'action fast, elle saura brider les plus beaux poissons! Polyvalente s\u00e8che\\\/nymphe\",\"breadcrumb\":{\"@id\":\"https:\\\/\\\/mylovelyrods.com\\\/index.php\\\/produit\\\/canne-mouche-11-mandala\\\/#breadcrumb\"},\"inLanguage\":\"fr-FR\",\"potentialAction\":[{\"@type\":\"ReadAction\",\"target\":[\"https:\\\/\\\/mylovelyrods.com\\\/index.php\\\/produit\\\/canne-mouche-11-mandala\\\/\"]}]},{\"@type\":\"ImageObject\",\"inLanguage\":\"fr-FR\",\"@id\":\"https:\\\/\\\/mylovelyrods.com\\\/index.php\\\/produit\\\/canne-mouche-11-mandala\\\/#primaryimage\",\"url\":\"https:\\\/\\\/i0.wp.com\\\/mylovelyrods.com\\\/wp-content\\\/uploads\\\/2021\\\/06\\\/20210623_112815-1-scaled.jpg?fit=1424%2C2560&ssl=1\",\"contentUrl\":\"https:\\\/\\\/i0.wp.com\\\/mylovelyrods.com\\\/wp-content\\\/uploads\\\/2021\\\/06\\\/20210623_112815-1-scaled.jpg?fit=1424%2C2560&ssl=1\",\"width\":1424,\"height\":2560,\"caption\":\"Canne mouche 11' La Mandala 11' #2\"},{\"@type\":\"BreadcrumbList\",\"@id\":\"https:\\\/\\\/mylovelyrods.com\\\/index.php\\\/produit\\\/canne-mouche-11-mandala\\\/#breadcrumb\",\"itemListElement\":[{\"@type\":\"ListItem\",\"position\":1,\"name\":\"Accueil\",\"item\":\"https:\\\/\\\/mylovelyrods.com\\\/\"},{\"@type\":\"ListItem\",\"position\":2,\"name\":\"Produits\",\"item\":\"https:\\\/\\\/mylovelyrods.com\\\/index.php\\\/boutique\\\/\"},{\"@type\":\"ListItem\",\"position\":3,\"name\":\"Canne mouche personalis\u00e9e 11&prime; #2 &#8211; 4 \u00ab\u00a0Mandala\u00a0\u00bb\"}]},{\"@type\":\"WebSite\",\"@id\":\"https:\\\/\\\/mylovelyrods.com\\\/#website\",\"url\":\"https:\\\/\\\/mylovelyrods.com\\\/\",\"name\":\"Mylovelyrods\",\"description\":\"Facteur de canne, restaurations, customisations, rodbuilding, mouches, nymphes et petit mat\u00e9riel...\",\"publisher\":{\"@id\":\"https:\\\/\\\/mylovelyrods.com\\\/#organization\"},\"potentialAction\":[{\"@type\":\"SearchAction\",\"target\":{\"@type\":\"EntryPoint\",\"urlTemplate\":\"https:\\\/\\\/mylovelyrods.com\\\/?s={search_term_string}\"},\"query-input\":{\"@type\":\"PropertyValueSpecification\",\"valueRequired\":true,\"valueName\":\"search_term_string\"}}],\"inLanguage\":\"fr-FR\"},{\"@type\":\"Organization\",\"@id\":\"https:\\\/\\\/mylovelyrods.com\\\/#organization\",\"name\":\"Mylovelyrods\",\"url\":\"https:\\\/\\\/mylovelyrods.com\\\/\",\"logo\":{\"@type\":\"ImageObject\",\"inLanguage\":\"fr-FR\",\"@id\":\"https:\\\/\\\/mylovelyrods.com\\\/#\\\/schema\\\/logo\\\/image\\\/\",\"url\":\"https:\\\/\\\/mylovelyrods.com\\\/wp-content\\\/uploads\\\/2021\\\/01\\\/0001-scaled-e1611186770281.jpg\",\"contentUrl\":\"https:\\\/\\\/mylovelyrods.com\\\/wp-content\\\/uploads\\\/2021\\\/01\\\/0001-scaled-e1611186770281.jpg\",\"width\":2560,\"height\":716,\"caption\":\"Mylovelyrods\"},\"image\":{\"@id\":\"https:\\\/\\\/mylovelyrods.com\\\/#\\\/schema\\\/logo\\\/image\\\/\"},\"sameAs\":[\"https:\\\/\\\/m.facebook.com\\\/people\\\/Mylovelyrods\\\/100062956103344\\\/?locale=fr_FR\",\"https:\\\/\\\/www.instagram.com\\\/mylovelyrods\\\/?hl=fr\"]}]}<\/script>\n<!-- \/ Yoast SEO plugin. -->","yoast_head_json":{"title":"Canne mouche 11' #2 \"Mandala\" l\u00e9g\u00e8re pour sa longueur - Mylovelyrods","description":"Canne mouche 11' tr\u00e8s l\u00e9g\u00e8re pour sa longueur, d'action fast, elle saura brider les plus beaux poissons! Polyvalente s\u00e8che\/nymphe","robots":{"index":"index","follow":"follow","max-snippet":"max-snippet:-1","max-image-preview":"max-image-preview:large","max-video-preview":"max-video-preview:-1"},"canonical":"https:\/\/mylovelyrods.com\/index.php\/produit\/canne-mouche-11-mandala\/","og_locale":"fr_FR","og_type":"article","og_title":"Canne mouche 11' #2 \"Mandala\" l\u00e9g\u00e8re pour sa longueur - Mylovelyrods","og_description":"Canne mouche 11' tr\u00e8s l\u00e9g\u00e8re pour sa longueur, d'action fast, elle saura brider les plus beaux poissons! Polyvalente s\u00e8che\/nymphe","og_url":"https:\/\/mylovelyrods.com\/index.php\/produit\/canne-mouche-11-mandala\/","og_site_name":"Mylovelyrods","article_publisher":"https:\/\/m.facebook.com\/people\/Mylovelyrods\/100062956103344\/?locale=fr_FR","article_modified_time":"2026-02-01T21:40:55+00:00","og_image":[{"width":1424,"height":2560,"url":"https:\/\/mylovelyrods.com\/wp-content\/uploads\/2021\/06\/20210623_112815-1-scaled.jpg","type":"image\/jpeg"}],"twitter_card":"summary_large_image","twitter_misc":{"Dur\u00e9e de lecture estim\u00e9e":"2 minutes"},"schema":{"@context":"https:\/\/schema.org","@graph":[{"@type":"WebPage","@id":"https:\/\/mylovelyrods.com\/index.php\/produit\/canne-mouche-11-mandala\/","url":"https:\/\/mylovelyrods.com\/index.php\/produit\/canne-mouche-11-mandala\/","name":"Canne mouche 11' #2 \"Mandala\" l\u00e9g\u00e8re pour sa longueur - Mylovelyrods","isPartOf":{"@id":"https:\/\/mylovelyrods.com\/#website"},"primaryImageOfPage":{"@id":"https:\/\/mylovelyrods.com\/index.php\/produit\/canne-mouche-11-mandala\/#primaryimage"},"image":{"@id":"https:\/\/mylovelyrods.com\/index.php\/produit\/canne-mouche-11-mandala\/#primaryimage"},"thumbnailUrl":"https:\/\/i0.wp.com\/mylovelyrods.com\/wp-content\/uploads\/2021\/06\/20210623_112815-1-scaled.jpg?fit=1424%2C2560&ssl=1","datePublished":"2021-06-23T10:00:25+00:00","dateModified":"2026-02-01T21:40:55+00:00","description":"Canne mouche 11' tr\u00e8s l\u00e9g\u00e8re pour sa longueur, d'action fast, elle saura brider les plus beaux poissons! Polyvalente s\u00e8che\/nymphe","breadcrumb":{"@id":"https:\/\/mylovelyrods.com\/index.php\/produit\/canne-mouche-11-mandala\/#breadcrumb"},"inLanguage":"fr-FR","potentialAction":[{"@type":"ReadAction","target":["https:\/\/mylovelyrods.com\/index.php\/produit\/canne-mouche-11-mandala\/"]}]},{"@type":"ImageObject","inLanguage":"fr-FR","@id":"https:\/\/mylovelyrods.com\/index.php\/produit\/canne-mouche-11-mandala\/#primaryimage","url":"https:\/\/i0.wp.com\/mylovelyrods.com\/wp-content\/uploads\/2021\/06\/20210623_112815-1-scaled.jpg?fit=1424%2C2560&ssl=1","contentUrl":"https:\/\/i0.wp.com\/mylovelyrods.com\/wp-content\/uploads\/2021\/06\/20210623_112815-1-scaled.jpg?fit=1424%2C2560&ssl=1","width":1424,"height":2560,"caption":"Canne mouche 11' La Mandala 11' #2"},{"@type":"BreadcrumbList","@id":"https:\/\/mylovelyrods.com\/index.php\/produit\/canne-mouche-11-mandala\/#breadcrumb","itemListElement":[{"@type":"ListItem","position":1,"name":"Accueil","item":"https:\/\/mylovelyrods.com\/"},{"@type":"ListItem","position":2,"name":"Produits","item":"https:\/\/mylovelyrods.com\/index.php\/boutique\/"},{"@type":"ListItem","position":3,"name":"Canne mouche personalis\u00e9e 11&prime; #2 &#8211; 4 \u00ab\u00a0Mandala\u00a0\u00bb"}]},{"@type":"WebSite","@id":"https:\/\/mylovelyrods.com\/#website","url":"https:\/\/mylovelyrods.com\/","name":"Mylovelyrods","description":"Facteur de canne, restaurations, customisations, rodbuilding, mouches, nymphes et petit mat\u00e9riel...","publisher":{"@id":"https:\/\/mylovelyrods.com\/#organization"},"potentialAction":[{"@type":"SearchAction","target":{"@type":"EntryPoint","urlTemplate":"https:\/\/mylovelyrods.com\/?s={search_term_string}"},"query-input":{"@type":"PropertyValueSpecification","valueRequired":true,"valueName":"search_term_string"}}],"inLanguage":"fr-FR"},{"@type":"Organization","@id":"https:\/\/mylovelyrods.com\/#organization","name":"Mylovelyrods","url":"https:\/\/mylovelyrods.com\/","logo":{"@type":"ImageObject","inLanguage":"fr-FR","@id":"https:\/\/mylovelyrods.com\/#\/schema\/logo\/image\/","url":"https:\/\/mylovelyrods.com\/wp-content\/uploads\/2021\/01\/0001-scaled-e1611186770281.jpg","contentUrl":"https:\/\/mylovelyrods.com\/wp-content\/uploads\/2021\/01\/0001-scaled-e1611186770281.jpg","width":2560,"height":716,"caption":"Mylovelyrods"},"image":{"@id":"https:\/\/mylovelyrods.com\/#\/schema\/logo\/image\/"},"sameAs":["https:\/\/m.facebook.com\/people\/Mylovelyrods\/100062956103344\/?locale=fr_FR","https:\/\/www.instagram.com\/mylovelyrods\/?hl=fr"]}]}},"jetpack_sharing_enabled":true,"_links":{"self":[{"href":"https:\/\/mylovelyrods.com\/index.php\/wp-json\/wp\/v2\/product\/1076","targetHints":{"allow":["GET"]}}],"collection":[{"href":"https:\/\/mylovelyrods.com\/index.php\/wp-json\/wp\/v2\/product"}],"about":[{"href":"https:\/\/mylovelyrods.com\/index.php\/wp-json\/wp\/v2\/types\/product"}],"wp:featuredmedia":[{"embeddable":true,"href":"https:\/\/mylovelyrods.com\/index.php\/wp-json\/wp\/v2\/media\/1077"}],"wp:attachment":[{"href":"https:\/\/mylovelyrods.com\/index.php\/wp-json\/wp\/v2\/media?parent=1076"}],"wp:term":[{"taxonomy":"product_brand","embeddable":true,"href":"https:\/\/mylovelyrods.com\/index.php\/wp-json\/wp\/v2\/product_brand?post=1076"},{"taxonomy":"product_cat","embeddable":true,"href":"https:\/\/mylovelyrods.com\/index.php\/wp-json\/wp\/v2\/product_cat?post=1076"},{"taxonomy":"product_tag","embeddable":true,"href":"https:\/\/mylovelyrods.com\/index.php\/wp-json\/wp\/v2\/product_tag?post=1076"}],"curies":[{"name":"wp","href":"https:\/\/api.w.org\/{rel}","templated":true}]}}