{"id":1258,"date":"2021-08-14T20:07:34","date_gmt":"2021-08-14T18:07:34","guid":{"rendered":"https:\/\/mylovelyrods.com\/?post_type=product&#038;p=1258"},"modified":"2026-02-04T14:44:50","modified_gmt":"2026-02-04T13:44:50","slug":"blank-96-5","status":"publish","type":"product","link":"https:\/\/mylovelyrods.com\/index.php\/produit\/blank-96-5\/","title":{"rendered":"Blank 9&rsquo;6&Prime; #5 &#8211; 4 brins"},"content":{"rendered":"<p>Blank 9&rsquo;6&Prime; #5, en 4 brins, de couleur \u00ab\u00a0marron m\u00e9tallique\u00a0\u00bb brillant,\u00a0 Made in Cor\u00e9e, en carbone roul\u00e9 IM12, que j&rsquo;importe directement.<\/p>\n<p>le diam\u00e8tre du bout du scion, le tip est de: 1,00 mm.<\/p>\n<p>Le diam\u00e8tre du talon est de 8,8 mm.<\/p>\n<p>Pour ce qui sont des mesures techniques, le protocole \u00ab\u00a0common cents\u00a0\u00bb (dont vous aurez les d\u00e9tails ici: <a href=\"https:\/\/www.truites-et-cie.fr\/article\/materiel\/mouche\/protocole-de-test-des-cannes-mouche\">https:\/\/www.truites-et-cie.fr\/article\/materiel\/mouche\/protocole-de-test-des-cannes-mouche<\/a>) a permis de mesurer:<\/p>\n<p>Le poids du blank est de 42,55g<\/p>\n<p>L&rsquo;action Angle est de AA: 75\u00b0. ce qui classe l&rsquo;action de ce blank dans la cat\u00e9gorie Fast.<\/p>\n<p>En tout, il a fallu 46 cents pour faire plier le blank sur un tiers de sa longueur. Apr\u00e8s conversion, cela donne un ERN: 5,79 ce blank est donc class\u00e9 pour une soie de 5.<\/p>\n<p>Ce blank 9&rsquo;6&Prime; #5, 4 brins, couleur \u00ab\u00a0marron m\u00e9tallique\u00a0\u00bb brillant, sera plut\u00f4t polyvalent. Il sera le blank parfait pour moyenne et grande rivi\u00e8re. Il sera parfait et pour la p\u00eache en s\u00e8che, comme pour la p\u00eache en nymphe. Ce sera l&rsquo;alli\u00e9 optimal!<\/p>\n<p>Le blank est fourni avec sa housse tissu en 100% coton orange fluo. Si vous souhaitez une housse personnalis\u00e9e comme celle ci, cela est possible alors n&rsquo;h\u00e9sitez pas \u00e0 me contacter <a href=\"https:\/\/mylovelyrods.com\/index.php\/demande-devis-contact-canne-a-peche-artisanale\/\">ici<\/a>.<\/p>\n<p><img data-recalc-dims=\"1\" loading=\"lazy\" decoding=\"async\" class=\"alignnone wp-image-1108 size-medium\" title=\"Housse personnalis\u00e9e pour une 9'\" src=\"https:\/\/i0.wp.com\/mylovelyrods.com\/wp-content\/uploads\/2021\/07\/IMG_20210714_112548_125.jpg?resize=300%2C300&#038;ssl=1\" alt=\"Housse personnalis\u00e9e\" width=\"300\" height=\"300\" srcset=\"https:\/\/i0.wp.com\/mylovelyrods.com\/wp-content\/uploads\/2021\/07\/IMG_20210714_112548_125.jpg?resize=300%2C300&amp;ssl=1 300w, https:\/\/i0.wp.com\/mylovelyrods.com\/wp-content\/uploads\/2021\/07\/IMG_20210714_112548_125.jpg?resize=1024%2C1024&amp;ssl=1 1024w, https:\/\/i0.wp.com\/mylovelyrods.com\/wp-content\/uploads\/2021\/07\/IMG_20210714_112548_125.jpg?resize=150%2C150&amp;ssl=1 150w, https:\/\/i0.wp.com\/mylovelyrods.com\/wp-content\/uploads\/2021\/07\/IMG_20210714_112548_125.jpg?resize=768%2C768&amp;ssl=1 768w, https:\/\/i0.wp.com\/mylovelyrods.com\/wp-content\/uploads\/2021\/07\/IMG_20210714_112548_125.jpg?resize=600%2C600&amp;ssl=1 600w, https:\/\/i0.wp.com\/mylovelyrods.com\/wp-content\/uploads\/2021\/07\/IMG_20210714_112548_125.jpg?w=1440&amp;ssl=1 1440w\" sizes=\"auto, (max-width: 300px) 100vw, 300px\" \/><\/p>\n<p>Si vous souhaitez plus d&rsquo;informations, alors n&rsquo;h\u00e9sitez pas \u00e0 me contacter <a href=\"https:\/\/mylovelyrods.com\/index.php\/demande-devis-contact-canne-a-peche-artisanale\/\">ici<\/a>.<\/p>\n","protected":false},"excerpt":{"rendered":"<p>Blank 9&rsquo;6&Prime; #5, en 4 brins, de couleur \u00ab\u00a0marron m\u00e9tallique\u00a0\u00bb brillant,\u00a0 Made in Cor\u00e9e, en carbone roul\u00e9 IM12, que j&rsquo;importe directement.<\/p>\n<p>le diam\u00e8tre du bout du scion, le tip est de: 1,00 mm.<\/p>\n<p>Le diam\u00e8tre du talon est de 8,8 mm.<\/p>\n<p>Pour ce qui sont des mesures techniques, le protocole \u00ab\u00a0common cents\u00a0\u00bb (dont vous aurez les d\u00e9tails ici: <a href=\"https:\/\/www.truites-et-cie.fr\/article\/materiel\/mouche\/protocole-de-test-des-cannes-mouche\">https:\/\/www.truites-et-cie.fr\/article\/materiel\/mouche\/protocole-de-test-des-cannes-mouche<\/a>) a permis de mesurer:<\/p>\n<p>Le poids du blank est de 42,55g<\/p>\n<p>L&rsquo;action Angle est de AA: 75\u00b0. ce qui classe l&rsquo;action de ce blank dans la cat\u00e9gorie Fast.<\/p>\n<p>En tout, il a fallu 46 cents pour faire plier le blank sur un tiers de sa longueur. Apr\u00e8s conversion, cela donne un ERN: 5,79 ce blank est donc class\u00e9 pour une soie de 5.<\/p>\n<p>Ce blank 9&rsquo;6&Prime; #5, 4 brins, couleur \u00ab\u00a0marron m\u00e9tallique\u00a0\u00bb brillant, sera plut\u00f4t polyvalent. Il sera le blank parfait pour moyenne et grande rivi\u00e8re. Il sera parfait et pour la p\u00eache en s\u00e8che, comme pour la p\u00eache en nymphe. Ce sera l&rsquo;alli\u00e9 optimal!<\/p>\n<p>Le blank est fourni avec sa housse tissu en 100% coton orange fluo. Si vous souhaitez une housse personnalis\u00e9e comme celle ci, cela est possible alors n&rsquo;h\u00e9sitez pas \u00e0 me contacter <a href=\"https:\/\/mylovelyrods.com\/index.php\/demande-devis-contact-canne-a-peche-artisanale\/\">ici<\/a>.<\/p>\n","protected":false},"featured_media":1259,"template":"","meta":{"jetpack_post_was_ever_published":false,"_glsr_average":0,"_glsr_ranking":0,"_glsr_reviews":0},"product_brand":[],"product_cat":[33,43],"product_tag":[],"class_list":{"0":"post-1258","1":"product","2":"type-product","3":"status-publish","4":"has-post-thumbnail","6":"product_cat-blanks","7":"product_cat-rodbuilding-montage-de-canne","8":"product_shipping_class-blank","10":"first","11":"instock","12":"shipping-taxable","13":"purchasable","14":"product-type-simple"},"yoast_head":"<!-- This site is optimized with the Yoast SEO plugin v27.4 - https:\/\/yoast.com\/product\/yoast-seo-wordpress\/ -->\n<title>Blank 9&#039;6&quot; #5 - 4 brins - 4 brins - Rodbuilding - Mylovelyrods<\/title>\n<meta name=\"description\" content=\"Blank 9&#039;6&quot; #5, 4 brins, couleur &quot;marron metallique&quot; brillant, sera polyvalent. Il sera le blank parfait pour moyenne grande rivi\u00e8re\" \/>\n<meta name=\"robots\" content=\"index, follow, max-snippet:-1, max-image-preview:large, max-video-preview:-1\" \/>\n<link rel=\"canonical\" href=\"https:\/\/mylovelyrods.com\/index.php\/produit\/blank-96-5\/\" \/>\n<meta property=\"og:locale\" content=\"fr_FR\" \/>\n<meta property=\"og:type\" content=\"article\" \/>\n<meta property=\"og:title\" content=\"Blank 9&#039;6&quot; #5 - 4 brins - 4 brins - Rodbuilding - Mylovelyrods\" \/>\n<meta property=\"og:description\" content=\"Blank 9&#039;6&quot; #5, 4 brins, couleur &quot;marron metallique&quot; brillant, sera polyvalent. Il sera le blank parfait pour moyenne grande rivi\u00e8re\" \/>\n<meta property=\"og:url\" content=\"https:\/\/mylovelyrods.com\/index.php\/produit\/blank-96-5\/\" \/>\n<meta property=\"og:site_name\" content=\"Mylovelyrods\" \/>\n<meta property=\"article:publisher\" content=\"https:\/\/m.facebook.com\/people\/Mylovelyrods\/100062956103344\/?locale=fr_FR\" \/>\n<meta property=\"article:modified_time\" content=\"2026-02-04T13:44:50+00:00\" \/>\n<meta property=\"og:image\" content=\"https:\/\/mylovelyrods.com\/wp-content\/uploads\/2021\/08\/20210812_192304-scaled.jpg\" \/>\n\t<meta property=\"og:image:width\" content=\"1211\" \/>\n\t<meta property=\"og:image:height\" content=\"2560\" \/>\n\t<meta property=\"og:image:type\" content=\"image\/jpeg\" \/>\n<meta name=\"twitter:card\" content=\"summary_large_image\" \/>\n<meta name=\"twitter:label1\" content=\"Dur\u00e9e de lecture estim\u00e9e\" \/>\n\t<meta name=\"twitter:data1\" content=\"2 minutes\" \/>\n<script type=\"application\/ld+json\" class=\"yoast-schema-graph\">{\"@context\":\"https:\\\/\\\/schema.org\",\"@graph\":[{\"@type\":\"WebPage\",\"@id\":\"https:\\\/\\\/mylovelyrods.com\\\/index.php\\\/produit\\\/blank-96-5\\\/\",\"url\":\"https:\\\/\\\/mylovelyrods.com\\\/index.php\\\/produit\\\/blank-96-5\\\/\",\"name\":\"Blank 9'6\\\" #5 - 4 brins - 4 brins - Rodbuilding - Mylovelyrods\",\"isPartOf\":{\"@id\":\"https:\\\/\\\/mylovelyrods.com\\\/#website\"},\"primaryImageOfPage\":{\"@id\":\"https:\\\/\\\/mylovelyrods.com\\\/index.php\\\/produit\\\/blank-96-5\\\/#primaryimage\"},\"image\":{\"@id\":\"https:\\\/\\\/mylovelyrods.com\\\/index.php\\\/produit\\\/blank-96-5\\\/#primaryimage\"},\"thumbnailUrl\":\"https:\\\/\\\/i0.wp.com\\\/mylovelyrods.com\\\/wp-content\\\/uploads\\\/2021\\\/08\\\/20210812_192304-scaled.jpg?fit=1211%2C2560&ssl=1\",\"datePublished\":\"2021-08-14T18:07:34+00:00\",\"dateModified\":\"2026-02-04T13:44:50+00:00\",\"description\":\"Blank 9'6\\\" #5, 4 brins, couleur \\\"marron metallique\\\" brillant, sera polyvalent. Il sera le blank parfait pour moyenne grande rivi\u00e8re\",\"breadcrumb\":{\"@id\":\"https:\\\/\\\/mylovelyrods.com\\\/index.php\\\/produit\\\/blank-96-5\\\/#breadcrumb\"},\"inLanguage\":\"fr-FR\",\"potentialAction\":[{\"@type\":\"ReadAction\",\"target\":[\"https:\\\/\\\/mylovelyrods.com\\\/index.php\\\/produit\\\/blank-96-5\\\/\"]}]},{\"@type\":\"ImageObject\",\"inLanguage\":\"fr-FR\",\"@id\":\"https:\\\/\\\/mylovelyrods.com\\\/index.php\\\/produit\\\/blank-96-5\\\/#primaryimage\",\"url\":\"https:\\\/\\\/i0.wp.com\\\/mylovelyrods.com\\\/wp-content\\\/uploads\\\/2021\\\/08\\\/20210812_192304-scaled.jpg?fit=1211%2C2560&ssl=1\",\"contentUrl\":\"https:\\\/\\\/i0.wp.com\\\/mylovelyrods.com\\\/wp-content\\\/uploads\\\/2021\\\/08\\\/20210812_192304-scaled.jpg?fit=1211%2C2560&ssl=1\",\"width\":1211,\"height\":2560,\"caption\":\"Blank 9'6\\\" pour soie de 5 et 6 en 4 brins Carbone IM12\"},{\"@type\":\"BreadcrumbList\",\"@id\":\"https:\\\/\\\/mylovelyrods.com\\\/index.php\\\/produit\\\/blank-96-5\\\/#breadcrumb\",\"itemListElement\":[{\"@type\":\"ListItem\",\"position\":1,\"name\":\"Accueil\",\"item\":\"https:\\\/\\\/mylovelyrods.com\\\/\"},{\"@type\":\"ListItem\",\"position\":2,\"name\":\"Produits\",\"item\":\"https:\\\/\\\/mylovelyrods.com\\\/index.php\\\/boutique\\\/\"},{\"@type\":\"ListItem\",\"position\":3,\"name\":\"Blank 9&rsquo;6&Prime; #5 &#8211; 4 brins\"}]},{\"@type\":\"WebSite\",\"@id\":\"https:\\\/\\\/mylovelyrods.com\\\/#website\",\"url\":\"https:\\\/\\\/mylovelyrods.com\\\/\",\"name\":\"Mylovelyrods\",\"description\":\"Facteur de canne, restaurations, customisations, rodbuilding, mouches, nymphes et petit mat\u00e9riel...\",\"publisher\":{\"@id\":\"https:\\\/\\\/mylovelyrods.com\\\/#organization\"},\"potentialAction\":[{\"@type\":\"SearchAction\",\"target\":{\"@type\":\"EntryPoint\",\"urlTemplate\":\"https:\\\/\\\/mylovelyrods.com\\\/?s={search_term_string}\"},\"query-input\":{\"@type\":\"PropertyValueSpecification\",\"valueRequired\":true,\"valueName\":\"search_term_string\"}}],\"inLanguage\":\"fr-FR\"},{\"@type\":\"Organization\",\"@id\":\"https:\\\/\\\/mylovelyrods.com\\\/#organization\",\"name\":\"Mylovelyrods\",\"url\":\"https:\\\/\\\/mylovelyrods.com\\\/\",\"logo\":{\"@type\":\"ImageObject\",\"inLanguage\":\"fr-FR\",\"@id\":\"https:\\\/\\\/mylovelyrods.com\\\/#\\\/schema\\\/logo\\\/image\\\/\",\"url\":\"https:\\\/\\\/mylovelyrods.com\\\/wp-content\\\/uploads\\\/2021\\\/01\\\/0001-scaled-e1611186770281.jpg\",\"contentUrl\":\"https:\\\/\\\/mylovelyrods.com\\\/wp-content\\\/uploads\\\/2021\\\/01\\\/0001-scaled-e1611186770281.jpg\",\"width\":2560,\"height\":716,\"caption\":\"Mylovelyrods\"},\"image\":{\"@id\":\"https:\\\/\\\/mylovelyrods.com\\\/#\\\/schema\\\/logo\\\/image\\\/\"},\"sameAs\":[\"https:\\\/\\\/m.facebook.com\\\/people\\\/Mylovelyrods\\\/100062956103344\\\/?locale=fr_FR\",\"https:\\\/\\\/www.instagram.com\\\/mylovelyrods\\\/?hl=fr\"]}]}<\/script>\n<!-- \/ Yoast SEO plugin. -->","yoast_head_json":{"title":"Blank 9'6\" #5 - 4 brins - 4 brins - Rodbuilding - Mylovelyrods","description":"Blank 9'6\" #5, 4 brins, couleur \"marron metallique\" brillant, sera polyvalent. Il sera le blank parfait pour moyenne grande rivi\u00e8re","robots":{"index":"index","follow":"follow","max-snippet":"max-snippet:-1","max-image-preview":"max-image-preview:large","max-video-preview":"max-video-preview:-1"},"canonical":"https:\/\/mylovelyrods.com\/index.php\/produit\/blank-96-5\/","og_locale":"fr_FR","og_type":"article","og_title":"Blank 9'6\" #5 - 4 brins - 4 brins - Rodbuilding - Mylovelyrods","og_description":"Blank 9'6\" #5, 4 brins, couleur \"marron metallique\" brillant, sera polyvalent. Il sera le blank parfait pour moyenne grande rivi\u00e8re","og_url":"https:\/\/mylovelyrods.com\/index.php\/produit\/blank-96-5\/","og_site_name":"Mylovelyrods","article_publisher":"https:\/\/m.facebook.com\/people\/Mylovelyrods\/100062956103344\/?locale=fr_FR","article_modified_time":"2026-02-04T13:44:50+00:00","og_image":[{"width":1211,"height":2560,"url":"https:\/\/mylovelyrods.com\/wp-content\/uploads\/2021\/08\/20210812_192304-scaled.jpg","type":"image\/jpeg"}],"twitter_card":"summary_large_image","twitter_misc":{"Dur\u00e9e de lecture estim\u00e9e":"2 minutes"},"schema":{"@context":"https:\/\/schema.org","@graph":[{"@type":"WebPage","@id":"https:\/\/mylovelyrods.com\/index.php\/produit\/blank-96-5\/","url":"https:\/\/mylovelyrods.com\/index.php\/produit\/blank-96-5\/","name":"Blank 9'6\" #5 - 4 brins - 4 brins - Rodbuilding - Mylovelyrods","isPartOf":{"@id":"https:\/\/mylovelyrods.com\/#website"},"primaryImageOfPage":{"@id":"https:\/\/mylovelyrods.com\/index.php\/produit\/blank-96-5\/#primaryimage"},"image":{"@id":"https:\/\/mylovelyrods.com\/index.php\/produit\/blank-96-5\/#primaryimage"},"thumbnailUrl":"https:\/\/i0.wp.com\/mylovelyrods.com\/wp-content\/uploads\/2021\/08\/20210812_192304-scaled.jpg?fit=1211%2C2560&ssl=1","datePublished":"2021-08-14T18:07:34+00:00","dateModified":"2026-02-04T13:44:50+00:00","description":"Blank 9'6\" #5, 4 brins, couleur \"marron metallique\" brillant, sera polyvalent. Il sera le blank parfait pour moyenne grande rivi\u00e8re","breadcrumb":{"@id":"https:\/\/mylovelyrods.com\/index.php\/produit\/blank-96-5\/#breadcrumb"},"inLanguage":"fr-FR","potentialAction":[{"@type":"ReadAction","target":["https:\/\/mylovelyrods.com\/index.php\/produit\/blank-96-5\/"]}]},{"@type":"ImageObject","inLanguage":"fr-FR","@id":"https:\/\/mylovelyrods.com\/index.php\/produit\/blank-96-5\/#primaryimage","url":"https:\/\/i0.wp.com\/mylovelyrods.com\/wp-content\/uploads\/2021\/08\/20210812_192304-scaled.jpg?fit=1211%2C2560&ssl=1","contentUrl":"https:\/\/i0.wp.com\/mylovelyrods.com\/wp-content\/uploads\/2021\/08\/20210812_192304-scaled.jpg?fit=1211%2C2560&ssl=1","width":1211,"height":2560,"caption":"Blank 9'6\" pour soie de 5 et 6 en 4 brins Carbone IM12"},{"@type":"BreadcrumbList","@id":"https:\/\/mylovelyrods.com\/index.php\/produit\/blank-96-5\/#breadcrumb","itemListElement":[{"@type":"ListItem","position":1,"name":"Accueil","item":"https:\/\/mylovelyrods.com\/"},{"@type":"ListItem","position":2,"name":"Produits","item":"https:\/\/mylovelyrods.com\/index.php\/boutique\/"},{"@type":"ListItem","position":3,"name":"Blank 9&rsquo;6&Prime; #5 &#8211; 4 brins"}]},{"@type":"WebSite","@id":"https:\/\/mylovelyrods.com\/#website","url":"https:\/\/mylovelyrods.com\/","name":"Mylovelyrods","description":"Facteur de canne, restaurations, customisations, rodbuilding, mouches, nymphes et petit mat\u00e9riel...","publisher":{"@id":"https:\/\/mylovelyrods.com\/#organization"},"potentialAction":[{"@type":"SearchAction","target":{"@type":"EntryPoint","urlTemplate":"https:\/\/mylovelyrods.com\/?s={search_term_string}"},"query-input":{"@type":"PropertyValueSpecification","valueRequired":true,"valueName":"search_term_string"}}],"inLanguage":"fr-FR"},{"@type":"Organization","@id":"https:\/\/mylovelyrods.com\/#organization","name":"Mylovelyrods","url":"https:\/\/mylovelyrods.com\/","logo":{"@type":"ImageObject","inLanguage":"fr-FR","@id":"https:\/\/mylovelyrods.com\/#\/schema\/logo\/image\/","url":"https:\/\/mylovelyrods.com\/wp-content\/uploads\/2021\/01\/0001-scaled-e1611186770281.jpg","contentUrl":"https:\/\/mylovelyrods.com\/wp-content\/uploads\/2021\/01\/0001-scaled-e1611186770281.jpg","width":2560,"height":716,"caption":"Mylovelyrods"},"image":{"@id":"https:\/\/mylovelyrods.com\/#\/schema\/logo\/image\/"},"sameAs":["https:\/\/m.facebook.com\/people\/Mylovelyrods\/100062956103344\/?locale=fr_FR","https:\/\/www.instagram.com\/mylovelyrods\/?hl=fr"]}]}},"jetpack_sharing_enabled":true,"_links":{"self":[{"href":"https:\/\/mylovelyrods.com\/index.php\/wp-json\/wp\/v2\/product\/1258","targetHints":{"allow":["GET"]}}],"collection":[{"href":"https:\/\/mylovelyrods.com\/index.php\/wp-json\/wp\/v2\/product"}],"about":[{"href":"https:\/\/mylovelyrods.com\/index.php\/wp-json\/wp\/v2\/types\/product"}],"wp:featuredmedia":[{"embeddable":true,"href":"https:\/\/mylovelyrods.com\/index.php\/wp-json\/wp\/v2\/media\/1259"}],"wp:attachment":[{"href":"https:\/\/mylovelyrods.com\/index.php\/wp-json\/wp\/v2\/media?parent=1258"}],"wp:term":[{"taxonomy":"product_brand","embeddable":true,"href":"https:\/\/mylovelyrods.com\/index.php\/wp-json\/wp\/v2\/product_brand?post=1258"},{"taxonomy":"product_cat","embeddable":true,"href":"https:\/\/mylovelyrods.com\/index.php\/wp-json\/wp\/v2\/product_cat?post=1258"},{"taxonomy":"product_tag","embeddable":true,"href":"https:\/\/mylovelyrods.com\/index.php\/wp-json\/wp\/v2\/product_tag?post=1258"}],"curies":[{"name":"wp","href":"https:\/\/api.w.org\/{rel}","templated":true}]}}