{"id":1273,"date":"2021-08-15T14:04:41","date_gmt":"2021-08-15T12:04:41","guid":{"rendered":"https:\/\/mylovelyrods.com\/?post_type=product&#038;p=1273"},"modified":"2026-01-04T16:39:59","modified_gmt":"2026-01-04T15:39:59","slug":"moulinet-mouche","status":"publish","type":"product","link":"https:\/\/mylovelyrods.com\/index.php\/produit\/moulinet-mouche\/","title":{"rendered":"Moulinet mouche B&#038;G"},"content":{"rendered":"<p>Moulinet mouche disponible an plusieurs tailles. En effet je vous propose ce moulinet premi\u00e8rement en taille de soie 3 \u00e0 5, deuxi\u00e8mement en taille de 5 \u00e0 7, enfin en taille 9 \u00e0 11.<\/p>\n<p>C&rsquo;est un moulinet qui a une bobine large arbor, c&rsquo;est \u00e0 dire tout simplement une bobine large, qui permet de p\u00eacher en nymphe au fil. Le frein est un syst\u00e8me de multi disques carbones, et est assez progressif et surtout le syst\u00e8me de freinage et totalement \u00e9tanche.<\/p>\n<p>J&rsquo;ai choisi ce moulinet pour son design et sa facilit\u00e9 d&rsquo;utilisation. Les poids selon les tailles sont:<\/p>\n<p>Pour les soies 3 \u00e0 5, le poids du moulinet correspondant est de 149g<\/p>\n<p>Pour les soies de 5 \u00e0 7, le poids du moulinet correspondant est de 167g<\/p>\n<p>Enfin pour les soies de 9 \u00e0 11, le poids du moulinet correspondant est de 193g<\/p>\n<p>Ce dernier sera tr\u00e8s bien pour p\u00eacher la carpe, le brochet, le mulet, le bar, et les petits silures. Le frein n&rsquo;est pas assez puissant pour les thons ainsi que pour les gros silures de 2 m\u00e8tres.<\/p>\n<p>Ce Moulinet mouche est fourni dans une housse n\u00e9opr\u00e8ne et une boite en carton.<\/p>\n<p>Si vous souhaitez plus d&rsquo;informations, alors n&rsquo;h\u00e9sitez pas \u00e0 m&rsquo;\u00e9crire <a href=\"https:\/\/mylovelyrods.com\/index.php\/demande-devis-contact-canne-a-peche-artisanale\/\">ici<\/a>.<\/p>\n<p>Pour me suivre sur les r\u00e9seaux sociaux c&rsquo;est par <a href=\"https:\/\/www.facebook.com\/pages\/category\/Sports\/Mylovelyrods-101775187859974\/\">ici<\/a> et par <a href=\"https:\/\/www.instagram.com\/mylovelyrods\/?hl=fr\">l\u00e0<\/a>.<\/p>\n","protected":false},"excerpt":{"rendered":"<p>Moulinet mouche disponible an plusieurs tailles. En effet je vous propose ce moulinet premi\u00e8rement en taille de soie 3 \u00e0 5, deuxi\u00e8mement en taille de 5 \u00e0 7, enfin en taille 9 \u00e0 11.<\/p>\n<p>C&rsquo;est un moulinet qui a une bobine large arbor, c&rsquo;est \u00e0 dire tout simplement une bobine large, qui permet de p\u00eacher en nymphe au fil. Le frein est un syst\u00e8me de multi disques carbones, et est assez progressif et surtout le syst\u00e8me de freinage et totalement \u00e9tanche.<\/p>\n<p>J&rsquo;ai choisi ce moulinet pour son design et sa facilit\u00e9 d&rsquo;utilisation. Les poids selon les tailles sont:<\/p>\n<p>Pour les soies 3 \u00e0 5, le poids du moulinet correspondant est de 149g<\/p>\n<p>Pour les soies de 5 \u00e0 7, le poids du moulinet correspondant est de 167g<\/p>\n<p>Enfin pour les soies de 9 \u00e0 11, le poids du moulinet correspondant est de 193g<\/p>\n<p>Ce dernier sera tr\u00e8s bien pour p\u00eacher la carpe, le brochet, le mulet, le bar, et les petits silures. Le frein n&rsquo;est pas assez puissant pour les thons ainsi que pour les gros silures de 2 m\u00e8tres.<\/p>\n<p>Ce Moulinet mouche est fourni dans une housse n\u00e9opr\u00e8ne et une boite en carton.<\/p>\n<p>Si vous souhaitez plus d&rsquo;informations, alors n&rsquo;h\u00e9sitez pas \u00e0 m&rsquo;\u00e9crire <a href=\"https:\/\/mylovelyrods.com\/index.php\/demande-devis-contact-canne-a-peche-artisanale\/\">ici<\/a>.<\/p>\n<p>Pour me suivre sur les r\u00e9seaux sociaux c&rsquo;est par <a href=\"https:\/\/www.facebook.com\/pages\/category\/Sports\/Mylovelyrods-101775187859974\/\">ici<\/a> et par <a href=\"https:\/\/www.instagram.com\/mylovelyrods\/?hl=fr\">l\u00e0<\/a>.<\/p>\n","protected":false},"featured_media":1272,"template":"","meta":{"jetpack_post_was_ever_published":false,"_glsr_average":0,"_glsr_ranking":0,"_glsr_reviews":0},"product_brand":[],"product_cat":[47,48],"product_tag":[],"class_list":{"0":"post-1273","1":"product","2":"type-product","3":"status-publish","4":"has-post-thumbnail","6":"product_cat-accessoires-et-moulinets","7":"product_cat-moulinets-mouche","9":"first","10":"instock","11":"shipping-taxable","12":"purchasable","13":"product-type-variable"},"yoast_head":"<!-- This site is optimized with the Yoast SEO plugin v27.4 - https:\/\/yoast.com\/product\/yoast-seo-wordpress\/ -->\n<title>Moulinet mouche B&amp;G - P\u00eache \u00e0 la mouche - Rodbuilding - Mylovelyrods<\/title>\n<meta name=\"description\" content=\"Je vous propose ce moulinet mouche, en plusieurs tailles. Bobine large arbor, frein disque \u00e9tanche, pour la p\u00eache de la truite au brochet.\" \/>\n<meta name=\"robots\" content=\"index, follow, max-snippet:-1, max-image-preview:large, max-video-preview:-1\" \/>\n<link rel=\"canonical\" href=\"https:\/\/mylovelyrods.com\/index.php\/produit\/moulinet-mouche\/\" \/>\n<meta property=\"og:locale\" content=\"fr_FR\" \/>\n<meta property=\"og:type\" content=\"article\" \/>\n<meta property=\"og:title\" content=\"Moulinet mouche B&amp;G - P\u00eache \u00e0 la mouche - Rodbuilding - Mylovelyrods\" \/>\n<meta property=\"og:description\" content=\"Je vous propose ce moulinet mouche, en plusieurs tailles. Bobine large arbor, frein disque \u00e9tanche, pour la p\u00eache de la truite au brochet.\" \/>\n<meta property=\"og:url\" content=\"https:\/\/mylovelyrods.com\/index.php\/produit\/moulinet-mouche\/\" \/>\n<meta property=\"og:site_name\" content=\"Mylovelyrods\" \/>\n<meta property=\"article:publisher\" content=\"https:\/\/m.facebook.com\/people\/Mylovelyrods\/100062956103344\/?locale=fr_FR\" \/>\n<meta property=\"article:modified_time\" content=\"2026-01-04T15:39:59+00:00\" \/>\n<meta property=\"og:image\" content=\"https:\/\/mylovelyrods.com\/wp-content\/uploads\/2021\/08\/20210520_093325-e1629026691574.jpg\" \/>\n\t<meta property=\"og:image:width\" content=\"1145\" \/>\n\t<meta property=\"og:image:height\" content=\"1138\" \/>\n\t<meta property=\"og:image:type\" content=\"image\/jpeg\" \/>\n<meta name=\"twitter:card\" content=\"summary_large_image\" \/>\n<meta name=\"twitter:label1\" content=\"Dur\u00e9e de lecture estim\u00e9e\" \/>\n\t<meta name=\"twitter:data1\" content=\"2 minutes\" \/>\n<script type=\"application\/ld+json\" class=\"yoast-schema-graph\">{\"@context\":\"https:\\\/\\\/schema.org\",\"@graph\":[{\"@type\":\"WebPage\",\"@id\":\"https:\\\/\\\/mylovelyrods.com\\\/index.php\\\/produit\\\/moulinet-mouche\\\/\",\"url\":\"https:\\\/\\\/mylovelyrods.com\\\/index.php\\\/produit\\\/moulinet-mouche\\\/\",\"name\":\"Moulinet mouche B&G - P\u00eache \u00e0 la mouche - Rodbuilding - Mylovelyrods\",\"isPartOf\":{\"@id\":\"https:\\\/\\\/mylovelyrods.com\\\/#website\"},\"primaryImageOfPage\":{\"@id\":\"https:\\\/\\\/mylovelyrods.com\\\/index.php\\\/produit\\\/moulinet-mouche\\\/#primaryimage\"},\"image\":{\"@id\":\"https:\\\/\\\/mylovelyrods.com\\\/index.php\\\/produit\\\/moulinet-mouche\\\/#primaryimage\"},\"thumbnailUrl\":\"https:\\\/\\\/i0.wp.com\\\/mylovelyrods.com\\\/wp-content\\\/uploads\\\/2021\\\/08\\\/20210520_093325-e1629026691574.jpg?fit=1145%2C1138&ssl=1\",\"datePublished\":\"2021-08-15T12:04:41+00:00\",\"dateModified\":\"2026-01-04T15:39:59+00:00\",\"description\":\"Je vous propose ce moulinet mouche, en plusieurs tailles. Bobine large arbor, frein disque \u00e9tanche, pour la p\u00eache de la truite au brochet.\",\"breadcrumb\":{\"@id\":\"https:\\\/\\\/mylovelyrods.com\\\/index.php\\\/produit\\\/moulinet-mouche\\\/#breadcrumb\"},\"inLanguage\":\"fr-FR\",\"potentialAction\":[{\"@type\":\"ReadAction\",\"target\":[\"https:\\\/\\\/mylovelyrods.com\\\/index.php\\\/produit\\\/moulinet-mouche\\\/\"]}]},{\"@type\":\"ImageObject\",\"inLanguage\":\"fr-FR\",\"@id\":\"https:\\\/\\\/mylovelyrods.com\\\/index.php\\\/produit\\\/moulinet-mouche\\\/#primaryimage\",\"url\":\"https:\\\/\\\/i0.wp.com\\\/mylovelyrods.com\\\/wp-content\\\/uploads\\\/2021\\\/08\\\/20210520_093325-e1629026691574.jpg?fit=1145%2C1138&ssl=1\",\"contentUrl\":\"https:\\\/\\\/i0.wp.com\\\/mylovelyrods.com\\\/wp-content\\\/uploads\\\/2021\\\/08\\\/20210520_093325-e1629026691574.jpg?fit=1145%2C1138&ssl=1\",\"width\":1145,\"height\":1138,\"caption\":\"Moulinet pour la p\u00eache \u00e0 la mouche, disponible en plusieurs tailles, de la p\u00eache \u00e0 la truite, \u00e0 la p\u00eache du brochet\"},{\"@type\":\"BreadcrumbList\",\"@id\":\"https:\\\/\\\/mylovelyrods.com\\\/index.php\\\/produit\\\/moulinet-mouche\\\/#breadcrumb\",\"itemListElement\":[{\"@type\":\"ListItem\",\"position\":1,\"name\":\"Accueil\",\"item\":\"https:\\\/\\\/mylovelyrods.com\\\/\"},{\"@type\":\"ListItem\",\"position\":2,\"name\":\"Produits\",\"item\":\"https:\\\/\\\/mylovelyrods.com\\\/index.php\\\/boutique\\\/\"},{\"@type\":\"ListItem\",\"position\":3,\"name\":\"Moulinet mouche B&#038;G\"}]},{\"@type\":\"WebSite\",\"@id\":\"https:\\\/\\\/mylovelyrods.com\\\/#website\",\"url\":\"https:\\\/\\\/mylovelyrods.com\\\/\",\"name\":\"Mylovelyrods\",\"description\":\"Facteur de canne, restaurations, customisations, rodbuilding, mouches, nymphes et petit mat\u00e9riel...\",\"publisher\":{\"@id\":\"https:\\\/\\\/mylovelyrods.com\\\/#organization\"},\"potentialAction\":[{\"@type\":\"SearchAction\",\"target\":{\"@type\":\"EntryPoint\",\"urlTemplate\":\"https:\\\/\\\/mylovelyrods.com\\\/?s={search_term_string}\"},\"query-input\":{\"@type\":\"PropertyValueSpecification\",\"valueRequired\":true,\"valueName\":\"search_term_string\"}}],\"inLanguage\":\"fr-FR\"},{\"@type\":\"Organization\",\"@id\":\"https:\\\/\\\/mylovelyrods.com\\\/#organization\",\"name\":\"Mylovelyrods\",\"url\":\"https:\\\/\\\/mylovelyrods.com\\\/\",\"logo\":{\"@type\":\"ImageObject\",\"inLanguage\":\"fr-FR\",\"@id\":\"https:\\\/\\\/mylovelyrods.com\\\/#\\\/schema\\\/logo\\\/image\\\/\",\"url\":\"https:\\\/\\\/mylovelyrods.com\\\/wp-content\\\/uploads\\\/2021\\\/01\\\/0001-scaled-e1611186770281.jpg\",\"contentUrl\":\"https:\\\/\\\/mylovelyrods.com\\\/wp-content\\\/uploads\\\/2021\\\/01\\\/0001-scaled-e1611186770281.jpg\",\"width\":2560,\"height\":716,\"caption\":\"Mylovelyrods\"},\"image\":{\"@id\":\"https:\\\/\\\/mylovelyrods.com\\\/#\\\/schema\\\/logo\\\/image\\\/\"},\"sameAs\":[\"https:\\\/\\\/m.facebook.com\\\/people\\\/Mylovelyrods\\\/100062956103344\\\/?locale=fr_FR\",\"https:\\\/\\\/www.instagram.com\\\/mylovelyrods\\\/?hl=fr\"]}]}<\/script>\n<!-- \/ Yoast SEO plugin. -->","yoast_head_json":{"title":"Moulinet mouche B&G - P\u00eache \u00e0 la mouche - Rodbuilding - Mylovelyrods","description":"Je vous propose ce moulinet mouche, en plusieurs tailles. Bobine large arbor, frein disque \u00e9tanche, pour la p\u00eache de la truite au brochet.","robots":{"index":"index","follow":"follow","max-snippet":"max-snippet:-1","max-image-preview":"max-image-preview:large","max-video-preview":"max-video-preview:-1"},"canonical":"https:\/\/mylovelyrods.com\/index.php\/produit\/moulinet-mouche\/","og_locale":"fr_FR","og_type":"article","og_title":"Moulinet mouche B&G - P\u00eache \u00e0 la mouche - Rodbuilding - Mylovelyrods","og_description":"Je vous propose ce moulinet mouche, en plusieurs tailles. Bobine large arbor, frein disque \u00e9tanche, pour la p\u00eache de la truite au brochet.","og_url":"https:\/\/mylovelyrods.com\/index.php\/produit\/moulinet-mouche\/","og_site_name":"Mylovelyrods","article_publisher":"https:\/\/m.facebook.com\/people\/Mylovelyrods\/100062956103344\/?locale=fr_FR","article_modified_time":"2026-01-04T15:39:59+00:00","og_image":[{"width":1145,"height":1138,"url":"https:\/\/mylovelyrods.com\/wp-content\/uploads\/2021\/08\/20210520_093325-e1629026691574.jpg","type":"image\/jpeg"}],"twitter_card":"summary_large_image","twitter_misc":{"Dur\u00e9e de lecture estim\u00e9e":"2 minutes"},"schema":{"@context":"https:\/\/schema.org","@graph":[{"@type":"WebPage","@id":"https:\/\/mylovelyrods.com\/index.php\/produit\/moulinet-mouche\/","url":"https:\/\/mylovelyrods.com\/index.php\/produit\/moulinet-mouche\/","name":"Moulinet mouche B&G - P\u00eache \u00e0 la mouche - Rodbuilding - Mylovelyrods","isPartOf":{"@id":"https:\/\/mylovelyrods.com\/#website"},"primaryImageOfPage":{"@id":"https:\/\/mylovelyrods.com\/index.php\/produit\/moulinet-mouche\/#primaryimage"},"image":{"@id":"https:\/\/mylovelyrods.com\/index.php\/produit\/moulinet-mouche\/#primaryimage"},"thumbnailUrl":"https:\/\/i0.wp.com\/mylovelyrods.com\/wp-content\/uploads\/2021\/08\/20210520_093325-e1629026691574.jpg?fit=1145%2C1138&ssl=1","datePublished":"2021-08-15T12:04:41+00:00","dateModified":"2026-01-04T15:39:59+00:00","description":"Je vous propose ce moulinet mouche, en plusieurs tailles. Bobine large arbor, frein disque \u00e9tanche, pour la p\u00eache de la truite au brochet.","breadcrumb":{"@id":"https:\/\/mylovelyrods.com\/index.php\/produit\/moulinet-mouche\/#breadcrumb"},"inLanguage":"fr-FR","potentialAction":[{"@type":"ReadAction","target":["https:\/\/mylovelyrods.com\/index.php\/produit\/moulinet-mouche\/"]}]},{"@type":"ImageObject","inLanguage":"fr-FR","@id":"https:\/\/mylovelyrods.com\/index.php\/produit\/moulinet-mouche\/#primaryimage","url":"https:\/\/i0.wp.com\/mylovelyrods.com\/wp-content\/uploads\/2021\/08\/20210520_093325-e1629026691574.jpg?fit=1145%2C1138&ssl=1","contentUrl":"https:\/\/i0.wp.com\/mylovelyrods.com\/wp-content\/uploads\/2021\/08\/20210520_093325-e1629026691574.jpg?fit=1145%2C1138&ssl=1","width":1145,"height":1138,"caption":"Moulinet pour la p\u00eache \u00e0 la mouche, disponible en plusieurs tailles, de la p\u00eache \u00e0 la truite, \u00e0 la p\u00eache du brochet"},{"@type":"BreadcrumbList","@id":"https:\/\/mylovelyrods.com\/index.php\/produit\/moulinet-mouche\/#breadcrumb","itemListElement":[{"@type":"ListItem","position":1,"name":"Accueil","item":"https:\/\/mylovelyrods.com\/"},{"@type":"ListItem","position":2,"name":"Produits","item":"https:\/\/mylovelyrods.com\/index.php\/boutique\/"},{"@type":"ListItem","position":3,"name":"Moulinet mouche B&#038;G"}]},{"@type":"WebSite","@id":"https:\/\/mylovelyrods.com\/#website","url":"https:\/\/mylovelyrods.com\/","name":"Mylovelyrods","description":"Facteur de canne, restaurations, customisations, rodbuilding, mouches, nymphes et petit mat\u00e9riel...","publisher":{"@id":"https:\/\/mylovelyrods.com\/#organization"},"potentialAction":[{"@type":"SearchAction","target":{"@type":"EntryPoint","urlTemplate":"https:\/\/mylovelyrods.com\/?s={search_term_string}"},"query-input":{"@type":"PropertyValueSpecification","valueRequired":true,"valueName":"search_term_string"}}],"inLanguage":"fr-FR"},{"@type":"Organization","@id":"https:\/\/mylovelyrods.com\/#organization","name":"Mylovelyrods","url":"https:\/\/mylovelyrods.com\/","logo":{"@type":"ImageObject","inLanguage":"fr-FR","@id":"https:\/\/mylovelyrods.com\/#\/schema\/logo\/image\/","url":"https:\/\/mylovelyrods.com\/wp-content\/uploads\/2021\/01\/0001-scaled-e1611186770281.jpg","contentUrl":"https:\/\/mylovelyrods.com\/wp-content\/uploads\/2021\/01\/0001-scaled-e1611186770281.jpg","width":2560,"height":716,"caption":"Mylovelyrods"},"image":{"@id":"https:\/\/mylovelyrods.com\/#\/schema\/logo\/image\/"},"sameAs":["https:\/\/m.facebook.com\/people\/Mylovelyrods\/100062956103344\/?locale=fr_FR","https:\/\/www.instagram.com\/mylovelyrods\/?hl=fr"]}]}},"jetpack_sharing_enabled":true,"_links":{"self":[{"href":"https:\/\/mylovelyrods.com\/index.php\/wp-json\/wp\/v2\/product\/1273","targetHints":{"allow":["GET"]}}],"collection":[{"href":"https:\/\/mylovelyrods.com\/index.php\/wp-json\/wp\/v2\/product"}],"about":[{"href":"https:\/\/mylovelyrods.com\/index.php\/wp-json\/wp\/v2\/types\/product"}],"wp:featuredmedia":[{"embeddable":true,"href":"https:\/\/mylovelyrods.com\/index.php\/wp-json\/wp\/v2\/media\/1272"}],"wp:attachment":[{"href":"https:\/\/mylovelyrods.com\/index.php\/wp-json\/wp\/v2\/media?parent=1273"}],"wp:term":[{"taxonomy":"product_brand","embeddable":true,"href":"https:\/\/mylovelyrods.com\/index.php\/wp-json\/wp\/v2\/product_brand?post=1273"},{"taxonomy":"product_cat","embeddable":true,"href":"https:\/\/mylovelyrods.com\/index.php\/wp-json\/wp\/v2\/product_cat?post=1273"},{"taxonomy":"product_tag","embeddable":true,"href":"https:\/\/mylovelyrods.com\/index.php\/wp-json\/wp\/v2\/product_tag?post=1273"}],"curies":[{"name":"wp","href":"https:\/\/api.w.org\/{rel}","templated":true}]}}