{"id":1293,"date":"2021-08-19T18:38:02","date_gmt":"2021-08-19T16:38:02","guid":{"rendered":"https:\/\/mylovelyrods.com\/?post_type=product&#038;p=1293"},"modified":"2022-05-09T20:45:05","modified_gmt":"2022-05-09T18:45:05","slug":"canne-76-3-4-4-la-tigree","status":"publish","type":"product","link":"https:\/\/mylovelyrods.com\/index.php\/produit\/canne-76-3-4-4-la-tigree\/","title":{"rendered":"Canne 7&rsquo;6&Prime; #3\/4 &#8211; 4 \u00ab\u00a0La Tigr\u00e9e\u00a0\u00bb"},"content":{"rendered":"<p>Canne 7&rsquo;6&Prime; #3\/4 &#8211; 4 brins. Une petite canne \u00e0 p\u00eache \u00e0 mouche, parfaite pour les petites rivi\u00e8res encombr\u00e9es. Elle est en 4 brins, vous pourrez donc l&#8217;emmener partout!<\/p>\n<p>Elle est fournie avec un tube de protection en plexi recouvert d&rsquo;un vinyl imitation carbone, avec un bouchon en plastique noir typ\u00e9 Maxia (Les tubes des cannes Maxia sont les m\u00eames). Cette canne sera \u00e9galement accompagn\u00e9e d&rsquo;une housse en tissu noire en 100% coton compartiment\u00e9e pour chaque brin.<\/p>\n<p>La poign\u00e9e est faite avec du li\u00e8ge de haute qualit\u00e9, grade FLOR. Les anneaux sont des anneaux PacBay.\u00a0 Un anneau double patte est pr\u00e8s de la poign\u00e9e pour \u00e9viter que la soie ne forme un ventre lorsqu&rsquo;on est canne haute. Les ligatures sont de couleur marron. Le porte moulinet est noir habill\u00e9 d&rsquo;un insert en bois segment\u00e9, ainsi que deux bagues de serrage.<\/p>\n<p>Les mesures techniques protocole \u00ab\u00a0common cents\u00a0\u00bb (dont vous aurez les d\u00e9tails ici: <a href=\"https:\/\/www.truites-et-cie.fr\/article\/materiel\/mouche\/protocole-de-test-des-cannes-mouche\">https:\/\/www.truites-et-cie.fr\/article\/materiel\/mouche\/protocole-de-test-des-cannes-mouche<\/a>) ont r\u00e9v\u00e9l\u00e9:<\/p>\n<p>Pour commencer la canne fait un poids de 68g.<\/p>\n<p>Un poids du moulinet \u00e0 l&rsquo;\u00e9quilibre (PME) de 110g. 33 cents sont n\u00e9cessaires pour faire plier la canne sur un tiers de sa longueur, ce qui traduit un ERN \u00e0 3,86, ainsi la canne est pour une soie 3\/4. Quant \u00e0 l&rsquo;Action Angle, il est de 70\u00b0, ainsi cela classe l&rsquo;action de la canne dans la cat\u00e9gorie Fast.<\/p>\n<p>Pour conclure si vous souhaitez plus d&rsquo;informations, n&rsquo;h\u00e9sitez pas \u00e0 me contacter <a href=\"https:\/\/mylovelyrods.com\/index.php\/demande-devis-contact-canne-a-peche-artisanale\/\">ici<\/a>.<\/p>\n<p>Canne 7&rsquo;6&Prime; #3\/4 &#8211; 4 brins dont les couleurs peuvent l\u00e9g\u00e8rement diff\u00e9rer des photos.<\/p>\n<p>Si vous souhaitez me suivre sur les r\u00e9seaux sociaux c&rsquo;est par <a href=\"https:\/\/www.facebook.com\/pages\/category\/Sports\/Mylovelyrods-101775187859974\/\">ici<\/a> et <a href=\"https:\/\/www.instagram.com\/mylovelyrods\/?hl=fr\">l\u00e0<\/a>.<\/p>\n","protected":false},"excerpt":{"rendered":"<p>Canne 7&rsquo;6&Prime; #3\/4 &#8211; 4 brins. Une petite canne \u00e0 p\u00eache \u00e0 mouche, parfaite pour les petites rivi\u00e8res encombr\u00e9es. Elle est en 4 brins, vous pourrez donc l&#8217;emmener partout!<\/p>\n<p>Elle est fournie avec un tube de protection en plexi recouvert d&rsquo;un vinyl imitation carbone, avec un bouchon en plastique noir typ\u00e9 Maxia (Les tubes des cannes Maxia sont les m\u00eames). Cette canne sera \u00e9galement accompagn\u00e9e d&rsquo;une housse en tissu noire en 100% coton compartiment\u00e9e pour chaque brin.<\/p>\n<p>La poign\u00e9e est faite avec du li\u00e8ge de haute qualit\u00e9, grade FLOR. Les anneaux sont des anneaux PacBay.\u00a0 Un anneau double patte est pr\u00e8s de la poign\u00e9e pour \u00e9viter que la soie ne forme un ventre lorsqu&rsquo;on est canne haute. Les ligatures sont de couleur marron. Le porte moulinet est noir habill\u00e9 d&rsquo;un insert en bois segment\u00e9, ainsi que deux bagues de serrage.<\/p>\n<p>Les mesures techniques protocole \u00ab\u00a0common cents\u00a0\u00bb (dont vous aurez les d\u00e9tails ici: <a href=\"https:\/\/www.truites-et-cie.fr\/article\/materiel\/mouche\/protocole-de-test-des-cannes-mouche\">https:\/\/www.truites-et-cie.fr\/article\/materiel\/mouche\/protocole-de-test-des-cannes-mouche<\/a>) ont r\u00e9v\u00e9l\u00e9:<\/p>\n<p>Pour commencer la canne fait un poids de 68g.<\/p>\n<p>Un poids du moulinet \u00e0 l&rsquo;\u00e9quilibre (PME) de 110g. 33 cents sont n\u00e9cessaires pour faire plier la canne sur un tiers de sa longueur, ce qui traduit un ERN \u00e0 3,86, ainsi la canne est pour une soie 3\/4. Quant \u00e0 l&rsquo;Action Angle, il est de 70\u00b0, ainsi cela classe l&rsquo;action de la canne dans la cat\u00e9gorie Fast.<\/p>\n<p>Pour conclure si vous souhaitez plus d&rsquo;informations, n&rsquo;h\u00e9sitez pas \u00e0 me contacter <a href=\"https:\/\/mylovelyrods.com\/index.php\/demande-devis-contact-canne-a-peche-artisanale\/\">ici<\/a>.<\/p>\n<p>Canne 7&rsquo;6&Prime; #3\/4 &#8211; 4 brins dont les couleurs peuvent l\u00e9g\u00e8rement diff\u00e9rer des photos.<\/p>\n<p>Si vous souhaitez me suivre sur les r\u00e9seaux sociaux c&rsquo;est par <a href=\"https:\/\/www.facebook.com\/pages\/category\/Sports\/Mylovelyrods-101775187859974\/\">ici<\/a> et <a href=\"https:\/\/www.instagram.com\/mylovelyrods\/?hl=fr\">l\u00e0<\/a>.<\/p>\n","protected":false},"featured_media":1294,"template":"","meta":{"jetpack_post_was_ever_published":false,"_glsr_average":0,"_glsr_ranking":0,"_glsr_reviews":0},"product_brand":[],"product_cat":[28],"product_tag":[],"class_list":{"0":"post-1293","1":"product","2":"type-product","3":"status-publish","4":"has-post-thumbnail","6":"product_cat-cannes-disponibles","8":"first","9":"outofstock","10":"shipping-taxable","11":"purchasable","12":"product-type-simple"},"yoast_head":"<!-- This site is optimized with the Yoast SEO plugin v27.4 - https:\/\/yoast.com\/product\/yoast-seo-wordpress\/ -->\n<title>Canne 7&#039;6&quot; #3\/4 - 4 brins- Canne personnalis\u00e9e, Custom rod Mylovelyrods<\/title>\n<meta name=\"description\" content=\"Petite Canne 7&#039;6&quot; #3\/4 - 4, parfaite pour les petites rivi\u00e8res encombr\u00e9es, parfaite pour la s\u00e8che. Je l&#039;ai appel\u00e9 &quot;La tigr\u00e9e&quot; \/\/\/\/\" \/>\n<meta name=\"robots\" content=\"index, follow, max-snippet:-1, max-image-preview:large, max-video-preview:-1\" \/>\n<link rel=\"canonical\" href=\"https:\/\/mylovelyrods.com\/index.php\/produit\/canne-76-3-4-4-la-tigree\/\" \/>\n<meta property=\"og:locale\" content=\"fr_FR\" \/>\n<meta property=\"og:type\" content=\"article\" \/>\n<meta property=\"og:title\" content=\"Canne 7&#039;6&quot; #3\/4 - 4 brins- Canne personnalis\u00e9e, Custom rod Mylovelyrods\" \/>\n<meta property=\"og:description\" content=\"Petite Canne 7&#039;6&quot; #3\/4 - 4, parfaite pour les petites rivi\u00e8res encombr\u00e9es, parfaite pour la s\u00e8che. Je l&#039;ai appel\u00e9 &quot;La tigr\u00e9e&quot; \/\/\/\/\" \/>\n<meta property=\"og:url\" content=\"https:\/\/mylovelyrods.com\/index.php\/produit\/canne-76-3-4-4-la-tigree\/\" \/>\n<meta property=\"og:site_name\" content=\"Mylovelyrods\" \/>\n<meta property=\"article:publisher\" content=\"https:\/\/m.facebook.com\/people\/Mylovelyrods\/100062956103344\/?locale=fr_FR\" \/>\n<meta property=\"article:modified_time\" content=\"2022-05-09T18:45:05+00:00\" \/>\n<meta property=\"og:image\" content=\"https:\/\/mylovelyrods.com\/wp-content\/uploads\/2021\/08\/20210819_175319-scaled.jpg\" \/>\n\t<meta property=\"og:image:width\" content=\"1211\" \/>\n\t<meta property=\"og:image:height\" content=\"2560\" \/>\n\t<meta property=\"og:image:type\" content=\"image\/jpeg\" \/>\n<meta name=\"twitter:card\" content=\"summary_large_image\" \/>\n<meta name=\"twitter:label1\" content=\"Dur\u00e9e de lecture estim\u00e9e\" \/>\n\t<meta name=\"twitter:data1\" content=\"2 minutes\" \/>\n<script type=\"application\/ld+json\" class=\"yoast-schema-graph\">{\"@context\":\"https:\\\/\\\/schema.org\",\"@graph\":[{\"@type\":\"WebPage\",\"@id\":\"https:\\\/\\\/mylovelyrods.com\\\/index.php\\\/produit\\\/canne-76-3-4-4-la-tigree\\\/\",\"url\":\"https:\\\/\\\/mylovelyrods.com\\\/index.php\\\/produit\\\/canne-76-3-4-4-la-tigree\\\/\",\"name\":\"Canne 7'6\\\" #3\\\/4 - 4 brins- Canne personnalis\u00e9e, Custom rod Mylovelyrods\",\"isPartOf\":{\"@id\":\"https:\\\/\\\/mylovelyrods.com\\\/#website\"},\"primaryImageOfPage\":{\"@id\":\"https:\\\/\\\/mylovelyrods.com\\\/index.php\\\/produit\\\/canne-76-3-4-4-la-tigree\\\/#primaryimage\"},\"image\":{\"@id\":\"https:\\\/\\\/mylovelyrods.com\\\/index.php\\\/produit\\\/canne-76-3-4-4-la-tigree\\\/#primaryimage\"},\"thumbnailUrl\":\"https:\\\/\\\/i0.wp.com\\\/mylovelyrods.com\\\/wp-content\\\/uploads\\\/2021\\\/08\\\/20210819_175319-scaled.jpg?fit=1211%2C2560&ssl=1\",\"datePublished\":\"2021-08-19T16:38:02+00:00\",\"dateModified\":\"2022-05-09T18:45:05+00:00\",\"description\":\"Petite Canne 7'6\\\" #3\\\/4 - 4, parfaite pour les petites rivi\u00e8res encombr\u00e9es, parfaite pour la s\u00e8che. Je l'ai appel\u00e9 \\\"La tigr\u00e9e\\\" \\\/\\\/\\\/\\\/\",\"breadcrumb\":{\"@id\":\"https:\\\/\\\/mylovelyrods.com\\\/index.php\\\/produit\\\/canne-76-3-4-4-la-tigree\\\/#breadcrumb\"},\"inLanguage\":\"fr-FR\",\"potentialAction\":[{\"@type\":\"ReadAction\",\"target\":[\"https:\\\/\\\/mylovelyrods.com\\\/index.php\\\/produit\\\/canne-76-3-4-4-la-tigree\\\/\"]}]},{\"@type\":\"ImageObject\",\"inLanguage\":\"fr-FR\",\"@id\":\"https:\\\/\\\/mylovelyrods.com\\\/index.php\\\/produit\\\/canne-76-3-4-4-la-tigree\\\/#primaryimage\",\"url\":\"https:\\\/\\\/i0.wp.com\\\/mylovelyrods.com\\\/wp-content\\\/uploads\\\/2021\\\/08\\\/20210819_175319-scaled.jpg?fit=1211%2C2560&ssl=1\",\"contentUrl\":\"https:\\\/\\\/i0.wp.com\\\/mylovelyrods.com\\\/wp-content\\\/uploads\\\/2021\\\/08\\\/20210819_175319-scaled.jpg?fit=1211%2C2560&ssl=1\",\"width\":1211,\"height\":2560,\"caption\":\"Canne \u00e0 mouche petite en 7'6\\\" pour soie de 3\\\/4 en 4 brins, fournie avec un tube de protection et sa housse\"},{\"@type\":\"BreadcrumbList\",\"@id\":\"https:\\\/\\\/mylovelyrods.com\\\/index.php\\\/produit\\\/canne-76-3-4-4-la-tigree\\\/#breadcrumb\",\"itemListElement\":[{\"@type\":\"ListItem\",\"position\":1,\"name\":\"Accueil\",\"item\":\"https:\\\/\\\/mylovelyrods.com\\\/\"},{\"@type\":\"ListItem\",\"position\":2,\"name\":\"Produits\",\"item\":\"https:\\\/\\\/mylovelyrods.com\\\/index.php\\\/boutique\\\/\"},{\"@type\":\"ListItem\",\"position\":3,\"name\":\"Canne 7&#8217;6&#8243; #3\\\/4 &#8211; 4 &#8220;La Tigr\u00e9e&#8221;\"}]},{\"@type\":\"WebSite\",\"@id\":\"https:\\\/\\\/mylovelyrods.com\\\/#website\",\"url\":\"https:\\\/\\\/mylovelyrods.com\\\/\",\"name\":\"Mylovelyrods\",\"description\":\"Facteur de canne, restaurations, customisations, rodbuilding, mouches, nymphes et petit mat\u00e9riel...\",\"publisher\":{\"@id\":\"https:\\\/\\\/mylovelyrods.com\\\/#organization\"},\"potentialAction\":[{\"@type\":\"SearchAction\",\"target\":{\"@type\":\"EntryPoint\",\"urlTemplate\":\"https:\\\/\\\/mylovelyrods.com\\\/?s={search_term_string}\"},\"query-input\":{\"@type\":\"PropertyValueSpecification\",\"valueRequired\":true,\"valueName\":\"search_term_string\"}}],\"inLanguage\":\"fr-FR\"},{\"@type\":\"Organization\",\"@id\":\"https:\\\/\\\/mylovelyrods.com\\\/#organization\",\"name\":\"Mylovelyrods\",\"url\":\"https:\\\/\\\/mylovelyrods.com\\\/\",\"logo\":{\"@type\":\"ImageObject\",\"inLanguage\":\"fr-FR\",\"@id\":\"https:\\\/\\\/mylovelyrods.com\\\/#\\\/schema\\\/logo\\\/image\\\/\",\"url\":\"https:\\\/\\\/mylovelyrods.com\\\/wp-content\\\/uploads\\\/2021\\\/01\\\/0001-scaled-e1611186770281.jpg\",\"contentUrl\":\"https:\\\/\\\/mylovelyrods.com\\\/wp-content\\\/uploads\\\/2021\\\/01\\\/0001-scaled-e1611186770281.jpg\",\"width\":2560,\"height\":716,\"caption\":\"Mylovelyrods\"},\"image\":{\"@id\":\"https:\\\/\\\/mylovelyrods.com\\\/#\\\/schema\\\/logo\\\/image\\\/\"},\"sameAs\":[\"https:\\\/\\\/m.facebook.com\\\/people\\\/Mylovelyrods\\\/100062956103344\\\/?locale=fr_FR\",\"https:\\\/\\\/www.instagram.com\\\/mylovelyrods\\\/?hl=fr\"]}]}<\/script>\n<!-- \/ Yoast SEO plugin. -->","yoast_head_json":{"title":"Canne 7'6\" #3\/4 - 4 brins- Canne personnalis\u00e9e, Custom rod Mylovelyrods","description":"Petite Canne 7'6\" #3\/4 - 4, parfaite pour les petites rivi\u00e8res encombr\u00e9es, parfaite pour la s\u00e8che. Je l'ai appel\u00e9 \"La tigr\u00e9e\" \/\/\/\/","robots":{"index":"index","follow":"follow","max-snippet":"max-snippet:-1","max-image-preview":"max-image-preview:large","max-video-preview":"max-video-preview:-1"},"canonical":"https:\/\/mylovelyrods.com\/index.php\/produit\/canne-76-3-4-4-la-tigree\/","og_locale":"fr_FR","og_type":"article","og_title":"Canne 7'6\" #3\/4 - 4 brins- Canne personnalis\u00e9e, Custom rod Mylovelyrods","og_description":"Petite Canne 7'6\" #3\/4 - 4, parfaite pour les petites rivi\u00e8res encombr\u00e9es, parfaite pour la s\u00e8che. Je l'ai appel\u00e9 \"La tigr\u00e9e\" \/\/\/\/","og_url":"https:\/\/mylovelyrods.com\/index.php\/produit\/canne-76-3-4-4-la-tigree\/","og_site_name":"Mylovelyrods","article_publisher":"https:\/\/m.facebook.com\/people\/Mylovelyrods\/100062956103344\/?locale=fr_FR","article_modified_time":"2022-05-09T18:45:05+00:00","og_image":[{"width":1211,"height":2560,"url":"https:\/\/mylovelyrods.com\/wp-content\/uploads\/2021\/08\/20210819_175319-scaled.jpg","type":"image\/jpeg"}],"twitter_card":"summary_large_image","twitter_misc":{"Dur\u00e9e de lecture estim\u00e9e":"2 minutes"},"schema":{"@context":"https:\/\/schema.org","@graph":[{"@type":"WebPage","@id":"https:\/\/mylovelyrods.com\/index.php\/produit\/canne-76-3-4-4-la-tigree\/","url":"https:\/\/mylovelyrods.com\/index.php\/produit\/canne-76-3-4-4-la-tigree\/","name":"Canne 7'6\" #3\/4 - 4 brins- Canne personnalis\u00e9e, Custom rod Mylovelyrods","isPartOf":{"@id":"https:\/\/mylovelyrods.com\/#website"},"primaryImageOfPage":{"@id":"https:\/\/mylovelyrods.com\/index.php\/produit\/canne-76-3-4-4-la-tigree\/#primaryimage"},"image":{"@id":"https:\/\/mylovelyrods.com\/index.php\/produit\/canne-76-3-4-4-la-tigree\/#primaryimage"},"thumbnailUrl":"https:\/\/i0.wp.com\/mylovelyrods.com\/wp-content\/uploads\/2021\/08\/20210819_175319-scaled.jpg?fit=1211%2C2560&ssl=1","datePublished":"2021-08-19T16:38:02+00:00","dateModified":"2022-05-09T18:45:05+00:00","description":"Petite Canne 7'6\" #3\/4 - 4, parfaite pour les petites rivi\u00e8res encombr\u00e9es, parfaite pour la s\u00e8che. Je l'ai appel\u00e9 \"La tigr\u00e9e\" \/\/\/\/","breadcrumb":{"@id":"https:\/\/mylovelyrods.com\/index.php\/produit\/canne-76-3-4-4-la-tigree\/#breadcrumb"},"inLanguage":"fr-FR","potentialAction":[{"@type":"ReadAction","target":["https:\/\/mylovelyrods.com\/index.php\/produit\/canne-76-3-4-4-la-tigree\/"]}]},{"@type":"ImageObject","inLanguage":"fr-FR","@id":"https:\/\/mylovelyrods.com\/index.php\/produit\/canne-76-3-4-4-la-tigree\/#primaryimage","url":"https:\/\/i0.wp.com\/mylovelyrods.com\/wp-content\/uploads\/2021\/08\/20210819_175319-scaled.jpg?fit=1211%2C2560&ssl=1","contentUrl":"https:\/\/i0.wp.com\/mylovelyrods.com\/wp-content\/uploads\/2021\/08\/20210819_175319-scaled.jpg?fit=1211%2C2560&ssl=1","width":1211,"height":2560,"caption":"Canne \u00e0 mouche petite en 7'6\" pour soie de 3\/4 en 4 brins, fournie avec un tube de protection et sa housse"},{"@type":"BreadcrumbList","@id":"https:\/\/mylovelyrods.com\/index.php\/produit\/canne-76-3-4-4-la-tigree\/#breadcrumb","itemListElement":[{"@type":"ListItem","position":1,"name":"Accueil","item":"https:\/\/mylovelyrods.com\/"},{"@type":"ListItem","position":2,"name":"Produits","item":"https:\/\/mylovelyrods.com\/index.php\/boutique\/"},{"@type":"ListItem","position":3,"name":"Canne 7&#8217;6&#8243; #3\/4 &#8211; 4 &#8220;La Tigr\u00e9e&#8221;"}]},{"@type":"WebSite","@id":"https:\/\/mylovelyrods.com\/#website","url":"https:\/\/mylovelyrods.com\/","name":"Mylovelyrods","description":"Facteur de canne, restaurations, customisations, rodbuilding, mouches, nymphes et petit mat\u00e9riel...","publisher":{"@id":"https:\/\/mylovelyrods.com\/#organization"},"potentialAction":[{"@type":"SearchAction","target":{"@type":"EntryPoint","urlTemplate":"https:\/\/mylovelyrods.com\/?s={search_term_string}"},"query-input":{"@type":"PropertyValueSpecification","valueRequired":true,"valueName":"search_term_string"}}],"inLanguage":"fr-FR"},{"@type":"Organization","@id":"https:\/\/mylovelyrods.com\/#organization","name":"Mylovelyrods","url":"https:\/\/mylovelyrods.com\/","logo":{"@type":"ImageObject","inLanguage":"fr-FR","@id":"https:\/\/mylovelyrods.com\/#\/schema\/logo\/image\/","url":"https:\/\/mylovelyrods.com\/wp-content\/uploads\/2021\/01\/0001-scaled-e1611186770281.jpg","contentUrl":"https:\/\/mylovelyrods.com\/wp-content\/uploads\/2021\/01\/0001-scaled-e1611186770281.jpg","width":2560,"height":716,"caption":"Mylovelyrods"},"image":{"@id":"https:\/\/mylovelyrods.com\/#\/schema\/logo\/image\/"},"sameAs":["https:\/\/m.facebook.com\/people\/Mylovelyrods\/100062956103344\/?locale=fr_FR","https:\/\/www.instagram.com\/mylovelyrods\/?hl=fr"]}]}},"jetpack_sharing_enabled":true,"_links":{"self":[{"href":"https:\/\/mylovelyrods.com\/index.php\/wp-json\/wp\/v2\/product\/1293","targetHints":{"allow":["GET"]}}],"collection":[{"href":"https:\/\/mylovelyrods.com\/index.php\/wp-json\/wp\/v2\/product"}],"about":[{"href":"https:\/\/mylovelyrods.com\/index.php\/wp-json\/wp\/v2\/types\/product"}],"wp:featuredmedia":[{"embeddable":true,"href":"https:\/\/mylovelyrods.com\/index.php\/wp-json\/wp\/v2\/media\/1294"}],"wp:attachment":[{"href":"https:\/\/mylovelyrods.com\/index.php\/wp-json\/wp\/v2\/media?parent=1293"}],"wp:term":[{"taxonomy":"product_brand","embeddable":true,"href":"https:\/\/mylovelyrods.com\/index.php\/wp-json\/wp\/v2\/product_brand?post=1293"},{"taxonomy":"product_cat","embeddable":true,"href":"https:\/\/mylovelyrods.com\/index.php\/wp-json\/wp\/v2\/product_cat?post=1293"},{"taxonomy":"product_tag","embeddable":true,"href":"https:\/\/mylovelyrods.com\/index.php\/wp-json\/wp\/v2\/product_tag?post=1293"}],"curies":[{"name":"wp","href":"https:\/\/api.w.org\/{rel}","templated":true}]}}