{"id":1327,"date":"2021-09-10T20:24:36","date_gmt":"2021-09-10T18:24:36","guid":{"rendered":"https:\/\/mylovelyrods.com\/?post_type=product&#038;p=1327"},"modified":"2023-02-25T15:30:14","modified_gmt":"2023-02-25T14:30:14","slug":"porte-moulinet-ultra-leger","status":"publish","type":"product","link":"https:\/\/mylovelyrods.com\/index.php\/produit\/porte-moulinet-ultra-leger\/","title":{"rendered":"Porte moulinet Ultra l\u00e9ger"},"content":{"rendered":"<p>Porte moulinet Ultra l\u00e9ger \u00e0 bague. L&rsquo;insert est en bois de ronce, avec des teintes bleus\/noires, marrons claires et marrons fonc\u00e9es. Chaque insert est un mod\u00e8le unique! Le poids du porte moulinet est d&rsquo;environ 10,5g. Le diam\u00e8tre de l&rsquo;insert est de 17,8 mm et le diam\u00e8tre de la bague est de 20mm. C&rsquo;est un porte moulinet Ultra l\u00e9ger, les pattes du moulinet se fixent sous la bague et sou l&#8217;embout du porte moulinet. Il s&rsquo;agit l\u00e0 d&rsquo;un porte moulinet en down locking.<\/p>\n<p>Les parties m\u00e9talliques sont en aluminium de couleur argent nickel\u00e9.<\/p>\n<p>Je pense que c&rsquo;est un porte moulinet qui a un int\u00e9r\u00eat sur des petites cannes. Sur les longues cannes, il est tellement l\u00e9ger qu&rsquo;il va faire augmenter le poids du moulinet \u00e0 l&rsquo;\u00e9quilibre, et si le moulinet est trop l\u00e9ger pour \u00e9quilibrer la canne, celle ci va piquer du nez. Il y aura un sensation de lourdeur. Par contre sur des petites cannes, l&rsquo;\u00e9quilibre va \u00eatre moins importants, le poids du moulinet \u00e0 l&rsquo;\u00e9quilibre \u00e9tant d\u00e9j\u00e0 tr\u00e8s l\u00e9ger.<\/p>\n<p>Les couleurs du porte moulinet peuvent l\u00e9g\u00e8rement varier des couleurs de la photo.<\/p>\n<p>Pour plus d&rsquo;information n&rsquo;h\u00e9sitez pas \u00e0 me contacter <a href=\"https:\/\/mylovelyrods.com\/index.php\/demande-devis-contact-canne-a-peche-artisanale\/\">ici<\/a>.<\/p>\n<p>Si vous souhaitez me suivre sur les r\u00e9seaux sociaux c&rsquo;est par <a href=\"https:\/\/www.facebook.com\/pages\/category\/Sports\/Mylovelyrods-101775187859974\/\">ici<\/a> et par <a href=\"https:\/\/www.instagram.com\/mylovelyrods\/?hl=fr\">l\u00e0<\/a>.<\/p>\n","protected":false},"excerpt":{"rendered":"<p>Porte moulinet Ultra l\u00e9ger \u00e0 bague. L&rsquo;insert est en bois de ronce, avec des teintes bleus\/noires, marrons claires et marrons fonc\u00e9es. Chaque insert est un mod\u00e8le unique!<\/p>\n<p>Le poids du porte moulinet est d&rsquo;environ 10,5g.<\/p>\n<p>Le diam\u00e8tre de l&rsquo;insert est de 17,8 mm et le diam\u00e8tre de la bague est de 20mm.<\/p>\n<p>C&rsquo;est un porte moulinet Ultra l\u00e9ger, les pattes du moulinet se fixent sous la bague et sou l&#8217;embout du porte moulinet. Il s&rsquo;agit l\u00e0 d&rsquo;un porte moulinet en down locking.<\/p>\n<p>Les parties m\u00e9talliques sont en aluminium de couleur argent nickel\u00e9.<\/p>\n<p>Les couleurs du porte moulinet peuvent l\u00e9g\u00e8rement varier des couleurs de la photo.<\/p>\n","protected":false},"featured_media":1328,"template":"","meta":{"jetpack_post_was_ever_published":false,"_glsr_average":0,"_glsr_ranking":0,"_glsr_reviews":0},"product_brand":[],"product_cat":[55,43],"product_tag":[],"class_list":{"0":"post-1327","1":"product","2":"type-product","3":"status-publish","4":"has-post-thumbnail","6":"product_cat-portes-moulinets-complets","7":"product_cat-rodbuilding-montage-de-canne","9":"first","10":"outofstock","11":"shipping-taxable","12":"purchasable","13":"product-type-simple"},"yoast_head":"<!-- This site is optimized with the Yoast SEO plugin v27.4 - https:\/\/yoast.com\/product\/yoast-seo-wordpress\/ -->\n<title>Porte moulinet Ultra l\u00e9ger Rodbuilding - P\u00eache \u00e0 la mouche - Mylovelyrods<\/title>\n<meta name=\"description\" content=\"Porte moulinet \u00e0 bague ultra l\u00e9ger 10,5g, avec insert en bois stabilis\u00e9 de ronce, le m\u00e9tal est de couleur argent nickel\u00e9.\" \/>\n<meta name=\"robots\" content=\"index, follow, max-snippet:-1, max-image-preview:large, max-video-preview:-1\" \/>\n<link rel=\"canonical\" href=\"https:\/\/mylovelyrods.com\/index.php\/produit\/porte-moulinet-ultra-leger\/\" \/>\n<meta property=\"og:locale\" content=\"fr_FR\" \/>\n<meta property=\"og:type\" content=\"article\" \/>\n<meta property=\"og:title\" content=\"Porte moulinet Ultra l\u00e9ger Rodbuilding - P\u00eache \u00e0 la mouche - Mylovelyrods\" \/>\n<meta property=\"og:description\" content=\"Porte moulinet \u00e0 bague ultra l\u00e9ger 10,5g, avec insert en bois stabilis\u00e9 de ronce, le m\u00e9tal est de couleur argent nickel\u00e9.\" \/>\n<meta property=\"og:url\" content=\"https:\/\/mylovelyrods.com\/index.php\/produit\/porte-moulinet-ultra-leger\/\" \/>\n<meta property=\"og:site_name\" content=\"Mylovelyrods\" \/>\n<meta property=\"article:publisher\" content=\"https:\/\/m.facebook.com\/people\/Mylovelyrods\/100062956103344\/?locale=fr_FR\" \/>\n<meta property=\"article:modified_time\" content=\"2023-02-25T14:30:14+00:00\" \/>\n<meta property=\"og:image\" content=\"https:\/\/mylovelyrods.com\/wp-content\/uploads\/2021\/09\/20210910_172937.jpg\" \/>\n\t<meta property=\"og:image:width\" content=\"1908\" \/>\n\t<meta property=\"og:image:height\" content=\"1432\" \/>\n\t<meta property=\"og:image:type\" content=\"image\/jpeg\" \/>\n<meta name=\"twitter:card\" content=\"summary_large_image\" \/>\n<meta name=\"twitter:label1\" content=\"Dur\u00e9e de lecture estim\u00e9e\" \/>\n\t<meta name=\"twitter:data1\" content=\"1 minute\" \/>\n<script type=\"application\/ld+json\" class=\"yoast-schema-graph\">{\"@context\":\"https:\\\/\\\/schema.org\",\"@graph\":[{\"@type\":\"WebPage\",\"@id\":\"https:\\\/\\\/mylovelyrods.com\\\/index.php\\\/produit\\\/porte-moulinet-ultra-leger\\\/\",\"url\":\"https:\\\/\\\/mylovelyrods.com\\\/index.php\\\/produit\\\/porte-moulinet-ultra-leger\\\/\",\"name\":\"Porte moulinet Ultra l\u00e9ger Rodbuilding - P\u00eache \u00e0 la mouche - Mylovelyrods\",\"isPartOf\":{\"@id\":\"https:\\\/\\\/mylovelyrods.com\\\/#website\"},\"primaryImageOfPage\":{\"@id\":\"https:\\\/\\\/mylovelyrods.com\\\/index.php\\\/produit\\\/porte-moulinet-ultra-leger\\\/#primaryimage\"},\"image\":{\"@id\":\"https:\\\/\\\/mylovelyrods.com\\\/index.php\\\/produit\\\/porte-moulinet-ultra-leger\\\/#primaryimage\"},\"thumbnailUrl\":\"https:\\\/\\\/i0.wp.com\\\/mylovelyrods.com\\\/wp-content\\\/uploads\\\/2021\\\/09\\\/20210910_172937.jpg?fit=1908%2C1432&ssl=1\",\"datePublished\":\"2021-09-10T18:24:36+00:00\",\"dateModified\":\"2023-02-25T14:30:14+00:00\",\"description\":\"Porte moulinet \u00e0 bague ultra l\u00e9ger 10,5g, avec insert en bois stabilis\u00e9 de ronce, le m\u00e9tal est de couleur argent nickel\u00e9.\",\"breadcrumb\":{\"@id\":\"https:\\\/\\\/mylovelyrods.com\\\/index.php\\\/produit\\\/porte-moulinet-ultra-leger\\\/#breadcrumb\"},\"inLanguage\":\"fr-FR\",\"potentialAction\":[{\"@type\":\"ReadAction\",\"target\":[\"https:\\\/\\\/mylovelyrods.com\\\/index.php\\\/produit\\\/porte-moulinet-ultra-leger\\\/\"]}]},{\"@type\":\"ImageObject\",\"inLanguage\":\"fr-FR\",\"@id\":\"https:\\\/\\\/mylovelyrods.com\\\/index.php\\\/produit\\\/porte-moulinet-ultra-leger\\\/#primaryimage\",\"url\":\"https:\\\/\\\/i0.wp.com\\\/mylovelyrods.com\\\/wp-content\\\/uploads\\\/2021\\\/09\\\/20210910_172937.jpg?fit=1908%2C1432&ssl=1\",\"contentUrl\":\"https:\\\/\\\/i0.wp.com\\\/mylovelyrods.com\\\/wp-content\\\/uploads\\\/2021\\\/09\\\/20210910_172937.jpg?fit=1908%2C1432&ssl=1\",\"width\":1908,\"height\":1432,\"caption\":\"Porte moulinet Ultra l\u00e9ger \u00e0 bague. L'insert est en bois de ronce, avec des teintes bleus\\\/noires, marrons claires et marrons fonc\u00e9es. Chaque insert est un mod\u00e8le unique!\"},{\"@type\":\"BreadcrumbList\",\"@id\":\"https:\\\/\\\/mylovelyrods.com\\\/index.php\\\/produit\\\/porte-moulinet-ultra-leger\\\/#breadcrumb\",\"itemListElement\":[{\"@type\":\"ListItem\",\"position\":1,\"name\":\"Accueil\",\"item\":\"https:\\\/\\\/mylovelyrods.com\\\/\"},{\"@type\":\"ListItem\",\"position\":2,\"name\":\"Produits\",\"item\":\"https:\\\/\\\/mylovelyrods.com\\\/index.php\\\/boutique\\\/\"},{\"@type\":\"ListItem\",\"position\":3,\"name\":\"Porte moulinet Ultra l\u00e9ger\"}]},{\"@type\":\"WebSite\",\"@id\":\"https:\\\/\\\/mylovelyrods.com\\\/#website\",\"url\":\"https:\\\/\\\/mylovelyrods.com\\\/\",\"name\":\"Mylovelyrods\",\"description\":\"Facteur de canne, restaurations, customisations, rodbuilding, mouches, nymphes et petit mat\u00e9riel...\",\"publisher\":{\"@id\":\"https:\\\/\\\/mylovelyrods.com\\\/#organization\"},\"potentialAction\":[{\"@type\":\"SearchAction\",\"target\":{\"@type\":\"EntryPoint\",\"urlTemplate\":\"https:\\\/\\\/mylovelyrods.com\\\/?s={search_term_string}\"},\"query-input\":{\"@type\":\"PropertyValueSpecification\",\"valueRequired\":true,\"valueName\":\"search_term_string\"}}],\"inLanguage\":\"fr-FR\"},{\"@type\":\"Organization\",\"@id\":\"https:\\\/\\\/mylovelyrods.com\\\/#organization\",\"name\":\"Mylovelyrods\",\"url\":\"https:\\\/\\\/mylovelyrods.com\\\/\",\"logo\":{\"@type\":\"ImageObject\",\"inLanguage\":\"fr-FR\",\"@id\":\"https:\\\/\\\/mylovelyrods.com\\\/#\\\/schema\\\/logo\\\/image\\\/\",\"url\":\"https:\\\/\\\/mylovelyrods.com\\\/wp-content\\\/uploads\\\/2021\\\/01\\\/0001-scaled-e1611186770281.jpg\",\"contentUrl\":\"https:\\\/\\\/mylovelyrods.com\\\/wp-content\\\/uploads\\\/2021\\\/01\\\/0001-scaled-e1611186770281.jpg\",\"width\":2560,\"height\":716,\"caption\":\"Mylovelyrods\"},\"image\":{\"@id\":\"https:\\\/\\\/mylovelyrods.com\\\/#\\\/schema\\\/logo\\\/image\\\/\"},\"sameAs\":[\"https:\\\/\\\/m.facebook.com\\\/people\\\/Mylovelyrods\\\/100062956103344\\\/?locale=fr_FR\",\"https:\\\/\\\/www.instagram.com\\\/mylovelyrods\\\/?hl=fr\"]}]}<\/script>\n<!-- \/ Yoast SEO plugin. -->","yoast_head_json":{"title":"Porte moulinet Ultra l\u00e9ger Rodbuilding - P\u00eache \u00e0 la mouche - Mylovelyrods","description":"Porte moulinet \u00e0 bague ultra l\u00e9ger 10,5g, avec insert en bois stabilis\u00e9 de ronce, le m\u00e9tal est de couleur argent nickel\u00e9.","robots":{"index":"index","follow":"follow","max-snippet":"max-snippet:-1","max-image-preview":"max-image-preview:large","max-video-preview":"max-video-preview:-1"},"canonical":"https:\/\/mylovelyrods.com\/index.php\/produit\/porte-moulinet-ultra-leger\/","og_locale":"fr_FR","og_type":"article","og_title":"Porte moulinet Ultra l\u00e9ger Rodbuilding - P\u00eache \u00e0 la mouche - Mylovelyrods","og_description":"Porte moulinet \u00e0 bague ultra l\u00e9ger 10,5g, avec insert en bois stabilis\u00e9 de ronce, le m\u00e9tal est de couleur argent nickel\u00e9.","og_url":"https:\/\/mylovelyrods.com\/index.php\/produit\/porte-moulinet-ultra-leger\/","og_site_name":"Mylovelyrods","article_publisher":"https:\/\/m.facebook.com\/people\/Mylovelyrods\/100062956103344\/?locale=fr_FR","article_modified_time":"2023-02-25T14:30:14+00:00","og_image":[{"width":1908,"height":1432,"url":"https:\/\/mylovelyrods.com\/wp-content\/uploads\/2021\/09\/20210910_172937.jpg","type":"image\/jpeg"}],"twitter_card":"summary_large_image","twitter_misc":{"Dur\u00e9e de lecture estim\u00e9e":"1 minute"},"schema":{"@context":"https:\/\/schema.org","@graph":[{"@type":"WebPage","@id":"https:\/\/mylovelyrods.com\/index.php\/produit\/porte-moulinet-ultra-leger\/","url":"https:\/\/mylovelyrods.com\/index.php\/produit\/porte-moulinet-ultra-leger\/","name":"Porte moulinet Ultra l\u00e9ger Rodbuilding - P\u00eache \u00e0 la mouche - Mylovelyrods","isPartOf":{"@id":"https:\/\/mylovelyrods.com\/#website"},"primaryImageOfPage":{"@id":"https:\/\/mylovelyrods.com\/index.php\/produit\/porte-moulinet-ultra-leger\/#primaryimage"},"image":{"@id":"https:\/\/mylovelyrods.com\/index.php\/produit\/porte-moulinet-ultra-leger\/#primaryimage"},"thumbnailUrl":"https:\/\/i0.wp.com\/mylovelyrods.com\/wp-content\/uploads\/2021\/09\/20210910_172937.jpg?fit=1908%2C1432&ssl=1","datePublished":"2021-09-10T18:24:36+00:00","dateModified":"2023-02-25T14:30:14+00:00","description":"Porte moulinet \u00e0 bague ultra l\u00e9ger 10,5g, avec insert en bois stabilis\u00e9 de ronce, le m\u00e9tal est de couleur argent nickel\u00e9.","breadcrumb":{"@id":"https:\/\/mylovelyrods.com\/index.php\/produit\/porte-moulinet-ultra-leger\/#breadcrumb"},"inLanguage":"fr-FR","potentialAction":[{"@type":"ReadAction","target":["https:\/\/mylovelyrods.com\/index.php\/produit\/porte-moulinet-ultra-leger\/"]}]},{"@type":"ImageObject","inLanguage":"fr-FR","@id":"https:\/\/mylovelyrods.com\/index.php\/produit\/porte-moulinet-ultra-leger\/#primaryimage","url":"https:\/\/i0.wp.com\/mylovelyrods.com\/wp-content\/uploads\/2021\/09\/20210910_172937.jpg?fit=1908%2C1432&ssl=1","contentUrl":"https:\/\/i0.wp.com\/mylovelyrods.com\/wp-content\/uploads\/2021\/09\/20210910_172937.jpg?fit=1908%2C1432&ssl=1","width":1908,"height":1432,"caption":"Porte moulinet Ultra l\u00e9ger \u00e0 bague. L'insert est en bois de ronce, avec des teintes bleus\/noires, marrons claires et marrons fonc\u00e9es. Chaque insert est un mod\u00e8le unique!"},{"@type":"BreadcrumbList","@id":"https:\/\/mylovelyrods.com\/index.php\/produit\/porte-moulinet-ultra-leger\/#breadcrumb","itemListElement":[{"@type":"ListItem","position":1,"name":"Accueil","item":"https:\/\/mylovelyrods.com\/"},{"@type":"ListItem","position":2,"name":"Produits","item":"https:\/\/mylovelyrods.com\/index.php\/boutique\/"},{"@type":"ListItem","position":3,"name":"Porte moulinet Ultra l\u00e9ger"}]},{"@type":"WebSite","@id":"https:\/\/mylovelyrods.com\/#website","url":"https:\/\/mylovelyrods.com\/","name":"Mylovelyrods","description":"Facteur de canne, restaurations, customisations, rodbuilding, mouches, nymphes et petit mat\u00e9riel...","publisher":{"@id":"https:\/\/mylovelyrods.com\/#organization"},"potentialAction":[{"@type":"SearchAction","target":{"@type":"EntryPoint","urlTemplate":"https:\/\/mylovelyrods.com\/?s={search_term_string}"},"query-input":{"@type":"PropertyValueSpecification","valueRequired":true,"valueName":"search_term_string"}}],"inLanguage":"fr-FR"},{"@type":"Organization","@id":"https:\/\/mylovelyrods.com\/#organization","name":"Mylovelyrods","url":"https:\/\/mylovelyrods.com\/","logo":{"@type":"ImageObject","inLanguage":"fr-FR","@id":"https:\/\/mylovelyrods.com\/#\/schema\/logo\/image\/","url":"https:\/\/mylovelyrods.com\/wp-content\/uploads\/2021\/01\/0001-scaled-e1611186770281.jpg","contentUrl":"https:\/\/mylovelyrods.com\/wp-content\/uploads\/2021\/01\/0001-scaled-e1611186770281.jpg","width":2560,"height":716,"caption":"Mylovelyrods"},"image":{"@id":"https:\/\/mylovelyrods.com\/#\/schema\/logo\/image\/"},"sameAs":["https:\/\/m.facebook.com\/people\/Mylovelyrods\/100062956103344\/?locale=fr_FR","https:\/\/www.instagram.com\/mylovelyrods\/?hl=fr"]}]}},"jetpack_sharing_enabled":true,"_links":{"self":[{"href":"https:\/\/mylovelyrods.com\/index.php\/wp-json\/wp\/v2\/product\/1327","targetHints":{"allow":["GET"]}}],"collection":[{"href":"https:\/\/mylovelyrods.com\/index.php\/wp-json\/wp\/v2\/product"}],"about":[{"href":"https:\/\/mylovelyrods.com\/index.php\/wp-json\/wp\/v2\/types\/product"}],"wp:featuredmedia":[{"embeddable":true,"href":"https:\/\/mylovelyrods.com\/index.php\/wp-json\/wp\/v2\/media\/1328"}],"wp:attachment":[{"href":"https:\/\/mylovelyrods.com\/index.php\/wp-json\/wp\/v2\/media?parent=1327"}],"wp:term":[{"taxonomy":"product_brand","embeddable":true,"href":"https:\/\/mylovelyrods.com\/index.php\/wp-json\/wp\/v2\/product_brand?post=1327"},{"taxonomy":"product_cat","embeddable":true,"href":"https:\/\/mylovelyrods.com\/index.php\/wp-json\/wp\/v2\/product_cat?post=1327"},{"taxonomy":"product_tag","embeddable":true,"href":"https:\/\/mylovelyrods.com\/index.php\/wp-json\/wp\/v2\/product_tag?post=1327"}],"curies":[{"name":"wp","href":"https:\/\/api.w.org\/{rel}","templated":true}]}}