{"id":1336,"date":"2021-09-12T08:52:58","date_gmt":"2021-09-12T06:52:58","guid":{"rendered":"https:\/\/mylovelyrods.com\/?post_type=product&#038;p=1336"},"modified":"2022-03-07T17:55:17","modified_gmt":"2022-03-07T16:55:17","slug":"porte-moulinet-gunsmoke-noyer","status":"publish","type":"product","link":"https:\/\/mylovelyrods.com\/index.php\/produit\/porte-moulinet-gunsmoke-noyer\/","title":{"rendered":"Porte moulinet gunsmoke noyer"},"content":{"rendered":"<p>Porte moulinet gunsmoke noyer en <span style=\"font-family: -apple-system, BlinkMacSystemFont, 'Segoe UI', Roboto, Oxygen-Sans, Ubuntu, Cantarell, 'Helvetica Neue', sans-serif;\">aluminium. Ce porte moulinet est \u00e9quip\u00e9 de deux vis de serrage. Il est habill\u00e9 d&rsquo;un insert en loupe de noyer stabilis\u00e9, avec des couleurs marrons jaunes. Chaque insert est un mod\u00e8le unique, chaque porte moulinet est donc \u00e9galement un mod\u00e8le unique.<\/span><\/p>\n<p>Le Porte moulinet fait environ un poids de 25g, plus ou moins un gramme. Cela d\u00e9pend de l&rsquo;insert en bois. Ce Porte moulinet gunsmoke noyer n&rsquo;est pas coll\u00e9, il est fourni comme sur la deuxi\u00e8me photo. Le diam\u00e8tre du porte moulinet c\u00f4t\u00e9 poign\u00e9e est de 21 mm. Le pas de vis a un diam\u00e8tre de 17.<\/p>\n<p>Il conviendra pour des tailles de soie allant de 1 \u00e0 7.<\/p>\n<p>Si vous souhaitez de plus amples informations n&rsquo;h\u00e9sitez pas \u00e0 me contacter <a href=\"https:\/\/mylovelyrods.com\/index.php\/demande-devis-contact-canne-a-peche-artisanale\/\">ici<\/a>.<\/p>\n<p>Pour me suivre sur les r\u00e9seaux sociaux c&rsquo;est par <a href=\"https:\/\/www.facebook.com\/Mylovelyrods-101775187859974\">ici<\/a> et par <a href=\"https:\/\/www.instagram.com\/mylovelyrods\/?hl=fr\">l\u00e0<\/a>.<\/p>\n","protected":false},"excerpt":{"rendered":"<p>Porte moulinet gunsmoke noyer en <span style=\"font-family: -apple-system, BlinkMacSystemFont, 'Segoe UI', Roboto, Oxygen-Sans, Ubuntu, Cantarell, 'Helvetica Neue', sans-serif;\">aluminium. Ce porte moulinet est \u00e9quip\u00e9 de deux vis de serrage. Il est habill\u00e9 d&rsquo;un insert en loupe de noyer stabilis\u00e9, avec des couleurs allant du marron au jaune. Chaque insert est un mod\u00e8le unique, chaque porte moulinet est donc \u00e9galement un mod\u00e8le unique.<\/span><\/p>\n<p>Le porte moulinet fait environ un poids de 25g, plus ou moins un gramme. Cela d\u00e9pend de l&rsquo;insert en bois. Ce porte moulinet gunsmoke insert bois n&rsquo;est pas coll\u00e9, il est fourni comme sur la deuxi\u00e8me photo. Le diam\u00e8tre du porte moulinet c\u00f4t\u00e9 poign\u00e9e est de 21 mm. Le pas de vis a un diam\u00e8tre de 17.<\/p>\n<p>Il conviendra pour des tailles de soie allant de 1 \u00e0 7.<\/p>\n","protected":false},"featured_media":1337,"template":"","meta":{"jetpack_post_was_ever_published":false,"_glsr_average":0,"_glsr_ranking":0,"_glsr_reviews":0},"product_brand":[],"product_cat":[55,43],"product_tag":[],"class_list":{"0":"post-1336","1":"product","2":"type-product","3":"status-publish","4":"has-post-thumbnail","6":"product_cat-portes-moulinets-complets","7":"product_cat-rodbuilding-montage-de-canne","9":"first","10":"outofstock","11":"shipping-taxable","12":"purchasable","13":"product-type-simple"},"yoast_head":"<!-- This site is optimized with the Yoast SEO plugin v27.4 - https:\/\/yoast.com\/product\/yoast-seo-wordpress\/ -->\n<title>Porte moulinet gunsmoke noyer - Mylovelyrods<\/title>\n<meta name=\"description\" content=\"Porte moulinet gunsmoke noyer, insert en loupe de noyer marron jaune, porte moulinet en aluminium avec 2 bagues de serrage, soie 1 \u00e0 7\" \/>\n<meta name=\"robots\" content=\"index, follow, max-snippet:-1, max-image-preview:large, max-video-preview:-1\" \/>\n<link rel=\"canonical\" href=\"https:\/\/mylovelyrods.com\/index.php\/produit\/porte-moulinet-gunsmoke-noyer\/\" \/>\n<meta property=\"og:locale\" content=\"fr_FR\" \/>\n<meta property=\"og:type\" content=\"article\" \/>\n<meta property=\"og:title\" content=\"Porte moulinet gunsmoke noyer - Mylovelyrods\" \/>\n<meta property=\"og:description\" content=\"Porte moulinet gunsmoke noyer, insert en loupe de noyer marron jaune, porte moulinet en aluminium avec 2 bagues de serrage, soie 1 \u00e0 7\" \/>\n<meta property=\"og:url\" content=\"https:\/\/mylovelyrods.com\/index.php\/produit\/porte-moulinet-gunsmoke-noyer\/\" \/>\n<meta property=\"og:site_name\" content=\"Mylovelyrods\" \/>\n<meta property=\"article:publisher\" content=\"https:\/\/m.facebook.com\/people\/Mylovelyrods\/100062956103344\/?locale=fr_FR\" \/>\n<meta property=\"article:modified_time\" content=\"2022-03-07T16:55:17+00:00\" \/>\n<meta property=\"og:image\" content=\"https:\/\/mylovelyrods.com\/wp-content\/uploads\/2021\/09\/20210910_174328.jpg\" \/>\n\t<meta property=\"og:image:width\" content=\"1904\" \/>\n\t<meta property=\"og:image:height\" content=\"1428\" \/>\n\t<meta property=\"og:image:type\" content=\"image\/jpeg\" \/>\n<meta name=\"twitter:card\" content=\"summary_large_image\" \/>\n<meta name=\"twitter:label1\" content=\"Dur\u00e9e de lecture estim\u00e9e\" \/>\n\t<meta name=\"twitter:data1\" content=\"1 minute\" \/>\n<script type=\"application\/ld+json\" class=\"yoast-schema-graph\">{\"@context\":\"https:\\\/\\\/schema.org\",\"@graph\":[{\"@type\":\"WebPage\",\"@id\":\"https:\\\/\\\/mylovelyrods.com\\\/index.php\\\/produit\\\/porte-moulinet-gunsmoke-noyer\\\/\",\"url\":\"https:\\\/\\\/mylovelyrods.com\\\/index.php\\\/produit\\\/porte-moulinet-gunsmoke-noyer\\\/\",\"name\":\"Porte moulinet gunsmoke noyer - Mylovelyrods\",\"isPartOf\":{\"@id\":\"https:\\\/\\\/mylovelyrods.com\\\/#website\"},\"primaryImageOfPage\":{\"@id\":\"https:\\\/\\\/mylovelyrods.com\\\/index.php\\\/produit\\\/porte-moulinet-gunsmoke-noyer\\\/#primaryimage\"},\"image\":{\"@id\":\"https:\\\/\\\/mylovelyrods.com\\\/index.php\\\/produit\\\/porte-moulinet-gunsmoke-noyer\\\/#primaryimage\"},\"thumbnailUrl\":\"https:\\\/\\\/i0.wp.com\\\/mylovelyrods.com\\\/wp-content\\\/uploads\\\/2021\\\/09\\\/20210910_174328.jpg?fit=1904%2C1428&ssl=1\",\"datePublished\":\"2021-09-12T06:52:58+00:00\",\"dateModified\":\"2022-03-07T16:55:17+00:00\",\"description\":\"Porte moulinet gunsmoke noyer, insert en loupe de noyer marron jaune, porte moulinet en aluminium avec 2 bagues de serrage, soie 1 \u00e0 7\",\"breadcrumb\":{\"@id\":\"https:\\\/\\\/mylovelyrods.com\\\/index.php\\\/produit\\\/porte-moulinet-gunsmoke-noyer\\\/#breadcrumb\"},\"inLanguage\":\"fr-FR\",\"potentialAction\":[{\"@type\":\"ReadAction\",\"target\":[\"https:\\\/\\\/mylovelyrods.com\\\/index.php\\\/produit\\\/porte-moulinet-gunsmoke-noyer\\\/\"]}]},{\"@type\":\"ImageObject\",\"inLanguage\":\"fr-FR\",\"@id\":\"https:\\\/\\\/mylovelyrods.com\\\/index.php\\\/produit\\\/porte-moulinet-gunsmoke-noyer\\\/#primaryimage\",\"url\":\"https:\\\/\\\/i0.wp.com\\\/mylovelyrods.com\\\/wp-content\\\/uploads\\\/2021\\\/09\\\/20210910_174328.jpg?fit=1904%2C1428&ssl=1\",\"contentUrl\":\"https:\\\/\\\/i0.wp.com\\\/mylovelyrods.com\\\/wp-content\\\/uploads\\\/2021\\\/09\\\/20210910_174328.jpg?fit=1904%2C1428&ssl=1\",\"width\":1904,\"height\":1428,\"caption\":\"Porte moulinet gunsmoke noyer en aluminium. Ce porte moulinet est \u00e9quip\u00e9 de deux vis de serrage. Il est habill\u00e9 d'un insert en loupe de noyer stabilis\u00e9\"},{\"@type\":\"BreadcrumbList\",\"@id\":\"https:\\\/\\\/mylovelyrods.com\\\/index.php\\\/produit\\\/porte-moulinet-gunsmoke-noyer\\\/#breadcrumb\",\"itemListElement\":[{\"@type\":\"ListItem\",\"position\":1,\"name\":\"Accueil\",\"item\":\"https:\\\/\\\/mylovelyrods.com\\\/\"},{\"@type\":\"ListItem\",\"position\":2,\"name\":\"Produits\",\"item\":\"https:\\\/\\\/mylovelyrods.com\\\/index.php\\\/boutique\\\/\"},{\"@type\":\"ListItem\",\"position\":3,\"name\":\"Porte moulinet gunsmoke noyer\"}]},{\"@type\":\"WebSite\",\"@id\":\"https:\\\/\\\/mylovelyrods.com\\\/#website\",\"url\":\"https:\\\/\\\/mylovelyrods.com\\\/\",\"name\":\"Mylovelyrods\",\"description\":\"Facteur de canne, restaurations, customisations, rodbuilding, mouches, nymphes et petit mat\u00e9riel...\",\"publisher\":{\"@id\":\"https:\\\/\\\/mylovelyrods.com\\\/#organization\"},\"potentialAction\":[{\"@type\":\"SearchAction\",\"target\":{\"@type\":\"EntryPoint\",\"urlTemplate\":\"https:\\\/\\\/mylovelyrods.com\\\/?s={search_term_string}\"},\"query-input\":{\"@type\":\"PropertyValueSpecification\",\"valueRequired\":true,\"valueName\":\"search_term_string\"}}],\"inLanguage\":\"fr-FR\"},{\"@type\":\"Organization\",\"@id\":\"https:\\\/\\\/mylovelyrods.com\\\/#organization\",\"name\":\"Mylovelyrods\",\"url\":\"https:\\\/\\\/mylovelyrods.com\\\/\",\"logo\":{\"@type\":\"ImageObject\",\"inLanguage\":\"fr-FR\",\"@id\":\"https:\\\/\\\/mylovelyrods.com\\\/#\\\/schema\\\/logo\\\/image\\\/\",\"url\":\"https:\\\/\\\/mylovelyrods.com\\\/wp-content\\\/uploads\\\/2021\\\/01\\\/0001-scaled-e1611186770281.jpg\",\"contentUrl\":\"https:\\\/\\\/mylovelyrods.com\\\/wp-content\\\/uploads\\\/2021\\\/01\\\/0001-scaled-e1611186770281.jpg\",\"width\":2560,\"height\":716,\"caption\":\"Mylovelyrods\"},\"image\":{\"@id\":\"https:\\\/\\\/mylovelyrods.com\\\/#\\\/schema\\\/logo\\\/image\\\/\"},\"sameAs\":[\"https:\\\/\\\/m.facebook.com\\\/people\\\/Mylovelyrods\\\/100062956103344\\\/?locale=fr_FR\",\"https:\\\/\\\/www.instagram.com\\\/mylovelyrods\\\/?hl=fr\"]}]}<\/script>\n<!-- \/ Yoast SEO plugin. -->","yoast_head_json":{"title":"Porte moulinet gunsmoke noyer - Mylovelyrods","description":"Porte moulinet gunsmoke noyer, insert en loupe de noyer marron jaune, porte moulinet en aluminium avec 2 bagues de serrage, soie 1 \u00e0 7","robots":{"index":"index","follow":"follow","max-snippet":"max-snippet:-1","max-image-preview":"max-image-preview:large","max-video-preview":"max-video-preview:-1"},"canonical":"https:\/\/mylovelyrods.com\/index.php\/produit\/porte-moulinet-gunsmoke-noyer\/","og_locale":"fr_FR","og_type":"article","og_title":"Porte moulinet gunsmoke noyer - Mylovelyrods","og_description":"Porte moulinet gunsmoke noyer, insert en loupe de noyer marron jaune, porte moulinet en aluminium avec 2 bagues de serrage, soie 1 \u00e0 7","og_url":"https:\/\/mylovelyrods.com\/index.php\/produit\/porte-moulinet-gunsmoke-noyer\/","og_site_name":"Mylovelyrods","article_publisher":"https:\/\/m.facebook.com\/people\/Mylovelyrods\/100062956103344\/?locale=fr_FR","article_modified_time":"2022-03-07T16:55:17+00:00","og_image":[{"width":1904,"height":1428,"url":"https:\/\/mylovelyrods.com\/wp-content\/uploads\/2021\/09\/20210910_174328.jpg","type":"image\/jpeg"}],"twitter_card":"summary_large_image","twitter_misc":{"Dur\u00e9e de lecture estim\u00e9e":"1 minute"},"schema":{"@context":"https:\/\/schema.org","@graph":[{"@type":"WebPage","@id":"https:\/\/mylovelyrods.com\/index.php\/produit\/porte-moulinet-gunsmoke-noyer\/","url":"https:\/\/mylovelyrods.com\/index.php\/produit\/porte-moulinet-gunsmoke-noyer\/","name":"Porte moulinet gunsmoke noyer - Mylovelyrods","isPartOf":{"@id":"https:\/\/mylovelyrods.com\/#website"},"primaryImageOfPage":{"@id":"https:\/\/mylovelyrods.com\/index.php\/produit\/porte-moulinet-gunsmoke-noyer\/#primaryimage"},"image":{"@id":"https:\/\/mylovelyrods.com\/index.php\/produit\/porte-moulinet-gunsmoke-noyer\/#primaryimage"},"thumbnailUrl":"https:\/\/i0.wp.com\/mylovelyrods.com\/wp-content\/uploads\/2021\/09\/20210910_174328.jpg?fit=1904%2C1428&ssl=1","datePublished":"2021-09-12T06:52:58+00:00","dateModified":"2022-03-07T16:55:17+00:00","description":"Porte moulinet gunsmoke noyer, insert en loupe de noyer marron jaune, porte moulinet en aluminium avec 2 bagues de serrage, soie 1 \u00e0 7","breadcrumb":{"@id":"https:\/\/mylovelyrods.com\/index.php\/produit\/porte-moulinet-gunsmoke-noyer\/#breadcrumb"},"inLanguage":"fr-FR","potentialAction":[{"@type":"ReadAction","target":["https:\/\/mylovelyrods.com\/index.php\/produit\/porte-moulinet-gunsmoke-noyer\/"]}]},{"@type":"ImageObject","inLanguage":"fr-FR","@id":"https:\/\/mylovelyrods.com\/index.php\/produit\/porte-moulinet-gunsmoke-noyer\/#primaryimage","url":"https:\/\/i0.wp.com\/mylovelyrods.com\/wp-content\/uploads\/2021\/09\/20210910_174328.jpg?fit=1904%2C1428&ssl=1","contentUrl":"https:\/\/i0.wp.com\/mylovelyrods.com\/wp-content\/uploads\/2021\/09\/20210910_174328.jpg?fit=1904%2C1428&ssl=1","width":1904,"height":1428,"caption":"Porte moulinet gunsmoke noyer en aluminium. Ce porte moulinet est \u00e9quip\u00e9 de deux vis de serrage. Il est habill\u00e9 d'un insert en loupe de noyer stabilis\u00e9"},{"@type":"BreadcrumbList","@id":"https:\/\/mylovelyrods.com\/index.php\/produit\/porte-moulinet-gunsmoke-noyer\/#breadcrumb","itemListElement":[{"@type":"ListItem","position":1,"name":"Accueil","item":"https:\/\/mylovelyrods.com\/"},{"@type":"ListItem","position":2,"name":"Produits","item":"https:\/\/mylovelyrods.com\/index.php\/boutique\/"},{"@type":"ListItem","position":3,"name":"Porte moulinet gunsmoke noyer"}]},{"@type":"WebSite","@id":"https:\/\/mylovelyrods.com\/#website","url":"https:\/\/mylovelyrods.com\/","name":"Mylovelyrods","description":"Facteur de canne, restaurations, customisations, rodbuilding, mouches, nymphes et petit mat\u00e9riel...","publisher":{"@id":"https:\/\/mylovelyrods.com\/#organization"},"potentialAction":[{"@type":"SearchAction","target":{"@type":"EntryPoint","urlTemplate":"https:\/\/mylovelyrods.com\/?s={search_term_string}"},"query-input":{"@type":"PropertyValueSpecification","valueRequired":true,"valueName":"search_term_string"}}],"inLanguage":"fr-FR"},{"@type":"Organization","@id":"https:\/\/mylovelyrods.com\/#organization","name":"Mylovelyrods","url":"https:\/\/mylovelyrods.com\/","logo":{"@type":"ImageObject","inLanguage":"fr-FR","@id":"https:\/\/mylovelyrods.com\/#\/schema\/logo\/image\/","url":"https:\/\/mylovelyrods.com\/wp-content\/uploads\/2021\/01\/0001-scaled-e1611186770281.jpg","contentUrl":"https:\/\/mylovelyrods.com\/wp-content\/uploads\/2021\/01\/0001-scaled-e1611186770281.jpg","width":2560,"height":716,"caption":"Mylovelyrods"},"image":{"@id":"https:\/\/mylovelyrods.com\/#\/schema\/logo\/image\/"},"sameAs":["https:\/\/m.facebook.com\/people\/Mylovelyrods\/100062956103344\/?locale=fr_FR","https:\/\/www.instagram.com\/mylovelyrods\/?hl=fr"]}]}},"jetpack_sharing_enabled":true,"_links":{"self":[{"href":"https:\/\/mylovelyrods.com\/index.php\/wp-json\/wp\/v2\/product\/1336","targetHints":{"allow":["GET"]}}],"collection":[{"href":"https:\/\/mylovelyrods.com\/index.php\/wp-json\/wp\/v2\/product"}],"about":[{"href":"https:\/\/mylovelyrods.com\/index.php\/wp-json\/wp\/v2\/types\/product"}],"wp:featuredmedia":[{"embeddable":true,"href":"https:\/\/mylovelyrods.com\/index.php\/wp-json\/wp\/v2\/media\/1337"}],"wp:attachment":[{"href":"https:\/\/mylovelyrods.com\/index.php\/wp-json\/wp\/v2\/media?parent=1336"}],"wp:term":[{"taxonomy":"product_brand","embeddable":true,"href":"https:\/\/mylovelyrods.com\/index.php\/wp-json\/wp\/v2\/product_brand?post=1336"},{"taxonomy":"product_cat","embeddable":true,"href":"https:\/\/mylovelyrods.com\/index.php\/wp-json\/wp\/v2\/product_cat?post=1336"},{"taxonomy":"product_tag","embeddable":true,"href":"https:\/\/mylovelyrods.com\/index.php\/wp-json\/wp\/v2\/product_tag?post=1336"}],"curies":[{"name":"wp","href":"https:\/\/api.w.org\/{rel}","templated":true}]}}