{"id":1344,"date":"2021-09-12T09:21:14","date_gmt":"2021-09-12T07:21:14","guid":{"rendered":"https:\/\/mylovelyrods.com\/?post_type=product&#038;p=1344"},"modified":"2026-01-21T07:34:03","modified_gmt":"2026-01-21T06:34:03","slug":"porte-moulinet-skeleton-noir","status":"publish","type":"product","link":"https:\/\/mylovelyrods.com\/index.php\/produit\/porte-moulinet-skeleton-noir\/","title":{"rendered":"Porte moulinet skeleton noir"},"content":{"rendered":"<p>Porte moulinet skeleton noir en aluminium. Ce porte moulinet est tout nu! Il vous faudra l&rsquo;habiller avec un insert de votre choix, ou alors fabriquer vous m\u00eame un insert.<\/p>\n<p>Ce Porte moulinet skeleton noir a un poids d&rsquo;environ 9,3g. Il est compos\u00e9 d&rsquo;un bouchon, du tube avec pas de vis, de deux \u00e9crous qui serreront la bague de serrage sur la patte du moulinet. Et pour finir de la bague cot\u00e9 poign\u00e9e ou viendra se loger l&rsquo;autre partie de la patte du moulinet.<\/p>\n<p>Il conviendra pour des tailles de soie allant de 1 \u00e0 6.<\/p>\n<p>Les couleurs de la photo peuvent l\u00e9g\u00e8rement diff\u00e9rer des couleurs du porte moulinet.<\/p>\n<p>Si vous souhaitez de plus amples informations n&rsquo;h\u00e9sitez pas \u00e0 me contacter <a href=\"https:\/\/mylovelyrods.com\/index.php\/demande-devis-contact-canne-a-peche-artisanale\/\">ici<\/a>.<\/p>\n<p>Pour me suivre sur les r\u00e9seaux sociaux c&rsquo;est par <a href=\"https:\/\/www.facebook.com\/Mylovelyrods-101775187859974\">ici<\/a> et par <a href=\"https:\/\/www.instagram.com\/mylovelyrods\/?hl=fr\">l\u00e0<\/a>.<\/p>\n","protected":false},"excerpt":{"rendered":"<p>Porte moulinet skeleton noir en aluminium. Ce porte moulinet est tout nu! Il vous faudra l&rsquo;habiller avec un insert de votre choix, ou alors fabriquer vous m\u00eame un insert.<\/p>\n<p>Ce Porte moulinet skeleton noir a un poids d&rsquo;environ 9,3g. Il est compos\u00e9 d&rsquo;un bouchon, du tube avec pas de vis, de deux \u00e9crous qui serreront la bague de serrage sur la patte du moulinet. Et pour finir de la bague cot\u00e9 poign\u00e9e ou viendra se loger l&rsquo;autre partie de la patte du moulinet.<\/p>\n<p>Il conviendra pour des tailles de soie allant de 1 \u00e0 6.<\/p>\n","protected":false},"featured_media":1345,"template":"","meta":{"jetpack_post_was_ever_published":false,"_glsr_average":0,"_glsr_ranking":0,"_glsr_reviews":0},"product_brand":[],"product_cat":[58,43],"product_tag":[],"class_list":{"0":"post-1344","1":"product","2":"type-product","3":"status-publish","4":"has-post-thumbnail","6":"product_cat-portes-moulinets-skeleton","7":"product_cat-rodbuilding-montage-de-canne","9":"first","10":"instock","11":"shipping-taxable","12":"purchasable","13":"product-type-simple"},"yoast_head":"<!-- This site is optimized with the Yoast SEO plugin v27.4 - https:\/\/yoast.com\/product\/yoast-seo-wordpress\/ -->\n<title>Porte moulinet skeleton noir - Rodbuilding - Mylovelyrods<\/title>\n<meta name=\"description\" content=\"Porte moulinet skeleton noir en aluminium. Ce porte moulinet est tout nu! Il vous faudra l&#039;habiller avec un insert de votre choix. Poids 9,3g\" \/>\n<meta name=\"robots\" content=\"index, follow, max-snippet:-1, max-image-preview:large, max-video-preview:-1\" \/>\n<link rel=\"canonical\" href=\"https:\/\/mylovelyrods.com\/index.php\/produit\/porte-moulinet-skeleton-noir\/\" \/>\n<meta property=\"og:locale\" content=\"fr_FR\" \/>\n<meta property=\"og:type\" content=\"article\" \/>\n<meta property=\"og:title\" content=\"Porte moulinet skeleton noir - Rodbuilding - Mylovelyrods\" \/>\n<meta property=\"og:description\" content=\"Porte moulinet skeleton noir en aluminium. Ce porte moulinet est tout nu! Il vous faudra l&#039;habiller avec un insert de votre choix. Poids 9,3g\" \/>\n<meta property=\"og:url\" content=\"https:\/\/mylovelyrods.com\/index.php\/produit\/porte-moulinet-skeleton-noir\/\" \/>\n<meta property=\"og:site_name\" content=\"Mylovelyrods\" \/>\n<meta property=\"article:publisher\" content=\"https:\/\/m.facebook.com\/people\/Mylovelyrods\/100062956103344\/?locale=fr_FR\" \/>\n<meta property=\"article:modified_time\" content=\"2026-01-21T06:34:03+00:00\" \/>\n<meta property=\"og:image\" content=\"https:\/\/mylovelyrods.com\/wp-content\/uploads\/2021\/09\/20210910_181830.jpg\" \/>\n\t<meta property=\"og:image:width\" content=\"1798\" \/>\n\t<meta property=\"og:image:height\" content=\"1357\" \/>\n\t<meta property=\"og:image:type\" content=\"image\/jpeg\" \/>\n<meta name=\"twitter:card\" content=\"summary_large_image\" \/>\n<meta name=\"twitter:label1\" content=\"Dur\u00e9e de lecture estim\u00e9e\" \/>\n\t<meta name=\"twitter:data1\" content=\"1 minute\" \/>\n<script type=\"application\/ld+json\" class=\"yoast-schema-graph\">{\"@context\":\"https:\\\/\\\/schema.org\",\"@graph\":[{\"@type\":\"WebPage\",\"@id\":\"https:\\\/\\\/mylovelyrods.com\\\/index.php\\\/produit\\\/porte-moulinet-skeleton-noir\\\/\",\"url\":\"https:\\\/\\\/mylovelyrods.com\\\/index.php\\\/produit\\\/porte-moulinet-skeleton-noir\\\/\",\"name\":\"Porte moulinet skeleton noir - Rodbuilding - Mylovelyrods\",\"isPartOf\":{\"@id\":\"https:\\\/\\\/mylovelyrods.com\\\/#website\"},\"primaryImageOfPage\":{\"@id\":\"https:\\\/\\\/mylovelyrods.com\\\/index.php\\\/produit\\\/porte-moulinet-skeleton-noir\\\/#primaryimage\"},\"image\":{\"@id\":\"https:\\\/\\\/mylovelyrods.com\\\/index.php\\\/produit\\\/porte-moulinet-skeleton-noir\\\/#primaryimage\"},\"thumbnailUrl\":\"https:\\\/\\\/i0.wp.com\\\/mylovelyrods.com\\\/wp-content\\\/uploads\\\/2021\\\/09\\\/20210910_181830.jpg?fit=1798%2C1357&ssl=1\",\"datePublished\":\"2021-09-12T07:21:14+00:00\",\"dateModified\":\"2026-01-21T06:34:03+00:00\",\"description\":\"Porte moulinet skeleton noir en aluminium. Ce porte moulinet est tout nu! Il vous faudra l'habiller avec un insert de votre choix. Poids 9,3g\",\"breadcrumb\":{\"@id\":\"https:\\\/\\\/mylovelyrods.com\\\/index.php\\\/produit\\\/porte-moulinet-skeleton-noir\\\/#breadcrumb\"},\"inLanguage\":\"fr-FR\",\"potentialAction\":[{\"@type\":\"ReadAction\",\"target\":[\"https:\\\/\\\/mylovelyrods.com\\\/index.php\\\/produit\\\/porte-moulinet-skeleton-noir\\\/\"]}]},{\"@type\":\"ImageObject\",\"inLanguage\":\"fr-FR\",\"@id\":\"https:\\\/\\\/mylovelyrods.com\\\/index.php\\\/produit\\\/porte-moulinet-skeleton-noir\\\/#primaryimage\",\"url\":\"https:\\\/\\\/i0.wp.com\\\/mylovelyrods.com\\\/wp-content\\\/uploads\\\/2021\\\/09\\\/20210910_181830.jpg?fit=1798%2C1357&ssl=1\",\"contentUrl\":\"https:\\\/\\\/i0.wp.com\\\/mylovelyrods.com\\\/wp-content\\\/uploads\\\/2021\\\/09\\\/20210910_181830.jpg?fit=1798%2C1357&ssl=1\",\"width\":1798,\"height\":1357,\"caption\":\"Porte moulinet skeleton noir en aluminium. Ce porte moulinet est tout nu! Il vous faudra l'habiller avec un insert de votre choix, ou alors fabriquer vous m\u00eame un insert.\"},{\"@type\":\"BreadcrumbList\",\"@id\":\"https:\\\/\\\/mylovelyrods.com\\\/index.php\\\/produit\\\/porte-moulinet-skeleton-noir\\\/#breadcrumb\",\"itemListElement\":[{\"@type\":\"ListItem\",\"position\":1,\"name\":\"Accueil\",\"item\":\"https:\\\/\\\/mylovelyrods.com\\\/\"},{\"@type\":\"ListItem\",\"position\":2,\"name\":\"Produits\",\"item\":\"https:\\\/\\\/mylovelyrods.com\\\/index.php\\\/boutique\\\/\"},{\"@type\":\"ListItem\",\"position\":3,\"name\":\"Porte moulinet skeleton noir\"}]},{\"@type\":\"WebSite\",\"@id\":\"https:\\\/\\\/mylovelyrods.com\\\/#website\",\"url\":\"https:\\\/\\\/mylovelyrods.com\\\/\",\"name\":\"Mylovelyrods\",\"description\":\"Facteur de canne, restaurations, customisations, rodbuilding, mouches, nymphes et petit mat\u00e9riel...\",\"publisher\":{\"@id\":\"https:\\\/\\\/mylovelyrods.com\\\/#organization\"},\"potentialAction\":[{\"@type\":\"SearchAction\",\"target\":{\"@type\":\"EntryPoint\",\"urlTemplate\":\"https:\\\/\\\/mylovelyrods.com\\\/?s={search_term_string}\"},\"query-input\":{\"@type\":\"PropertyValueSpecification\",\"valueRequired\":true,\"valueName\":\"search_term_string\"}}],\"inLanguage\":\"fr-FR\"},{\"@type\":\"Organization\",\"@id\":\"https:\\\/\\\/mylovelyrods.com\\\/#organization\",\"name\":\"Mylovelyrods\",\"url\":\"https:\\\/\\\/mylovelyrods.com\\\/\",\"logo\":{\"@type\":\"ImageObject\",\"inLanguage\":\"fr-FR\",\"@id\":\"https:\\\/\\\/mylovelyrods.com\\\/#\\\/schema\\\/logo\\\/image\\\/\",\"url\":\"https:\\\/\\\/mylovelyrods.com\\\/wp-content\\\/uploads\\\/2021\\\/01\\\/0001-scaled-e1611186770281.jpg\",\"contentUrl\":\"https:\\\/\\\/mylovelyrods.com\\\/wp-content\\\/uploads\\\/2021\\\/01\\\/0001-scaled-e1611186770281.jpg\",\"width\":2560,\"height\":716,\"caption\":\"Mylovelyrods\"},\"image\":{\"@id\":\"https:\\\/\\\/mylovelyrods.com\\\/#\\\/schema\\\/logo\\\/image\\\/\"},\"sameAs\":[\"https:\\\/\\\/m.facebook.com\\\/people\\\/Mylovelyrods\\\/100062956103344\\\/?locale=fr_FR\",\"https:\\\/\\\/www.instagram.com\\\/mylovelyrods\\\/?hl=fr\"]}]}<\/script>\n<!-- \/ Yoast SEO plugin. -->","yoast_head_json":{"title":"Porte moulinet skeleton noir - Rodbuilding - Mylovelyrods","description":"Porte moulinet skeleton noir en aluminium. Ce porte moulinet est tout nu! Il vous faudra l'habiller avec un insert de votre choix. Poids 9,3g","robots":{"index":"index","follow":"follow","max-snippet":"max-snippet:-1","max-image-preview":"max-image-preview:large","max-video-preview":"max-video-preview:-1"},"canonical":"https:\/\/mylovelyrods.com\/index.php\/produit\/porte-moulinet-skeleton-noir\/","og_locale":"fr_FR","og_type":"article","og_title":"Porte moulinet skeleton noir - Rodbuilding - Mylovelyrods","og_description":"Porte moulinet skeleton noir en aluminium. Ce porte moulinet est tout nu! Il vous faudra l'habiller avec un insert de votre choix. Poids 9,3g","og_url":"https:\/\/mylovelyrods.com\/index.php\/produit\/porte-moulinet-skeleton-noir\/","og_site_name":"Mylovelyrods","article_publisher":"https:\/\/m.facebook.com\/people\/Mylovelyrods\/100062956103344\/?locale=fr_FR","article_modified_time":"2026-01-21T06:34:03+00:00","og_image":[{"width":1798,"height":1357,"url":"https:\/\/mylovelyrods.com\/wp-content\/uploads\/2021\/09\/20210910_181830.jpg","type":"image\/jpeg"}],"twitter_card":"summary_large_image","twitter_misc":{"Dur\u00e9e de lecture estim\u00e9e":"1 minute"},"schema":{"@context":"https:\/\/schema.org","@graph":[{"@type":"WebPage","@id":"https:\/\/mylovelyrods.com\/index.php\/produit\/porte-moulinet-skeleton-noir\/","url":"https:\/\/mylovelyrods.com\/index.php\/produit\/porte-moulinet-skeleton-noir\/","name":"Porte moulinet skeleton noir - Rodbuilding - Mylovelyrods","isPartOf":{"@id":"https:\/\/mylovelyrods.com\/#website"},"primaryImageOfPage":{"@id":"https:\/\/mylovelyrods.com\/index.php\/produit\/porte-moulinet-skeleton-noir\/#primaryimage"},"image":{"@id":"https:\/\/mylovelyrods.com\/index.php\/produit\/porte-moulinet-skeleton-noir\/#primaryimage"},"thumbnailUrl":"https:\/\/i0.wp.com\/mylovelyrods.com\/wp-content\/uploads\/2021\/09\/20210910_181830.jpg?fit=1798%2C1357&ssl=1","datePublished":"2021-09-12T07:21:14+00:00","dateModified":"2026-01-21T06:34:03+00:00","description":"Porte moulinet skeleton noir en aluminium. Ce porte moulinet est tout nu! Il vous faudra l'habiller avec un insert de votre choix. Poids 9,3g","breadcrumb":{"@id":"https:\/\/mylovelyrods.com\/index.php\/produit\/porte-moulinet-skeleton-noir\/#breadcrumb"},"inLanguage":"fr-FR","potentialAction":[{"@type":"ReadAction","target":["https:\/\/mylovelyrods.com\/index.php\/produit\/porte-moulinet-skeleton-noir\/"]}]},{"@type":"ImageObject","inLanguage":"fr-FR","@id":"https:\/\/mylovelyrods.com\/index.php\/produit\/porte-moulinet-skeleton-noir\/#primaryimage","url":"https:\/\/i0.wp.com\/mylovelyrods.com\/wp-content\/uploads\/2021\/09\/20210910_181830.jpg?fit=1798%2C1357&ssl=1","contentUrl":"https:\/\/i0.wp.com\/mylovelyrods.com\/wp-content\/uploads\/2021\/09\/20210910_181830.jpg?fit=1798%2C1357&ssl=1","width":1798,"height":1357,"caption":"Porte moulinet skeleton noir en aluminium. Ce porte moulinet est tout nu! Il vous faudra l'habiller avec un insert de votre choix, ou alors fabriquer vous m\u00eame un insert."},{"@type":"BreadcrumbList","@id":"https:\/\/mylovelyrods.com\/index.php\/produit\/porte-moulinet-skeleton-noir\/#breadcrumb","itemListElement":[{"@type":"ListItem","position":1,"name":"Accueil","item":"https:\/\/mylovelyrods.com\/"},{"@type":"ListItem","position":2,"name":"Produits","item":"https:\/\/mylovelyrods.com\/index.php\/boutique\/"},{"@type":"ListItem","position":3,"name":"Porte moulinet skeleton noir"}]},{"@type":"WebSite","@id":"https:\/\/mylovelyrods.com\/#website","url":"https:\/\/mylovelyrods.com\/","name":"Mylovelyrods","description":"Facteur de canne, restaurations, customisations, rodbuilding, mouches, nymphes et petit mat\u00e9riel...","publisher":{"@id":"https:\/\/mylovelyrods.com\/#organization"},"potentialAction":[{"@type":"SearchAction","target":{"@type":"EntryPoint","urlTemplate":"https:\/\/mylovelyrods.com\/?s={search_term_string}"},"query-input":{"@type":"PropertyValueSpecification","valueRequired":true,"valueName":"search_term_string"}}],"inLanguage":"fr-FR"},{"@type":"Organization","@id":"https:\/\/mylovelyrods.com\/#organization","name":"Mylovelyrods","url":"https:\/\/mylovelyrods.com\/","logo":{"@type":"ImageObject","inLanguage":"fr-FR","@id":"https:\/\/mylovelyrods.com\/#\/schema\/logo\/image\/","url":"https:\/\/mylovelyrods.com\/wp-content\/uploads\/2021\/01\/0001-scaled-e1611186770281.jpg","contentUrl":"https:\/\/mylovelyrods.com\/wp-content\/uploads\/2021\/01\/0001-scaled-e1611186770281.jpg","width":2560,"height":716,"caption":"Mylovelyrods"},"image":{"@id":"https:\/\/mylovelyrods.com\/#\/schema\/logo\/image\/"},"sameAs":["https:\/\/m.facebook.com\/people\/Mylovelyrods\/100062956103344\/?locale=fr_FR","https:\/\/www.instagram.com\/mylovelyrods\/?hl=fr"]}]}},"jetpack_sharing_enabled":true,"_links":{"self":[{"href":"https:\/\/mylovelyrods.com\/index.php\/wp-json\/wp\/v2\/product\/1344","targetHints":{"allow":["GET"]}}],"collection":[{"href":"https:\/\/mylovelyrods.com\/index.php\/wp-json\/wp\/v2\/product"}],"about":[{"href":"https:\/\/mylovelyrods.com\/index.php\/wp-json\/wp\/v2\/types\/product"}],"wp:featuredmedia":[{"embeddable":true,"href":"https:\/\/mylovelyrods.com\/index.php\/wp-json\/wp\/v2\/media\/1345"}],"wp:attachment":[{"href":"https:\/\/mylovelyrods.com\/index.php\/wp-json\/wp\/v2\/media?parent=1344"}],"wp:term":[{"taxonomy":"product_brand","embeddable":true,"href":"https:\/\/mylovelyrods.com\/index.php\/wp-json\/wp\/v2\/product_brand?post=1344"},{"taxonomy":"product_cat","embeddable":true,"href":"https:\/\/mylovelyrods.com\/index.php\/wp-json\/wp\/v2\/product_cat?post=1344"},{"taxonomy":"product_tag","embeddable":true,"href":"https:\/\/mylovelyrods.com\/index.php\/wp-json\/wp\/v2\/product_tag?post=1344"}],"curies":[{"name":"wp","href":"https:\/\/api.w.org\/{rel}","templated":true}]}}