{"id":142,"date":"2021-01-20T23:13:18","date_gmt":"2021-01-20T22:13:18","guid":{"rendered":"https:\/\/mylovelyrods.com\/?post_type=product&#038;p=142"},"modified":"2024-02-19T00:44:45","modified_gmt":"2024-02-18T23:44:45","slug":"canne-a-mouche-la-caddis-86-4-4","status":"publish","type":"product","link":"https:\/\/mylovelyrods.com\/index.php\/produit\/canne-a-mouche-la-caddis-86-4-4\/","title":{"rendered":"Canne mouche 8&rsquo;6, #4 &#8211; 4 \u00ab\u00a0La Caddis\u00a0\u00bb"},"content":{"rendered":"<p>Canne mouche 8&rsquo;6 pour une soie de 4 en 4 brins en a dans le ventre! L&rsquo;ERN mesur\u00e9 est de 6,62!! D&rsquo;ailleurs e<span style=\"font-family: -apple-system, BlinkMacSystemFont, 'Segoe UI', Roboto, Oxygen-Sans, Ubuntu, Cantarell, 'Helvetica Neue', sans-serif;\">lle est plut\u00f4t typ\u00e9e pour une p\u00eache en s\u00e8che. Le blank en carbone IM10 est de couleur vert nacr\u00e9. La poign\u00e9e cigare est en li\u00e8ge de qualit\u00e9 FLOR, ainsi qu&rsquo;orn\u00e9e d&rsquo;une caddis incrust\u00e9e, pos\u00e9e sur son brin d&rsquo;herbe. <\/span><\/p>\n<p><span style=\"font-family: -apple-system, BlinkMacSystemFont, 'Segoe UI', Roboto, Oxygen-Sans, Ubuntu, Cantarell, 'Helvetica Neue', sans-serif;\">L&rsquo;anneau de pointe est un anneau recoil. D&rsquo;autre part les ligatures sont vertes. Quant aux ligatures de renfort, elles sont compos\u00e9es de vert et de marron. De plus son porte moulinet est argent\u00e9 avec de l\u00e9gers reflets dor\u00e9s, ainsi qu&rsquo;habill\u00e9 d&rsquo;un insert bois stabilis\u00e9 en noyer. Cette canne a un poids de 78g. Canne mouche 8&rsquo;6 est fournie dans sa housse en tissu de couleur beige compartiment\u00e9e.<\/span><\/p>\n<p>Pour ce qui sont des mesures techniques, le protocole \u00ab\u00a0common cents\u00a0\u00bb (dont vous aurez les d\u00e9tails ici: <a href=\"https:\/\/www.truites-et-cie.fr\/article\/materiel\/mouche\/protocole-de-test-des-cannes-mouche\">https:\/\/www.truites-et-cie.fr\/article\/materiel\/mouche\/protocole-de-test-des-cannes-mouche<\/a>) a permis de faire ces mesures techniques:<\/p>\n<p>Poids de la canne: 78g<\/p>\n<p>ERN: 6,62<\/p>\n<p>AA: 69\u00b0 qui classe l&rsquo;action de la canne en Fast<\/p>\n<p>PME (Poids du moulinet \u00e0 l&rsquo;\u00e9quilibre): 146g<\/p>\n<p>PTE (Poids Total \u00e0 l&rsquo;\u00e9quilibre): 224g<\/p>\n<p>Si vous souhaitez plus d&rsquo;information, alors n&rsquo;h\u00e9sitez pas \u00e0 me contacter <a href=\"https:\/\/mylovelyrods.com\/index.php\/demande-devis-contact-canne-a-peche-artisanale\/\">ici<\/a>!<\/p>\n<p>Si vous souhaitez mes suivre sur les r\u00e9seaux sociaux, alors ce sera par <a href=\"https:\/\/www.facebook.com\/pages\/category\/Sports\/Mylovelyrods-101775187859974\/\">ici<\/a> et par <a href=\"https:\/\/www.instagram.com\/mylovelyrods\/?hl=fr\">l\u00e0<\/a>.<\/p>\n","protected":false},"excerpt":{"rendered":"<p>Cette 8&rsquo;6 pour une soie de 4 en 4 brins en a dans le ventre! L&rsquo;ERN mesur\u00e9 est de 6,62!! <span style=\"font-family: -apple-system, BlinkMacSystemFont, 'Segoe UI', Roboto, Oxygen-Sans, Ubuntu, Cantarell, 'Helvetica Neue', sans-serif;\">Elle est plut\u00f4t typ\u00e9e pour une p\u00eache en s\u00e8che. Le blank en carbone IM10 est de couleur vert nacr\u00e9. La poign\u00e9e cigare en li\u00e8ge de qualit\u00e9 FLOR est orn\u00e9e d&rsquo;une caddis incrust\u00e9e, pos\u00e9e sur son brin d&rsquo;herbe. L&rsquo;anneau de pointe est un anneau recoil. Les ligatures sont vertes, et les ligatures de renfort sont compos\u00e9es de vert et de marron. Son porte moulinet est argent\u00e9 avec de l\u00e9gers reflets dor\u00e9s, il est habill\u00e9 d&rsquo;un insert bois stabilis\u00e9. Cette canne a un poids de 78g. Elle est fournie dans sa housse en tissu beige compartiment\u00e9e.<\/span><\/p>\n<p>Pour ce qui sont des mesures techniques, le protocole \u00ab\u00a0common cents\u00a0\u00bb (dont vous aurez les d\u00e9tails ici: <a href=\"https:\/\/www.truites-et-cie.fr\/article\/materiel\/mouche\/protocole-de-test-des-cannes-mouche\">https:\/\/www.truites-et-cie.fr\/article\/materiel\/mouche\/protocole-de-test-des-cannes-mouche<\/a>) a permis de mesurer:<\/p>\n<p>Poids de la canne: 78g<\/p>\n<p>ERN: 6,62<\/p>\n<p>AA: 69\u00b0 qui classe l&rsquo;action de la canne en Fast<\/p>\n<p>PME (Poids du moulinet \u00e0 l&rsquo;\u00e9quilibre): 146g<\/p>\n<p>PTE (Poids Total \u00e0 l&rsquo;\u00e9quilibre): 224g<\/p>\n<p>Si vous souhaitez plus d&rsquo;information, alors n&rsquo;h\u00e9sitez pas \u00e0 me contacter <a href=\"https:\/\/mylovelyrods.com\/index.php\/demande-devis-contact-canne-a-peche-artisanale\/\">ici<\/a>!<\/p>\n","protected":false},"featured_media":143,"template":"","meta":{"jetpack_post_was_ever_published":false,"_glsr_average":0,"_glsr_ranking":0,"_glsr_reviews":0},"product_brand":[],"product_cat":[28],"product_tag":[22],"class_list":{"0":"post-142","1":"product","2":"type-product","3":"status-publish","4":"has-post-thumbnail","6":"product_cat-cannes-disponibles","7":"product_tag-la-caddis","8":"product_shipping_class-blank","10":"first","11":"instock","12":"featured","13":"sold-individually","14":"purchasable","15":"product-type-simple"},"yoast_head":"<!-- This site is optimized with the Yoast SEO plugin v27.4 - https:\/\/yoast.com\/product\/yoast-seo-wordpress\/ -->\n<title>Canne mouche 8&#039;6, #4 - 4 &quot;La Caddis&quot; - Mylovelyrods<\/title>\n<meta name=\"description\" content=\"Canne mouche 8&#039;6, la poign\u00e9e cigare en li\u00e8ge de qualit\u00e9 FLOR est orn\u00e9e d&#039;une caddis incrust\u00e9e, pos\u00e9e sur son brin d&#039;herbe.\" \/>\n<meta name=\"robots\" content=\"index, follow, max-snippet:-1, max-image-preview:large, max-video-preview:-1\" \/>\n<link rel=\"canonical\" href=\"https:\/\/mylovelyrods.com\/index.php\/produit\/canne-a-mouche-la-caddis-86-4-4\/\" \/>\n<meta property=\"og:locale\" content=\"fr_FR\" \/>\n<meta property=\"og:type\" content=\"article\" \/>\n<meta property=\"og:title\" content=\"Canne mouche 8&#039;6, #4 - 4 &quot;La Caddis&quot; - Mylovelyrods\" \/>\n<meta property=\"og:description\" content=\"Canne mouche 8&#039;6, la poign\u00e9e cigare en li\u00e8ge de qualit\u00e9 FLOR est orn\u00e9e d&#039;une caddis incrust\u00e9e, pos\u00e9e sur son brin d&#039;herbe.\" \/>\n<meta property=\"og:url\" content=\"https:\/\/mylovelyrods.com\/index.php\/produit\/canne-a-mouche-la-caddis-86-4-4\/\" \/>\n<meta property=\"og:site_name\" content=\"Mylovelyrods\" \/>\n<meta property=\"article:publisher\" content=\"https:\/\/m.facebook.com\/people\/Mylovelyrods\/100062956103344\/?locale=fr_FR\" \/>\n<meta property=\"article:modified_time\" content=\"2024-02-18T23:44:45+00:00\" \/>\n<meta property=\"og:image\" content=\"https:\/\/mylovelyrods.com\/wp-content\/uploads\/2021\/01\/20210116_000026-scaled.jpg\" \/>\n\t<meta property=\"og:image:width\" content=\"1252\" \/>\n\t<meta property=\"og:image:height\" content=\"2560\" \/>\n\t<meta property=\"og:image:type\" content=\"image\/jpeg\" \/>\n<meta name=\"twitter:card\" content=\"summary_large_image\" \/>\n<meta name=\"twitter:label1\" content=\"Dur\u00e9e de lecture estim\u00e9e\" \/>\n\t<meta name=\"twitter:data1\" content=\"2 minutes\" \/>\n<script type=\"application\/ld+json\" class=\"yoast-schema-graph\">{\"@context\":\"https:\\\/\\\/schema.org\",\"@graph\":[{\"@type\":\"WebPage\",\"@id\":\"https:\\\/\\\/mylovelyrods.com\\\/index.php\\\/produit\\\/canne-a-mouche-la-caddis-86-4-4\\\/\",\"url\":\"https:\\\/\\\/mylovelyrods.com\\\/index.php\\\/produit\\\/canne-a-mouche-la-caddis-86-4-4\\\/\",\"name\":\"Canne mouche 8'6, #4 - 4 \\\"La Caddis\\\" - Mylovelyrods\",\"isPartOf\":{\"@id\":\"https:\\\/\\\/mylovelyrods.com\\\/#website\"},\"primaryImageOfPage\":{\"@id\":\"https:\\\/\\\/mylovelyrods.com\\\/index.php\\\/produit\\\/canne-a-mouche-la-caddis-86-4-4\\\/#primaryimage\"},\"image\":{\"@id\":\"https:\\\/\\\/mylovelyrods.com\\\/index.php\\\/produit\\\/canne-a-mouche-la-caddis-86-4-4\\\/#primaryimage\"},\"thumbnailUrl\":\"https:\\\/\\\/i0.wp.com\\\/mylovelyrods.com\\\/wp-content\\\/uploads\\\/2021\\\/01\\\/20210116_000026-scaled.jpg?fit=1252%2C2560&ssl=1\",\"datePublished\":\"2021-01-20T22:13:18+00:00\",\"dateModified\":\"2024-02-18T23:44:45+00:00\",\"description\":\"Canne mouche 8'6, la poign\u00e9e cigare en li\u00e8ge de qualit\u00e9 FLOR est orn\u00e9e d'une caddis incrust\u00e9e, pos\u00e9e sur son brin d'herbe.\",\"breadcrumb\":{\"@id\":\"https:\\\/\\\/mylovelyrods.com\\\/index.php\\\/produit\\\/canne-a-mouche-la-caddis-86-4-4\\\/#breadcrumb\"},\"inLanguage\":\"fr-FR\",\"potentialAction\":[{\"@type\":\"ReadAction\",\"target\":[\"https:\\\/\\\/mylovelyrods.com\\\/index.php\\\/produit\\\/canne-a-mouche-la-caddis-86-4-4\\\/\"]}]},{\"@type\":\"ImageObject\",\"inLanguage\":\"fr-FR\",\"@id\":\"https:\\\/\\\/mylovelyrods.com\\\/index.php\\\/produit\\\/canne-a-mouche-la-caddis-86-4-4\\\/#primaryimage\",\"url\":\"https:\\\/\\\/i0.wp.com\\\/mylovelyrods.com\\\/wp-content\\\/uploads\\\/2021\\\/01\\\/20210116_000026-scaled.jpg?fit=1252%2C2560&ssl=1\",\"contentUrl\":\"https:\\\/\\\/i0.wp.com\\\/mylovelyrods.com\\\/wp-content\\\/uploads\\\/2021\\\/01\\\/20210116_000026-scaled.jpg?fit=1252%2C2560&ssl=1\",\"width\":1252,\"height\":2560},{\"@type\":\"BreadcrumbList\",\"@id\":\"https:\\\/\\\/mylovelyrods.com\\\/index.php\\\/produit\\\/canne-a-mouche-la-caddis-86-4-4\\\/#breadcrumb\",\"itemListElement\":[{\"@type\":\"ListItem\",\"position\":1,\"name\":\"Accueil\",\"item\":\"https:\\\/\\\/mylovelyrods.com\\\/\"},{\"@type\":\"ListItem\",\"position\":2,\"name\":\"Produits\",\"item\":\"https:\\\/\\\/mylovelyrods.com\\\/index.php\\\/boutique\\\/\"},{\"@type\":\"ListItem\",\"position\":3,\"name\":\"Canne mouche 8&#8217;6, #4 &#8211; 4 &#8220;La Caddis&#8221;\"}]},{\"@type\":\"WebSite\",\"@id\":\"https:\\\/\\\/mylovelyrods.com\\\/#website\",\"url\":\"https:\\\/\\\/mylovelyrods.com\\\/\",\"name\":\"Mylovelyrods\",\"description\":\"Facteur de canne, restaurations, customisations, rodbuilding, mouches, nymphes et petit mat\u00e9riel...\",\"publisher\":{\"@id\":\"https:\\\/\\\/mylovelyrods.com\\\/#organization\"},\"potentialAction\":[{\"@type\":\"SearchAction\",\"target\":{\"@type\":\"EntryPoint\",\"urlTemplate\":\"https:\\\/\\\/mylovelyrods.com\\\/?s={search_term_string}\"},\"query-input\":{\"@type\":\"PropertyValueSpecification\",\"valueRequired\":true,\"valueName\":\"search_term_string\"}}],\"inLanguage\":\"fr-FR\"},{\"@type\":\"Organization\",\"@id\":\"https:\\\/\\\/mylovelyrods.com\\\/#organization\",\"name\":\"Mylovelyrods\",\"url\":\"https:\\\/\\\/mylovelyrods.com\\\/\",\"logo\":{\"@type\":\"ImageObject\",\"inLanguage\":\"fr-FR\",\"@id\":\"https:\\\/\\\/mylovelyrods.com\\\/#\\\/schema\\\/logo\\\/image\\\/\",\"url\":\"https:\\\/\\\/mylovelyrods.com\\\/wp-content\\\/uploads\\\/2021\\\/01\\\/0001-scaled-e1611186770281.jpg\",\"contentUrl\":\"https:\\\/\\\/mylovelyrods.com\\\/wp-content\\\/uploads\\\/2021\\\/01\\\/0001-scaled-e1611186770281.jpg\",\"width\":2560,\"height\":716,\"caption\":\"Mylovelyrods\"},\"image\":{\"@id\":\"https:\\\/\\\/mylovelyrods.com\\\/#\\\/schema\\\/logo\\\/image\\\/\"},\"sameAs\":[\"https:\\\/\\\/m.facebook.com\\\/people\\\/Mylovelyrods\\\/100062956103344\\\/?locale=fr_FR\",\"https:\\\/\\\/www.instagram.com\\\/mylovelyrods\\\/?hl=fr\"]}]}<\/script>\n<!-- \/ Yoast SEO plugin. -->","yoast_head_json":{"title":"Canne mouche 8'6, #4 - 4 \"La Caddis\" - Mylovelyrods","description":"Canne mouche 8'6, la poign\u00e9e cigare en li\u00e8ge de qualit\u00e9 FLOR est orn\u00e9e d'une caddis incrust\u00e9e, pos\u00e9e sur son brin d'herbe.","robots":{"index":"index","follow":"follow","max-snippet":"max-snippet:-1","max-image-preview":"max-image-preview:large","max-video-preview":"max-video-preview:-1"},"canonical":"https:\/\/mylovelyrods.com\/index.php\/produit\/canne-a-mouche-la-caddis-86-4-4\/","og_locale":"fr_FR","og_type":"article","og_title":"Canne mouche 8'6, #4 - 4 \"La Caddis\" - Mylovelyrods","og_description":"Canne mouche 8'6, la poign\u00e9e cigare en li\u00e8ge de qualit\u00e9 FLOR est orn\u00e9e d'une caddis incrust\u00e9e, pos\u00e9e sur son brin d'herbe.","og_url":"https:\/\/mylovelyrods.com\/index.php\/produit\/canne-a-mouche-la-caddis-86-4-4\/","og_site_name":"Mylovelyrods","article_publisher":"https:\/\/m.facebook.com\/people\/Mylovelyrods\/100062956103344\/?locale=fr_FR","article_modified_time":"2024-02-18T23:44:45+00:00","og_image":[{"width":1252,"height":2560,"url":"https:\/\/mylovelyrods.com\/wp-content\/uploads\/2021\/01\/20210116_000026-scaled.jpg","type":"image\/jpeg"}],"twitter_card":"summary_large_image","twitter_misc":{"Dur\u00e9e de lecture estim\u00e9e":"2 minutes"},"schema":{"@context":"https:\/\/schema.org","@graph":[{"@type":"WebPage","@id":"https:\/\/mylovelyrods.com\/index.php\/produit\/canne-a-mouche-la-caddis-86-4-4\/","url":"https:\/\/mylovelyrods.com\/index.php\/produit\/canne-a-mouche-la-caddis-86-4-4\/","name":"Canne mouche 8'6, #4 - 4 \"La Caddis\" - Mylovelyrods","isPartOf":{"@id":"https:\/\/mylovelyrods.com\/#website"},"primaryImageOfPage":{"@id":"https:\/\/mylovelyrods.com\/index.php\/produit\/canne-a-mouche-la-caddis-86-4-4\/#primaryimage"},"image":{"@id":"https:\/\/mylovelyrods.com\/index.php\/produit\/canne-a-mouche-la-caddis-86-4-4\/#primaryimage"},"thumbnailUrl":"https:\/\/i0.wp.com\/mylovelyrods.com\/wp-content\/uploads\/2021\/01\/20210116_000026-scaled.jpg?fit=1252%2C2560&ssl=1","datePublished":"2021-01-20T22:13:18+00:00","dateModified":"2024-02-18T23:44:45+00:00","description":"Canne mouche 8'6, la poign\u00e9e cigare en li\u00e8ge de qualit\u00e9 FLOR est orn\u00e9e d'une caddis incrust\u00e9e, pos\u00e9e sur son brin d'herbe.","breadcrumb":{"@id":"https:\/\/mylovelyrods.com\/index.php\/produit\/canne-a-mouche-la-caddis-86-4-4\/#breadcrumb"},"inLanguage":"fr-FR","potentialAction":[{"@type":"ReadAction","target":["https:\/\/mylovelyrods.com\/index.php\/produit\/canne-a-mouche-la-caddis-86-4-4\/"]}]},{"@type":"ImageObject","inLanguage":"fr-FR","@id":"https:\/\/mylovelyrods.com\/index.php\/produit\/canne-a-mouche-la-caddis-86-4-4\/#primaryimage","url":"https:\/\/i0.wp.com\/mylovelyrods.com\/wp-content\/uploads\/2021\/01\/20210116_000026-scaled.jpg?fit=1252%2C2560&ssl=1","contentUrl":"https:\/\/i0.wp.com\/mylovelyrods.com\/wp-content\/uploads\/2021\/01\/20210116_000026-scaled.jpg?fit=1252%2C2560&ssl=1","width":1252,"height":2560},{"@type":"BreadcrumbList","@id":"https:\/\/mylovelyrods.com\/index.php\/produit\/canne-a-mouche-la-caddis-86-4-4\/#breadcrumb","itemListElement":[{"@type":"ListItem","position":1,"name":"Accueil","item":"https:\/\/mylovelyrods.com\/"},{"@type":"ListItem","position":2,"name":"Produits","item":"https:\/\/mylovelyrods.com\/index.php\/boutique\/"},{"@type":"ListItem","position":3,"name":"Canne mouche 8&#8217;6, #4 &#8211; 4 &#8220;La Caddis&#8221;"}]},{"@type":"WebSite","@id":"https:\/\/mylovelyrods.com\/#website","url":"https:\/\/mylovelyrods.com\/","name":"Mylovelyrods","description":"Facteur de canne, restaurations, customisations, rodbuilding, mouches, nymphes et petit mat\u00e9riel...","publisher":{"@id":"https:\/\/mylovelyrods.com\/#organization"},"potentialAction":[{"@type":"SearchAction","target":{"@type":"EntryPoint","urlTemplate":"https:\/\/mylovelyrods.com\/?s={search_term_string}"},"query-input":{"@type":"PropertyValueSpecification","valueRequired":true,"valueName":"search_term_string"}}],"inLanguage":"fr-FR"},{"@type":"Organization","@id":"https:\/\/mylovelyrods.com\/#organization","name":"Mylovelyrods","url":"https:\/\/mylovelyrods.com\/","logo":{"@type":"ImageObject","inLanguage":"fr-FR","@id":"https:\/\/mylovelyrods.com\/#\/schema\/logo\/image\/","url":"https:\/\/mylovelyrods.com\/wp-content\/uploads\/2021\/01\/0001-scaled-e1611186770281.jpg","contentUrl":"https:\/\/mylovelyrods.com\/wp-content\/uploads\/2021\/01\/0001-scaled-e1611186770281.jpg","width":2560,"height":716,"caption":"Mylovelyrods"},"image":{"@id":"https:\/\/mylovelyrods.com\/#\/schema\/logo\/image\/"},"sameAs":["https:\/\/m.facebook.com\/people\/Mylovelyrods\/100062956103344\/?locale=fr_FR","https:\/\/www.instagram.com\/mylovelyrods\/?hl=fr"]}]}},"jetpack_sharing_enabled":true,"_links":{"self":[{"href":"https:\/\/mylovelyrods.com\/index.php\/wp-json\/wp\/v2\/product\/142","targetHints":{"allow":["GET"]}}],"collection":[{"href":"https:\/\/mylovelyrods.com\/index.php\/wp-json\/wp\/v2\/product"}],"about":[{"href":"https:\/\/mylovelyrods.com\/index.php\/wp-json\/wp\/v2\/types\/product"}],"wp:featuredmedia":[{"embeddable":true,"href":"https:\/\/mylovelyrods.com\/index.php\/wp-json\/wp\/v2\/media\/143"}],"wp:attachment":[{"href":"https:\/\/mylovelyrods.com\/index.php\/wp-json\/wp\/v2\/media?parent=142"}],"wp:term":[{"taxonomy":"product_brand","embeddable":true,"href":"https:\/\/mylovelyrods.com\/index.php\/wp-json\/wp\/v2\/product_brand?post=142"},{"taxonomy":"product_cat","embeddable":true,"href":"https:\/\/mylovelyrods.com\/index.php\/wp-json\/wp\/v2\/product_cat?post=142"},{"taxonomy":"product_tag","embeddable":true,"href":"https:\/\/mylovelyrods.com\/index.php\/wp-json\/wp\/v2\/product_tag?post=142"}],"curies":[{"name":"wp","href":"https:\/\/api.w.org\/{rel}","templated":true}]}}