{"id":1438,"date":"2021-12-14T18:48:23","date_gmt":"2021-12-14T17:48:23","guid":{"rendered":"https:\/\/mylovelyrods.com\/?post_type=product&#038;p=1438"},"modified":"2023-01-09T08:58:42","modified_gmt":"2023-01-09T07:58:42","slug":"canne-a-mouche-maxia-sx4-112-2","status":"publish","type":"product","link":"https:\/\/mylovelyrods.com\/index.php\/produit\/canne-a-mouche-maxia-sx4-112-2\/","title":{"rendered":"Canne \u00e0 mouche Maxia SX4 11&rsquo;2&Prime; #2"},"content":{"rendered":"<p>Canne \u00e0 mouche de la marque Maxia, de la gamme SX4 en 11&rsquo;2&Prime; pour soie de 2. Cette canne est parfaite pour p\u00eacher en nymphe ou en s\u00e8che avec une soie l\u00e9g\u00e8re. Elle est habill\u00e9e d&rsquo;un poign\u00e9e carbone, noire et bleue, cette poign\u00e9e apporte une sensibilit\u00e9 suppl\u00e9mentaire lorsqu&rsquo;on p\u00eache en nymphe au fil, vous sentirez la nymphe taper du caillou dans l&rsquo;eau! Cette poign\u00e9e apporte \u00e9galement beaucoup de modernisme!<\/p>\n<p>Le porte moulinet est mont\u00e9 en down locking, pour am\u00e9liorer l&rsquo;\u00e9quilibre de la canne avec le moulinet mont\u00e9. Le butt en EVA permet de rajouter un peu de poids vers l&rsquo;arri\u00e8re et ainsi diminuer le poids du moulinet \u00e0 l&rsquo;\u00e9quilibre. L&rsquo;\u00e9quilibre est important surtout lorsqu&rsquo;on p\u00eache canne haute en nymphe, p\u00eacher longtemps avec un minimum de fatigue!<\/p>\n<p>En ce qui concerne les anneaux, il s&rsquo;agit des anneaux les plus haut de gamme du march\u00e9. Le premier est un anneau Cerecoil, et les anneaux de brins sont des recoils,\u00a0 vous pouvez les tordre, il se remettront toujours droits! Ces anneaux sont \u00e9galement tr\u00e8s l\u00e9gers, et permettront une excellente glisse de la soie! Le premier anneau est suffisamment proche de la poign\u00e9e, pour \u00e9viter que la soie fasse un ventre lorsqu&rsquo;on p\u00eache canne haute. L&rsquo;avant dernier anneau est un anneau recoil serpentiforme, il va permettre d&rsquo;\u00e9viter au maximum que le fil ne s&rsquo;entoure autour de l&rsquo;anneau lorsqu&rsquo;on p\u00eache en nymphe au fil.<\/p>\n<p>Cette canne est un BIJOU! Pour le hoby ou pour la compet&rsquo;! De quoi se faire plaisir tout simplement! En plus cette Canne \u00e0 mouche est fournit dans une housse tissu et un tube de protection carbone.<\/p>\n<p>Les mesures techniques protocole \u00ab\u00a0common cents\u00a0\u00bb (dont vous aurez les d\u00e9tails ici: <a href=\"https:\/\/www.truites-et-cie.fr\/article\/materiel\/mouche\/protocole-de-test-des-cannes-mouche\">https:\/\/www.truites-et-cie.fr\/article\/materiel\/mouche\/protocole-de-test-des-cannes-mouche<\/a>) ont r\u00e9v\u00e9l\u00e9:<\/p>\n<p>Poids de la canne: 98g<\/p>\n<p>Un poids du moulinet \u00e0 l&rsquo;\u00e9quilibre (PME) de\u00a0 \u00a0162 g.<\/p>\n<p>Quant \u00e0 l&rsquo;Action Angle, il est de 69\u00b0, ainsi cela classe l&rsquo;action de la canne dans la cat\u00e9gorie Fast.<\/p>\n<p>Pour conclure si vous souhaitez plus d&rsquo;informations, n&rsquo;h\u00e9sitez pas \u00e0 me contacter <a href=\"https:\/\/mylovelyrods.com\/index.php\/demande-devis-contact-canne-a-peche-artisanale\/\">ici<\/a>.<\/p>\n<p>Canne MAXIA SX4 11&rsquo;2&Prime; #2 &#8211; 4 brins dont les couleurs peuvent l\u00e9g\u00e8rement diff\u00e9rer des photos.<\/p>\n<p>Si vous souhaitez me suivre sur les r\u00e9seaux sociaux c&rsquo;est par <a href=\"https:\/\/www.facebook.com\/pages\/category\/Sports\/Mylovelyrods-101775187859974\/\">ici<\/a> et <a href=\"https:\/\/www.instagram.com\/mylovelyrods\/?hl=fr\">l\u00e0<\/a>.<\/p>\n<p>&nbsp;<\/p>\n","protected":false},"excerpt":{"rendered":"<p>Canne \u00e0 mouche de la marque Maxia, de la gamme SX4 en 11&rsquo;2&Prime; pour soie de 2. Cette canne est parfaite pour p\u00eacher en nymphe ou en s\u00e8che avec une soie l\u00e9g\u00e8re. Elle est habill\u00e9e d&rsquo;un poign\u00e9e carbone, noire et bleue, cette poign\u00e9e apporte une sensibilit\u00e9 suppl\u00e9mentaire lorsqu&rsquo;on p\u00eache en nymphe au fil, vous sentirez la nymphe taper du caillou dans l&rsquo;eau! Cette poign\u00e9e apporte \u00e9galement beaucoup de modernisme!<\/p>\n<p>Le porte moulinet est mont\u00e9 en down locking, pour am\u00e9liorer l&rsquo;\u00e9quilibre de la canne avec le moulinet mont\u00e9. Le butt en EVA permet de rajouter un peu de poids vers l&rsquo;arri\u00e8re et ainsi diminuer le poids du moulinet \u00e0 l&rsquo;\u00e9quilibre. L&rsquo;\u00e9quilibre est important surtout lorsqu&rsquo;on p\u00eache canne haute en nymphe, p\u00eacher longtemps avec un minimum de fatigue!<\/p>\n<p>En ce qui concerne les anneaux, il s&rsquo;agit des anneaux les plus haut de gamme du march\u00e9. Le premier est un anneau Cerecoil, et les anneaux de brins sont des recoils,\u00a0 vous pouvez les tordre, il se remettront toujours droits! Ces anneaux sont \u00e9galement tr\u00e8s l\u00e9gers, et permettront une excellente glisse de la soie! Le premier anneau est suffisamment proche de la poign\u00e9e, pour \u00e9viter que la soie fasse un ventre lorsqu&rsquo;on p\u00eache canne haute. L&rsquo;avant dernier anneau est un anneau recoil serpentiforme, il va permettre d&rsquo;\u00e9viter au maximum que le fil ne s&rsquo;entoure autour de l&rsquo;anneau lorsqu&rsquo;on p\u00eache en nymphe au fil.<\/p>\n<p>Cette canne est un BIJOU! Pour le hoby ou pour la compet&rsquo;! De quoi se faire plaisir tout simplement! En plus, cette Canne \u00e0 mouche est fournit dans une housse tissu et un tube de protection carbone.<\/p>\n<p>Les mesures techniques protocole \u00ab\u00a0common cents\u00a0\u00bb (dont vous aurez les d\u00e9tails ici: <a href=\"https:\/\/www.truites-et-cie.fr\/article\/materiel\/mouche\/protocole-de-test-des-cannes-mouche\">https:\/\/www.truites-et-cie.fr\/article\/materiel\/mouche\/protocole-de-test-des-cannes-mouche<\/a>) ont r\u00e9v\u00e9l\u00e9:<\/p>\n<p>Poids de la canne: 98g<\/p>\n<p>Un poids du moulinet \u00e0 l&rsquo;\u00e9quilibre (PME) de\u00a0 \u00a0162 g.<\/p>\n<p>Quant \u00e0 l&rsquo;Action Angle, il est de 69\u00b0, ainsi cela classe l&rsquo;action de la canne dans la cat\u00e9gorie Fast.<\/p>\n<p>Pour conclure si vous souhaitez plus d&rsquo;informations, n&rsquo;h\u00e9sitez pas \u00e0 me contacter <a href=\"https:\/\/mylovelyrods.com\/index.php\/demande-devis-contact-canne-a-peche-artisanale\/\">ici<\/a>.<\/p>\n<p>Canne MAXIA SX4 11&rsquo;2&Prime; #2 &#8211; 4 brins dont les couleurs peuvent l\u00e9g\u00e8rement diff\u00e9rer des photos.<\/p>\n<p>Si vous souhaitez me suivre sur les r\u00e9seaux sociaux c&rsquo;est par <a href=\"https:\/\/www.facebook.com\/pages\/category\/Sports\/Mylovelyrods-101775187859974\/\">ici<\/a> et <a href=\"https:\/\/www.instagram.com\/mylovelyrods\/?hl=fr\">l\u00e0<\/a>.<\/p>\n","protected":false},"featured_media":1442,"template":"","meta":{"jetpack_post_was_ever_published":false,"_glsr_average":0,"_glsr_ranking":0,"_glsr_reviews":0},"product_brand":[],"product_cat":[28],"product_tag":[],"class_list":{"0":"post-1438","1":"product","2":"type-product","3":"status-publish","4":"has-post-thumbnail","6":"product_cat-cannes-disponibles","8":"first","9":"outofstock","10":"shipping-taxable","11":"purchasable","12":"product-type-simple"},"yoast_head":"<!-- This site is optimized with the Yoast SEO plugin v27.4 - https:\/\/yoast.com\/product\/yoast-seo-wordpress\/ -->\n<title>Canne \u00e0 mouche Maxia SX4 11&#039;2&quot; #2 - Mylovelyrods<\/title>\n<meta name=\"description\" content=\"Canne \u00e0 mouche Maxia, SX4, 11&#039;2&quot; #2. Canne parfaite pour p\u00eacher en nymphe ou en s\u00e8che avec une soie l\u00e9g\u00e8re. Poign\u00e9e carbone, Anneaux Recoil\" \/>\n<meta name=\"robots\" content=\"index, follow, max-snippet:-1, max-image-preview:large, max-video-preview:-1\" \/>\n<link rel=\"canonical\" href=\"https:\/\/mylovelyrods.com\/index.php\/produit\/canne-a-mouche-maxia-sx4-112-2\/\" \/>\n<meta property=\"og:locale\" content=\"fr_FR\" \/>\n<meta property=\"og:type\" content=\"article\" \/>\n<meta property=\"og:title\" content=\"Canne \u00e0 mouche Maxia SX4 11&#039;2&quot; #2 - Mylovelyrods\" \/>\n<meta property=\"og:description\" content=\"Canne \u00e0 mouche Maxia, SX4, 11&#039;2&quot; #2. Canne parfaite pour p\u00eacher en nymphe ou en s\u00e8che avec une soie l\u00e9g\u00e8re. Poign\u00e9e carbone, Anneaux Recoil\" \/>\n<meta property=\"og:url\" content=\"https:\/\/mylovelyrods.com\/index.php\/produit\/canne-a-mouche-maxia-sx4-112-2\/\" \/>\n<meta property=\"og:site_name\" content=\"Mylovelyrods\" \/>\n<meta property=\"article:publisher\" content=\"https:\/\/m.facebook.com\/people\/Mylovelyrods\/100062956103344\/?locale=fr_FR\" \/>\n<meta property=\"article:modified_time\" content=\"2023-01-09T07:58:42+00:00\" \/>\n<meta property=\"og:image\" content=\"https:\/\/mylovelyrods.com\/wp-content\/uploads\/2021\/12\/20211211_192210-1-scaled.jpg\" \/>\n\t<meta property=\"og:image:width\" content=\"1146\" \/>\n\t<meta property=\"og:image:height\" content=\"2560\" \/>\n\t<meta property=\"og:image:type\" content=\"image\/jpeg\" \/>\n<meta name=\"twitter:card\" content=\"summary_large_image\" \/>\n<meta name=\"twitter:label1\" content=\"Dur\u00e9e de lecture estim\u00e9e\" \/>\n\t<meta name=\"twitter:data1\" content=\"2 minutes\" \/>\n<script type=\"application\/ld+json\" class=\"yoast-schema-graph\">{\"@context\":\"https:\\\/\\\/schema.org\",\"@graph\":[{\"@type\":\"WebPage\",\"@id\":\"https:\\\/\\\/mylovelyrods.com\\\/index.php\\\/produit\\\/canne-a-mouche-maxia-sx4-112-2\\\/\",\"url\":\"https:\\\/\\\/mylovelyrods.com\\\/index.php\\\/produit\\\/canne-a-mouche-maxia-sx4-112-2\\\/\",\"name\":\"Canne \u00e0 mouche Maxia SX4 11'2\\\" #2 - Mylovelyrods\",\"isPartOf\":{\"@id\":\"https:\\\/\\\/mylovelyrods.com\\\/#website\"},\"primaryImageOfPage\":{\"@id\":\"https:\\\/\\\/mylovelyrods.com\\\/index.php\\\/produit\\\/canne-a-mouche-maxia-sx4-112-2\\\/#primaryimage\"},\"image\":{\"@id\":\"https:\\\/\\\/mylovelyrods.com\\\/index.php\\\/produit\\\/canne-a-mouche-maxia-sx4-112-2\\\/#primaryimage\"},\"thumbnailUrl\":\"https:\\\/\\\/i0.wp.com\\\/mylovelyrods.com\\\/wp-content\\\/uploads\\\/2021\\\/12\\\/20211211_192210-1-scaled.jpg?fit=1146%2C2560&ssl=1\",\"datePublished\":\"2021-12-14T17:48:23+00:00\",\"dateModified\":\"2023-01-09T07:58:42+00:00\",\"description\":\"Canne \u00e0 mouche Maxia, SX4, 11'2\\\" #2. Canne parfaite pour p\u00eacher en nymphe ou en s\u00e8che avec une soie l\u00e9g\u00e8re. Poign\u00e9e carbone, Anneaux Recoil\",\"breadcrumb\":{\"@id\":\"https:\\\/\\\/mylovelyrods.com\\\/index.php\\\/produit\\\/canne-a-mouche-maxia-sx4-112-2\\\/#breadcrumb\"},\"inLanguage\":\"fr-FR\",\"potentialAction\":[{\"@type\":\"ReadAction\",\"target\":[\"https:\\\/\\\/mylovelyrods.com\\\/index.php\\\/produit\\\/canne-a-mouche-maxia-sx4-112-2\\\/\"]}]},{\"@type\":\"ImageObject\",\"inLanguage\":\"fr-FR\",\"@id\":\"https:\\\/\\\/mylovelyrods.com\\\/index.php\\\/produit\\\/canne-a-mouche-maxia-sx4-112-2\\\/#primaryimage\",\"url\":\"https:\\\/\\\/i0.wp.com\\\/mylovelyrods.com\\\/wp-content\\\/uploads\\\/2021\\\/12\\\/20211211_192210-1-scaled.jpg?fit=1146%2C2560&ssl=1\",\"contentUrl\":\"https:\\\/\\\/i0.wp.com\\\/mylovelyrods.com\\\/wp-content\\\/uploads\\\/2021\\\/12\\\/20211211_192210-1-scaled.jpg?fit=1146%2C2560&ssl=1\",\"width\":1146,\"height\":2560},{\"@type\":\"BreadcrumbList\",\"@id\":\"https:\\\/\\\/mylovelyrods.com\\\/index.php\\\/produit\\\/canne-a-mouche-maxia-sx4-112-2\\\/#breadcrumb\",\"itemListElement\":[{\"@type\":\"ListItem\",\"position\":1,\"name\":\"Accueil\",\"item\":\"https:\\\/\\\/mylovelyrods.com\\\/\"},{\"@type\":\"ListItem\",\"position\":2,\"name\":\"Produits\",\"item\":\"https:\\\/\\\/mylovelyrods.com\\\/index.php\\\/boutique\\\/\"},{\"@type\":\"ListItem\",\"position\":3,\"name\":\"Canne \u00e0 mouche Maxia SX4 11&#8217;2&#8243; #2\"}]},{\"@type\":\"WebSite\",\"@id\":\"https:\\\/\\\/mylovelyrods.com\\\/#website\",\"url\":\"https:\\\/\\\/mylovelyrods.com\\\/\",\"name\":\"Mylovelyrods\",\"description\":\"Facteur de canne, restaurations, customisations, rodbuilding, mouches, nymphes et petit mat\u00e9riel...\",\"publisher\":{\"@id\":\"https:\\\/\\\/mylovelyrods.com\\\/#organization\"},\"potentialAction\":[{\"@type\":\"SearchAction\",\"target\":{\"@type\":\"EntryPoint\",\"urlTemplate\":\"https:\\\/\\\/mylovelyrods.com\\\/?s={search_term_string}\"},\"query-input\":{\"@type\":\"PropertyValueSpecification\",\"valueRequired\":true,\"valueName\":\"search_term_string\"}}],\"inLanguage\":\"fr-FR\"},{\"@type\":\"Organization\",\"@id\":\"https:\\\/\\\/mylovelyrods.com\\\/#organization\",\"name\":\"Mylovelyrods\",\"url\":\"https:\\\/\\\/mylovelyrods.com\\\/\",\"logo\":{\"@type\":\"ImageObject\",\"inLanguage\":\"fr-FR\",\"@id\":\"https:\\\/\\\/mylovelyrods.com\\\/#\\\/schema\\\/logo\\\/image\\\/\",\"url\":\"https:\\\/\\\/mylovelyrods.com\\\/wp-content\\\/uploads\\\/2021\\\/01\\\/0001-scaled-e1611186770281.jpg\",\"contentUrl\":\"https:\\\/\\\/mylovelyrods.com\\\/wp-content\\\/uploads\\\/2021\\\/01\\\/0001-scaled-e1611186770281.jpg\",\"width\":2560,\"height\":716,\"caption\":\"Mylovelyrods\"},\"image\":{\"@id\":\"https:\\\/\\\/mylovelyrods.com\\\/#\\\/schema\\\/logo\\\/image\\\/\"},\"sameAs\":[\"https:\\\/\\\/m.facebook.com\\\/people\\\/Mylovelyrods\\\/100062956103344\\\/?locale=fr_FR\",\"https:\\\/\\\/www.instagram.com\\\/mylovelyrods\\\/?hl=fr\"]}]}<\/script>\n<!-- \/ Yoast SEO plugin. -->","yoast_head_json":{"title":"Canne \u00e0 mouche Maxia SX4 11'2\" #2 - Mylovelyrods","description":"Canne \u00e0 mouche Maxia, SX4, 11'2\" #2. Canne parfaite pour p\u00eacher en nymphe ou en s\u00e8che avec une soie l\u00e9g\u00e8re. Poign\u00e9e carbone, Anneaux Recoil","robots":{"index":"index","follow":"follow","max-snippet":"max-snippet:-1","max-image-preview":"max-image-preview:large","max-video-preview":"max-video-preview:-1"},"canonical":"https:\/\/mylovelyrods.com\/index.php\/produit\/canne-a-mouche-maxia-sx4-112-2\/","og_locale":"fr_FR","og_type":"article","og_title":"Canne \u00e0 mouche Maxia SX4 11'2\" #2 - Mylovelyrods","og_description":"Canne \u00e0 mouche Maxia, SX4, 11'2\" #2. Canne parfaite pour p\u00eacher en nymphe ou en s\u00e8che avec une soie l\u00e9g\u00e8re. Poign\u00e9e carbone, Anneaux Recoil","og_url":"https:\/\/mylovelyrods.com\/index.php\/produit\/canne-a-mouche-maxia-sx4-112-2\/","og_site_name":"Mylovelyrods","article_publisher":"https:\/\/m.facebook.com\/people\/Mylovelyrods\/100062956103344\/?locale=fr_FR","article_modified_time":"2023-01-09T07:58:42+00:00","og_image":[{"width":1146,"height":2560,"url":"https:\/\/mylovelyrods.com\/wp-content\/uploads\/2021\/12\/20211211_192210-1-scaled.jpg","type":"image\/jpeg"}],"twitter_card":"summary_large_image","twitter_misc":{"Dur\u00e9e de lecture estim\u00e9e":"2 minutes"},"schema":{"@context":"https:\/\/schema.org","@graph":[{"@type":"WebPage","@id":"https:\/\/mylovelyrods.com\/index.php\/produit\/canne-a-mouche-maxia-sx4-112-2\/","url":"https:\/\/mylovelyrods.com\/index.php\/produit\/canne-a-mouche-maxia-sx4-112-2\/","name":"Canne \u00e0 mouche Maxia SX4 11'2\" #2 - Mylovelyrods","isPartOf":{"@id":"https:\/\/mylovelyrods.com\/#website"},"primaryImageOfPage":{"@id":"https:\/\/mylovelyrods.com\/index.php\/produit\/canne-a-mouche-maxia-sx4-112-2\/#primaryimage"},"image":{"@id":"https:\/\/mylovelyrods.com\/index.php\/produit\/canne-a-mouche-maxia-sx4-112-2\/#primaryimage"},"thumbnailUrl":"https:\/\/i0.wp.com\/mylovelyrods.com\/wp-content\/uploads\/2021\/12\/20211211_192210-1-scaled.jpg?fit=1146%2C2560&ssl=1","datePublished":"2021-12-14T17:48:23+00:00","dateModified":"2023-01-09T07:58:42+00:00","description":"Canne \u00e0 mouche Maxia, SX4, 11'2\" #2. Canne parfaite pour p\u00eacher en nymphe ou en s\u00e8che avec une soie l\u00e9g\u00e8re. Poign\u00e9e carbone, Anneaux Recoil","breadcrumb":{"@id":"https:\/\/mylovelyrods.com\/index.php\/produit\/canne-a-mouche-maxia-sx4-112-2\/#breadcrumb"},"inLanguage":"fr-FR","potentialAction":[{"@type":"ReadAction","target":["https:\/\/mylovelyrods.com\/index.php\/produit\/canne-a-mouche-maxia-sx4-112-2\/"]}]},{"@type":"ImageObject","inLanguage":"fr-FR","@id":"https:\/\/mylovelyrods.com\/index.php\/produit\/canne-a-mouche-maxia-sx4-112-2\/#primaryimage","url":"https:\/\/i0.wp.com\/mylovelyrods.com\/wp-content\/uploads\/2021\/12\/20211211_192210-1-scaled.jpg?fit=1146%2C2560&ssl=1","contentUrl":"https:\/\/i0.wp.com\/mylovelyrods.com\/wp-content\/uploads\/2021\/12\/20211211_192210-1-scaled.jpg?fit=1146%2C2560&ssl=1","width":1146,"height":2560},{"@type":"BreadcrumbList","@id":"https:\/\/mylovelyrods.com\/index.php\/produit\/canne-a-mouche-maxia-sx4-112-2\/#breadcrumb","itemListElement":[{"@type":"ListItem","position":1,"name":"Accueil","item":"https:\/\/mylovelyrods.com\/"},{"@type":"ListItem","position":2,"name":"Produits","item":"https:\/\/mylovelyrods.com\/index.php\/boutique\/"},{"@type":"ListItem","position":3,"name":"Canne \u00e0 mouche Maxia SX4 11&#8217;2&#8243; #2"}]},{"@type":"WebSite","@id":"https:\/\/mylovelyrods.com\/#website","url":"https:\/\/mylovelyrods.com\/","name":"Mylovelyrods","description":"Facteur de canne, restaurations, customisations, rodbuilding, mouches, nymphes et petit mat\u00e9riel...","publisher":{"@id":"https:\/\/mylovelyrods.com\/#organization"},"potentialAction":[{"@type":"SearchAction","target":{"@type":"EntryPoint","urlTemplate":"https:\/\/mylovelyrods.com\/?s={search_term_string}"},"query-input":{"@type":"PropertyValueSpecification","valueRequired":true,"valueName":"search_term_string"}}],"inLanguage":"fr-FR"},{"@type":"Organization","@id":"https:\/\/mylovelyrods.com\/#organization","name":"Mylovelyrods","url":"https:\/\/mylovelyrods.com\/","logo":{"@type":"ImageObject","inLanguage":"fr-FR","@id":"https:\/\/mylovelyrods.com\/#\/schema\/logo\/image\/","url":"https:\/\/mylovelyrods.com\/wp-content\/uploads\/2021\/01\/0001-scaled-e1611186770281.jpg","contentUrl":"https:\/\/mylovelyrods.com\/wp-content\/uploads\/2021\/01\/0001-scaled-e1611186770281.jpg","width":2560,"height":716,"caption":"Mylovelyrods"},"image":{"@id":"https:\/\/mylovelyrods.com\/#\/schema\/logo\/image\/"},"sameAs":["https:\/\/m.facebook.com\/people\/Mylovelyrods\/100062956103344\/?locale=fr_FR","https:\/\/www.instagram.com\/mylovelyrods\/?hl=fr"]}]}},"jetpack_sharing_enabled":true,"_links":{"self":[{"href":"https:\/\/mylovelyrods.com\/index.php\/wp-json\/wp\/v2\/product\/1438","targetHints":{"allow":["GET"]}}],"collection":[{"href":"https:\/\/mylovelyrods.com\/index.php\/wp-json\/wp\/v2\/product"}],"about":[{"href":"https:\/\/mylovelyrods.com\/index.php\/wp-json\/wp\/v2\/types\/product"}],"wp:featuredmedia":[{"embeddable":true,"href":"https:\/\/mylovelyrods.com\/index.php\/wp-json\/wp\/v2\/media\/1442"}],"wp:attachment":[{"href":"https:\/\/mylovelyrods.com\/index.php\/wp-json\/wp\/v2\/media?parent=1438"}],"wp:term":[{"taxonomy":"product_brand","embeddable":true,"href":"https:\/\/mylovelyrods.com\/index.php\/wp-json\/wp\/v2\/product_brand?post=1438"},{"taxonomy":"product_cat","embeddable":true,"href":"https:\/\/mylovelyrods.com\/index.php\/wp-json\/wp\/v2\/product_cat?post=1438"},{"taxonomy":"product_tag","embeddable":true,"href":"https:\/\/mylovelyrods.com\/index.php\/wp-json\/wp\/v2\/product_tag?post=1438"}],"curies":[{"name":"wp","href":"https:\/\/api.w.org\/{rel}","templated":true}]}}