{"id":1504,"date":"2022-01-13T18:32:19","date_gmt":"2022-01-13T17:32:19","guid":{"rendered":"https:\/\/mylovelyrods.com\/?post_type=product&#038;p=1504"},"modified":"2025-10-14T11:32:02","modified_gmt":"2025-10-14T09:32:02","slug":"canne-a-mouche-soldarini-hydropsyche-elite-9-6-2-3-4","status":"publish","type":"product","link":"https:\/\/mylovelyrods.com\/index.php\/produit\/canne-a-mouche-soldarini-hydropsyche-elite-9-6-2-3-4\/","title":{"rendered":"Canne \u00e0 mouche Soldarini HYDROPSYCHE Elite 9&rsquo;6&Prime; #2\/3 &#8211; 4"},"content":{"rendered":"<p>Canne \u00e0 mouche Soldarini HYDROPSYCHE Elite 9&rsquo;6&Prime; #2\/3 &#8211; 4 3960. Cette canne est une des plus polyvalentes du march\u00e9, pour p\u00eacher en nymphe ou en s\u00e8che avec une soie l\u00e9g\u00e8re. Elle est habill\u00e9e d&rsquo;une poign\u00e9e li\u00e8ge en grade FLOR. Elle est d\u00e9cor\u00e9e de silhouettes de petits poissons allant du noir au bleu clair rappelant ainsi le porte moulinet. Cette canne allie la beaut\u00e9 \u00e0 l\u2019efficacit\u00e9!<\/p>\n<p>Le porte moulinet est mont\u00e9 en down locking, pour am\u00e9liorer l&rsquo;\u00e9quilibre de la canne avec le moulinet mont\u00e9. Le butt en li\u00e8ge permet de rajouter un peu de poids vers l&rsquo;arri\u00e8re et ainsi diminuer le poids du moulinet \u00e0 l&rsquo;\u00e9quilibre. L&rsquo;\u00e9quilibre est important surtout lorsqu&rsquo;on p\u00eache canne haute en nymphe, p\u00eacher longtemps avec un minimum de fatigue!<\/p>\n<p>En ce qui concerne les anneaux, il s&rsquo;agit des anneaux les plus haut de gamme du march\u00e9. Le premier est un anneau Cerecoil, et les anneaux de brins sont des recoils, vous pouvez les tordre, il se remettront toujours droits, L&rsquo;anneau de pointe est un anneau pacbay classique. Ces anneaux sont \u00e9galement tr\u00e8s l\u00e9gers, et permettront une excellente glisse de la soie! Le premier anneau est suffisamment proche de la poign\u00e9e, pour \u00e9viter que la soie fasse un ventre lorsqu&rsquo;on p\u00eache canne haute.<\/p>\n<p>Canne \u00e0 mouche Soldarini HYDROPSYCHE Elite 9&rsquo;6&Prime; #2\/3 &#8211; 4 est un BIJOU! Pour le hobby ou pour la compet&rsquo;! De quoi se faire plaisir tout simplement! En plus cette Canne \u00e0 mouche est fournit dans une housse tissu noire et son tube de protection en fibre de verre, lui aussi prot\u00e9g\u00e9 par une housse noire.<\/p>\n<p>Les mesures techniques protocole \u00ab\u00a0common cents\u00a0\u00bb (dont vous aurez les d\u00e9tails ici: <a href=\"https:\/\/www.truites-et-cie.fr\/article\/materiel\/mouche\/protocole-de-test-des-cannes-mouche\">https:\/\/www.truites-et-cie.fr\/article\/materiel\/mouche\/protocole-de-test-des-cannes-mouche<\/a>) ont r\u00e9v\u00e9l\u00e9:<\/p>\n<p>Poids de la canne: 86g.<\/p>\n<p>Un poids du moulinet \u00e0 l&rsquo;\u00e9quilibre (PME) de 147 g.<\/p>\n<p>L&rsquo;Action Angle classe l&rsquo;action de la canne dans la cat\u00e9gorie Medium Fast.<\/p>\n<p>Pour conclure si vous souhaitez plus d&rsquo;informations, n&rsquo;h\u00e9sitez pas \u00e0 me contacter <a href=\"https:\/\/mylovelyrods.com\/index.php\/demande-devis-contact-canne-a-peche-artisanale\/\">ici<\/a>.<\/p>\n<p>Canne \u00e0 mouche Soldarini HYDROPSYCHE Elite 9&rsquo;6&Prime; #2\/3 &#8211; 4 dont les couleurs peuvent l\u00e9g\u00e8rement diff\u00e9rer des photos.<\/p>\n<p>Si vous souhaitez me suivre sur les r\u00e9seaux sociaux c&rsquo;est par <a href=\"https:\/\/www.facebook.com\/pages\/category\/Sports\/Mylovelyrods-101775187859974\/\">ici<\/a> et <a href=\"https:\/\/www.instagram.com\/mylovelyrods\/?hl=fr\">l\u00e0<\/a>.<\/p>\n","protected":false},"excerpt":{"rendered":"<p>Canne \u00e0 mouche Soldarini HYDROPSYCHE Elite 9&rsquo;6&Prime; #2\/3 &#8211; 4. Cette canne est une des plus polyvalentes du march\u00e9, pour p\u00eacher en nymphe ou en s\u00e8che avec une soie l\u00e9g\u00e8re. Elle est habill\u00e9e d&rsquo;une poign\u00e9e li\u00e8ge en grade FLOR. Elle est d\u00e9cor\u00e9e de silhouettes de petits poissons allant du noir au bleu clair rappelant ainsi le porte moulinet. Cette canne allie la beaut\u00e9 \u00e0 l\u2019efficacit\u00e9!<\/p>\n","protected":false},"featured_media":1505,"template":"","meta":{"jetpack_post_was_ever_published":false,"_glsr_average":0,"_glsr_ranking":0,"_glsr_reviews":0},"product_brand":[],"product_cat":[28],"product_tag":[],"class_list":{"0":"post-1504","1":"product","2":"type-product","3":"status-publish","4":"has-post-thumbnail","6":"product_cat-cannes-disponibles","7":"product_shipping_class-blank","9":"first","10":"outofstock","11":"shipping-taxable","12":"purchasable","13":"product-type-simple"},"yoast_head":"<!-- This site is optimized with the Yoast SEO plugin v27.4 - https:\/\/yoast.com\/product\/yoast-seo-wordpress\/ -->\n<title>Canne \u00e0 mouche Soldarini HYDROPSYCHE Elite 9&#039;6&quot; #2\/3 - 4 - Mylovelyrods<\/title>\n<meta name=\"description\" content=\"Canne \u00e0 mouche Soldarini 9&#039;6&quot; #2\/3 - 4 HYDROPSYCHE Elite 3960. Cette canne est une des plus polyvalentes du march\u00e9, pour p\u00eacher en nymphe ou en s\u00e8che.\" \/>\n<meta name=\"robots\" content=\"index, follow, max-snippet:-1, max-image-preview:large, max-video-preview:-1\" \/>\n<link rel=\"canonical\" href=\"https:\/\/mylovelyrods.com\/index.php\/produit\/canne-a-mouche-soldarini-hydropsyche-elite-9-6-2-3-4\/\" \/>\n<meta property=\"og:locale\" content=\"fr_FR\" \/>\n<meta property=\"og:type\" content=\"article\" \/>\n<meta property=\"og:title\" content=\"Canne \u00e0 mouche Soldarini HYDROPSYCHE Elite 9&#039;6&quot; #2\/3 - 4 - Mylovelyrods\" \/>\n<meta property=\"og:description\" content=\"Canne \u00e0 mouche Soldarini 9&#039;6&quot; #2\/3 - 4 HYDROPSYCHE Elite 3960. Cette canne est une des plus polyvalentes du march\u00e9, pour p\u00eacher en nymphe ou en s\u00e8che.\" \/>\n<meta property=\"og:url\" content=\"https:\/\/mylovelyrods.com\/index.php\/produit\/canne-a-mouche-soldarini-hydropsyche-elite-9-6-2-3-4\/\" \/>\n<meta property=\"og:site_name\" content=\"Mylovelyrods\" \/>\n<meta property=\"article:publisher\" content=\"https:\/\/m.facebook.com\/people\/Mylovelyrods\/100062956103344\/?locale=fr_FR\" \/>\n<meta property=\"article:modified_time\" content=\"2025-10-14T09:32:02+00:00\" \/>\n<meta property=\"og:image\" content=\"https:\/\/mylovelyrods.com\/wp-content\/uploads\/2022\/01\/20220113_163638-scaled.jpg\" \/>\n\t<meta property=\"og:image:width\" content=\"1211\" \/>\n\t<meta property=\"og:image:height\" content=\"2560\" \/>\n\t<meta property=\"og:image:type\" content=\"image\/jpeg\" \/>\n<meta name=\"twitter:card\" content=\"summary_large_image\" \/>\n<meta name=\"twitter:label1\" content=\"Dur\u00e9e de lecture estim\u00e9e\" \/>\n\t<meta name=\"twitter:data1\" content=\"2 minutes\" \/>\n<script type=\"application\/ld+json\" class=\"yoast-schema-graph\">{\"@context\":\"https:\\\/\\\/schema.org\",\"@graph\":[{\"@type\":\"WebPage\",\"@id\":\"https:\\\/\\\/mylovelyrods.com\\\/index.php\\\/produit\\\/canne-a-mouche-soldarini-hydropsyche-elite-9-6-2-3-4\\\/\",\"url\":\"https:\\\/\\\/mylovelyrods.com\\\/index.php\\\/produit\\\/canne-a-mouche-soldarini-hydropsyche-elite-9-6-2-3-4\\\/\",\"name\":\"Canne \u00e0 mouche Soldarini HYDROPSYCHE Elite 9'6\\\" #2\\\/3 - 4 - Mylovelyrods\",\"isPartOf\":{\"@id\":\"https:\\\/\\\/mylovelyrods.com\\\/#website\"},\"primaryImageOfPage\":{\"@id\":\"https:\\\/\\\/mylovelyrods.com\\\/index.php\\\/produit\\\/canne-a-mouche-soldarini-hydropsyche-elite-9-6-2-3-4\\\/#primaryimage\"},\"image\":{\"@id\":\"https:\\\/\\\/mylovelyrods.com\\\/index.php\\\/produit\\\/canne-a-mouche-soldarini-hydropsyche-elite-9-6-2-3-4\\\/#primaryimage\"},\"thumbnailUrl\":\"https:\\\/\\\/i0.wp.com\\\/mylovelyrods.com\\\/wp-content\\\/uploads\\\/2022\\\/01\\\/20220113_163638-scaled.jpg?fit=1211%2C2560&ssl=1\",\"datePublished\":\"2022-01-13T17:32:19+00:00\",\"dateModified\":\"2025-10-14T09:32:02+00:00\",\"description\":\"Canne \u00e0 mouche Soldarini 9'6\\\" #2\\\/3 - 4 HYDROPSYCHE Elite 3960. Cette canne est une des plus polyvalentes du march\u00e9, pour p\u00eacher en nymphe ou en s\u00e8che.\",\"breadcrumb\":{\"@id\":\"https:\\\/\\\/mylovelyrods.com\\\/index.php\\\/produit\\\/canne-a-mouche-soldarini-hydropsyche-elite-9-6-2-3-4\\\/#breadcrumb\"},\"inLanguage\":\"fr-FR\",\"potentialAction\":[{\"@type\":\"ReadAction\",\"target\":[\"https:\\\/\\\/mylovelyrods.com\\\/index.php\\\/produit\\\/canne-a-mouche-soldarini-hydropsyche-elite-9-6-2-3-4\\\/\"]}]},{\"@type\":\"ImageObject\",\"inLanguage\":\"fr-FR\",\"@id\":\"https:\\\/\\\/mylovelyrods.com\\\/index.php\\\/produit\\\/canne-a-mouche-soldarini-hydropsyche-elite-9-6-2-3-4\\\/#primaryimage\",\"url\":\"https:\\\/\\\/i0.wp.com\\\/mylovelyrods.com\\\/wp-content\\\/uploads\\\/2022\\\/01\\\/20220113_163638-scaled.jpg?fit=1211%2C2560&ssl=1\",\"contentUrl\":\"https:\\\/\\\/i0.wp.com\\\/mylovelyrods.com\\\/wp-content\\\/uploads\\\/2022\\\/01\\\/20220113_163638-scaled.jpg?fit=1211%2C2560&ssl=1\",\"width\":1211,\"height\":2560,\"caption\":\"Canne \u00e0 mouche Soldarini 9'6\\\" #2\\\/3 - 4 HYDROPSYCHE Elite 3960. Cette canne est une des plus polyvalentes du march\u00e9, pour p\u00eacher en nymphe ou en s\u00e8che avec une soie l\u00e9g\u00e8re. Elle est habill\u00e9e d'une poign\u00e9e li\u00e8ge en grade FLOR. Elle est d\u00e9cor\u00e9e de silhouettes de petits poissons allant du noir au bleu clair rappelant ainsi le porte moulinet. Cette canne allie la beaut\u00e9 \u00e0 l\u2019efficacit\u00e9!\"},{\"@type\":\"BreadcrumbList\",\"@id\":\"https:\\\/\\\/mylovelyrods.com\\\/index.php\\\/produit\\\/canne-a-mouche-soldarini-hydropsyche-elite-9-6-2-3-4\\\/#breadcrumb\",\"itemListElement\":[{\"@type\":\"ListItem\",\"position\":1,\"name\":\"Accueil\",\"item\":\"https:\\\/\\\/mylovelyrods.com\\\/\"},{\"@type\":\"ListItem\",\"position\":2,\"name\":\"Produits\",\"item\":\"https:\\\/\\\/mylovelyrods.com\\\/index.php\\\/boutique\\\/\"},{\"@type\":\"ListItem\",\"position\":3,\"name\":\"Canne \u00e0 mouche Soldarini HYDROPSYCHE Elite 9&#8217;6&#8243; #2\\\/3 &#8211; 4\"}]},{\"@type\":\"WebSite\",\"@id\":\"https:\\\/\\\/mylovelyrods.com\\\/#website\",\"url\":\"https:\\\/\\\/mylovelyrods.com\\\/\",\"name\":\"Mylovelyrods\",\"description\":\"Facteur de canne, restaurations, customisations, rodbuilding, mouches, nymphes et petit mat\u00e9riel...\",\"publisher\":{\"@id\":\"https:\\\/\\\/mylovelyrods.com\\\/#organization\"},\"potentialAction\":[{\"@type\":\"SearchAction\",\"target\":{\"@type\":\"EntryPoint\",\"urlTemplate\":\"https:\\\/\\\/mylovelyrods.com\\\/?s={search_term_string}\"},\"query-input\":{\"@type\":\"PropertyValueSpecification\",\"valueRequired\":true,\"valueName\":\"search_term_string\"}}],\"inLanguage\":\"fr-FR\"},{\"@type\":\"Organization\",\"@id\":\"https:\\\/\\\/mylovelyrods.com\\\/#organization\",\"name\":\"Mylovelyrods\",\"url\":\"https:\\\/\\\/mylovelyrods.com\\\/\",\"logo\":{\"@type\":\"ImageObject\",\"inLanguage\":\"fr-FR\",\"@id\":\"https:\\\/\\\/mylovelyrods.com\\\/#\\\/schema\\\/logo\\\/image\\\/\",\"url\":\"https:\\\/\\\/mylovelyrods.com\\\/wp-content\\\/uploads\\\/2021\\\/01\\\/0001-scaled-e1611186770281.jpg\",\"contentUrl\":\"https:\\\/\\\/mylovelyrods.com\\\/wp-content\\\/uploads\\\/2021\\\/01\\\/0001-scaled-e1611186770281.jpg\",\"width\":2560,\"height\":716,\"caption\":\"Mylovelyrods\"},\"image\":{\"@id\":\"https:\\\/\\\/mylovelyrods.com\\\/#\\\/schema\\\/logo\\\/image\\\/\"},\"sameAs\":[\"https:\\\/\\\/m.facebook.com\\\/people\\\/Mylovelyrods\\\/100062956103344\\\/?locale=fr_FR\",\"https:\\\/\\\/www.instagram.com\\\/mylovelyrods\\\/?hl=fr\"]}]}<\/script>\n<!-- \/ Yoast SEO plugin. -->","yoast_head_json":{"title":"Canne \u00e0 mouche Soldarini HYDROPSYCHE Elite 9'6\" #2\/3 - 4 - Mylovelyrods","description":"Canne \u00e0 mouche Soldarini 9'6\" #2\/3 - 4 HYDROPSYCHE Elite 3960. Cette canne est une des plus polyvalentes du march\u00e9, pour p\u00eacher en nymphe ou en s\u00e8che.","robots":{"index":"index","follow":"follow","max-snippet":"max-snippet:-1","max-image-preview":"max-image-preview:large","max-video-preview":"max-video-preview:-1"},"canonical":"https:\/\/mylovelyrods.com\/index.php\/produit\/canne-a-mouche-soldarini-hydropsyche-elite-9-6-2-3-4\/","og_locale":"fr_FR","og_type":"article","og_title":"Canne \u00e0 mouche Soldarini HYDROPSYCHE Elite 9'6\" #2\/3 - 4 - Mylovelyrods","og_description":"Canne \u00e0 mouche Soldarini 9'6\" #2\/3 - 4 HYDROPSYCHE Elite 3960. Cette canne est une des plus polyvalentes du march\u00e9, pour p\u00eacher en nymphe ou en s\u00e8che.","og_url":"https:\/\/mylovelyrods.com\/index.php\/produit\/canne-a-mouche-soldarini-hydropsyche-elite-9-6-2-3-4\/","og_site_name":"Mylovelyrods","article_publisher":"https:\/\/m.facebook.com\/people\/Mylovelyrods\/100062956103344\/?locale=fr_FR","article_modified_time":"2025-10-14T09:32:02+00:00","og_image":[{"width":1211,"height":2560,"url":"https:\/\/mylovelyrods.com\/wp-content\/uploads\/2022\/01\/20220113_163638-scaled.jpg","type":"image\/jpeg"}],"twitter_card":"summary_large_image","twitter_misc":{"Dur\u00e9e de lecture estim\u00e9e":"2 minutes"},"schema":{"@context":"https:\/\/schema.org","@graph":[{"@type":"WebPage","@id":"https:\/\/mylovelyrods.com\/index.php\/produit\/canne-a-mouche-soldarini-hydropsyche-elite-9-6-2-3-4\/","url":"https:\/\/mylovelyrods.com\/index.php\/produit\/canne-a-mouche-soldarini-hydropsyche-elite-9-6-2-3-4\/","name":"Canne \u00e0 mouche Soldarini HYDROPSYCHE Elite 9'6\" #2\/3 - 4 - Mylovelyrods","isPartOf":{"@id":"https:\/\/mylovelyrods.com\/#website"},"primaryImageOfPage":{"@id":"https:\/\/mylovelyrods.com\/index.php\/produit\/canne-a-mouche-soldarini-hydropsyche-elite-9-6-2-3-4\/#primaryimage"},"image":{"@id":"https:\/\/mylovelyrods.com\/index.php\/produit\/canne-a-mouche-soldarini-hydropsyche-elite-9-6-2-3-4\/#primaryimage"},"thumbnailUrl":"https:\/\/i0.wp.com\/mylovelyrods.com\/wp-content\/uploads\/2022\/01\/20220113_163638-scaled.jpg?fit=1211%2C2560&ssl=1","datePublished":"2022-01-13T17:32:19+00:00","dateModified":"2025-10-14T09:32:02+00:00","description":"Canne \u00e0 mouche Soldarini 9'6\" #2\/3 - 4 HYDROPSYCHE Elite 3960. Cette canne est une des plus polyvalentes du march\u00e9, pour p\u00eacher en nymphe ou en s\u00e8che.","breadcrumb":{"@id":"https:\/\/mylovelyrods.com\/index.php\/produit\/canne-a-mouche-soldarini-hydropsyche-elite-9-6-2-3-4\/#breadcrumb"},"inLanguage":"fr-FR","potentialAction":[{"@type":"ReadAction","target":["https:\/\/mylovelyrods.com\/index.php\/produit\/canne-a-mouche-soldarini-hydropsyche-elite-9-6-2-3-4\/"]}]},{"@type":"ImageObject","inLanguage":"fr-FR","@id":"https:\/\/mylovelyrods.com\/index.php\/produit\/canne-a-mouche-soldarini-hydropsyche-elite-9-6-2-3-4\/#primaryimage","url":"https:\/\/i0.wp.com\/mylovelyrods.com\/wp-content\/uploads\/2022\/01\/20220113_163638-scaled.jpg?fit=1211%2C2560&ssl=1","contentUrl":"https:\/\/i0.wp.com\/mylovelyrods.com\/wp-content\/uploads\/2022\/01\/20220113_163638-scaled.jpg?fit=1211%2C2560&ssl=1","width":1211,"height":2560,"caption":"Canne \u00e0 mouche Soldarini 9'6\" #2\/3 - 4 HYDROPSYCHE Elite 3960. Cette canne est une des plus polyvalentes du march\u00e9, pour p\u00eacher en nymphe ou en s\u00e8che avec une soie l\u00e9g\u00e8re. Elle est habill\u00e9e d'une poign\u00e9e li\u00e8ge en grade FLOR. Elle est d\u00e9cor\u00e9e de silhouettes de petits poissons allant du noir au bleu clair rappelant ainsi le porte moulinet. Cette canne allie la beaut\u00e9 \u00e0 l\u2019efficacit\u00e9!"},{"@type":"BreadcrumbList","@id":"https:\/\/mylovelyrods.com\/index.php\/produit\/canne-a-mouche-soldarini-hydropsyche-elite-9-6-2-3-4\/#breadcrumb","itemListElement":[{"@type":"ListItem","position":1,"name":"Accueil","item":"https:\/\/mylovelyrods.com\/"},{"@type":"ListItem","position":2,"name":"Produits","item":"https:\/\/mylovelyrods.com\/index.php\/boutique\/"},{"@type":"ListItem","position":3,"name":"Canne \u00e0 mouche Soldarini HYDROPSYCHE Elite 9&#8217;6&#8243; #2\/3 &#8211; 4"}]},{"@type":"WebSite","@id":"https:\/\/mylovelyrods.com\/#website","url":"https:\/\/mylovelyrods.com\/","name":"Mylovelyrods","description":"Facteur de canne, restaurations, customisations, rodbuilding, mouches, nymphes et petit mat\u00e9riel...","publisher":{"@id":"https:\/\/mylovelyrods.com\/#organization"},"potentialAction":[{"@type":"SearchAction","target":{"@type":"EntryPoint","urlTemplate":"https:\/\/mylovelyrods.com\/?s={search_term_string}"},"query-input":{"@type":"PropertyValueSpecification","valueRequired":true,"valueName":"search_term_string"}}],"inLanguage":"fr-FR"},{"@type":"Organization","@id":"https:\/\/mylovelyrods.com\/#organization","name":"Mylovelyrods","url":"https:\/\/mylovelyrods.com\/","logo":{"@type":"ImageObject","inLanguage":"fr-FR","@id":"https:\/\/mylovelyrods.com\/#\/schema\/logo\/image\/","url":"https:\/\/mylovelyrods.com\/wp-content\/uploads\/2021\/01\/0001-scaled-e1611186770281.jpg","contentUrl":"https:\/\/mylovelyrods.com\/wp-content\/uploads\/2021\/01\/0001-scaled-e1611186770281.jpg","width":2560,"height":716,"caption":"Mylovelyrods"},"image":{"@id":"https:\/\/mylovelyrods.com\/#\/schema\/logo\/image\/"},"sameAs":["https:\/\/m.facebook.com\/people\/Mylovelyrods\/100062956103344\/?locale=fr_FR","https:\/\/www.instagram.com\/mylovelyrods\/?hl=fr"]}]}},"jetpack_sharing_enabled":true,"_links":{"self":[{"href":"https:\/\/mylovelyrods.com\/index.php\/wp-json\/wp\/v2\/product\/1504","targetHints":{"allow":["GET"]}}],"collection":[{"href":"https:\/\/mylovelyrods.com\/index.php\/wp-json\/wp\/v2\/product"}],"about":[{"href":"https:\/\/mylovelyrods.com\/index.php\/wp-json\/wp\/v2\/types\/product"}],"wp:featuredmedia":[{"embeddable":true,"href":"https:\/\/mylovelyrods.com\/index.php\/wp-json\/wp\/v2\/media\/1505"}],"wp:attachment":[{"href":"https:\/\/mylovelyrods.com\/index.php\/wp-json\/wp\/v2\/media?parent=1504"}],"wp:term":[{"taxonomy":"product_brand","embeddable":true,"href":"https:\/\/mylovelyrods.com\/index.php\/wp-json\/wp\/v2\/product_brand?post=1504"},{"taxonomy":"product_cat","embeddable":true,"href":"https:\/\/mylovelyrods.com\/index.php\/wp-json\/wp\/v2\/product_cat?post=1504"},{"taxonomy":"product_tag","embeddable":true,"href":"https:\/\/mylovelyrods.com\/index.php\/wp-json\/wp\/v2\/product_tag?post=1504"}],"curies":[{"name":"wp","href":"https:\/\/api.w.org\/{rel}","templated":true}]}}