{"id":1547,"date":"2022-02-19T20:15:05","date_gmt":"2022-02-19T19:15:05","guid":{"rendered":"https:\/\/mylovelyrods.com\/?post_type=product&#038;p=1547"},"modified":"2022-11-28T23:23:36","modified_gmt":"2022-11-28T22:23:36","slug":"canne-a-mouche-la-pleco-86-4-5-4","status":"publish","type":"product","link":"https:\/\/mylovelyrods.com\/index.php\/produit\/canne-a-mouche-la-pleco-86-4-5-4\/","title":{"rendered":"Canne \u00e0 mouche \u00ab\u00a0La Pl\u00e9co\u00a0\u00bb 8&rsquo;6&Prime; #4\/5 &#8211; 4"},"content":{"rendered":"<p>Canne \u00e0 mouche \u00ab\u00a0La Pl\u00e9co\u00a0\u00bb 8&rsquo;6&Prime; #4\/5 &#8211; 4. Cette canne parfaite pour p\u00eacher en s\u00e8che ou s\u00e8che\/nymphe au pompon, vous ravira en petite riviere! Elle est habill\u00e9e d&rsquo;une poign\u00e9e li\u00e8ge en grade FLOR. Elle est d\u00e9cor\u00e9e d&rsquo;une petite vasque de rivi\u00e8re ou un petit \u00e9xuvie est accroch\u00e9 au fond. Cette petite canne originale sera une bonne alli\u00e9e en s\u00e8che, dans nos petits cours d&rsquo;eau de montagne.<\/p>\n<p>Le porte moulinet est mont\u00e9 en uplocking. En ce qui concerne les anneaux, il s&rsquo;agit d&rsquo;anneaux simples PacBay, Le premier est un anneau double patte PacBay, l&rsquo;anneau est suffisamment proche de la poign\u00e9e, pour \u00e9viter que la soie fasse un ventre lorsqu&rsquo;on p\u00eache canne haute. Les ligatures de renfort sont d\u00e9cor\u00e9es de liser\u00e9s marrons et un petit quadrillage marron.<\/p>\n<p>Canne \u00e0 mouche \u00ab\u00a0La Pl\u00e9co\u00a0\u00bb 8&rsquo;6&Prime; #3\/4 &#8211; 4\u00a0 Pour se faire plaisir, tout simplement il s&rsquo;agit \u00e9videmment d&rsquo;une pi\u00e8ce unique!<\/p>\n<p>Cette Canne \u00e0 mouche est fournit dans une housse tissu noire.<\/p>\n<p>Les mesures techniques protocole \u00ab\u00a0common cents\u00a0\u00bb (dont vous aurez les d\u00e9tails ici: <a href=\"https:\/\/www.truites-et-cie.fr\/article\/materiel\/mouche\/protocole-de-test-des-cannes-mouche\">https:\/\/www.truites-et-cie.fr\/article\/materiel\/mouche\/protocole-de-test-des-cannes-mouche<\/a>) ont r\u00e9v\u00e9l\u00e9:<\/p>\n<p>Poids de la canne: 89g.<\/p>\n<p>Un poids du moulinet \u00e0 l&rsquo;\u00e9quilibre (PME) de 146 g.<\/p>\n<p>L&rsquo;Action Angle classe l&rsquo;action de la canne dans la cat\u00e9gorie Fast.<\/p>\n<p>Pour conclure si vous souhaitez plus d&rsquo;informations, n&rsquo;h\u00e9sitez pas \u00e0 me contacter <a href=\"https:\/\/mylovelyrods.com\/index.php\/demande-devis-contact-canne-a-peche-artisanale\/\">ici<\/a>.<\/p>\n<p>Canne \u00e0 mouche \u00ab\u00a0La Pl\u00e9co\u00a0\u00bb 8&rsquo;6&Prime; #4\/5 &#8211; 4 dont les couleurs peuvent l\u00e9g\u00e8rement diff\u00e9rer des photos.<\/p>\n<p>Si vous souhaitez me suivre sur les r\u00e9seaux sociaux c&rsquo;est par <a href=\"https:\/\/www.facebook.com\/pages\/category\/Sports\/Mylovelyrods-101775187859974\/\">ici<\/a> et <a href=\"https:\/\/www.instagram.com\/mylovelyrods\/?hl=fr\">l\u00e0<\/a>.<\/p>\n","protected":false},"excerpt":{"rendered":"<p>Canne \u00e0 mouche \u00ab\u00a0La Pl\u00e9co\u00a0\u00bb 8&rsquo;6&Prime; #4\/5 &#8211; 4. Cette canne parfaite pour p\u00eacher en s\u00e8che ou s\u00e8che\/nymphe au pompon, vous ravira en petite riviere! Elle est habill\u00e9e d&rsquo;une poign\u00e9e li\u00e8ge en grade FLOR. Elle est d\u00e9cor\u00e9e d&rsquo;une petite vasque de rivi\u00e8re ou un petit \u00e9xuvie est accroch\u00e9 au fond. Cette petite canne originale sera une bonne alli\u00e9e en s\u00e8che, dans nos petits cours d&rsquo;eau de montagne.<\/p>\n<p>Le porte moulinet est mont\u00e9 en uplocking. En ce qui concerne les anneaux, il s&rsquo;agit d&rsquo;anneaux simples PacBay, Le premier est un anneau double patte PacBay, l&rsquo;anneau est suffisamment proche de la poign\u00e9e, pour \u00e9viter que la soie fasse un ventre lorsqu&rsquo;on p\u00eache canne haute. Les ligatures de renfort sont d\u00e9cor\u00e9es de liser\u00e9s marrons et un petit quadrillage marron.<\/p>\n<p>Canne \u00e0 mouche \u00ab\u00a0La Pl\u00e9co\u00a0\u00bb 8&rsquo;6&Prime; #3\/4 &#8211; 4\u00a0 Pour se faire plaisir, tout simplement il s&rsquo;agit \u00e9videmment d&rsquo;une pi\u00e8ce unique!<\/p>\n<p>Cette Canne \u00e0 mouche est fournit dans une housse tissu noire.<\/p>\n<p>Les mesures techniques protocole \u00ab\u00a0common cents\u00a0\u00bb (dont vous aurez les d\u00e9tails ici: <a href=\"https:\/\/www.truites-et-cie.fr\/article\/materiel\/mouche\/protocole-de-test-des-cannes-mouche\">https:\/\/www.truites-et-cie.fr\/article\/materiel\/mouche\/protocole-de-test-des-cannes-mouche<\/a>) ont r\u00e9v\u00e9l\u00e9:<\/p>\n<p>Poids de la canne: 89g.<\/p>\n<p>Un poids du moulinet \u00e0 l&rsquo;\u00e9quilibre (PME) de 146 g.<\/p>\n<p>L&rsquo;Action Angle classe l&rsquo;action de la canne dans la cat\u00e9gorie Fast.<\/p>\n<p>Pour conclure si vous souhaitez plus d&rsquo;informations, n&rsquo;h\u00e9sitez pas \u00e0 me contacter <a href=\"https:\/\/mylovelyrods.com\/index.php\/demande-devis-contact-canne-a-peche-artisanale\/\">ici<\/a>.<\/p>\n<p>Canne \u00e0 mouche \u00ab\u00a0La Pl\u00e9co\u00a0\u00bb 8&rsquo;6&Prime; #4\/5 &#8211; 4 dont les couleurs peuvent l\u00e9g\u00e8rement diff\u00e9rer des photos.<\/p>\n<p>Si vous souhaitez me suivre sur les r\u00e9seaux sociaux c&rsquo;est par <a href=\"https:\/\/www.facebook.com\/pages\/category\/Sports\/Mylovelyrods-101775187859974\/\">ici<\/a> et <a href=\"https:\/\/www.instagram.com\/mylovelyrods\/?hl=fr\">l\u00e0<\/a>.<\/p>\n","protected":false},"featured_media":1548,"template":"","meta":{"jetpack_post_was_ever_published":false,"_glsr_average":0,"_glsr_ranking":0,"_glsr_reviews":0},"product_brand":[],"product_cat":[28],"product_tag":[],"class_list":{"0":"post-1547","1":"product","2":"type-product","3":"status-publish","4":"has-post-thumbnail","6":"product_cat-cannes-disponibles","8":"first","9":"outofstock","10":"shipping-taxable","11":"purchasable","12":"product-type-simple"},"yoast_head":"<!-- This site is optimized with the Yoast SEO plugin v27.4 - https:\/\/yoast.com\/product\/yoast-seo-wordpress\/ -->\n<title>Canne \u00e0 mouche &quot;La Pl\u00e9co&quot; 8&#039;6&quot; #4\/5 - 4 - Mylovelyrods<\/title>\n<meta name=\"description\" content=\"Canne \u00e0 mouche &quot;La Pl\u00e9co&quot; 8&#039;6&quot; #4\/5 - 4 parfaite pour p\u00eacher en s\u00e8che ou s\u00e8che\/nymphe au pompon! Elle est habill\u00e9e d&#039;une poign\u00e9e li\u00e8ge en grade FLOR\" \/>\n<meta name=\"robots\" content=\"index, follow, max-snippet:-1, max-image-preview:large, max-video-preview:-1\" \/>\n<link rel=\"canonical\" href=\"https:\/\/mylovelyrods.com\/index.php\/produit\/canne-a-mouche-la-pleco-86-4-5-4\/\" \/>\n<meta property=\"og:locale\" content=\"fr_FR\" \/>\n<meta property=\"og:type\" content=\"article\" \/>\n<meta property=\"og:title\" content=\"Canne \u00e0 mouche &quot;La Pl\u00e9co&quot; 8&#039;6&quot; #4\/5 - 4 - Mylovelyrods\" \/>\n<meta property=\"og:description\" content=\"Canne \u00e0 mouche &quot;La Pl\u00e9co&quot; 8&#039;6&quot; #4\/5 - 4 parfaite pour p\u00eacher en s\u00e8che ou s\u00e8che\/nymphe au pompon! Elle est habill\u00e9e d&#039;une poign\u00e9e li\u00e8ge en grade FLOR\" \/>\n<meta property=\"og:url\" content=\"https:\/\/mylovelyrods.com\/index.php\/produit\/canne-a-mouche-la-pleco-86-4-5-4\/\" \/>\n<meta property=\"og:site_name\" content=\"Mylovelyrods\" \/>\n<meta property=\"article:publisher\" content=\"https:\/\/m.facebook.com\/people\/Mylovelyrods\/100062956103344\/?locale=fr_FR\" \/>\n<meta property=\"article:modified_time\" content=\"2022-11-28T22:23:36+00:00\" \/>\n<meta property=\"og:image\" content=\"https:\/\/mylovelyrods.com\/wp-content\/uploads\/2022\/02\/20220210_122354-scaled.jpg\" \/>\n\t<meta property=\"og:image:width\" content=\"1211\" \/>\n\t<meta property=\"og:image:height\" content=\"2560\" \/>\n\t<meta property=\"og:image:type\" content=\"image\/jpeg\" \/>\n<meta name=\"twitter:card\" content=\"summary_large_image\" \/>\n<meta name=\"twitter:label1\" content=\"Dur\u00e9e de lecture estim\u00e9e\" \/>\n\t<meta name=\"twitter:data1\" content=\"2 minutes\" \/>\n<script type=\"application\/ld+json\" class=\"yoast-schema-graph\">{\"@context\":\"https:\\\/\\\/schema.org\",\"@graph\":[{\"@type\":\"WebPage\",\"@id\":\"https:\\\/\\\/mylovelyrods.com\\\/index.php\\\/produit\\\/canne-a-mouche-la-pleco-86-4-5-4\\\/\",\"url\":\"https:\\\/\\\/mylovelyrods.com\\\/index.php\\\/produit\\\/canne-a-mouche-la-pleco-86-4-5-4\\\/\",\"name\":\"Canne \u00e0 mouche \\\"La Pl\u00e9co\\\" 8'6\\\" #4\\\/5 - 4 - Mylovelyrods\",\"isPartOf\":{\"@id\":\"https:\\\/\\\/mylovelyrods.com\\\/#website\"},\"primaryImageOfPage\":{\"@id\":\"https:\\\/\\\/mylovelyrods.com\\\/index.php\\\/produit\\\/canne-a-mouche-la-pleco-86-4-5-4\\\/#primaryimage\"},\"image\":{\"@id\":\"https:\\\/\\\/mylovelyrods.com\\\/index.php\\\/produit\\\/canne-a-mouche-la-pleco-86-4-5-4\\\/#primaryimage\"},\"thumbnailUrl\":\"https:\\\/\\\/i0.wp.com\\\/mylovelyrods.com\\\/wp-content\\\/uploads\\\/2022\\\/02\\\/20220210_122354-scaled.jpg?fit=1211%2C2560&ssl=1\",\"datePublished\":\"2022-02-19T19:15:05+00:00\",\"dateModified\":\"2022-11-28T22:23:36+00:00\",\"description\":\"Canne \u00e0 mouche \\\"La Pl\u00e9co\\\" 8'6\\\" #4\\\/5 - 4 parfaite pour p\u00eacher en s\u00e8che ou s\u00e8che\\\/nymphe au pompon! Elle est habill\u00e9e d'une poign\u00e9e li\u00e8ge en grade FLOR\",\"breadcrumb\":{\"@id\":\"https:\\\/\\\/mylovelyrods.com\\\/index.php\\\/produit\\\/canne-a-mouche-la-pleco-86-4-5-4\\\/#breadcrumb\"},\"inLanguage\":\"fr-FR\",\"potentialAction\":[{\"@type\":\"ReadAction\",\"target\":[\"https:\\\/\\\/mylovelyrods.com\\\/index.php\\\/produit\\\/canne-a-mouche-la-pleco-86-4-5-4\\\/\"]}]},{\"@type\":\"ImageObject\",\"inLanguage\":\"fr-FR\",\"@id\":\"https:\\\/\\\/mylovelyrods.com\\\/index.php\\\/produit\\\/canne-a-mouche-la-pleco-86-4-5-4\\\/#primaryimage\",\"url\":\"https:\\\/\\\/i0.wp.com\\\/mylovelyrods.com\\\/wp-content\\\/uploads\\\/2022\\\/02\\\/20220210_122354-scaled.jpg?fit=1211%2C2560&ssl=1\",\"contentUrl\":\"https:\\\/\\\/i0.wp.com\\\/mylovelyrods.com\\\/wp-content\\\/uploads\\\/2022\\\/02\\\/20220210_122354-scaled.jpg?fit=1211%2C2560&ssl=1\",\"width\":1211,\"height\":2560,\"caption\":\"Canne \u00e0 mouche 8'6 #3\\\/4 - 4 pl\u00e9copt\u00e8re canne petite rivi\u00e8re\"},{\"@type\":\"BreadcrumbList\",\"@id\":\"https:\\\/\\\/mylovelyrods.com\\\/index.php\\\/produit\\\/canne-a-mouche-la-pleco-86-4-5-4\\\/#breadcrumb\",\"itemListElement\":[{\"@type\":\"ListItem\",\"position\":1,\"name\":\"Accueil\",\"item\":\"https:\\\/\\\/mylovelyrods.com\\\/\"},{\"@type\":\"ListItem\",\"position\":2,\"name\":\"Produits\",\"item\":\"https:\\\/\\\/mylovelyrods.com\\\/index.php\\\/boutique\\\/\"},{\"@type\":\"ListItem\",\"position\":3,\"name\":\"Canne \u00e0 mouche &#8220;La Pl\u00e9co&#8221; 8&#8217;6&#8243; #4\\\/5 &#8211; 4\"}]},{\"@type\":\"WebSite\",\"@id\":\"https:\\\/\\\/mylovelyrods.com\\\/#website\",\"url\":\"https:\\\/\\\/mylovelyrods.com\\\/\",\"name\":\"Mylovelyrods\",\"description\":\"Facteur de canne, restaurations, customisations, rodbuilding, mouches, nymphes et petit mat\u00e9riel...\",\"publisher\":{\"@id\":\"https:\\\/\\\/mylovelyrods.com\\\/#organization\"},\"potentialAction\":[{\"@type\":\"SearchAction\",\"target\":{\"@type\":\"EntryPoint\",\"urlTemplate\":\"https:\\\/\\\/mylovelyrods.com\\\/?s={search_term_string}\"},\"query-input\":{\"@type\":\"PropertyValueSpecification\",\"valueRequired\":true,\"valueName\":\"search_term_string\"}}],\"inLanguage\":\"fr-FR\"},{\"@type\":\"Organization\",\"@id\":\"https:\\\/\\\/mylovelyrods.com\\\/#organization\",\"name\":\"Mylovelyrods\",\"url\":\"https:\\\/\\\/mylovelyrods.com\\\/\",\"logo\":{\"@type\":\"ImageObject\",\"inLanguage\":\"fr-FR\",\"@id\":\"https:\\\/\\\/mylovelyrods.com\\\/#\\\/schema\\\/logo\\\/image\\\/\",\"url\":\"https:\\\/\\\/mylovelyrods.com\\\/wp-content\\\/uploads\\\/2021\\\/01\\\/0001-scaled-e1611186770281.jpg\",\"contentUrl\":\"https:\\\/\\\/mylovelyrods.com\\\/wp-content\\\/uploads\\\/2021\\\/01\\\/0001-scaled-e1611186770281.jpg\",\"width\":2560,\"height\":716,\"caption\":\"Mylovelyrods\"},\"image\":{\"@id\":\"https:\\\/\\\/mylovelyrods.com\\\/#\\\/schema\\\/logo\\\/image\\\/\"},\"sameAs\":[\"https:\\\/\\\/m.facebook.com\\\/people\\\/Mylovelyrods\\\/100062956103344\\\/?locale=fr_FR\",\"https:\\\/\\\/www.instagram.com\\\/mylovelyrods\\\/?hl=fr\"]}]}<\/script>\n<!-- \/ Yoast SEO plugin. -->","yoast_head_json":{"title":"Canne \u00e0 mouche \"La Pl\u00e9co\" 8'6\" #4\/5 - 4 - Mylovelyrods","description":"Canne \u00e0 mouche \"La Pl\u00e9co\" 8'6\" #4\/5 - 4 parfaite pour p\u00eacher en s\u00e8che ou s\u00e8che\/nymphe au pompon! Elle est habill\u00e9e d'une poign\u00e9e li\u00e8ge en grade FLOR","robots":{"index":"index","follow":"follow","max-snippet":"max-snippet:-1","max-image-preview":"max-image-preview:large","max-video-preview":"max-video-preview:-1"},"canonical":"https:\/\/mylovelyrods.com\/index.php\/produit\/canne-a-mouche-la-pleco-86-4-5-4\/","og_locale":"fr_FR","og_type":"article","og_title":"Canne \u00e0 mouche \"La Pl\u00e9co\" 8'6\" #4\/5 - 4 - Mylovelyrods","og_description":"Canne \u00e0 mouche \"La Pl\u00e9co\" 8'6\" #4\/5 - 4 parfaite pour p\u00eacher en s\u00e8che ou s\u00e8che\/nymphe au pompon! Elle est habill\u00e9e d'une poign\u00e9e li\u00e8ge en grade FLOR","og_url":"https:\/\/mylovelyrods.com\/index.php\/produit\/canne-a-mouche-la-pleco-86-4-5-4\/","og_site_name":"Mylovelyrods","article_publisher":"https:\/\/m.facebook.com\/people\/Mylovelyrods\/100062956103344\/?locale=fr_FR","article_modified_time":"2022-11-28T22:23:36+00:00","og_image":[{"width":1211,"height":2560,"url":"https:\/\/mylovelyrods.com\/wp-content\/uploads\/2022\/02\/20220210_122354-scaled.jpg","type":"image\/jpeg"}],"twitter_card":"summary_large_image","twitter_misc":{"Dur\u00e9e de lecture estim\u00e9e":"2 minutes"},"schema":{"@context":"https:\/\/schema.org","@graph":[{"@type":"WebPage","@id":"https:\/\/mylovelyrods.com\/index.php\/produit\/canne-a-mouche-la-pleco-86-4-5-4\/","url":"https:\/\/mylovelyrods.com\/index.php\/produit\/canne-a-mouche-la-pleco-86-4-5-4\/","name":"Canne \u00e0 mouche \"La Pl\u00e9co\" 8'6\" #4\/5 - 4 - Mylovelyrods","isPartOf":{"@id":"https:\/\/mylovelyrods.com\/#website"},"primaryImageOfPage":{"@id":"https:\/\/mylovelyrods.com\/index.php\/produit\/canne-a-mouche-la-pleco-86-4-5-4\/#primaryimage"},"image":{"@id":"https:\/\/mylovelyrods.com\/index.php\/produit\/canne-a-mouche-la-pleco-86-4-5-4\/#primaryimage"},"thumbnailUrl":"https:\/\/i0.wp.com\/mylovelyrods.com\/wp-content\/uploads\/2022\/02\/20220210_122354-scaled.jpg?fit=1211%2C2560&ssl=1","datePublished":"2022-02-19T19:15:05+00:00","dateModified":"2022-11-28T22:23:36+00:00","description":"Canne \u00e0 mouche \"La Pl\u00e9co\" 8'6\" #4\/5 - 4 parfaite pour p\u00eacher en s\u00e8che ou s\u00e8che\/nymphe au pompon! Elle est habill\u00e9e d'une poign\u00e9e li\u00e8ge en grade FLOR","breadcrumb":{"@id":"https:\/\/mylovelyrods.com\/index.php\/produit\/canne-a-mouche-la-pleco-86-4-5-4\/#breadcrumb"},"inLanguage":"fr-FR","potentialAction":[{"@type":"ReadAction","target":["https:\/\/mylovelyrods.com\/index.php\/produit\/canne-a-mouche-la-pleco-86-4-5-4\/"]}]},{"@type":"ImageObject","inLanguage":"fr-FR","@id":"https:\/\/mylovelyrods.com\/index.php\/produit\/canne-a-mouche-la-pleco-86-4-5-4\/#primaryimage","url":"https:\/\/i0.wp.com\/mylovelyrods.com\/wp-content\/uploads\/2022\/02\/20220210_122354-scaled.jpg?fit=1211%2C2560&ssl=1","contentUrl":"https:\/\/i0.wp.com\/mylovelyrods.com\/wp-content\/uploads\/2022\/02\/20220210_122354-scaled.jpg?fit=1211%2C2560&ssl=1","width":1211,"height":2560,"caption":"Canne \u00e0 mouche 8'6 #3\/4 - 4 pl\u00e9copt\u00e8re canne petite rivi\u00e8re"},{"@type":"BreadcrumbList","@id":"https:\/\/mylovelyrods.com\/index.php\/produit\/canne-a-mouche-la-pleco-86-4-5-4\/#breadcrumb","itemListElement":[{"@type":"ListItem","position":1,"name":"Accueil","item":"https:\/\/mylovelyrods.com\/"},{"@type":"ListItem","position":2,"name":"Produits","item":"https:\/\/mylovelyrods.com\/index.php\/boutique\/"},{"@type":"ListItem","position":3,"name":"Canne \u00e0 mouche &#8220;La Pl\u00e9co&#8221; 8&#8217;6&#8243; #4\/5 &#8211; 4"}]},{"@type":"WebSite","@id":"https:\/\/mylovelyrods.com\/#website","url":"https:\/\/mylovelyrods.com\/","name":"Mylovelyrods","description":"Facteur de canne, restaurations, customisations, rodbuilding, mouches, nymphes et petit mat\u00e9riel...","publisher":{"@id":"https:\/\/mylovelyrods.com\/#organization"},"potentialAction":[{"@type":"SearchAction","target":{"@type":"EntryPoint","urlTemplate":"https:\/\/mylovelyrods.com\/?s={search_term_string}"},"query-input":{"@type":"PropertyValueSpecification","valueRequired":true,"valueName":"search_term_string"}}],"inLanguage":"fr-FR"},{"@type":"Organization","@id":"https:\/\/mylovelyrods.com\/#organization","name":"Mylovelyrods","url":"https:\/\/mylovelyrods.com\/","logo":{"@type":"ImageObject","inLanguage":"fr-FR","@id":"https:\/\/mylovelyrods.com\/#\/schema\/logo\/image\/","url":"https:\/\/mylovelyrods.com\/wp-content\/uploads\/2021\/01\/0001-scaled-e1611186770281.jpg","contentUrl":"https:\/\/mylovelyrods.com\/wp-content\/uploads\/2021\/01\/0001-scaled-e1611186770281.jpg","width":2560,"height":716,"caption":"Mylovelyrods"},"image":{"@id":"https:\/\/mylovelyrods.com\/#\/schema\/logo\/image\/"},"sameAs":["https:\/\/m.facebook.com\/people\/Mylovelyrods\/100062956103344\/?locale=fr_FR","https:\/\/www.instagram.com\/mylovelyrods\/?hl=fr"]}]}},"jetpack_sharing_enabled":true,"_links":{"self":[{"href":"https:\/\/mylovelyrods.com\/index.php\/wp-json\/wp\/v2\/product\/1547","targetHints":{"allow":["GET"]}}],"collection":[{"href":"https:\/\/mylovelyrods.com\/index.php\/wp-json\/wp\/v2\/product"}],"about":[{"href":"https:\/\/mylovelyrods.com\/index.php\/wp-json\/wp\/v2\/types\/product"}],"wp:featuredmedia":[{"embeddable":true,"href":"https:\/\/mylovelyrods.com\/index.php\/wp-json\/wp\/v2\/media\/1548"}],"wp:attachment":[{"href":"https:\/\/mylovelyrods.com\/index.php\/wp-json\/wp\/v2\/media?parent=1547"}],"wp:term":[{"taxonomy":"product_brand","embeddable":true,"href":"https:\/\/mylovelyrods.com\/index.php\/wp-json\/wp\/v2\/product_brand?post=1547"},{"taxonomy":"product_cat","embeddable":true,"href":"https:\/\/mylovelyrods.com\/index.php\/wp-json\/wp\/v2\/product_cat?post=1547"},{"taxonomy":"product_tag","embeddable":true,"href":"https:\/\/mylovelyrods.com\/index.php\/wp-json\/wp\/v2\/product_tag?post=1547"}],"curies":[{"name":"wp","href":"https:\/\/api.w.org\/{rel}","templated":true}]}}