{"id":1559,"date":"2022-02-19T20:49:47","date_gmt":"2022-02-19T19:49:47","guid":{"rendered":"https:\/\/mylovelyrods.com\/?post_type=product&#038;p=1559"},"modified":"2023-05-21T14:02:37","modified_gmt":"2023-05-21T12:02:37","slug":"canne-a-mouche-maxia-sx4-98-2-4","status":"publish","type":"product","link":"https:\/\/mylovelyrods.com\/index.php\/produit\/canne-a-mouche-maxia-sx4-98-2-4\/","title":{"rendered":"Canne \u00e0 mouche Maxia SX4 9&rsquo;8&Prime; #2 &#8211; 4"},"content":{"rendered":"<p>Canne \u00e0 mouche Maxia SX4 9&rsquo;8&Prime; #2 &#8211; 4. Cette canne parfaite pour p\u00eacher en s\u00e8che ou s\u00e8che\/nymphe au pompon ou m\u00eame en nymphe, elle vous ravira en moyenne et grande riviere! C&rsquo;est une tr\u00e8s bonne canne polyvalente! Elle est habill\u00e9e d&rsquo;une poign\u00e9e li\u00e8ge en grade FLOR. Elle est d\u00e9cor\u00e9e de \u00ab\u00a0gouttes noires\u00a0\u00bb. Elle est habill\u00e9e d&rsquo;un butt liege avec un liser\u00e9 bleu en EVA qui am\u00e9liore l&rsquo;\u00e9quilibre de la canne. Cette canne originale sera une bonne alli\u00e9e en s\u00e8che ou nymphe dans nos cours d&rsquo;eau! Il s&rsquo;agit bien sur d&rsquo;un mod\u00e8le unique!<\/p>\n<p>Le porte moulinet est mont\u00e9 en downlocking et habill\u00e9 d&rsquo;un butt, permettant un meilleur \u00e9quilibre avec le moulinet, et donc une sensation de l\u00e9g\u00e8ret\u00e9, et une fatigue minimale. Le porte moulinet couleur noir, est habill\u00e9 d&rsquo;un insert en carbone. En ce qui concerne les anneaux, il s&rsquo;agit d&rsquo;anneaux tr\u00e8s haut de gamme recoil, \u00e0 m\u00e9moire de forme et alliant l\u00e9g\u00e8ret\u00e9 et r\u00e9sistance. Le premier est un anneau double patte CERECOIL haut de gamme, \u00e0 m\u00e9moire de forme. L&rsquo;anneau est suffisamment proche de la poign\u00e9e, pour \u00e9viter que la soie fasse un ventre lorsqu&rsquo;on p\u00eache avec la soi\u00e9 canne haute. Les ligatures de renforts sont d\u00e9cor\u00e9es d&rsquo;un liser\u00e9 de couleur bleu sombre rappelant le liser\u00e9 bleu en EVA.<\/p>\n<p>Canne \u00e0 mouche Maxia SX4 9&rsquo;8&Prime; #2 &#8211; 4 est une BOMBE! Si cette canne n&rsquo;est pas vendue je la garderai pour moi! il s&rsquo;agit \u00e9videmment d&rsquo;une pi\u00e8ce unique!<\/p>\n<p>Cette Canne \u00e0 mouche est fournit dans une housse tissu noire et un tube de protection.<\/p>\n<p>Les mesures techniques protocole \u00ab\u00a0common cents\u00a0\u00bb (dont vous aurez les d\u00e9tails ici: <a href=\"https:\/\/www.truites-et-cie.fr\/article\/materiel\/mouche\/protocole-de-test-des-cannes-mouche\">https:\/\/www.truites-et-cie.fr\/article\/materiel\/mouche\/protocole-de-test-des-cannes-mouche<\/a>) ont r\u00e9v\u00e9l\u00e9:<\/p>\n<p>Poids de la canne: 80g.<\/p>\n<p>Un poids du moulinet \u00e0 l&rsquo;\u00e9quilibre (PME) de 144 g.<\/p>\n<p>L&rsquo;Action Angle classe l&rsquo;action de la canne pile poil \u00e0 la limite de la cat\u00e9gorie Moderate Fast \u00e0 Fast.<\/p>\n<p>Pour conclure si vous souhaitez plus d&rsquo;informations, n&rsquo;h\u00e9sitez pas \u00e0 me contacter <a href=\"https:\/\/mylovelyrods.com\/index.php\/demande-devis-contact-canne-a-peche-artisanale\/\">ici<\/a>.<\/p>\n<p>Canne \u00e0 mouche Maxia SX4 9&rsquo;8&Prime; #2 &#8211; 4 dont les couleurs peuvent l\u00e9g\u00e8rement diff\u00e9rer des photos.<\/p>\n<p>Si vous souhaitez me suivre sur les r\u00e9seaux sociaux c&rsquo;est par <a href=\"https:\/\/www.facebook.com\/pages\/category\/Sports\/Mylovelyrods-101775187859974\/\">ici<\/a> et <a href=\"https:\/\/www.instagram.com\/mylovelyrods\/?hl=fr\">l\u00e0<\/a>.<\/p>\n","protected":false},"excerpt":{"rendered":"<p>Canne \u00e0 mouche Maxia SX4 9&rsquo;8&Prime; #2 &#8211; 4. Cette canne parfaite pour p\u00eacher en s\u00e8che ou s\u00e8che\/nymphe au pompon ou m\u00eame en nymphe, elle vous ravira en moyenne et grande riviere! C&rsquo;est une tr\u00e8s bonne canne polyvalente! Elle est habill\u00e9e d&rsquo;une poign\u00e9e li\u00e8ge en grade FLOR. Elle est d\u00e9cor\u00e9e de \u00ab\u00a0gouttes noires\u00a0\u00bb. Elle est habill\u00e9e d&rsquo;un butt liege avec un liser\u00e9 bleu en EVA qui am\u00e9liore l&rsquo;\u00e9quilibre de la canne. Cette canne originale sera une bonne alli\u00e9e en s\u00e8che ou nymphe dans nos cours d&rsquo;eau! Il s&rsquo;agit bien sur d&rsquo;un mod\u00e8le unique!<\/p>\n<p>Le porte moulinet est mont\u00e9 en downlocking et habill\u00e9 d&rsquo;un butt, permettant un meilleur \u00e9quilibre avec le moulinet, et donc une sensation de l\u00e9g\u00e8ret\u00e9, et une fatigue minimale. Le porte moulinet couleur noir, est habill\u00e9 d&rsquo;un insert en carbone. En ce qui concerne les anneaux, il s&rsquo;agit d&rsquo;anneaux tr\u00e8s haut de gamme recoil, \u00e0 m\u00e9moire de forme et alliant l\u00e9g\u00e8ret\u00e9 et r\u00e9sistance. Le premier est un anneau double patte CERECOIL haut de gamme, \u00e0 m\u00e9moire de forme. L&rsquo;anneau est suffisamment proche de la poign\u00e9e, pour \u00e9viter que la soie fasse un ventre lorsqu&rsquo;on p\u00eache avec la soi\u00e9 canne haute. Les ligatures de renforts sont d\u00e9cor\u00e9es d&rsquo;un liser\u00e9 de couleur bleu sombre rappelant le liser\u00e9 bleu en EVA.<\/p>\n<p>Canne \u00e0 mouche Maxia SX4 9&rsquo;8&Prime; #2 &#8211; 4 est une BOMBE! Si cette canne n&rsquo;est pas vendue je la garderai pour moi! il s&rsquo;agit \u00e9videmment d&rsquo;une pi\u00e8ce unique!<\/p>\n<p>Cette Canne \u00e0 mouche est fournit dans une housse tissu noire et un tube de protection.<\/p>\n<p>Les mesures techniques protocole \u00ab\u00a0common cents\u00a0\u00bb (dont vous aurez les d\u00e9tails ici: <a href=\"https:\/\/www.truites-et-cie.fr\/article\/materiel\/mouche\/protocole-de-test-des-cannes-mouche\">https:\/\/www.truites-et-cie.fr\/article\/materiel\/mouche\/protocole-de-test-des-cannes-mouche<\/a>) ont r\u00e9v\u00e9l\u00e9:<\/p>\n<p>Poids de la canne: 80g.<\/p>\n<p>Un poids du moulinet \u00e0 l&rsquo;\u00e9quilibre (PME) de 144 g.<\/p>\n<p>L&rsquo;Action Angle classe l&rsquo;action de la canne pile poil \u00e0 la limite de la cat\u00e9gorie Moderate Fast \u00e0 Fast.<\/p>\n<p>Pour conclure si vous souhaitez plus d&rsquo;informations, n&rsquo;h\u00e9sitez pas \u00e0 me contacter <a href=\"https:\/\/mylovelyrods.com\/index.php\/demande-devis-contact-canne-a-peche-artisanale\/\">ici<\/a>.<\/p>\n<p>Canne \u00e0 mouche Maxia SX4 9&rsquo;8&Prime; #2 &#8211; 4 dont les couleurs peuvent l\u00e9g\u00e8rement diff\u00e9rer des photos.<\/p>\n<p>Si vous souhaitez me suivre sur les r\u00e9seaux sociaux c&rsquo;est par <a href=\"https:\/\/www.facebook.com\/pages\/category\/Sports\/Mylovelyrods-101775187859974\/\">ici<\/a> et <a href=\"https:\/\/www.instagram.com\/mylovelyrods\/?hl=fr\">l\u00e0<\/a>.<\/p>\n","protected":false},"featured_media":1563,"template":"","meta":{"jetpack_post_was_ever_published":false,"_glsr_average":0,"_glsr_ranking":0,"_glsr_reviews":0},"product_brand":[],"product_cat":[28],"product_tag":[],"class_list":{"0":"post-1559","1":"product","2":"type-product","3":"status-publish","4":"has-post-thumbnail","6":"product_cat-cannes-disponibles","8":"first","9":"outofstock","10":"shipping-taxable","11":"purchasable","12":"product-type-simple"},"yoast_head":"<!-- This site is optimized with the Yoast SEO plugin v27.4 - https:\/\/yoast.com\/product\/yoast-seo-wordpress\/ -->\n<title>Canne \u00e0 mouche Maxia SX4 9&#039;8&quot; #2 - 4 - Mylovelyrods<\/title>\n<meta name=\"description\" content=\"Canne \u00e0 mouche Maxia SX4 9&#039;8&quot; #2 - 4. Cette canne parfaite pour p\u00eacher en s\u00e8che ou s\u00e8che\/nymphe au pompon ou m\u00eame en nymphe.\" \/>\n<meta name=\"robots\" content=\"index, follow, max-snippet:-1, max-image-preview:large, max-video-preview:-1\" \/>\n<link rel=\"canonical\" href=\"https:\/\/mylovelyrods.com\/index.php\/produit\/canne-a-mouche-maxia-sx4-98-2-4\/\" \/>\n<meta property=\"og:locale\" content=\"fr_FR\" \/>\n<meta property=\"og:type\" content=\"article\" \/>\n<meta property=\"og:title\" content=\"Canne \u00e0 mouche Maxia SX4 9&#039;8&quot; #2 - 4 - Mylovelyrods\" \/>\n<meta property=\"og:description\" content=\"Canne \u00e0 mouche Maxia SX4 9&#039;8&quot; #2 - 4. Cette canne parfaite pour p\u00eacher en s\u00e8che ou s\u00e8che\/nymphe au pompon ou m\u00eame en nymphe.\" \/>\n<meta property=\"og:url\" content=\"https:\/\/mylovelyrods.com\/index.php\/produit\/canne-a-mouche-maxia-sx4-98-2-4\/\" \/>\n<meta property=\"og:site_name\" content=\"Mylovelyrods\" \/>\n<meta property=\"article:publisher\" content=\"https:\/\/m.facebook.com\/people\/Mylovelyrods\/100062956103344\/?locale=fr_FR\" \/>\n<meta property=\"article:modified_time\" content=\"2023-05-21T12:02:37+00:00\" \/>\n<meta property=\"og:image\" content=\"https:\/\/mylovelyrods.com\/wp-content\/uploads\/2022\/02\/20220219_193314-scaled.jpg\" \/>\n\t<meta property=\"og:image:width\" content=\"1044\" \/>\n\t<meta property=\"og:image:height\" content=\"2560\" \/>\n\t<meta property=\"og:image:type\" content=\"image\/jpeg\" \/>\n<meta name=\"twitter:card\" content=\"summary_large_image\" \/>\n<meta name=\"twitter:label1\" content=\"Dur\u00e9e de lecture estim\u00e9e\" \/>\n\t<meta name=\"twitter:data1\" content=\"2 minutes\" \/>\n<script type=\"application\/ld+json\" class=\"yoast-schema-graph\">{\"@context\":\"https:\\\/\\\/schema.org\",\"@graph\":[{\"@type\":\"WebPage\",\"@id\":\"https:\\\/\\\/mylovelyrods.com\\\/index.php\\\/produit\\\/canne-a-mouche-maxia-sx4-98-2-4\\\/\",\"url\":\"https:\\\/\\\/mylovelyrods.com\\\/index.php\\\/produit\\\/canne-a-mouche-maxia-sx4-98-2-4\\\/\",\"name\":\"Canne \u00e0 mouche Maxia SX4 9'8\\\" #2 - 4 - Mylovelyrods\",\"isPartOf\":{\"@id\":\"https:\\\/\\\/mylovelyrods.com\\\/#website\"},\"primaryImageOfPage\":{\"@id\":\"https:\\\/\\\/mylovelyrods.com\\\/index.php\\\/produit\\\/canne-a-mouche-maxia-sx4-98-2-4\\\/#primaryimage\"},\"image\":{\"@id\":\"https:\\\/\\\/mylovelyrods.com\\\/index.php\\\/produit\\\/canne-a-mouche-maxia-sx4-98-2-4\\\/#primaryimage\"},\"thumbnailUrl\":\"https:\\\/\\\/i0.wp.com\\\/mylovelyrods.com\\\/wp-content\\\/uploads\\\/2022\\\/02\\\/20220219_193314-scaled.jpg?fit=1044%2C2560&ssl=1\",\"datePublished\":\"2022-02-19T19:49:47+00:00\",\"dateModified\":\"2023-05-21T12:02:37+00:00\",\"description\":\"Canne \u00e0 mouche Maxia SX4 9'8\\\" #2 - 4. Cette canne parfaite pour p\u00eacher en s\u00e8che ou s\u00e8che\\\/nymphe au pompon ou m\u00eame en nymphe.\",\"breadcrumb\":{\"@id\":\"https:\\\/\\\/mylovelyrods.com\\\/index.php\\\/produit\\\/canne-a-mouche-maxia-sx4-98-2-4\\\/#breadcrumb\"},\"inLanguage\":\"fr-FR\",\"potentialAction\":[{\"@type\":\"ReadAction\",\"target\":[\"https:\\\/\\\/mylovelyrods.com\\\/index.php\\\/produit\\\/canne-a-mouche-maxia-sx4-98-2-4\\\/\"]}]},{\"@type\":\"ImageObject\",\"inLanguage\":\"fr-FR\",\"@id\":\"https:\\\/\\\/mylovelyrods.com\\\/index.php\\\/produit\\\/canne-a-mouche-maxia-sx4-98-2-4\\\/#primaryimage\",\"url\":\"https:\\\/\\\/i0.wp.com\\\/mylovelyrods.com\\\/wp-content\\\/uploads\\\/2022\\\/02\\\/20220219_193314-scaled.jpg?fit=1044%2C2560&ssl=1\",\"contentUrl\":\"https:\\\/\\\/i0.wp.com\\\/mylovelyrods.com\\\/wp-content\\\/uploads\\\/2022\\\/02\\\/20220219_193314-scaled.jpg?fit=1044%2C2560&ssl=1\",\"width\":1044,\"height\":2560,\"caption\":\"Canne \u00e0 mouche Maxia SX4 9'8\\\" #2 - 4. Cette canne parfaite pour p\u00eacher en s\u00e8che ou s\u00e8che\\\/nymphe au pompon ou m\u00eame en nymphe, elle vous ravira en moyenne et grande riviere!\"},{\"@type\":\"BreadcrumbList\",\"@id\":\"https:\\\/\\\/mylovelyrods.com\\\/index.php\\\/produit\\\/canne-a-mouche-maxia-sx4-98-2-4\\\/#breadcrumb\",\"itemListElement\":[{\"@type\":\"ListItem\",\"position\":1,\"name\":\"Accueil\",\"item\":\"https:\\\/\\\/mylovelyrods.com\\\/\"},{\"@type\":\"ListItem\",\"position\":2,\"name\":\"Produits\",\"item\":\"https:\\\/\\\/mylovelyrods.com\\\/index.php\\\/boutique\\\/\"},{\"@type\":\"ListItem\",\"position\":3,\"name\":\"Canne \u00e0 mouche Maxia SX4 9&#8217;8&#8243; #2 &#8211; 4\"}]},{\"@type\":\"WebSite\",\"@id\":\"https:\\\/\\\/mylovelyrods.com\\\/#website\",\"url\":\"https:\\\/\\\/mylovelyrods.com\\\/\",\"name\":\"Mylovelyrods\",\"description\":\"Facteur de canne, restaurations, customisations, rodbuilding, mouches, nymphes et petit mat\u00e9riel...\",\"publisher\":{\"@id\":\"https:\\\/\\\/mylovelyrods.com\\\/#organization\"},\"potentialAction\":[{\"@type\":\"SearchAction\",\"target\":{\"@type\":\"EntryPoint\",\"urlTemplate\":\"https:\\\/\\\/mylovelyrods.com\\\/?s={search_term_string}\"},\"query-input\":{\"@type\":\"PropertyValueSpecification\",\"valueRequired\":true,\"valueName\":\"search_term_string\"}}],\"inLanguage\":\"fr-FR\"},{\"@type\":\"Organization\",\"@id\":\"https:\\\/\\\/mylovelyrods.com\\\/#organization\",\"name\":\"Mylovelyrods\",\"url\":\"https:\\\/\\\/mylovelyrods.com\\\/\",\"logo\":{\"@type\":\"ImageObject\",\"inLanguage\":\"fr-FR\",\"@id\":\"https:\\\/\\\/mylovelyrods.com\\\/#\\\/schema\\\/logo\\\/image\\\/\",\"url\":\"https:\\\/\\\/mylovelyrods.com\\\/wp-content\\\/uploads\\\/2021\\\/01\\\/0001-scaled-e1611186770281.jpg\",\"contentUrl\":\"https:\\\/\\\/mylovelyrods.com\\\/wp-content\\\/uploads\\\/2021\\\/01\\\/0001-scaled-e1611186770281.jpg\",\"width\":2560,\"height\":716,\"caption\":\"Mylovelyrods\"},\"image\":{\"@id\":\"https:\\\/\\\/mylovelyrods.com\\\/#\\\/schema\\\/logo\\\/image\\\/\"},\"sameAs\":[\"https:\\\/\\\/m.facebook.com\\\/people\\\/Mylovelyrods\\\/100062956103344\\\/?locale=fr_FR\",\"https:\\\/\\\/www.instagram.com\\\/mylovelyrods\\\/?hl=fr\"]}]}<\/script>\n<!-- \/ Yoast SEO plugin. -->","yoast_head_json":{"title":"Canne \u00e0 mouche Maxia SX4 9'8\" #2 - 4 - Mylovelyrods","description":"Canne \u00e0 mouche Maxia SX4 9'8\" #2 - 4. Cette canne parfaite pour p\u00eacher en s\u00e8che ou s\u00e8che\/nymphe au pompon ou m\u00eame en nymphe.","robots":{"index":"index","follow":"follow","max-snippet":"max-snippet:-1","max-image-preview":"max-image-preview:large","max-video-preview":"max-video-preview:-1"},"canonical":"https:\/\/mylovelyrods.com\/index.php\/produit\/canne-a-mouche-maxia-sx4-98-2-4\/","og_locale":"fr_FR","og_type":"article","og_title":"Canne \u00e0 mouche Maxia SX4 9'8\" #2 - 4 - Mylovelyrods","og_description":"Canne \u00e0 mouche Maxia SX4 9'8\" #2 - 4. Cette canne parfaite pour p\u00eacher en s\u00e8che ou s\u00e8che\/nymphe au pompon ou m\u00eame en nymphe.","og_url":"https:\/\/mylovelyrods.com\/index.php\/produit\/canne-a-mouche-maxia-sx4-98-2-4\/","og_site_name":"Mylovelyrods","article_publisher":"https:\/\/m.facebook.com\/people\/Mylovelyrods\/100062956103344\/?locale=fr_FR","article_modified_time":"2023-05-21T12:02:37+00:00","og_image":[{"width":1044,"height":2560,"url":"https:\/\/mylovelyrods.com\/wp-content\/uploads\/2022\/02\/20220219_193314-scaled.jpg","type":"image\/jpeg"}],"twitter_card":"summary_large_image","twitter_misc":{"Dur\u00e9e de lecture estim\u00e9e":"2 minutes"},"schema":{"@context":"https:\/\/schema.org","@graph":[{"@type":"WebPage","@id":"https:\/\/mylovelyrods.com\/index.php\/produit\/canne-a-mouche-maxia-sx4-98-2-4\/","url":"https:\/\/mylovelyrods.com\/index.php\/produit\/canne-a-mouche-maxia-sx4-98-2-4\/","name":"Canne \u00e0 mouche Maxia SX4 9'8\" #2 - 4 - Mylovelyrods","isPartOf":{"@id":"https:\/\/mylovelyrods.com\/#website"},"primaryImageOfPage":{"@id":"https:\/\/mylovelyrods.com\/index.php\/produit\/canne-a-mouche-maxia-sx4-98-2-4\/#primaryimage"},"image":{"@id":"https:\/\/mylovelyrods.com\/index.php\/produit\/canne-a-mouche-maxia-sx4-98-2-4\/#primaryimage"},"thumbnailUrl":"https:\/\/i0.wp.com\/mylovelyrods.com\/wp-content\/uploads\/2022\/02\/20220219_193314-scaled.jpg?fit=1044%2C2560&ssl=1","datePublished":"2022-02-19T19:49:47+00:00","dateModified":"2023-05-21T12:02:37+00:00","description":"Canne \u00e0 mouche Maxia SX4 9'8\" #2 - 4. Cette canne parfaite pour p\u00eacher en s\u00e8che ou s\u00e8che\/nymphe au pompon ou m\u00eame en nymphe.","breadcrumb":{"@id":"https:\/\/mylovelyrods.com\/index.php\/produit\/canne-a-mouche-maxia-sx4-98-2-4\/#breadcrumb"},"inLanguage":"fr-FR","potentialAction":[{"@type":"ReadAction","target":["https:\/\/mylovelyrods.com\/index.php\/produit\/canne-a-mouche-maxia-sx4-98-2-4\/"]}]},{"@type":"ImageObject","inLanguage":"fr-FR","@id":"https:\/\/mylovelyrods.com\/index.php\/produit\/canne-a-mouche-maxia-sx4-98-2-4\/#primaryimage","url":"https:\/\/i0.wp.com\/mylovelyrods.com\/wp-content\/uploads\/2022\/02\/20220219_193314-scaled.jpg?fit=1044%2C2560&ssl=1","contentUrl":"https:\/\/i0.wp.com\/mylovelyrods.com\/wp-content\/uploads\/2022\/02\/20220219_193314-scaled.jpg?fit=1044%2C2560&ssl=1","width":1044,"height":2560,"caption":"Canne \u00e0 mouche Maxia SX4 9'8\" #2 - 4. Cette canne parfaite pour p\u00eacher en s\u00e8che ou s\u00e8che\/nymphe au pompon ou m\u00eame en nymphe, elle vous ravira en moyenne et grande riviere!"},{"@type":"BreadcrumbList","@id":"https:\/\/mylovelyrods.com\/index.php\/produit\/canne-a-mouche-maxia-sx4-98-2-4\/#breadcrumb","itemListElement":[{"@type":"ListItem","position":1,"name":"Accueil","item":"https:\/\/mylovelyrods.com\/"},{"@type":"ListItem","position":2,"name":"Produits","item":"https:\/\/mylovelyrods.com\/index.php\/boutique\/"},{"@type":"ListItem","position":3,"name":"Canne \u00e0 mouche Maxia SX4 9&#8217;8&#8243; #2 &#8211; 4"}]},{"@type":"WebSite","@id":"https:\/\/mylovelyrods.com\/#website","url":"https:\/\/mylovelyrods.com\/","name":"Mylovelyrods","description":"Facteur de canne, restaurations, customisations, rodbuilding, mouches, nymphes et petit mat\u00e9riel...","publisher":{"@id":"https:\/\/mylovelyrods.com\/#organization"},"potentialAction":[{"@type":"SearchAction","target":{"@type":"EntryPoint","urlTemplate":"https:\/\/mylovelyrods.com\/?s={search_term_string}"},"query-input":{"@type":"PropertyValueSpecification","valueRequired":true,"valueName":"search_term_string"}}],"inLanguage":"fr-FR"},{"@type":"Organization","@id":"https:\/\/mylovelyrods.com\/#organization","name":"Mylovelyrods","url":"https:\/\/mylovelyrods.com\/","logo":{"@type":"ImageObject","inLanguage":"fr-FR","@id":"https:\/\/mylovelyrods.com\/#\/schema\/logo\/image\/","url":"https:\/\/mylovelyrods.com\/wp-content\/uploads\/2021\/01\/0001-scaled-e1611186770281.jpg","contentUrl":"https:\/\/mylovelyrods.com\/wp-content\/uploads\/2021\/01\/0001-scaled-e1611186770281.jpg","width":2560,"height":716,"caption":"Mylovelyrods"},"image":{"@id":"https:\/\/mylovelyrods.com\/#\/schema\/logo\/image\/"},"sameAs":["https:\/\/m.facebook.com\/people\/Mylovelyrods\/100062956103344\/?locale=fr_FR","https:\/\/www.instagram.com\/mylovelyrods\/?hl=fr"]}]}},"jetpack_sharing_enabled":true,"_links":{"self":[{"href":"https:\/\/mylovelyrods.com\/index.php\/wp-json\/wp\/v2\/product\/1559","targetHints":{"allow":["GET"]}}],"collection":[{"href":"https:\/\/mylovelyrods.com\/index.php\/wp-json\/wp\/v2\/product"}],"about":[{"href":"https:\/\/mylovelyrods.com\/index.php\/wp-json\/wp\/v2\/types\/product"}],"wp:featuredmedia":[{"embeddable":true,"href":"https:\/\/mylovelyrods.com\/index.php\/wp-json\/wp\/v2\/media\/1563"}],"wp:attachment":[{"href":"https:\/\/mylovelyrods.com\/index.php\/wp-json\/wp\/v2\/media?parent=1559"}],"wp:term":[{"taxonomy":"product_brand","embeddable":true,"href":"https:\/\/mylovelyrods.com\/index.php\/wp-json\/wp\/v2\/product_brand?post=1559"},{"taxonomy":"product_cat","embeddable":true,"href":"https:\/\/mylovelyrods.com\/index.php\/wp-json\/wp\/v2\/product_cat?post=1559"},{"taxonomy":"product_tag","embeddable":true,"href":"https:\/\/mylovelyrods.com\/index.php\/wp-json\/wp\/v2\/product_tag?post=1559"}],"curies":[{"name":"wp","href":"https:\/\/api.w.org\/{rel}","templated":true}]}}