{"id":1570,"date":"2022-02-19T21:33:06","date_gmt":"2022-02-19T20:33:06","guid":{"rendered":"https:\/\/mylovelyrods.com\/?post_type=product&#038;p=1570"},"modified":"2023-07-09T00:22:04","modified_gmt":"2023-07-08T22:22:04","slug":"canne-a-mouche-mountain-76-3-4","status":"publish","type":"product","link":"https:\/\/mylovelyrods.com\/index.php\/produit\/canne-a-mouche-mountain-76-3-4\/","title":{"rendered":"Canne \u00e0 mouche \u00ab\u00a0Mountain\u00a0\u00bb 7&rsquo;6&Prime; #3 &#8211; 4"},"content":{"rendered":"<p>Canne \u00e0 mouche \u00ab\u00a0Mountain\u00a0\u00bb 7&rsquo;6&Prime; #3 &#8211; 4 brins. Une petite canne \u00e0 p\u00eache \u00e0 mouche, parfaite pour les petites rivi\u00e8res encombr\u00e9es. Elle est en 4 brins, vous pourrez donc l&#8217;emmener partout!<\/p>\n<p>La poign\u00e9e est faite avec du li\u00e8ge de haute qualit\u00e9, grade FLOR, elle est d\u00e9cor\u00e9e d&rsquo;une petite pyrogravure repr\u00e9sentant nos ch\u00e8res montagnes. Les anneaux sont des anneaux PacBay. Un anneau double patte est plac\u00e9 pr\u00e8s de la poign\u00e9e pour \u00e9viter que la soie ne forme un ventre lorsqu&rsquo;on tient la canne haute. Les ligatures sont de couleur verte. Les ligatures de renforts sont d\u00e9cor\u00e9es de petits sapins. La ligature de l&rsquo;accroche mouche est aussi orn\u00e9e de petits sapins noirs.<\/p>\n<p>Le porte moulinet est ultra l\u00e9ger, en insert li\u00e8ge et une petite bague servira de support pour le moulinet. L&rsquo;insert li\u00e8ge est pyrograv\u00e9 du nom de la canne, ainsi que de \u00ab\u00a0Mylovelyrods\u00a0\u00bb.<\/p>\n<p>Elle est fournie avec une housse en tissu noire en 100% coton compartiment\u00e9e pour chaque brin.<\/p>\n<p>Les mesures techniques protocole \u00ab\u00a0common cents\u00a0\u00bb (dont vous aurez les d\u00e9tails ici: <a href=\"https:\/\/www.truites-et-cie.fr\/article\/materiel\/mouche\/protocole-de-test-des-cannes-mouche\">https:\/\/www.truites-et-cie.fr\/article\/materiel\/mouche\/protocole-de-test-des-cannes-mouche<\/a>) ont r\u00e9v\u00e9l\u00e9:<\/p>\n<p>Pour commencer la canne fait un poids de 54g (poids plume).<\/p>\n<p>Un poids du moulinet \u00e0 l&rsquo;\u00e9quilibre (PME) de 109g.<\/p>\n<p>L&rsquo;Action Angle, il est de 70\u00b0, ainsi cela classe l&rsquo;action de la canne dans la cat\u00e9gorie Fast.<\/p>\n<p>Pour conclure si vous souhaitez plus d&rsquo;informations, n&rsquo;h\u00e9sitez pas \u00e0 me contacter <a href=\"https:\/\/mylovelyrods.com\/index.php\/demande-devis-contact-canne-a-peche-artisanale\/\">ici<\/a>.<\/p>\n<p>Canne \u00e0 mouche \u00ab\u00a0Mountain\u00a0\u00bb 7&rsquo;6&Prime; #3 &#8211; 4 brins dont les couleurs peuvent l\u00e9g\u00e8rement diff\u00e9rer des photos.<\/p>\n<p>Si vous souhaitez me suivre sur les r\u00e9seaux sociaux c&rsquo;est par <a href=\"https:\/\/www.facebook.com\/pages\/category\/Sports\/Mylovelyrods-101775187859974\/\">ici<\/a> et <a href=\"https:\/\/www.instagram.com\/mylovelyrods\/?hl=fr\">l\u00e0<\/a>.<\/p>\n","protected":false},"excerpt":{"rendered":"<p>Canne \u00e0 mouche \u00ab\u00a0Mountain\u00a0\u00bb 7&rsquo;6&Prime; #3 &#8211; 4 brins. Une petite canne \u00e0 p\u00eache \u00e0 mouche, parfaite pour les petites rivi\u00e8res encombr\u00e9es. Elle est en 4 brins, vous pourrez donc l&#8217;emmener partout!<\/p>\n<p>La poign\u00e9e est faite avec du li\u00e8ge de haute qualit\u00e9, grade FLOR, elle est d\u00e9cor\u00e9e d&rsquo;une petite pyrogravure repr\u00e9sentant nos ch\u00e8res montagnes. Les anneaux sont des anneaux PacBay. Un anneau double patte est plac\u00e9 pr\u00e8s de la poign\u00e9e pour \u00e9viter que la soie ne forme un ventre lorsqu&rsquo;on tient la canne haute. Les ligatures sont de couleur verte. Les ligatures de renforts sont d\u00e9cor\u00e9es de petits sapins. La ligature de l&rsquo;accroche mouche est aussi orn\u00e9e de petits sapins noirs.<\/p>\n<p>Le porte moulinet est ultra l\u00e9ger, en insert li\u00e8ge et une petite bague servira de support pour le moulinet. L&rsquo;insert li\u00e8ge est pyrograv\u00e9 du nom de la canne, ainsi que de \u00ab\u00a0Mylovelyrods\u00a0\u00bb.<\/p>\n<p>Elle est fournie avec une housse en tissu noire en 100% coton compartiment\u00e9e pour chaque brin.<\/p>\n<p>Les mesures techniques protocole \u00ab\u00a0common cents\u00a0\u00bb (dont vous aurez les d\u00e9tails ici: <a href=\"https:\/\/www.truites-et-cie.fr\/article\/materiel\/mouche\/protocole-de-test-des-cannes-mouche\">https:\/\/www.truites-et-cie.fr\/article\/materiel\/mouche\/protocole-de-test-des-cannes-mouche<\/a>) ont r\u00e9v\u00e9l\u00e9:<\/p>\n<p>Pour commencer la canne fait un poids de 54g (poids plume).<\/p>\n<p>Un poids du moulinet \u00e0 l&rsquo;\u00e9quilibre (PME) de 109g.<\/p>\n<p>L&rsquo;Action Angle, il est de 70\u00b0, ainsi cela classe l&rsquo;action de la canne dans la cat\u00e9gorie Fast.<\/p>\n<p>Pour conclure si vous souhaitez plus d&rsquo;informations, n&rsquo;h\u00e9sitez pas \u00e0 me contacter <a href=\"https:\/\/mylovelyrods.com\/index.php\/demande-devis-contact-canne-a-peche-artisanale\/\">ici<\/a>.<\/p>\n<p>Canne \u00e0 mouche \u00ab\u00a0Mountain\u00a0\u00bb 7&rsquo;6&Prime; #3 &#8211; 4 brins dont les couleurs peuvent l\u00e9g\u00e8rement diff\u00e9rer des photos.<\/p>\n<p>Si vous souhaitez me suivre sur les r\u00e9seaux sociaux c&rsquo;est par <a href=\"https:\/\/www.facebook.com\/pages\/category\/Sports\/Mylovelyrods-101775187859974\/\">ici<\/a> et <a href=\"https:\/\/www.instagram.com\/mylovelyrods\/?hl=fr\">l\u00e0<\/a>.<\/p>\n","protected":false},"featured_media":1574,"template":"","meta":{"jetpack_post_was_ever_published":false,"_glsr_average":0,"_glsr_ranking":0,"_glsr_reviews":0},"product_brand":[],"product_cat":[28],"product_tag":[],"class_list":{"0":"post-1570","1":"product","2":"type-product","3":"status-publish","4":"has-post-thumbnail","6":"product_cat-cannes-disponibles","8":"first","9":"outofstock","10":"shipping-taxable","11":"purchasable","12":"product-type-simple"},"yoast_head":"<!-- This site is optimized with the Yoast SEO plugin v27.4 - https:\/\/yoast.com\/product\/yoast-seo-wordpress\/ -->\n<title>Canne \u00e0 mouche &quot;Mountain&quot; 7&#039;6&quot; #3 - 4 - Mylovelyrods<\/title>\n<meta name=\"description\" content=\"Canne \u00e0 mouche &quot;Mountain&quot; 7&#039;6&quot; #3 - 4 brins. Une petite canne \u00e0 p\u00eache \u00e0 mouche, parfaite pour les petites rivi\u00e8res encombr\u00e9es.\" \/>\n<meta name=\"robots\" content=\"index, follow, max-snippet:-1, max-image-preview:large, max-video-preview:-1\" \/>\n<link rel=\"canonical\" href=\"https:\/\/mylovelyrods.com\/index.php\/produit\/canne-a-mouche-mountain-76-3-4\/\" \/>\n<meta property=\"og:locale\" content=\"fr_FR\" \/>\n<meta property=\"og:type\" content=\"article\" \/>\n<meta property=\"og:title\" content=\"Canne \u00e0 mouche &quot;Mountain&quot; 7&#039;6&quot; #3 - 4 - Mylovelyrods\" \/>\n<meta property=\"og:description\" content=\"Canne \u00e0 mouche &quot;Mountain&quot; 7&#039;6&quot; #3 - 4 brins. Une petite canne \u00e0 p\u00eache \u00e0 mouche, parfaite pour les petites rivi\u00e8res encombr\u00e9es.\" \/>\n<meta property=\"og:url\" content=\"https:\/\/mylovelyrods.com\/index.php\/produit\/canne-a-mouche-mountain-76-3-4\/\" \/>\n<meta property=\"og:site_name\" content=\"Mylovelyrods\" \/>\n<meta property=\"article:publisher\" content=\"https:\/\/m.facebook.com\/people\/Mylovelyrods\/100062956103344\/?locale=fr_FR\" \/>\n<meta property=\"article:modified_time\" content=\"2023-07-08T22:22:04+00:00\" \/>\n<meta property=\"og:image\" content=\"https:\/\/mylovelyrods.com\/wp-content\/uploads\/2022\/02\/20220219_192232-scaled.jpg\" \/>\n\t<meta property=\"og:image:width\" content=\"1304\" \/>\n\t<meta property=\"og:image:height\" content=\"2560\" \/>\n\t<meta property=\"og:image:type\" content=\"image\/jpeg\" \/>\n<meta name=\"twitter:card\" content=\"summary_large_image\" \/>\n<meta name=\"twitter:label1\" content=\"Dur\u00e9e de lecture estim\u00e9e\" \/>\n\t<meta name=\"twitter:data1\" content=\"2 minutes\" \/>\n<script type=\"application\/ld+json\" class=\"yoast-schema-graph\">{\"@context\":\"https:\\\/\\\/schema.org\",\"@graph\":[{\"@type\":\"WebPage\",\"@id\":\"https:\\\/\\\/mylovelyrods.com\\\/index.php\\\/produit\\\/canne-a-mouche-mountain-76-3-4\\\/\",\"url\":\"https:\\\/\\\/mylovelyrods.com\\\/index.php\\\/produit\\\/canne-a-mouche-mountain-76-3-4\\\/\",\"name\":\"Canne \u00e0 mouche \\\"Mountain\\\" 7'6\\\" #3 - 4 - Mylovelyrods\",\"isPartOf\":{\"@id\":\"https:\\\/\\\/mylovelyrods.com\\\/#website\"},\"primaryImageOfPage\":{\"@id\":\"https:\\\/\\\/mylovelyrods.com\\\/index.php\\\/produit\\\/canne-a-mouche-mountain-76-3-4\\\/#primaryimage\"},\"image\":{\"@id\":\"https:\\\/\\\/mylovelyrods.com\\\/index.php\\\/produit\\\/canne-a-mouche-mountain-76-3-4\\\/#primaryimage\"},\"thumbnailUrl\":\"https:\\\/\\\/i0.wp.com\\\/mylovelyrods.com\\\/wp-content\\\/uploads\\\/2022\\\/02\\\/20220219_192232-scaled.jpg?fit=1304%2C2560&ssl=1\",\"datePublished\":\"2022-02-19T20:33:06+00:00\",\"dateModified\":\"2023-07-08T22:22:04+00:00\",\"description\":\"Canne \u00e0 mouche \\\"Mountain\\\" 7'6\\\" #3 - 4 brins. Une petite canne \u00e0 p\u00eache \u00e0 mouche, parfaite pour les petites rivi\u00e8res encombr\u00e9es.\",\"breadcrumb\":{\"@id\":\"https:\\\/\\\/mylovelyrods.com\\\/index.php\\\/produit\\\/canne-a-mouche-mountain-76-3-4\\\/#breadcrumb\"},\"inLanguage\":\"fr-FR\",\"potentialAction\":[{\"@type\":\"ReadAction\",\"target\":[\"https:\\\/\\\/mylovelyrods.com\\\/index.php\\\/produit\\\/canne-a-mouche-mountain-76-3-4\\\/\"]}]},{\"@type\":\"ImageObject\",\"inLanguage\":\"fr-FR\",\"@id\":\"https:\\\/\\\/mylovelyrods.com\\\/index.php\\\/produit\\\/canne-a-mouche-mountain-76-3-4\\\/#primaryimage\",\"url\":\"https:\\\/\\\/i0.wp.com\\\/mylovelyrods.com\\\/wp-content\\\/uploads\\\/2022\\\/02\\\/20220219_192232-scaled.jpg?fit=1304%2C2560&ssl=1\",\"contentUrl\":\"https:\\\/\\\/i0.wp.com\\\/mylovelyrods.com\\\/wp-content\\\/uploads\\\/2022\\\/02\\\/20220219_192232-scaled.jpg?fit=1304%2C2560&ssl=1\",\"width\":1304,\"height\":2560,\"caption\":\"Canne \u00e0 mouche \\\"Mountain\\\" 7'6\\\" #3 - 4 brins. Une petite canne \u00e0 p\u00eache \u00e0 mouche, parfaite pour les petites rivi\u00e8res encombr\u00e9es. Elle est en 4 brins, vous pourrez donc l'emmener partout!\"},{\"@type\":\"BreadcrumbList\",\"@id\":\"https:\\\/\\\/mylovelyrods.com\\\/index.php\\\/produit\\\/canne-a-mouche-mountain-76-3-4\\\/#breadcrumb\",\"itemListElement\":[{\"@type\":\"ListItem\",\"position\":1,\"name\":\"Accueil\",\"item\":\"https:\\\/\\\/mylovelyrods.com\\\/\"},{\"@type\":\"ListItem\",\"position\":2,\"name\":\"Produits\",\"item\":\"https:\\\/\\\/mylovelyrods.com\\\/index.php\\\/boutique\\\/\"},{\"@type\":\"ListItem\",\"position\":3,\"name\":\"Canne \u00e0 mouche &#8220;Mountain&#8221; 7&#8217;6&#8243; #3 &#8211; 4\"}]},{\"@type\":\"WebSite\",\"@id\":\"https:\\\/\\\/mylovelyrods.com\\\/#website\",\"url\":\"https:\\\/\\\/mylovelyrods.com\\\/\",\"name\":\"Mylovelyrods\",\"description\":\"Facteur de canne, restaurations, customisations, rodbuilding, mouches, nymphes et petit mat\u00e9riel...\",\"publisher\":{\"@id\":\"https:\\\/\\\/mylovelyrods.com\\\/#organization\"},\"potentialAction\":[{\"@type\":\"SearchAction\",\"target\":{\"@type\":\"EntryPoint\",\"urlTemplate\":\"https:\\\/\\\/mylovelyrods.com\\\/?s={search_term_string}\"},\"query-input\":{\"@type\":\"PropertyValueSpecification\",\"valueRequired\":true,\"valueName\":\"search_term_string\"}}],\"inLanguage\":\"fr-FR\"},{\"@type\":\"Organization\",\"@id\":\"https:\\\/\\\/mylovelyrods.com\\\/#organization\",\"name\":\"Mylovelyrods\",\"url\":\"https:\\\/\\\/mylovelyrods.com\\\/\",\"logo\":{\"@type\":\"ImageObject\",\"inLanguage\":\"fr-FR\",\"@id\":\"https:\\\/\\\/mylovelyrods.com\\\/#\\\/schema\\\/logo\\\/image\\\/\",\"url\":\"https:\\\/\\\/mylovelyrods.com\\\/wp-content\\\/uploads\\\/2021\\\/01\\\/0001-scaled-e1611186770281.jpg\",\"contentUrl\":\"https:\\\/\\\/mylovelyrods.com\\\/wp-content\\\/uploads\\\/2021\\\/01\\\/0001-scaled-e1611186770281.jpg\",\"width\":2560,\"height\":716,\"caption\":\"Mylovelyrods\"},\"image\":{\"@id\":\"https:\\\/\\\/mylovelyrods.com\\\/#\\\/schema\\\/logo\\\/image\\\/\"},\"sameAs\":[\"https:\\\/\\\/m.facebook.com\\\/people\\\/Mylovelyrods\\\/100062956103344\\\/?locale=fr_FR\",\"https:\\\/\\\/www.instagram.com\\\/mylovelyrods\\\/?hl=fr\"]}]}<\/script>\n<!-- \/ Yoast SEO plugin. -->","yoast_head_json":{"title":"Canne \u00e0 mouche \"Mountain\" 7'6\" #3 - 4 - Mylovelyrods","description":"Canne \u00e0 mouche \"Mountain\" 7'6\" #3 - 4 brins. Une petite canne \u00e0 p\u00eache \u00e0 mouche, parfaite pour les petites rivi\u00e8res encombr\u00e9es.","robots":{"index":"index","follow":"follow","max-snippet":"max-snippet:-1","max-image-preview":"max-image-preview:large","max-video-preview":"max-video-preview:-1"},"canonical":"https:\/\/mylovelyrods.com\/index.php\/produit\/canne-a-mouche-mountain-76-3-4\/","og_locale":"fr_FR","og_type":"article","og_title":"Canne \u00e0 mouche \"Mountain\" 7'6\" #3 - 4 - Mylovelyrods","og_description":"Canne \u00e0 mouche \"Mountain\" 7'6\" #3 - 4 brins. Une petite canne \u00e0 p\u00eache \u00e0 mouche, parfaite pour les petites rivi\u00e8res encombr\u00e9es.","og_url":"https:\/\/mylovelyrods.com\/index.php\/produit\/canne-a-mouche-mountain-76-3-4\/","og_site_name":"Mylovelyrods","article_publisher":"https:\/\/m.facebook.com\/people\/Mylovelyrods\/100062956103344\/?locale=fr_FR","article_modified_time":"2023-07-08T22:22:04+00:00","og_image":[{"width":1304,"height":2560,"url":"https:\/\/mylovelyrods.com\/wp-content\/uploads\/2022\/02\/20220219_192232-scaled.jpg","type":"image\/jpeg"}],"twitter_card":"summary_large_image","twitter_misc":{"Dur\u00e9e de lecture estim\u00e9e":"2 minutes"},"schema":{"@context":"https:\/\/schema.org","@graph":[{"@type":"WebPage","@id":"https:\/\/mylovelyrods.com\/index.php\/produit\/canne-a-mouche-mountain-76-3-4\/","url":"https:\/\/mylovelyrods.com\/index.php\/produit\/canne-a-mouche-mountain-76-3-4\/","name":"Canne \u00e0 mouche \"Mountain\" 7'6\" #3 - 4 - Mylovelyrods","isPartOf":{"@id":"https:\/\/mylovelyrods.com\/#website"},"primaryImageOfPage":{"@id":"https:\/\/mylovelyrods.com\/index.php\/produit\/canne-a-mouche-mountain-76-3-4\/#primaryimage"},"image":{"@id":"https:\/\/mylovelyrods.com\/index.php\/produit\/canne-a-mouche-mountain-76-3-4\/#primaryimage"},"thumbnailUrl":"https:\/\/i0.wp.com\/mylovelyrods.com\/wp-content\/uploads\/2022\/02\/20220219_192232-scaled.jpg?fit=1304%2C2560&ssl=1","datePublished":"2022-02-19T20:33:06+00:00","dateModified":"2023-07-08T22:22:04+00:00","description":"Canne \u00e0 mouche \"Mountain\" 7'6\" #3 - 4 brins. Une petite canne \u00e0 p\u00eache \u00e0 mouche, parfaite pour les petites rivi\u00e8res encombr\u00e9es.","breadcrumb":{"@id":"https:\/\/mylovelyrods.com\/index.php\/produit\/canne-a-mouche-mountain-76-3-4\/#breadcrumb"},"inLanguage":"fr-FR","potentialAction":[{"@type":"ReadAction","target":["https:\/\/mylovelyrods.com\/index.php\/produit\/canne-a-mouche-mountain-76-3-4\/"]}]},{"@type":"ImageObject","inLanguage":"fr-FR","@id":"https:\/\/mylovelyrods.com\/index.php\/produit\/canne-a-mouche-mountain-76-3-4\/#primaryimage","url":"https:\/\/i0.wp.com\/mylovelyrods.com\/wp-content\/uploads\/2022\/02\/20220219_192232-scaled.jpg?fit=1304%2C2560&ssl=1","contentUrl":"https:\/\/i0.wp.com\/mylovelyrods.com\/wp-content\/uploads\/2022\/02\/20220219_192232-scaled.jpg?fit=1304%2C2560&ssl=1","width":1304,"height":2560,"caption":"Canne \u00e0 mouche \"Mountain\" 7'6\" #3 - 4 brins. Une petite canne \u00e0 p\u00eache \u00e0 mouche, parfaite pour les petites rivi\u00e8res encombr\u00e9es. Elle est en 4 brins, vous pourrez donc l'emmener partout!"},{"@type":"BreadcrumbList","@id":"https:\/\/mylovelyrods.com\/index.php\/produit\/canne-a-mouche-mountain-76-3-4\/#breadcrumb","itemListElement":[{"@type":"ListItem","position":1,"name":"Accueil","item":"https:\/\/mylovelyrods.com\/"},{"@type":"ListItem","position":2,"name":"Produits","item":"https:\/\/mylovelyrods.com\/index.php\/boutique\/"},{"@type":"ListItem","position":3,"name":"Canne \u00e0 mouche &#8220;Mountain&#8221; 7&#8217;6&#8243; #3 &#8211; 4"}]},{"@type":"WebSite","@id":"https:\/\/mylovelyrods.com\/#website","url":"https:\/\/mylovelyrods.com\/","name":"Mylovelyrods","description":"Facteur de canne, restaurations, customisations, rodbuilding, mouches, nymphes et petit mat\u00e9riel...","publisher":{"@id":"https:\/\/mylovelyrods.com\/#organization"},"potentialAction":[{"@type":"SearchAction","target":{"@type":"EntryPoint","urlTemplate":"https:\/\/mylovelyrods.com\/?s={search_term_string}"},"query-input":{"@type":"PropertyValueSpecification","valueRequired":true,"valueName":"search_term_string"}}],"inLanguage":"fr-FR"},{"@type":"Organization","@id":"https:\/\/mylovelyrods.com\/#organization","name":"Mylovelyrods","url":"https:\/\/mylovelyrods.com\/","logo":{"@type":"ImageObject","inLanguage":"fr-FR","@id":"https:\/\/mylovelyrods.com\/#\/schema\/logo\/image\/","url":"https:\/\/mylovelyrods.com\/wp-content\/uploads\/2021\/01\/0001-scaled-e1611186770281.jpg","contentUrl":"https:\/\/mylovelyrods.com\/wp-content\/uploads\/2021\/01\/0001-scaled-e1611186770281.jpg","width":2560,"height":716,"caption":"Mylovelyrods"},"image":{"@id":"https:\/\/mylovelyrods.com\/#\/schema\/logo\/image\/"},"sameAs":["https:\/\/m.facebook.com\/people\/Mylovelyrods\/100062956103344\/?locale=fr_FR","https:\/\/www.instagram.com\/mylovelyrods\/?hl=fr"]}]}},"jetpack_sharing_enabled":true,"_links":{"self":[{"href":"https:\/\/mylovelyrods.com\/index.php\/wp-json\/wp\/v2\/product\/1570","targetHints":{"allow":["GET"]}}],"collection":[{"href":"https:\/\/mylovelyrods.com\/index.php\/wp-json\/wp\/v2\/product"}],"about":[{"href":"https:\/\/mylovelyrods.com\/index.php\/wp-json\/wp\/v2\/types\/product"}],"wp:featuredmedia":[{"embeddable":true,"href":"https:\/\/mylovelyrods.com\/index.php\/wp-json\/wp\/v2\/media\/1574"}],"wp:attachment":[{"href":"https:\/\/mylovelyrods.com\/index.php\/wp-json\/wp\/v2\/media?parent=1570"}],"wp:term":[{"taxonomy":"product_brand","embeddable":true,"href":"https:\/\/mylovelyrods.com\/index.php\/wp-json\/wp\/v2\/product_brand?post=1570"},{"taxonomy":"product_cat","embeddable":true,"href":"https:\/\/mylovelyrods.com\/index.php\/wp-json\/wp\/v2\/product_cat?post=1570"},{"taxonomy":"product_tag","embeddable":true,"href":"https:\/\/mylovelyrods.com\/index.php\/wp-json\/wp\/v2\/product_tag?post=1570"}],"curies":[{"name":"wp","href":"https:\/\/api.w.org\/{rel}","templated":true}]}}