{"id":1618,"date":"2022-03-07T21:09:57","date_gmt":"2022-03-07T20:09:57","guid":{"rendered":"https:\/\/mylovelyrods.com\/?post_type=product&#038;p=1618"},"modified":"2026-02-08T10:59:41","modified_gmt":"2026-02-08T09:59:41","slug":"fil-a-ligaturer-bleu","status":"publish","type":"product","link":"https:\/\/mylovelyrods.com\/index.php\/produit\/fil-a-ligaturer-bleu\/","title":{"rendered":"Fil \u00e0 ligaturer bleu"},"content":{"rendered":"<p>Fil \u00e0 ligaturer bleu, de taille A. (Taille A est la plus petite, taille B plus grosse&#8230;. etc&#8230;)<\/p>\n<p>Ce fil est simple d&rsquo;utilisation, il ne n\u00e9cessite aucun produit, il ne n\u00e9cessite pas de pr\u00e9servateur de couleur.<br \/>\nVous aurez un aper\u00e7u de sa couleur sur les ligatures de renforts de la canne <a href=\"https:\/\/mylovelyrods.com\/index.php\/produit\/canne-a-mouche-10-la-vasque\/\">\u00ab\u00a0La Vasque\u00a0\u00bb<\/a>.<\/p>\n","protected":false},"excerpt":{"rendered":"<p>Fil \u00e0 ligaturer bleu, de taille A. (Taille A est la plus petite, taille B plus grosse&#8230;. etc&#8230;)<\/p>\n<p>Ce fil est simple d&rsquo;utilisation, il ne n\u00e9cessite aucun produit, il ne n\u00e9cessite pas de pr\u00e9servateur de couleur.<br \/>\nVous aurez un aper\u00e7u de sa couleur sur les ligatures de renforts de la canne <a href=\"https:\/\/mylovelyrods.com\/index.php\/produit\/canne-a-mouche-10-la-vasque\/\">\u00ab\u00a0La Vasque\u00a0\u00bb<\/a>.<\/p>\n","protected":false},"featured_media":1674,"template":"","meta":{"jetpack_post_was_ever_published":false,"_glsr_average":0,"_glsr_ranking":0,"_glsr_reviews":0},"product_brand":[],"product_cat":[56,43],"product_tag":[],"class_list":{"0":"post-1618","1":"product","2":"type-product","3":"status-publish","4":"has-post-thumbnail","6":"product_cat-fil-a-ligature","7":"product_cat-rodbuilding-montage-de-canne","9":"first","10":"instock","11":"shipping-taxable","12":"purchasable","13":"product-type-simple"},"yoast_head":"<!-- This site is optimized with the Yoast SEO plugin v27.4 - https:\/\/yoast.com\/product\/yoast-seo-wordpress\/ -->\n<title>Fil \u00e0 ligaturer bleu - Mylovelyrods<\/title>\n<meta name=\"robots\" content=\"index, follow, max-snippet:-1, max-image-preview:large, max-video-preview:-1\" \/>\n<link rel=\"canonical\" href=\"https:\/\/mylovelyrods.com\/index.php\/produit\/fil-a-ligaturer-bleu\/\" \/>\n<meta property=\"og:locale\" content=\"fr_FR\" \/>\n<meta property=\"og:type\" content=\"article\" \/>\n<meta property=\"og:title\" content=\"Fil \u00e0 ligaturer bleu - Mylovelyrods\" \/>\n<meta property=\"og:description\" content=\"Fil \u00e0 ligaturer bleu, de taille A. (Taille A est la plus petite, taille B plus grosse.... etc...)  Ce fil est simple d&#039;utilisation, il ne n\u00e9cessite aucun produit, il ne n\u00e9cessite pas de pr\u00e9servateur de couleur. Vous aurez un aper\u00e7u de sa couleur sur les ligatures de renforts de la canne &quot;La Vasque&quot;.\" \/>\n<meta property=\"og:url\" content=\"https:\/\/mylovelyrods.com\/index.php\/produit\/fil-a-ligaturer-bleu\/\" \/>\n<meta property=\"og:site_name\" content=\"Mylovelyrods\" \/>\n<meta property=\"article:publisher\" content=\"https:\/\/m.facebook.com\/people\/Mylovelyrods\/100062956103344\/?locale=fr_FR\" \/>\n<meta property=\"article:modified_time\" content=\"2026-02-08T09:59:41+00:00\" \/>\n<meta property=\"og:image\" content=\"https:\/\/mylovelyrods.com\/wp-content\/uploads\/2022\/03\/20220307_1554561.jpg\" \/>\n\t<meta property=\"og:image:width\" content=\"1908\" \/>\n\t<meta property=\"og:image:height\" content=\"2545\" \/>\n\t<meta property=\"og:image:type\" content=\"image\/jpeg\" \/>\n<meta name=\"twitter:card\" content=\"summary_large_image\" \/>\n<script type=\"application\/ld+json\" class=\"yoast-schema-graph\">{\"@context\":\"https:\\\/\\\/schema.org\",\"@graph\":[{\"@type\":\"WebPage\",\"@id\":\"https:\\\/\\\/mylovelyrods.com\\\/index.php\\\/produit\\\/fil-a-ligaturer-bleu\\\/\",\"url\":\"https:\\\/\\\/mylovelyrods.com\\\/index.php\\\/produit\\\/fil-a-ligaturer-bleu\\\/\",\"name\":\"Fil \u00e0 ligaturer bleu - Mylovelyrods\",\"isPartOf\":{\"@id\":\"https:\\\/\\\/mylovelyrods.com\\\/#website\"},\"primaryImageOfPage\":{\"@id\":\"https:\\\/\\\/mylovelyrods.com\\\/index.php\\\/produit\\\/fil-a-ligaturer-bleu\\\/#primaryimage\"},\"image\":{\"@id\":\"https:\\\/\\\/mylovelyrods.com\\\/index.php\\\/produit\\\/fil-a-ligaturer-bleu\\\/#primaryimage\"},\"thumbnailUrl\":\"https:\\\/\\\/i0.wp.com\\\/mylovelyrods.com\\\/wp-content\\\/uploads\\\/2022\\\/03\\\/20220307_1554561.jpg?fit=1908%2C2545&ssl=1\",\"datePublished\":\"2022-03-07T20:09:57+00:00\",\"dateModified\":\"2026-02-08T09:59:41+00:00\",\"breadcrumb\":{\"@id\":\"https:\\\/\\\/mylovelyrods.com\\\/index.php\\\/produit\\\/fil-a-ligaturer-bleu\\\/#breadcrumb\"},\"inLanguage\":\"fr-FR\",\"potentialAction\":[{\"@type\":\"ReadAction\",\"target\":[\"https:\\\/\\\/mylovelyrods.com\\\/index.php\\\/produit\\\/fil-a-ligaturer-bleu\\\/\"]}]},{\"@type\":\"ImageObject\",\"inLanguage\":\"fr-FR\",\"@id\":\"https:\\\/\\\/mylovelyrods.com\\\/index.php\\\/produit\\\/fil-a-ligaturer-bleu\\\/#primaryimage\",\"url\":\"https:\\\/\\\/i0.wp.com\\\/mylovelyrods.com\\\/wp-content\\\/uploads\\\/2022\\\/03\\\/20220307_1554561.jpg?fit=1908%2C2545&ssl=1\",\"contentUrl\":\"https:\\\/\\\/i0.wp.com\\\/mylovelyrods.com\\\/wp-content\\\/uploads\\\/2022\\\/03\\\/20220307_1554561.jpg?fit=1908%2C2545&ssl=1\",\"width\":1908,\"height\":2545,\"caption\":\"Fil \u00e0 ligaturer bleu, de taille A. (Taille A est la plus petite, taille B plus grosse.... etc...) Ce fil est simple d'utilisation, il ne n\u00e9cessite aucun produit, il ne n\u00e9cessite pas de pr\u00e9servateur de couleur.\"},{\"@type\":\"BreadcrumbList\",\"@id\":\"https:\\\/\\\/mylovelyrods.com\\\/index.php\\\/produit\\\/fil-a-ligaturer-bleu\\\/#breadcrumb\",\"itemListElement\":[{\"@type\":\"ListItem\",\"position\":1,\"name\":\"Accueil\",\"item\":\"https:\\\/\\\/mylovelyrods.com\\\/\"},{\"@type\":\"ListItem\",\"position\":2,\"name\":\"Produits\",\"item\":\"https:\\\/\\\/mylovelyrods.com\\\/index.php\\\/boutique\\\/\"},{\"@type\":\"ListItem\",\"position\":3,\"name\":\"Fil \u00e0 ligaturer bleu\"}]},{\"@type\":\"WebSite\",\"@id\":\"https:\\\/\\\/mylovelyrods.com\\\/#website\",\"url\":\"https:\\\/\\\/mylovelyrods.com\\\/\",\"name\":\"Mylovelyrods\",\"description\":\"Facteur de canne, restaurations, customisations, rodbuilding, mouches, nymphes et petit mat\u00e9riel...\",\"publisher\":{\"@id\":\"https:\\\/\\\/mylovelyrods.com\\\/#organization\"},\"potentialAction\":[{\"@type\":\"SearchAction\",\"target\":{\"@type\":\"EntryPoint\",\"urlTemplate\":\"https:\\\/\\\/mylovelyrods.com\\\/?s={search_term_string}\"},\"query-input\":{\"@type\":\"PropertyValueSpecification\",\"valueRequired\":true,\"valueName\":\"search_term_string\"}}],\"inLanguage\":\"fr-FR\"},{\"@type\":\"Organization\",\"@id\":\"https:\\\/\\\/mylovelyrods.com\\\/#organization\",\"name\":\"Mylovelyrods\",\"url\":\"https:\\\/\\\/mylovelyrods.com\\\/\",\"logo\":{\"@type\":\"ImageObject\",\"inLanguage\":\"fr-FR\",\"@id\":\"https:\\\/\\\/mylovelyrods.com\\\/#\\\/schema\\\/logo\\\/image\\\/\",\"url\":\"https:\\\/\\\/mylovelyrods.com\\\/wp-content\\\/uploads\\\/2021\\\/01\\\/0001-scaled-e1611186770281.jpg\",\"contentUrl\":\"https:\\\/\\\/mylovelyrods.com\\\/wp-content\\\/uploads\\\/2021\\\/01\\\/0001-scaled-e1611186770281.jpg\",\"width\":2560,\"height\":716,\"caption\":\"Mylovelyrods\"},\"image\":{\"@id\":\"https:\\\/\\\/mylovelyrods.com\\\/#\\\/schema\\\/logo\\\/image\\\/\"},\"sameAs\":[\"https:\\\/\\\/m.facebook.com\\\/people\\\/Mylovelyrods\\\/100062956103344\\\/?locale=fr_FR\",\"https:\\\/\\\/www.instagram.com\\\/mylovelyrods\\\/?hl=fr\"]}]}<\/script>\n<!-- \/ Yoast SEO plugin. -->","yoast_head_json":{"title":"Fil \u00e0 ligaturer bleu - Mylovelyrods","robots":{"index":"index","follow":"follow","max-snippet":"max-snippet:-1","max-image-preview":"max-image-preview:large","max-video-preview":"max-video-preview:-1"},"canonical":"https:\/\/mylovelyrods.com\/index.php\/produit\/fil-a-ligaturer-bleu\/","og_locale":"fr_FR","og_type":"article","og_title":"Fil \u00e0 ligaturer bleu - Mylovelyrods","og_description":"Fil \u00e0 ligaturer bleu, de taille A. (Taille A est la plus petite, taille B plus grosse.... etc...)  Ce fil est simple d'utilisation, il ne n\u00e9cessite aucun produit, il ne n\u00e9cessite pas de pr\u00e9servateur de couleur. Vous aurez un aper\u00e7u de sa couleur sur les ligatures de renforts de la canne \"La Vasque\".","og_url":"https:\/\/mylovelyrods.com\/index.php\/produit\/fil-a-ligaturer-bleu\/","og_site_name":"Mylovelyrods","article_publisher":"https:\/\/m.facebook.com\/people\/Mylovelyrods\/100062956103344\/?locale=fr_FR","article_modified_time":"2026-02-08T09:59:41+00:00","og_image":[{"width":1908,"height":2545,"url":"https:\/\/mylovelyrods.com\/wp-content\/uploads\/2022\/03\/20220307_1554561.jpg","type":"image\/jpeg"}],"twitter_card":"summary_large_image","schema":{"@context":"https:\/\/schema.org","@graph":[{"@type":"WebPage","@id":"https:\/\/mylovelyrods.com\/index.php\/produit\/fil-a-ligaturer-bleu\/","url":"https:\/\/mylovelyrods.com\/index.php\/produit\/fil-a-ligaturer-bleu\/","name":"Fil \u00e0 ligaturer bleu - Mylovelyrods","isPartOf":{"@id":"https:\/\/mylovelyrods.com\/#website"},"primaryImageOfPage":{"@id":"https:\/\/mylovelyrods.com\/index.php\/produit\/fil-a-ligaturer-bleu\/#primaryimage"},"image":{"@id":"https:\/\/mylovelyrods.com\/index.php\/produit\/fil-a-ligaturer-bleu\/#primaryimage"},"thumbnailUrl":"https:\/\/i0.wp.com\/mylovelyrods.com\/wp-content\/uploads\/2022\/03\/20220307_1554561.jpg?fit=1908%2C2545&ssl=1","datePublished":"2022-03-07T20:09:57+00:00","dateModified":"2026-02-08T09:59:41+00:00","breadcrumb":{"@id":"https:\/\/mylovelyrods.com\/index.php\/produit\/fil-a-ligaturer-bleu\/#breadcrumb"},"inLanguage":"fr-FR","potentialAction":[{"@type":"ReadAction","target":["https:\/\/mylovelyrods.com\/index.php\/produit\/fil-a-ligaturer-bleu\/"]}]},{"@type":"ImageObject","inLanguage":"fr-FR","@id":"https:\/\/mylovelyrods.com\/index.php\/produit\/fil-a-ligaturer-bleu\/#primaryimage","url":"https:\/\/i0.wp.com\/mylovelyrods.com\/wp-content\/uploads\/2022\/03\/20220307_1554561.jpg?fit=1908%2C2545&ssl=1","contentUrl":"https:\/\/i0.wp.com\/mylovelyrods.com\/wp-content\/uploads\/2022\/03\/20220307_1554561.jpg?fit=1908%2C2545&ssl=1","width":1908,"height":2545,"caption":"Fil \u00e0 ligaturer bleu, de taille A. (Taille A est la plus petite, taille B plus grosse.... etc...) Ce fil est simple d'utilisation, il ne n\u00e9cessite aucun produit, il ne n\u00e9cessite pas de pr\u00e9servateur de couleur."},{"@type":"BreadcrumbList","@id":"https:\/\/mylovelyrods.com\/index.php\/produit\/fil-a-ligaturer-bleu\/#breadcrumb","itemListElement":[{"@type":"ListItem","position":1,"name":"Accueil","item":"https:\/\/mylovelyrods.com\/"},{"@type":"ListItem","position":2,"name":"Produits","item":"https:\/\/mylovelyrods.com\/index.php\/boutique\/"},{"@type":"ListItem","position":3,"name":"Fil \u00e0 ligaturer bleu"}]},{"@type":"WebSite","@id":"https:\/\/mylovelyrods.com\/#website","url":"https:\/\/mylovelyrods.com\/","name":"Mylovelyrods","description":"Facteur de canne, restaurations, customisations, rodbuilding, mouches, nymphes et petit mat\u00e9riel...","publisher":{"@id":"https:\/\/mylovelyrods.com\/#organization"},"potentialAction":[{"@type":"SearchAction","target":{"@type":"EntryPoint","urlTemplate":"https:\/\/mylovelyrods.com\/?s={search_term_string}"},"query-input":{"@type":"PropertyValueSpecification","valueRequired":true,"valueName":"search_term_string"}}],"inLanguage":"fr-FR"},{"@type":"Organization","@id":"https:\/\/mylovelyrods.com\/#organization","name":"Mylovelyrods","url":"https:\/\/mylovelyrods.com\/","logo":{"@type":"ImageObject","inLanguage":"fr-FR","@id":"https:\/\/mylovelyrods.com\/#\/schema\/logo\/image\/","url":"https:\/\/mylovelyrods.com\/wp-content\/uploads\/2021\/01\/0001-scaled-e1611186770281.jpg","contentUrl":"https:\/\/mylovelyrods.com\/wp-content\/uploads\/2021\/01\/0001-scaled-e1611186770281.jpg","width":2560,"height":716,"caption":"Mylovelyrods"},"image":{"@id":"https:\/\/mylovelyrods.com\/#\/schema\/logo\/image\/"},"sameAs":["https:\/\/m.facebook.com\/people\/Mylovelyrods\/100062956103344\/?locale=fr_FR","https:\/\/www.instagram.com\/mylovelyrods\/?hl=fr"]}]}},"jetpack_sharing_enabled":true,"_links":{"self":[{"href":"https:\/\/mylovelyrods.com\/index.php\/wp-json\/wp\/v2\/product\/1618","targetHints":{"allow":["GET"]}}],"collection":[{"href":"https:\/\/mylovelyrods.com\/index.php\/wp-json\/wp\/v2\/product"}],"about":[{"href":"https:\/\/mylovelyrods.com\/index.php\/wp-json\/wp\/v2\/types\/product"}],"wp:featuredmedia":[{"embeddable":true,"href":"https:\/\/mylovelyrods.com\/index.php\/wp-json\/wp\/v2\/media\/1674"}],"wp:attachment":[{"href":"https:\/\/mylovelyrods.com\/index.php\/wp-json\/wp\/v2\/media?parent=1618"}],"wp:term":[{"taxonomy":"product_brand","embeddable":true,"href":"https:\/\/mylovelyrods.com\/index.php\/wp-json\/wp\/v2\/product_brand?post=1618"},{"taxonomy":"product_cat","embeddable":true,"href":"https:\/\/mylovelyrods.com\/index.php\/wp-json\/wp\/v2\/product_cat?post=1618"},{"taxonomy":"product_tag","embeddable":true,"href":"https:\/\/mylovelyrods.com\/index.php\/wp-json\/wp\/v2\/product_tag?post=1618"}],"curies":[{"name":"wp","href":"https:\/\/api.w.org\/{rel}","templated":true}]}}