{"id":1620,"date":"2022-03-07T21:20:43","date_gmt":"2022-03-07T20:20:43","guid":{"rendered":"https:\/\/mylovelyrods.com\/?post_type=product&#038;p=1620"},"modified":"2026-02-09T08:26:17","modified_gmt":"2026-02-09T07:26:17","slug":"fil-a-ligaturer-vert","status":"publish","type":"product","link":"https:\/\/mylovelyrods.com\/index.php\/produit\/fil-a-ligaturer-vert\/","title":{"rendered":"Fil \u00e0 ligaturer vert"},"content":{"rendered":"<p>Fil \u00e0 ligaturer vert, de taille A. (Taille A est la plus petite, taille B plus grosse\u2026. etc\u2026)<\/p>\n<p>Ce fil est simple d\u2019utilisation, il ne n\u00e9cessite aucun produit, il ne n\u00e9cessite pas de pr\u00e9servateur de couleur.<br \/>\nVous aurez un aper\u00e7u de sa couleur sur les ligatures de renforts de la <a href=\"https:\/\/mylovelyrods.com\/index.php\/produit\/canne-mouche-marryat-tactical-en-10-4-4\/\">canne mouche Marryat Tactical en 10&prime; #4 &#8211; 4<\/a><\/p>\n","protected":false},"excerpt":{"rendered":"<p>Fil \u00e0 ligaturer vert, de taille A. (Taille A est la plus petite, taille B plus grosse\u2026. etc\u2026)<\/p>\n<p>Ce fil est simple d\u2019utilisation, il ne n\u00e9cessite aucun produit, il ne n\u00e9cessite pas de pr\u00e9servateur de couleur.<br \/>\nVous aurez un aper\u00e7u de sa couleur sur les ligatures de renforts de la <a href=\"https:\/\/mylovelyrods.com\/index.php\/produit\/canne-mouche-marryat-tactical-en-10-4-4\/\">canne mouche Marryat Tactical en 10&prime; #4 &#8211; 4<\/a><\/p>\n","protected":false},"featured_media":1673,"template":"","meta":{"jetpack_post_was_ever_published":false,"_glsr_average":0,"_glsr_ranking":0,"_glsr_reviews":0},"product_brand":[],"product_cat":[56],"product_tag":[],"class_list":{"0":"post-1620","1":"product","2":"type-product","3":"status-publish","4":"has-post-thumbnail","6":"product_cat-fil-a-ligature","8":"first","9":"instock","10":"shipping-taxable","11":"purchasable","12":"product-type-simple"},"yoast_head":"<!-- This site is optimized with the Yoast SEO plugin v27.4 - https:\/\/yoast.com\/product\/yoast-seo-wordpress\/ -->\n<title>Fil \u00e0 ligaturer vert - Mylovelyrods<\/title>\n<meta name=\"robots\" content=\"index, follow, max-snippet:-1, max-image-preview:large, max-video-preview:-1\" \/>\n<link rel=\"canonical\" href=\"https:\/\/mylovelyrods.com\/index.php\/produit\/fil-a-ligaturer-vert\/\" \/>\n<meta property=\"og:locale\" content=\"fr_FR\" \/>\n<meta property=\"og:type\" content=\"article\" \/>\n<meta property=\"og:title\" content=\"Fil \u00e0 ligaturer vert - Mylovelyrods\" \/>\n<meta property=\"og:description\" content=\"Fil \u00e0 ligaturer vert, de taille A. (Taille A est la plus petite, taille B plus grosse\u2026. etc\u2026)  Ce fil est simple d\u2019utilisation, il ne n\u00e9cessite aucun produit, il ne n\u00e9cessite pas de pr\u00e9servateur de couleur. Vous aurez un aper\u00e7u de sa couleur sur les ligatures de renforts de la canne mouche Marryat Tactical en 10&#039; #4 - 4\" \/>\n<meta property=\"og:url\" content=\"https:\/\/mylovelyrods.com\/index.php\/produit\/fil-a-ligaturer-vert\/\" \/>\n<meta property=\"og:site_name\" content=\"Mylovelyrods\" \/>\n<meta property=\"article:publisher\" content=\"https:\/\/m.facebook.com\/people\/Mylovelyrods\/100062956103344\/?locale=fr_FR\" \/>\n<meta property=\"article:modified_time\" content=\"2026-02-09T07:26:17+00:00\" \/>\n<meta property=\"og:image\" content=\"https:\/\/mylovelyrods.com\/wp-content\/uploads\/2022\/03\/20220307_1600101.jpg\" \/>\n\t<meta property=\"og:image:width\" content=\"1900\" \/>\n\t<meta property=\"og:image:height\" content=\"2535\" \/>\n\t<meta property=\"og:image:type\" content=\"image\/jpeg\" \/>\n<meta name=\"twitter:card\" content=\"summary_large_image\" \/>\n<script type=\"application\/ld+json\" class=\"yoast-schema-graph\">{\"@context\":\"https:\\\/\\\/schema.org\",\"@graph\":[{\"@type\":\"WebPage\",\"@id\":\"https:\\\/\\\/mylovelyrods.com\\\/index.php\\\/produit\\\/fil-a-ligaturer-vert\\\/\",\"url\":\"https:\\\/\\\/mylovelyrods.com\\\/index.php\\\/produit\\\/fil-a-ligaturer-vert\\\/\",\"name\":\"Fil \u00e0 ligaturer vert - Mylovelyrods\",\"isPartOf\":{\"@id\":\"https:\\\/\\\/mylovelyrods.com\\\/#website\"},\"primaryImageOfPage\":{\"@id\":\"https:\\\/\\\/mylovelyrods.com\\\/index.php\\\/produit\\\/fil-a-ligaturer-vert\\\/#primaryimage\"},\"image\":{\"@id\":\"https:\\\/\\\/mylovelyrods.com\\\/index.php\\\/produit\\\/fil-a-ligaturer-vert\\\/#primaryimage\"},\"thumbnailUrl\":\"https:\\\/\\\/i0.wp.com\\\/mylovelyrods.com\\\/wp-content\\\/uploads\\\/2022\\\/03\\\/20220307_1600101.jpg?fit=1900%2C2535&ssl=1\",\"datePublished\":\"2022-03-07T20:20:43+00:00\",\"dateModified\":\"2026-02-09T07:26:17+00:00\",\"breadcrumb\":{\"@id\":\"https:\\\/\\\/mylovelyrods.com\\\/index.php\\\/produit\\\/fil-a-ligaturer-vert\\\/#breadcrumb\"},\"inLanguage\":\"fr-FR\",\"potentialAction\":[{\"@type\":\"ReadAction\",\"target\":[\"https:\\\/\\\/mylovelyrods.com\\\/index.php\\\/produit\\\/fil-a-ligaturer-vert\\\/\"]}]},{\"@type\":\"ImageObject\",\"inLanguage\":\"fr-FR\",\"@id\":\"https:\\\/\\\/mylovelyrods.com\\\/index.php\\\/produit\\\/fil-a-ligaturer-vert\\\/#primaryimage\",\"url\":\"https:\\\/\\\/i0.wp.com\\\/mylovelyrods.com\\\/wp-content\\\/uploads\\\/2022\\\/03\\\/20220307_1600101.jpg?fit=1900%2C2535&ssl=1\",\"contentUrl\":\"https:\\\/\\\/i0.wp.com\\\/mylovelyrods.com\\\/wp-content\\\/uploads\\\/2022\\\/03\\\/20220307_1600101.jpg?fit=1900%2C2535&ssl=1\",\"width\":1900,\"height\":2535,\"caption\":\"Fil \u00e0 ligaturer vert, de taille A. (Taille A est la plus petite, taille B plus grosse\u2026. etc\u2026) Ce fil est simple d\u2019utilisation, il ne n\u00e9cessite aucun produit, il ne n\u00e9cessite pas de pr\u00e9servateur de couleur. Vous aurez un aper\u00e7u de sa couleur sur les ligatures de renforts de la canne\"},{\"@type\":\"BreadcrumbList\",\"@id\":\"https:\\\/\\\/mylovelyrods.com\\\/index.php\\\/produit\\\/fil-a-ligaturer-vert\\\/#breadcrumb\",\"itemListElement\":[{\"@type\":\"ListItem\",\"position\":1,\"name\":\"Accueil\",\"item\":\"https:\\\/\\\/mylovelyrods.com\\\/\"},{\"@type\":\"ListItem\",\"position\":2,\"name\":\"Produits\",\"item\":\"https:\\\/\\\/mylovelyrods.com\\\/index.php\\\/boutique\\\/\"},{\"@type\":\"ListItem\",\"position\":3,\"name\":\"Fil \u00e0 ligaturer vert\"}]},{\"@type\":\"WebSite\",\"@id\":\"https:\\\/\\\/mylovelyrods.com\\\/#website\",\"url\":\"https:\\\/\\\/mylovelyrods.com\\\/\",\"name\":\"Mylovelyrods\",\"description\":\"Facteur de canne, restaurations, customisations, rodbuilding, mouches, nymphes et petit mat\u00e9riel...\",\"publisher\":{\"@id\":\"https:\\\/\\\/mylovelyrods.com\\\/#organization\"},\"potentialAction\":[{\"@type\":\"SearchAction\",\"target\":{\"@type\":\"EntryPoint\",\"urlTemplate\":\"https:\\\/\\\/mylovelyrods.com\\\/?s={search_term_string}\"},\"query-input\":{\"@type\":\"PropertyValueSpecification\",\"valueRequired\":true,\"valueName\":\"search_term_string\"}}],\"inLanguage\":\"fr-FR\"},{\"@type\":\"Organization\",\"@id\":\"https:\\\/\\\/mylovelyrods.com\\\/#organization\",\"name\":\"Mylovelyrods\",\"url\":\"https:\\\/\\\/mylovelyrods.com\\\/\",\"logo\":{\"@type\":\"ImageObject\",\"inLanguage\":\"fr-FR\",\"@id\":\"https:\\\/\\\/mylovelyrods.com\\\/#\\\/schema\\\/logo\\\/image\\\/\",\"url\":\"https:\\\/\\\/mylovelyrods.com\\\/wp-content\\\/uploads\\\/2021\\\/01\\\/0001-scaled-e1611186770281.jpg\",\"contentUrl\":\"https:\\\/\\\/mylovelyrods.com\\\/wp-content\\\/uploads\\\/2021\\\/01\\\/0001-scaled-e1611186770281.jpg\",\"width\":2560,\"height\":716,\"caption\":\"Mylovelyrods\"},\"image\":{\"@id\":\"https:\\\/\\\/mylovelyrods.com\\\/#\\\/schema\\\/logo\\\/image\\\/\"},\"sameAs\":[\"https:\\\/\\\/m.facebook.com\\\/people\\\/Mylovelyrods\\\/100062956103344\\\/?locale=fr_FR\",\"https:\\\/\\\/www.instagram.com\\\/mylovelyrods\\\/?hl=fr\"]}]}<\/script>\n<!-- \/ Yoast SEO plugin. -->","yoast_head_json":{"title":"Fil \u00e0 ligaturer vert - Mylovelyrods","robots":{"index":"index","follow":"follow","max-snippet":"max-snippet:-1","max-image-preview":"max-image-preview:large","max-video-preview":"max-video-preview:-1"},"canonical":"https:\/\/mylovelyrods.com\/index.php\/produit\/fil-a-ligaturer-vert\/","og_locale":"fr_FR","og_type":"article","og_title":"Fil \u00e0 ligaturer vert - Mylovelyrods","og_description":"Fil \u00e0 ligaturer vert, de taille A. (Taille A est la plus petite, taille B plus grosse\u2026. etc\u2026)  Ce fil est simple d\u2019utilisation, il ne n\u00e9cessite aucun produit, il ne n\u00e9cessite pas de pr\u00e9servateur de couleur. Vous aurez un aper\u00e7u de sa couleur sur les ligatures de renforts de la canne mouche Marryat Tactical en 10' #4 - 4","og_url":"https:\/\/mylovelyrods.com\/index.php\/produit\/fil-a-ligaturer-vert\/","og_site_name":"Mylovelyrods","article_publisher":"https:\/\/m.facebook.com\/people\/Mylovelyrods\/100062956103344\/?locale=fr_FR","article_modified_time":"2026-02-09T07:26:17+00:00","og_image":[{"width":1900,"height":2535,"url":"https:\/\/mylovelyrods.com\/wp-content\/uploads\/2022\/03\/20220307_1600101.jpg","type":"image\/jpeg"}],"twitter_card":"summary_large_image","schema":{"@context":"https:\/\/schema.org","@graph":[{"@type":"WebPage","@id":"https:\/\/mylovelyrods.com\/index.php\/produit\/fil-a-ligaturer-vert\/","url":"https:\/\/mylovelyrods.com\/index.php\/produit\/fil-a-ligaturer-vert\/","name":"Fil \u00e0 ligaturer vert - Mylovelyrods","isPartOf":{"@id":"https:\/\/mylovelyrods.com\/#website"},"primaryImageOfPage":{"@id":"https:\/\/mylovelyrods.com\/index.php\/produit\/fil-a-ligaturer-vert\/#primaryimage"},"image":{"@id":"https:\/\/mylovelyrods.com\/index.php\/produit\/fil-a-ligaturer-vert\/#primaryimage"},"thumbnailUrl":"https:\/\/i0.wp.com\/mylovelyrods.com\/wp-content\/uploads\/2022\/03\/20220307_1600101.jpg?fit=1900%2C2535&ssl=1","datePublished":"2022-03-07T20:20:43+00:00","dateModified":"2026-02-09T07:26:17+00:00","breadcrumb":{"@id":"https:\/\/mylovelyrods.com\/index.php\/produit\/fil-a-ligaturer-vert\/#breadcrumb"},"inLanguage":"fr-FR","potentialAction":[{"@type":"ReadAction","target":["https:\/\/mylovelyrods.com\/index.php\/produit\/fil-a-ligaturer-vert\/"]}]},{"@type":"ImageObject","inLanguage":"fr-FR","@id":"https:\/\/mylovelyrods.com\/index.php\/produit\/fil-a-ligaturer-vert\/#primaryimage","url":"https:\/\/i0.wp.com\/mylovelyrods.com\/wp-content\/uploads\/2022\/03\/20220307_1600101.jpg?fit=1900%2C2535&ssl=1","contentUrl":"https:\/\/i0.wp.com\/mylovelyrods.com\/wp-content\/uploads\/2022\/03\/20220307_1600101.jpg?fit=1900%2C2535&ssl=1","width":1900,"height":2535,"caption":"Fil \u00e0 ligaturer vert, de taille A. (Taille A est la plus petite, taille B plus grosse\u2026. etc\u2026) Ce fil est simple d\u2019utilisation, il ne n\u00e9cessite aucun produit, il ne n\u00e9cessite pas de pr\u00e9servateur de couleur. Vous aurez un aper\u00e7u de sa couleur sur les ligatures de renforts de la canne"},{"@type":"BreadcrumbList","@id":"https:\/\/mylovelyrods.com\/index.php\/produit\/fil-a-ligaturer-vert\/#breadcrumb","itemListElement":[{"@type":"ListItem","position":1,"name":"Accueil","item":"https:\/\/mylovelyrods.com\/"},{"@type":"ListItem","position":2,"name":"Produits","item":"https:\/\/mylovelyrods.com\/index.php\/boutique\/"},{"@type":"ListItem","position":3,"name":"Fil \u00e0 ligaturer vert"}]},{"@type":"WebSite","@id":"https:\/\/mylovelyrods.com\/#website","url":"https:\/\/mylovelyrods.com\/","name":"Mylovelyrods","description":"Facteur de canne, restaurations, customisations, rodbuilding, mouches, nymphes et petit mat\u00e9riel...","publisher":{"@id":"https:\/\/mylovelyrods.com\/#organization"},"potentialAction":[{"@type":"SearchAction","target":{"@type":"EntryPoint","urlTemplate":"https:\/\/mylovelyrods.com\/?s={search_term_string}"},"query-input":{"@type":"PropertyValueSpecification","valueRequired":true,"valueName":"search_term_string"}}],"inLanguage":"fr-FR"},{"@type":"Organization","@id":"https:\/\/mylovelyrods.com\/#organization","name":"Mylovelyrods","url":"https:\/\/mylovelyrods.com\/","logo":{"@type":"ImageObject","inLanguage":"fr-FR","@id":"https:\/\/mylovelyrods.com\/#\/schema\/logo\/image\/","url":"https:\/\/mylovelyrods.com\/wp-content\/uploads\/2021\/01\/0001-scaled-e1611186770281.jpg","contentUrl":"https:\/\/mylovelyrods.com\/wp-content\/uploads\/2021\/01\/0001-scaled-e1611186770281.jpg","width":2560,"height":716,"caption":"Mylovelyrods"},"image":{"@id":"https:\/\/mylovelyrods.com\/#\/schema\/logo\/image\/"},"sameAs":["https:\/\/m.facebook.com\/people\/Mylovelyrods\/100062956103344\/?locale=fr_FR","https:\/\/www.instagram.com\/mylovelyrods\/?hl=fr"]}]}},"jetpack_sharing_enabled":true,"_links":{"self":[{"href":"https:\/\/mylovelyrods.com\/index.php\/wp-json\/wp\/v2\/product\/1620","targetHints":{"allow":["GET"]}}],"collection":[{"href":"https:\/\/mylovelyrods.com\/index.php\/wp-json\/wp\/v2\/product"}],"about":[{"href":"https:\/\/mylovelyrods.com\/index.php\/wp-json\/wp\/v2\/types\/product"}],"wp:featuredmedia":[{"embeddable":true,"href":"https:\/\/mylovelyrods.com\/index.php\/wp-json\/wp\/v2\/media\/1673"}],"wp:attachment":[{"href":"https:\/\/mylovelyrods.com\/index.php\/wp-json\/wp\/v2\/media?parent=1620"}],"wp:term":[{"taxonomy":"product_brand","embeddable":true,"href":"https:\/\/mylovelyrods.com\/index.php\/wp-json\/wp\/v2\/product_brand?post=1620"},{"taxonomy":"product_cat","embeddable":true,"href":"https:\/\/mylovelyrods.com\/index.php\/wp-json\/wp\/v2\/product_cat?post=1620"},{"taxonomy":"product_tag","embeddable":true,"href":"https:\/\/mylovelyrods.com\/index.php\/wp-json\/wp\/v2\/product_tag?post=1620"}],"curies":[{"name":"wp","href":"https:\/\/api.w.org\/{rel}","templated":true}]}}