{"id":1639,"date":"2022-03-08T12:58:50","date_gmt":"2022-03-08T11:58:50","guid":{"rendered":"https:\/\/mylovelyrods.com\/?post_type=product&#038;p=1639"},"modified":"2026-02-09T08:26:17","modified_gmt":"2026-02-09T07:26:17","slug":"porte-moulinet-skeleton-noir-type-ld","status":"publish","type":"product","link":"https:\/\/mylovelyrods.com\/index.php\/produit\/porte-moulinet-skeleton-noir-type-ld\/","title":{"rendered":"Porte moulinet skeleton noir TYPE LD"},"content":{"rendered":"<p>Porte moulinet skeleton noir TYPE LD en aluminium. Ce porte moulinet est tout nu! Il vous faudra l\u2019habiller avec un insert de votre choix disponible <a href=\"https:\/\/mylovelyrods.com\/index.php\/categorie-produit\/rodbuilding-montage-de-canne\/porte-moulinet\/porte-moulinet-skeleton-inserts\/insert-pour-pm-skeleton-type-ld\/\">ICI<\/a>, ou alors fabriquer vous m\u00eame un insert.<\/p>\n<p>Ce Porte moulinet skeleton noir a un poids d\u2019environ 10,3g. Il est compos\u00e9 d\u2019un bouchon, du tube avec pas de vis, de l\u2019\u00e9crou qui serrera la bague de serrage sur la patte du moulinet. Et pour finir de la bague cot\u00e9 poign\u00e9e ou viendra se loger l\u2019autre partie de la patte du moulinet.<\/p>\n<p>Il conviendra pour des tailles de soie allant de 1 \u00e0 6.<\/p>\n<p>Les couleurs de la photo peuvent l\u00e9g\u00e8rement diff\u00e9rer des couleurs du porte moulinet.<\/p>\n","protected":false},"excerpt":{"rendered":"<p>Porte moulinet skeleton noir TYPE LD en aluminium. Ce porte moulinet est tout nu! Il vous faudra l\u2019habiller avec un insert de votre choix disponible <a href=\"https:\/\/mylovelyrods.com\/index.php\/categorie-produit\/rodbuilding-montage-de-canne\/porte-moulinet\/porte-moulinet-skeleton-inserts\/insert-pour-pm-skeleton-type-ld\/\">ICI<\/a>, ou alors fabriquer vous m\u00eame un insert.<\/p>\n<p>Ce Porte moulinet skeleton noir a un poids d\u2019environ 10,3g. Il est compos\u00e9 d\u2019un bouchon, du tube avec pas de vis, de l\u2019\u00e9crou qui serrera la bague de serrage sur la patte du moulinet. Et pour finir de la bague cot\u00e9 poign\u00e9e ou viendra se loger l\u2019autre partie de la patte du moulinet.<\/p>\n<p>Il conviendra pour des tailles de soie allant de 1 \u00e0 6.<\/p>\n<p>Les couleurs de la photo peuvent l\u00e9g\u00e8rement diff\u00e9rer des couleurs du porte moulinet.<\/p>\n","protected":false},"featured_media":1660,"template":"","meta":{"jetpack_post_was_ever_published":false,"_glsr_average":0,"_glsr_ranking":0,"_glsr_reviews":0},"product_brand":[],"product_cat":[61],"product_tag":[],"class_list":{"0":"post-1639","1":"product","2":"type-product","3":"status-publish","4":"has-post-thumbnail","6":"product_cat-porte-moulinet-skeleton-type-ld","8":"first","9":"instock","10":"shipping-taxable","11":"purchasable","12":"product-type-simple"},"yoast_head":"<!-- This site is optimized with the Yoast SEO plugin v27.4 - https:\/\/yoast.com\/product\/yoast-seo-wordpress\/ -->\n<title>Porte moulinet skeleton noir TYPE LD - Mylovelyrods<\/title>\n<meta name=\"description\" content=\"Porte moulinet skeleton noir TYPE LD en aluminium. Ce porte moulinet est tout nu! Il vous faudra l\u2019habiller avec un insert de votre choix disponible ICI\" \/>\n<meta name=\"robots\" content=\"index, follow, max-snippet:-1, max-image-preview:large, max-video-preview:-1\" \/>\n<link rel=\"canonical\" href=\"https:\/\/mylovelyrods.com\/index.php\/produit\/porte-moulinet-skeleton-noir-type-ld\/\" \/>\n<meta property=\"og:locale\" content=\"fr_FR\" \/>\n<meta property=\"og:type\" content=\"article\" \/>\n<meta property=\"og:title\" content=\"Porte moulinet skeleton noir TYPE LD - Mylovelyrods\" \/>\n<meta property=\"og:description\" content=\"Porte moulinet skeleton noir TYPE LD en aluminium. Ce porte moulinet est tout nu! Il vous faudra l\u2019habiller avec un insert de votre choix disponible ICI\" \/>\n<meta property=\"og:url\" content=\"https:\/\/mylovelyrods.com\/index.php\/produit\/porte-moulinet-skeleton-noir-type-ld\/\" \/>\n<meta property=\"og:site_name\" content=\"Mylovelyrods\" \/>\n<meta property=\"article:publisher\" content=\"https:\/\/m.facebook.com\/people\/Mylovelyrods\/100062956103344\/?locale=fr_FR\" \/>\n<meta property=\"article:modified_time\" content=\"2026-02-09T07:26:17+00:00\" \/>\n<meta property=\"og:image\" content=\"https:\/\/mylovelyrods.com\/wp-content\/uploads\/2022\/03\/20220307_1715421.jpg\" \/>\n\t<meta property=\"og:image:width\" content=\"1908\" \/>\n\t<meta property=\"og:image:height\" content=\"904\" \/>\n\t<meta property=\"og:image:type\" content=\"image\/jpeg\" \/>\n<meta name=\"twitter:card\" content=\"summary_large_image\" \/>\n<meta name=\"twitter:label1\" content=\"Dur\u00e9e de lecture estim\u00e9e\" \/>\n\t<meta name=\"twitter:data1\" content=\"1 minute\" \/>\n<script type=\"application\/ld+json\" class=\"yoast-schema-graph\">{\"@context\":\"https:\\\/\\\/schema.org\",\"@graph\":[{\"@type\":\"WebPage\",\"@id\":\"https:\\\/\\\/mylovelyrods.com\\\/index.php\\\/produit\\\/porte-moulinet-skeleton-noir-type-ld\\\/\",\"url\":\"https:\\\/\\\/mylovelyrods.com\\\/index.php\\\/produit\\\/porte-moulinet-skeleton-noir-type-ld\\\/\",\"name\":\"Porte moulinet skeleton noir TYPE LD - Mylovelyrods\",\"isPartOf\":{\"@id\":\"https:\\\/\\\/mylovelyrods.com\\\/#website\"},\"primaryImageOfPage\":{\"@id\":\"https:\\\/\\\/mylovelyrods.com\\\/index.php\\\/produit\\\/porte-moulinet-skeleton-noir-type-ld\\\/#primaryimage\"},\"image\":{\"@id\":\"https:\\\/\\\/mylovelyrods.com\\\/index.php\\\/produit\\\/porte-moulinet-skeleton-noir-type-ld\\\/#primaryimage\"},\"thumbnailUrl\":\"https:\\\/\\\/i0.wp.com\\\/mylovelyrods.com\\\/wp-content\\\/uploads\\\/2022\\\/03\\\/20220307_1715421.jpg?fit=1908%2C904&ssl=1\",\"datePublished\":\"2022-03-08T11:58:50+00:00\",\"dateModified\":\"2026-02-09T07:26:17+00:00\",\"description\":\"Porte moulinet skeleton noir TYPE LD en aluminium. Ce porte moulinet est tout nu! Il vous faudra l\u2019habiller avec un insert de votre choix disponible ICI\",\"breadcrumb\":{\"@id\":\"https:\\\/\\\/mylovelyrods.com\\\/index.php\\\/produit\\\/porte-moulinet-skeleton-noir-type-ld\\\/#breadcrumb\"},\"inLanguage\":\"fr-FR\",\"potentialAction\":[{\"@type\":\"ReadAction\",\"target\":[\"https:\\\/\\\/mylovelyrods.com\\\/index.php\\\/produit\\\/porte-moulinet-skeleton-noir-type-ld\\\/\"]}]},{\"@type\":\"ImageObject\",\"inLanguage\":\"fr-FR\",\"@id\":\"https:\\\/\\\/mylovelyrods.com\\\/index.php\\\/produit\\\/porte-moulinet-skeleton-noir-type-ld\\\/#primaryimage\",\"url\":\"https:\\\/\\\/i0.wp.com\\\/mylovelyrods.com\\\/wp-content\\\/uploads\\\/2022\\\/03\\\/20220307_1715421.jpg?fit=1908%2C904&ssl=1\",\"contentUrl\":\"https:\\\/\\\/i0.wp.com\\\/mylovelyrods.com\\\/wp-content\\\/uploads\\\/2022\\\/03\\\/20220307_1715421.jpg?fit=1908%2C904&ssl=1\",\"width\":1908,\"height\":904,\"caption\":\"Porte moulinet skeleton noir TYPE LD en aluminium. Ce porte moulinet est tout nu! Il vous faudra l\u2019habiller avec un insert de votre choix\"},{\"@type\":\"BreadcrumbList\",\"@id\":\"https:\\\/\\\/mylovelyrods.com\\\/index.php\\\/produit\\\/porte-moulinet-skeleton-noir-type-ld\\\/#breadcrumb\",\"itemListElement\":[{\"@type\":\"ListItem\",\"position\":1,\"name\":\"Accueil\",\"item\":\"https:\\\/\\\/mylovelyrods.com\\\/\"},{\"@type\":\"ListItem\",\"position\":2,\"name\":\"Produits\",\"item\":\"https:\\\/\\\/mylovelyrods.com\\\/index.php\\\/boutique\\\/\"},{\"@type\":\"ListItem\",\"position\":3,\"name\":\"Porte moulinet skeleton noir TYPE LD\"}]},{\"@type\":\"WebSite\",\"@id\":\"https:\\\/\\\/mylovelyrods.com\\\/#website\",\"url\":\"https:\\\/\\\/mylovelyrods.com\\\/\",\"name\":\"Mylovelyrods\",\"description\":\"Facteur de canne, restaurations, customisations, rodbuilding, mouches, nymphes et petit mat\u00e9riel...\",\"publisher\":{\"@id\":\"https:\\\/\\\/mylovelyrods.com\\\/#organization\"},\"potentialAction\":[{\"@type\":\"SearchAction\",\"target\":{\"@type\":\"EntryPoint\",\"urlTemplate\":\"https:\\\/\\\/mylovelyrods.com\\\/?s={search_term_string}\"},\"query-input\":{\"@type\":\"PropertyValueSpecification\",\"valueRequired\":true,\"valueName\":\"search_term_string\"}}],\"inLanguage\":\"fr-FR\"},{\"@type\":\"Organization\",\"@id\":\"https:\\\/\\\/mylovelyrods.com\\\/#organization\",\"name\":\"Mylovelyrods\",\"url\":\"https:\\\/\\\/mylovelyrods.com\\\/\",\"logo\":{\"@type\":\"ImageObject\",\"inLanguage\":\"fr-FR\",\"@id\":\"https:\\\/\\\/mylovelyrods.com\\\/#\\\/schema\\\/logo\\\/image\\\/\",\"url\":\"https:\\\/\\\/mylovelyrods.com\\\/wp-content\\\/uploads\\\/2021\\\/01\\\/0001-scaled-e1611186770281.jpg\",\"contentUrl\":\"https:\\\/\\\/mylovelyrods.com\\\/wp-content\\\/uploads\\\/2021\\\/01\\\/0001-scaled-e1611186770281.jpg\",\"width\":2560,\"height\":716,\"caption\":\"Mylovelyrods\"},\"image\":{\"@id\":\"https:\\\/\\\/mylovelyrods.com\\\/#\\\/schema\\\/logo\\\/image\\\/\"},\"sameAs\":[\"https:\\\/\\\/m.facebook.com\\\/people\\\/Mylovelyrods\\\/100062956103344\\\/?locale=fr_FR\",\"https:\\\/\\\/www.instagram.com\\\/mylovelyrods\\\/?hl=fr\"]}]}<\/script>\n<!-- \/ Yoast SEO plugin. -->","yoast_head_json":{"title":"Porte moulinet skeleton noir TYPE LD - Mylovelyrods","description":"Porte moulinet skeleton noir TYPE LD en aluminium. Ce porte moulinet est tout nu! Il vous faudra l\u2019habiller avec un insert de votre choix disponible ICI","robots":{"index":"index","follow":"follow","max-snippet":"max-snippet:-1","max-image-preview":"max-image-preview:large","max-video-preview":"max-video-preview:-1"},"canonical":"https:\/\/mylovelyrods.com\/index.php\/produit\/porte-moulinet-skeleton-noir-type-ld\/","og_locale":"fr_FR","og_type":"article","og_title":"Porte moulinet skeleton noir TYPE LD - Mylovelyrods","og_description":"Porte moulinet skeleton noir TYPE LD en aluminium. Ce porte moulinet est tout nu! Il vous faudra l\u2019habiller avec un insert de votre choix disponible ICI","og_url":"https:\/\/mylovelyrods.com\/index.php\/produit\/porte-moulinet-skeleton-noir-type-ld\/","og_site_name":"Mylovelyrods","article_publisher":"https:\/\/m.facebook.com\/people\/Mylovelyrods\/100062956103344\/?locale=fr_FR","article_modified_time":"2026-02-09T07:26:17+00:00","og_image":[{"width":1908,"height":904,"url":"https:\/\/mylovelyrods.com\/wp-content\/uploads\/2022\/03\/20220307_1715421.jpg","type":"image\/jpeg"}],"twitter_card":"summary_large_image","twitter_misc":{"Dur\u00e9e de lecture estim\u00e9e":"1 minute"},"schema":{"@context":"https:\/\/schema.org","@graph":[{"@type":"WebPage","@id":"https:\/\/mylovelyrods.com\/index.php\/produit\/porte-moulinet-skeleton-noir-type-ld\/","url":"https:\/\/mylovelyrods.com\/index.php\/produit\/porte-moulinet-skeleton-noir-type-ld\/","name":"Porte moulinet skeleton noir TYPE LD - Mylovelyrods","isPartOf":{"@id":"https:\/\/mylovelyrods.com\/#website"},"primaryImageOfPage":{"@id":"https:\/\/mylovelyrods.com\/index.php\/produit\/porte-moulinet-skeleton-noir-type-ld\/#primaryimage"},"image":{"@id":"https:\/\/mylovelyrods.com\/index.php\/produit\/porte-moulinet-skeleton-noir-type-ld\/#primaryimage"},"thumbnailUrl":"https:\/\/i0.wp.com\/mylovelyrods.com\/wp-content\/uploads\/2022\/03\/20220307_1715421.jpg?fit=1908%2C904&ssl=1","datePublished":"2022-03-08T11:58:50+00:00","dateModified":"2026-02-09T07:26:17+00:00","description":"Porte moulinet skeleton noir TYPE LD en aluminium. Ce porte moulinet est tout nu! Il vous faudra l\u2019habiller avec un insert de votre choix disponible ICI","breadcrumb":{"@id":"https:\/\/mylovelyrods.com\/index.php\/produit\/porte-moulinet-skeleton-noir-type-ld\/#breadcrumb"},"inLanguage":"fr-FR","potentialAction":[{"@type":"ReadAction","target":["https:\/\/mylovelyrods.com\/index.php\/produit\/porte-moulinet-skeleton-noir-type-ld\/"]}]},{"@type":"ImageObject","inLanguage":"fr-FR","@id":"https:\/\/mylovelyrods.com\/index.php\/produit\/porte-moulinet-skeleton-noir-type-ld\/#primaryimage","url":"https:\/\/i0.wp.com\/mylovelyrods.com\/wp-content\/uploads\/2022\/03\/20220307_1715421.jpg?fit=1908%2C904&ssl=1","contentUrl":"https:\/\/i0.wp.com\/mylovelyrods.com\/wp-content\/uploads\/2022\/03\/20220307_1715421.jpg?fit=1908%2C904&ssl=1","width":1908,"height":904,"caption":"Porte moulinet skeleton noir TYPE LD en aluminium. Ce porte moulinet est tout nu! Il vous faudra l\u2019habiller avec un insert de votre choix"},{"@type":"BreadcrumbList","@id":"https:\/\/mylovelyrods.com\/index.php\/produit\/porte-moulinet-skeleton-noir-type-ld\/#breadcrumb","itemListElement":[{"@type":"ListItem","position":1,"name":"Accueil","item":"https:\/\/mylovelyrods.com\/"},{"@type":"ListItem","position":2,"name":"Produits","item":"https:\/\/mylovelyrods.com\/index.php\/boutique\/"},{"@type":"ListItem","position":3,"name":"Porte moulinet skeleton noir TYPE LD"}]},{"@type":"WebSite","@id":"https:\/\/mylovelyrods.com\/#website","url":"https:\/\/mylovelyrods.com\/","name":"Mylovelyrods","description":"Facteur de canne, restaurations, customisations, rodbuilding, mouches, nymphes et petit mat\u00e9riel...","publisher":{"@id":"https:\/\/mylovelyrods.com\/#organization"},"potentialAction":[{"@type":"SearchAction","target":{"@type":"EntryPoint","urlTemplate":"https:\/\/mylovelyrods.com\/?s={search_term_string}"},"query-input":{"@type":"PropertyValueSpecification","valueRequired":true,"valueName":"search_term_string"}}],"inLanguage":"fr-FR"},{"@type":"Organization","@id":"https:\/\/mylovelyrods.com\/#organization","name":"Mylovelyrods","url":"https:\/\/mylovelyrods.com\/","logo":{"@type":"ImageObject","inLanguage":"fr-FR","@id":"https:\/\/mylovelyrods.com\/#\/schema\/logo\/image\/","url":"https:\/\/mylovelyrods.com\/wp-content\/uploads\/2021\/01\/0001-scaled-e1611186770281.jpg","contentUrl":"https:\/\/mylovelyrods.com\/wp-content\/uploads\/2021\/01\/0001-scaled-e1611186770281.jpg","width":2560,"height":716,"caption":"Mylovelyrods"},"image":{"@id":"https:\/\/mylovelyrods.com\/#\/schema\/logo\/image\/"},"sameAs":["https:\/\/m.facebook.com\/people\/Mylovelyrods\/100062956103344\/?locale=fr_FR","https:\/\/www.instagram.com\/mylovelyrods\/?hl=fr"]}]}},"jetpack_sharing_enabled":true,"_links":{"self":[{"href":"https:\/\/mylovelyrods.com\/index.php\/wp-json\/wp\/v2\/product\/1639","targetHints":{"allow":["GET"]}}],"collection":[{"href":"https:\/\/mylovelyrods.com\/index.php\/wp-json\/wp\/v2\/product"}],"about":[{"href":"https:\/\/mylovelyrods.com\/index.php\/wp-json\/wp\/v2\/types\/product"}],"wp:featuredmedia":[{"embeddable":true,"href":"https:\/\/mylovelyrods.com\/index.php\/wp-json\/wp\/v2\/media\/1660"}],"wp:attachment":[{"href":"https:\/\/mylovelyrods.com\/index.php\/wp-json\/wp\/v2\/media?parent=1639"}],"wp:term":[{"taxonomy":"product_brand","embeddable":true,"href":"https:\/\/mylovelyrods.com\/index.php\/wp-json\/wp\/v2\/product_brand?post=1639"},{"taxonomy":"product_cat","embeddable":true,"href":"https:\/\/mylovelyrods.com\/index.php\/wp-json\/wp\/v2\/product_cat?post=1639"},{"taxonomy":"product_tag","embeddable":true,"href":"https:\/\/mylovelyrods.com\/index.php\/wp-json\/wp\/v2\/product_tag?post=1639"}],"curies":[{"name":"wp","href":"https:\/\/api.w.org\/{rel}","templated":true}]}}