{"id":1648,"date":"2022-03-08T13:50:33","date_gmt":"2022-03-08T12:50:33","guid":{"rendered":"https:\/\/mylovelyrods.com\/?post_type=product&#038;p=1648"},"modified":"2023-05-11T20:46:57","modified_gmt":"2023-05-11T18:46:57","slug":"insert-en-carbone-type-ld","status":"publish","type":"product","link":"https:\/\/mylovelyrods.com\/index.php\/produit\/insert-en-carbone-type-ld\/","title":{"rendered":"Insert en carbone TYPE LD"},"content":{"rendered":"<p>Insert en carbone. Ne convient qu&rsquo;aux portes moulinets skeleton de TYPE LD.<\/p>\n<p>Ils font une longueur d&rsquo;environ 8,4 cm pour un diam\u00e8tre de 15 mm, le diam\u00e8tre de la partie de l&rsquo;insert qui ira se loger sous le pas de vis du porte moulinet est de 13 mm. Le per\u00e7age est d&rsquo;environ 11 mm de diam\u00e8tre. Son poids est d&rsquo;environ 7,8g.<\/p>\n<p>L&rsquo;insert que vous verrez sur la photo ne sera pas exactement identique a celui que vous recevrez, en effet chaque mod\u00e8le est unique, et \u00e0 des teintes et des motifs plus ou moins diff\u00e9rents.<\/p>\n<p>Vous trouverez une photo avec un porte moulinet pour vous donner une id\u00e9e, le porte moulinet n&rsquo;est pas fourni avec.<\/p>\n<p>Vous pouvez choisir un porte moulinet skeleton type LD dans cette <a href=\"https:\/\/mylovelyrods.com\/index.php\/categorie-produit\/rodbuilding-montage-de-canne\/porte-moulinet\/porte-moulinet-skeleton-inserts\/porte-moulinet-skeleton-type-ld\/\">rubrique<\/a>.<\/p>\n","protected":false},"excerpt":{"rendered":"<p>Insert en carbone. Ne convient qu&rsquo;aux portes moulinets skeleton de TYPE LD.<\/p>\n<p>Ils font une longueur d&rsquo;environ 8,4 cm pour un diam\u00e8tre de 15 mm, le diam\u00e8tre de la partie de l&rsquo;insert qui ira se loger sous le pas de vis du porte moulinet est de 13 mm. Le per\u00e7age est d&rsquo;environ 11 mm de diam\u00e8tre. Son poids est d&rsquo;environ 7,8g.<\/p>\n<p>L&rsquo;insert que vous verrez sur la photo ne sera pas exactement identique a celui que vous recevrez, en effet chaque mod\u00e8le est unique, et \u00e0 des teintes et des motifs plus ou moins diff\u00e9rents.<\/p>\n<p>Vous trouverez une photo avec un porte moulinet pour vous donner une id\u00e9e, le porte moulinet n&rsquo;est pas fourni avec.<\/p>\n<p>Vous pouvez choisir un porte moulinet skeleton type LD dans cette <a href=\"https:\/\/mylovelyrods.com\/index.php\/categorie-produit\/rodbuilding-montage-de-canne\/porte-moulinet\/porte-moulinet-skeleton-inserts\/porte-moulinet-skeleton-type-ld\/\">rubrique<\/a>.<\/p>\n","protected":false},"featured_media":1654,"template":"","meta":{"jetpack_post_was_ever_published":false,"_glsr_average":0,"_glsr_ranking":0,"_glsr_reviews":0},"product_brand":[],"product_cat":[57],"product_tag":[],"class_list":{"0":"post-1648","1":"product","2":"type-product","3":"status-publish","4":"has-post-thumbnail","6":"product_cat-insert-pour-pm-skeleton-type-ld","8":"first","9":"outofstock","10":"shipping-taxable","11":"purchasable","12":"product-type-simple"},"yoast_head":"<!-- This site is optimized with the Yoast SEO plugin v27.4 - https:\/\/yoast.com\/product\/yoast-seo-wordpress\/ -->\n<title>Insert en carbone TYPE LD - Mylovelyrods<\/title>\n<meta name=\"description\" content=\"Insert en carbone. Ne convient qu&#039;aux portes moulinets skeleton de TYPE LD, Le per\u00e7age est d&#039;environ 11 mm de diam\u00e8tre. Son poids est d&#039;environ 7,8g.\" \/>\n<meta name=\"robots\" content=\"index, follow, max-snippet:-1, max-image-preview:large, max-video-preview:-1\" \/>\n<link rel=\"canonical\" href=\"https:\/\/mylovelyrods.com\/index.php\/produit\/insert-en-carbone-type-ld\/\" \/>\n<meta property=\"og:locale\" content=\"fr_FR\" \/>\n<meta property=\"og:type\" content=\"article\" \/>\n<meta property=\"og:title\" content=\"Insert en carbone TYPE LD - Mylovelyrods\" \/>\n<meta property=\"og:description\" content=\"Insert en carbone. Ne convient qu&#039;aux portes moulinets skeleton de TYPE LD, Le per\u00e7age est d&#039;environ 11 mm de diam\u00e8tre. Son poids est d&#039;environ 7,8g.\" \/>\n<meta property=\"og:url\" content=\"https:\/\/mylovelyrods.com\/index.php\/produit\/insert-en-carbone-type-ld\/\" \/>\n<meta property=\"og:site_name\" content=\"Mylovelyrods\" \/>\n<meta property=\"article:publisher\" content=\"https:\/\/m.facebook.com\/people\/Mylovelyrods\/100062956103344\/?locale=fr_FR\" \/>\n<meta property=\"article:modified_time\" content=\"2023-05-11T18:46:57+00:00\" \/>\n<meta property=\"og:image\" content=\"https:\/\/mylovelyrods.com\/wp-content\/uploads\/2022\/03\/20220307_1736201.jpg\" \/>\n\t<meta property=\"og:image:width\" content=\"1908\" \/>\n\t<meta property=\"og:image:height\" content=\"904\" \/>\n\t<meta property=\"og:image:type\" content=\"image\/jpeg\" \/>\n<meta name=\"twitter:card\" content=\"summary_large_image\" \/>\n<meta name=\"twitter:label1\" content=\"Dur\u00e9e de lecture estim\u00e9e\" \/>\n\t<meta name=\"twitter:data1\" content=\"1 minute\" \/>\n<script type=\"application\/ld+json\" class=\"yoast-schema-graph\">{\"@context\":\"https:\\\/\\\/schema.org\",\"@graph\":[{\"@type\":\"WebPage\",\"@id\":\"https:\\\/\\\/mylovelyrods.com\\\/index.php\\\/produit\\\/insert-en-carbone-type-ld\\\/\",\"url\":\"https:\\\/\\\/mylovelyrods.com\\\/index.php\\\/produit\\\/insert-en-carbone-type-ld\\\/\",\"name\":\"Insert en carbone TYPE LD - Mylovelyrods\",\"isPartOf\":{\"@id\":\"https:\\\/\\\/mylovelyrods.com\\\/#website\"},\"primaryImageOfPage\":{\"@id\":\"https:\\\/\\\/mylovelyrods.com\\\/index.php\\\/produit\\\/insert-en-carbone-type-ld\\\/#primaryimage\"},\"image\":{\"@id\":\"https:\\\/\\\/mylovelyrods.com\\\/index.php\\\/produit\\\/insert-en-carbone-type-ld\\\/#primaryimage\"},\"thumbnailUrl\":\"https:\\\/\\\/i0.wp.com\\\/mylovelyrods.com\\\/wp-content\\\/uploads\\\/2022\\\/03\\\/20220307_1736201.jpg?fit=1908%2C904&ssl=1\",\"datePublished\":\"2022-03-08T12:50:33+00:00\",\"dateModified\":\"2023-05-11T18:46:57+00:00\",\"description\":\"Insert en carbone. Ne convient qu'aux portes moulinets skeleton de TYPE LD, Le per\u00e7age est d'environ 11 mm de diam\u00e8tre. Son poids est d'environ 7,8g.\",\"breadcrumb\":{\"@id\":\"https:\\\/\\\/mylovelyrods.com\\\/index.php\\\/produit\\\/insert-en-carbone-type-ld\\\/#breadcrumb\"},\"inLanguage\":\"fr-FR\",\"potentialAction\":[{\"@type\":\"ReadAction\",\"target\":[\"https:\\\/\\\/mylovelyrods.com\\\/index.php\\\/produit\\\/insert-en-carbone-type-ld\\\/\"]}]},{\"@type\":\"ImageObject\",\"inLanguage\":\"fr-FR\",\"@id\":\"https:\\\/\\\/mylovelyrods.com\\\/index.php\\\/produit\\\/insert-en-carbone-type-ld\\\/#primaryimage\",\"url\":\"https:\\\/\\\/i0.wp.com\\\/mylovelyrods.com\\\/wp-content\\\/uploads\\\/2022\\\/03\\\/20220307_1736201.jpg?fit=1908%2C904&ssl=1\",\"contentUrl\":\"https:\\\/\\\/i0.wp.com\\\/mylovelyrods.com\\\/wp-content\\\/uploads\\\/2022\\\/03\\\/20220307_1736201.jpg?fit=1908%2C904&ssl=1\",\"width\":1908,\"height\":904,\"caption\":\"Insert en carbone. Ne convient qu'aux portes moulinets skeleton de TYPE LD. Ils font une longueur d'environ 8,4 cm pour un diam\u00e8tre de 15 mm, le diam\u00e8tre de la partie de l'insert qui ira se loger sous le pas de vis du porte moulinet est de 13 mm. Le per\u00e7age est d'environ 11 mm de diam\u00e8tre. Son poids est d'environ 7,8g. L'insert que vous verrez sur la photo ne sera pas exactement identique a celui que vous recevrez, en effet chaque mod\u00e8le est unique, et \u00e0 des teintes et des motifs plus ou moins diff\u00e9rents. Vous trouverez une photo avec un porte moulinet pour vous donner une id\u00e9e, le porte moulinet n'est pas fourni avec.\"},{\"@type\":\"BreadcrumbList\",\"@id\":\"https:\\\/\\\/mylovelyrods.com\\\/index.php\\\/produit\\\/insert-en-carbone-type-ld\\\/#breadcrumb\",\"itemListElement\":[{\"@type\":\"ListItem\",\"position\":1,\"name\":\"Accueil\",\"item\":\"https:\\\/\\\/mylovelyrods.com\\\/\"},{\"@type\":\"ListItem\",\"position\":2,\"name\":\"Produits\",\"item\":\"https:\\\/\\\/mylovelyrods.com\\\/index.php\\\/boutique\\\/\"},{\"@type\":\"ListItem\",\"position\":3,\"name\":\"Insert en carbone TYPE LD\"}]},{\"@type\":\"WebSite\",\"@id\":\"https:\\\/\\\/mylovelyrods.com\\\/#website\",\"url\":\"https:\\\/\\\/mylovelyrods.com\\\/\",\"name\":\"Mylovelyrods\",\"description\":\"Facteur de canne, restaurations, customisations, rodbuilding, mouches, nymphes et petit mat\u00e9riel...\",\"publisher\":{\"@id\":\"https:\\\/\\\/mylovelyrods.com\\\/#organization\"},\"potentialAction\":[{\"@type\":\"SearchAction\",\"target\":{\"@type\":\"EntryPoint\",\"urlTemplate\":\"https:\\\/\\\/mylovelyrods.com\\\/?s={search_term_string}\"},\"query-input\":{\"@type\":\"PropertyValueSpecification\",\"valueRequired\":true,\"valueName\":\"search_term_string\"}}],\"inLanguage\":\"fr-FR\"},{\"@type\":\"Organization\",\"@id\":\"https:\\\/\\\/mylovelyrods.com\\\/#organization\",\"name\":\"Mylovelyrods\",\"url\":\"https:\\\/\\\/mylovelyrods.com\\\/\",\"logo\":{\"@type\":\"ImageObject\",\"inLanguage\":\"fr-FR\",\"@id\":\"https:\\\/\\\/mylovelyrods.com\\\/#\\\/schema\\\/logo\\\/image\\\/\",\"url\":\"https:\\\/\\\/mylovelyrods.com\\\/wp-content\\\/uploads\\\/2021\\\/01\\\/0001-scaled-e1611186770281.jpg\",\"contentUrl\":\"https:\\\/\\\/mylovelyrods.com\\\/wp-content\\\/uploads\\\/2021\\\/01\\\/0001-scaled-e1611186770281.jpg\",\"width\":2560,\"height\":716,\"caption\":\"Mylovelyrods\"},\"image\":{\"@id\":\"https:\\\/\\\/mylovelyrods.com\\\/#\\\/schema\\\/logo\\\/image\\\/\"},\"sameAs\":[\"https:\\\/\\\/m.facebook.com\\\/people\\\/Mylovelyrods\\\/100062956103344\\\/?locale=fr_FR\",\"https:\\\/\\\/www.instagram.com\\\/mylovelyrods\\\/?hl=fr\"]}]}<\/script>\n<!-- \/ Yoast SEO plugin. -->","yoast_head_json":{"title":"Insert en carbone TYPE LD - Mylovelyrods","description":"Insert en carbone. Ne convient qu'aux portes moulinets skeleton de TYPE LD, Le per\u00e7age est d'environ 11 mm de diam\u00e8tre. Son poids est d'environ 7,8g.","robots":{"index":"index","follow":"follow","max-snippet":"max-snippet:-1","max-image-preview":"max-image-preview:large","max-video-preview":"max-video-preview:-1"},"canonical":"https:\/\/mylovelyrods.com\/index.php\/produit\/insert-en-carbone-type-ld\/","og_locale":"fr_FR","og_type":"article","og_title":"Insert en carbone TYPE LD - Mylovelyrods","og_description":"Insert en carbone. Ne convient qu'aux portes moulinets skeleton de TYPE LD, Le per\u00e7age est d'environ 11 mm de diam\u00e8tre. Son poids est d'environ 7,8g.","og_url":"https:\/\/mylovelyrods.com\/index.php\/produit\/insert-en-carbone-type-ld\/","og_site_name":"Mylovelyrods","article_publisher":"https:\/\/m.facebook.com\/people\/Mylovelyrods\/100062956103344\/?locale=fr_FR","article_modified_time":"2023-05-11T18:46:57+00:00","og_image":[{"width":1908,"height":904,"url":"https:\/\/mylovelyrods.com\/wp-content\/uploads\/2022\/03\/20220307_1736201.jpg","type":"image\/jpeg"}],"twitter_card":"summary_large_image","twitter_misc":{"Dur\u00e9e de lecture estim\u00e9e":"1 minute"},"schema":{"@context":"https:\/\/schema.org","@graph":[{"@type":"WebPage","@id":"https:\/\/mylovelyrods.com\/index.php\/produit\/insert-en-carbone-type-ld\/","url":"https:\/\/mylovelyrods.com\/index.php\/produit\/insert-en-carbone-type-ld\/","name":"Insert en carbone TYPE LD - Mylovelyrods","isPartOf":{"@id":"https:\/\/mylovelyrods.com\/#website"},"primaryImageOfPage":{"@id":"https:\/\/mylovelyrods.com\/index.php\/produit\/insert-en-carbone-type-ld\/#primaryimage"},"image":{"@id":"https:\/\/mylovelyrods.com\/index.php\/produit\/insert-en-carbone-type-ld\/#primaryimage"},"thumbnailUrl":"https:\/\/i0.wp.com\/mylovelyrods.com\/wp-content\/uploads\/2022\/03\/20220307_1736201.jpg?fit=1908%2C904&ssl=1","datePublished":"2022-03-08T12:50:33+00:00","dateModified":"2023-05-11T18:46:57+00:00","description":"Insert en carbone. Ne convient qu'aux portes moulinets skeleton de TYPE LD, Le per\u00e7age est d'environ 11 mm de diam\u00e8tre. Son poids est d'environ 7,8g.","breadcrumb":{"@id":"https:\/\/mylovelyrods.com\/index.php\/produit\/insert-en-carbone-type-ld\/#breadcrumb"},"inLanguage":"fr-FR","potentialAction":[{"@type":"ReadAction","target":["https:\/\/mylovelyrods.com\/index.php\/produit\/insert-en-carbone-type-ld\/"]}]},{"@type":"ImageObject","inLanguage":"fr-FR","@id":"https:\/\/mylovelyrods.com\/index.php\/produit\/insert-en-carbone-type-ld\/#primaryimage","url":"https:\/\/i0.wp.com\/mylovelyrods.com\/wp-content\/uploads\/2022\/03\/20220307_1736201.jpg?fit=1908%2C904&ssl=1","contentUrl":"https:\/\/i0.wp.com\/mylovelyrods.com\/wp-content\/uploads\/2022\/03\/20220307_1736201.jpg?fit=1908%2C904&ssl=1","width":1908,"height":904,"caption":"Insert en carbone. Ne convient qu'aux portes moulinets skeleton de TYPE LD. Ils font une longueur d'environ 8,4 cm pour un diam\u00e8tre de 15 mm, le diam\u00e8tre de la partie de l'insert qui ira se loger sous le pas de vis du porte moulinet est de 13 mm. Le per\u00e7age est d'environ 11 mm de diam\u00e8tre. Son poids est d'environ 7,8g. L'insert que vous verrez sur la photo ne sera pas exactement identique a celui que vous recevrez, en effet chaque mod\u00e8le est unique, et \u00e0 des teintes et des motifs plus ou moins diff\u00e9rents. Vous trouverez une photo avec un porte moulinet pour vous donner une id\u00e9e, le porte moulinet n'est pas fourni avec."},{"@type":"BreadcrumbList","@id":"https:\/\/mylovelyrods.com\/index.php\/produit\/insert-en-carbone-type-ld\/#breadcrumb","itemListElement":[{"@type":"ListItem","position":1,"name":"Accueil","item":"https:\/\/mylovelyrods.com\/"},{"@type":"ListItem","position":2,"name":"Produits","item":"https:\/\/mylovelyrods.com\/index.php\/boutique\/"},{"@type":"ListItem","position":3,"name":"Insert en carbone TYPE LD"}]},{"@type":"WebSite","@id":"https:\/\/mylovelyrods.com\/#website","url":"https:\/\/mylovelyrods.com\/","name":"Mylovelyrods","description":"Facteur de canne, restaurations, customisations, rodbuilding, mouches, nymphes et petit mat\u00e9riel...","publisher":{"@id":"https:\/\/mylovelyrods.com\/#organization"},"potentialAction":[{"@type":"SearchAction","target":{"@type":"EntryPoint","urlTemplate":"https:\/\/mylovelyrods.com\/?s={search_term_string}"},"query-input":{"@type":"PropertyValueSpecification","valueRequired":true,"valueName":"search_term_string"}}],"inLanguage":"fr-FR"},{"@type":"Organization","@id":"https:\/\/mylovelyrods.com\/#organization","name":"Mylovelyrods","url":"https:\/\/mylovelyrods.com\/","logo":{"@type":"ImageObject","inLanguage":"fr-FR","@id":"https:\/\/mylovelyrods.com\/#\/schema\/logo\/image\/","url":"https:\/\/mylovelyrods.com\/wp-content\/uploads\/2021\/01\/0001-scaled-e1611186770281.jpg","contentUrl":"https:\/\/mylovelyrods.com\/wp-content\/uploads\/2021\/01\/0001-scaled-e1611186770281.jpg","width":2560,"height":716,"caption":"Mylovelyrods"},"image":{"@id":"https:\/\/mylovelyrods.com\/#\/schema\/logo\/image\/"},"sameAs":["https:\/\/m.facebook.com\/people\/Mylovelyrods\/100062956103344\/?locale=fr_FR","https:\/\/www.instagram.com\/mylovelyrods\/?hl=fr"]}]}},"jetpack_sharing_enabled":true,"_links":{"self":[{"href":"https:\/\/mylovelyrods.com\/index.php\/wp-json\/wp\/v2\/product\/1648","targetHints":{"allow":["GET"]}}],"collection":[{"href":"https:\/\/mylovelyrods.com\/index.php\/wp-json\/wp\/v2\/product"}],"about":[{"href":"https:\/\/mylovelyrods.com\/index.php\/wp-json\/wp\/v2\/types\/product"}],"wp:featuredmedia":[{"embeddable":true,"href":"https:\/\/mylovelyrods.com\/index.php\/wp-json\/wp\/v2\/media\/1654"}],"wp:attachment":[{"href":"https:\/\/mylovelyrods.com\/index.php\/wp-json\/wp\/v2\/media?parent=1648"}],"wp:term":[{"taxonomy":"product_brand","embeddable":true,"href":"https:\/\/mylovelyrods.com\/index.php\/wp-json\/wp\/v2\/product_brand?post=1648"},{"taxonomy":"product_cat","embeddable":true,"href":"https:\/\/mylovelyrods.com\/index.php\/wp-json\/wp\/v2\/product_cat?post=1648"},{"taxonomy":"product_tag","embeddable":true,"href":"https:\/\/mylovelyrods.com\/index.php\/wp-json\/wp\/v2\/product_tag?post=1648"}],"curies":[{"name":"wp","href":"https:\/\/api.w.org\/{rel}","templated":true}]}}