{"id":1713,"date":"2022-03-14T20:02:35","date_gmt":"2022-03-14T19:02:35","guid":{"rendered":"https:\/\/mylovelyrods.com\/?post_type=product&#038;p=1713"},"modified":"2024-08-24T14:58:28","modified_gmt":"2024-08-24T12:58:28","slug":"tresse-carbone-carbon-sleeve-bleue-foncee","status":"publish","type":"product","link":"https:\/\/mylovelyrods.com\/index.php\/produit\/tresse-carbone-carbon-sleeve-bleue-foncee\/","title":{"rendered":"Tresse carbone Carbon sleeve bleue fonc\u00e9e"},"content":{"rendered":"<p>Tresse carbone Carbon sleeve bleue fonc\u00e9e que j&rsquo;utilise pour le montage de mes poign\u00e9es carbone.<\/p>\n<p>Je prends un peu plus que la longueur de la poign\u00e9e que j&rsquo;ai form\u00e9 \u00e0 l&rsquo;aide du <a href=\"https:\/\/mylovelyrods.com\/index.php\/produit\/tube-foam-poignee-carbone\/\">tube foam poign\u00e9e carbone<\/a>. Puis je la colle \u00e0 l&rsquo;aide de colle epoxy. Lors du s\u00e9chage il faut que le carbone soit bien coll\u00e9 \u00e0 la poign\u00e9e sur toute sa longueur, ainsi que sur le c\u00f4t\u00e9 du porte moulinet.<\/p>\n<p>Ce carbone apporte beaucoup de modernit\u00e9 \u00e0 votre future cr\u00e9ation. Il am\u00e9liore \u00e9galement la sensibilit\u00e9 de votre canne, vous sentirez vos nymphes taper sur les cailloux! Je ne vous parle m\u00eame pas des touches! Le li\u00e8ge \u00e9tant un isolant, il est moins adapt\u00e9e \u00e0 la p\u00eache en nymphe. Lorsque je fais des poign\u00e9es li\u00e8ge sur des cannes pour p\u00eacher en nymphe, j&rsquo;essaies de faire la poign\u00e9e tr\u00e8s fines. Ainsi j&rsquo;\u00e9vite une grosse couche de li\u00e8ge isolante.<\/p>\n<p>Diff\u00e9rents coloris sont disponibles en diff\u00e9rentes longueurs. Si vous choisissez 2 x 25 cm, vous aurez 1 brins de 5O cm.<\/p>\n<p>La tresse est plus ou moins extensible et le diam\u00e8tre de la tresse peut aller de 1cm, \u00e0 3 cm.<\/p>\n<p>La couleur de la Tresse carbone Carbon sleeves peut l\u00e9g\u00e8rement diff\u00e9rer de la photo.<\/p>\n<p>Pour de plus amples informations, n&rsquo;h\u00e9sitez pas \u00e0 me contacter ici.<\/p>\n<p>Vous pouvez me suivre sur les r\u00e9seaux sociaux <a href=\"https:\/\/www.facebook.com\/pages\/category\/Sports\/Mylovelyrods-101775187859974\/\">ici<\/a>, et <a href=\"https:\/\/www.instagram.com\/mylovelyrods\/?hl=fr\">l\u00e0<\/a>.<\/p>\n","protected":false},"excerpt":{"rendered":"<p>Tresse carbone Carbon sleeve bleue fonc\u00e9e que j&rsquo;utilise pour le montage de mes poign\u00e9es carbone.<\/p>\n<p>Je prends un peu plus que la longueur de la poign\u00e9e que j&rsquo;ai form\u00e9 \u00e0 l&rsquo;aide du <a href=\"https:\/\/mylovelyrods.com\/index.php\/produit\/tube-foam-poignee-carbone\/\">tube foam poign\u00e9e carbone<\/a>. Puis je la colle \u00e0 l&rsquo;aide de colle epoxy. Lors du s\u00e9chage il faut que le carbone soit bien coll\u00e9 \u00e0 la poign\u00e9e sur toute sa longueur, ainsi que sur le c\u00f4t\u00e9 du porte moulinet.<\/p>\n<p>Ce carbone apporte beaucoup de modernit\u00e9 \u00e0 votre future cr\u00e9ation. Il am\u00e9liore \u00e9galement la sensibilit\u00e9 de votre canne, vous sentirez vos nymphes taper sur les cailloux! Je ne vous parle m\u00eame pas des touches! Le li\u00e8ge \u00e9tant un isolant, il est moins adapt\u00e9e \u00e0 la p\u00eache en nymphe. Lorsque je fais des poign\u00e9es li\u00e8ge sur des cannes pour p\u00eacher en nymphe, j&rsquo;essaies de faire la poign\u00e9e tr\u00e8s fines. Ainsi j&rsquo;\u00e9vite une grosse couche de li\u00e8ge isolante.<\/p>\n<p>Diff\u00e9rents coloris sont disponibles en diff\u00e9rentes longueurs. Si vous choisissez 2 x 25 cm, vous aurez 1 brins de 5O cm.<\/p>\n<p>La tresse est plus ou moins extensible et le diam\u00e8tre de la tresse peut aller de 1cm, \u00e0 3 cm.<\/p>\n<p>La couleur de la Tresse carbone Carbon sleeves peut l\u00e9g\u00e8rement diff\u00e9rer de la photo.<\/p>\n<p>Pour de plus amples informations, n&rsquo;h\u00e9sitez pas \u00e0 me contacter ici.<\/p>\n<p>Vous pouvez me suivre sur les r\u00e9seaux sociaux <a href=\"https:\/\/www.facebook.com\/pages\/category\/Sports\/Mylovelyrods-101775187859974\/\">ici<\/a>, et <a href=\"https:\/\/www.instagram.com\/mylovelyrods\/?hl=fr\">l\u00e0<\/a>.<\/p>\n","protected":false},"featured_media":1701,"template":"","meta":{"jetpack_post_was_ever_published":false,"_glsr_average":0,"_glsr_ranking":0,"_glsr_reviews":0},"product_brand":[],"product_cat":[51],"product_tag":[],"class_list":{"0":"post-1713","1":"product","2":"type-product","3":"status-publish","4":"has-post-thumbnail","6":"product_cat-montage-de-poignee","8":"first","9":"instock","10":"shipping-taxable","11":"purchasable","12":"product-type-variable"},"yoast_head":"<!-- This site is optimized with the Yoast SEO plugin v27.4 - https:\/\/yoast.com\/product\/yoast-seo-wordpress\/ -->\n<title>Tresse carbone Carbon sleeve bleue fonc\u00e9e - Mylovelyrods<\/title>\n<meta name=\"description\" content=\"Tresse carbone Carbon sleeve bleue fonc\u00e9e que j&#039;utilise pour le montage de mes poign\u00e9es carbone. Ce carbone modernise \u00e0 votre future cr\u00e9ation\" \/>\n<meta name=\"robots\" content=\"index, follow, max-snippet:-1, max-image-preview:large, max-video-preview:-1\" \/>\n<link rel=\"canonical\" href=\"https:\/\/mylovelyrods.com\/index.php\/produit\/tresse-carbone-carbon-sleeve-bleue-foncee\/\" \/>\n<meta property=\"og:locale\" content=\"fr_FR\" \/>\n<meta property=\"og:type\" content=\"article\" \/>\n<meta property=\"og:title\" content=\"Tresse carbone Carbon sleeve bleue fonc\u00e9e - Mylovelyrods\" \/>\n<meta property=\"og:description\" content=\"Tresse carbone Carbon sleeve bleue fonc\u00e9e que j&#039;utilise pour le montage de mes poign\u00e9es carbone. Ce carbone modernise \u00e0 votre future cr\u00e9ation\" \/>\n<meta property=\"og:url\" content=\"https:\/\/mylovelyrods.com\/index.php\/produit\/tresse-carbone-carbon-sleeve-bleue-foncee\/\" \/>\n<meta property=\"og:site_name\" content=\"Mylovelyrods\" \/>\n<meta property=\"article:publisher\" content=\"https:\/\/m.facebook.com\/people\/Mylovelyrods\/100062956103344\/?locale=fr_FR\" \/>\n<meta property=\"article:modified_time\" content=\"2024-08-24T12:58:28+00:00\" \/>\n<meta property=\"og:image\" content=\"https:\/\/mylovelyrods.com\/wp-content\/uploads\/2022\/03\/20220314_170456.jpg\" \/>\n\t<meta property=\"og:image:width\" content=\"1908\" \/>\n\t<meta property=\"og:image:height\" content=\"2110\" \/>\n\t<meta property=\"og:image:type\" content=\"image\/jpeg\" \/>\n<meta name=\"twitter:card\" content=\"summary_large_image\" \/>\n<meta name=\"twitter:label1\" content=\"Dur\u00e9e de lecture estim\u00e9e\" \/>\n\t<meta name=\"twitter:data1\" content=\"2 minutes\" \/>\n<script type=\"application\/ld+json\" class=\"yoast-schema-graph\">{\"@context\":\"https:\\\/\\\/schema.org\",\"@graph\":[{\"@type\":\"WebPage\",\"@id\":\"https:\\\/\\\/mylovelyrods.com\\\/index.php\\\/produit\\\/tresse-carbone-carbon-sleeve-bleue-foncee\\\/\",\"url\":\"https:\\\/\\\/mylovelyrods.com\\\/index.php\\\/produit\\\/tresse-carbone-carbon-sleeve-bleue-foncee\\\/\",\"name\":\"Tresse carbone Carbon sleeve bleue fonc\u00e9e - Mylovelyrods\",\"isPartOf\":{\"@id\":\"https:\\\/\\\/mylovelyrods.com\\\/#website\"},\"primaryImageOfPage\":{\"@id\":\"https:\\\/\\\/mylovelyrods.com\\\/index.php\\\/produit\\\/tresse-carbone-carbon-sleeve-bleue-foncee\\\/#primaryimage\"},\"image\":{\"@id\":\"https:\\\/\\\/mylovelyrods.com\\\/index.php\\\/produit\\\/tresse-carbone-carbon-sleeve-bleue-foncee\\\/#primaryimage\"},\"thumbnailUrl\":\"https:\\\/\\\/i0.wp.com\\\/mylovelyrods.com\\\/wp-content\\\/uploads\\\/2022\\\/03\\\/20220314_170456.jpg?fit=1908%2C2110&ssl=1\",\"datePublished\":\"2022-03-14T19:02:35+00:00\",\"dateModified\":\"2024-08-24T12:58:28+00:00\",\"description\":\"Tresse carbone Carbon sleeve bleue fonc\u00e9e que j'utilise pour le montage de mes poign\u00e9es carbone. Ce carbone modernise \u00e0 votre future cr\u00e9ation\",\"breadcrumb\":{\"@id\":\"https:\\\/\\\/mylovelyrods.com\\\/index.php\\\/produit\\\/tresse-carbone-carbon-sleeve-bleue-foncee\\\/#breadcrumb\"},\"inLanguage\":\"fr-FR\",\"potentialAction\":[{\"@type\":\"ReadAction\",\"target\":[\"https:\\\/\\\/mylovelyrods.com\\\/index.php\\\/produit\\\/tresse-carbone-carbon-sleeve-bleue-foncee\\\/\"]}]},{\"@type\":\"ImageObject\",\"inLanguage\":\"fr-FR\",\"@id\":\"https:\\\/\\\/mylovelyrods.com\\\/index.php\\\/produit\\\/tresse-carbone-carbon-sleeve-bleue-foncee\\\/#primaryimage\",\"url\":\"https:\\\/\\\/i0.wp.com\\\/mylovelyrods.com\\\/wp-content\\\/uploads\\\/2022\\\/03\\\/20220314_170456.jpg?fit=1908%2C2110&ssl=1\",\"contentUrl\":\"https:\\\/\\\/i0.wp.com\\\/mylovelyrods.com\\\/wp-content\\\/uploads\\\/2022\\\/03\\\/20220314_170456.jpg?fit=1908%2C2110&ssl=1\",\"width\":1908,\"height\":2110,\"caption\":\"Tresse carbone bleue fonc\u00e9e, carbon sleeve blue, carbon handle\"},{\"@type\":\"BreadcrumbList\",\"@id\":\"https:\\\/\\\/mylovelyrods.com\\\/index.php\\\/produit\\\/tresse-carbone-carbon-sleeve-bleue-foncee\\\/#breadcrumb\",\"itemListElement\":[{\"@type\":\"ListItem\",\"position\":1,\"name\":\"Accueil\",\"item\":\"https:\\\/\\\/mylovelyrods.com\\\/\"},{\"@type\":\"ListItem\",\"position\":2,\"name\":\"Produits\",\"item\":\"https:\\\/\\\/mylovelyrods.com\\\/index.php\\\/boutique\\\/\"},{\"@type\":\"ListItem\",\"position\":3,\"name\":\"Tresse carbone Carbon sleeve bleue fonc\u00e9e\"}]},{\"@type\":\"WebSite\",\"@id\":\"https:\\\/\\\/mylovelyrods.com\\\/#website\",\"url\":\"https:\\\/\\\/mylovelyrods.com\\\/\",\"name\":\"Mylovelyrods\",\"description\":\"Facteur de canne, restaurations, customisations, rodbuilding, mouches, nymphes et petit mat\u00e9riel...\",\"publisher\":{\"@id\":\"https:\\\/\\\/mylovelyrods.com\\\/#organization\"},\"potentialAction\":[{\"@type\":\"SearchAction\",\"target\":{\"@type\":\"EntryPoint\",\"urlTemplate\":\"https:\\\/\\\/mylovelyrods.com\\\/?s={search_term_string}\"},\"query-input\":{\"@type\":\"PropertyValueSpecification\",\"valueRequired\":true,\"valueName\":\"search_term_string\"}}],\"inLanguage\":\"fr-FR\"},{\"@type\":\"Organization\",\"@id\":\"https:\\\/\\\/mylovelyrods.com\\\/#organization\",\"name\":\"Mylovelyrods\",\"url\":\"https:\\\/\\\/mylovelyrods.com\\\/\",\"logo\":{\"@type\":\"ImageObject\",\"inLanguage\":\"fr-FR\",\"@id\":\"https:\\\/\\\/mylovelyrods.com\\\/#\\\/schema\\\/logo\\\/image\\\/\",\"url\":\"https:\\\/\\\/mylovelyrods.com\\\/wp-content\\\/uploads\\\/2021\\\/01\\\/0001-scaled-e1611186770281.jpg\",\"contentUrl\":\"https:\\\/\\\/mylovelyrods.com\\\/wp-content\\\/uploads\\\/2021\\\/01\\\/0001-scaled-e1611186770281.jpg\",\"width\":2560,\"height\":716,\"caption\":\"Mylovelyrods\"},\"image\":{\"@id\":\"https:\\\/\\\/mylovelyrods.com\\\/#\\\/schema\\\/logo\\\/image\\\/\"},\"sameAs\":[\"https:\\\/\\\/m.facebook.com\\\/people\\\/Mylovelyrods\\\/100062956103344\\\/?locale=fr_FR\",\"https:\\\/\\\/www.instagram.com\\\/mylovelyrods\\\/?hl=fr\"]}]}<\/script>\n<!-- \/ Yoast SEO plugin. -->","yoast_head_json":{"title":"Tresse carbone Carbon sleeve bleue fonc\u00e9e - Mylovelyrods","description":"Tresse carbone Carbon sleeve bleue fonc\u00e9e que j'utilise pour le montage de mes poign\u00e9es carbone. Ce carbone modernise \u00e0 votre future cr\u00e9ation","robots":{"index":"index","follow":"follow","max-snippet":"max-snippet:-1","max-image-preview":"max-image-preview:large","max-video-preview":"max-video-preview:-1"},"canonical":"https:\/\/mylovelyrods.com\/index.php\/produit\/tresse-carbone-carbon-sleeve-bleue-foncee\/","og_locale":"fr_FR","og_type":"article","og_title":"Tresse carbone Carbon sleeve bleue fonc\u00e9e - Mylovelyrods","og_description":"Tresse carbone Carbon sleeve bleue fonc\u00e9e que j'utilise pour le montage de mes poign\u00e9es carbone. Ce carbone modernise \u00e0 votre future cr\u00e9ation","og_url":"https:\/\/mylovelyrods.com\/index.php\/produit\/tresse-carbone-carbon-sleeve-bleue-foncee\/","og_site_name":"Mylovelyrods","article_publisher":"https:\/\/m.facebook.com\/people\/Mylovelyrods\/100062956103344\/?locale=fr_FR","article_modified_time":"2024-08-24T12:58:28+00:00","og_image":[{"width":1908,"height":2110,"url":"https:\/\/mylovelyrods.com\/wp-content\/uploads\/2022\/03\/20220314_170456.jpg","type":"image\/jpeg"}],"twitter_card":"summary_large_image","twitter_misc":{"Dur\u00e9e de lecture estim\u00e9e":"2 minutes"},"schema":{"@context":"https:\/\/schema.org","@graph":[{"@type":"WebPage","@id":"https:\/\/mylovelyrods.com\/index.php\/produit\/tresse-carbone-carbon-sleeve-bleue-foncee\/","url":"https:\/\/mylovelyrods.com\/index.php\/produit\/tresse-carbone-carbon-sleeve-bleue-foncee\/","name":"Tresse carbone Carbon sleeve bleue fonc\u00e9e - Mylovelyrods","isPartOf":{"@id":"https:\/\/mylovelyrods.com\/#website"},"primaryImageOfPage":{"@id":"https:\/\/mylovelyrods.com\/index.php\/produit\/tresse-carbone-carbon-sleeve-bleue-foncee\/#primaryimage"},"image":{"@id":"https:\/\/mylovelyrods.com\/index.php\/produit\/tresse-carbone-carbon-sleeve-bleue-foncee\/#primaryimage"},"thumbnailUrl":"https:\/\/i0.wp.com\/mylovelyrods.com\/wp-content\/uploads\/2022\/03\/20220314_170456.jpg?fit=1908%2C2110&ssl=1","datePublished":"2022-03-14T19:02:35+00:00","dateModified":"2024-08-24T12:58:28+00:00","description":"Tresse carbone Carbon sleeve bleue fonc\u00e9e que j'utilise pour le montage de mes poign\u00e9es carbone. Ce carbone modernise \u00e0 votre future cr\u00e9ation","breadcrumb":{"@id":"https:\/\/mylovelyrods.com\/index.php\/produit\/tresse-carbone-carbon-sleeve-bleue-foncee\/#breadcrumb"},"inLanguage":"fr-FR","potentialAction":[{"@type":"ReadAction","target":["https:\/\/mylovelyrods.com\/index.php\/produit\/tresse-carbone-carbon-sleeve-bleue-foncee\/"]}]},{"@type":"ImageObject","inLanguage":"fr-FR","@id":"https:\/\/mylovelyrods.com\/index.php\/produit\/tresse-carbone-carbon-sleeve-bleue-foncee\/#primaryimage","url":"https:\/\/i0.wp.com\/mylovelyrods.com\/wp-content\/uploads\/2022\/03\/20220314_170456.jpg?fit=1908%2C2110&ssl=1","contentUrl":"https:\/\/i0.wp.com\/mylovelyrods.com\/wp-content\/uploads\/2022\/03\/20220314_170456.jpg?fit=1908%2C2110&ssl=1","width":1908,"height":2110,"caption":"Tresse carbone bleue fonc\u00e9e, carbon sleeve blue, carbon handle"},{"@type":"BreadcrumbList","@id":"https:\/\/mylovelyrods.com\/index.php\/produit\/tresse-carbone-carbon-sleeve-bleue-foncee\/#breadcrumb","itemListElement":[{"@type":"ListItem","position":1,"name":"Accueil","item":"https:\/\/mylovelyrods.com\/"},{"@type":"ListItem","position":2,"name":"Produits","item":"https:\/\/mylovelyrods.com\/index.php\/boutique\/"},{"@type":"ListItem","position":3,"name":"Tresse carbone Carbon sleeve bleue fonc\u00e9e"}]},{"@type":"WebSite","@id":"https:\/\/mylovelyrods.com\/#website","url":"https:\/\/mylovelyrods.com\/","name":"Mylovelyrods","description":"Facteur de canne, restaurations, customisations, rodbuilding, mouches, nymphes et petit mat\u00e9riel...","publisher":{"@id":"https:\/\/mylovelyrods.com\/#organization"},"potentialAction":[{"@type":"SearchAction","target":{"@type":"EntryPoint","urlTemplate":"https:\/\/mylovelyrods.com\/?s={search_term_string}"},"query-input":{"@type":"PropertyValueSpecification","valueRequired":true,"valueName":"search_term_string"}}],"inLanguage":"fr-FR"},{"@type":"Organization","@id":"https:\/\/mylovelyrods.com\/#organization","name":"Mylovelyrods","url":"https:\/\/mylovelyrods.com\/","logo":{"@type":"ImageObject","inLanguage":"fr-FR","@id":"https:\/\/mylovelyrods.com\/#\/schema\/logo\/image\/","url":"https:\/\/mylovelyrods.com\/wp-content\/uploads\/2021\/01\/0001-scaled-e1611186770281.jpg","contentUrl":"https:\/\/mylovelyrods.com\/wp-content\/uploads\/2021\/01\/0001-scaled-e1611186770281.jpg","width":2560,"height":716,"caption":"Mylovelyrods"},"image":{"@id":"https:\/\/mylovelyrods.com\/#\/schema\/logo\/image\/"},"sameAs":["https:\/\/m.facebook.com\/people\/Mylovelyrods\/100062956103344\/?locale=fr_FR","https:\/\/www.instagram.com\/mylovelyrods\/?hl=fr"]}]}},"jetpack_sharing_enabled":true,"_links":{"self":[{"href":"https:\/\/mylovelyrods.com\/index.php\/wp-json\/wp\/v2\/product\/1713","targetHints":{"allow":["GET"]}}],"collection":[{"href":"https:\/\/mylovelyrods.com\/index.php\/wp-json\/wp\/v2\/product"}],"about":[{"href":"https:\/\/mylovelyrods.com\/index.php\/wp-json\/wp\/v2\/types\/product"}],"wp:featuredmedia":[{"embeddable":true,"href":"https:\/\/mylovelyrods.com\/index.php\/wp-json\/wp\/v2\/media\/1701"}],"wp:attachment":[{"href":"https:\/\/mylovelyrods.com\/index.php\/wp-json\/wp\/v2\/media?parent=1713"}],"wp:term":[{"taxonomy":"product_brand","embeddable":true,"href":"https:\/\/mylovelyrods.com\/index.php\/wp-json\/wp\/v2\/product_brand?post=1713"},{"taxonomy":"product_cat","embeddable":true,"href":"https:\/\/mylovelyrods.com\/index.php\/wp-json\/wp\/v2\/product_cat?post=1713"},{"taxonomy":"product_tag","embeddable":true,"href":"https:\/\/mylovelyrods.com\/index.php\/wp-json\/wp\/v2\/product_tag?post=1713"}],"curies":[{"name":"wp","href":"https:\/\/api.w.org\/{rel}","templated":true}]}}