{"id":2291,"date":"2022-10-16T20:49:15","date_gmt":"2022-10-16T18:49:15","guid":{"rendered":"https:\/\/mylovelyrods.com\/?post_type=product&#038;p=2291"},"modified":"2026-02-07T16:56:48","modified_gmt":"2026-02-07T15:56:48","slug":"blank-10-4-5-en-4-brins","status":"publish","type":"product","link":"https:\/\/mylovelyrods.com\/index.php\/produit\/blank-10-4-5-en-4-brins\/","title":{"rendered":"Blank 10&prime; #4\/5 en 4 brins"},"content":{"rendered":"<p>Blank en 10&prime; #4\/5 en 4 brins, de couleur marron fonc\u00e9 mate Il est en 40T Japan Toray Carbon. le blank a un AA (Action Angle) de 75\u00b0 ce qui classe l&rsquo;action de la canne en Fast.<\/p>\n<p>Ce blank est FOURNI AVEC UNE SCION SUPPL\u00c9MENTAIRE.<\/p>\n<p>Il a une excellente r\u00e9serve de puissance et vous procurera une excellente pr\u00e9cision dans le lancer. Sa sensibilit\u00e9 vous permettra de le monter pour la nymphe au fil, mais il peut faire \u00e9galement une excellente canne pour la mouche s\u00e8che.<\/p>\n<p>Blank en 10&prime; #4\/5 en 4 brins d&rsquo;un poids de 44g.<\/p>\n<p>Si vous souhaitez une housse pour habiller ce blank, vous en trouverez <a href=\"https:\/\/mylovelyrods.com\/index.php\/categorie-produit\/housse-tube-protection\/\">ICI<\/a>.<\/p>\n<p>Pour plus de renseignements n&rsquo;h\u00e9sitez pas \u00e0 m&rsquo;\u00e9crire <a href=\"https:\/\/mylovelyrods.com\/index.php\/demande-devis-contact-canne-a-peche-artisanale\/\">ICI<\/a>.<\/p>\n<p>Pour me suivre sur les r\u00e9seaux sociaux c&rsquo;est par <a href=\"https:\/\/m.facebook.com\/people\/Mylovelyrods\/100062956103344\/\">ici<\/a> et par <a href=\"https:\/\/www.instagram.com\/mylovelyrods\/?hl=fr\">l\u00e0<\/a>!<\/p>\n","protected":false},"excerpt":{"rendered":"<p>Blank en 10&prime; #4\/5 en 4 brins, de couleur marron fonc\u00e9 mate Il est en 40T Japan Toray Carbon. le blank a un AA (Action Angle) de 75\u00b0 ce qui classe l&rsquo;action de la canne en Fast.<\/p>\n<p>Ce blank est FOURNI AVEC UNE SCION SUPPL\u00c9MENTAIRE.<\/p>\n<p>Il a une excellente r\u00e9serve de puissance et vous procurera une excellente pr\u00e9cision dans le lancer. Sa sensibilit\u00e9 vous permettra de le monter pour la nymphe au fil, mais il peut faire \u00e9galement une excellente canne pour la mouche s\u00e8che.<\/p>\n<p>Blank en 10&prime; #4\/5 en 4 brins d&rsquo;un poids de 44g.<\/p>\n<p>Si vous souhaitez une housse pour habiller ce blank, vous en trouverez <a href=\"https:\/\/mylovelyrods.com\/index.php\/categorie-produit\/housse-tube-protection\/\">ICI<\/a>.<\/p>\n<p>Pour plus de renseignements n&rsquo;h\u00e9sitez pas \u00e0 m&rsquo;\u00e9crire <a href=\"https:\/\/mylovelyrods.com\/index.php\/demande-devis-contact-canne-a-peche-artisanale\/\">ICI<\/a>.<\/p>\n<p>Pour me suivre sur les r\u00e9seaux sociaux c&rsquo;est par <a href=\"https:\/\/m.facebook.com\/people\/Mylovelyrods\/100062956103344\/\">ici<\/a> et par <a href=\"https:\/\/www.instagram.com\/mylovelyrods\/?hl=fr\">l\u00e0<\/a>!<\/p>\n","protected":false},"featured_media":2292,"template":"","meta":{"jetpack_post_was_ever_published":false,"_glsr_average":0,"_glsr_ranking":0,"_glsr_reviews":0},"product_brand":[],"product_cat":[33],"product_tag":[],"class_list":{"0":"post-2291","1":"product","2":"type-product","3":"status-publish","4":"has-post-thumbnail","6":"product_cat-blanks","7":"product_shipping_class-blank","9":"first","10":"outofstock","11":"shipping-taxable","12":"purchasable","13":"product-type-simple"},"yoast_head":"<!-- This site is optimized with the Yoast SEO plugin v27.4 - https:\/\/yoast.com\/product\/yoast-seo-wordpress\/ -->\n<title>Blank 10&#039; #4\/5 en 4 brins - Mylovelyrods<\/title>\n<meta name=\"description\" content=\"Blank en 10&#039; #4\/5 en 4 brins, de couleur marron fonc\u00e9 mate Il est en 40T Japan Toray Carbon. Le poids du blank est de 44g.\" \/>\n<meta name=\"robots\" content=\"index, follow, max-snippet:-1, max-image-preview:large, max-video-preview:-1\" \/>\n<link rel=\"canonical\" href=\"https:\/\/mylovelyrods.com\/index.php\/produit\/blank-10-4-5-en-4-brins\/\" \/>\n<meta property=\"og:locale\" content=\"fr_FR\" \/>\n<meta property=\"og:type\" content=\"article\" \/>\n<meta property=\"og:title\" content=\"Blank 10&#039; #4\/5 en 4 brins - Mylovelyrods\" \/>\n<meta property=\"og:description\" content=\"Blank en 10&#039; #4\/5 en 4 brins, de couleur marron fonc\u00e9 mate Il est en 40T Japan Toray Carbon. Le poids du blank est de 44g.\" \/>\n<meta property=\"og:url\" content=\"https:\/\/mylovelyrods.com\/index.php\/produit\/blank-10-4-5-en-4-brins\/\" \/>\n<meta property=\"og:site_name\" content=\"Mylovelyrods\" \/>\n<meta property=\"article:publisher\" content=\"https:\/\/m.facebook.com\/people\/Mylovelyrods\/100062956103344\/?locale=fr_FR\" \/>\n<meta property=\"article:modified_time\" content=\"2026-02-07T15:56:48+00:00\" \/>\n<meta property=\"og:image\" content=\"https:\/\/mylovelyrods.com\/wp-content\/uploads\/2022\/10\/20221016_170105-scaled.jpg\" \/>\n\t<meta property=\"og:image:width\" content=\"1211\" \/>\n\t<meta property=\"og:image:height\" content=\"2560\" \/>\n\t<meta property=\"og:image:type\" content=\"image\/jpeg\" \/>\n<meta name=\"twitter:card\" content=\"summary_large_image\" \/>\n<meta name=\"twitter:label1\" content=\"Dur\u00e9e de lecture estim\u00e9e\" \/>\n\t<meta name=\"twitter:data1\" content=\"1 minute\" \/>\n<script type=\"application\/ld+json\" class=\"yoast-schema-graph\">{\"@context\":\"https:\\\/\\\/schema.org\",\"@graph\":[{\"@type\":\"WebPage\",\"@id\":\"https:\\\/\\\/mylovelyrods.com\\\/index.php\\\/produit\\\/blank-10-4-5-en-4-brins\\\/\",\"url\":\"https:\\\/\\\/mylovelyrods.com\\\/index.php\\\/produit\\\/blank-10-4-5-en-4-brins\\\/\",\"name\":\"Blank 10' #4\\\/5 en 4 brins - Mylovelyrods\",\"isPartOf\":{\"@id\":\"https:\\\/\\\/mylovelyrods.com\\\/#website\"},\"primaryImageOfPage\":{\"@id\":\"https:\\\/\\\/mylovelyrods.com\\\/index.php\\\/produit\\\/blank-10-4-5-en-4-brins\\\/#primaryimage\"},\"image\":{\"@id\":\"https:\\\/\\\/mylovelyrods.com\\\/index.php\\\/produit\\\/blank-10-4-5-en-4-brins\\\/#primaryimage\"},\"thumbnailUrl\":\"https:\\\/\\\/i0.wp.com\\\/mylovelyrods.com\\\/wp-content\\\/uploads\\\/2022\\\/10\\\/20221016_170105-scaled.jpg?fit=1211%2C2560&ssl=1\",\"datePublished\":\"2022-10-16T18:49:15+00:00\",\"dateModified\":\"2026-02-07T15:56:48+00:00\",\"description\":\"Blank en 10' #4\\\/5 en 4 brins, de couleur marron fonc\u00e9 mate Il est en 40T Japan Toray Carbon. Le poids du blank est de 44g.\",\"breadcrumb\":{\"@id\":\"https:\\\/\\\/mylovelyrods.com\\\/index.php\\\/produit\\\/blank-10-4-5-en-4-brins\\\/#breadcrumb\"},\"inLanguage\":\"fr-FR\",\"potentialAction\":[{\"@type\":\"ReadAction\",\"target\":[\"https:\\\/\\\/mylovelyrods.com\\\/index.php\\\/produit\\\/blank-10-4-5-en-4-brins\\\/\"]}]},{\"@type\":\"ImageObject\",\"inLanguage\":\"fr-FR\",\"@id\":\"https:\\\/\\\/mylovelyrods.com\\\/index.php\\\/produit\\\/blank-10-4-5-en-4-brins\\\/#primaryimage\",\"url\":\"https:\\\/\\\/i0.wp.com\\\/mylovelyrods.com\\\/wp-content\\\/uploads\\\/2022\\\/10\\\/20221016_170105-scaled.jpg?fit=1211%2C2560&ssl=1\",\"contentUrl\":\"https:\\\/\\\/i0.wp.com\\\/mylovelyrods.com\\\/wp-content\\\/uploads\\\/2022\\\/10\\\/20221016_170105-scaled.jpg?fit=1211%2C2560&ssl=1\",\"width\":1211,\"height\":2560,\"caption\":\"Blank en 10' #4\\\/5 en 4 brins, de couleur marron fonc\u00e9 mate Il est en 40T Japan Toray Carbon\"},{\"@type\":\"BreadcrumbList\",\"@id\":\"https:\\\/\\\/mylovelyrods.com\\\/index.php\\\/produit\\\/blank-10-4-5-en-4-brins\\\/#breadcrumb\",\"itemListElement\":[{\"@type\":\"ListItem\",\"position\":1,\"name\":\"Accueil\",\"item\":\"https:\\\/\\\/mylovelyrods.com\\\/\"},{\"@type\":\"ListItem\",\"position\":2,\"name\":\"Produits\",\"item\":\"https:\\\/\\\/mylovelyrods.com\\\/index.php\\\/boutique\\\/\"},{\"@type\":\"ListItem\",\"position\":3,\"name\":\"Blank 10&prime; #4\\\/5 en 4 brins\"}]},{\"@type\":\"WebSite\",\"@id\":\"https:\\\/\\\/mylovelyrods.com\\\/#website\",\"url\":\"https:\\\/\\\/mylovelyrods.com\\\/\",\"name\":\"Mylovelyrods\",\"description\":\"Facteur de canne, restaurations, customisations, rodbuilding, mouches, nymphes et petit mat\u00e9riel...\",\"publisher\":{\"@id\":\"https:\\\/\\\/mylovelyrods.com\\\/#organization\"},\"potentialAction\":[{\"@type\":\"SearchAction\",\"target\":{\"@type\":\"EntryPoint\",\"urlTemplate\":\"https:\\\/\\\/mylovelyrods.com\\\/?s={search_term_string}\"},\"query-input\":{\"@type\":\"PropertyValueSpecification\",\"valueRequired\":true,\"valueName\":\"search_term_string\"}}],\"inLanguage\":\"fr-FR\"},{\"@type\":\"Organization\",\"@id\":\"https:\\\/\\\/mylovelyrods.com\\\/#organization\",\"name\":\"Mylovelyrods\",\"url\":\"https:\\\/\\\/mylovelyrods.com\\\/\",\"logo\":{\"@type\":\"ImageObject\",\"inLanguage\":\"fr-FR\",\"@id\":\"https:\\\/\\\/mylovelyrods.com\\\/#\\\/schema\\\/logo\\\/image\\\/\",\"url\":\"https:\\\/\\\/mylovelyrods.com\\\/wp-content\\\/uploads\\\/2021\\\/01\\\/0001-scaled-e1611186770281.jpg\",\"contentUrl\":\"https:\\\/\\\/mylovelyrods.com\\\/wp-content\\\/uploads\\\/2021\\\/01\\\/0001-scaled-e1611186770281.jpg\",\"width\":2560,\"height\":716,\"caption\":\"Mylovelyrods\"},\"image\":{\"@id\":\"https:\\\/\\\/mylovelyrods.com\\\/#\\\/schema\\\/logo\\\/image\\\/\"},\"sameAs\":[\"https:\\\/\\\/m.facebook.com\\\/people\\\/Mylovelyrods\\\/100062956103344\\\/?locale=fr_FR\",\"https:\\\/\\\/www.instagram.com\\\/mylovelyrods\\\/?hl=fr\"]}]}<\/script>\n<!-- \/ Yoast SEO plugin. -->","yoast_head_json":{"title":"Blank 10' #4\/5 en 4 brins - Mylovelyrods","description":"Blank en 10' #4\/5 en 4 brins, de couleur marron fonc\u00e9 mate Il est en 40T Japan Toray Carbon. Le poids du blank est de 44g.","robots":{"index":"index","follow":"follow","max-snippet":"max-snippet:-1","max-image-preview":"max-image-preview:large","max-video-preview":"max-video-preview:-1"},"canonical":"https:\/\/mylovelyrods.com\/index.php\/produit\/blank-10-4-5-en-4-brins\/","og_locale":"fr_FR","og_type":"article","og_title":"Blank 10' #4\/5 en 4 brins - Mylovelyrods","og_description":"Blank en 10' #4\/5 en 4 brins, de couleur marron fonc\u00e9 mate Il est en 40T Japan Toray Carbon. Le poids du blank est de 44g.","og_url":"https:\/\/mylovelyrods.com\/index.php\/produit\/blank-10-4-5-en-4-brins\/","og_site_name":"Mylovelyrods","article_publisher":"https:\/\/m.facebook.com\/people\/Mylovelyrods\/100062956103344\/?locale=fr_FR","article_modified_time":"2026-02-07T15:56:48+00:00","og_image":[{"width":1211,"height":2560,"url":"https:\/\/mylovelyrods.com\/wp-content\/uploads\/2022\/10\/20221016_170105-scaled.jpg","type":"image\/jpeg"}],"twitter_card":"summary_large_image","twitter_misc":{"Dur\u00e9e de lecture estim\u00e9e":"1 minute"},"schema":{"@context":"https:\/\/schema.org","@graph":[{"@type":"WebPage","@id":"https:\/\/mylovelyrods.com\/index.php\/produit\/blank-10-4-5-en-4-brins\/","url":"https:\/\/mylovelyrods.com\/index.php\/produit\/blank-10-4-5-en-4-brins\/","name":"Blank 10' #4\/5 en 4 brins - Mylovelyrods","isPartOf":{"@id":"https:\/\/mylovelyrods.com\/#website"},"primaryImageOfPage":{"@id":"https:\/\/mylovelyrods.com\/index.php\/produit\/blank-10-4-5-en-4-brins\/#primaryimage"},"image":{"@id":"https:\/\/mylovelyrods.com\/index.php\/produit\/blank-10-4-5-en-4-brins\/#primaryimage"},"thumbnailUrl":"https:\/\/i0.wp.com\/mylovelyrods.com\/wp-content\/uploads\/2022\/10\/20221016_170105-scaled.jpg?fit=1211%2C2560&ssl=1","datePublished":"2022-10-16T18:49:15+00:00","dateModified":"2026-02-07T15:56:48+00:00","description":"Blank en 10' #4\/5 en 4 brins, de couleur marron fonc\u00e9 mate Il est en 40T Japan Toray Carbon. Le poids du blank est de 44g.","breadcrumb":{"@id":"https:\/\/mylovelyrods.com\/index.php\/produit\/blank-10-4-5-en-4-brins\/#breadcrumb"},"inLanguage":"fr-FR","potentialAction":[{"@type":"ReadAction","target":["https:\/\/mylovelyrods.com\/index.php\/produit\/blank-10-4-5-en-4-brins\/"]}]},{"@type":"ImageObject","inLanguage":"fr-FR","@id":"https:\/\/mylovelyrods.com\/index.php\/produit\/blank-10-4-5-en-4-brins\/#primaryimage","url":"https:\/\/i0.wp.com\/mylovelyrods.com\/wp-content\/uploads\/2022\/10\/20221016_170105-scaled.jpg?fit=1211%2C2560&ssl=1","contentUrl":"https:\/\/i0.wp.com\/mylovelyrods.com\/wp-content\/uploads\/2022\/10\/20221016_170105-scaled.jpg?fit=1211%2C2560&ssl=1","width":1211,"height":2560,"caption":"Blank en 10' #4\/5 en 4 brins, de couleur marron fonc\u00e9 mate Il est en 40T Japan Toray Carbon"},{"@type":"BreadcrumbList","@id":"https:\/\/mylovelyrods.com\/index.php\/produit\/blank-10-4-5-en-4-brins\/#breadcrumb","itemListElement":[{"@type":"ListItem","position":1,"name":"Accueil","item":"https:\/\/mylovelyrods.com\/"},{"@type":"ListItem","position":2,"name":"Produits","item":"https:\/\/mylovelyrods.com\/index.php\/boutique\/"},{"@type":"ListItem","position":3,"name":"Blank 10&prime; #4\/5 en 4 brins"}]},{"@type":"WebSite","@id":"https:\/\/mylovelyrods.com\/#website","url":"https:\/\/mylovelyrods.com\/","name":"Mylovelyrods","description":"Facteur de canne, restaurations, customisations, rodbuilding, mouches, nymphes et petit mat\u00e9riel...","publisher":{"@id":"https:\/\/mylovelyrods.com\/#organization"},"potentialAction":[{"@type":"SearchAction","target":{"@type":"EntryPoint","urlTemplate":"https:\/\/mylovelyrods.com\/?s={search_term_string}"},"query-input":{"@type":"PropertyValueSpecification","valueRequired":true,"valueName":"search_term_string"}}],"inLanguage":"fr-FR"},{"@type":"Organization","@id":"https:\/\/mylovelyrods.com\/#organization","name":"Mylovelyrods","url":"https:\/\/mylovelyrods.com\/","logo":{"@type":"ImageObject","inLanguage":"fr-FR","@id":"https:\/\/mylovelyrods.com\/#\/schema\/logo\/image\/","url":"https:\/\/mylovelyrods.com\/wp-content\/uploads\/2021\/01\/0001-scaled-e1611186770281.jpg","contentUrl":"https:\/\/mylovelyrods.com\/wp-content\/uploads\/2021\/01\/0001-scaled-e1611186770281.jpg","width":2560,"height":716,"caption":"Mylovelyrods"},"image":{"@id":"https:\/\/mylovelyrods.com\/#\/schema\/logo\/image\/"},"sameAs":["https:\/\/m.facebook.com\/people\/Mylovelyrods\/100062956103344\/?locale=fr_FR","https:\/\/www.instagram.com\/mylovelyrods\/?hl=fr"]}]}},"jetpack_sharing_enabled":true,"_links":{"self":[{"href":"https:\/\/mylovelyrods.com\/index.php\/wp-json\/wp\/v2\/product\/2291","targetHints":{"allow":["GET"]}}],"collection":[{"href":"https:\/\/mylovelyrods.com\/index.php\/wp-json\/wp\/v2\/product"}],"about":[{"href":"https:\/\/mylovelyrods.com\/index.php\/wp-json\/wp\/v2\/types\/product"}],"wp:featuredmedia":[{"embeddable":true,"href":"https:\/\/mylovelyrods.com\/index.php\/wp-json\/wp\/v2\/media\/2292"}],"wp:attachment":[{"href":"https:\/\/mylovelyrods.com\/index.php\/wp-json\/wp\/v2\/media?parent=2291"}],"wp:term":[{"taxonomy":"product_brand","embeddable":true,"href":"https:\/\/mylovelyrods.com\/index.php\/wp-json\/wp\/v2\/product_brand?post=2291"},{"taxonomy":"product_cat","embeddable":true,"href":"https:\/\/mylovelyrods.com\/index.php\/wp-json\/wp\/v2\/product_cat?post=2291"},{"taxonomy":"product_tag","embeddable":true,"href":"https:\/\/mylovelyrods.com\/index.php\/wp-json\/wp\/v2\/product_tag?post=2291"}],"curies":[{"name":"wp","href":"https:\/\/api.w.org\/{rel}","templated":true}]}}