{"id":2299,"date":"2022-10-16T21:41:14","date_gmt":"2022-10-16T19:41:14","guid":{"rendered":"https:\/\/mylovelyrods.com\/?post_type=product&#038;p=2299"},"modified":"2026-01-31T21:31:20","modified_gmt":"2026-01-31T20:31:20","slug":"blank-7-6-4","status":"publish","type":"product","link":"https:\/\/mylovelyrods.com\/index.php\/produit\/blank-7-6-4\/","title":{"rendered":"Blank 7&rsquo;6&Prime; #4"},"content":{"rendered":"<p>Blank 7&rsquo;6&Prime; #4 en 4 brins, de couleur vert \u00ab\u00a0metallique\u00a0\u00bb Il est en carbone HM (Haut Module), le blank a un AA (Action Angle) de 73\u00b0 ce qui classe l&rsquo;action de la canne en Fast.<\/p>\n<p>Ce blank est FOURNI AVEC UNE SCION SUPPL\u00c9MENTAIRE.<\/p>\n<p>Il a une excellente r\u00e9serve de puissance et vous procurera une excellente pr\u00e9cision dans le lancer. Ce blank sera un s\u00e9rieux alli\u00e9 pour vous monter une petite canne passe partout pour p\u00eacher en petite rivi\u00e8re.<\/p>\n<p>Blank en 7&rsquo;6&Prime; #4 en 4 brins d&rsquo;un poids de 25g.<\/p>\n<p>Si vous souhaitez une housse pour habiller ce blank, vous en trouverez <a href=\"https:\/\/mylovelyrods.com\/index.php\/categorie-produit\/housse-tube-protection\/\">ICI<\/a>.<\/p>\n<p>Pour plus de renseignements n&rsquo;h\u00e9sitez pas \u00e0 m&rsquo;\u00e9crire <a href=\"https:\/\/mylovelyrods.com\/index.php\/demande-devis-contact-canne-a-peche-artisanale\/\">ICI<\/a>.<\/p>\n<p>Pour me suivre sur les r\u00e9seaux sociaux c&rsquo;est par <a href=\"https:\/\/m.facebook.com\/people\/Mylovelyrods\/100062956103344\/\">ici<\/a> et par <a href=\"https:\/\/www.instagram.com\/mylovelyrods\/?hl=fr\">l\u00e0<\/a>!<\/p>\n","protected":false},"excerpt":{"rendered":"<p>Blank en 7&rsquo;6&Prime; #4 en 4 brins, de couleur vert \u00ab\u00a0metallique\u00a0\u00bb Il est en carbone HM (Haut Module), le blank a un AA (Action Angle) de 73\u00b0 ce qui classe l&rsquo;action de la canne en Fast.<\/p>\n<p>Ce blank est FOURNI AVEC UNE SCION SUPPL\u00c9MENTAIRE.<\/p>\n<p>Il a une excellente r\u00e9serve de puissance et vous procurera une excellente pr\u00e9cision dans le lancer. Ce blank sera un s\u00e9rieux alli\u00e9 pour vous monter une petite canne passe partout pour p\u00eacher en petite rivi\u00e8re.<\/p>\n<p>Blank en 7&rsquo;6&Prime; #4 en 4 brins d&rsquo;un poids de 25g.<\/p>\n<p>Si vous souhaitez une housse pour habiller ce blank, vous en trouverez <a href=\"https:\/\/mylovelyrods.com\/index.php\/categorie-produit\/housse-tube-protection\/\">ICI<\/a>.<\/p>\n<p>Pour plus de renseignements n&rsquo;h\u00e9sitez pas \u00e0 m&rsquo;\u00e9crire <a href=\"https:\/\/mylovelyrods.com\/index.php\/demande-devis-contact-canne-a-peche-artisanale\/\">ICI<\/a>.<\/p>\n<p>Pour me suivre sur les r\u00e9seaux sociaux c&rsquo;est par <a href=\"https:\/\/m.facebook.com\/people\/Mylovelyrods\/100062956103344\/\">ici<\/a> et par <a href=\"https:\/\/www.instagram.com\/mylovelyrods\/?hl=fr\">l\u00e0<\/a>!<\/p>\n","protected":false},"featured_media":2300,"template":"","meta":{"jetpack_post_was_ever_published":false,"_glsr_average":0,"_glsr_ranking":0,"_glsr_reviews":0},"product_brand":[],"product_cat":[33],"product_tag":[],"class_list":{"0":"post-2299","1":"product","2":"type-product","3":"status-publish","4":"has-post-thumbnail","6":"product_cat-blanks","7":"product_shipping_class-blank","9":"first","10":"instock","11":"shipping-taxable","12":"purchasable","13":"product-type-simple"},"yoast_head":"<!-- This site is optimized with the Yoast SEO plugin v27.4 - https:\/\/yoast.com\/product\/yoast-seo-wordpress\/ -->\n<title>Blank 7&#039;6&quot; #4 - Mylovelyrods<\/title>\n<meta name=\"description\" content=\"Blank en 7&#039;6&quot; #4 en 4 brins, de couleur vert &quot;m\u00e9tallique&quot; Il est en carbone HM (Haut Module), le blank a une action Fast.\" \/>\n<meta name=\"robots\" content=\"index, follow, max-snippet:-1, max-image-preview:large, max-video-preview:-1\" \/>\n<link rel=\"canonical\" href=\"https:\/\/mylovelyrods.com\/index.php\/produit\/blank-7-6-4\/\" \/>\n<meta property=\"og:locale\" content=\"fr_FR\" \/>\n<meta property=\"og:type\" content=\"article\" \/>\n<meta property=\"og:title\" content=\"Blank 7&#039;6&quot; #4 - Mylovelyrods\" \/>\n<meta property=\"og:description\" content=\"Blank en 7&#039;6&quot; #4 en 4 brins, de couleur vert &quot;m\u00e9tallique&quot; Il est en carbone HM (Haut Module), le blank a une action Fast.\" \/>\n<meta property=\"og:url\" content=\"https:\/\/mylovelyrods.com\/index.php\/produit\/blank-7-6-4\/\" \/>\n<meta property=\"og:site_name\" content=\"Mylovelyrods\" \/>\n<meta property=\"article:publisher\" content=\"https:\/\/m.facebook.com\/people\/Mylovelyrods\/100062956103344\/?locale=fr_FR\" \/>\n<meta property=\"article:modified_time\" content=\"2026-01-31T20:31:20+00:00\" \/>\n<meta property=\"og:image\" content=\"https:\/\/mylovelyrods.com\/wp-content\/uploads\/2022\/10\/20221016_170012-scaled.jpg\" \/>\n\t<meta property=\"og:image:width\" content=\"1211\" \/>\n\t<meta property=\"og:image:height\" content=\"2560\" \/>\n\t<meta property=\"og:image:type\" content=\"image\/jpeg\" \/>\n<meta name=\"twitter:card\" content=\"summary_large_image\" \/>\n<meta name=\"twitter:label1\" content=\"Dur\u00e9e de lecture estim\u00e9e\" \/>\n\t<meta name=\"twitter:data1\" content=\"1 minute\" \/>\n<script type=\"application\/ld+json\" class=\"yoast-schema-graph\">{\"@context\":\"https:\\\/\\\/schema.org\",\"@graph\":[{\"@type\":\"WebPage\",\"@id\":\"https:\\\/\\\/mylovelyrods.com\\\/index.php\\\/produit\\\/blank-7-6-4\\\/\",\"url\":\"https:\\\/\\\/mylovelyrods.com\\\/index.php\\\/produit\\\/blank-7-6-4\\\/\",\"name\":\"Blank 7'6\\\" #4 - Mylovelyrods\",\"isPartOf\":{\"@id\":\"https:\\\/\\\/mylovelyrods.com\\\/#website\"},\"primaryImageOfPage\":{\"@id\":\"https:\\\/\\\/mylovelyrods.com\\\/index.php\\\/produit\\\/blank-7-6-4\\\/#primaryimage\"},\"image\":{\"@id\":\"https:\\\/\\\/mylovelyrods.com\\\/index.php\\\/produit\\\/blank-7-6-4\\\/#primaryimage\"},\"thumbnailUrl\":\"https:\\\/\\\/i0.wp.com\\\/mylovelyrods.com\\\/wp-content\\\/uploads\\\/2022\\\/10\\\/20221016_170012-scaled.jpg?fit=1211%2C2560&ssl=1\",\"datePublished\":\"2022-10-16T19:41:14+00:00\",\"dateModified\":\"2026-01-31T20:31:20+00:00\",\"description\":\"Blank en 7'6\\\" #4 en 4 brins, de couleur vert \\\"m\u00e9tallique\\\" Il est en carbone HM (Haut Module), le blank a une action Fast.\",\"breadcrumb\":{\"@id\":\"https:\\\/\\\/mylovelyrods.com\\\/index.php\\\/produit\\\/blank-7-6-4\\\/#breadcrumb\"},\"inLanguage\":\"fr-FR\",\"potentialAction\":[{\"@type\":\"ReadAction\",\"target\":[\"https:\\\/\\\/mylovelyrods.com\\\/index.php\\\/produit\\\/blank-7-6-4\\\/\"]}]},{\"@type\":\"ImageObject\",\"inLanguage\":\"fr-FR\",\"@id\":\"https:\\\/\\\/mylovelyrods.com\\\/index.php\\\/produit\\\/blank-7-6-4\\\/#primaryimage\",\"url\":\"https:\\\/\\\/i0.wp.com\\\/mylovelyrods.com\\\/wp-content\\\/uploads\\\/2022\\\/10\\\/20221016_170012-scaled.jpg?fit=1211%2C2560&ssl=1\",\"contentUrl\":\"https:\\\/\\\/i0.wp.com\\\/mylovelyrods.com\\\/wp-content\\\/uploads\\\/2022\\\/10\\\/20221016_170012-scaled.jpg?fit=1211%2C2560&ssl=1\",\"width\":1211,\"height\":2560,\"caption\":\"Blank 7'6\\\" #4 en 4 brins, de couleur vert \\\"metallique\\\" Il est en carbone HM (Haut Module), le blank a un AA (Action Angle) de 73\u00b0 ce qui classe l'action de la canne en Fast.\"},{\"@type\":\"BreadcrumbList\",\"@id\":\"https:\\\/\\\/mylovelyrods.com\\\/index.php\\\/produit\\\/blank-7-6-4\\\/#breadcrumb\",\"itemListElement\":[{\"@type\":\"ListItem\",\"position\":1,\"name\":\"Accueil\",\"item\":\"https:\\\/\\\/mylovelyrods.com\\\/\"},{\"@type\":\"ListItem\",\"position\":2,\"name\":\"Produits\",\"item\":\"https:\\\/\\\/mylovelyrods.com\\\/index.php\\\/boutique\\\/\"},{\"@type\":\"ListItem\",\"position\":3,\"name\":\"Blank 7&rsquo;6&Prime; #4\"}]},{\"@type\":\"WebSite\",\"@id\":\"https:\\\/\\\/mylovelyrods.com\\\/#website\",\"url\":\"https:\\\/\\\/mylovelyrods.com\\\/\",\"name\":\"Mylovelyrods\",\"description\":\"Facteur de canne, restaurations, customisations, rodbuilding, mouches, nymphes et petit mat\u00e9riel...\",\"publisher\":{\"@id\":\"https:\\\/\\\/mylovelyrods.com\\\/#organization\"},\"potentialAction\":[{\"@type\":\"SearchAction\",\"target\":{\"@type\":\"EntryPoint\",\"urlTemplate\":\"https:\\\/\\\/mylovelyrods.com\\\/?s={search_term_string}\"},\"query-input\":{\"@type\":\"PropertyValueSpecification\",\"valueRequired\":true,\"valueName\":\"search_term_string\"}}],\"inLanguage\":\"fr-FR\"},{\"@type\":\"Organization\",\"@id\":\"https:\\\/\\\/mylovelyrods.com\\\/#organization\",\"name\":\"Mylovelyrods\",\"url\":\"https:\\\/\\\/mylovelyrods.com\\\/\",\"logo\":{\"@type\":\"ImageObject\",\"inLanguage\":\"fr-FR\",\"@id\":\"https:\\\/\\\/mylovelyrods.com\\\/#\\\/schema\\\/logo\\\/image\\\/\",\"url\":\"https:\\\/\\\/mylovelyrods.com\\\/wp-content\\\/uploads\\\/2021\\\/01\\\/0001-scaled-e1611186770281.jpg\",\"contentUrl\":\"https:\\\/\\\/mylovelyrods.com\\\/wp-content\\\/uploads\\\/2021\\\/01\\\/0001-scaled-e1611186770281.jpg\",\"width\":2560,\"height\":716,\"caption\":\"Mylovelyrods\"},\"image\":{\"@id\":\"https:\\\/\\\/mylovelyrods.com\\\/#\\\/schema\\\/logo\\\/image\\\/\"},\"sameAs\":[\"https:\\\/\\\/m.facebook.com\\\/people\\\/Mylovelyrods\\\/100062956103344\\\/?locale=fr_FR\",\"https:\\\/\\\/www.instagram.com\\\/mylovelyrods\\\/?hl=fr\"]}]}<\/script>\n<!-- \/ Yoast SEO plugin. -->","yoast_head_json":{"title":"Blank 7'6\" #4 - Mylovelyrods","description":"Blank en 7'6\" #4 en 4 brins, de couleur vert \"m\u00e9tallique\" Il est en carbone HM (Haut Module), le blank a une action Fast.","robots":{"index":"index","follow":"follow","max-snippet":"max-snippet:-1","max-image-preview":"max-image-preview:large","max-video-preview":"max-video-preview:-1"},"canonical":"https:\/\/mylovelyrods.com\/index.php\/produit\/blank-7-6-4\/","og_locale":"fr_FR","og_type":"article","og_title":"Blank 7'6\" #4 - Mylovelyrods","og_description":"Blank en 7'6\" #4 en 4 brins, de couleur vert \"m\u00e9tallique\" Il est en carbone HM (Haut Module), le blank a une action Fast.","og_url":"https:\/\/mylovelyrods.com\/index.php\/produit\/blank-7-6-4\/","og_site_name":"Mylovelyrods","article_publisher":"https:\/\/m.facebook.com\/people\/Mylovelyrods\/100062956103344\/?locale=fr_FR","article_modified_time":"2026-01-31T20:31:20+00:00","og_image":[{"width":1211,"height":2560,"url":"https:\/\/mylovelyrods.com\/wp-content\/uploads\/2022\/10\/20221016_170012-scaled.jpg","type":"image\/jpeg"}],"twitter_card":"summary_large_image","twitter_misc":{"Dur\u00e9e de lecture estim\u00e9e":"1 minute"},"schema":{"@context":"https:\/\/schema.org","@graph":[{"@type":"WebPage","@id":"https:\/\/mylovelyrods.com\/index.php\/produit\/blank-7-6-4\/","url":"https:\/\/mylovelyrods.com\/index.php\/produit\/blank-7-6-4\/","name":"Blank 7'6\" #4 - Mylovelyrods","isPartOf":{"@id":"https:\/\/mylovelyrods.com\/#website"},"primaryImageOfPage":{"@id":"https:\/\/mylovelyrods.com\/index.php\/produit\/blank-7-6-4\/#primaryimage"},"image":{"@id":"https:\/\/mylovelyrods.com\/index.php\/produit\/blank-7-6-4\/#primaryimage"},"thumbnailUrl":"https:\/\/i0.wp.com\/mylovelyrods.com\/wp-content\/uploads\/2022\/10\/20221016_170012-scaled.jpg?fit=1211%2C2560&ssl=1","datePublished":"2022-10-16T19:41:14+00:00","dateModified":"2026-01-31T20:31:20+00:00","description":"Blank en 7'6\" #4 en 4 brins, de couleur vert \"m\u00e9tallique\" Il est en carbone HM (Haut Module), le blank a une action Fast.","breadcrumb":{"@id":"https:\/\/mylovelyrods.com\/index.php\/produit\/blank-7-6-4\/#breadcrumb"},"inLanguage":"fr-FR","potentialAction":[{"@type":"ReadAction","target":["https:\/\/mylovelyrods.com\/index.php\/produit\/blank-7-6-4\/"]}]},{"@type":"ImageObject","inLanguage":"fr-FR","@id":"https:\/\/mylovelyrods.com\/index.php\/produit\/blank-7-6-4\/#primaryimage","url":"https:\/\/i0.wp.com\/mylovelyrods.com\/wp-content\/uploads\/2022\/10\/20221016_170012-scaled.jpg?fit=1211%2C2560&ssl=1","contentUrl":"https:\/\/i0.wp.com\/mylovelyrods.com\/wp-content\/uploads\/2022\/10\/20221016_170012-scaled.jpg?fit=1211%2C2560&ssl=1","width":1211,"height":2560,"caption":"Blank 7'6\" #4 en 4 brins, de couleur vert \"metallique\" Il est en carbone HM (Haut Module), le blank a un AA (Action Angle) de 73\u00b0 ce qui classe l'action de la canne en Fast."},{"@type":"BreadcrumbList","@id":"https:\/\/mylovelyrods.com\/index.php\/produit\/blank-7-6-4\/#breadcrumb","itemListElement":[{"@type":"ListItem","position":1,"name":"Accueil","item":"https:\/\/mylovelyrods.com\/"},{"@type":"ListItem","position":2,"name":"Produits","item":"https:\/\/mylovelyrods.com\/index.php\/boutique\/"},{"@type":"ListItem","position":3,"name":"Blank 7&rsquo;6&Prime; #4"}]},{"@type":"WebSite","@id":"https:\/\/mylovelyrods.com\/#website","url":"https:\/\/mylovelyrods.com\/","name":"Mylovelyrods","description":"Facteur de canne, restaurations, customisations, rodbuilding, mouches, nymphes et petit mat\u00e9riel...","publisher":{"@id":"https:\/\/mylovelyrods.com\/#organization"},"potentialAction":[{"@type":"SearchAction","target":{"@type":"EntryPoint","urlTemplate":"https:\/\/mylovelyrods.com\/?s={search_term_string}"},"query-input":{"@type":"PropertyValueSpecification","valueRequired":true,"valueName":"search_term_string"}}],"inLanguage":"fr-FR"},{"@type":"Organization","@id":"https:\/\/mylovelyrods.com\/#organization","name":"Mylovelyrods","url":"https:\/\/mylovelyrods.com\/","logo":{"@type":"ImageObject","inLanguage":"fr-FR","@id":"https:\/\/mylovelyrods.com\/#\/schema\/logo\/image\/","url":"https:\/\/mylovelyrods.com\/wp-content\/uploads\/2021\/01\/0001-scaled-e1611186770281.jpg","contentUrl":"https:\/\/mylovelyrods.com\/wp-content\/uploads\/2021\/01\/0001-scaled-e1611186770281.jpg","width":2560,"height":716,"caption":"Mylovelyrods"},"image":{"@id":"https:\/\/mylovelyrods.com\/#\/schema\/logo\/image\/"},"sameAs":["https:\/\/m.facebook.com\/people\/Mylovelyrods\/100062956103344\/?locale=fr_FR","https:\/\/www.instagram.com\/mylovelyrods\/?hl=fr"]}]}},"jetpack_sharing_enabled":true,"_links":{"self":[{"href":"https:\/\/mylovelyrods.com\/index.php\/wp-json\/wp\/v2\/product\/2299","targetHints":{"allow":["GET"]}}],"collection":[{"href":"https:\/\/mylovelyrods.com\/index.php\/wp-json\/wp\/v2\/product"}],"about":[{"href":"https:\/\/mylovelyrods.com\/index.php\/wp-json\/wp\/v2\/types\/product"}],"wp:featuredmedia":[{"embeddable":true,"href":"https:\/\/mylovelyrods.com\/index.php\/wp-json\/wp\/v2\/media\/2300"}],"wp:attachment":[{"href":"https:\/\/mylovelyrods.com\/index.php\/wp-json\/wp\/v2\/media?parent=2299"}],"wp:term":[{"taxonomy":"product_brand","embeddable":true,"href":"https:\/\/mylovelyrods.com\/index.php\/wp-json\/wp\/v2\/product_brand?post=2299"},{"taxonomy":"product_cat","embeddable":true,"href":"https:\/\/mylovelyrods.com\/index.php\/wp-json\/wp\/v2\/product_cat?post=2299"},{"taxonomy":"product_tag","embeddable":true,"href":"https:\/\/mylovelyrods.com\/index.php\/wp-json\/wp\/v2\/product_tag?post=2299"}],"curies":[{"name":"wp","href":"https:\/\/api.w.org\/{rel}","templated":true}]}}