{"id":2316,"date":"2022-10-17T23:56:30","date_gmt":"2022-10-17T21:56:30","guid":{"rendered":"https:\/\/mylovelyrods.com\/?post_type=product&#038;p=2316"},"modified":"2026-04-03T10:14:24","modified_gmt":"2026-04-03T08:14:24","slug":"poignee-liege-cigare","status":"publish","type":"product","link":"https:\/\/mylovelyrods.com\/index.php\/produit\/poignee-liege-cigare\/","title":{"rendered":"Poign\u00e9e li\u00e8ge Cigare"},"content":{"rendered":"<p>Poign\u00e9e li\u00e8ge cigare d&rsquo;excellente qualit\u00e9. Ces poign\u00e9es mesurent 18 cm de longueur.\u00a0 28 mm de diam\u00e8tre \u00e0 leur base, 23 au diam\u00e8tre creux,\u00a0 25mm au plus gros, et enfin 17mm en bout de poign\u00e9e. Le trou int\u00e9rieur est de 8mm mais peut \u00eatre ream\u00e9.<\/p>\n<p>Vous pouvez choisir une Poign\u00e9e li\u00e8ge Cigare directement \u00e9vid\u00e9e a la base (Trou de 20mm de diam\u00e8tre pour environ 1 cm de profondeur) pour l&#8217;emplacement du porte moulinet. Ou une poign\u00e9e non \u00e9vid\u00e9e, qui iront tr\u00e8s bien pour un montage down locking par exemple.<\/p>\n<p>La qualit\u00e9 du li\u00e8ge est la m\u00eame que sur la photo. Li\u00e8ge de qualit\u00e9 3A. Le poids de ces poign\u00e9es sont de 20g pour la non \u00e9vid\u00e9e, et 18g pour la poign\u00e9e \u00e9vid\u00e9e.<\/p>\n<p>Si vous souhaitez une poign\u00e9e sur mesure en qualit\u00e9 top flor. Si vous avez des questions, n&rsquo;h\u00e9sitez pas \u00e0 m&rsquo;envoyer un mail <a href=\"https:\/\/mylovelyrods.com\/index.php\/demande-devis-contact-canne-a-peche-artisanale\/\">ICI<\/a>.<\/p>\n<p>Pour me suivre sur les r\u00e9seaux sociaux c&rsquo;est par <a href=\"https:\/\/m.facebook.com\/people\/Mylovelyrods\/100062956103344\/\">ici<\/a> et par <a href=\"https:\/\/www.instagram.com\/mylovelyrods\/?hl=fr\">l\u00e0<\/a><\/p>\n","protected":false},"excerpt":{"rendered":"<p>Poign\u00e9e li\u00e8ge cigare d&rsquo;excellente qualit\u00e9. Ces poign\u00e9es mesurent 18 cm de longueur,\u00a0 28 mm de diam\u00e8tre \u00e0 leur base, 23 au diam\u00e8tre creux,\u00a0 25mm au plus gros, et enfin 17mm en bout de poign\u00e9e. Le trou int\u00e9rieur est de 8mm mais peut \u00eatre ream\u00e9.<\/p>\n<p>Vous pouvez choisir une Poign\u00e9e li\u00e8ge Cigare directement \u00e9vid\u00e9e a la base (Trou de 20mm de diam\u00e8tre pour environ 1 cm de profondeur) pour l&#8217;emplacement du porte moulinet, ou alors une poign\u00e9e non \u00e9vid\u00e9e, qui iront tr\u00e8s bien pour un montage down locking par exemple.<\/p>\n<p>La qualit\u00e9 du li\u00e8ge est la m\u00eame que sur la photo, en li\u00e8ge de qualit\u00e9 3A. Le poids de ces poign\u00e9es sont de 20g pour la non \u00e9vid\u00e9e et 18g pour la poign\u00e9e \u00e9vid\u00e9e.<\/p>\n<p>Si vous souhaitez une poign\u00e9e sur mesure en qualit\u00e9 top flor ou si vous avez des questions, n&rsquo;h\u00e9sitez pas \u00e0 m&rsquo;envoyer un mail <a href=\"https:\/\/mylovelyrods.com\/index.php\/demande-devis-contact-canne-a-peche-artisanale\/\">ICI<\/a>.<\/p>\n<p>Pour me suivre sur les r\u00e9seaux sociaux c&rsquo;est par <a href=\"https:\/\/m.facebook.com\/people\/Mylovelyrods\/100062956103344\/\">ici<\/a> et par <a href=\"https:\/\/www.instagram.com\/mylovelyrods\/?hl=fr\">l\u00e0<\/a><\/p>\n","protected":false},"featured_media":2318,"template":"","meta":{"jetpack_post_was_ever_published":false,"_glsr_average":0,"_glsr_ranking":0,"_glsr_reviews":0},"product_brand":[],"product_cat":[51],"product_tag":[],"class_list":{"0":"post-2316","1":"product","2":"type-product","3":"status-publish","4":"has-post-thumbnail","6":"product_cat-montage-de-poignee","8":"first","9":"instock","10":"shipping-taxable","11":"purchasable","12":"product-type-variable"},"yoast_head":"<!-- This site is optimized with the Yoast SEO plugin v27.4 - https:\/\/yoast.com\/product\/yoast-seo-wordpress\/ -->\n<title>Poign\u00e9e li\u00e8ge Cigare - Mylovelyrods<\/title>\n<meta name=\"description\" content=\"Poign\u00e9e li\u00e8ge cigare d&#039;excellente qualit\u00e9. Ces poign\u00e9es mesurent 18 cm de longueur,\u00a0 28 mm de diam\u00e8tre \u00e0 leur base, et 17mm en bout de poign\u00e9e.\" \/>\n<meta name=\"robots\" content=\"index, follow, max-snippet:-1, max-image-preview:large, max-video-preview:-1\" \/>\n<link rel=\"canonical\" href=\"https:\/\/mylovelyrods.com\/index.php\/produit\/poignee-liege-cigare\/\" \/>\n<meta property=\"og:locale\" content=\"fr_FR\" \/>\n<meta property=\"og:type\" content=\"article\" \/>\n<meta property=\"og:title\" content=\"Poign\u00e9e li\u00e8ge Cigare - Mylovelyrods\" \/>\n<meta property=\"og:description\" content=\"Poign\u00e9e li\u00e8ge cigare d&#039;excellente qualit\u00e9. Ces poign\u00e9es mesurent 18 cm de longueur,\u00a0 28 mm de diam\u00e8tre \u00e0 leur base, et 17mm en bout de poign\u00e9e.\" \/>\n<meta property=\"og:url\" content=\"https:\/\/mylovelyrods.com\/index.php\/produit\/poignee-liege-cigare\/\" \/>\n<meta property=\"og:site_name\" content=\"Mylovelyrods\" \/>\n<meta property=\"article:publisher\" content=\"https:\/\/m.facebook.com\/people\/Mylovelyrods\/100062956103344\/?locale=fr_FR\" \/>\n<meta property=\"article:modified_time\" content=\"2026-04-03T08:14:24+00:00\" \/>\n<meta property=\"og:image\" content=\"https:\/\/mylovelyrods.com\/wp-content\/uploads\/2022\/10\/20221017_192758.jpg\" \/>\n\t<meta property=\"og:image:width\" content=\"1908\" \/>\n\t<meta property=\"og:image:height\" content=\"1936\" \/>\n\t<meta property=\"og:image:type\" content=\"image\/jpeg\" \/>\n<meta name=\"twitter:card\" content=\"summary_large_image\" \/>\n<meta name=\"twitter:label1\" content=\"Dur\u00e9e de lecture estim\u00e9e\" \/>\n\t<meta name=\"twitter:data1\" content=\"2 minutes\" \/>\n<script type=\"application\/ld+json\" class=\"yoast-schema-graph\">{\"@context\":\"https:\\\/\\\/schema.org\",\"@graph\":[{\"@type\":\"WebPage\",\"@id\":\"https:\\\/\\\/mylovelyrods.com\\\/index.php\\\/produit\\\/poignee-liege-cigare\\\/\",\"url\":\"https:\\\/\\\/mylovelyrods.com\\\/index.php\\\/produit\\\/poignee-liege-cigare\\\/\",\"name\":\"Poign\u00e9e li\u00e8ge Cigare - Mylovelyrods\",\"isPartOf\":{\"@id\":\"https:\\\/\\\/mylovelyrods.com\\\/#website\"},\"primaryImageOfPage\":{\"@id\":\"https:\\\/\\\/mylovelyrods.com\\\/index.php\\\/produit\\\/poignee-liege-cigare\\\/#primaryimage\"},\"image\":{\"@id\":\"https:\\\/\\\/mylovelyrods.com\\\/index.php\\\/produit\\\/poignee-liege-cigare\\\/#primaryimage\"},\"thumbnailUrl\":\"https:\\\/\\\/i0.wp.com\\\/mylovelyrods.com\\\/wp-content\\\/uploads\\\/2022\\\/10\\\/20221017_192758.jpg?fit=1908%2C1936&ssl=1\",\"datePublished\":\"2022-10-17T21:56:30+00:00\",\"dateModified\":\"2026-04-03T08:14:24+00:00\",\"description\":\"Poign\u00e9e li\u00e8ge cigare d'excellente qualit\u00e9. Ces poign\u00e9es mesurent 18 cm de longueur,\u00a0 28 mm de diam\u00e8tre \u00e0 leur base, et 17mm en bout de poign\u00e9e.\",\"breadcrumb\":{\"@id\":\"https:\\\/\\\/mylovelyrods.com\\\/index.php\\\/produit\\\/poignee-liege-cigare\\\/#breadcrumb\"},\"inLanguage\":\"fr-FR\",\"potentialAction\":[{\"@type\":\"ReadAction\",\"target\":[\"https:\\\/\\\/mylovelyrods.com\\\/index.php\\\/produit\\\/poignee-liege-cigare\\\/\"]}]},{\"@type\":\"ImageObject\",\"inLanguage\":\"fr-FR\",\"@id\":\"https:\\\/\\\/mylovelyrods.com\\\/index.php\\\/produit\\\/poignee-liege-cigare\\\/#primaryimage\",\"url\":\"https:\\\/\\\/i0.wp.com\\\/mylovelyrods.com\\\/wp-content\\\/uploads\\\/2022\\\/10\\\/20221017_192758.jpg?fit=1908%2C1936&ssl=1\",\"contentUrl\":\"https:\\\/\\\/i0.wp.com\\\/mylovelyrods.com\\\/wp-content\\\/uploads\\\/2022\\\/10\\\/20221017_192758.jpg?fit=1908%2C1936&ssl=1\",\"width\":1908,\"height\":1936,\"caption\":\"Poign\u00e9e li\u00e8ge cigare d'excellente qualit\u00e9. Ces poign\u00e9es mesurent 18 cm de longueur,\u00a0 28 mm de diam\u00e8tre \u00e0 leur base, 23 au diam\u00e8tre creux,\u00a0 25mm au plus gros, et enfin 17mm en bout de poign\u00e9e\"},{\"@type\":\"BreadcrumbList\",\"@id\":\"https:\\\/\\\/mylovelyrods.com\\\/index.php\\\/produit\\\/poignee-liege-cigare\\\/#breadcrumb\",\"itemListElement\":[{\"@type\":\"ListItem\",\"position\":1,\"name\":\"Accueil\",\"item\":\"https:\\\/\\\/mylovelyrods.com\\\/\"},{\"@type\":\"ListItem\",\"position\":2,\"name\":\"Produits\",\"item\":\"https:\\\/\\\/mylovelyrods.com\\\/index.php\\\/boutique\\\/\"},{\"@type\":\"ListItem\",\"position\":3,\"name\":\"Poign\u00e9e li\u00e8ge Cigare\"}]},{\"@type\":\"WebSite\",\"@id\":\"https:\\\/\\\/mylovelyrods.com\\\/#website\",\"url\":\"https:\\\/\\\/mylovelyrods.com\\\/\",\"name\":\"Mylovelyrods\",\"description\":\"Facteur de canne, restaurations, customisations, rodbuilding, mouches, nymphes et petit mat\u00e9riel...\",\"publisher\":{\"@id\":\"https:\\\/\\\/mylovelyrods.com\\\/#organization\"},\"potentialAction\":[{\"@type\":\"SearchAction\",\"target\":{\"@type\":\"EntryPoint\",\"urlTemplate\":\"https:\\\/\\\/mylovelyrods.com\\\/?s={search_term_string}\"},\"query-input\":{\"@type\":\"PropertyValueSpecification\",\"valueRequired\":true,\"valueName\":\"search_term_string\"}}],\"inLanguage\":\"fr-FR\"},{\"@type\":\"Organization\",\"@id\":\"https:\\\/\\\/mylovelyrods.com\\\/#organization\",\"name\":\"Mylovelyrods\",\"url\":\"https:\\\/\\\/mylovelyrods.com\\\/\",\"logo\":{\"@type\":\"ImageObject\",\"inLanguage\":\"fr-FR\",\"@id\":\"https:\\\/\\\/mylovelyrods.com\\\/#\\\/schema\\\/logo\\\/image\\\/\",\"url\":\"https:\\\/\\\/mylovelyrods.com\\\/wp-content\\\/uploads\\\/2021\\\/01\\\/0001-scaled-e1611186770281.jpg\",\"contentUrl\":\"https:\\\/\\\/mylovelyrods.com\\\/wp-content\\\/uploads\\\/2021\\\/01\\\/0001-scaled-e1611186770281.jpg\",\"width\":2560,\"height\":716,\"caption\":\"Mylovelyrods\"},\"image\":{\"@id\":\"https:\\\/\\\/mylovelyrods.com\\\/#\\\/schema\\\/logo\\\/image\\\/\"},\"sameAs\":[\"https:\\\/\\\/m.facebook.com\\\/people\\\/Mylovelyrods\\\/100062956103344\\\/?locale=fr_FR\",\"https:\\\/\\\/www.instagram.com\\\/mylovelyrods\\\/?hl=fr\"]}]}<\/script>\n<!-- \/ Yoast SEO plugin. -->","yoast_head_json":{"title":"Poign\u00e9e li\u00e8ge Cigare - Mylovelyrods","description":"Poign\u00e9e li\u00e8ge cigare d'excellente qualit\u00e9. Ces poign\u00e9es mesurent 18 cm de longueur,\u00a0 28 mm de diam\u00e8tre \u00e0 leur base, et 17mm en bout de poign\u00e9e.","robots":{"index":"index","follow":"follow","max-snippet":"max-snippet:-1","max-image-preview":"max-image-preview:large","max-video-preview":"max-video-preview:-1"},"canonical":"https:\/\/mylovelyrods.com\/index.php\/produit\/poignee-liege-cigare\/","og_locale":"fr_FR","og_type":"article","og_title":"Poign\u00e9e li\u00e8ge Cigare - Mylovelyrods","og_description":"Poign\u00e9e li\u00e8ge cigare d'excellente qualit\u00e9. Ces poign\u00e9es mesurent 18 cm de longueur,\u00a0 28 mm de diam\u00e8tre \u00e0 leur base, et 17mm en bout de poign\u00e9e.","og_url":"https:\/\/mylovelyrods.com\/index.php\/produit\/poignee-liege-cigare\/","og_site_name":"Mylovelyrods","article_publisher":"https:\/\/m.facebook.com\/people\/Mylovelyrods\/100062956103344\/?locale=fr_FR","article_modified_time":"2026-04-03T08:14:24+00:00","og_image":[{"width":1908,"height":1936,"url":"https:\/\/mylovelyrods.com\/wp-content\/uploads\/2022\/10\/20221017_192758.jpg","type":"image\/jpeg"}],"twitter_card":"summary_large_image","twitter_misc":{"Dur\u00e9e de lecture estim\u00e9e":"2 minutes"},"schema":{"@context":"https:\/\/schema.org","@graph":[{"@type":"WebPage","@id":"https:\/\/mylovelyrods.com\/index.php\/produit\/poignee-liege-cigare\/","url":"https:\/\/mylovelyrods.com\/index.php\/produit\/poignee-liege-cigare\/","name":"Poign\u00e9e li\u00e8ge Cigare - Mylovelyrods","isPartOf":{"@id":"https:\/\/mylovelyrods.com\/#website"},"primaryImageOfPage":{"@id":"https:\/\/mylovelyrods.com\/index.php\/produit\/poignee-liege-cigare\/#primaryimage"},"image":{"@id":"https:\/\/mylovelyrods.com\/index.php\/produit\/poignee-liege-cigare\/#primaryimage"},"thumbnailUrl":"https:\/\/i0.wp.com\/mylovelyrods.com\/wp-content\/uploads\/2022\/10\/20221017_192758.jpg?fit=1908%2C1936&ssl=1","datePublished":"2022-10-17T21:56:30+00:00","dateModified":"2026-04-03T08:14:24+00:00","description":"Poign\u00e9e li\u00e8ge cigare d'excellente qualit\u00e9. Ces poign\u00e9es mesurent 18 cm de longueur,\u00a0 28 mm de diam\u00e8tre \u00e0 leur base, et 17mm en bout de poign\u00e9e.","breadcrumb":{"@id":"https:\/\/mylovelyrods.com\/index.php\/produit\/poignee-liege-cigare\/#breadcrumb"},"inLanguage":"fr-FR","potentialAction":[{"@type":"ReadAction","target":["https:\/\/mylovelyrods.com\/index.php\/produit\/poignee-liege-cigare\/"]}]},{"@type":"ImageObject","inLanguage":"fr-FR","@id":"https:\/\/mylovelyrods.com\/index.php\/produit\/poignee-liege-cigare\/#primaryimage","url":"https:\/\/i0.wp.com\/mylovelyrods.com\/wp-content\/uploads\/2022\/10\/20221017_192758.jpg?fit=1908%2C1936&ssl=1","contentUrl":"https:\/\/i0.wp.com\/mylovelyrods.com\/wp-content\/uploads\/2022\/10\/20221017_192758.jpg?fit=1908%2C1936&ssl=1","width":1908,"height":1936,"caption":"Poign\u00e9e li\u00e8ge cigare d'excellente qualit\u00e9. Ces poign\u00e9es mesurent 18 cm de longueur,\u00a0 28 mm de diam\u00e8tre \u00e0 leur base, 23 au diam\u00e8tre creux,\u00a0 25mm au plus gros, et enfin 17mm en bout de poign\u00e9e"},{"@type":"BreadcrumbList","@id":"https:\/\/mylovelyrods.com\/index.php\/produit\/poignee-liege-cigare\/#breadcrumb","itemListElement":[{"@type":"ListItem","position":1,"name":"Accueil","item":"https:\/\/mylovelyrods.com\/"},{"@type":"ListItem","position":2,"name":"Produits","item":"https:\/\/mylovelyrods.com\/index.php\/boutique\/"},{"@type":"ListItem","position":3,"name":"Poign\u00e9e li\u00e8ge Cigare"}]},{"@type":"WebSite","@id":"https:\/\/mylovelyrods.com\/#website","url":"https:\/\/mylovelyrods.com\/","name":"Mylovelyrods","description":"Facteur de canne, restaurations, customisations, rodbuilding, mouches, nymphes et petit mat\u00e9riel...","publisher":{"@id":"https:\/\/mylovelyrods.com\/#organization"},"potentialAction":[{"@type":"SearchAction","target":{"@type":"EntryPoint","urlTemplate":"https:\/\/mylovelyrods.com\/?s={search_term_string}"},"query-input":{"@type":"PropertyValueSpecification","valueRequired":true,"valueName":"search_term_string"}}],"inLanguage":"fr-FR"},{"@type":"Organization","@id":"https:\/\/mylovelyrods.com\/#organization","name":"Mylovelyrods","url":"https:\/\/mylovelyrods.com\/","logo":{"@type":"ImageObject","inLanguage":"fr-FR","@id":"https:\/\/mylovelyrods.com\/#\/schema\/logo\/image\/","url":"https:\/\/mylovelyrods.com\/wp-content\/uploads\/2021\/01\/0001-scaled-e1611186770281.jpg","contentUrl":"https:\/\/mylovelyrods.com\/wp-content\/uploads\/2021\/01\/0001-scaled-e1611186770281.jpg","width":2560,"height":716,"caption":"Mylovelyrods"},"image":{"@id":"https:\/\/mylovelyrods.com\/#\/schema\/logo\/image\/"},"sameAs":["https:\/\/m.facebook.com\/people\/Mylovelyrods\/100062956103344\/?locale=fr_FR","https:\/\/www.instagram.com\/mylovelyrods\/?hl=fr"]}]}},"jetpack_sharing_enabled":true,"_links":{"self":[{"href":"https:\/\/mylovelyrods.com\/index.php\/wp-json\/wp\/v2\/product\/2316","targetHints":{"allow":["GET"]}}],"collection":[{"href":"https:\/\/mylovelyrods.com\/index.php\/wp-json\/wp\/v2\/product"}],"about":[{"href":"https:\/\/mylovelyrods.com\/index.php\/wp-json\/wp\/v2\/types\/product"}],"wp:featuredmedia":[{"embeddable":true,"href":"https:\/\/mylovelyrods.com\/index.php\/wp-json\/wp\/v2\/media\/2318"}],"wp:attachment":[{"href":"https:\/\/mylovelyrods.com\/index.php\/wp-json\/wp\/v2\/media?parent=2316"}],"wp:term":[{"taxonomy":"product_brand","embeddable":true,"href":"https:\/\/mylovelyrods.com\/index.php\/wp-json\/wp\/v2\/product_brand?post=2316"},{"taxonomy":"product_cat","embeddable":true,"href":"https:\/\/mylovelyrods.com\/index.php\/wp-json\/wp\/v2\/product_cat?post=2316"},{"taxonomy":"product_tag","embeddable":true,"href":"https:\/\/mylovelyrods.com\/index.php\/wp-json\/wp\/v2\/product_tag?post=2316"}],"curies":[{"name":"wp","href":"https:\/\/api.w.org\/{rel}","templated":true}]}}