{"id":2321,"date":"2022-10-18T10:38:23","date_gmt":"2022-10-18T08:38:23","guid":{"rendered":"https:\/\/mylovelyrods.com\/?post_type=product&#038;p=2321"},"modified":"2026-02-07T13:25:04","modified_gmt":"2026-02-07T12:25:04","slug":"poignee-liege-tulipe","status":"publish","type":"product","link":"https:\/\/mylovelyrods.com\/index.php\/produit\/poignee-liege-tulipe\/","title":{"rendered":"Poign\u00e9e li\u00e8ge tulipe"},"content":{"rendered":"<p>Poign\u00e9e li\u00e8ge tulipe d&rsquo;excellente qualit\u00e9. Ces poign\u00e9es mesurent 18 cm de longueur.\u00a0 27 mm de diam\u00e8tre aux zones les plus larges. 23 aux diam\u00e8tres creux. Le trou int\u00e9rieur est de 9mm mais peut \u00eatre ream\u00e9.<\/p>\n<p>Vous pouvez choisir une Poign\u00e9e li\u00e8ge tulipe directement \u00e9vid\u00e9e a la base (Trou de 20mm de diam\u00e8tre pour environ 1 cm de profondeur) pour l&#8217;emplacement du porte moulinet. Ou une poign\u00e9e non \u00e9vid\u00e9e, qui iront tr\u00e8s bien pour un montage down locking par exemple.<\/p>\n<p>La qualit\u00e9 du li\u00e8ge est la m\u00eame que sur la photo. Li\u00e8ge de qualit\u00e9 3A. Le poids de ces poign\u00e9es sont de 23g pour la non \u00e9vid\u00e9e, et 21g pour la poign\u00e9e \u00e9vid\u00e9e.<\/p>\n<p>Si vous souhaitez une poign\u00e9e sur mesure en qualit\u00e9 top flor. Si vous avez des questions, n&rsquo;h\u00e9sitez pas \u00e0 m&rsquo;envoyer un mail <a href=\"https:\/\/mylovelyrods.com\/index.php\/demande-devis-contact-canne-a-peche-artisanale\/\">ICI<\/a>.<\/p>\n<p>Pour me suivre sur les r\u00e9seaux sociaux c&rsquo;est par <a href=\"https:\/\/m.facebook.com\/people\/Mylovelyrods\/100062956103344\/\">ici<\/a> et par <a href=\"https:\/\/www.instagram.com\/mylovelyrods\/?hl=fr\">l\u00e0<\/a><\/p>\n","protected":false},"excerpt":{"rendered":"<p>Poign\u00e9e li\u00e8ge tulipe d&rsquo;excellente qualit\u00e9. Ces poign\u00e9es mesurent 18 cm de longueur.\u00a0 27 mm de diam\u00e8tre aux zones les plus larges. 23 aux diam\u00e8tres creux. Le trou int\u00e9rieur est de 9mm mais peut \u00eatre ream\u00e9.<\/p>\n<p>Vous pouvez choisir une Poign\u00e9e li\u00e8ge tulipe directement \u00e9vid\u00e9e a la base (Trou de 20mm de diam\u00e8tre pour environ 1 cm de profondeur) pour l&#8217;emplacement du porte moulinet. Ou une poign\u00e9e non \u00e9vid\u00e9e, qui iront tr\u00e8s bien pour un montage down locking par exemple.<\/p>\n<p>La qualit\u00e9 du li\u00e8ge est la m\u00eame que sur la photo. Li\u00e8ge de qualit\u00e9 3A. Le poids de ces poign\u00e9es sont de 23g pour la non \u00e9vid\u00e9e, et 21g pour la poign\u00e9e \u00e9vid\u00e9e.<\/p>\n<p>Si vous souhaitez une poign\u00e9e sur mesure en qualit\u00e9 top flor. Si vous avez des questions, n&rsquo;h\u00e9sitez pas \u00e0 m&rsquo;envoyer un mail <a href=\"https:\/\/mylovelyrods.com\/index.php\/demande-devis-contact-canne-a-peche-artisanale\/\">ICI<\/a>.<\/p>\n<p>Pour me suivre sur les r\u00e9seaux sociaux c&rsquo;est par <a href=\"https:\/\/m.facebook.com\/people\/Mylovelyrods\/100062956103344\/\">ici<\/a> et par <a href=\"https:\/\/www.instagram.com\/mylovelyrods\/?hl=fr\">l\u00e0<\/a><\/p>\n","protected":false},"featured_media":2324,"template":"","meta":{"jetpack_post_was_ever_published":false,"_glsr_average":0,"_glsr_ranking":0,"_glsr_reviews":0},"product_brand":[],"product_cat":[51],"product_tag":[],"class_list":{"0":"post-2321","1":"product","2":"type-product","3":"status-publish","4":"has-post-thumbnail","6":"product_cat-montage-de-poignee","8":"first","9":"instock","10":"shipping-taxable","11":"purchasable","12":"product-type-variable"},"yoast_head":"<!-- This site is optimized with the Yoast SEO plugin v27.4 - https:\/\/yoast.com\/product\/yoast-seo-wordpress\/ -->\n<title>Poign\u00e9e li\u00e8ge tulipe - Mylovelyrods<\/title>\n<meta name=\"description\" content=\"Poign\u00e9e li\u00e8ge tulipe d&#039;excellente qualit\u00e9. Ces poign\u00e9es mesurent 18 cm de longueur.\u00a0 27 mm de diam\u00e8tre aux zones les plus larges. 23 aux diam\u00e8tres creux\" \/>\n<meta name=\"robots\" content=\"index, follow, max-snippet:-1, max-image-preview:large, max-video-preview:-1\" \/>\n<link rel=\"canonical\" href=\"https:\/\/mylovelyrods.com\/index.php\/produit\/poignee-liege-tulipe\/\" \/>\n<meta property=\"og:locale\" content=\"fr_FR\" \/>\n<meta property=\"og:type\" content=\"article\" \/>\n<meta property=\"og:title\" content=\"Poign\u00e9e li\u00e8ge tulipe - Mylovelyrods\" \/>\n<meta property=\"og:description\" content=\"Poign\u00e9e li\u00e8ge tulipe d&#039;excellente qualit\u00e9. Ces poign\u00e9es mesurent 18 cm de longueur.\u00a0 27 mm de diam\u00e8tre aux zones les plus larges. 23 aux diam\u00e8tres creux\" \/>\n<meta property=\"og:url\" content=\"https:\/\/mylovelyrods.com\/index.php\/produit\/poignee-liege-tulipe\/\" \/>\n<meta property=\"og:site_name\" content=\"Mylovelyrods\" \/>\n<meta property=\"article:publisher\" content=\"https:\/\/m.facebook.com\/people\/Mylovelyrods\/100062956103344\/?locale=fr_FR\" \/>\n<meta property=\"article:modified_time\" content=\"2026-02-07T12:25:04+00:00\" \/>\n<meta property=\"og:image\" content=\"https:\/\/mylovelyrods.com\/wp-content\/uploads\/2022\/10\/20221018_102404.jpg\" \/>\n\t<meta property=\"og:image:width\" content=\"1908\" \/>\n\t<meta property=\"og:image:height\" content=\"2184\" \/>\n\t<meta property=\"og:image:type\" content=\"image\/jpeg\" \/>\n<meta name=\"twitter:card\" content=\"summary_large_image\" \/>\n<meta name=\"twitter:label1\" content=\"Dur\u00e9e de lecture estim\u00e9e\" \/>\n\t<meta name=\"twitter:data1\" content=\"1 minute\" \/>\n<script type=\"application\/ld+json\" class=\"yoast-schema-graph\">{\"@context\":\"https:\\\/\\\/schema.org\",\"@graph\":[{\"@type\":\"WebPage\",\"@id\":\"https:\\\/\\\/mylovelyrods.com\\\/index.php\\\/produit\\\/poignee-liege-tulipe\\\/\",\"url\":\"https:\\\/\\\/mylovelyrods.com\\\/index.php\\\/produit\\\/poignee-liege-tulipe\\\/\",\"name\":\"Poign\u00e9e li\u00e8ge tulipe - Mylovelyrods\",\"isPartOf\":{\"@id\":\"https:\\\/\\\/mylovelyrods.com\\\/#website\"},\"primaryImageOfPage\":{\"@id\":\"https:\\\/\\\/mylovelyrods.com\\\/index.php\\\/produit\\\/poignee-liege-tulipe\\\/#primaryimage\"},\"image\":{\"@id\":\"https:\\\/\\\/mylovelyrods.com\\\/index.php\\\/produit\\\/poignee-liege-tulipe\\\/#primaryimage\"},\"thumbnailUrl\":\"https:\\\/\\\/i0.wp.com\\\/mylovelyrods.com\\\/wp-content\\\/uploads\\\/2022\\\/10\\\/20221018_102404.jpg?fit=1908%2C2184&ssl=1\",\"datePublished\":\"2022-10-18T08:38:23+00:00\",\"dateModified\":\"2026-02-07T12:25:04+00:00\",\"description\":\"Poign\u00e9e li\u00e8ge tulipe d'excellente qualit\u00e9. Ces poign\u00e9es mesurent 18 cm de longueur.\u00a0 27 mm de diam\u00e8tre aux zones les plus larges. 23 aux diam\u00e8tres creux\",\"breadcrumb\":{\"@id\":\"https:\\\/\\\/mylovelyrods.com\\\/index.php\\\/produit\\\/poignee-liege-tulipe\\\/#breadcrumb\"},\"inLanguage\":\"fr-FR\",\"potentialAction\":[{\"@type\":\"ReadAction\",\"target\":[\"https:\\\/\\\/mylovelyrods.com\\\/index.php\\\/produit\\\/poignee-liege-tulipe\\\/\"]}]},{\"@type\":\"ImageObject\",\"inLanguage\":\"fr-FR\",\"@id\":\"https:\\\/\\\/mylovelyrods.com\\\/index.php\\\/produit\\\/poignee-liege-tulipe\\\/#primaryimage\",\"url\":\"https:\\\/\\\/i0.wp.com\\\/mylovelyrods.com\\\/wp-content\\\/uploads\\\/2022\\\/10\\\/20221018_102404.jpg?fit=1908%2C2184&ssl=1\",\"contentUrl\":\"https:\\\/\\\/i0.wp.com\\\/mylovelyrods.com\\\/wp-content\\\/uploads\\\/2022\\\/10\\\/20221018_102404.jpg?fit=1908%2C2184&ssl=1\",\"width\":1908,\"height\":2184,\"caption\":\"Poign\u00e9e li\u00e8ge tulipe d'excellente qualit\u00e9. Ces poign\u00e9es mesurent 18 cm de longueur.\u00a0 27 mm de diam\u00e8tre aux zones les plus larges. 23 aux diam\u00e8tres creux\"},{\"@type\":\"BreadcrumbList\",\"@id\":\"https:\\\/\\\/mylovelyrods.com\\\/index.php\\\/produit\\\/poignee-liege-tulipe\\\/#breadcrumb\",\"itemListElement\":[{\"@type\":\"ListItem\",\"position\":1,\"name\":\"Accueil\",\"item\":\"https:\\\/\\\/mylovelyrods.com\\\/\"},{\"@type\":\"ListItem\",\"position\":2,\"name\":\"Produits\",\"item\":\"https:\\\/\\\/mylovelyrods.com\\\/index.php\\\/boutique\\\/\"},{\"@type\":\"ListItem\",\"position\":3,\"name\":\"Poign\u00e9e li\u00e8ge tulipe\"}]},{\"@type\":\"WebSite\",\"@id\":\"https:\\\/\\\/mylovelyrods.com\\\/#website\",\"url\":\"https:\\\/\\\/mylovelyrods.com\\\/\",\"name\":\"Mylovelyrods\",\"description\":\"Facteur de canne, restaurations, customisations, rodbuilding, mouches, nymphes et petit mat\u00e9riel...\",\"publisher\":{\"@id\":\"https:\\\/\\\/mylovelyrods.com\\\/#organization\"},\"potentialAction\":[{\"@type\":\"SearchAction\",\"target\":{\"@type\":\"EntryPoint\",\"urlTemplate\":\"https:\\\/\\\/mylovelyrods.com\\\/?s={search_term_string}\"},\"query-input\":{\"@type\":\"PropertyValueSpecification\",\"valueRequired\":true,\"valueName\":\"search_term_string\"}}],\"inLanguage\":\"fr-FR\"},{\"@type\":\"Organization\",\"@id\":\"https:\\\/\\\/mylovelyrods.com\\\/#organization\",\"name\":\"Mylovelyrods\",\"url\":\"https:\\\/\\\/mylovelyrods.com\\\/\",\"logo\":{\"@type\":\"ImageObject\",\"inLanguage\":\"fr-FR\",\"@id\":\"https:\\\/\\\/mylovelyrods.com\\\/#\\\/schema\\\/logo\\\/image\\\/\",\"url\":\"https:\\\/\\\/mylovelyrods.com\\\/wp-content\\\/uploads\\\/2021\\\/01\\\/0001-scaled-e1611186770281.jpg\",\"contentUrl\":\"https:\\\/\\\/mylovelyrods.com\\\/wp-content\\\/uploads\\\/2021\\\/01\\\/0001-scaled-e1611186770281.jpg\",\"width\":2560,\"height\":716,\"caption\":\"Mylovelyrods\"},\"image\":{\"@id\":\"https:\\\/\\\/mylovelyrods.com\\\/#\\\/schema\\\/logo\\\/image\\\/\"},\"sameAs\":[\"https:\\\/\\\/m.facebook.com\\\/people\\\/Mylovelyrods\\\/100062956103344\\\/?locale=fr_FR\",\"https:\\\/\\\/www.instagram.com\\\/mylovelyrods\\\/?hl=fr\"]}]}<\/script>\n<!-- \/ Yoast SEO plugin. -->","yoast_head_json":{"title":"Poign\u00e9e li\u00e8ge tulipe - Mylovelyrods","description":"Poign\u00e9e li\u00e8ge tulipe d'excellente qualit\u00e9. Ces poign\u00e9es mesurent 18 cm de longueur.\u00a0 27 mm de diam\u00e8tre aux zones les plus larges. 23 aux diam\u00e8tres creux","robots":{"index":"index","follow":"follow","max-snippet":"max-snippet:-1","max-image-preview":"max-image-preview:large","max-video-preview":"max-video-preview:-1"},"canonical":"https:\/\/mylovelyrods.com\/index.php\/produit\/poignee-liege-tulipe\/","og_locale":"fr_FR","og_type":"article","og_title":"Poign\u00e9e li\u00e8ge tulipe - Mylovelyrods","og_description":"Poign\u00e9e li\u00e8ge tulipe d'excellente qualit\u00e9. Ces poign\u00e9es mesurent 18 cm de longueur.\u00a0 27 mm de diam\u00e8tre aux zones les plus larges. 23 aux diam\u00e8tres creux","og_url":"https:\/\/mylovelyrods.com\/index.php\/produit\/poignee-liege-tulipe\/","og_site_name":"Mylovelyrods","article_publisher":"https:\/\/m.facebook.com\/people\/Mylovelyrods\/100062956103344\/?locale=fr_FR","article_modified_time":"2026-02-07T12:25:04+00:00","og_image":[{"width":1908,"height":2184,"url":"https:\/\/mylovelyrods.com\/wp-content\/uploads\/2022\/10\/20221018_102404.jpg","type":"image\/jpeg"}],"twitter_card":"summary_large_image","twitter_misc":{"Dur\u00e9e de lecture estim\u00e9e":"1 minute"},"schema":{"@context":"https:\/\/schema.org","@graph":[{"@type":"WebPage","@id":"https:\/\/mylovelyrods.com\/index.php\/produit\/poignee-liege-tulipe\/","url":"https:\/\/mylovelyrods.com\/index.php\/produit\/poignee-liege-tulipe\/","name":"Poign\u00e9e li\u00e8ge tulipe - Mylovelyrods","isPartOf":{"@id":"https:\/\/mylovelyrods.com\/#website"},"primaryImageOfPage":{"@id":"https:\/\/mylovelyrods.com\/index.php\/produit\/poignee-liege-tulipe\/#primaryimage"},"image":{"@id":"https:\/\/mylovelyrods.com\/index.php\/produit\/poignee-liege-tulipe\/#primaryimage"},"thumbnailUrl":"https:\/\/i0.wp.com\/mylovelyrods.com\/wp-content\/uploads\/2022\/10\/20221018_102404.jpg?fit=1908%2C2184&ssl=1","datePublished":"2022-10-18T08:38:23+00:00","dateModified":"2026-02-07T12:25:04+00:00","description":"Poign\u00e9e li\u00e8ge tulipe d'excellente qualit\u00e9. Ces poign\u00e9es mesurent 18 cm de longueur.\u00a0 27 mm de diam\u00e8tre aux zones les plus larges. 23 aux diam\u00e8tres creux","breadcrumb":{"@id":"https:\/\/mylovelyrods.com\/index.php\/produit\/poignee-liege-tulipe\/#breadcrumb"},"inLanguage":"fr-FR","potentialAction":[{"@type":"ReadAction","target":["https:\/\/mylovelyrods.com\/index.php\/produit\/poignee-liege-tulipe\/"]}]},{"@type":"ImageObject","inLanguage":"fr-FR","@id":"https:\/\/mylovelyrods.com\/index.php\/produit\/poignee-liege-tulipe\/#primaryimage","url":"https:\/\/i0.wp.com\/mylovelyrods.com\/wp-content\/uploads\/2022\/10\/20221018_102404.jpg?fit=1908%2C2184&ssl=1","contentUrl":"https:\/\/i0.wp.com\/mylovelyrods.com\/wp-content\/uploads\/2022\/10\/20221018_102404.jpg?fit=1908%2C2184&ssl=1","width":1908,"height":2184,"caption":"Poign\u00e9e li\u00e8ge tulipe d'excellente qualit\u00e9. Ces poign\u00e9es mesurent 18 cm de longueur.\u00a0 27 mm de diam\u00e8tre aux zones les plus larges. 23 aux diam\u00e8tres creux"},{"@type":"BreadcrumbList","@id":"https:\/\/mylovelyrods.com\/index.php\/produit\/poignee-liege-tulipe\/#breadcrumb","itemListElement":[{"@type":"ListItem","position":1,"name":"Accueil","item":"https:\/\/mylovelyrods.com\/"},{"@type":"ListItem","position":2,"name":"Produits","item":"https:\/\/mylovelyrods.com\/index.php\/boutique\/"},{"@type":"ListItem","position":3,"name":"Poign\u00e9e li\u00e8ge tulipe"}]},{"@type":"WebSite","@id":"https:\/\/mylovelyrods.com\/#website","url":"https:\/\/mylovelyrods.com\/","name":"Mylovelyrods","description":"Facteur de canne, restaurations, customisations, rodbuilding, mouches, nymphes et petit mat\u00e9riel...","publisher":{"@id":"https:\/\/mylovelyrods.com\/#organization"},"potentialAction":[{"@type":"SearchAction","target":{"@type":"EntryPoint","urlTemplate":"https:\/\/mylovelyrods.com\/?s={search_term_string}"},"query-input":{"@type":"PropertyValueSpecification","valueRequired":true,"valueName":"search_term_string"}}],"inLanguage":"fr-FR"},{"@type":"Organization","@id":"https:\/\/mylovelyrods.com\/#organization","name":"Mylovelyrods","url":"https:\/\/mylovelyrods.com\/","logo":{"@type":"ImageObject","inLanguage":"fr-FR","@id":"https:\/\/mylovelyrods.com\/#\/schema\/logo\/image\/","url":"https:\/\/mylovelyrods.com\/wp-content\/uploads\/2021\/01\/0001-scaled-e1611186770281.jpg","contentUrl":"https:\/\/mylovelyrods.com\/wp-content\/uploads\/2021\/01\/0001-scaled-e1611186770281.jpg","width":2560,"height":716,"caption":"Mylovelyrods"},"image":{"@id":"https:\/\/mylovelyrods.com\/#\/schema\/logo\/image\/"},"sameAs":["https:\/\/m.facebook.com\/people\/Mylovelyrods\/100062956103344\/?locale=fr_FR","https:\/\/www.instagram.com\/mylovelyrods\/?hl=fr"]}]}},"jetpack_sharing_enabled":true,"_links":{"self":[{"href":"https:\/\/mylovelyrods.com\/index.php\/wp-json\/wp\/v2\/product\/2321","targetHints":{"allow":["GET"]}}],"collection":[{"href":"https:\/\/mylovelyrods.com\/index.php\/wp-json\/wp\/v2\/product"}],"about":[{"href":"https:\/\/mylovelyrods.com\/index.php\/wp-json\/wp\/v2\/types\/product"}],"wp:featuredmedia":[{"embeddable":true,"href":"https:\/\/mylovelyrods.com\/index.php\/wp-json\/wp\/v2\/media\/2324"}],"wp:attachment":[{"href":"https:\/\/mylovelyrods.com\/index.php\/wp-json\/wp\/v2\/media?parent=2321"}],"wp:term":[{"taxonomy":"product_brand","embeddable":true,"href":"https:\/\/mylovelyrods.com\/index.php\/wp-json\/wp\/v2\/product_brand?post=2321"},{"taxonomy":"product_cat","embeddable":true,"href":"https:\/\/mylovelyrods.com\/index.php\/wp-json\/wp\/v2\/product_cat?post=2321"},{"taxonomy":"product_tag","embeddable":true,"href":"https:\/\/mylovelyrods.com\/index.php\/wp-json\/wp\/v2\/product_tag?post=2321"}],"curies":[{"name":"wp","href":"https:\/\/api.w.org\/{rel}","templated":true}]}}