{"id":2325,"date":"2022-10-18T11:00:18","date_gmt":"2022-10-18T09:00:18","guid":{"rendered":"https:\/\/mylovelyrods.com\/?post_type=product&#038;p=2325"},"modified":"2025-12-05T12:15:13","modified_gmt":"2025-12-05T11:15:13","slug":"butt-liege","status":"publish","type":"product","link":"https:\/\/mylovelyrods.com\/index.php\/produit\/butt-liege\/","title":{"rendered":"Butt Li\u00e8ge"},"content":{"rendered":"<p>Butt li\u00e8ge d&rsquo;excellente qualit\u00e9. Ces butts mesurent 3 cm de longueur.\u00a0 29 mm de diam\u00e8tre au plus large. 25 au diam\u00e8tre le moins large. Le trou int\u00e9rieur est de 9mm mais peut \u00eatre ream\u00e9.<\/p>\n<p>Vous pouvez choisir un Butt li\u00e8ge directement \u00e9vid\u00e9e a la base (Trou de 20mm de diam\u00e8tre pour environ 1 cm de profondeur) pour l&#8217;emplacement du porte moulinet. Ou un Butt li\u00e8ge non \u00e9vid\u00e9e, qui ira tr\u00e8s bien pour un montage up locking par exemple.<\/p>\n<p>Le rajout d&rsquo;un butt, peut l\u00e9g\u00e8rement am\u00e9liorer l&rsquo;\u00e9quilibre de votre canne, en mettant donc du poids \u00e0 l&rsquo;arri\u00e8re.<\/p>\n<p>La qualit\u00e9 du li\u00e8ge est la m\u00eame que sur la photo. Li\u00e8ge de qualit\u00e9 3A. Le poids de ces butts est d&rsquo;environ 7g.<\/p>\n<p>Si vous souhaitez un butt sur mesure en qualit\u00e9 top flor. Si vous avez des questions, n&rsquo;h\u00e9sitez pas \u00e0 m&rsquo;envoyer un mail <a href=\"https:\/\/mylovelyrods.com\/index.php\/demande-devis-contact-canne-a-peche-artisanale\/\">ICI<\/a>.<\/p>\n<p>Pour me suivre sur les r\u00e9seaux sociaux c&rsquo;est par <a href=\"https:\/\/m.facebook.com\/people\/Mylovelyrods\/100062956103344\/\">ici<\/a> et par <a href=\"https:\/\/www.instagram.com\/mylovelyrods\/?hl=fr\">l\u00e0<\/a><\/p>\n","protected":false},"excerpt":{"rendered":"<p>Butt li\u00e8ge d&rsquo;excellente qualit\u00e9. Ces butts mesurent 3 cm de longueur.\u00a0 29 mm de diam\u00e8tre au plus large. 25 au diam\u00e8tre le moins large. Le trou int\u00e9rieur est de 9mm mais peut \u00eatre ream\u00e9.<\/p>\n<p>Vous pouvez choisir un Butt li\u00e8ge directement \u00e9vid\u00e9e a la base (Trou de 20mm de diam\u00e8tre pour environ 1 cm de profondeur) pour l&#8217;emplacement du porte moulinet. Ou un Butt li\u00e8ge non \u00e9vid\u00e9e, qui ira tr\u00e8s bien pour un montage up locking par exemple.<\/p>\n<p>Le rajout d&rsquo;un butt, peut l\u00e9g\u00e8rement am\u00e9liorer l&rsquo;\u00e9quilibre de votre canne, en mettant donc du poids \u00e0 l&rsquo;arri\u00e8re.<\/p>\n<p>La qualit\u00e9 du li\u00e8ge est la m\u00eame que sur la photo. Li\u00e8ge de qualit\u00e9 3A. Le poids de ces butts est d&rsquo;environ 7g.<\/p>\n<p>Si vous souhaitez un butt sur mesure en qualit\u00e9 top flor. Si vous avez des questions, n&rsquo;h\u00e9sitez pas \u00e0 m&rsquo;envoyer un mail <a href=\"https:\/\/mylovelyrods.com\/index.php\/demande-devis-contact-canne-a-peche-artisanale\/\">ICI<\/a>.<\/p>\n<p>Pour me suivre sur les r\u00e9seaux sociaux c&rsquo;est par <a href=\"https:\/\/m.facebook.com\/people\/Mylovelyrods\/100062956103344\/\">ici<\/a> et par <a href=\"https:\/\/www.instagram.com\/mylovelyrods\/?hl=fr\">l\u00e0<\/a><\/p>\n","protected":false},"featured_media":2328,"template":"","meta":{"jetpack_post_was_ever_published":false,"_glsr_average":0,"_glsr_ranking":0,"_glsr_reviews":0},"product_brand":[],"product_cat":[51],"product_tag":[],"class_list":{"0":"post-2325","1":"product","2":"type-product","3":"status-publish","4":"has-post-thumbnail","6":"product_cat-montage-de-poignee","8":"first","9":"instock","10":"shipping-taxable","11":"purchasable","12":"product-type-variable"},"yoast_head":"<!-- This site is optimized with the Yoast SEO plugin v27.4 - https:\/\/yoast.com\/product\/yoast-seo-wordpress\/ -->\n<title>Butt Li\u00e8ge - Mylovelyrods<\/title>\n<meta name=\"description\" content=\"Butt li\u00e8ge d&#039;excellente qualit\u00e9. Ces butts mesurent 3 cm de longueur.\u00a0 2\u00e7 mm de diam\u00e8tre au plus large. 25 au diam\u00e8tre le moins large.\" \/>\n<meta name=\"robots\" content=\"index, follow, max-snippet:-1, max-image-preview:large, max-video-preview:-1\" \/>\n<link rel=\"canonical\" href=\"https:\/\/mylovelyrods.com\/index.php\/produit\/butt-liege\/\" \/>\n<meta property=\"og:locale\" content=\"fr_FR\" \/>\n<meta property=\"og:type\" content=\"article\" \/>\n<meta property=\"og:title\" content=\"Butt Li\u00e8ge - Mylovelyrods\" \/>\n<meta property=\"og:description\" content=\"Butt li\u00e8ge d&#039;excellente qualit\u00e9. Ces butts mesurent 3 cm de longueur.\u00a0 2\u00e7 mm de diam\u00e8tre au plus large. 25 au diam\u00e8tre le moins large.\" \/>\n<meta property=\"og:url\" content=\"https:\/\/mylovelyrods.com\/index.php\/produit\/butt-liege\/\" \/>\n<meta property=\"og:site_name\" content=\"Mylovelyrods\" \/>\n<meta property=\"article:publisher\" content=\"https:\/\/m.facebook.com\/people\/Mylovelyrods\/100062956103344\/?locale=fr_FR\" \/>\n<meta property=\"article:modified_time\" content=\"2025-12-05T11:15:13+00:00\" \/>\n<meta property=\"og:image\" content=\"https:\/\/mylovelyrods.com\/wp-content\/uploads\/2022\/10\/20221018_105657.jpg\" \/>\n\t<meta property=\"og:image:width\" content=\"1666\" \/>\n\t<meta property=\"og:image:height\" content=\"1452\" \/>\n\t<meta property=\"og:image:type\" content=\"image\/jpeg\" \/>\n<meta name=\"twitter:card\" content=\"summary_large_image\" \/>\n<meta name=\"twitter:label1\" content=\"Dur\u00e9e de lecture estim\u00e9e\" \/>\n\t<meta name=\"twitter:data1\" content=\"1 minute\" \/>\n<script type=\"application\/ld+json\" class=\"yoast-schema-graph\">{\"@context\":\"https:\\\/\\\/schema.org\",\"@graph\":[{\"@type\":\"WebPage\",\"@id\":\"https:\\\/\\\/mylovelyrods.com\\\/index.php\\\/produit\\\/butt-liege\\\/\",\"url\":\"https:\\\/\\\/mylovelyrods.com\\\/index.php\\\/produit\\\/butt-liege\\\/\",\"name\":\"Butt Li\u00e8ge - Mylovelyrods\",\"isPartOf\":{\"@id\":\"https:\\\/\\\/mylovelyrods.com\\\/#website\"},\"primaryImageOfPage\":{\"@id\":\"https:\\\/\\\/mylovelyrods.com\\\/index.php\\\/produit\\\/butt-liege\\\/#primaryimage\"},\"image\":{\"@id\":\"https:\\\/\\\/mylovelyrods.com\\\/index.php\\\/produit\\\/butt-liege\\\/#primaryimage\"},\"thumbnailUrl\":\"https:\\\/\\\/i0.wp.com\\\/mylovelyrods.com\\\/wp-content\\\/uploads\\\/2022\\\/10\\\/20221018_105657.jpg?fit=1666%2C1452&ssl=1\",\"datePublished\":\"2022-10-18T09:00:18+00:00\",\"dateModified\":\"2025-12-05T11:15:13+00:00\",\"description\":\"Butt li\u00e8ge d'excellente qualit\u00e9. Ces butts mesurent 3 cm de longueur.\u00a0 2\u00e7 mm de diam\u00e8tre au plus large. 25 au diam\u00e8tre le moins large.\",\"breadcrumb\":{\"@id\":\"https:\\\/\\\/mylovelyrods.com\\\/index.php\\\/produit\\\/butt-liege\\\/#breadcrumb\"},\"inLanguage\":\"fr-FR\",\"potentialAction\":[{\"@type\":\"ReadAction\",\"target\":[\"https:\\\/\\\/mylovelyrods.com\\\/index.php\\\/produit\\\/butt-liege\\\/\"]}]},{\"@type\":\"ImageObject\",\"inLanguage\":\"fr-FR\",\"@id\":\"https:\\\/\\\/mylovelyrods.com\\\/index.php\\\/produit\\\/butt-liege\\\/#primaryimage\",\"url\":\"https:\\\/\\\/i0.wp.com\\\/mylovelyrods.com\\\/wp-content\\\/uploads\\\/2022\\\/10\\\/20221018_105657.jpg?fit=1666%2C1452&ssl=1\",\"contentUrl\":\"https:\\\/\\\/i0.wp.com\\\/mylovelyrods.com\\\/wp-content\\\/uploads\\\/2022\\\/10\\\/20221018_105657.jpg?fit=1666%2C1452&ssl=1\",\"width\":1666,\"height\":1452,\"caption\":\"Butt li\u00e8ge d'excellente qualit\u00e9. Ces butts mesurent 3 cm de longueur.\u00a0 2\u00e7 mm de diam\u00e8tre au plus large. 25 au diam\u00e8tre le moins large. Le trou int\u00e9rieur est de 9mm mais peut \u00eatre ream\u00e9.\"},{\"@type\":\"BreadcrumbList\",\"@id\":\"https:\\\/\\\/mylovelyrods.com\\\/index.php\\\/produit\\\/butt-liege\\\/#breadcrumb\",\"itemListElement\":[{\"@type\":\"ListItem\",\"position\":1,\"name\":\"Accueil\",\"item\":\"https:\\\/\\\/mylovelyrods.com\\\/\"},{\"@type\":\"ListItem\",\"position\":2,\"name\":\"Produits\",\"item\":\"https:\\\/\\\/mylovelyrods.com\\\/index.php\\\/boutique\\\/\"},{\"@type\":\"ListItem\",\"position\":3,\"name\":\"Butt Li\u00e8ge\"}]},{\"@type\":\"WebSite\",\"@id\":\"https:\\\/\\\/mylovelyrods.com\\\/#website\",\"url\":\"https:\\\/\\\/mylovelyrods.com\\\/\",\"name\":\"Mylovelyrods\",\"description\":\"Facteur de canne, restaurations, customisations, rodbuilding, mouches, nymphes et petit mat\u00e9riel...\",\"publisher\":{\"@id\":\"https:\\\/\\\/mylovelyrods.com\\\/#organization\"},\"potentialAction\":[{\"@type\":\"SearchAction\",\"target\":{\"@type\":\"EntryPoint\",\"urlTemplate\":\"https:\\\/\\\/mylovelyrods.com\\\/?s={search_term_string}\"},\"query-input\":{\"@type\":\"PropertyValueSpecification\",\"valueRequired\":true,\"valueName\":\"search_term_string\"}}],\"inLanguage\":\"fr-FR\"},{\"@type\":\"Organization\",\"@id\":\"https:\\\/\\\/mylovelyrods.com\\\/#organization\",\"name\":\"Mylovelyrods\",\"url\":\"https:\\\/\\\/mylovelyrods.com\\\/\",\"logo\":{\"@type\":\"ImageObject\",\"inLanguage\":\"fr-FR\",\"@id\":\"https:\\\/\\\/mylovelyrods.com\\\/#\\\/schema\\\/logo\\\/image\\\/\",\"url\":\"https:\\\/\\\/mylovelyrods.com\\\/wp-content\\\/uploads\\\/2021\\\/01\\\/0001-scaled-e1611186770281.jpg\",\"contentUrl\":\"https:\\\/\\\/mylovelyrods.com\\\/wp-content\\\/uploads\\\/2021\\\/01\\\/0001-scaled-e1611186770281.jpg\",\"width\":2560,\"height\":716,\"caption\":\"Mylovelyrods\"},\"image\":{\"@id\":\"https:\\\/\\\/mylovelyrods.com\\\/#\\\/schema\\\/logo\\\/image\\\/\"},\"sameAs\":[\"https:\\\/\\\/m.facebook.com\\\/people\\\/Mylovelyrods\\\/100062956103344\\\/?locale=fr_FR\",\"https:\\\/\\\/www.instagram.com\\\/mylovelyrods\\\/?hl=fr\"]}]}<\/script>\n<!-- \/ Yoast SEO plugin. -->","yoast_head_json":{"title":"Butt Li\u00e8ge - Mylovelyrods","description":"Butt li\u00e8ge d'excellente qualit\u00e9. Ces butts mesurent 3 cm de longueur.\u00a0 2\u00e7 mm de diam\u00e8tre au plus large. 25 au diam\u00e8tre le moins large.","robots":{"index":"index","follow":"follow","max-snippet":"max-snippet:-1","max-image-preview":"max-image-preview:large","max-video-preview":"max-video-preview:-1"},"canonical":"https:\/\/mylovelyrods.com\/index.php\/produit\/butt-liege\/","og_locale":"fr_FR","og_type":"article","og_title":"Butt Li\u00e8ge - Mylovelyrods","og_description":"Butt li\u00e8ge d'excellente qualit\u00e9. Ces butts mesurent 3 cm de longueur.\u00a0 2\u00e7 mm de diam\u00e8tre au plus large. 25 au diam\u00e8tre le moins large.","og_url":"https:\/\/mylovelyrods.com\/index.php\/produit\/butt-liege\/","og_site_name":"Mylovelyrods","article_publisher":"https:\/\/m.facebook.com\/people\/Mylovelyrods\/100062956103344\/?locale=fr_FR","article_modified_time":"2025-12-05T11:15:13+00:00","og_image":[{"width":1666,"height":1452,"url":"https:\/\/mylovelyrods.com\/wp-content\/uploads\/2022\/10\/20221018_105657.jpg","type":"image\/jpeg"}],"twitter_card":"summary_large_image","twitter_misc":{"Dur\u00e9e de lecture estim\u00e9e":"1 minute"},"schema":{"@context":"https:\/\/schema.org","@graph":[{"@type":"WebPage","@id":"https:\/\/mylovelyrods.com\/index.php\/produit\/butt-liege\/","url":"https:\/\/mylovelyrods.com\/index.php\/produit\/butt-liege\/","name":"Butt Li\u00e8ge - Mylovelyrods","isPartOf":{"@id":"https:\/\/mylovelyrods.com\/#website"},"primaryImageOfPage":{"@id":"https:\/\/mylovelyrods.com\/index.php\/produit\/butt-liege\/#primaryimage"},"image":{"@id":"https:\/\/mylovelyrods.com\/index.php\/produit\/butt-liege\/#primaryimage"},"thumbnailUrl":"https:\/\/i0.wp.com\/mylovelyrods.com\/wp-content\/uploads\/2022\/10\/20221018_105657.jpg?fit=1666%2C1452&ssl=1","datePublished":"2022-10-18T09:00:18+00:00","dateModified":"2025-12-05T11:15:13+00:00","description":"Butt li\u00e8ge d'excellente qualit\u00e9. Ces butts mesurent 3 cm de longueur.\u00a0 2\u00e7 mm de diam\u00e8tre au plus large. 25 au diam\u00e8tre le moins large.","breadcrumb":{"@id":"https:\/\/mylovelyrods.com\/index.php\/produit\/butt-liege\/#breadcrumb"},"inLanguage":"fr-FR","potentialAction":[{"@type":"ReadAction","target":["https:\/\/mylovelyrods.com\/index.php\/produit\/butt-liege\/"]}]},{"@type":"ImageObject","inLanguage":"fr-FR","@id":"https:\/\/mylovelyrods.com\/index.php\/produit\/butt-liege\/#primaryimage","url":"https:\/\/i0.wp.com\/mylovelyrods.com\/wp-content\/uploads\/2022\/10\/20221018_105657.jpg?fit=1666%2C1452&ssl=1","contentUrl":"https:\/\/i0.wp.com\/mylovelyrods.com\/wp-content\/uploads\/2022\/10\/20221018_105657.jpg?fit=1666%2C1452&ssl=1","width":1666,"height":1452,"caption":"Butt li\u00e8ge d'excellente qualit\u00e9. Ces butts mesurent 3 cm de longueur.\u00a0 2\u00e7 mm de diam\u00e8tre au plus large. 25 au diam\u00e8tre le moins large. Le trou int\u00e9rieur est de 9mm mais peut \u00eatre ream\u00e9."},{"@type":"BreadcrumbList","@id":"https:\/\/mylovelyrods.com\/index.php\/produit\/butt-liege\/#breadcrumb","itemListElement":[{"@type":"ListItem","position":1,"name":"Accueil","item":"https:\/\/mylovelyrods.com\/"},{"@type":"ListItem","position":2,"name":"Produits","item":"https:\/\/mylovelyrods.com\/index.php\/boutique\/"},{"@type":"ListItem","position":3,"name":"Butt Li\u00e8ge"}]},{"@type":"WebSite","@id":"https:\/\/mylovelyrods.com\/#website","url":"https:\/\/mylovelyrods.com\/","name":"Mylovelyrods","description":"Facteur de canne, restaurations, customisations, rodbuilding, mouches, nymphes et petit mat\u00e9riel...","publisher":{"@id":"https:\/\/mylovelyrods.com\/#organization"},"potentialAction":[{"@type":"SearchAction","target":{"@type":"EntryPoint","urlTemplate":"https:\/\/mylovelyrods.com\/?s={search_term_string}"},"query-input":{"@type":"PropertyValueSpecification","valueRequired":true,"valueName":"search_term_string"}}],"inLanguage":"fr-FR"},{"@type":"Organization","@id":"https:\/\/mylovelyrods.com\/#organization","name":"Mylovelyrods","url":"https:\/\/mylovelyrods.com\/","logo":{"@type":"ImageObject","inLanguage":"fr-FR","@id":"https:\/\/mylovelyrods.com\/#\/schema\/logo\/image\/","url":"https:\/\/mylovelyrods.com\/wp-content\/uploads\/2021\/01\/0001-scaled-e1611186770281.jpg","contentUrl":"https:\/\/mylovelyrods.com\/wp-content\/uploads\/2021\/01\/0001-scaled-e1611186770281.jpg","width":2560,"height":716,"caption":"Mylovelyrods"},"image":{"@id":"https:\/\/mylovelyrods.com\/#\/schema\/logo\/image\/"},"sameAs":["https:\/\/m.facebook.com\/people\/Mylovelyrods\/100062956103344\/?locale=fr_FR","https:\/\/www.instagram.com\/mylovelyrods\/?hl=fr"]}]}},"jetpack_sharing_enabled":true,"_links":{"self":[{"href":"https:\/\/mylovelyrods.com\/index.php\/wp-json\/wp\/v2\/product\/2325","targetHints":{"allow":["GET"]}}],"collection":[{"href":"https:\/\/mylovelyrods.com\/index.php\/wp-json\/wp\/v2\/product"}],"about":[{"href":"https:\/\/mylovelyrods.com\/index.php\/wp-json\/wp\/v2\/types\/product"}],"wp:featuredmedia":[{"embeddable":true,"href":"https:\/\/mylovelyrods.com\/index.php\/wp-json\/wp\/v2\/media\/2328"}],"wp:attachment":[{"href":"https:\/\/mylovelyrods.com\/index.php\/wp-json\/wp\/v2\/media?parent=2325"}],"wp:term":[{"taxonomy":"product_brand","embeddable":true,"href":"https:\/\/mylovelyrods.com\/index.php\/wp-json\/wp\/v2\/product_brand?post=2325"},{"taxonomy":"product_cat","embeddable":true,"href":"https:\/\/mylovelyrods.com\/index.php\/wp-json\/wp\/v2\/product_cat?post=2325"},{"taxonomy":"product_tag","embeddable":true,"href":"https:\/\/mylovelyrods.com\/index.php\/wp-json\/wp\/v2\/product_tag?post=2325"}],"curies":[{"name":"wp","href":"https:\/\/api.w.org\/{rel}","templated":true}]}}