{"id":2358,"date":"2022-10-19T10:41:37","date_gmt":"2022-10-19T08:41:37","guid":{"rendered":"https:\/\/mylovelyrods.com\/?post_type=product&#038;p=2358"},"modified":"2026-02-05T22:55:09","modified_gmt":"2026-02-05T21:55:09","slug":"butt-rubber","status":"publish","type":"product","link":"https:\/\/mylovelyrods.com\/index.php\/produit\/butt-rubber\/","title":{"rendered":"Butt rubber"},"content":{"rendered":"<p>Butt rubber d&rsquo;excellente qualit\u00e9. Ces butts mesurent 1,5 cm de hauteur.\u00a0 27 mm de diam\u00e8tre au plus large. 25 au diam\u00e8tre le moins large.<\/p>\n<p>Ce petit Butt rubber est propos\u00e9 soit \u00e9vid\u00e9 (trou de 20mm de diam\u00e8tre pour une profondeur d&rsquo;environ 1 cm), soit non \u00e9vid\u00e9 (avec un percage de 10mm de diametre pour un cm de profondeur).<\/p>\n<p>Le rajout d&rsquo;un butt, peut l\u00e9g\u00e8rement am\u00e9liorer l&rsquo;\u00e9quilibre de votre canne, en mettant donc du poids \u00e0 l&rsquo;arri\u00e8re. Celui ci \u00e9tant petit et l\u00e9ger, il apporte plus d&rsquo;esth\u00e9tique que de technique. Il me permet d&rsquo;habiller un porte moulinet plac\u00e9 en down locking par exemple.<\/p>\n<p>La qualit\u00e9 du li\u00e8ge est la m\u00eame que sur la photo. Le poids du butt \u00e9vid\u00e9 est de 4g, contre 5g pour le non \u00e9vid\u00e9.<\/p>\n<p>Si vous souhaitez un butt sur mesure en qualit\u00e9 top flor. Si vous avez des questions, n&rsquo;h\u00e9sitez pas \u00e0 m&rsquo;envoyer un mail <a href=\"https:\/\/mylovelyrods.com\/index.php\/demande-devis-contact-canne-a-peche-artisanale\/\">ICI<\/a>.<\/p>\n<p>Pour me suivre sur les r\u00e9seaux sociaux c&rsquo;est par <a href=\"https:\/\/m.facebook.com\/people\/Mylovelyrods\/100062956103344\/\">ici<\/a> et par <a href=\"https:\/\/www.instagram.com\/mylovelyrods\/?hl=fr\">l\u00e0<\/a><\/p>\n","protected":false},"excerpt":{"rendered":"<p>Butt rubber d&rsquo;excellente qualit\u00e9. Ces butts mesurent 1,5 cm de hauteur.\u00a0 27 mm de diam\u00e8tre au plus large. 25 au diam\u00e8tre le moins large.<\/p>\n<p>Ce petit Butt rubber est propos\u00e9 soit \u00e9vid\u00e9 (trou de 20mm de diam\u00e8tre pour une profondeur d&rsquo;environ 1 cm), soit non \u00e9vid\u00e9 (avec un percage de 10mm de diametre pour un cm de profondeur).<\/p>\n<p>Le rajout d&rsquo;un butt, peut l\u00e9g\u00e8rement am\u00e9liorer l&rsquo;\u00e9quilibre de votre canne, en mettant donc du poids \u00e0 l&rsquo;arri\u00e8re. Celui ci \u00e9tant petit et l\u00e9ger, il apporte plus d&rsquo;esth\u00e9tique que de technique. Il me permet d&rsquo;habiller un porte moulinet plac\u00e9 en down locking par exemple.<\/p>\n<p>La qualit\u00e9 du li\u00e8ge est la m\u00eame que sur la photo. Le poids du butt \u00e9vid\u00e9 est de 4g, contre 5g pour le non \u00e9vid\u00e9.<\/p>\n<p>Si vous souhaitez un butt sur mesure en qualit\u00e9 top flor. Si vous avez des questions, n&rsquo;h\u00e9sitez pas \u00e0 m&rsquo;envoyer un mail <a href=\"https:\/\/mylovelyrods.com\/index.php\/demande-devis-contact-canne-a-peche-artisanale\/\">ICI<\/a>.<\/p>\n<p>Pour me suivre sur les r\u00e9seaux sociaux c&rsquo;est par <a href=\"https:\/\/m.facebook.com\/people\/Mylovelyrods\/100062956103344\/\">ici<\/a> et par <a href=\"https:\/\/www.instagram.com\/mylovelyrods\/?hl=fr\">l\u00e0<\/a><\/p>\n","protected":false},"featured_media":2361,"template":"","meta":{"jetpack_post_was_ever_published":false,"_glsr_average":0,"_glsr_ranking":0,"_glsr_reviews":0},"product_brand":[],"product_cat":[51],"product_tag":[],"class_list":{"0":"post-2358","1":"product","2":"type-product","3":"status-publish","4":"has-post-thumbnail","6":"product_cat-montage-de-poignee","8":"first","9":"instock","10":"shipping-taxable","11":"purchasable","12":"product-type-variable"},"yoast_head":"<!-- This site is optimized with the Yoast SEO plugin v27.4 - https:\/\/yoast.com\/product\/yoast-seo-wordpress\/ -->\n<title>Butt rubber - Mylovelyrods<\/title>\n<meta name=\"description\" content=\"Butt rubber d&#039;excellente qualit\u00e9. Ces butts mesurent 1,5 cm de hauteur.\u00a0 27 mm de diam\u00e8tre au plus large. 25 au diam\u00e8tre le moins large.\" \/>\n<meta name=\"robots\" content=\"index, follow, max-snippet:-1, max-image-preview:large, max-video-preview:-1\" \/>\n<link rel=\"canonical\" href=\"https:\/\/mylovelyrods.com\/index.php\/produit\/butt-rubber\/\" \/>\n<meta property=\"og:locale\" content=\"fr_FR\" \/>\n<meta property=\"og:type\" content=\"article\" \/>\n<meta property=\"og:title\" content=\"Butt rubber - Mylovelyrods\" \/>\n<meta property=\"og:description\" content=\"Butt rubber d&#039;excellente qualit\u00e9. Ces butts mesurent 1,5 cm de hauteur.\u00a0 27 mm de diam\u00e8tre au plus large. 25 au diam\u00e8tre le moins large.\" \/>\n<meta property=\"og:url\" content=\"https:\/\/mylovelyrods.com\/index.php\/produit\/butt-rubber\/\" \/>\n<meta property=\"og:site_name\" content=\"Mylovelyrods\" \/>\n<meta property=\"article:publisher\" content=\"https:\/\/m.facebook.com\/people\/Mylovelyrods\/100062956103344\/?locale=fr_FR\" \/>\n<meta property=\"article:modified_time\" content=\"2026-02-05T21:55:09+00:00\" \/>\n<meta property=\"og:image\" content=\"https:\/\/mylovelyrods.com\/wp-content\/uploads\/2022\/10\/20221019_102423.jpg\" \/>\n\t<meta property=\"og:image:width\" content=\"1908\" \/>\n\t<meta property=\"og:image:height\" content=\"907\" \/>\n\t<meta property=\"og:image:type\" content=\"image\/jpeg\" \/>\n<meta name=\"twitter:card\" content=\"summary_large_image\" \/>\n<meta name=\"twitter:label1\" content=\"Dur\u00e9e de lecture estim\u00e9e\" \/>\n\t<meta name=\"twitter:data1\" content=\"2 minutes\" \/>\n<script type=\"application\/ld+json\" class=\"yoast-schema-graph\">{\"@context\":\"https:\\\/\\\/schema.org\",\"@graph\":[{\"@type\":\"WebPage\",\"@id\":\"https:\\\/\\\/mylovelyrods.com\\\/index.php\\\/produit\\\/butt-rubber\\\/\",\"url\":\"https:\\\/\\\/mylovelyrods.com\\\/index.php\\\/produit\\\/butt-rubber\\\/\",\"name\":\"Butt rubber - Mylovelyrods\",\"isPartOf\":{\"@id\":\"https:\\\/\\\/mylovelyrods.com\\\/#website\"},\"primaryImageOfPage\":{\"@id\":\"https:\\\/\\\/mylovelyrods.com\\\/index.php\\\/produit\\\/butt-rubber\\\/#primaryimage\"},\"image\":{\"@id\":\"https:\\\/\\\/mylovelyrods.com\\\/index.php\\\/produit\\\/butt-rubber\\\/#primaryimage\"},\"thumbnailUrl\":\"https:\\\/\\\/i0.wp.com\\\/mylovelyrods.com\\\/wp-content\\\/uploads\\\/2022\\\/10\\\/20221019_102423.jpg?fit=1908%2C907&ssl=1\",\"datePublished\":\"2022-10-19T08:41:37+00:00\",\"dateModified\":\"2026-02-05T21:55:09+00:00\",\"description\":\"Butt rubber d'excellente qualit\u00e9. Ces butts mesurent 1,5 cm de hauteur.\u00a0 27 mm de diam\u00e8tre au plus large. 25 au diam\u00e8tre le moins large.\",\"breadcrumb\":{\"@id\":\"https:\\\/\\\/mylovelyrods.com\\\/index.php\\\/produit\\\/butt-rubber\\\/#breadcrumb\"},\"inLanguage\":\"fr-FR\",\"potentialAction\":[{\"@type\":\"ReadAction\",\"target\":[\"https:\\\/\\\/mylovelyrods.com\\\/index.php\\\/produit\\\/butt-rubber\\\/\"]}]},{\"@type\":\"ImageObject\",\"inLanguage\":\"fr-FR\",\"@id\":\"https:\\\/\\\/mylovelyrods.com\\\/index.php\\\/produit\\\/butt-rubber\\\/#primaryimage\",\"url\":\"https:\\\/\\\/i0.wp.com\\\/mylovelyrods.com\\\/wp-content\\\/uploads\\\/2022\\\/10\\\/20221019_102423.jpg?fit=1908%2C907&ssl=1\",\"contentUrl\":\"https:\\\/\\\/i0.wp.com\\\/mylovelyrods.com\\\/wp-content\\\/uploads\\\/2022\\\/10\\\/20221019_102423.jpg?fit=1908%2C907&ssl=1\",\"width\":1908,\"height\":907,\"caption\":\"Butt rubber d'excellente qualit\u00e9. Ces butts mesurent 1,5 cm de hauteur.\u00a0 27 mm de diam\u00e8tre au plus large. 25 au diam\u00e8tre le moins large.\"},{\"@type\":\"BreadcrumbList\",\"@id\":\"https:\\\/\\\/mylovelyrods.com\\\/index.php\\\/produit\\\/butt-rubber\\\/#breadcrumb\",\"itemListElement\":[{\"@type\":\"ListItem\",\"position\":1,\"name\":\"Accueil\",\"item\":\"https:\\\/\\\/mylovelyrods.com\\\/\"},{\"@type\":\"ListItem\",\"position\":2,\"name\":\"Produits\",\"item\":\"https:\\\/\\\/mylovelyrods.com\\\/index.php\\\/boutique\\\/\"},{\"@type\":\"ListItem\",\"position\":3,\"name\":\"Butt rubber\"}]},{\"@type\":\"WebSite\",\"@id\":\"https:\\\/\\\/mylovelyrods.com\\\/#website\",\"url\":\"https:\\\/\\\/mylovelyrods.com\\\/\",\"name\":\"Mylovelyrods\",\"description\":\"Facteur de canne, restaurations, customisations, rodbuilding, mouches, nymphes et petit mat\u00e9riel...\",\"publisher\":{\"@id\":\"https:\\\/\\\/mylovelyrods.com\\\/#organization\"},\"potentialAction\":[{\"@type\":\"SearchAction\",\"target\":{\"@type\":\"EntryPoint\",\"urlTemplate\":\"https:\\\/\\\/mylovelyrods.com\\\/?s={search_term_string}\"},\"query-input\":{\"@type\":\"PropertyValueSpecification\",\"valueRequired\":true,\"valueName\":\"search_term_string\"}}],\"inLanguage\":\"fr-FR\"},{\"@type\":\"Organization\",\"@id\":\"https:\\\/\\\/mylovelyrods.com\\\/#organization\",\"name\":\"Mylovelyrods\",\"url\":\"https:\\\/\\\/mylovelyrods.com\\\/\",\"logo\":{\"@type\":\"ImageObject\",\"inLanguage\":\"fr-FR\",\"@id\":\"https:\\\/\\\/mylovelyrods.com\\\/#\\\/schema\\\/logo\\\/image\\\/\",\"url\":\"https:\\\/\\\/mylovelyrods.com\\\/wp-content\\\/uploads\\\/2021\\\/01\\\/0001-scaled-e1611186770281.jpg\",\"contentUrl\":\"https:\\\/\\\/mylovelyrods.com\\\/wp-content\\\/uploads\\\/2021\\\/01\\\/0001-scaled-e1611186770281.jpg\",\"width\":2560,\"height\":716,\"caption\":\"Mylovelyrods\"},\"image\":{\"@id\":\"https:\\\/\\\/mylovelyrods.com\\\/#\\\/schema\\\/logo\\\/image\\\/\"},\"sameAs\":[\"https:\\\/\\\/m.facebook.com\\\/people\\\/Mylovelyrods\\\/100062956103344\\\/?locale=fr_FR\",\"https:\\\/\\\/www.instagram.com\\\/mylovelyrods\\\/?hl=fr\"]}]}<\/script>\n<!-- \/ Yoast SEO plugin. -->","yoast_head_json":{"title":"Butt rubber - Mylovelyrods","description":"Butt rubber d'excellente qualit\u00e9. Ces butts mesurent 1,5 cm de hauteur.\u00a0 27 mm de diam\u00e8tre au plus large. 25 au diam\u00e8tre le moins large.","robots":{"index":"index","follow":"follow","max-snippet":"max-snippet:-1","max-image-preview":"max-image-preview:large","max-video-preview":"max-video-preview:-1"},"canonical":"https:\/\/mylovelyrods.com\/index.php\/produit\/butt-rubber\/","og_locale":"fr_FR","og_type":"article","og_title":"Butt rubber - Mylovelyrods","og_description":"Butt rubber d'excellente qualit\u00e9. Ces butts mesurent 1,5 cm de hauteur.\u00a0 27 mm de diam\u00e8tre au plus large. 25 au diam\u00e8tre le moins large.","og_url":"https:\/\/mylovelyrods.com\/index.php\/produit\/butt-rubber\/","og_site_name":"Mylovelyrods","article_publisher":"https:\/\/m.facebook.com\/people\/Mylovelyrods\/100062956103344\/?locale=fr_FR","article_modified_time":"2026-02-05T21:55:09+00:00","og_image":[{"width":1908,"height":907,"url":"https:\/\/mylovelyrods.com\/wp-content\/uploads\/2022\/10\/20221019_102423.jpg","type":"image\/jpeg"}],"twitter_card":"summary_large_image","twitter_misc":{"Dur\u00e9e de lecture estim\u00e9e":"2 minutes"},"schema":{"@context":"https:\/\/schema.org","@graph":[{"@type":"WebPage","@id":"https:\/\/mylovelyrods.com\/index.php\/produit\/butt-rubber\/","url":"https:\/\/mylovelyrods.com\/index.php\/produit\/butt-rubber\/","name":"Butt rubber - Mylovelyrods","isPartOf":{"@id":"https:\/\/mylovelyrods.com\/#website"},"primaryImageOfPage":{"@id":"https:\/\/mylovelyrods.com\/index.php\/produit\/butt-rubber\/#primaryimage"},"image":{"@id":"https:\/\/mylovelyrods.com\/index.php\/produit\/butt-rubber\/#primaryimage"},"thumbnailUrl":"https:\/\/i0.wp.com\/mylovelyrods.com\/wp-content\/uploads\/2022\/10\/20221019_102423.jpg?fit=1908%2C907&ssl=1","datePublished":"2022-10-19T08:41:37+00:00","dateModified":"2026-02-05T21:55:09+00:00","description":"Butt rubber d'excellente qualit\u00e9. Ces butts mesurent 1,5 cm de hauteur.\u00a0 27 mm de diam\u00e8tre au plus large. 25 au diam\u00e8tre le moins large.","breadcrumb":{"@id":"https:\/\/mylovelyrods.com\/index.php\/produit\/butt-rubber\/#breadcrumb"},"inLanguage":"fr-FR","potentialAction":[{"@type":"ReadAction","target":["https:\/\/mylovelyrods.com\/index.php\/produit\/butt-rubber\/"]}]},{"@type":"ImageObject","inLanguage":"fr-FR","@id":"https:\/\/mylovelyrods.com\/index.php\/produit\/butt-rubber\/#primaryimage","url":"https:\/\/i0.wp.com\/mylovelyrods.com\/wp-content\/uploads\/2022\/10\/20221019_102423.jpg?fit=1908%2C907&ssl=1","contentUrl":"https:\/\/i0.wp.com\/mylovelyrods.com\/wp-content\/uploads\/2022\/10\/20221019_102423.jpg?fit=1908%2C907&ssl=1","width":1908,"height":907,"caption":"Butt rubber d'excellente qualit\u00e9. Ces butts mesurent 1,5 cm de hauteur.\u00a0 27 mm de diam\u00e8tre au plus large. 25 au diam\u00e8tre le moins large."},{"@type":"BreadcrumbList","@id":"https:\/\/mylovelyrods.com\/index.php\/produit\/butt-rubber\/#breadcrumb","itemListElement":[{"@type":"ListItem","position":1,"name":"Accueil","item":"https:\/\/mylovelyrods.com\/"},{"@type":"ListItem","position":2,"name":"Produits","item":"https:\/\/mylovelyrods.com\/index.php\/boutique\/"},{"@type":"ListItem","position":3,"name":"Butt rubber"}]},{"@type":"WebSite","@id":"https:\/\/mylovelyrods.com\/#website","url":"https:\/\/mylovelyrods.com\/","name":"Mylovelyrods","description":"Facteur de canne, restaurations, customisations, rodbuilding, mouches, nymphes et petit mat\u00e9riel...","publisher":{"@id":"https:\/\/mylovelyrods.com\/#organization"},"potentialAction":[{"@type":"SearchAction","target":{"@type":"EntryPoint","urlTemplate":"https:\/\/mylovelyrods.com\/?s={search_term_string}"},"query-input":{"@type":"PropertyValueSpecification","valueRequired":true,"valueName":"search_term_string"}}],"inLanguage":"fr-FR"},{"@type":"Organization","@id":"https:\/\/mylovelyrods.com\/#organization","name":"Mylovelyrods","url":"https:\/\/mylovelyrods.com\/","logo":{"@type":"ImageObject","inLanguage":"fr-FR","@id":"https:\/\/mylovelyrods.com\/#\/schema\/logo\/image\/","url":"https:\/\/mylovelyrods.com\/wp-content\/uploads\/2021\/01\/0001-scaled-e1611186770281.jpg","contentUrl":"https:\/\/mylovelyrods.com\/wp-content\/uploads\/2021\/01\/0001-scaled-e1611186770281.jpg","width":2560,"height":716,"caption":"Mylovelyrods"},"image":{"@id":"https:\/\/mylovelyrods.com\/#\/schema\/logo\/image\/"},"sameAs":["https:\/\/m.facebook.com\/people\/Mylovelyrods\/100062956103344\/?locale=fr_FR","https:\/\/www.instagram.com\/mylovelyrods\/?hl=fr"]}]}},"jetpack_sharing_enabled":true,"_links":{"self":[{"href":"https:\/\/mylovelyrods.com\/index.php\/wp-json\/wp\/v2\/product\/2358","targetHints":{"allow":["GET"]}}],"collection":[{"href":"https:\/\/mylovelyrods.com\/index.php\/wp-json\/wp\/v2\/product"}],"about":[{"href":"https:\/\/mylovelyrods.com\/index.php\/wp-json\/wp\/v2\/types\/product"}],"wp:featuredmedia":[{"embeddable":true,"href":"https:\/\/mylovelyrods.com\/index.php\/wp-json\/wp\/v2\/media\/2361"}],"wp:attachment":[{"href":"https:\/\/mylovelyrods.com\/index.php\/wp-json\/wp\/v2\/media?parent=2358"}],"wp:term":[{"taxonomy":"product_brand","embeddable":true,"href":"https:\/\/mylovelyrods.com\/index.php\/wp-json\/wp\/v2\/product_brand?post=2358"},{"taxonomy":"product_cat","embeddable":true,"href":"https:\/\/mylovelyrods.com\/index.php\/wp-json\/wp\/v2\/product_cat?post=2358"},{"taxonomy":"product_tag","embeddable":true,"href":"https:\/\/mylovelyrods.com\/index.php\/wp-json\/wp\/v2\/product_tag?post=2358"}],"curies":[{"name":"wp","href":"https:\/\/api.w.org\/{rel}","templated":true}]}}