{"id":2665,"date":"2023-07-24T15:39:01","date_gmt":"2023-07-24T13:39:01","guid":{"rendered":"https:\/\/mylovelyrods.com\/?post_type=product&#038;p=2665"},"modified":"2024-02-19T00:19:16","modified_gmt":"2024-02-18T23:19:16","slug":"blank-10-2","status":"publish","type":"product","link":"https:\/\/mylovelyrods.com\/index.php\/produit\/blank-10-2\/","title":{"rendered":"Blank 10&prime; #2 4 brins, marron olive brillant"},"content":{"rendered":"<p>Blank 10&prime; #2 en 4 brins FOURNI AVEC UN SCION SUPPLEMENTAIRE, en Carbone roul\u00e9 IM6<\/p>\n","protected":false},"excerpt":{"rendered":"<p>Blank 10&prime; pour #2 en 4 brins FOURNI AVEC UN SCION SUPPLEMENTAIRE, en Carbone roul\u00e9 IM6 directement import\u00e9 de Cor\u00e9e leader mondial, d&rsquo;action moderate fast, et de couleur marron olive brillant.<\/p>\n<p>Diam\u00e8tre Tip: 1,22 mm<\/p>\n<p>Diam\u00e8tre Talon: 8,20 mm<\/p>\n<p>Pour ce qui sont des mesures techniques, le protocole \u00ab\u00a0common cents\u00a0\u00bb (dont vous aurez les d\u00e9tails ici: <a href=\"https:\/\/www.truites-et-cie.fr\/article\/materiel\/mouche\/protocole-de-test-des-cannes-mouche\">https:\/\/www.truites-et-cie.fr\/article\/materiel\/mouche\/protocole-de-test-des-cannes-mouche<\/a>) a permis de mesurer:<\/p>\n<p>Poids: 42g<\/p>\n<p>ERN:<\/p>\n<p>AA:<\/p>\n<p>Action: Moderate fast<\/p>\n","protected":false},"featured_media":454,"template":"","meta":{"jetpack_post_was_ever_published":false,"_glsr_average":0,"_glsr_ranking":0,"_glsr_reviews":0},"product_brand":[],"product_cat":[33,43],"product_tag":[],"class_list":{"0":"post-2665","1":"product","2":"type-product","3":"status-publish","4":"has-post-thumbnail","6":"product_cat-blanks","7":"product_cat-rodbuilding-montage-de-canne","8":"product_shipping_class-blank","10":"first","11":"instock","12":"shipping-taxable","13":"purchasable","14":"product-type-simple"},"yoast_head":"<!-- This site is optimized with the Yoast SEO plugin v27.4 - https:\/\/yoast.com\/product\/yoast-seo-wordpress\/ -->\n<title>Blank 10&#039; #2 4 brins, marron olive brillant - Mylovelyrods<\/title>\n<meta name=\"description\" content=\"Blank 10&#039;, #2, 4 brins fourni avec un scion suppl\u00e9mentaire, carbone roul\u00e9 IM6 made in Kor\u00e9e, d&#039;action moderate fast, couleur marron olive brillant\" \/>\n<meta name=\"robots\" content=\"index, follow, max-snippet:-1, max-image-preview:large, max-video-preview:-1\" \/>\n<link rel=\"canonical\" href=\"https:\/\/mylovelyrods.com\/index.php\/produit\/blank-10-2\/\" \/>\n<meta property=\"og:locale\" content=\"fr_FR\" \/>\n<meta property=\"og:type\" content=\"article\" \/>\n<meta property=\"og:title\" content=\"Blank 10&#039; #2 4 brins, marron olive brillant - Mylovelyrods\" \/>\n<meta property=\"og:description\" content=\"Blank 10&#039;, #2, 4 brins fourni avec un scion suppl\u00e9mentaire, carbone roul\u00e9 IM6 made in Kor\u00e9e, d&#039;action moderate fast, couleur marron olive brillant\" \/>\n<meta property=\"og:url\" content=\"https:\/\/mylovelyrods.com\/index.php\/produit\/blank-10-2\/\" \/>\n<meta property=\"og:site_name\" content=\"Mylovelyrods\" \/>\n<meta property=\"article:publisher\" content=\"https:\/\/m.facebook.com\/people\/Mylovelyrods\/100062956103344\/?locale=fr_FR\" \/>\n<meta property=\"article:modified_time\" content=\"2024-02-18T23:19:16+00:00\" \/>\n<meta property=\"og:image\" content=\"https:\/\/mylovelyrods.com\/wp-content\/uploads\/2021\/02\/20210207_125709-1-scaled-e1612872246202.jpg\" \/>\n\t<meta property=\"og:image:width\" content=\"1213\" \/>\n\t<meta property=\"og:image:height\" content=\"2560\" \/>\n\t<meta property=\"og:image:type\" content=\"image\/jpeg\" \/>\n<meta name=\"twitter:card\" content=\"summary_large_image\" \/>\n<meta name=\"twitter:label1\" content=\"Dur\u00e9e de lecture estim\u00e9e\" \/>\n\t<meta name=\"twitter:data1\" content=\"1 minute\" \/>\n<script type=\"application\/ld+json\" class=\"yoast-schema-graph\">{\"@context\":\"https:\\\/\\\/schema.org\",\"@graph\":[{\"@type\":\"WebPage\",\"@id\":\"https:\\\/\\\/mylovelyrods.com\\\/index.php\\\/produit\\\/blank-10-2\\\/\",\"url\":\"https:\\\/\\\/mylovelyrods.com\\\/index.php\\\/produit\\\/blank-10-2\\\/\",\"name\":\"Blank 10' #2 4 brins, marron olive brillant - Mylovelyrods\",\"isPartOf\":{\"@id\":\"https:\\\/\\\/mylovelyrods.com\\\/#website\"},\"primaryImageOfPage\":{\"@id\":\"https:\\\/\\\/mylovelyrods.com\\\/index.php\\\/produit\\\/blank-10-2\\\/#primaryimage\"},\"image\":{\"@id\":\"https:\\\/\\\/mylovelyrods.com\\\/index.php\\\/produit\\\/blank-10-2\\\/#primaryimage\"},\"thumbnailUrl\":\"https:\\\/\\\/i0.wp.com\\\/mylovelyrods.com\\\/wp-content\\\/uploads\\\/2021\\\/02\\\/20210207_125709-1-scaled-e1612872246202.jpg?fit=1213%2C2560&ssl=1\",\"datePublished\":\"2023-07-24T13:39:01+00:00\",\"dateModified\":\"2024-02-18T23:19:16+00:00\",\"description\":\"Blank 10', #2, 4 brins fourni avec un scion suppl\u00e9mentaire, carbone roul\u00e9 IM6 made in Kor\u00e9e, d'action moderate fast, couleur marron olive brillant\",\"breadcrumb\":{\"@id\":\"https:\\\/\\\/mylovelyrods.com\\\/index.php\\\/produit\\\/blank-10-2\\\/#breadcrumb\"},\"inLanguage\":\"fr-FR\",\"potentialAction\":[{\"@type\":\"ReadAction\",\"target\":[\"https:\\\/\\\/mylovelyrods.com\\\/index.php\\\/produit\\\/blank-10-2\\\/\"]}]},{\"@type\":\"ImageObject\",\"inLanguage\":\"fr-FR\",\"@id\":\"https:\\\/\\\/mylovelyrods.com\\\/index.php\\\/produit\\\/blank-10-2\\\/#primaryimage\",\"url\":\"https:\\\/\\\/i0.wp.com\\\/mylovelyrods.com\\\/wp-content\\\/uploads\\\/2021\\\/02\\\/20210207_125709-1-scaled-e1612872246202.jpg?fit=1213%2C2560&ssl=1\",\"contentUrl\":\"https:\\\/\\\/i0.wp.com\\\/mylovelyrods.com\\\/wp-content\\\/uploads\\\/2021\\\/02\\\/20210207_125709-1-scaled-e1612872246202.jpg?fit=1213%2C2560&ssl=1\",\"width\":1213,\"height\":2560,\"caption\":\"Blank 10' pour #2 en 4 brins, FOURNI AVEC UN SCION SUPPLEMENTAIRE\"},{\"@type\":\"BreadcrumbList\",\"@id\":\"https:\\\/\\\/mylovelyrods.com\\\/index.php\\\/produit\\\/blank-10-2\\\/#breadcrumb\",\"itemListElement\":[{\"@type\":\"ListItem\",\"position\":1,\"name\":\"Accueil\",\"item\":\"https:\\\/\\\/mylovelyrods.com\\\/\"},{\"@type\":\"ListItem\",\"position\":2,\"name\":\"Produits\",\"item\":\"https:\\\/\\\/mylovelyrods.com\\\/index.php\\\/boutique\\\/\"},{\"@type\":\"ListItem\",\"position\":3,\"name\":\"Blank 10&#8242; #2 4 brins, marron olive brillant\"}]},{\"@type\":\"WebSite\",\"@id\":\"https:\\\/\\\/mylovelyrods.com\\\/#website\",\"url\":\"https:\\\/\\\/mylovelyrods.com\\\/\",\"name\":\"Mylovelyrods\",\"description\":\"Facteur de canne, restaurations, customisations, rodbuilding, mouches, nymphes et petit mat\u00e9riel...\",\"publisher\":{\"@id\":\"https:\\\/\\\/mylovelyrods.com\\\/#organization\"},\"potentialAction\":[{\"@type\":\"SearchAction\",\"target\":{\"@type\":\"EntryPoint\",\"urlTemplate\":\"https:\\\/\\\/mylovelyrods.com\\\/?s={search_term_string}\"},\"query-input\":{\"@type\":\"PropertyValueSpecification\",\"valueRequired\":true,\"valueName\":\"search_term_string\"}}],\"inLanguage\":\"fr-FR\"},{\"@type\":\"Organization\",\"@id\":\"https:\\\/\\\/mylovelyrods.com\\\/#organization\",\"name\":\"Mylovelyrods\",\"url\":\"https:\\\/\\\/mylovelyrods.com\\\/\",\"logo\":{\"@type\":\"ImageObject\",\"inLanguage\":\"fr-FR\",\"@id\":\"https:\\\/\\\/mylovelyrods.com\\\/#\\\/schema\\\/logo\\\/image\\\/\",\"url\":\"https:\\\/\\\/mylovelyrods.com\\\/wp-content\\\/uploads\\\/2021\\\/01\\\/0001-scaled-e1611186770281.jpg\",\"contentUrl\":\"https:\\\/\\\/mylovelyrods.com\\\/wp-content\\\/uploads\\\/2021\\\/01\\\/0001-scaled-e1611186770281.jpg\",\"width\":2560,\"height\":716,\"caption\":\"Mylovelyrods\"},\"image\":{\"@id\":\"https:\\\/\\\/mylovelyrods.com\\\/#\\\/schema\\\/logo\\\/image\\\/\"},\"sameAs\":[\"https:\\\/\\\/m.facebook.com\\\/people\\\/Mylovelyrods\\\/100062956103344\\\/?locale=fr_FR\",\"https:\\\/\\\/www.instagram.com\\\/mylovelyrods\\\/?hl=fr\"]}]}<\/script>\n<!-- \/ Yoast SEO plugin. -->","yoast_head_json":{"title":"Blank 10' #2 4 brins, marron olive brillant - Mylovelyrods","description":"Blank 10', #2, 4 brins fourni avec un scion suppl\u00e9mentaire, carbone roul\u00e9 IM6 made in Kor\u00e9e, d'action moderate fast, couleur marron olive brillant","robots":{"index":"index","follow":"follow","max-snippet":"max-snippet:-1","max-image-preview":"max-image-preview:large","max-video-preview":"max-video-preview:-1"},"canonical":"https:\/\/mylovelyrods.com\/index.php\/produit\/blank-10-2\/","og_locale":"fr_FR","og_type":"article","og_title":"Blank 10' #2 4 brins, marron olive brillant - Mylovelyrods","og_description":"Blank 10', #2, 4 brins fourni avec un scion suppl\u00e9mentaire, carbone roul\u00e9 IM6 made in Kor\u00e9e, d'action moderate fast, couleur marron olive brillant","og_url":"https:\/\/mylovelyrods.com\/index.php\/produit\/blank-10-2\/","og_site_name":"Mylovelyrods","article_publisher":"https:\/\/m.facebook.com\/people\/Mylovelyrods\/100062956103344\/?locale=fr_FR","article_modified_time":"2024-02-18T23:19:16+00:00","og_image":[{"width":1213,"height":2560,"url":"https:\/\/mylovelyrods.com\/wp-content\/uploads\/2021\/02\/20210207_125709-1-scaled-e1612872246202.jpg","type":"image\/jpeg"}],"twitter_card":"summary_large_image","twitter_misc":{"Dur\u00e9e de lecture estim\u00e9e":"1 minute"},"schema":{"@context":"https:\/\/schema.org","@graph":[{"@type":"WebPage","@id":"https:\/\/mylovelyrods.com\/index.php\/produit\/blank-10-2\/","url":"https:\/\/mylovelyrods.com\/index.php\/produit\/blank-10-2\/","name":"Blank 10' #2 4 brins, marron olive brillant - Mylovelyrods","isPartOf":{"@id":"https:\/\/mylovelyrods.com\/#website"},"primaryImageOfPage":{"@id":"https:\/\/mylovelyrods.com\/index.php\/produit\/blank-10-2\/#primaryimage"},"image":{"@id":"https:\/\/mylovelyrods.com\/index.php\/produit\/blank-10-2\/#primaryimage"},"thumbnailUrl":"https:\/\/i0.wp.com\/mylovelyrods.com\/wp-content\/uploads\/2021\/02\/20210207_125709-1-scaled-e1612872246202.jpg?fit=1213%2C2560&ssl=1","datePublished":"2023-07-24T13:39:01+00:00","dateModified":"2024-02-18T23:19:16+00:00","description":"Blank 10', #2, 4 brins fourni avec un scion suppl\u00e9mentaire, carbone roul\u00e9 IM6 made in Kor\u00e9e, d'action moderate fast, couleur marron olive brillant","breadcrumb":{"@id":"https:\/\/mylovelyrods.com\/index.php\/produit\/blank-10-2\/#breadcrumb"},"inLanguage":"fr-FR","potentialAction":[{"@type":"ReadAction","target":["https:\/\/mylovelyrods.com\/index.php\/produit\/blank-10-2\/"]}]},{"@type":"ImageObject","inLanguage":"fr-FR","@id":"https:\/\/mylovelyrods.com\/index.php\/produit\/blank-10-2\/#primaryimage","url":"https:\/\/i0.wp.com\/mylovelyrods.com\/wp-content\/uploads\/2021\/02\/20210207_125709-1-scaled-e1612872246202.jpg?fit=1213%2C2560&ssl=1","contentUrl":"https:\/\/i0.wp.com\/mylovelyrods.com\/wp-content\/uploads\/2021\/02\/20210207_125709-1-scaled-e1612872246202.jpg?fit=1213%2C2560&ssl=1","width":1213,"height":2560,"caption":"Blank 10' pour #2 en 4 brins, FOURNI AVEC UN SCION SUPPLEMENTAIRE"},{"@type":"BreadcrumbList","@id":"https:\/\/mylovelyrods.com\/index.php\/produit\/blank-10-2\/#breadcrumb","itemListElement":[{"@type":"ListItem","position":1,"name":"Accueil","item":"https:\/\/mylovelyrods.com\/"},{"@type":"ListItem","position":2,"name":"Produits","item":"https:\/\/mylovelyrods.com\/index.php\/boutique\/"},{"@type":"ListItem","position":3,"name":"Blank 10&#8242; #2 4 brins, marron olive brillant"}]},{"@type":"WebSite","@id":"https:\/\/mylovelyrods.com\/#website","url":"https:\/\/mylovelyrods.com\/","name":"Mylovelyrods","description":"Facteur de canne, restaurations, customisations, rodbuilding, mouches, nymphes et petit mat\u00e9riel...","publisher":{"@id":"https:\/\/mylovelyrods.com\/#organization"},"potentialAction":[{"@type":"SearchAction","target":{"@type":"EntryPoint","urlTemplate":"https:\/\/mylovelyrods.com\/?s={search_term_string}"},"query-input":{"@type":"PropertyValueSpecification","valueRequired":true,"valueName":"search_term_string"}}],"inLanguage":"fr-FR"},{"@type":"Organization","@id":"https:\/\/mylovelyrods.com\/#organization","name":"Mylovelyrods","url":"https:\/\/mylovelyrods.com\/","logo":{"@type":"ImageObject","inLanguage":"fr-FR","@id":"https:\/\/mylovelyrods.com\/#\/schema\/logo\/image\/","url":"https:\/\/mylovelyrods.com\/wp-content\/uploads\/2021\/01\/0001-scaled-e1611186770281.jpg","contentUrl":"https:\/\/mylovelyrods.com\/wp-content\/uploads\/2021\/01\/0001-scaled-e1611186770281.jpg","width":2560,"height":716,"caption":"Mylovelyrods"},"image":{"@id":"https:\/\/mylovelyrods.com\/#\/schema\/logo\/image\/"},"sameAs":["https:\/\/m.facebook.com\/people\/Mylovelyrods\/100062956103344\/?locale=fr_FR","https:\/\/www.instagram.com\/mylovelyrods\/?hl=fr"]}]}},"jetpack_sharing_enabled":true,"_links":{"self":[{"href":"https:\/\/mylovelyrods.com\/index.php\/wp-json\/wp\/v2\/product\/2665","targetHints":{"allow":["GET"]}}],"collection":[{"href":"https:\/\/mylovelyrods.com\/index.php\/wp-json\/wp\/v2\/product"}],"about":[{"href":"https:\/\/mylovelyrods.com\/index.php\/wp-json\/wp\/v2\/types\/product"}],"wp:featuredmedia":[{"embeddable":true,"href":"https:\/\/mylovelyrods.com\/index.php\/wp-json\/wp\/v2\/media\/454"}],"wp:attachment":[{"href":"https:\/\/mylovelyrods.com\/index.php\/wp-json\/wp\/v2\/media?parent=2665"}],"wp:term":[{"taxonomy":"product_brand","embeddable":true,"href":"https:\/\/mylovelyrods.com\/index.php\/wp-json\/wp\/v2\/product_brand?post=2665"},{"taxonomy":"product_cat","embeddable":true,"href":"https:\/\/mylovelyrods.com\/index.php\/wp-json\/wp\/v2\/product_cat?post=2665"},{"taxonomy":"product_tag","embeddable":true,"href":"https:\/\/mylovelyrods.com\/index.php\/wp-json\/wp\/v2\/product_tag?post=2665"}],"curies":[{"name":"wp","href":"https:\/\/api.w.org\/{rel}","templated":true}]}}