{"id":2896,"date":"2024-01-16T16:58:14","date_gmt":"2024-01-16T15:58:14","guid":{"rendered":"https:\/\/mylovelyrods.com\/?post_type=product&#038;p=2896"},"modified":"2025-12-05T12:15:12","modified_gmt":"2025-12-05T11:15:12","slug":"porte-moulinet-gunsmoke-wdg","status":"publish","type":"product","link":"https:\/\/mylovelyrods.com\/index.php\/produit\/porte-moulinet-gunsmoke-wdg\/","title":{"rendered":"Porte moulinet gunsmoke WDG"},"content":{"rendered":"<div class=\"woocommerce-product-details__short-description\">\n<p>Ce Porte moulinet gunsmoke WDG est muni de son insert en bois, avec deux bagues de serrage et son bouchon. C\u2019est un porte moulinet qui est assez l\u00e9ger, environ 23g.<\/p>\n<p>Il s\u2019adaptera tr\u00e8s bien pour tout type de canne. Ses forces sont sa l\u00e9g\u00e8ret\u00e9, et sa beaut\u00e9, avec un excellent maintien du moulinet.<\/p>\n<p>Le diam\u00e8tre de la bague cot\u00e9 poign\u00e9e est de 21mm. L\u2019insert bois est perc\u00e9 a un diam\u00e8tre d\u2019environ 10mm, et la longueur du porte moulinet est de 9,8cm.<\/p>\n<p>Ce porte moulinet\u00a0gunsmoke WDG conviendra pour des tailles de soie allant de 1 \u00e0 7.<\/p>\n<p>Chacun de ces portes moulinets sont des pi\u00e8ces uniques, l\u2019insert en bois est \u00e0 chaque fois diff\u00e9rent.<\/p>\n<p>Les couleurs de la photo peuvent l\u00e9g\u00e8rement diff\u00e9rer des couleurs du porte moulinet.<\/p>\n<p>Si vous souhaitez de plus amples informations n\u2019h\u00e9sitez pas \u00e0 me contacter <a href=\"https:\/\/mylovelyrods.com\/index.php\/demande-devis-contact-canne-a-peche-artisanale\/\">ici<\/a>.<\/p>\n<p>Pour me suivre sur les r\u00e9seaux sociaux c\u2019est par <a href=\"https:\/\/www.facebook.com\/Mylovelyrods-101775187859974\">ici<\/a> et par <a href=\"https:\/\/www.instagram.com\/mylovelyrods\/?hl=fr\">l\u00e0<\/a>.<\/p>\n<\/div>\n","protected":false},"excerpt":{"rendered":"<p>Ce Porte moulinet gunsmoke WDG est muni de son insert en bois, avec deux bagues de serrage et son bouchon. C\u2019est un porte moulinet qui est assez l\u00e9ger, environ 23g.<\/p>\n<p>Il s\u2019adaptera tr\u00e8s bien pour tout type de canne. Ses forces sont sa l\u00e9g\u00e8ret\u00e9, et sa beaut\u00e9, avec un excellent maintien du moulinet.<\/p>\n<p>Le diam\u00e8tre de la bague cot\u00e9 poign\u00e9e est de 21mm. L\u2019insert bois est perc\u00e9 a un diam\u00e8tre d\u2019environ 10mm, et la longueur du porte moulinet est de 9,8cm.<\/p>\n<p>Ce porte moulinet\u00a0gunsmoke WDG conviendra pour des tailles de soie allant de 1 \u00e0 7.<\/p>\n<p>Chacun de ces portes moulinets sont des pi\u00e8ces uniques, l\u2019insert en bois est \u00e0 chaque fois diff\u00e9rent.<\/p>\n<p>Les couleurs de la photo peuvent l\u00e9g\u00e8rement diff\u00e9rer des couleurs du porte moulinet.<\/p>\n<p>Si vous souhaitez de plus amples informations n\u2019h\u00e9sitez pas \u00e0 me contacter <a href=\"https:\/\/mylovelyrods.com\/index.php\/demande-devis-contact-canne-a-peche-artisanale\/\">ici<\/a>.<\/p>\n<p>Pour me suivre sur les r\u00e9seaux sociaux c\u2019est par <a href=\"https:\/\/www.facebook.com\/Mylovelyrods-101775187859974\">ici<\/a> et par <a href=\"https:\/\/www.instagram.com\/mylovelyrods\/?hl=fr\">l\u00e0<\/a>.<\/p>\n","protected":false},"featured_media":2894,"template":"","meta":{"jetpack_post_was_ever_published":false,"_glsr_average":0,"_glsr_ranking":0,"_glsr_reviews":0},"product_brand":[],"product_cat":[32,55],"product_tag":[],"class_list":{"0":"post-2896","1":"product","2":"type-product","3":"status-publish","4":"has-post-thumbnail","6":"product_cat-porte-moulinet","7":"product_cat-portes-moulinets-complets","9":"first","10":"outofstock","11":"shipping-taxable","12":"purchasable","13":"product-type-simple"},"yoast_head":"<!-- This site is optimized with the Yoast SEO plugin v27.4 - https:\/\/yoast.com\/product\/yoast-seo-wordpress\/ -->\n<title>Porte moulinet gunsmoke WDG - Mylovelyrods<\/title>\n<meta name=\"description\" content=\"Ce Porte moulinet gunsmoke WDG est muni de son insert en bois, avec deux bagues de serrage et son bouchon. C\u2019est un porte moulinet assez l\u00e9ger, environ 23g.\" \/>\n<meta name=\"robots\" content=\"index, follow, max-snippet:-1, max-image-preview:large, max-video-preview:-1\" \/>\n<link rel=\"canonical\" href=\"https:\/\/mylovelyrods.com\/index.php\/produit\/porte-moulinet-gunsmoke-wdg\/\" \/>\n<meta property=\"og:locale\" content=\"fr_FR\" \/>\n<meta property=\"og:type\" content=\"article\" \/>\n<meta property=\"og:title\" content=\"Porte moulinet gunsmoke WDG - Mylovelyrods\" \/>\n<meta property=\"og:description\" content=\"Ce Porte moulinet gunsmoke WDG est muni de son insert en bois, avec deux bagues de serrage et son bouchon. C\u2019est un porte moulinet assez l\u00e9ger, environ 23g.\" \/>\n<meta property=\"og:url\" content=\"https:\/\/mylovelyrods.com\/index.php\/produit\/porte-moulinet-gunsmoke-wdg\/\" \/>\n<meta property=\"og:site_name\" content=\"Mylovelyrods\" \/>\n<meta property=\"article:publisher\" content=\"https:\/\/m.facebook.com\/people\/Mylovelyrods\/100062956103344\/?locale=fr_FR\" \/>\n<meta property=\"article:modified_time\" content=\"2025-12-05T11:15:12+00:00\" \/>\n<meta property=\"og:image\" content=\"https:\/\/mylovelyrods.com\/wp-content\/uploads\/2024\/01\/20240114_214826.jpg\" \/>\n\t<meta property=\"og:image:width\" content=\"1908\" \/>\n\t<meta property=\"og:image:height\" content=\"1426\" \/>\n\t<meta property=\"og:image:type\" content=\"image\/jpeg\" \/>\n<meta name=\"twitter:card\" content=\"summary_large_image\" \/>\n<meta name=\"twitter:label1\" content=\"Dur\u00e9e de lecture estim\u00e9e\" \/>\n\t<meta name=\"twitter:data1\" content=\"1 minute\" \/>\n<script type=\"application\/ld+json\" class=\"yoast-schema-graph\">{\"@context\":\"https:\\\/\\\/schema.org\",\"@graph\":[{\"@type\":\"WebPage\",\"@id\":\"https:\\\/\\\/mylovelyrods.com\\\/index.php\\\/produit\\\/porte-moulinet-gunsmoke-wdg\\\/\",\"url\":\"https:\\\/\\\/mylovelyrods.com\\\/index.php\\\/produit\\\/porte-moulinet-gunsmoke-wdg\\\/\",\"name\":\"Porte moulinet gunsmoke WDG - Mylovelyrods\",\"isPartOf\":{\"@id\":\"https:\\\/\\\/mylovelyrods.com\\\/#website\"},\"primaryImageOfPage\":{\"@id\":\"https:\\\/\\\/mylovelyrods.com\\\/index.php\\\/produit\\\/porte-moulinet-gunsmoke-wdg\\\/#primaryimage\"},\"image\":{\"@id\":\"https:\\\/\\\/mylovelyrods.com\\\/index.php\\\/produit\\\/porte-moulinet-gunsmoke-wdg\\\/#primaryimage\"},\"thumbnailUrl\":\"https:\\\/\\\/i0.wp.com\\\/mylovelyrods.com\\\/wp-content\\\/uploads\\\/2024\\\/01\\\/20240114_214826.jpg?fit=1908%2C1426&ssl=1\",\"datePublished\":\"2024-01-16T15:58:14+00:00\",\"dateModified\":\"2025-12-05T11:15:12+00:00\",\"description\":\"Ce Porte moulinet gunsmoke WDG est muni de son insert en bois, avec deux bagues de serrage et son bouchon. C\u2019est un porte moulinet assez l\u00e9ger, environ 23g.\",\"breadcrumb\":{\"@id\":\"https:\\\/\\\/mylovelyrods.com\\\/index.php\\\/produit\\\/porte-moulinet-gunsmoke-wdg\\\/#breadcrumb\"},\"inLanguage\":\"fr-FR\",\"potentialAction\":[{\"@type\":\"ReadAction\",\"target\":[\"https:\\\/\\\/mylovelyrods.com\\\/index.php\\\/produit\\\/porte-moulinet-gunsmoke-wdg\\\/\"]}]},{\"@type\":\"ImageObject\",\"inLanguage\":\"fr-FR\",\"@id\":\"https:\\\/\\\/mylovelyrods.com\\\/index.php\\\/produit\\\/porte-moulinet-gunsmoke-wdg\\\/#primaryimage\",\"url\":\"https:\\\/\\\/i0.wp.com\\\/mylovelyrods.com\\\/wp-content\\\/uploads\\\/2024\\\/01\\\/20240114_214826.jpg?fit=1908%2C1426&ssl=1\",\"contentUrl\":\"https:\\\/\\\/i0.wp.com\\\/mylovelyrods.com\\\/wp-content\\\/uploads\\\/2024\\\/01\\\/20240114_214826.jpg?fit=1908%2C1426&ssl=1\",\"width\":1908,\"height\":1426,\"caption\":\"muni de son insert en bois, avec deux bagues de serrage et son bouchon. C\u2019est un porte moulinet qui est assez l\u00e9ger, environ 23g\"},{\"@type\":\"BreadcrumbList\",\"@id\":\"https:\\\/\\\/mylovelyrods.com\\\/index.php\\\/produit\\\/porte-moulinet-gunsmoke-wdg\\\/#breadcrumb\",\"itemListElement\":[{\"@type\":\"ListItem\",\"position\":1,\"name\":\"Accueil\",\"item\":\"https:\\\/\\\/mylovelyrods.com\\\/\"},{\"@type\":\"ListItem\",\"position\":2,\"name\":\"Produits\",\"item\":\"https:\\\/\\\/mylovelyrods.com\\\/index.php\\\/boutique\\\/\"},{\"@type\":\"ListItem\",\"position\":3,\"name\":\"Porte moulinet gunsmoke WDG\"}]},{\"@type\":\"WebSite\",\"@id\":\"https:\\\/\\\/mylovelyrods.com\\\/#website\",\"url\":\"https:\\\/\\\/mylovelyrods.com\\\/\",\"name\":\"Mylovelyrods\",\"description\":\"Facteur de canne, restaurations, customisations, rodbuilding, mouches, nymphes et petit mat\u00e9riel...\",\"publisher\":{\"@id\":\"https:\\\/\\\/mylovelyrods.com\\\/#organization\"},\"potentialAction\":[{\"@type\":\"SearchAction\",\"target\":{\"@type\":\"EntryPoint\",\"urlTemplate\":\"https:\\\/\\\/mylovelyrods.com\\\/?s={search_term_string}\"},\"query-input\":{\"@type\":\"PropertyValueSpecification\",\"valueRequired\":true,\"valueName\":\"search_term_string\"}}],\"inLanguage\":\"fr-FR\"},{\"@type\":\"Organization\",\"@id\":\"https:\\\/\\\/mylovelyrods.com\\\/#organization\",\"name\":\"Mylovelyrods\",\"url\":\"https:\\\/\\\/mylovelyrods.com\\\/\",\"logo\":{\"@type\":\"ImageObject\",\"inLanguage\":\"fr-FR\",\"@id\":\"https:\\\/\\\/mylovelyrods.com\\\/#\\\/schema\\\/logo\\\/image\\\/\",\"url\":\"https:\\\/\\\/mylovelyrods.com\\\/wp-content\\\/uploads\\\/2021\\\/01\\\/0001-scaled-e1611186770281.jpg\",\"contentUrl\":\"https:\\\/\\\/mylovelyrods.com\\\/wp-content\\\/uploads\\\/2021\\\/01\\\/0001-scaled-e1611186770281.jpg\",\"width\":2560,\"height\":716,\"caption\":\"Mylovelyrods\"},\"image\":{\"@id\":\"https:\\\/\\\/mylovelyrods.com\\\/#\\\/schema\\\/logo\\\/image\\\/\"},\"sameAs\":[\"https:\\\/\\\/m.facebook.com\\\/people\\\/Mylovelyrods\\\/100062956103344\\\/?locale=fr_FR\",\"https:\\\/\\\/www.instagram.com\\\/mylovelyrods\\\/?hl=fr\"]}]}<\/script>\n<!-- \/ Yoast SEO plugin. -->","yoast_head_json":{"title":"Porte moulinet gunsmoke WDG - Mylovelyrods","description":"Ce Porte moulinet gunsmoke WDG est muni de son insert en bois, avec deux bagues de serrage et son bouchon. C\u2019est un porte moulinet assez l\u00e9ger, environ 23g.","robots":{"index":"index","follow":"follow","max-snippet":"max-snippet:-1","max-image-preview":"max-image-preview:large","max-video-preview":"max-video-preview:-1"},"canonical":"https:\/\/mylovelyrods.com\/index.php\/produit\/porte-moulinet-gunsmoke-wdg\/","og_locale":"fr_FR","og_type":"article","og_title":"Porte moulinet gunsmoke WDG - Mylovelyrods","og_description":"Ce Porte moulinet gunsmoke WDG est muni de son insert en bois, avec deux bagues de serrage et son bouchon. C\u2019est un porte moulinet assez l\u00e9ger, environ 23g.","og_url":"https:\/\/mylovelyrods.com\/index.php\/produit\/porte-moulinet-gunsmoke-wdg\/","og_site_name":"Mylovelyrods","article_publisher":"https:\/\/m.facebook.com\/people\/Mylovelyrods\/100062956103344\/?locale=fr_FR","article_modified_time":"2025-12-05T11:15:12+00:00","og_image":[{"width":1908,"height":1426,"url":"https:\/\/mylovelyrods.com\/wp-content\/uploads\/2024\/01\/20240114_214826.jpg","type":"image\/jpeg"}],"twitter_card":"summary_large_image","twitter_misc":{"Dur\u00e9e de lecture estim\u00e9e":"1 minute"},"schema":{"@context":"https:\/\/schema.org","@graph":[{"@type":"WebPage","@id":"https:\/\/mylovelyrods.com\/index.php\/produit\/porte-moulinet-gunsmoke-wdg\/","url":"https:\/\/mylovelyrods.com\/index.php\/produit\/porte-moulinet-gunsmoke-wdg\/","name":"Porte moulinet gunsmoke WDG - Mylovelyrods","isPartOf":{"@id":"https:\/\/mylovelyrods.com\/#website"},"primaryImageOfPage":{"@id":"https:\/\/mylovelyrods.com\/index.php\/produit\/porte-moulinet-gunsmoke-wdg\/#primaryimage"},"image":{"@id":"https:\/\/mylovelyrods.com\/index.php\/produit\/porte-moulinet-gunsmoke-wdg\/#primaryimage"},"thumbnailUrl":"https:\/\/i0.wp.com\/mylovelyrods.com\/wp-content\/uploads\/2024\/01\/20240114_214826.jpg?fit=1908%2C1426&ssl=1","datePublished":"2024-01-16T15:58:14+00:00","dateModified":"2025-12-05T11:15:12+00:00","description":"Ce Porte moulinet gunsmoke WDG est muni de son insert en bois, avec deux bagues de serrage et son bouchon. C\u2019est un porte moulinet assez l\u00e9ger, environ 23g.","breadcrumb":{"@id":"https:\/\/mylovelyrods.com\/index.php\/produit\/porte-moulinet-gunsmoke-wdg\/#breadcrumb"},"inLanguage":"fr-FR","potentialAction":[{"@type":"ReadAction","target":["https:\/\/mylovelyrods.com\/index.php\/produit\/porte-moulinet-gunsmoke-wdg\/"]}]},{"@type":"ImageObject","inLanguage":"fr-FR","@id":"https:\/\/mylovelyrods.com\/index.php\/produit\/porte-moulinet-gunsmoke-wdg\/#primaryimage","url":"https:\/\/i0.wp.com\/mylovelyrods.com\/wp-content\/uploads\/2024\/01\/20240114_214826.jpg?fit=1908%2C1426&ssl=1","contentUrl":"https:\/\/i0.wp.com\/mylovelyrods.com\/wp-content\/uploads\/2024\/01\/20240114_214826.jpg?fit=1908%2C1426&ssl=1","width":1908,"height":1426,"caption":"muni de son insert en bois, avec deux bagues de serrage et son bouchon. C\u2019est un porte moulinet qui est assez l\u00e9ger, environ 23g"},{"@type":"BreadcrumbList","@id":"https:\/\/mylovelyrods.com\/index.php\/produit\/porte-moulinet-gunsmoke-wdg\/#breadcrumb","itemListElement":[{"@type":"ListItem","position":1,"name":"Accueil","item":"https:\/\/mylovelyrods.com\/"},{"@type":"ListItem","position":2,"name":"Produits","item":"https:\/\/mylovelyrods.com\/index.php\/boutique\/"},{"@type":"ListItem","position":3,"name":"Porte moulinet gunsmoke WDG"}]},{"@type":"WebSite","@id":"https:\/\/mylovelyrods.com\/#website","url":"https:\/\/mylovelyrods.com\/","name":"Mylovelyrods","description":"Facteur de canne, restaurations, customisations, rodbuilding, mouches, nymphes et petit mat\u00e9riel...","publisher":{"@id":"https:\/\/mylovelyrods.com\/#organization"},"potentialAction":[{"@type":"SearchAction","target":{"@type":"EntryPoint","urlTemplate":"https:\/\/mylovelyrods.com\/?s={search_term_string}"},"query-input":{"@type":"PropertyValueSpecification","valueRequired":true,"valueName":"search_term_string"}}],"inLanguage":"fr-FR"},{"@type":"Organization","@id":"https:\/\/mylovelyrods.com\/#organization","name":"Mylovelyrods","url":"https:\/\/mylovelyrods.com\/","logo":{"@type":"ImageObject","inLanguage":"fr-FR","@id":"https:\/\/mylovelyrods.com\/#\/schema\/logo\/image\/","url":"https:\/\/mylovelyrods.com\/wp-content\/uploads\/2021\/01\/0001-scaled-e1611186770281.jpg","contentUrl":"https:\/\/mylovelyrods.com\/wp-content\/uploads\/2021\/01\/0001-scaled-e1611186770281.jpg","width":2560,"height":716,"caption":"Mylovelyrods"},"image":{"@id":"https:\/\/mylovelyrods.com\/#\/schema\/logo\/image\/"},"sameAs":["https:\/\/m.facebook.com\/people\/Mylovelyrods\/100062956103344\/?locale=fr_FR","https:\/\/www.instagram.com\/mylovelyrods\/?hl=fr"]}]}},"jetpack_sharing_enabled":true,"_links":{"self":[{"href":"https:\/\/mylovelyrods.com\/index.php\/wp-json\/wp\/v2\/product\/2896","targetHints":{"allow":["GET"]}}],"collection":[{"href":"https:\/\/mylovelyrods.com\/index.php\/wp-json\/wp\/v2\/product"}],"about":[{"href":"https:\/\/mylovelyrods.com\/index.php\/wp-json\/wp\/v2\/types\/product"}],"wp:featuredmedia":[{"embeddable":true,"href":"https:\/\/mylovelyrods.com\/index.php\/wp-json\/wp\/v2\/media\/2894"}],"wp:attachment":[{"href":"https:\/\/mylovelyrods.com\/index.php\/wp-json\/wp\/v2\/media?parent=2896"}],"wp:term":[{"taxonomy":"product_brand","embeddable":true,"href":"https:\/\/mylovelyrods.com\/index.php\/wp-json\/wp\/v2\/product_brand?post=2896"},{"taxonomy":"product_cat","embeddable":true,"href":"https:\/\/mylovelyrods.com\/index.php\/wp-json\/wp\/v2\/product_cat?post=2896"},{"taxonomy":"product_tag","embeddable":true,"href":"https:\/\/mylovelyrods.com\/index.php\/wp-json\/wp\/v2\/product_tag?post=2896"}],"curies":[{"name":"wp","href":"https:\/\/api.w.org\/{rel}","templated":true}]}}