{"id":2901,"date":"2024-01-16T17:45:51","date_gmt":"2024-01-16T16:45:51","guid":{"rendered":"https:\/\/mylovelyrods.com\/?post_type=product&#038;p=2901"},"modified":"2026-02-07T08:30:17","modified_gmt":"2026-02-07T07:30:17","slug":"porte-moulinet-noir-cc","status":"publish","type":"product","link":"https:\/\/mylovelyrods.com\/index.php\/produit\/porte-moulinet-noir-cc\/","title":{"rendered":"Porte moulinet noir CC"},"content":{"rendered":"<p>Ce Porte moulinet noir CC, est muni de son insert en bois, avec deux bagues de serrage et son bouchon. C\u2019est un porte moulinet qui a un certain poids, environ 28g. cela est tres int\u00e9ressant pour \u00e9quilibrer des cannes plut\u00f4t longues, ou des cannes qui \u00ab\u00a0piquent du nez\u00a0\u00bb.<\/p>\n<p>Il s\u2019adaptera tr\u00e8s bien pour tout type de canne. Ses forces sont, son poids, sa beaut\u00e9, avec un excellent maintien du moulinet.<\/p>\n<p>L\u2019insert bois est perc\u00e9 a un diam\u00e8tre d\u2019environ 10mm, le diam\u00e8tre cot\u00e9 poign\u00e9e est de 21mm, et la longueur du porte moulinet avec son bouchon est de 9,6cm.<\/p>\n<p>Ce Porte moulinet noir CC conviendra pour des tailles de soie allant de 1 \u00e0 7.<\/p>\n<p>Chacun de ces portes moulinets sont des pi\u00e8ces uniques, l\u2019insert en bois est \u00e0 chaque fois diff\u00e9rent.<\/p>\n<p>Les couleurs de la photo peuvent l\u00e9g\u00e8rement diff\u00e9rer des couleurs du porte moulinet.<\/p>\n<p>Si vous souhaitez de plus amples informations n\u2019h\u00e9sitez pas \u00e0 me contacter <a href=\"https:\/\/mylovelyrods.com\/index.php\/demande-devis-contact-canne-a-peche-artisanale\/\">ici<\/a>.<\/p>\n<p>Pour me suivre sur les r\u00e9seaux sociaux c\u2019est par <a href=\"https:\/\/www.facebook.com\/Mylovelyrods-101775187859974\">ici<\/a> et par <a href=\"https:\/\/www.instagram.com\/mylovelyrods\/?hl=fr\">l\u00e0<\/a>.<\/p>\n","protected":false},"excerpt":{"rendered":"<p>Ce Porte moulinet noir CC, est muni de son insert en bois, avec deux bagues de serrage et son bouchon. C\u2019est un porte moulinet qui a un certain poids, environ 28g. cela est tres int\u00e9ressant pour \u00e9quilibrer des cannes plut\u00f4t longues, ou des cannes qui \u00ab\u00a0piquent du nez\u00a0\u00bb.<\/p>\n<p>Il s\u2019adaptera tr\u00e8s bien pour tout type de canne. Ses forces sont, son poids, sa beaut\u00e9, avec un excellent maintien du moulinet.<\/p>\n<p>L\u2019insert bois est perc\u00e9 a un diam\u00e8tre d\u2019environ 10mm, le diam\u00e8tre cot\u00e9 poign\u00e9e est de 21mm, et la longueur du porte moulinet avec son bouchon est de 9,6cm.<\/p>\n<p>Ce Porte moulinet noir CC conviendra pour des tailles de soie allant de 1 \u00e0 7.<\/p>\n<p>Chacun de ces portes moulinets sont des pi\u00e8ces uniques, l\u2019insert en bois est \u00e0 chaque fois diff\u00e9rent.<\/p>\n<p>Les couleurs de la photo peuvent l\u00e9g\u00e8rement diff\u00e9rer des couleurs du porte moulinet.<\/p>\n<p>Si vous souhaitez de plus amples informations n\u2019h\u00e9sitez pas \u00e0 me contacter <a href=\"https:\/\/mylovelyrods.com\/index.php\/demande-devis-contact-canne-a-peche-artisanale\/\">ici<\/a>.<\/p>\n<p>Pour me suivre sur les r\u00e9seaux sociaux c\u2019est par <a href=\"https:\/\/www.facebook.com\/Mylovelyrods-101775187859974\">ici<\/a> et par <a href=\"https:\/\/www.instagram.com\/mylovelyrods\/?hl=fr\">l\u00e0<\/a>.<\/p>\n","protected":false},"featured_media":2902,"template":"","meta":{"jetpack_post_was_ever_published":false,"_glsr_average":0,"_glsr_ranking":0,"_glsr_reviews":0},"product_brand":[],"product_cat":[32,55],"product_tag":[],"class_list":{"0":"post-2901","1":"product","2":"type-product","3":"status-publish","4":"has-post-thumbnail","6":"product_cat-porte-moulinet","7":"product_cat-portes-moulinets-complets","9":"first","10":"instock","11":"shipping-taxable","12":"purchasable","13":"product-type-simple"},"yoast_head":"<!-- This site is optimized with the Yoast SEO plugin v27.4 - https:\/\/yoast.com\/product\/yoast-seo-wordpress\/ -->\n<title>Porte moulinet noir CC - Mylovelyrods<\/title>\n<meta name=\"description\" content=\"Ce Porte moulinet noir CC, est muni de deux bagues de serrage et son bouchon. Poids d&#039;environ 28g. int\u00e9ressant pour \u00e9quilibrer des cannes plut\u00f4t longues\" \/>\n<meta name=\"robots\" content=\"index, follow, max-snippet:-1, max-image-preview:large, max-video-preview:-1\" \/>\n<link rel=\"canonical\" href=\"https:\/\/mylovelyrods.com\/index.php\/produit\/porte-moulinet-noir-cc\/\" \/>\n<meta property=\"og:locale\" content=\"fr_FR\" \/>\n<meta property=\"og:type\" content=\"article\" \/>\n<meta property=\"og:title\" content=\"Porte moulinet noir CC - Mylovelyrods\" \/>\n<meta property=\"og:description\" content=\"Ce Porte moulinet noir CC, est muni de deux bagues de serrage et son bouchon. Poids d&#039;environ 28g. int\u00e9ressant pour \u00e9quilibrer des cannes plut\u00f4t longues\" \/>\n<meta property=\"og:url\" content=\"https:\/\/mylovelyrods.com\/index.php\/produit\/porte-moulinet-noir-cc\/\" \/>\n<meta property=\"og:site_name\" content=\"Mylovelyrods\" \/>\n<meta property=\"article:publisher\" content=\"https:\/\/m.facebook.com\/people\/Mylovelyrods\/100062956103344\/?locale=fr_FR\" \/>\n<meta property=\"article:modified_time\" content=\"2026-02-07T07:30:17+00:00\" \/>\n<meta property=\"og:image\" content=\"https:\/\/mylovelyrods.com\/wp-content\/uploads\/2024\/01\/20240114_221842.jpg\" \/>\n\t<meta property=\"og:image:width\" content=\"1904\" \/>\n\t<meta property=\"og:image:height\" content=\"1428\" \/>\n\t<meta property=\"og:image:type\" content=\"image\/jpeg\" \/>\n<meta name=\"twitter:card\" content=\"summary_large_image\" \/>\n<meta name=\"twitter:label1\" content=\"Dur\u00e9e de lecture estim\u00e9e\" \/>\n\t<meta name=\"twitter:data1\" content=\"2 minutes\" \/>\n<script type=\"application\/ld+json\" class=\"yoast-schema-graph\">{\"@context\":\"https:\\\/\\\/schema.org\",\"@graph\":[{\"@type\":\"WebPage\",\"@id\":\"https:\\\/\\\/mylovelyrods.com\\\/index.php\\\/produit\\\/porte-moulinet-noir-cc\\\/\",\"url\":\"https:\\\/\\\/mylovelyrods.com\\\/index.php\\\/produit\\\/porte-moulinet-noir-cc\\\/\",\"name\":\"Porte moulinet noir CC - Mylovelyrods\",\"isPartOf\":{\"@id\":\"https:\\\/\\\/mylovelyrods.com\\\/#website\"},\"primaryImageOfPage\":{\"@id\":\"https:\\\/\\\/mylovelyrods.com\\\/index.php\\\/produit\\\/porte-moulinet-noir-cc\\\/#primaryimage\"},\"image\":{\"@id\":\"https:\\\/\\\/mylovelyrods.com\\\/index.php\\\/produit\\\/porte-moulinet-noir-cc\\\/#primaryimage\"},\"thumbnailUrl\":\"https:\\\/\\\/i0.wp.com\\\/mylovelyrods.com\\\/wp-content\\\/uploads\\\/2024\\\/01\\\/20240114_221842.jpg?fit=1904%2C1428&ssl=1\",\"datePublished\":\"2024-01-16T16:45:51+00:00\",\"dateModified\":\"2026-02-07T07:30:17+00:00\",\"description\":\"Ce Porte moulinet noir CC, est muni de deux bagues de serrage et son bouchon. Poids d'environ 28g. int\u00e9ressant pour \u00e9quilibrer des cannes plut\u00f4t longues\",\"breadcrumb\":{\"@id\":\"https:\\\/\\\/mylovelyrods.com\\\/index.php\\\/produit\\\/porte-moulinet-noir-cc\\\/#breadcrumb\"},\"inLanguage\":\"fr-FR\",\"potentialAction\":[{\"@type\":\"ReadAction\",\"target\":[\"https:\\\/\\\/mylovelyrods.com\\\/index.php\\\/produit\\\/porte-moulinet-noir-cc\\\/\"]}]},{\"@type\":\"ImageObject\",\"inLanguage\":\"fr-FR\",\"@id\":\"https:\\\/\\\/mylovelyrods.com\\\/index.php\\\/produit\\\/porte-moulinet-noir-cc\\\/#primaryimage\",\"url\":\"https:\\\/\\\/i0.wp.com\\\/mylovelyrods.com\\\/wp-content\\\/uploads\\\/2024\\\/01\\\/20240114_221842.jpg?fit=1904%2C1428&ssl=1\",\"contentUrl\":\"https:\\\/\\\/i0.wp.com\\\/mylovelyrods.com\\\/wp-content\\\/uploads\\\/2024\\\/01\\\/20240114_221842.jpg?fit=1904%2C1428&ssl=1\",\"width\":1904,\"height\":1428,\"caption\":\"Ce Porte moulinet noir CC, est muni de son insert en bois, avec deux bagues de serrage et son bouchon. C\u2019est un porte moulinet qui a un certain poids, environ 28g. cela est tres int\u00e9ressant pour \u00e9quilibrer des cannes plut\u00f4t longues, ou des cannes qui \\\"piquent du nez\\\".\"},{\"@type\":\"BreadcrumbList\",\"@id\":\"https:\\\/\\\/mylovelyrods.com\\\/index.php\\\/produit\\\/porte-moulinet-noir-cc\\\/#breadcrumb\",\"itemListElement\":[{\"@type\":\"ListItem\",\"position\":1,\"name\":\"Accueil\",\"item\":\"https:\\\/\\\/mylovelyrods.com\\\/\"},{\"@type\":\"ListItem\",\"position\":2,\"name\":\"Produits\",\"item\":\"https:\\\/\\\/mylovelyrods.com\\\/index.php\\\/boutique\\\/\"},{\"@type\":\"ListItem\",\"position\":3,\"name\":\"Porte moulinet noir CC\"}]},{\"@type\":\"WebSite\",\"@id\":\"https:\\\/\\\/mylovelyrods.com\\\/#website\",\"url\":\"https:\\\/\\\/mylovelyrods.com\\\/\",\"name\":\"Mylovelyrods\",\"description\":\"Facteur de canne, restaurations, customisations, rodbuilding, mouches, nymphes et petit mat\u00e9riel...\",\"publisher\":{\"@id\":\"https:\\\/\\\/mylovelyrods.com\\\/#organization\"},\"potentialAction\":[{\"@type\":\"SearchAction\",\"target\":{\"@type\":\"EntryPoint\",\"urlTemplate\":\"https:\\\/\\\/mylovelyrods.com\\\/?s={search_term_string}\"},\"query-input\":{\"@type\":\"PropertyValueSpecification\",\"valueRequired\":true,\"valueName\":\"search_term_string\"}}],\"inLanguage\":\"fr-FR\"},{\"@type\":\"Organization\",\"@id\":\"https:\\\/\\\/mylovelyrods.com\\\/#organization\",\"name\":\"Mylovelyrods\",\"url\":\"https:\\\/\\\/mylovelyrods.com\\\/\",\"logo\":{\"@type\":\"ImageObject\",\"inLanguage\":\"fr-FR\",\"@id\":\"https:\\\/\\\/mylovelyrods.com\\\/#\\\/schema\\\/logo\\\/image\\\/\",\"url\":\"https:\\\/\\\/mylovelyrods.com\\\/wp-content\\\/uploads\\\/2021\\\/01\\\/0001-scaled-e1611186770281.jpg\",\"contentUrl\":\"https:\\\/\\\/mylovelyrods.com\\\/wp-content\\\/uploads\\\/2021\\\/01\\\/0001-scaled-e1611186770281.jpg\",\"width\":2560,\"height\":716,\"caption\":\"Mylovelyrods\"},\"image\":{\"@id\":\"https:\\\/\\\/mylovelyrods.com\\\/#\\\/schema\\\/logo\\\/image\\\/\"},\"sameAs\":[\"https:\\\/\\\/m.facebook.com\\\/people\\\/Mylovelyrods\\\/100062956103344\\\/?locale=fr_FR\",\"https:\\\/\\\/www.instagram.com\\\/mylovelyrods\\\/?hl=fr\"]}]}<\/script>\n<!-- \/ Yoast SEO plugin. -->","yoast_head_json":{"title":"Porte moulinet noir CC - Mylovelyrods","description":"Ce Porte moulinet noir CC, est muni de deux bagues de serrage et son bouchon. Poids d'environ 28g. int\u00e9ressant pour \u00e9quilibrer des cannes plut\u00f4t longues","robots":{"index":"index","follow":"follow","max-snippet":"max-snippet:-1","max-image-preview":"max-image-preview:large","max-video-preview":"max-video-preview:-1"},"canonical":"https:\/\/mylovelyrods.com\/index.php\/produit\/porte-moulinet-noir-cc\/","og_locale":"fr_FR","og_type":"article","og_title":"Porte moulinet noir CC - Mylovelyrods","og_description":"Ce Porte moulinet noir CC, est muni de deux bagues de serrage et son bouchon. Poids d'environ 28g. int\u00e9ressant pour \u00e9quilibrer des cannes plut\u00f4t longues","og_url":"https:\/\/mylovelyrods.com\/index.php\/produit\/porte-moulinet-noir-cc\/","og_site_name":"Mylovelyrods","article_publisher":"https:\/\/m.facebook.com\/people\/Mylovelyrods\/100062956103344\/?locale=fr_FR","article_modified_time":"2026-02-07T07:30:17+00:00","og_image":[{"width":1904,"height":1428,"url":"https:\/\/mylovelyrods.com\/wp-content\/uploads\/2024\/01\/20240114_221842.jpg","type":"image\/jpeg"}],"twitter_card":"summary_large_image","twitter_misc":{"Dur\u00e9e de lecture estim\u00e9e":"2 minutes"},"schema":{"@context":"https:\/\/schema.org","@graph":[{"@type":"WebPage","@id":"https:\/\/mylovelyrods.com\/index.php\/produit\/porte-moulinet-noir-cc\/","url":"https:\/\/mylovelyrods.com\/index.php\/produit\/porte-moulinet-noir-cc\/","name":"Porte moulinet noir CC - Mylovelyrods","isPartOf":{"@id":"https:\/\/mylovelyrods.com\/#website"},"primaryImageOfPage":{"@id":"https:\/\/mylovelyrods.com\/index.php\/produit\/porte-moulinet-noir-cc\/#primaryimage"},"image":{"@id":"https:\/\/mylovelyrods.com\/index.php\/produit\/porte-moulinet-noir-cc\/#primaryimage"},"thumbnailUrl":"https:\/\/i0.wp.com\/mylovelyrods.com\/wp-content\/uploads\/2024\/01\/20240114_221842.jpg?fit=1904%2C1428&ssl=1","datePublished":"2024-01-16T16:45:51+00:00","dateModified":"2026-02-07T07:30:17+00:00","description":"Ce Porte moulinet noir CC, est muni de deux bagues de serrage et son bouchon. Poids d'environ 28g. int\u00e9ressant pour \u00e9quilibrer des cannes plut\u00f4t longues","breadcrumb":{"@id":"https:\/\/mylovelyrods.com\/index.php\/produit\/porte-moulinet-noir-cc\/#breadcrumb"},"inLanguage":"fr-FR","potentialAction":[{"@type":"ReadAction","target":["https:\/\/mylovelyrods.com\/index.php\/produit\/porte-moulinet-noir-cc\/"]}]},{"@type":"ImageObject","inLanguage":"fr-FR","@id":"https:\/\/mylovelyrods.com\/index.php\/produit\/porte-moulinet-noir-cc\/#primaryimage","url":"https:\/\/i0.wp.com\/mylovelyrods.com\/wp-content\/uploads\/2024\/01\/20240114_221842.jpg?fit=1904%2C1428&ssl=1","contentUrl":"https:\/\/i0.wp.com\/mylovelyrods.com\/wp-content\/uploads\/2024\/01\/20240114_221842.jpg?fit=1904%2C1428&ssl=1","width":1904,"height":1428,"caption":"Ce Porte moulinet noir CC, est muni de son insert en bois, avec deux bagues de serrage et son bouchon. C\u2019est un porte moulinet qui a un certain poids, environ 28g. cela est tres int\u00e9ressant pour \u00e9quilibrer des cannes plut\u00f4t longues, ou des cannes qui \"piquent du nez\"."},{"@type":"BreadcrumbList","@id":"https:\/\/mylovelyrods.com\/index.php\/produit\/porte-moulinet-noir-cc\/#breadcrumb","itemListElement":[{"@type":"ListItem","position":1,"name":"Accueil","item":"https:\/\/mylovelyrods.com\/"},{"@type":"ListItem","position":2,"name":"Produits","item":"https:\/\/mylovelyrods.com\/index.php\/boutique\/"},{"@type":"ListItem","position":3,"name":"Porte moulinet noir CC"}]},{"@type":"WebSite","@id":"https:\/\/mylovelyrods.com\/#website","url":"https:\/\/mylovelyrods.com\/","name":"Mylovelyrods","description":"Facteur de canne, restaurations, customisations, rodbuilding, mouches, nymphes et petit mat\u00e9riel...","publisher":{"@id":"https:\/\/mylovelyrods.com\/#organization"},"potentialAction":[{"@type":"SearchAction","target":{"@type":"EntryPoint","urlTemplate":"https:\/\/mylovelyrods.com\/?s={search_term_string}"},"query-input":{"@type":"PropertyValueSpecification","valueRequired":true,"valueName":"search_term_string"}}],"inLanguage":"fr-FR"},{"@type":"Organization","@id":"https:\/\/mylovelyrods.com\/#organization","name":"Mylovelyrods","url":"https:\/\/mylovelyrods.com\/","logo":{"@type":"ImageObject","inLanguage":"fr-FR","@id":"https:\/\/mylovelyrods.com\/#\/schema\/logo\/image\/","url":"https:\/\/mylovelyrods.com\/wp-content\/uploads\/2021\/01\/0001-scaled-e1611186770281.jpg","contentUrl":"https:\/\/mylovelyrods.com\/wp-content\/uploads\/2021\/01\/0001-scaled-e1611186770281.jpg","width":2560,"height":716,"caption":"Mylovelyrods"},"image":{"@id":"https:\/\/mylovelyrods.com\/#\/schema\/logo\/image\/"},"sameAs":["https:\/\/m.facebook.com\/people\/Mylovelyrods\/100062956103344\/?locale=fr_FR","https:\/\/www.instagram.com\/mylovelyrods\/?hl=fr"]}]}},"jetpack_sharing_enabled":true,"_links":{"self":[{"href":"https:\/\/mylovelyrods.com\/index.php\/wp-json\/wp\/v2\/product\/2901","targetHints":{"allow":["GET"]}}],"collection":[{"href":"https:\/\/mylovelyrods.com\/index.php\/wp-json\/wp\/v2\/product"}],"about":[{"href":"https:\/\/mylovelyrods.com\/index.php\/wp-json\/wp\/v2\/types\/product"}],"wp:featuredmedia":[{"embeddable":true,"href":"https:\/\/mylovelyrods.com\/index.php\/wp-json\/wp\/v2\/media\/2902"}],"wp:attachment":[{"href":"https:\/\/mylovelyrods.com\/index.php\/wp-json\/wp\/v2\/media?parent=2901"}],"wp:term":[{"taxonomy":"product_brand","embeddable":true,"href":"https:\/\/mylovelyrods.com\/index.php\/wp-json\/wp\/v2\/product_brand?post=2901"},{"taxonomy":"product_cat","embeddable":true,"href":"https:\/\/mylovelyrods.com\/index.php\/wp-json\/wp\/v2\/product_cat?post=2901"},{"taxonomy":"product_tag","embeddable":true,"href":"https:\/\/mylovelyrods.com\/index.php\/wp-json\/wp\/v2\/product_tag?post=2901"}],"curies":[{"name":"wp","href":"https:\/\/api.w.org\/{rel}","templated":true}]}}