{"id":3351,"date":"2024-05-21T19:30:56","date_gmt":"2024-05-21T17:30:56","guid":{"rendered":"https:\/\/mylovelyrods.com\/?post_type=product&#038;p=3351"},"modified":"2026-02-08T11:18:35","modified_gmt":"2026-02-08T10:18:35","slug":"blank-66-3-4","status":"publish","type":"product","link":"https:\/\/mylovelyrods.com\/index.php\/produit\/blank-66-3-4\/","title":{"rendered":"Blank 6&rsquo;6&Prime; #3 &#8211; 4"},"content":{"rendered":"<div class=\"woocommerce-product-details__short-description\">\n<p>Blank 6&rsquo;6&Prime; #3 &#8211; 4 brins, de couleur \u201cvert fonc\u00e9\u201d mat,\u00a0 Made in Cor\u00e9e, en carbone roul\u00e9.<\/p>\n<p>le diam\u00e8tre du bout du scion, le tip est de: 1 mm.<\/p>\n<p>Le diam\u00e8tre du talon est de 7,4 mm.<\/p>\n<p>Pour ce qui sont des mesures techniques, le protocole \u201ccommon cents\u201d (dont vous aurez les d\u00e9tails ici: <a href=\"https:\/\/www.truites-et-cie.fr\/article\/materiel\/mouche\/protocole-de-test-des-cannes-mouche\">https:\/\/www.truites-et-cie.fr\/article\/materiel\/mouche\/protocole-de-test-des-cannes-mouche<\/a>) a permis de mesurer:<\/p>\n<p>Le poids du blank est de 20g<\/p>\n<p>L\u2019action Angle est de AA: 70\u00b0. ce qui classe l\u2019action de ce blank dans la cat\u00e9gorie Fast.<\/p>\n<p>En tout, il a fallu 29 cents pour faire plier le blank sur un tiers de sa longueur. Apr\u00e8s conversion, cela donne un ERN: 3,27 ce blank est donc class\u00e9 pour une soie de 3.<\/p>\n<p>Ce Blank 6&rsquo;6&Prime; #3 &#8211; 4 brins, couleur \u201cvert fonc\u00e9\u201d mat, sera le blank parfait pour petites rivi\u00e8res. Il sera parfait pour une p\u00eache en s\u00e8che. Ce sera l\u2019alli\u00e9 optimal!<\/p>\n<p>Le blank est fourni avec sa housse tissu en 100% coton noire. Si vous souhaitez une housse personnalis\u00e9e cela est possible, et si vous souhaitez de plus amples informations alors n\u2019h\u00e9sitez pas \u00e0 me contacter <a href=\"https:\/\/mylovelyrods.com\/index.php\/demande-devis-contact-canne-a-peche-artisanale\/\">ici<\/a>.<\/p>\n<\/div>\n","protected":false},"excerpt":{"rendered":"<p>Blank 6&rsquo;6&Prime; #3 &#8211; 4 brins, de couleur \u201cvert fonc\u00e9\u201d mat,\u00a0 Made in Cor\u00e9e, en carbone roul\u00e9.<\/p>\n<p>le diam\u00e8tre du bout du scion, le tip est de: 1 mm.<\/p>\n<p>Le diam\u00e8tre du talon est de 7,4 mm.<\/p>\n<p>Pour ce qui sont des mesures techniques, le protocole \u201ccommon cents\u201d (dont vous aurez les d\u00e9tails ici: <a href=\"https:\/\/www.truites-et-cie.fr\/article\/materiel\/mouche\/protocole-de-test-des-cannes-mouche\">https:\/\/www.truites-et-cie.fr\/article\/materiel\/mouche\/protocole-de-test-des-cannes-mouche<\/a>) a permis de mesurer:<\/p>\n<p>Le poids du blank est de 20g<\/p>\n<p>L\u2019action Angle est de AA: 70\u00b0. ce qui classe l\u2019action de ce blank dans la cat\u00e9gorie Fast.<\/p>\n<p>En tout, il a fallu 29 cents pour faire plier le blank sur un tiers de sa longueur. Apr\u00e8s conversion, cela donne un ERN: 3,27 ce blank est donc class\u00e9 pour une soie de 3.<\/p>\n<p>Ce Blank 6&rsquo;6&Prime; #3 &#8211; 4 brins, couleur \u201cvert fonc\u00e9\u201d mat, sera le blank parfait pour petites rivi\u00e8res. Il sera parfait pour une p\u00eache en s\u00e8che. Ce sera l\u2019alli\u00e9 optimal!<\/p>\n<p>Le blank est fourni avec sa housse tissu en 100% coton noire. Si vous souhaitez une housse personnalis\u00e9e cela est possible, et si vous souhaitez de plus amples informations alors n\u2019h\u00e9sitez pas \u00e0 me contacter <a href=\"https:\/\/mylovelyrods.com\/index.php\/demande-devis-contact-canne-a-peche-artisanale\/\">ici<\/a>.<\/p>\n","protected":false},"featured_media":3352,"template":"","meta":{"jetpack_post_was_ever_published":false,"_glsr_average":0,"_glsr_ranking":0,"_glsr_reviews":0},"product_brand":[],"product_cat":[33],"product_tag":[],"class_list":{"0":"post-3351","1":"product","2":"type-product","3":"status-publish","4":"has-post-thumbnail","6":"product_cat-blanks","7":"product_shipping_class-blank","9":"first","10":"outofstock","11":"shipping-taxable","12":"purchasable","13":"product-type-simple"},"yoast_head":"<!-- This site is optimized with the Yoast SEO plugin v27.4 - https:\/\/yoast.com\/product\/yoast-seo-wordpress\/ -->\n<title>Blank 6&#039;6&quot; #3 - 4 - Mylovelyrods<\/title>\n<meta name=\"description\" content=\"Blank 6&#039;6&quot; #3 - 4 brins, de couleur \u201cvert fonc\u00e9\u201d mat,\u00a0 Made in Cor\u00e9e, en carbone roul\u00e9. Le poids du blank est de 20g, Action Fast.\" \/>\n<meta name=\"robots\" content=\"index, follow, max-snippet:-1, max-image-preview:large, max-video-preview:-1\" \/>\n<link rel=\"canonical\" href=\"https:\/\/mylovelyrods.com\/index.php\/produit\/blank-66-3-4\/\" \/>\n<meta property=\"og:locale\" content=\"fr_FR\" \/>\n<meta property=\"og:type\" content=\"article\" \/>\n<meta property=\"og:title\" content=\"Blank 6&#039;6&quot; #3 - 4 - Mylovelyrods\" \/>\n<meta property=\"og:description\" content=\"Blank 6&#039;6&quot; #3 - 4 brins, de couleur \u201cvert fonc\u00e9\u201d mat,\u00a0 Made in Cor\u00e9e, en carbone roul\u00e9. Le poids du blank est de 20g, Action Fast.\" \/>\n<meta property=\"og:url\" content=\"https:\/\/mylovelyrods.com\/index.php\/produit\/blank-66-3-4\/\" \/>\n<meta property=\"og:site_name\" content=\"Mylovelyrods\" \/>\n<meta property=\"article:publisher\" content=\"https:\/\/m.facebook.com\/people\/Mylovelyrods\/100062956103344\/?locale=fr_FR\" \/>\n<meta property=\"article:modified_time\" content=\"2026-02-08T10:18:35+00:00\" \/>\n<meta property=\"og:image\" content=\"https:\/\/mylovelyrods.com\/wp-content\/uploads\/2024\/05\/20240521_191249-scaled.jpg\" \/>\n\t<meta property=\"og:image:width\" content=\"1211\" \/>\n\t<meta property=\"og:image:height\" content=\"2560\" \/>\n\t<meta property=\"og:image:type\" content=\"image\/jpeg\" \/>\n<meta name=\"twitter:card\" content=\"summary_large_image\" \/>\n<meta name=\"twitter:label1\" content=\"Dur\u00e9e de lecture estim\u00e9e\" \/>\n\t<meta name=\"twitter:data1\" content=\"2 minutes\" \/>\n<script type=\"application\/ld+json\" class=\"yoast-schema-graph\">{\"@context\":\"https:\\\/\\\/schema.org\",\"@graph\":[{\"@type\":\"WebPage\",\"@id\":\"https:\\\/\\\/mylovelyrods.com\\\/index.php\\\/produit\\\/blank-66-3-4\\\/\",\"url\":\"https:\\\/\\\/mylovelyrods.com\\\/index.php\\\/produit\\\/blank-66-3-4\\\/\",\"name\":\"Blank 6'6\\\" #3 - 4 - Mylovelyrods\",\"isPartOf\":{\"@id\":\"https:\\\/\\\/mylovelyrods.com\\\/#website\"},\"primaryImageOfPage\":{\"@id\":\"https:\\\/\\\/mylovelyrods.com\\\/index.php\\\/produit\\\/blank-66-3-4\\\/#primaryimage\"},\"image\":{\"@id\":\"https:\\\/\\\/mylovelyrods.com\\\/index.php\\\/produit\\\/blank-66-3-4\\\/#primaryimage\"},\"thumbnailUrl\":\"https:\\\/\\\/i0.wp.com\\\/mylovelyrods.com\\\/wp-content\\\/uploads\\\/2024\\\/05\\\/20240521_191249-scaled.jpg?fit=1211%2C2560&ssl=1\",\"datePublished\":\"2024-05-21T17:30:56+00:00\",\"dateModified\":\"2026-02-08T10:18:35+00:00\",\"description\":\"Blank 6'6\\\" #3 - 4 brins, de couleur \u201cvert fonc\u00e9\u201d mat,\u00a0 Made in Cor\u00e9e, en carbone roul\u00e9. Le poids du blank est de 20g, Action Fast.\",\"breadcrumb\":{\"@id\":\"https:\\\/\\\/mylovelyrods.com\\\/index.php\\\/produit\\\/blank-66-3-4\\\/#breadcrumb\"},\"inLanguage\":\"fr-FR\",\"potentialAction\":[{\"@type\":\"ReadAction\",\"target\":[\"https:\\\/\\\/mylovelyrods.com\\\/index.php\\\/produit\\\/blank-66-3-4\\\/\"]}]},{\"@type\":\"ImageObject\",\"inLanguage\":\"fr-FR\",\"@id\":\"https:\\\/\\\/mylovelyrods.com\\\/index.php\\\/produit\\\/blank-66-3-4\\\/#primaryimage\",\"url\":\"https:\\\/\\\/i0.wp.com\\\/mylovelyrods.com\\\/wp-content\\\/uploads\\\/2024\\\/05\\\/20240521_191249-scaled.jpg?fit=1211%2C2560&ssl=1\",\"contentUrl\":\"https:\\\/\\\/i0.wp.com\\\/mylovelyrods.com\\\/wp-content\\\/uploads\\\/2024\\\/05\\\/20240521_191249-scaled.jpg?fit=1211%2C2560&ssl=1\",\"width\":1211,\"height\":2560,\"caption\":\"Blank 6'6\\\" #3 - 4 brins, de couleur \u201cvert fonc\u00e9\u201d mat,\u00a0 Made in Cor\u00e9e, en carbone roul\u00e9. le diam\u00e8tre du bout du scion, le tip est de: 1 mm. Le diam\u00e8tre du talon est de 7,4 mm.\"},{\"@type\":\"BreadcrumbList\",\"@id\":\"https:\\\/\\\/mylovelyrods.com\\\/index.php\\\/produit\\\/blank-66-3-4\\\/#breadcrumb\",\"itemListElement\":[{\"@type\":\"ListItem\",\"position\":1,\"name\":\"Accueil\",\"item\":\"https:\\\/\\\/mylovelyrods.com\\\/\"},{\"@type\":\"ListItem\",\"position\":2,\"name\":\"Produits\",\"item\":\"https:\\\/\\\/mylovelyrods.com\\\/index.php\\\/boutique\\\/\"},{\"@type\":\"ListItem\",\"position\":3,\"name\":\"Blank 6&#8217;6&#8243; #3 &#8211; 4\"}]},{\"@type\":\"WebSite\",\"@id\":\"https:\\\/\\\/mylovelyrods.com\\\/#website\",\"url\":\"https:\\\/\\\/mylovelyrods.com\\\/\",\"name\":\"Mylovelyrods\",\"description\":\"Facteur de canne, restaurations, customisations, rodbuilding, mouches, nymphes et petit mat\u00e9riel...\",\"publisher\":{\"@id\":\"https:\\\/\\\/mylovelyrods.com\\\/#organization\"},\"potentialAction\":[{\"@type\":\"SearchAction\",\"target\":{\"@type\":\"EntryPoint\",\"urlTemplate\":\"https:\\\/\\\/mylovelyrods.com\\\/?s={search_term_string}\"},\"query-input\":{\"@type\":\"PropertyValueSpecification\",\"valueRequired\":true,\"valueName\":\"search_term_string\"}}],\"inLanguage\":\"fr-FR\"},{\"@type\":\"Organization\",\"@id\":\"https:\\\/\\\/mylovelyrods.com\\\/#organization\",\"name\":\"Mylovelyrods\",\"url\":\"https:\\\/\\\/mylovelyrods.com\\\/\",\"logo\":{\"@type\":\"ImageObject\",\"inLanguage\":\"fr-FR\",\"@id\":\"https:\\\/\\\/mylovelyrods.com\\\/#\\\/schema\\\/logo\\\/image\\\/\",\"url\":\"https:\\\/\\\/mylovelyrods.com\\\/wp-content\\\/uploads\\\/2021\\\/01\\\/0001-scaled-e1611186770281.jpg\",\"contentUrl\":\"https:\\\/\\\/mylovelyrods.com\\\/wp-content\\\/uploads\\\/2021\\\/01\\\/0001-scaled-e1611186770281.jpg\",\"width\":2560,\"height\":716,\"caption\":\"Mylovelyrods\"},\"image\":{\"@id\":\"https:\\\/\\\/mylovelyrods.com\\\/#\\\/schema\\\/logo\\\/image\\\/\"},\"sameAs\":[\"https:\\\/\\\/m.facebook.com\\\/people\\\/Mylovelyrods\\\/100062956103344\\\/?locale=fr_FR\",\"https:\\\/\\\/www.instagram.com\\\/mylovelyrods\\\/?hl=fr\"]}]}<\/script>\n<!-- \/ Yoast SEO plugin. -->","yoast_head_json":{"title":"Blank 6'6\" #3 - 4 - Mylovelyrods","description":"Blank 6'6\" #3 - 4 brins, de couleur \u201cvert fonc\u00e9\u201d mat,\u00a0 Made in Cor\u00e9e, en carbone roul\u00e9. Le poids du blank est de 20g, Action Fast.","robots":{"index":"index","follow":"follow","max-snippet":"max-snippet:-1","max-image-preview":"max-image-preview:large","max-video-preview":"max-video-preview:-1"},"canonical":"https:\/\/mylovelyrods.com\/index.php\/produit\/blank-66-3-4\/","og_locale":"fr_FR","og_type":"article","og_title":"Blank 6'6\" #3 - 4 - Mylovelyrods","og_description":"Blank 6'6\" #3 - 4 brins, de couleur \u201cvert fonc\u00e9\u201d mat,\u00a0 Made in Cor\u00e9e, en carbone roul\u00e9. Le poids du blank est de 20g, Action Fast.","og_url":"https:\/\/mylovelyrods.com\/index.php\/produit\/blank-66-3-4\/","og_site_name":"Mylovelyrods","article_publisher":"https:\/\/m.facebook.com\/people\/Mylovelyrods\/100062956103344\/?locale=fr_FR","article_modified_time":"2026-02-08T10:18:35+00:00","og_image":[{"width":1211,"height":2560,"url":"https:\/\/mylovelyrods.com\/wp-content\/uploads\/2024\/05\/20240521_191249-scaled.jpg","type":"image\/jpeg"}],"twitter_card":"summary_large_image","twitter_misc":{"Dur\u00e9e de lecture estim\u00e9e":"2 minutes"},"schema":{"@context":"https:\/\/schema.org","@graph":[{"@type":"WebPage","@id":"https:\/\/mylovelyrods.com\/index.php\/produit\/blank-66-3-4\/","url":"https:\/\/mylovelyrods.com\/index.php\/produit\/blank-66-3-4\/","name":"Blank 6'6\" #3 - 4 - Mylovelyrods","isPartOf":{"@id":"https:\/\/mylovelyrods.com\/#website"},"primaryImageOfPage":{"@id":"https:\/\/mylovelyrods.com\/index.php\/produit\/blank-66-3-4\/#primaryimage"},"image":{"@id":"https:\/\/mylovelyrods.com\/index.php\/produit\/blank-66-3-4\/#primaryimage"},"thumbnailUrl":"https:\/\/i0.wp.com\/mylovelyrods.com\/wp-content\/uploads\/2024\/05\/20240521_191249-scaled.jpg?fit=1211%2C2560&ssl=1","datePublished":"2024-05-21T17:30:56+00:00","dateModified":"2026-02-08T10:18:35+00:00","description":"Blank 6'6\" #3 - 4 brins, de couleur \u201cvert fonc\u00e9\u201d mat,\u00a0 Made in Cor\u00e9e, en carbone roul\u00e9. Le poids du blank est de 20g, Action Fast.","breadcrumb":{"@id":"https:\/\/mylovelyrods.com\/index.php\/produit\/blank-66-3-4\/#breadcrumb"},"inLanguage":"fr-FR","potentialAction":[{"@type":"ReadAction","target":["https:\/\/mylovelyrods.com\/index.php\/produit\/blank-66-3-4\/"]}]},{"@type":"ImageObject","inLanguage":"fr-FR","@id":"https:\/\/mylovelyrods.com\/index.php\/produit\/blank-66-3-4\/#primaryimage","url":"https:\/\/i0.wp.com\/mylovelyrods.com\/wp-content\/uploads\/2024\/05\/20240521_191249-scaled.jpg?fit=1211%2C2560&ssl=1","contentUrl":"https:\/\/i0.wp.com\/mylovelyrods.com\/wp-content\/uploads\/2024\/05\/20240521_191249-scaled.jpg?fit=1211%2C2560&ssl=1","width":1211,"height":2560,"caption":"Blank 6'6\" #3 - 4 brins, de couleur \u201cvert fonc\u00e9\u201d mat,\u00a0 Made in Cor\u00e9e, en carbone roul\u00e9. le diam\u00e8tre du bout du scion, le tip est de: 1 mm. Le diam\u00e8tre du talon est de 7,4 mm."},{"@type":"BreadcrumbList","@id":"https:\/\/mylovelyrods.com\/index.php\/produit\/blank-66-3-4\/#breadcrumb","itemListElement":[{"@type":"ListItem","position":1,"name":"Accueil","item":"https:\/\/mylovelyrods.com\/"},{"@type":"ListItem","position":2,"name":"Produits","item":"https:\/\/mylovelyrods.com\/index.php\/boutique\/"},{"@type":"ListItem","position":3,"name":"Blank 6&#8217;6&#8243; #3 &#8211; 4"}]},{"@type":"WebSite","@id":"https:\/\/mylovelyrods.com\/#website","url":"https:\/\/mylovelyrods.com\/","name":"Mylovelyrods","description":"Facteur de canne, restaurations, customisations, rodbuilding, mouches, nymphes et petit mat\u00e9riel...","publisher":{"@id":"https:\/\/mylovelyrods.com\/#organization"},"potentialAction":[{"@type":"SearchAction","target":{"@type":"EntryPoint","urlTemplate":"https:\/\/mylovelyrods.com\/?s={search_term_string}"},"query-input":{"@type":"PropertyValueSpecification","valueRequired":true,"valueName":"search_term_string"}}],"inLanguage":"fr-FR"},{"@type":"Organization","@id":"https:\/\/mylovelyrods.com\/#organization","name":"Mylovelyrods","url":"https:\/\/mylovelyrods.com\/","logo":{"@type":"ImageObject","inLanguage":"fr-FR","@id":"https:\/\/mylovelyrods.com\/#\/schema\/logo\/image\/","url":"https:\/\/mylovelyrods.com\/wp-content\/uploads\/2021\/01\/0001-scaled-e1611186770281.jpg","contentUrl":"https:\/\/mylovelyrods.com\/wp-content\/uploads\/2021\/01\/0001-scaled-e1611186770281.jpg","width":2560,"height":716,"caption":"Mylovelyrods"},"image":{"@id":"https:\/\/mylovelyrods.com\/#\/schema\/logo\/image\/"},"sameAs":["https:\/\/m.facebook.com\/people\/Mylovelyrods\/100062956103344\/?locale=fr_FR","https:\/\/www.instagram.com\/mylovelyrods\/?hl=fr"]}]}},"jetpack_sharing_enabled":true,"_links":{"self":[{"href":"https:\/\/mylovelyrods.com\/index.php\/wp-json\/wp\/v2\/product\/3351","targetHints":{"allow":["GET"]}}],"collection":[{"href":"https:\/\/mylovelyrods.com\/index.php\/wp-json\/wp\/v2\/product"}],"about":[{"href":"https:\/\/mylovelyrods.com\/index.php\/wp-json\/wp\/v2\/types\/product"}],"wp:featuredmedia":[{"embeddable":true,"href":"https:\/\/mylovelyrods.com\/index.php\/wp-json\/wp\/v2\/media\/3352"}],"wp:attachment":[{"href":"https:\/\/mylovelyrods.com\/index.php\/wp-json\/wp\/v2\/media?parent=3351"}],"wp:term":[{"taxonomy":"product_brand","embeddable":true,"href":"https:\/\/mylovelyrods.com\/index.php\/wp-json\/wp\/v2\/product_brand?post=3351"},{"taxonomy":"product_cat","embeddable":true,"href":"https:\/\/mylovelyrods.com\/index.php\/wp-json\/wp\/v2\/product_cat?post=3351"},{"taxonomy":"product_tag","embeddable":true,"href":"https:\/\/mylovelyrods.com\/index.php\/wp-json\/wp\/v2\/product_tag?post=3351"}],"curies":[{"name":"wp","href":"https:\/\/api.w.org\/{rel}","templated":true}]}}