{"id":3470,"date":"2024-07-03T11:17:04","date_gmt":"2024-07-03T09:17:04","guid":{"rendered":"https:\/\/mylovelyrods.com\/?post_type=product&#038;p=3470"},"modified":"2024-09-10T12:33:51","modified_gmt":"2024-09-10T10:33:51","slug":"canne-mouche-9-3-4-brins","status":"publish","type":"product","link":"https:\/\/mylovelyrods.com\/index.php\/produit\/canne-mouche-9-3-4-brins\/","title":{"rendered":"Canne mouche 9&prime; #3 &#8211; 4 brins"},"content":{"rendered":"<p>Canne mouche 9&prime; #3 &#8211; 4 brins. Cette canne parfaite pour p\u00eacher en s\u00e8che ou s\u00e8che\/nymphe au pompon, ou nymphe \u00e0 vue, vous ravira en petite et moyenne riviere! Elle est habill\u00e9e d\u2019une poign\u00e9e li\u00e8ge en grade FLOR. Elle est d\u00e9cor\u00e9e d\u2019une petite vasque de rivi\u00e8re . Cette petite canne originale sera une bonne alli\u00e9e en s\u00e8che, dans nos petits cours d\u2019eau, et nos moyennes rivi\u00e8res de montagne.<\/p>\n<p>Le porte moulinet est mont\u00e9 en uplocking. En ce qui concerne les anneaux, il s\u2019agit d\u2019anneaux simples PacBay, Le premier est un anneau double patte PacBay, l\u2019anneau est suffisamment proche de la poign\u00e9e, pour \u00e9viter que la soie fasse un ventre lorsqu\u2019on p\u00eache canne haute. Les ligatures de renfort sont d\u00e9cor\u00e9es d&rsquo;imitation rivi\u00e8re avec des petits faux cailloux.<\/p>\n<p>Cette canne n&rsquo;a pas de nom, ce sera \u00e0 vous de lui choisir un nom, pour une vrai personnalisation!<\/p>\n<p>Canne mouche 9&prime; #3 &#8211; 4 brins Pour se faire plaisir, tout simplement il s\u2019agit \u00e9videmment d\u2019une pi\u00e8ce unique!<\/p>\n<p>Cette Canne \u00e0 mouche est fournit dans une housse tissu noire.<\/p>\n<p>Les mesures techniques protocole \u201ccommon cents\u201d (dont vous aurez les d\u00e9tails ici: <a href=\"https:\/\/www.truites-et-cie.fr\/article\/materiel\/mouche\/protocole-de-test-des-cannes-mouche\">https:\/\/www.truites-et-cie.fr\/article\/materiel\/mouche\/protocole-de-test-des-cannes-mouche<\/a>) ont r\u00e9v\u00e9l\u00e9:<\/p>\n<p>Poids de la canne: 82g.<\/p>\n<p>Un poids du moulinet \u00e0 l\u2019\u00e9quilibre (PME) de 150 g.<\/p>\n<p>L\u2019Action Angle classe l\u2019action de la canne dans la cat\u00e9gorie Moderate Fast.<\/p>\n<p>Pour conclure si vous souhaitez plus d\u2019informations, n\u2019h\u00e9sitez pas \u00e0 me contacter <a href=\"https:\/\/mylovelyrods.com\/index.php\/demande-devis-contact-canne-a-peche-artisanale\/\">ici<\/a>.<\/p>\n<p>Canne mouche 9&prime; #3 dont les couleurs peuvent l\u00e9g\u00e8rement diff\u00e9rer des photos.<\/p>\n<p>Si vous souhaitez me suivre sur les r\u00e9seaux sociaux c\u2019est par <a href=\"https:\/\/www.facebook.com\/pages\/category\/Sports\/Mylovelyrods-101775187859974\/\">ici<\/a> et <a href=\"https:\/\/www.instagram.com\/mylovelyrods\/?hl=fr\">l\u00e0<\/a>.<\/p>\n","protected":false},"excerpt":{"rendered":"<p>Canne mouche 9&prime; #3 &#8211; 4 brins. Cette canne parfaite pour p\u00eacher en s\u00e8che ou s\u00e8che\/nymphe au pompon, ou nymphe \u00e0 vue, vous ravira en petite et moyenne riviere! Elle est habill\u00e9e d\u2019une poign\u00e9e li\u00e8ge en grade FLOR. Elle est d\u00e9cor\u00e9e d\u2019une petite vasque de rivi\u00e8re . Cette petite canne originale sera une bonne alli\u00e9e en s\u00e8che, dans nos petits cours d\u2019eau, et nos moyennes rivi\u00e8res de montagne.<\/p>\n<p>Le porte moulinet est mont\u00e9 en uplocking. En ce qui concerne les anneaux, il s\u2019agit d\u2019anneaux simples PacBay, Le premier est un anneau double patte PacBay, l\u2019anneau est suffisamment proche de la poign\u00e9e, pour \u00e9viter que la soie fasse un ventre lorsqu\u2019on p\u00eache canne haute. Les ligatures de renfort sont d\u00e9cor\u00e9es d&rsquo;imitation rivi\u00e8re avec des petits faux cailloux.<\/p>\n<p>Cette canne n&rsquo;a pas de nom, ce sera \u00e0 vous de lui choisir un nom, pour une vrai personnalisation!<\/p>\n<p>Canne mouche 9&prime; #3 &#8211; 4 brins Pour se faire plaisir, tout simplement il s\u2019agit \u00e9videmment d\u2019une pi\u00e8ce unique!<\/p>\n<p>Cette Canne \u00e0 mouche est fournit dans une housse tissu noire.<\/p>\n<p>Les mesures techniques protocole \u201ccommon cents\u201d (dont vous aurez les d\u00e9tails ici: <a href=\"https:\/\/www.truites-et-cie.fr\/article\/materiel\/mouche\/protocole-de-test-des-cannes-mouche\">https:\/\/www.truites-et-cie.fr\/article\/materiel\/mouche\/protocole-de-test-des-cannes-mouche<\/a>) ont r\u00e9v\u00e9l\u00e9:<\/p>\n<p>Poids de la canne: 82g.<\/p>\n<p>Un poids du moulinet \u00e0 l\u2019\u00e9quilibre (PME) de 150 g.<\/p>\n<p>L\u2019Action Angle classe l\u2019action de la canne dans la cat\u00e9gorie Moderate Fast.<\/p>\n<p>Pour conclure si vous souhaitez plus d\u2019informations, n\u2019h\u00e9sitez pas \u00e0 me contacter <a href=\"https:\/\/mylovelyrods.com\/index.php\/demande-devis-contact-canne-a-peche-artisanale\/\">ici<\/a>.<\/p>\n<p>Canne mouche 9&prime; #3 dont les couleurs peuvent l\u00e9g\u00e8rement diff\u00e9rer des photos.<\/p>\n<p>Si vous souhaitez me suivre sur les r\u00e9seaux sociaux c\u2019est par <a href=\"https:\/\/www.facebook.com\/pages\/category\/Sports\/Mylovelyrods-101775187859974\/\">ici<\/a> et <a href=\"https:\/\/www.instagram.com\/mylovelyrods\/?hl=fr\">l\u00e0<\/a>.<\/p>\n","protected":false},"featured_media":3475,"template":"","meta":{"jetpack_post_was_ever_published":false,"_glsr_average":0,"_glsr_ranking":0,"_glsr_reviews":0},"product_brand":[],"product_cat":[28],"product_tag":[],"class_list":{"0":"post-3470","1":"product","2":"type-product","3":"status-publish","4":"has-post-thumbnail","6":"product_cat-cannes-disponibles","7":"product_shipping_class-blank","9":"first","10":"instock","11":"shipping-taxable","12":"purchasable","13":"product-type-simple"},"yoast_head":"<!-- This site is optimized with the Yoast SEO plugin v27.4 - https:\/\/yoast.com\/product\/yoast-seo-wordpress\/ -->\n<title>Canne mouche 9&#039; #3 - 4 brins - Mylovelyrods<\/title>\n<meta name=\"description\" content=\"Canne mouche 9&#039; #3 - 4 brins. Cette canne parfaite pour p\u00eacher en s\u00e8che ou s\u00e8che\/nymphe au pompon, ou nymphe \u00e0 vue, vous ravira en petite et moyenne riviere\" \/>\n<meta name=\"robots\" content=\"index, follow, max-snippet:-1, max-image-preview:large, max-video-preview:-1\" \/>\n<link rel=\"canonical\" href=\"https:\/\/mylovelyrods.com\/index.php\/produit\/canne-mouche-9-3-4-brins\/\" \/>\n<meta property=\"og:locale\" content=\"fr_FR\" \/>\n<meta property=\"og:type\" content=\"article\" \/>\n<meta property=\"og:title\" content=\"Canne mouche 9&#039; #3 - 4 brins - Mylovelyrods\" \/>\n<meta property=\"og:description\" content=\"Canne mouche 9&#039; #3 - 4 brins. Cette canne parfaite pour p\u00eacher en s\u00e8che ou s\u00e8che\/nymphe au pompon, ou nymphe \u00e0 vue, vous ravira en petite et moyenne riviere\" \/>\n<meta property=\"og:url\" content=\"https:\/\/mylovelyrods.com\/index.php\/produit\/canne-mouche-9-3-4-brins\/\" \/>\n<meta property=\"og:site_name\" content=\"Mylovelyrods\" \/>\n<meta property=\"article:publisher\" content=\"https:\/\/m.facebook.com\/people\/Mylovelyrods\/100062956103344\/?locale=fr_FR\" \/>\n<meta property=\"article:modified_time\" content=\"2024-09-10T10:33:51+00:00\" \/>\n<meta property=\"og:image\" content=\"https:\/\/mylovelyrods.com\/wp-content\/uploads\/2024\/07\/20240703_110700-scaled.jpg\" \/>\n\t<meta property=\"og:image:width\" content=\"1211\" \/>\n\t<meta property=\"og:image:height\" content=\"2560\" \/>\n\t<meta property=\"og:image:type\" content=\"image\/jpeg\" \/>\n<meta name=\"twitter:card\" content=\"summary_large_image\" \/>\n<meta name=\"twitter:label1\" content=\"Dur\u00e9e de lecture estim\u00e9e\" \/>\n\t<meta name=\"twitter:data1\" content=\"2 minutes\" \/>\n<script type=\"application\/ld+json\" class=\"yoast-schema-graph\">{\"@context\":\"https:\\\/\\\/schema.org\",\"@graph\":[{\"@type\":\"WebPage\",\"@id\":\"https:\\\/\\\/mylovelyrods.com\\\/index.php\\\/produit\\\/canne-mouche-9-3-4-brins\\\/\",\"url\":\"https:\\\/\\\/mylovelyrods.com\\\/index.php\\\/produit\\\/canne-mouche-9-3-4-brins\\\/\",\"name\":\"Canne mouche 9' #3 - 4 brins - Mylovelyrods\",\"isPartOf\":{\"@id\":\"https:\\\/\\\/mylovelyrods.com\\\/#website\"},\"primaryImageOfPage\":{\"@id\":\"https:\\\/\\\/mylovelyrods.com\\\/index.php\\\/produit\\\/canne-mouche-9-3-4-brins\\\/#primaryimage\"},\"image\":{\"@id\":\"https:\\\/\\\/mylovelyrods.com\\\/index.php\\\/produit\\\/canne-mouche-9-3-4-brins\\\/#primaryimage\"},\"thumbnailUrl\":\"https:\\\/\\\/i0.wp.com\\\/mylovelyrods.com\\\/wp-content\\\/uploads\\\/2024\\\/07\\\/20240703_110700-scaled.jpg?fit=1211%2C2560&ssl=1\",\"datePublished\":\"2024-07-03T09:17:04+00:00\",\"dateModified\":\"2024-09-10T10:33:51+00:00\",\"description\":\"Canne mouche 9' #3 - 4 brins. Cette canne parfaite pour p\u00eacher en s\u00e8che ou s\u00e8che\\\/nymphe au pompon, ou nymphe \u00e0 vue, vous ravira en petite et moyenne riviere\",\"breadcrumb\":{\"@id\":\"https:\\\/\\\/mylovelyrods.com\\\/index.php\\\/produit\\\/canne-mouche-9-3-4-brins\\\/#breadcrumb\"},\"inLanguage\":\"fr-FR\",\"potentialAction\":[{\"@type\":\"ReadAction\",\"target\":[\"https:\\\/\\\/mylovelyrods.com\\\/index.php\\\/produit\\\/canne-mouche-9-3-4-brins\\\/\"]}]},{\"@type\":\"ImageObject\",\"inLanguage\":\"fr-FR\",\"@id\":\"https:\\\/\\\/mylovelyrods.com\\\/index.php\\\/produit\\\/canne-mouche-9-3-4-brins\\\/#primaryimage\",\"url\":\"https:\\\/\\\/i0.wp.com\\\/mylovelyrods.com\\\/wp-content\\\/uploads\\\/2024\\\/07\\\/20240703_110700-scaled.jpg?fit=1211%2C2560&ssl=1\",\"contentUrl\":\"https:\\\/\\\/i0.wp.com\\\/mylovelyrods.com\\\/wp-content\\\/uploads\\\/2024\\\/07\\\/20240703_110700-scaled.jpg?fit=1211%2C2560&ssl=1\",\"width\":1211,\"height\":2560,\"caption\":\"Canne mouche 9' #3 - 4 brins. Cette canne parfaite pour p\u00eacher en s\u00e8che ou s\u00e8che\\\/nymphe au pompon, ou nymphe \u00e0 vue, vous ravira en petite et moyenne riviere\"},{\"@type\":\"BreadcrumbList\",\"@id\":\"https:\\\/\\\/mylovelyrods.com\\\/index.php\\\/produit\\\/canne-mouche-9-3-4-brins\\\/#breadcrumb\",\"itemListElement\":[{\"@type\":\"ListItem\",\"position\":1,\"name\":\"Accueil\",\"item\":\"https:\\\/\\\/mylovelyrods.com\\\/\"},{\"@type\":\"ListItem\",\"position\":2,\"name\":\"Produits\",\"item\":\"https:\\\/\\\/mylovelyrods.com\\\/index.php\\\/boutique\\\/\"},{\"@type\":\"ListItem\",\"position\":3,\"name\":\"Canne mouche 9&#8242; #3 &#8211; 4 brins\"}]},{\"@type\":\"WebSite\",\"@id\":\"https:\\\/\\\/mylovelyrods.com\\\/#website\",\"url\":\"https:\\\/\\\/mylovelyrods.com\\\/\",\"name\":\"Mylovelyrods\",\"description\":\"Facteur de canne, restaurations, customisations, rodbuilding, mouches, nymphes et petit mat\u00e9riel...\",\"publisher\":{\"@id\":\"https:\\\/\\\/mylovelyrods.com\\\/#organization\"},\"potentialAction\":[{\"@type\":\"SearchAction\",\"target\":{\"@type\":\"EntryPoint\",\"urlTemplate\":\"https:\\\/\\\/mylovelyrods.com\\\/?s={search_term_string}\"},\"query-input\":{\"@type\":\"PropertyValueSpecification\",\"valueRequired\":true,\"valueName\":\"search_term_string\"}}],\"inLanguage\":\"fr-FR\"},{\"@type\":\"Organization\",\"@id\":\"https:\\\/\\\/mylovelyrods.com\\\/#organization\",\"name\":\"Mylovelyrods\",\"url\":\"https:\\\/\\\/mylovelyrods.com\\\/\",\"logo\":{\"@type\":\"ImageObject\",\"inLanguage\":\"fr-FR\",\"@id\":\"https:\\\/\\\/mylovelyrods.com\\\/#\\\/schema\\\/logo\\\/image\\\/\",\"url\":\"https:\\\/\\\/mylovelyrods.com\\\/wp-content\\\/uploads\\\/2021\\\/01\\\/0001-scaled-e1611186770281.jpg\",\"contentUrl\":\"https:\\\/\\\/mylovelyrods.com\\\/wp-content\\\/uploads\\\/2021\\\/01\\\/0001-scaled-e1611186770281.jpg\",\"width\":2560,\"height\":716,\"caption\":\"Mylovelyrods\"},\"image\":{\"@id\":\"https:\\\/\\\/mylovelyrods.com\\\/#\\\/schema\\\/logo\\\/image\\\/\"},\"sameAs\":[\"https:\\\/\\\/m.facebook.com\\\/people\\\/Mylovelyrods\\\/100062956103344\\\/?locale=fr_FR\",\"https:\\\/\\\/www.instagram.com\\\/mylovelyrods\\\/?hl=fr\"]}]}<\/script>\n<!-- \/ Yoast SEO plugin. -->","yoast_head_json":{"title":"Canne mouche 9' #3 - 4 brins - Mylovelyrods","description":"Canne mouche 9' #3 - 4 brins. Cette canne parfaite pour p\u00eacher en s\u00e8che ou s\u00e8che\/nymphe au pompon, ou nymphe \u00e0 vue, vous ravira en petite et moyenne riviere","robots":{"index":"index","follow":"follow","max-snippet":"max-snippet:-1","max-image-preview":"max-image-preview:large","max-video-preview":"max-video-preview:-1"},"canonical":"https:\/\/mylovelyrods.com\/index.php\/produit\/canne-mouche-9-3-4-brins\/","og_locale":"fr_FR","og_type":"article","og_title":"Canne mouche 9' #3 - 4 brins - Mylovelyrods","og_description":"Canne mouche 9' #3 - 4 brins. Cette canne parfaite pour p\u00eacher en s\u00e8che ou s\u00e8che\/nymphe au pompon, ou nymphe \u00e0 vue, vous ravira en petite et moyenne riviere","og_url":"https:\/\/mylovelyrods.com\/index.php\/produit\/canne-mouche-9-3-4-brins\/","og_site_name":"Mylovelyrods","article_publisher":"https:\/\/m.facebook.com\/people\/Mylovelyrods\/100062956103344\/?locale=fr_FR","article_modified_time":"2024-09-10T10:33:51+00:00","og_image":[{"width":1211,"height":2560,"url":"https:\/\/mylovelyrods.com\/wp-content\/uploads\/2024\/07\/20240703_110700-scaled.jpg","type":"image\/jpeg"}],"twitter_card":"summary_large_image","twitter_misc":{"Dur\u00e9e de lecture estim\u00e9e":"2 minutes"},"schema":{"@context":"https:\/\/schema.org","@graph":[{"@type":"WebPage","@id":"https:\/\/mylovelyrods.com\/index.php\/produit\/canne-mouche-9-3-4-brins\/","url":"https:\/\/mylovelyrods.com\/index.php\/produit\/canne-mouche-9-3-4-brins\/","name":"Canne mouche 9' #3 - 4 brins - Mylovelyrods","isPartOf":{"@id":"https:\/\/mylovelyrods.com\/#website"},"primaryImageOfPage":{"@id":"https:\/\/mylovelyrods.com\/index.php\/produit\/canne-mouche-9-3-4-brins\/#primaryimage"},"image":{"@id":"https:\/\/mylovelyrods.com\/index.php\/produit\/canne-mouche-9-3-4-brins\/#primaryimage"},"thumbnailUrl":"https:\/\/i0.wp.com\/mylovelyrods.com\/wp-content\/uploads\/2024\/07\/20240703_110700-scaled.jpg?fit=1211%2C2560&ssl=1","datePublished":"2024-07-03T09:17:04+00:00","dateModified":"2024-09-10T10:33:51+00:00","description":"Canne mouche 9' #3 - 4 brins. Cette canne parfaite pour p\u00eacher en s\u00e8che ou s\u00e8che\/nymphe au pompon, ou nymphe \u00e0 vue, vous ravira en petite et moyenne riviere","breadcrumb":{"@id":"https:\/\/mylovelyrods.com\/index.php\/produit\/canne-mouche-9-3-4-brins\/#breadcrumb"},"inLanguage":"fr-FR","potentialAction":[{"@type":"ReadAction","target":["https:\/\/mylovelyrods.com\/index.php\/produit\/canne-mouche-9-3-4-brins\/"]}]},{"@type":"ImageObject","inLanguage":"fr-FR","@id":"https:\/\/mylovelyrods.com\/index.php\/produit\/canne-mouche-9-3-4-brins\/#primaryimage","url":"https:\/\/i0.wp.com\/mylovelyrods.com\/wp-content\/uploads\/2024\/07\/20240703_110700-scaled.jpg?fit=1211%2C2560&ssl=1","contentUrl":"https:\/\/i0.wp.com\/mylovelyrods.com\/wp-content\/uploads\/2024\/07\/20240703_110700-scaled.jpg?fit=1211%2C2560&ssl=1","width":1211,"height":2560,"caption":"Canne mouche 9' #3 - 4 brins. Cette canne parfaite pour p\u00eacher en s\u00e8che ou s\u00e8che\/nymphe au pompon, ou nymphe \u00e0 vue, vous ravira en petite et moyenne riviere"},{"@type":"BreadcrumbList","@id":"https:\/\/mylovelyrods.com\/index.php\/produit\/canne-mouche-9-3-4-brins\/#breadcrumb","itemListElement":[{"@type":"ListItem","position":1,"name":"Accueil","item":"https:\/\/mylovelyrods.com\/"},{"@type":"ListItem","position":2,"name":"Produits","item":"https:\/\/mylovelyrods.com\/index.php\/boutique\/"},{"@type":"ListItem","position":3,"name":"Canne mouche 9&#8242; #3 &#8211; 4 brins"}]},{"@type":"WebSite","@id":"https:\/\/mylovelyrods.com\/#website","url":"https:\/\/mylovelyrods.com\/","name":"Mylovelyrods","description":"Facteur de canne, restaurations, customisations, rodbuilding, mouches, nymphes et petit mat\u00e9riel...","publisher":{"@id":"https:\/\/mylovelyrods.com\/#organization"},"potentialAction":[{"@type":"SearchAction","target":{"@type":"EntryPoint","urlTemplate":"https:\/\/mylovelyrods.com\/?s={search_term_string}"},"query-input":{"@type":"PropertyValueSpecification","valueRequired":true,"valueName":"search_term_string"}}],"inLanguage":"fr-FR"},{"@type":"Organization","@id":"https:\/\/mylovelyrods.com\/#organization","name":"Mylovelyrods","url":"https:\/\/mylovelyrods.com\/","logo":{"@type":"ImageObject","inLanguage":"fr-FR","@id":"https:\/\/mylovelyrods.com\/#\/schema\/logo\/image\/","url":"https:\/\/mylovelyrods.com\/wp-content\/uploads\/2021\/01\/0001-scaled-e1611186770281.jpg","contentUrl":"https:\/\/mylovelyrods.com\/wp-content\/uploads\/2021\/01\/0001-scaled-e1611186770281.jpg","width":2560,"height":716,"caption":"Mylovelyrods"},"image":{"@id":"https:\/\/mylovelyrods.com\/#\/schema\/logo\/image\/"},"sameAs":["https:\/\/m.facebook.com\/people\/Mylovelyrods\/100062956103344\/?locale=fr_FR","https:\/\/www.instagram.com\/mylovelyrods\/?hl=fr"]}]}},"jetpack_sharing_enabled":true,"_links":{"self":[{"href":"https:\/\/mylovelyrods.com\/index.php\/wp-json\/wp\/v2\/product\/3470","targetHints":{"allow":["GET"]}}],"collection":[{"href":"https:\/\/mylovelyrods.com\/index.php\/wp-json\/wp\/v2\/product"}],"about":[{"href":"https:\/\/mylovelyrods.com\/index.php\/wp-json\/wp\/v2\/types\/product"}],"wp:featuredmedia":[{"embeddable":true,"href":"https:\/\/mylovelyrods.com\/index.php\/wp-json\/wp\/v2\/media\/3475"}],"wp:attachment":[{"href":"https:\/\/mylovelyrods.com\/index.php\/wp-json\/wp\/v2\/media?parent=3470"}],"wp:term":[{"taxonomy":"product_brand","embeddable":true,"href":"https:\/\/mylovelyrods.com\/index.php\/wp-json\/wp\/v2\/product_brand?post=3470"},{"taxonomy":"product_cat","embeddable":true,"href":"https:\/\/mylovelyrods.com\/index.php\/wp-json\/wp\/v2\/product_cat?post=3470"},{"taxonomy":"product_tag","embeddable":true,"href":"https:\/\/mylovelyrods.com\/index.php\/wp-json\/wp\/v2\/product_tag?post=3470"}],"curies":[{"name":"wp","href":"https:\/\/api.w.org\/{rel}","templated":true}]}}