{"id":411,"date":"2021-02-06T14:21:04","date_gmt":"2021-02-06T13:21:04","guid":{"rendered":"https:\/\/mylovelyrods.com\/?post_type=product&#038;p=411"},"modified":"2026-02-09T08:26:17","modified_gmt":"2026-02-09T07:26:17","slug":"blank-9-5-7-brins-vert-brillant-voyage","status":"publish","type":"product","link":"https:\/\/mylovelyrods.com\/index.php\/produit\/blank-9-5-7-brins-vert-brillant-voyage\/","title":{"rendered":"Blank 9&prime; #5, 7 brins vert brillant Voyage"},"content":{"rendered":"<p>Blank 9&prime; #5, en 7 brins, de couleur vert brillant Made in Cor\u00e9e, en carbone roul\u00e9, que j&rsquo;importe directement.<\/p>\n<p>le diam\u00e8tre du bout du scion, le tip est de: 1,70 mm.<\/p>\n<p>Le diam\u00e8tre du talon est de 8,75 mm.<\/p>\n<p>Pour ce qui sont des mesures techniques, le protocole \u00ab\u00a0common cents\u00a0\u00bb (dont vous aurez les d\u00e9tails ici: <a href=\"https:\/\/www.truites-et-cie.fr\/article\/materiel\/mouche\/protocole-de-test-des-cannes-mouche\">https:\/\/www.truites-et-cie.fr\/article\/materiel\/mouche\/protocole-de-test-des-cannes-mouche<\/a>) a permis de mesurer:<\/p>\n<p>Le poids du blank est de 56g<\/p>\n<p>L&rsquo;action Angle est de AA: 65\u00b0. ce qui classe l&rsquo;action de ce blank dans la cat\u00e9gorie Moderate Fast.<\/p>\n<p>En tout, il a fallu 46 cents pour faire plier le blank sur un tiers de sa longueur. Apr\u00e8s conversion, cela donne un ERN: 5,79 ce blank est donc class\u00e9 pour une soie de 5\/6.<\/p>\n<p>Ce blank 9&prime; #5, 7 brins, vert brillant, sera plut\u00f4t polyvalent. Il sera le blank parfait pour moyenne et grande rivi\u00e8re. Il sera parfait et pour la p\u00eache en nymphe, comme pour la p\u00eache en s\u00e8che. Le blank est en 7 brins, il a donc un encombrement de 40 cm! Tr\u00e8s bien pour le voyage, ainsi que pour la randonn\u00e9e et les lacs de montagne! Ce sera l&rsquo;alli\u00e9 optimal!<\/p>\n<p>Le blank est fourni avec sa housse tissu en 100% coton. Si vous souhaitez une housse personnalis\u00e9e comme celle ci, cela est possible alors n&rsquo;h\u00e9sitez pas \u00e0 me contacter <a href=\"https:\/\/mylovelyrods.com\/index.php\/demande-devis-contact-canne-a-peche-artisanale\/\">ici<\/a>.<\/p>\n<p><img data-recalc-dims=\"1\" loading=\"lazy\" decoding=\"async\" class=\"alignnone wp-image-1108 size-medium\" title=\"Housse personnalis\u00e9e pour une 9'\" src=\"https:\/\/i0.wp.com\/mylovelyrods.com\/wp-content\/uploads\/2021\/07\/IMG_20210714_112548_125.jpg?resize=300%2C300&#038;ssl=1\" alt=\"Housse personnalis\u00e9e\" width=\"300\" height=\"300\" srcset=\"https:\/\/i0.wp.com\/mylovelyrods.com\/wp-content\/uploads\/2021\/07\/IMG_20210714_112548_125.jpg?resize=300%2C300&amp;ssl=1 300w, https:\/\/i0.wp.com\/mylovelyrods.com\/wp-content\/uploads\/2021\/07\/IMG_20210714_112548_125.jpg?resize=1024%2C1024&amp;ssl=1 1024w, https:\/\/i0.wp.com\/mylovelyrods.com\/wp-content\/uploads\/2021\/07\/IMG_20210714_112548_125.jpg?resize=150%2C150&amp;ssl=1 150w, https:\/\/i0.wp.com\/mylovelyrods.com\/wp-content\/uploads\/2021\/07\/IMG_20210714_112548_125.jpg?resize=768%2C768&amp;ssl=1 768w, https:\/\/i0.wp.com\/mylovelyrods.com\/wp-content\/uploads\/2021\/07\/IMG_20210714_112548_125.jpg?resize=600%2C600&amp;ssl=1 600w, https:\/\/i0.wp.com\/mylovelyrods.com\/wp-content\/uploads\/2021\/07\/IMG_20210714_112548_125.jpg?w=1440&amp;ssl=1 1440w\" sizes=\"auto, (max-width: 300px) 100vw, 300px\" \/><\/p>\n<p>Si vous souhaitez plus d&rsquo;informations, alors n&rsquo;h\u00e9sitez pas \u00e0 me contacter <a href=\"https:\/\/mylovelyrods.com\/index.php\/demande-devis-contact-canne-a-peche-artisanale\/\">ici<\/a>.<\/p>\n","protected":false},"excerpt":{"rendered":"<p>Blank de 9&prime; pour soie de 5 en 7 brins pour monter une canne de voyage, de couleur vert brillant<\/p>\n<p>Diam\u00e8tre tip: 1,7 mm<\/p>\n<p>Diam\u00e8tre talon: 8,75 mm<\/p>\n<p>Encombrement: 40 cm<\/p>\n<p>Pour ce qui sont des mesures techniques, le protocole \u00ab\u00a0common cents\u00a0\u00bb (dont vous aurez les d\u00e9tails ici: <a href=\"https:\/\/www.truites-et-cie.fr\/article\/materiel\/mouche\/protocole-de-test-des-cannes-mouche\">https:\/\/www.truites-et-cie.fr\/article\/materiel\/mouche\/protocole-de-test-des-cannes-mouche<\/a>) a permis de mesurer:<\/p>\n<p>Poids: 56g<\/p>\n<p>AA: 65\u00b0<\/p>\n<p>ERN: 5,79<\/p>\n<p>Action: Moderate fast<\/p>\n","protected":false},"featured_media":412,"template":"","meta":{"jetpack_post_was_ever_published":false,"_glsr_average":0,"_glsr_ranking":0,"_glsr_reviews":0},"product_brand":[],"product_cat":[33],"product_tag":[],"class_list":{"0":"post-411","1":"product","2":"type-product","3":"status-publish","4":"has-post-thumbnail","6":"product_cat-blanks","8":"first","9":"instock","10":"featured","11":"shipping-taxable","12":"purchasable","13":"product-type-simple"},"yoast_head":"<!-- This site is optimized with the Yoast SEO plugin v27.4 - https:\/\/yoast.com\/product\/yoast-seo-wordpress\/ -->\n<title>Blank 9&#039; #5, 7 brins vert brillant Voyage - Rodbuilding - Mylovelyrods<\/title>\n<meta name=\"description\" content=\"Blank en carbone de 9&#039; pour soie de 5 en 7 brins pour monter une canne de voyage ou pour la randonn\u00e9e, de couleur vert brillant\" \/>\n<meta name=\"robots\" content=\"index, follow, max-snippet:-1, max-image-preview:large, max-video-preview:-1\" \/>\n<link rel=\"canonical\" href=\"https:\/\/mylovelyrods.com\/index.php\/produit\/blank-9-5-7-brins-vert-brillant-voyage\/\" \/>\n<meta property=\"og:locale\" content=\"fr_FR\" \/>\n<meta property=\"og:type\" content=\"article\" \/>\n<meta property=\"og:title\" content=\"Blank 9&#039; #5, 7 brins vert brillant Voyage - Rodbuilding - Mylovelyrods\" \/>\n<meta property=\"og:description\" content=\"Blank en carbone de 9&#039; pour soie de 5 en 7 brins pour monter une canne de voyage ou pour la randonn\u00e9e, de couleur vert brillant\" \/>\n<meta property=\"og:url\" content=\"https:\/\/mylovelyrods.com\/index.php\/produit\/blank-9-5-7-brins-vert-brillant-voyage\/\" \/>\n<meta property=\"og:site_name\" content=\"Mylovelyrods\" \/>\n<meta property=\"article:publisher\" content=\"https:\/\/m.facebook.com\/people\/Mylovelyrods\/100062956103344\/?locale=fr_FR\" \/>\n<meta property=\"article:modified_time\" content=\"2026-02-09T07:26:17+00:00\" \/>\n<meta property=\"og:image\" content=\"https:\/\/mylovelyrods.com\/wp-content\/uploads\/2021\/02\/20210206_080201-scaled.jpg\" \/>\n\t<meta property=\"og:image:width\" content=\"1234\" \/>\n\t<meta property=\"og:image:height\" content=\"2560\" \/>\n\t<meta property=\"og:image:type\" content=\"image\/jpeg\" \/>\n<meta name=\"twitter:card\" content=\"summary_large_image\" \/>\n<meta name=\"twitter:label1\" content=\"Dur\u00e9e de lecture estim\u00e9e\" \/>\n\t<meta name=\"twitter:data1\" content=\"2 minutes\" \/>\n<script type=\"application\/ld+json\" class=\"yoast-schema-graph\">{\"@context\":\"https:\\\/\\\/schema.org\",\"@graph\":[{\"@type\":\"WebPage\",\"@id\":\"https:\\\/\\\/mylovelyrods.com\\\/index.php\\\/produit\\\/blank-9-5-7-brins-vert-brillant-voyage\\\/\",\"url\":\"https:\\\/\\\/mylovelyrods.com\\\/index.php\\\/produit\\\/blank-9-5-7-brins-vert-brillant-voyage\\\/\",\"name\":\"Blank 9' #5, 7 brins vert brillant Voyage - Rodbuilding - Mylovelyrods\",\"isPartOf\":{\"@id\":\"https:\\\/\\\/mylovelyrods.com\\\/#website\"},\"primaryImageOfPage\":{\"@id\":\"https:\\\/\\\/mylovelyrods.com\\\/index.php\\\/produit\\\/blank-9-5-7-brins-vert-brillant-voyage\\\/#primaryimage\"},\"image\":{\"@id\":\"https:\\\/\\\/mylovelyrods.com\\\/index.php\\\/produit\\\/blank-9-5-7-brins-vert-brillant-voyage\\\/#primaryimage\"},\"thumbnailUrl\":\"https:\\\/\\\/i0.wp.com\\\/mylovelyrods.com\\\/wp-content\\\/uploads\\\/2021\\\/02\\\/20210206_080201-scaled.jpg?fit=1234%2C2560&ssl=1\",\"datePublished\":\"2021-02-06T13:21:04+00:00\",\"dateModified\":\"2026-02-09T07:26:17+00:00\",\"description\":\"Blank en carbone de 9' pour soie de 5 en 7 brins pour monter une canne de voyage ou pour la randonn\u00e9e, de couleur vert brillant\",\"breadcrumb\":{\"@id\":\"https:\\\/\\\/mylovelyrods.com\\\/index.php\\\/produit\\\/blank-9-5-7-brins-vert-brillant-voyage\\\/#breadcrumb\"},\"inLanguage\":\"fr-FR\",\"potentialAction\":[{\"@type\":\"ReadAction\",\"target\":[\"https:\\\/\\\/mylovelyrods.com\\\/index.php\\\/produit\\\/blank-9-5-7-brins-vert-brillant-voyage\\\/\"]}]},{\"@type\":\"ImageObject\",\"inLanguage\":\"fr-FR\",\"@id\":\"https:\\\/\\\/mylovelyrods.com\\\/index.php\\\/produit\\\/blank-9-5-7-brins-vert-brillant-voyage\\\/#primaryimage\",\"url\":\"https:\\\/\\\/i0.wp.com\\\/mylovelyrods.com\\\/wp-content\\\/uploads\\\/2021\\\/02\\\/20210206_080201-scaled.jpg?fit=1234%2C2560&ssl=1\",\"contentUrl\":\"https:\\\/\\\/i0.wp.com\\\/mylovelyrods.com\\\/wp-content\\\/uploads\\\/2021\\\/02\\\/20210206_080201-scaled.jpg?fit=1234%2C2560&ssl=1\",\"width\":1234,\"height\":2560},{\"@type\":\"BreadcrumbList\",\"@id\":\"https:\\\/\\\/mylovelyrods.com\\\/index.php\\\/produit\\\/blank-9-5-7-brins-vert-brillant-voyage\\\/#breadcrumb\",\"itemListElement\":[{\"@type\":\"ListItem\",\"position\":1,\"name\":\"Accueil\",\"item\":\"https:\\\/\\\/mylovelyrods.com\\\/\"},{\"@type\":\"ListItem\",\"position\":2,\"name\":\"Produits\",\"item\":\"https:\\\/\\\/mylovelyrods.com\\\/index.php\\\/boutique\\\/\"},{\"@type\":\"ListItem\",\"position\":3,\"name\":\"Blank 9&prime; #5, 7 brins vert brillant Voyage\"}]},{\"@type\":\"WebSite\",\"@id\":\"https:\\\/\\\/mylovelyrods.com\\\/#website\",\"url\":\"https:\\\/\\\/mylovelyrods.com\\\/\",\"name\":\"Mylovelyrods\",\"description\":\"Facteur de canne, restaurations, customisations, rodbuilding, mouches, nymphes et petit mat\u00e9riel...\",\"publisher\":{\"@id\":\"https:\\\/\\\/mylovelyrods.com\\\/#organization\"},\"potentialAction\":[{\"@type\":\"SearchAction\",\"target\":{\"@type\":\"EntryPoint\",\"urlTemplate\":\"https:\\\/\\\/mylovelyrods.com\\\/?s={search_term_string}\"},\"query-input\":{\"@type\":\"PropertyValueSpecification\",\"valueRequired\":true,\"valueName\":\"search_term_string\"}}],\"inLanguage\":\"fr-FR\"},{\"@type\":\"Organization\",\"@id\":\"https:\\\/\\\/mylovelyrods.com\\\/#organization\",\"name\":\"Mylovelyrods\",\"url\":\"https:\\\/\\\/mylovelyrods.com\\\/\",\"logo\":{\"@type\":\"ImageObject\",\"inLanguage\":\"fr-FR\",\"@id\":\"https:\\\/\\\/mylovelyrods.com\\\/#\\\/schema\\\/logo\\\/image\\\/\",\"url\":\"https:\\\/\\\/mylovelyrods.com\\\/wp-content\\\/uploads\\\/2021\\\/01\\\/0001-scaled-e1611186770281.jpg\",\"contentUrl\":\"https:\\\/\\\/mylovelyrods.com\\\/wp-content\\\/uploads\\\/2021\\\/01\\\/0001-scaled-e1611186770281.jpg\",\"width\":2560,\"height\":716,\"caption\":\"Mylovelyrods\"},\"image\":{\"@id\":\"https:\\\/\\\/mylovelyrods.com\\\/#\\\/schema\\\/logo\\\/image\\\/\"},\"sameAs\":[\"https:\\\/\\\/m.facebook.com\\\/people\\\/Mylovelyrods\\\/100062956103344\\\/?locale=fr_FR\",\"https:\\\/\\\/www.instagram.com\\\/mylovelyrods\\\/?hl=fr\"]}]}<\/script>\n<!-- \/ Yoast SEO plugin. -->","yoast_head_json":{"title":"Blank 9' #5, 7 brins vert brillant Voyage - Rodbuilding - Mylovelyrods","description":"Blank en carbone de 9' pour soie de 5 en 7 brins pour monter une canne de voyage ou pour la randonn\u00e9e, de couleur vert brillant","robots":{"index":"index","follow":"follow","max-snippet":"max-snippet:-1","max-image-preview":"max-image-preview:large","max-video-preview":"max-video-preview:-1"},"canonical":"https:\/\/mylovelyrods.com\/index.php\/produit\/blank-9-5-7-brins-vert-brillant-voyage\/","og_locale":"fr_FR","og_type":"article","og_title":"Blank 9' #5, 7 brins vert brillant Voyage - Rodbuilding - Mylovelyrods","og_description":"Blank en carbone de 9' pour soie de 5 en 7 brins pour monter une canne de voyage ou pour la randonn\u00e9e, de couleur vert brillant","og_url":"https:\/\/mylovelyrods.com\/index.php\/produit\/blank-9-5-7-brins-vert-brillant-voyage\/","og_site_name":"Mylovelyrods","article_publisher":"https:\/\/m.facebook.com\/people\/Mylovelyrods\/100062956103344\/?locale=fr_FR","article_modified_time":"2026-02-09T07:26:17+00:00","og_image":[{"width":1234,"height":2560,"url":"https:\/\/mylovelyrods.com\/wp-content\/uploads\/2021\/02\/20210206_080201-scaled.jpg","type":"image\/jpeg"}],"twitter_card":"summary_large_image","twitter_misc":{"Dur\u00e9e de lecture estim\u00e9e":"2 minutes"},"schema":{"@context":"https:\/\/schema.org","@graph":[{"@type":"WebPage","@id":"https:\/\/mylovelyrods.com\/index.php\/produit\/blank-9-5-7-brins-vert-brillant-voyage\/","url":"https:\/\/mylovelyrods.com\/index.php\/produit\/blank-9-5-7-brins-vert-brillant-voyage\/","name":"Blank 9' #5, 7 brins vert brillant Voyage - Rodbuilding - Mylovelyrods","isPartOf":{"@id":"https:\/\/mylovelyrods.com\/#website"},"primaryImageOfPage":{"@id":"https:\/\/mylovelyrods.com\/index.php\/produit\/blank-9-5-7-brins-vert-brillant-voyage\/#primaryimage"},"image":{"@id":"https:\/\/mylovelyrods.com\/index.php\/produit\/blank-9-5-7-brins-vert-brillant-voyage\/#primaryimage"},"thumbnailUrl":"https:\/\/i0.wp.com\/mylovelyrods.com\/wp-content\/uploads\/2021\/02\/20210206_080201-scaled.jpg?fit=1234%2C2560&ssl=1","datePublished":"2021-02-06T13:21:04+00:00","dateModified":"2026-02-09T07:26:17+00:00","description":"Blank en carbone de 9' pour soie de 5 en 7 brins pour monter une canne de voyage ou pour la randonn\u00e9e, de couleur vert brillant","breadcrumb":{"@id":"https:\/\/mylovelyrods.com\/index.php\/produit\/blank-9-5-7-brins-vert-brillant-voyage\/#breadcrumb"},"inLanguage":"fr-FR","potentialAction":[{"@type":"ReadAction","target":["https:\/\/mylovelyrods.com\/index.php\/produit\/blank-9-5-7-brins-vert-brillant-voyage\/"]}]},{"@type":"ImageObject","inLanguage":"fr-FR","@id":"https:\/\/mylovelyrods.com\/index.php\/produit\/blank-9-5-7-brins-vert-brillant-voyage\/#primaryimage","url":"https:\/\/i0.wp.com\/mylovelyrods.com\/wp-content\/uploads\/2021\/02\/20210206_080201-scaled.jpg?fit=1234%2C2560&ssl=1","contentUrl":"https:\/\/i0.wp.com\/mylovelyrods.com\/wp-content\/uploads\/2021\/02\/20210206_080201-scaled.jpg?fit=1234%2C2560&ssl=1","width":1234,"height":2560},{"@type":"BreadcrumbList","@id":"https:\/\/mylovelyrods.com\/index.php\/produit\/blank-9-5-7-brins-vert-brillant-voyage\/#breadcrumb","itemListElement":[{"@type":"ListItem","position":1,"name":"Accueil","item":"https:\/\/mylovelyrods.com\/"},{"@type":"ListItem","position":2,"name":"Produits","item":"https:\/\/mylovelyrods.com\/index.php\/boutique\/"},{"@type":"ListItem","position":3,"name":"Blank 9&prime; #5, 7 brins vert brillant Voyage"}]},{"@type":"WebSite","@id":"https:\/\/mylovelyrods.com\/#website","url":"https:\/\/mylovelyrods.com\/","name":"Mylovelyrods","description":"Facteur de canne, restaurations, customisations, rodbuilding, mouches, nymphes et petit mat\u00e9riel...","publisher":{"@id":"https:\/\/mylovelyrods.com\/#organization"},"potentialAction":[{"@type":"SearchAction","target":{"@type":"EntryPoint","urlTemplate":"https:\/\/mylovelyrods.com\/?s={search_term_string}"},"query-input":{"@type":"PropertyValueSpecification","valueRequired":true,"valueName":"search_term_string"}}],"inLanguage":"fr-FR"},{"@type":"Organization","@id":"https:\/\/mylovelyrods.com\/#organization","name":"Mylovelyrods","url":"https:\/\/mylovelyrods.com\/","logo":{"@type":"ImageObject","inLanguage":"fr-FR","@id":"https:\/\/mylovelyrods.com\/#\/schema\/logo\/image\/","url":"https:\/\/mylovelyrods.com\/wp-content\/uploads\/2021\/01\/0001-scaled-e1611186770281.jpg","contentUrl":"https:\/\/mylovelyrods.com\/wp-content\/uploads\/2021\/01\/0001-scaled-e1611186770281.jpg","width":2560,"height":716,"caption":"Mylovelyrods"},"image":{"@id":"https:\/\/mylovelyrods.com\/#\/schema\/logo\/image\/"},"sameAs":["https:\/\/m.facebook.com\/people\/Mylovelyrods\/100062956103344\/?locale=fr_FR","https:\/\/www.instagram.com\/mylovelyrods\/?hl=fr"]}]}},"jetpack_sharing_enabled":true,"_links":{"self":[{"href":"https:\/\/mylovelyrods.com\/index.php\/wp-json\/wp\/v2\/product\/411","targetHints":{"allow":["GET"]}}],"collection":[{"href":"https:\/\/mylovelyrods.com\/index.php\/wp-json\/wp\/v2\/product"}],"about":[{"href":"https:\/\/mylovelyrods.com\/index.php\/wp-json\/wp\/v2\/types\/product"}],"wp:featuredmedia":[{"embeddable":true,"href":"https:\/\/mylovelyrods.com\/index.php\/wp-json\/wp\/v2\/media\/412"}],"wp:attachment":[{"href":"https:\/\/mylovelyrods.com\/index.php\/wp-json\/wp\/v2\/media?parent=411"}],"wp:term":[{"taxonomy":"product_brand","embeddable":true,"href":"https:\/\/mylovelyrods.com\/index.php\/wp-json\/wp\/v2\/product_brand?post=411"},{"taxonomy":"product_cat","embeddable":true,"href":"https:\/\/mylovelyrods.com\/index.php\/wp-json\/wp\/v2\/product_cat?post=411"},{"taxonomy":"product_tag","embeddable":true,"href":"https:\/\/mylovelyrods.com\/index.php\/wp-json\/wp\/v2\/product_tag?post=411"}],"curies":[{"name":"wp","href":"https:\/\/api.w.org\/{rel}","templated":true}]}}