{"id":434,"date":"2021-02-06T20:14:48","date_gmt":"2021-02-06T19:14:48","guid":{"rendered":"https:\/\/mylovelyrods.com\/?post_type=product&#038;p=434"},"modified":"2024-05-09T17:21:48","modified_gmt":"2024-05-09T15:21:48","slug":"porte-moulinet-mouche-skeleton","status":"publish","type":"product","link":"https:\/\/mylovelyrods.com\/index.php\/produit\/porte-moulinet-mouche-skeleton\/","title":{"rendered":"Porte moulinet mouche skeleton down locking"},"content":{"rendered":"<p>Ce Porte moulinet mouche skeleton down locking en aluminium brillant, et est \u00e9quip\u00e9 de deux bagues de serrage.<br \/>\nIl fait un poids de 15 g, par ailleurs son Diam\u00e8tre int\u00e9rieur est de 15 mm.<\/p>\n<p>Ce Porte moulinet mouche skeleton vous permettra de choisir l&rsquo;insert que vous aller y placer dessus. Par exemple en bois ou en acrylique ou en corne etc&#8230; D&rsquo;ailleurs pour un gain de poids, vous pouvez faire une insert en li\u00e8ge par exemple comme la poign\u00e9e.<\/p>\n<p>Il est \u00e9quip\u00e9 d&rsquo;une bague de finition pour le cot\u00e9 poign\u00e9e. Il ne faut pas h\u00e9siter \u00e0 mettre pas mal de colle cot\u00e9 butt. Car si vous n&rsquo;en mettez pas assez, lorsque vous allez serrer votre moulinet dans le porte moulinet, le cot\u00e9 butt peut se d\u00e9coller et donc, faire tomber le moulinet.<\/p>\n<p>Placer son porte moulinet en down locking, permet d&rsquo;am\u00e9liorer l&rsquo;\u00e9quilibre de la canne. Ainsi que de baisser le poids du moulinet \u00e0 l&rsquo;\u00e9quilibre.<\/p>\n<p>Si vous souhaitez de plus amples informations, ou alors si vous souhaitez que je vous fabrique un insert pour ce porte moulinet, n&rsquo;h\u00e9sitez donc pas \u00e0 me contacter <a href=\"https:\/\/mylovelyrods.com\/index.php\/demande-devis-contact-canne-a-peche-artisanale\/\">ICI<\/a>.<\/p>\n<p>Si vous souhaitez me suivre sur les r\u00e9seaux sociaux, alors ce sera par <a href=\"https:\/\/www.facebook.com\/pages\/category\/Sports\/Mylovelyrods-101775187859974\/\">ici<\/a> et par <a href=\"https:\/\/www.instagram.com\/mylovelyrods\/?hl=fr\">l\u00e0<\/a>.<\/p>\n","protected":false},"excerpt":{"rendered":"<p>Porte moulinet mouche skeleton down locking en aluminium brillant avec 2 bagues de serrage.<br \/>\nPoids: 15 g<br \/>\nDiam int: 15 mm<\/p>\n","protected":false},"featured_media":435,"template":"","meta":{"jetpack_post_was_ever_published":false,"_glsr_average":0,"_glsr_ranking":0,"_glsr_reviews":0},"product_brand":[],"product_cat":[54,58,43],"product_tag":[],"class_list":{"0":"post-434","1":"product","2":"type-product","3":"status-publish","4":"has-post-thumbnail","6":"product_cat-porte-moulinet-skeleton-inserts","7":"product_cat-portes-moulinets-skeleton","8":"product_cat-rodbuilding-montage-de-canne","10":"first","11":"outofstock","12":"shipping-taxable","13":"purchasable","14":"product-type-simple"},"yoast_head":"<!-- This site is optimized with the Yoast SEO plugin v27.4 - https:\/\/yoast.com\/product\/yoast-seo-wordpress\/ -->\n<title>Porte moulinet mouche skeleton down locking - Rodbuilding - Mylovelyrods<\/title>\n<meta name=\"description\" content=\"Porte moulinet mouche skeleton aluminium brillant downlocking rodbuilding mouche pour moulinet de taille de soie de 1 \u00e0 6\" \/>\n<meta name=\"robots\" content=\"index, follow, max-snippet:-1, max-image-preview:large, max-video-preview:-1\" \/>\n<link rel=\"canonical\" href=\"https:\/\/mylovelyrods.com\/index.php\/produit\/porte-moulinet-mouche-skeleton\/\" \/>\n<meta property=\"og:locale\" content=\"fr_FR\" \/>\n<meta property=\"og:type\" content=\"article\" \/>\n<meta property=\"og:title\" content=\"Porte moulinet mouche skeleton down locking - Rodbuilding - Mylovelyrods\" \/>\n<meta property=\"og:description\" content=\"Porte moulinet mouche skeleton aluminium brillant downlocking rodbuilding mouche pour moulinet de taille de soie de 1 \u00e0 6\" \/>\n<meta property=\"og:url\" content=\"https:\/\/mylovelyrods.com\/index.php\/produit\/porte-moulinet-mouche-skeleton\/\" \/>\n<meta property=\"og:site_name\" content=\"Mylovelyrods\" \/>\n<meta property=\"article:publisher\" content=\"https:\/\/m.facebook.com\/people\/Mylovelyrods\/100062956103344\/?locale=fr_FR\" \/>\n<meta property=\"article:modified_time\" content=\"2024-05-09T15:21:48+00:00\" \/>\n<meta property=\"og:image\" content=\"https:\/\/mylovelyrods.com\/wp-content\/uploads\/2021\/02\/20210205_201729-e1613045111316.jpg\" \/>\n\t<meta property=\"og:image:width\" content=\"1890\" \/>\n\t<meta property=\"og:image:height\" content=\"1066\" \/>\n\t<meta property=\"og:image:type\" content=\"image\/jpeg\" \/>\n<meta name=\"twitter:card\" content=\"summary_large_image\" \/>\n<meta name=\"twitter:label1\" content=\"Dur\u00e9e de lecture estim\u00e9e\" \/>\n\t<meta name=\"twitter:data1\" content=\"1 minute\" \/>\n<script type=\"application\/ld+json\" class=\"yoast-schema-graph\">{\"@context\":\"https:\\\/\\\/schema.org\",\"@graph\":[{\"@type\":\"WebPage\",\"@id\":\"https:\\\/\\\/mylovelyrods.com\\\/index.php\\\/produit\\\/porte-moulinet-mouche-skeleton\\\/\",\"url\":\"https:\\\/\\\/mylovelyrods.com\\\/index.php\\\/produit\\\/porte-moulinet-mouche-skeleton\\\/\",\"name\":\"Porte moulinet mouche skeleton down locking - Rodbuilding - Mylovelyrods\",\"isPartOf\":{\"@id\":\"https:\\\/\\\/mylovelyrods.com\\\/#website\"},\"primaryImageOfPage\":{\"@id\":\"https:\\\/\\\/mylovelyrods.com\\\/index.php\\\/produit\\\/porte-moulinet-mouche-skeleton\\\/#primaryimage\"},\"image\":{\"@id\":\"https:\\\/\\\/mylovelyrods.com\\\/index.php\\\/produit\\\/porte-moulinet-mouche-skeleton\\\/#primaryimage\"},\"thumbnailUrl\":\"https:\\\/\\\/i0.wp.com\\\/mylovelyrods.com\\\/wp-content\\\/uploads\\\/2021\\\/02\\\/20210205_201729-e1613045111316.jpg?fit=1890%2C1066&ssl=1\",\"datePublished\":\"2021-02-06T19:14:48+00:00\",\"dateModified\":\"2024-05-09T15:21:48+00:00\",\"description\":\"Porte moulinet mouche skeleton aluminium brillant downlocking rodbuilding mouche pour moulinet de taille de soie de 1 \u00e0 6\",\"breadcrumb\":{\"@id\":\"https:\\\/\\\/mylovelyrods.com\\\/index.php\\\/produit\\\/porte-moulinet-mouche-skeleton\\\/#breadcrumb\"},\"inLanguage\":\"fr-FR\",\"potentialAction\":[{\"@type\":\"ReadAction\",\"target\":[\"https:\\\/\\\/mylovelyrods.com\\\/index.php\\\/produit\\\/porte-moulinet-mouche-skeleton\\\/\"]}]},{\"@type\":\"ImageObject\",\"inLanguage\":\"fr-FR\",\"@id\":\"https:\\\/\\\/mylovelyrods.com\\\/index.php\\\/produit\\\/porte-moulinet-mouche-skeleton\\\/#primaryimage\",\"url\":\"https:\\\/\\\/i0.wp.com\\\/mylovelyrods.com\\\/wp-content\\\/uploads\\\/2021\\\/02\\\/20210205_201729-e1613045111316.jpg?fit=1890%2C1066&ssl=1\",\"contentUrl\":\"https:\\\/\\\/i0.wp.com\\\/mylovelyrods.com\\\/wp-content\\\/uploads\\\/2021\\\/02\\\/20210205_201729-e1613045111316.jpg?fit=1890%2C1066&ssl=1\",\"width\":1890,\"height\":1066},{\"@type\":\"BreadcrumbList\",\"@id\":\"https:\\\/\\\/mylovelyrods.com\\\/index.php\\\/produit\\\/porte-moulinet-mouche-skeleton\\\/#breadcrumb\",\"itemListElement\":[{\"@type\":\"ListItem\",\"position\":1,\"name\":\"Accueil\",\"item\":\"https:\\\/\\\/mylovelyrods.com\\\/\"},{\"@type\":\"ListItem\",\"position\":2,\"name\":\"Produits\",\"item\":\"https:\\\/\\\/mylovelyrods.com\\\/index.php\\\/boutique\\\/\"},{\"@type\":\"ListItem\",\"position\":3,\"name\":\"Porte moulinet mouche skeleton down locking\"}]},{\"@type\":\"WebSite\",\"@id\":\"https:\\\/\\\/mylovelyrods.com\\\/#website\",\"url\":\"https:\\\/\\\/mylovelyrods.com\\\/\",\"name\":\"Mylovelyrods\",\"description\":\"Facteur de canne, restaurations, customisations, rodbuilding, mouches, nymphes et petit mat\u00e9riel...\",\"publisher\":{\"@id\":\"https:\\\/\\\/mylovelyrods.com\\\/#organization\"},\"potentialAction\":[{\"@type\":\"SearchAction\",\"target\":{\"@type\":\"EntryPoint\",\"urlTemplate\":\"https:\\\/\\\/mylovelyrods.com\\\/?s={search_term_string}\"},\"query-input\":{\"@type\":\"PropertyValueSpecification\",\"valueRequired\":true,\"valueName\":\"search_term_string\"}}],\"inLanguage\":\"fr-FR\"},{\"@type\":\"Organization\",\"@id\":\"https:\\\/\\\/mylovelyrods.com\\\/#organization\",\"name\":\"Mylovelyrods\",\"url\":\"https:\\\/\\\/mylovelyrods.com\\\/\",\"logo\":{\"@type\":\"ImageObject\",\"inLanguage\":\"fr-FR\",\"@id\":\"https:\\\/\\\/mylovelyrods.com\\\/#\\\/schema\\\/logo\\\/image\\\/\",\"url\":\"https:\\\/\\\/mylovelyrods.com\\\/wp-content\\\/uploads\\\/2021\\\/01\\\/0001-scaled-e1611186770281.jpg\",\"contentUrl\":\"https:\\\/\\\/mylovelyrods.com\\\/wp-content\\\/uploads\\\/2021\\\/01\\\/0001-scaled-e1611186770281.jpg\",\"width\":2560,\"height\":716,\"caption\":\"Mylovelyrods\"},\"image\":{\"@id\":\"https:\\\/\\\/mylovelyrods.com\\\/#\\\/schema\\\/logo\\\/image\\\/\"},\"sameAs\":[\"https:\\\/\\\/m.facebook.com\\\/people\\\/Mylovelyrods\\\/100062956103344\\\/?locale=fr_FR\",\"https:\\\/\\\/www.instagram.com\\\/mylovelyrods\\\/?hl=fr\"]}]}<\/script>\n<!-- \/ Yoast SEO plugin. -->","yoast_head_json":{"title":"Porte moulinet mouche skeleton down locking - Rodbuilding - Mylovelyrods","description":"Porte moulinet mouche skeleton aluminium brillant downlocking rodbuilding mouche pour moulinet de taille de soie de 1 \u00e0 6","robots":{"index":"index","follow":"follow","max-snippet":"max-snippet:-1","max-image-preview":"max-image-preview:large","max-video-preview":"max-video-preview:-1"},"canonical":"https:\/\/mylovelyrods.com\/index.php\/produit\/porte-moulinet-mouche-skeleton\/","og_locale":"fr_FR","og_type":"article","og_title":"Porte moulinet mouche skeleton down locking - Rodbuilding - Mylovelyrods","og_description":"Porte moulinet mouche skeleton aluminium brillant downlocking rodbuilding mouche pour moulinet de taille de soie de 1 \u00e0 6","og_url":"https:\/\/mylovelyrods.com\/index.php\/produit\/porte-moulinet-mouche-skeleton\/","og_site_name":"Mylovelyrods","article_publisher":"https:\/\/m.facebook.com\/people\/Mylovelyrods\/100062956103344\/?locale=fr_FR","article_modified_time":"2024-05-09T15:21:48+00:00","og_image":[{"width":1890,"height":1066,"url":"https:\/\/mylovelyrods.com\/wp-content\/uploads\/2021\/02\/20210205_201729-e1613045111316.jpg","type":"image\/jpeg"}],"twitter_card":"summary_large_image","twitter_misc":{"Dur\u00e9e de lecture estim\u00e9e":"1 minute"},"schema":{"@context":"https:\/\/schema.org","@graph":[{"@type":"WebPage","@id":"https:\/\/mylovelyrods.com\/index.php\/produit\/porte-moulinet-mouche-skeleton\/","url":"https:\/\/mylovelyrods.com\/index.php\/produit\/porte-moulinet-mouche-skeleton\/","name":"Porte moulinet mouche skeleton down locking - Rodbuilding - Mylovelyrods","isPartOf":{"@id":"https:\/\/mylovelyrods.com\/#website"},"primaryImageOfPage":{"@id":"https:\/\/mylovelyrods.com\/index.php\/produit\/porte-moulinet-mouche-skeleton\/#primaryimage"},"image":{"@id":"https:\/\/mylovelyrods.com\/index.php\/produit\/porte-moulinet-mouche-skeleton\/#primaryimage"},"thumbnailUrl":"https:\/\/i0.wp.com\/mylovelyrods.com\/wp-content\/uploads\/2021\/02\/20210205_201729-e1613045111316.jpg?fit=1890%2C1066&ssl=1","datePublished":"2021-02-06T19:14:48+00:00","dateModified":"2024-05-09T15:21:48+00:00","description":"Porte moulinet mouche skeleton aluminium brillant downlocking rodbuilding mouche pour moulinet de taille de soie de 1 \u00e0 6","breadcrumb":{"@id":"https:\/\/mylovelyrods.com\/index.php\/produit\/porte-moulinet-mouche-skeleton\/#breadcrumb"},"inLanguage":"fr-FR","potentialAction":[{"@type":"ReadAction","target":["https:\/\/mylovelyrods.com\/index.php\/produit\/porte-moulinet-mouche-skeleton\/"]}]},{"@type":"ImageObject","inLanguage":"fr-FR","@id":"https:\/\/mylovelyrods.com\/index.php\/produit\/porte-moulinet-mouche-skeleton\/#primaryimage","url":"https:\/\/i0.wp.com\/mylovelyrods.com\/wp-content\/uploads\/2021\/02\/20210205_201729-e1613045111316.jpg?fit=1890%2C1066&ssl=1","contentUrl":"https:\/\/i0.wp.com\/mylovelyrods.com\/wp-content\/uploads\/2021\/02\/20210205_201729-e1613045111316.jpg?fit=1890%2C1066&ssl=1","width":1890,"height":1066},{"@type":"BreadcrumbList","@id":"https:\/\/mylovelyrods.com\/index.php\/produit\/porte-moulinet-mouche-skeleton\/#breadcrumb","itemListElement":[{"@type":"ListItem","position":1,"name":"Accueil","item":"https:\/\/mylovelyrods.com\/"},{"@type":"ListItem","position":2,"name":"Produits","item":"https:\/\/mylovelyrods.com\/index.php\/boutique\/"},{"@type":"ListItem","position":3,"name":"Porte moulinet mouche skeleton down locking"}]},{"@type":"WebSite","@id":"https:\/\/mylovelyrods.com\/#website","url":"https:\/\/mylovelyrods.com\/","name":"Mylovelyrods","description":"Facteur de canne, restaurations, customisations, rodbuilding, mouches, nymphes et petit mat\u00e9riel...","publisher":{"@id":"https:\/\/mylovelyrods.com\/#organization"},"potentialAction":[{"@type":"SearchAction","target":{"@type":"EntryPoint","urlTemplate":"https:\/\/mylovelyrods.com\/?s={search_term_string}"},"query-input":{"@type":"PropertyValueSpecification","valueRequired":true,"valueName":"search_term_string"}}],"inLanguage":"fr-FR"},{"@type":"Organization","@id":"https:\/\/mylovelyrods.com\/#organization","name":"Mylovelyrods","url":"https:\/\/mylovelyrods.com\/","logo":{"@type":"ImageObject","inLanguage":"fr-FR","@id":"https:\/\/mylovelyrods.com\/#\/schema\/logo\/image\/","url":"https:\/\/mylovelyrods.com\/wp-content\/uploads\/2021\/01\/0001-scaled-e1611186770281.jpg","contentUrl":"https:\/\/mylovelyrods.com\/wp-content\/uploads\/2021\/01\/0001-scaled-e1611186770281.jpg","width":2560,"height":716,"caption":"Mylovelyrods"},"image":{"@id":"https:\/\/mylovelyrods.com\/#\/schema\/logo\/image\/"},"sameAs":["https:\/\/m.facebook.com\/people\/Mylovelyrods\/100062956103344\/?locale=fr_FR","https:\/\/www.instagram.com\/mylovelyrods\/?hl=fr"]}]}},"jetpack_sharing_enabled":true,"_links":{"self":[{"href":"https:\/\/mylovelyrods.com\/index.php\/wp-json\/wp\/v2\/product\/434","targetHints":{"allow":["GET"]}}],"collection":[{"href":"https:\/\/mylovelyrods.com\/index.php\/wp-json\/wp\/v2\/product"}],"about":[{"href":"https:\/\/mylovelyrods.com\/index.php\/wp-json\/wp\/v2\/types\/product"}],"wp:featuredmedia":[{"embeddable":true,"href":"https:\/\/mylovelyrods.com\/index.php\/wp-json\/wp\/v2\/media\/435"}],"wp:attachment":[{"href":"https:\/\/mylovelyrods.com\/index.php\/wp-json\/wp\/v2\/media?parent=434"}],"wp:term":[{"taxonomy":"product_brand","embeddable":true,"href":"https:\/\/mylovelyrods.com\/index.php\/wp-json\/wp\/v2\/product_brand?post=434"},{"taxonomy":"product_cat","embeddable":true,"href":"https:\/\/mylovelyrods.com\/index.php\/wp-json\/wp\/v2\/product_cat?post=434"},{"taxonomy":"product_tag","embeddable":true,"href":"https:\/\/mylovelyrods.com\/index.php\/wp-json\/wp\/v2\/product_tag?post=434"}],"curies":[{"name":"wp","href":"https:\/\/api.w.org\/{rel}","templated":true}]}}