{"id":439,"date":"2021-02-06T20:43:55","date_gmt":"2021-02-06T19:43:55","guid":{"rendered":"https:\/\/mylovelyrods.com\/?post_type=product&#038;p=439"},"modified":"2026-02-13T22:51:20","modified_gmt":"2026-02-13T21:51:20","slug":"housse-pour-canne-10-en-4-brins","status":"publish","type":"product","link":"https:\/\/mylovelyrods.com\/index.php\/produit\/housse-pour-canne-10-en-4-brins\/","title":{"rendered":"Housse pour canne 10&prime; en 4 brins"},"content":{"rendered":"<p>Housse canne 100% coton pour canne 10&prime; en 4 brins. Cette housse pour canne 10&prime; en 4 brins est compartiment\u00e9e.<\/p>\n<p>Si vous souhaitez une housse personnalis\u00e9e et qui sera plus en harmonie avec votre nouvelle canne \u00e0 p\u00eache, n&rsquo;h\u00e9sitez pas \u00e0 me contacter <a href=\"https:\/\/mylovelyrods.com\/index.php\/demande-devis-contact-canne-a-peche-artisanale\/\">ici<\/a>.<\/p>\n<p>Voici un exemple de housse que j&rsquo;ai faite pour un client. Elle est \u00e9galement en coton, un peu plus \u00e9paisse et de meilleur qualit\u00e9, et surtout beaucoup plus jolie ;). Elle est compartiment\u00e9e, et est \u00e9quip\u00e9e de petits lacets. Une housse personnalis\u00e9e sera plus ch\u00e8re qu&rsquo;une housse classique, mais forc\u00e9ment elle sera plus qualitative et beaucoup plus belle!<\/p>\n<p><img data-recalc-dims=\"1\" loading=\"lazy\" decoding=\"async\" class=\"alignnone wp-image-1108 size-medium\" src=\"https:\/\/i0.wp.com\/mylovelyrods.com\/wp-content\/uploads\/2021\/07\/IMG_20210714_112548_125.jpg?resize=300%2C300&#038;ssl=1\" alt=\"Housse personnalis\u00e9e pour canne \" width=\"300\" height=\"300\" srcset=\"https:\/\/i0.wp.com\/mylovelyrods.com\/wp-content\/uploads\/2021\/07\/IMG_20210714_112548_125.jpg?resize=300%2C300&amp;ssl=1 300w, https:\/\/i0.wp.com\/mylovelyrods.com\/wp-content\/uploads\/2021\/07\/IMG_20210714_112548_125.jpg?resize=1024%2C1024&amp;ssl=1 1024w, https:\/\/i0.wp.com\/mylovelyrods.com\/wp-content\/uploads\/2021\/07\/IMG_20210714_112548_125.jpg?resize=150%2C150&amp;ssl=1 150w, https:\/\/i0.wp.com\/mylovelyrods.com\/wp-content\/uploads\/2021\/07\/IMG_20210714_112548_125.jpg?resize=768%2C768&amp;ssl=1 768w, https:\/\/i0.wp.com\/mylovelyrods.com\/wp-content\/uploads\/2021\/07\/IMG_20210714_112548_125.jpg?resize=600%2C600&amp;ssl=1 600w, https:\/\/i0.wp.com\/mylovelyrods.com\/wp-content\/uploads\/2021\/07\/IMG_20210714_112548_125.jpg?w=1440&amp;ssl=1 1440w\" sizes=\"auto, (max-width: 300px) 100vw, 300px\" \/><\/p>\n<p>Rien de tel pour \u00e9viter au maximum les rayures sur votre nouvelle canne \u00e0 p\u00eache, qu&rsquo;une housse qui prot\u00e8gera votre canne pour le transport ainsi que pour le stockage. Il est possible \u00e9galement de prot\u00e9ger votre canne \u00e0 p\u00eache avec un tube de protection. J&rsquo;ai plusieurs longueurs en stock, soit en fibre de verre, soit en carbone, ou bien de superbes tubes de la marque WICHWOOD! Tous ces tubes de protection sont disponibles sur mon site <a href=\"https:\/\/mylovelyrods.com\/index.php\/categorie-produit\/housse-tube-protection\/tube-de-protection\/\">ICI.<\/a><\/p>\n<p>Pour plus de renseignements n&rsquo;h\u00e9sitez pas \u00e0 me contacter <a href=\"https:\/\/mylovelyrods.com\/index.php\/demande-devis-contact-canne-a-peche-artisanale\/\">ICI<\/a>!<\/p>\n<p>Pour me suivre sur les r\u00e9seaux sociaux, ca se passe <a href=\"https:\/\/www.facebook.com\/pages\/category\/Sports\/Mylovelyrods-101775187859974\/\">ici<\/a> et <a href=\"https:\/\/www.instagram.com\/mylovelyrods\/?hl=fr\">la<\/a> :).<\/p>\n","protected":false},"excerpt":{"rendered":"<p>Housse pour canne en tissu noir compartiment\u00e9e, d&rsquo;une longueur pour des cannes allant jusqu&rsquo;a 10&prime; en 4 brins<\/p>\n","protected":false},"featured_media":436,"template":"","meta":{"jetpack_post_was_ever_published":false,"_glsr_average":0,"_glsr_ranking":0,"_glsr_reviews":0},"product_brand":[],"product_cat":[39],"product_tag":[],"class_list":{"0":"post-439","1":"product","2":"type-product","3":"status-publish","4":"has-post-thumbnail","6":"product_cat-housse-tissu","8":"first","9":"instock","10":"shipping-taxable","11":"purchasable","12":"product-type-simple"},"yoast_head":"<!-- This site is optimized with the Yoast SEO plugin v27.4 - https:\/\/yoast.com\/product\/yoast-seo-wordpress\/ -->\n<title>Housse pour canne 10&#039; en 4 brins - Rodbuilding - Mylovelyrods -<\/title>\n<meta name=\"description\" content=\"Housse pour canne en tissu noir compartiment\u00e9e, d&#039;une longueur pour des cannes allant jusqu&#039;a 10&#039; en 4 brins, 100% coton.\" \/>\n<meta name=\"robots\" content=\"index, follow, max-snippet:-1, max-image-preview:large, max-video-preview:-1\" \/>\n<link rel=\"canonical\" href=\"https:\/\/mylovelyrods.com\/index.php\/produit\/housse-pour-canne-10-en-4-brins\/\" \/>\n<meta property=\"og:locale\" content=\"fr_FR\" \/>\n<meta property=\"og:type\" content=\"article\" \/>\n<meta property=\"og:title\" content=\"Housse pour canne 10&#039; en 4 brins - Rodbuilding - Mylovelyrods -\" \/>\n<meta property=\"og:description\" content=\"Housse pour canne en tissu noir compartiment\u00e9e, d&#039;une longueur pour des cannes allant jusqu&#039;a 10&#039; en 4 brins, 100% coton.\" \/>\n<meta property=\"og:url\" content=\"https:\/\/mylovelyrods.com\/index.php\/produit\/housse-pour-canne-10-en-4-brins\/\" \/>\n<meta property=\"og:site_name\" content=\"Mylovelyrods\" \/>\n<meta property=\"article:publisher\" content=\"https:\/\/m.facebook.com\/people\/Mylovelyrods\/100062956103344\/?locale=fr_FR\" \/>\n<meta property=\"article:modified_time\" content=\"2026-02-13T21:51:20+00:00\" \/>\n<meta property=\"og:image\" content=\"https:\/\/mylovelyrods.com\/wp-content\/uploads\/2021\/02\/20210206_084225.jpg\" \/>\n\t<meta property=\"og:image:width\" content=\"2184\" \/>\n\t<meta property=\"og:image:height\" content=\"1566\" \/>\n\t<meta property=\"og:image:type\" content=\"image\/jpeg\" \/>\n<meta name=\"twitter:card\" content=\"summary_large_image\" \/>\n<meta name=\"twitter:label1\" content=\"Dur\u00e9e de lecture estim\u00e9e\" \/>\n\t<meta name=\"twitter:data1\" content=\"2 minutes\" \/>\n<script type=\"application\/ld+json\" class=\"yoast-schema-graph\">{\"@context\":\"https:\\\/\\\/schema.org\",\"@graph\":[{\"@type\":\"WebPage\",\"@id\":\"https:\\\/\\\/mylovelyrods.com\\\/index.php\\\/produit\\\/housse-pour-canne-10-en-4-brins\\\/\",\"url\":\"https:\\\/\\\/mylovelyrods.com\\\/index.php\\\/produit\\\/housse-pour-canne-10-en-4-brins\\\/\",\"name\":\"Housse pour canne 10' en 4 brins - Rodbuilding - Mylovelyrods -\",\"isPartOf\":{\"@id\":\"https:\\\/\\\/mylovelyrods.com\\\/#website\"},\"primaryImageOfPage\":{\"@id\":\"https:\\\/\\\/mylovelyrods.com\\\/index.php\\\/produit\\\/housse-pour-canne-10-en-4-brins\\\/#primaryimage\"},\"image\":{\"@id\":\"https:\\\/\\\/mylovelyrods.com\\\/index.php\\\/produit\\\/housse-pour-canne-10-en-4-brins\\\/#primaryimage\"},\"thumbnailUrl\":\"https:\\\/\\\/i0.wp.com\\\/mylovelyrods.com\\\/wp-content\\\/uploads\\\/2021\\\/02\\\/20210206_084225.jpg?fit=2184%2C1566&ssl=1\",\"datePublished\":\"2021-02-06T19:43:55+00:00\",\"dateModified\":\"2026-02-13T21:51:20+00:00\",\"description\":\"Housse pour canne en tissu noir compartiment\u00e9e, d'une longueur pour des cannes allant jusqu'a 10' en 4 brins, 100% coton.\",\"breadcrumb\":{\"@id\":\"https:\\\/\\\/mylovelyrods.com\\\/index.php\\\/produit\\\/housse-pour-canne-10-en-4-brins\\\/#breadcrumb\"},\"inLanguage\":\"fr-FR\",\"potentialAction\":[{\"@type\":\"ReadAction\",\"target\":[\"https:\\\/\\\/mylovelyrods.com\\\/index.php\\\/produit\\\/housse-pour-canne-10-en-4-brins\\\/\"]}]},{\"@type\":\"ImageObject\",\"inLanguage\":\"fr-FR\",\"@id\":\"https:\\\/\\\/mylovelyrods.com\\\/index.php\\\/produit\\\/housse-pour-canne-10-en-4-brins\\\/#primaryimage\",\"url\":\"https:\\\/\\\/i0.wp.com\\\/mylovelyrods.com\\\/wp-content\\\/uploads\\\/2021\\\/02\\\/20210206_084225.jpg?fit=2184%2C1566&ssl=1\",\"contentUrl\":\"https:\\\/\\\/i0.wp.com\\\/mylovelyrods.com\\\/wp-content\\\/uploads\\\/2021\\\/02\\\/20210206_084225.jpg?fit=2184%2C1566&ssl=1\",\"width\":2184,\"height\":1566,\"caption\":\"Housse canne 100% coton pour canne 12' en 4 brins. Cette housse pour canne 12' en 4 brins est compartiment\u00e9e.\"},{\"@type\":\"BreadcrumbList\",\"@id\":\"https:\\\/\\\/mylovelyrods.com\\\/index.php\\\/produit\\\/housse-pour-canne-10-en-4-brins\\\/#breadcrumb\",\"itemListElement\":[{\"@type\":\"ListItem\",\"position\":1,\"name\":\"Accueil\",\"item\":\"https:\\\/\\\/mylovelyrods.com\\\/\"},{\"@type\":\"ListItem\",\"position\":2,\"name\":\"Produits\",\"item\":\"https:\\\/\\\/mylovelyrods.com\\\/index.php\\\/boutique\\\/\"},{\"@type\":\"ListItem\",\"position\":3,\"name\":\"Housse pour canne 10&prime; en 4 brins\"}]},{\"@type\":\"WebSite\",\"@id\":\"https:\\\/\\\/mylovelyrods.com\\\/#website\",\"url\":\"https:\\\/\\\/mylovelyrods.com\\\/\",\"name\":\"Mylovelyrods\",\"description\":\"Facteur de canne, restaurations, customisations, rodbuilding, mouches, nymphes et petit mat\u00e9riel...\",\"publisher\":{\"@id\":\"https:\\\/\\\/mylovelyrods.com\\\/#organization\"},\"potentialAction\":[{\"@type\":\"SearchAction\",\"target\":{\"@type\":\"EntryPoint\",\"urlTemplate\":\"https:\\\/\\\/mylovelyrods.com\\\/?s={search_term_string}\"},\"query-input\":{\"@type\":\"PropertyValueSpecification\",\"valueRequired\":true,\"valueName\":\"search_term_string\"}}],\"inLanguage\":\"fr-FR\"},{\"@type\":\"Organization\",\"@id\":\"https:\\\/\\\/mylovelyrods.com\\\/#organization\",\"name\":\"Mylovelyrods\",\"url\":\"https:\\\/\\\/mylovelyrods.com\\\/\",\"logo\":{\"@type\":\"ImageObject\",\"inLanguage\":\"fr-FR\",\"@id\":\"https:\\\/\\\/mylovelyrods.com\\\/#\\\/schema\\\/logo\\\/image\\\/\",\"url\":\"https:\\\/\\\/mylovelyrods.com\\\/wp-content\\\/uploads\\\/2021\\\/01\\\/0001-scaled-e1611186770281.jpg\",\"contentUrl\":\"https:\\\/\\\/mylovelyrods.com\\\/wp-content\\\/uploads\\\/2021\\\/01\\\/0001-scaled-e1611186770281.jpg\",\"width\":2560,\"height\":716,\"caption\":\"Mylovelyrods\"},\"image\":{\"@id\":\"https:\\\/\\\/mylovelyrods.com\\\/#\\\/schema\\\/logo\\\/image\\\/\"},\"sameAs\":[\"https:\\\/\\\/m.facebook.com\\\/people\\\/Mylovelyrods\\\/100062956103344\\\/?locale=fr_FR\",\"https:\\\/\\\/www.instagram.com\\\/mylovelyrods\\\/?hl=fr\"]}]}<\/script>\n<!-- \/ Yoast SEO plugin. -->","yoast_head_json":{"title":"Housse pour canne 10' en 4 brins - Rodbuilding - Mylovelyrods -","description":"Housse pour canne en tissu noir compartiment\u00e9e, d'une longueur pour des cannes allant jusqu'a 10' en 4 brins, 100% coton.","robots":{"index":"index","follow":"follow","max-snippet":"max-snippet:-1","max-image-preview":"max-image-preview:large","max-video-preview":"max-video-preview:-1"},"canonical":"https:\/\/mylovelyrods.com\/index.php\/produit\/housse-pour-canne-10-en-4-brins\/","og_locale":"fr_FR","og_type":"article","og_title":"Housse pour canne 10' en 4 brins - Rodbuilding - Mylovelyrods -","og_description":"Housse pour canne en tissu noir compartiment\u00e9e, d'une longueur pour des cannes allant jusqu'a 10' en 4 brins, 100% coton.","og_url":"https:\/\/mylovelyrods.com\/index.php\/produit\/housse-pour-canne-10-en-4-brins\/","og_site_name":"Mylovelyrods","article_publisher":"https:\/\/m.facebook.com\/people\/Mylovelyrods\/100062956103344\/?locale=fr_FR","article_modified_time":"2026-02-13T21:51:20+00:00","og_image":[{"width":2184,"height":1566,"url":"https:\/\/mylovelyrods.com\/wp-content\/uploads\/2021\/02\/20210206_084225.jpg","type":"image\/jpeg"}],"twitter_card":"summary_large_image","twitter_misc":{"Dur\u00e9e de lecture estim\u00e9e":"2 minutes"},"schema":{"@context":"https:\/\/schema.org","@graph":[{"@type":"WebPage","@id":"https:\/\/mylovelyrods.com\/index.php\/produit\/housse-pour-canne-10-en-4-brins\/","url":"https:\/\/mylovelyrods.com\/index.php\/produit\/housse-pour-canne-10-en-4-brins\/","name":"Housse pour canne 10' en 4 brins - Rodbuilding - Mylovelyrods -","isPartOf":{"@id":"https:\/\/mylovelyrods.com\/#website"},"primaryImageOfPage":{"@id":"https:\/\/mylovelyrods.com\/index.php\/produit\/housse-pour-canne-10-en-4-brins\/#primaryimage"},"image":{"@id":"https:\/\/mylovelyrods.com\/index.php\/produit\/housse-pour-canne-10-en-4-brins\/#primaryimage"},"thumbnailUrl":"https:\/\/i0.wp.com\/mylovelyrods.com\/wp-content\/uploads\/2021\/02\/20210206_084225.jpg?fit=2184%2C1566&ssl=1","datePublished":"2021-02-06T19:43:55+00:00","dateModified":"2026-02-13T21:51:20+00:00","description":"Housse pour canne en tissu noir compartiment\u00e9e, d'une longueur pour des cannes allant jusqu'a 10' en 4 brins, 100% coton.","breadcrumb":{"@id":"https:\/\/mylovelyrods.com\/index.php\/produit\/housse-pour-canne-10-en-4-brins\/#breadcrumb"},"inLanguage":"fr-FR","potentialAction":[{"@type":"ReadAction","target":["https:\/\/mylovelyrods.com\/index.php\/produit\/housse-pour-canne-10-en-4-brins\/"]}]},{"@type":"ImageObject","inLanguage":"fr-FR","@id":"https:\/\/mylovelyrods.com\/index.php\/produit\/housse-pour-canne-10-en-4-brins\/#primaryimage","url":"https:\/\/i0.wp.com\/mylovelyrods.com\/wp-content\/uploads\/2021\/02\/20210206_084225.jpg?fit=2184%2C1566&ssl=1","contentUrl":"https:\/\/i0.wp.com\/mylovelyrods.com\/wp-content\/uploads\/2021\/02\/20210206_084225.jpg?fit=2184%2C1566&ssl=1","width":2184,"height":1566,"caption":"Housse canne 100% coton pour canne 12' en 4 brins. Cette housse pour canne 12' en 4 brins est compartiment\u00e9e."},{"@type":"BreadcrumbList","@id":"https:\/\/mylovelyrods.com\/index.php\/produit\/housse-pour-canne-10-en-4-brins\/#breadcrumb","itemListElement":[{"@type":"ListItem","position":1,"name":"Accueil","item":"https:\/\/mylovelyrods.com\/"},{"@type":"ListItem","position":2,"name":"Produits","item":"https:\/\/mylovelyrods.com\/index.php\/boutique\/"},{"@type":"ListItem","position":3,"name":"Housse pour canne 10&prime; en 4 brins"}]},{"@type":"WebSite","@id":"https:\/\/mylovelyrods.com\/#website","url":"https:\/\/mylovelyrods.com\/","name":"Mylovelyrods","description":"Facteur de canne, restaurations, customisations, rodbuilding, mouches, nymphes et petit mat\u00e9riel...","publisher":{"@id":"https:\/\/mylovelyrods.com\/#organization"},"potentialAction":[{"@type":"SearchAction","target":{"@type":"EntryPoint","urlTemplate":"https:\/\/mylovelyrods.com\/?s={search_term_string}"},"query-input":{"@type":"PropertyValueSpecification","valueRequired":true,"valueName":"search_term_string"}}],"inLanguage":"fr-FR"},{"@type":"Organization","@id":"https:\/\/mylovelyrods.com\/#organization","name":"Mylovelyrods","url":"https:\/\/mylovelyrods.com\/","logo":{"@type":"ImageObject","inLanguage":"fr-FR","@id":"https:\/\/mylovelyrods.com\/#\/schema\/logo\/image\/","url":"https:\/\/mylovelyrods.com\/wp-content\/uploads\/2021\/01\/0001-scaled-e1611186770281.jpg","contentUrl":"https:\/\/mylovelyrods.com\/wp-content\/uploads\/2021\/01\/0001-scaled-e1611186770281.jpg","width":2560,"height":716,"caption":"Mylovelyrods"},"image":{"@id":"https:\/\/mylovelyrods.com\/#\/schema\/logo\/image\/"},"sameAs":["https:\/\/m.facebook.com\/people\/Mylovelyrods\/100062956103344\/?locale=fr_FR","https:\/\/www.instagram.com\/mylovelyrods\/?hl=fr"]}]}},"jetpack_sharing_enabled":true,"_links":{"self":[{"href":"https:\/\/mylovelyrods.com\/index.php\/wp-json\/wp\/v2\/product\/439","targetHints":{"allow":["GET"]}}],"collection":[{"href":"https:\/\/mylovelyrods.com\/index.php\/wp-json\/wp\/v2\/product"}],"about":[{"href":"https:\/\/mylovelyrods.com\/index.php\/wp-json\/wp\/v2\/types\/product"}],"wp:featuredmedia":[{"embeddable":true,"href":"https:\/\/mylovelyrods.com\/index.php\/wp-json\/wp\/v2\/media\/436"}],"wp:attachment":[{"href":"https:\/\/mylovelyrods.com\/index.php\/wp-json\/wp\/v2\/media?parent=439"}],"wp:term":[{"taxonomy":"product_brand","embeddable":true,"href":"https:\/\/mylovelyrods.com\/index.php\/wp-json\/wp\/v2\/product_brand?post=439"},{"taxonomy":"product_cat","embeddable":true,"href":"https:\/\/mylovelyrods.com\/index.php\/wp-json\/wp\/v2\/product_cat?post=439"},{"taxonomy":"product_tag","embeddable":true,"href":"https:\/\/mylovelyrods.com\/index.php\/wp-json\/wp\/v2\/product_tag?post=439"}],"curies":[{"name":"wp","href":"https:\/\/api.w.org\/{rel}","templated":true}]}}