{"id":4980,"date":"2025-05-06T19:41:36","date_gmt":"2025-05-06T17:41:36","guid":{"rendered":"https:\/\/mylovelyrods.com\/?post_type=product&#038;p=4980"},"modified":"2025-05-06T19:43:53","modified_gmt":"2025-05-06T17:43:53","slug":"perdigone-dbl-tag","status":"publish","type":"product","link":"https:\/\/mylovelyrods.com\/index.php\/produit\/perdigone-dbl-tag\/","title":{"rendered":"Perdigone DBL Tag"},"content":{"rendered":"<p>La perdigone n&rsquo;a plus beaucoup de secret pour personne tellement elles sont devenues populaires. Elles sont redoutables! En nymphe au fil avec une canne a mouche, ou en toc nymphe, elles font des ravages, de vrais bonbons pour nos poissons ador\u00e9s.<\/p>\n<p>Perdigone, de l&rsquo;espagnol \u00ab\u00a0<em>perdig\u00f3n<\/em>\u00ab\u00a0qui signifie plomb de chasse. Elles ont toutes la particularit\u00e9 d&rsquo;avoir un corps lisse plut\u00f4t fin, et donc descendent dans la veine d&rsquo;eau plus rapidement qu&rsquo;une nymphe classique qui sera plus planante.<\/p>\n<p>La perdigone est en g\u00e9n\u00e9ral une nymphe de pleine saison, mais rien ne vous emp\u00eachera de prendre du poisson avec toutes saisons, ce n&rsquo;est pas une science exacte.<\/p>\n<p>Elles sont mont\u00e9es sur hame\u00e7on JIG, avec l&rsquo;oeuillet vers le bas, pour d\u00e9river la pointe de l&rsquo;hame\u00e7on vers le haut, cela limite donc le fait de s&rsquo;accrocher au fond. Elles sont toutes mont\u00e9es sans ardillon. Perdigone DBL Tag est mont\u00e9e avec une bille or.<\/p>\n<p>Plusieurs tailles sont disponibles.<\/p>\n<p>Perdigone DBL Tag dont les couleurs peuvent l\u00e9g\u00e8rement diff\u00e9rer de la photo.<\/p>\n<p>Si vous souhaitez une boite pour ranger ces bonbons, c&rsquo;est par <a href=\"https:\/\/mylovelyrods.com\/index.php\/produit\/boite-a-mouche-plate-100-mouches\/\">ici<\/a>!<\/p>\n<p>Si vous souhaitez me suivre sur les r\u00e9seaux sociaux c\u2019est par <a href=\"https:\/\/www.facebook.com\/pages\/category\/Sports\/Mylovelyrods-101775187859974\/\">ici<\/a> et <a href=\"https:\/\/www.instagram.com\/mylovelyrods\/?hl=fr\">l\u00e0<\/a>.<\/p>\n","protected":false},"excerpt":{"rendered":"<p>La perdigone n&rsquo;a plus beaucoup de secret pour personne tellement elles sont devenues populaires. Elles sont redoutables! En nymphe au fil avec une canne a mouche, ou en toc nymphe, elles font des ravages, de vrais bonbons pour nos poissons ador\u00e9s.<\/p>\n<p>Perdigone, de l&rsquo;espagnol \u00ab\u00a0<em>perdig\u00f3n<\/em>\u00ab\u00a0qui signifie plomb de chasse. Elles ont toutes la particularit\u00e9 d&rsquo;avoir un corps lisse plut\u00f4t fin, et donc descendent dans la veine d&rsquo;eau plus rapidement qu&rsquo;une nymphe classique qui sera plus planante.<\/p>\n<p>La perdigone est en g\u00e9n\u00e9ral une nymphe de pleine saison, mais rien ne vous emp\u00eachera de prendre du poisson avec toutes saisons, ce n&rsquo;est pas une science exacte.<\/p>\n<p>Elles sont mont\u00e9es sur hame\u00e7on JIG, avec l&rsquo;oeuillet vers le bas, pour d\u00e9river la pointe de l&rsquo;hame\u00e7on vers le haut, cela limite donc le fait de s&rsquo;accrocher au fond. Elles sont toutes mont\u00e9es sans ardillon. Perdigone DBL Tag est mont\u00e9e avec une bille or.<\/p>\n<p>Plusieurs tailles sont disponibles.<\/p>\n<p>Perdigone DBL Tag dont les couleurs peuvent l\u00e9g\u00e8rement diff\u00e9rer de la photo.<\/p>\n<p>Si vous souhaitez une boite pour ranger ces bonbons, c&rsquo;est par <a href=\"https:\/\/mylovelyrods.com\/index.php\/produit\/boite-a-mouche-plate-100-mouches\/\">ici<\/a>!<\/p>\n<p>Si vous souhaitez me suivre sur les r\u00e9seaux sociaux c\u2019est par <a href=\"https:\/\/www.facebook.com\/pages\/category\/Sports\/Mylovelyrods-101775187859974\/\">ici<\/a> et <a href=\"https:\/\/www.instagram.com\/mylovelyrods\/?hl=fr\">l\u00e0<\/a>.<\/p>\n","protected":false},"featured_media":4981,"template":"","meta":{"jetpack_post_was_ever_published":false,"_glsr_average":0,"_glsr_ranking":0,"_glsr_reviews":0},"product_brand":[],"product_cat":[41],"product_tag":[],"class_list":{"0":"post-4980","1":"product","2":"type-product","3":"status-publish","4":"has-post-thumbnail","6":"product_cat-nymphes","8":"first","9":"instock","10":"shipping-taxable","11":"purchasable","12":"product-type-variable"},"yoast_head":"<!-- This site is optimized with the Yoast SEO plugin v27.4 - https:\/\/yoast.com\/product\/yoast-seo-wordpress\/ -->\n<title>Perdigone DBL Tag - Mylovelyrods<\/title>\n<meta name=\"description\" content=\"Perdigone DBL Tag, Elles sont redoutables! En nymphe au fil avec une canne a mouche, ou en toc nymphe, elles font des ravages, de vrais bonbons!\" \/>\n<meta name=\"robots\" content=\"index, follow, max-snippet:-1, max-image-preview:large, max-video-preview:-1\" \/>\n<link rel=\"canonical\" href=\"https:\/\/mylovelyrods.com\/index.php\/produit\/perdigone-dbl-tag\/\" \/>\n<meta property=\"og:locale\" content=\"fr_FR\" \/>\n<meta property=\"og:type\" content=\"article\" \/>\n<meta property=\"og:title\" content=\"Perdigone DBL Tag - Mylovelyrods\" \/>\n<meta property=\"og:description\" content=\"Perdigone DBL Tag, Elles sont redoutables! En nymphe au fil avec une canne a mouche, ou en toc nymphe, elles font des ravages, de vrais bonbons!\" \/>\n<meta property=\"og:url\" content=\"https:\/\/mylovelyrods.com\/index.php\/produit\/perdigone-dbl-tag\/\" \/>\n<meta property=\"og:site_name\" content=\"Mylovelyrods\" \/>\n<meta property=\"article:publisher\" content=\"https:\/\/m.facebook.com\/people\/Mylovelyrods\/100062956103344\/?locale=fr_FR\" \/>\n<meta property=\"article:modified_time\" content=\"2025-05-06T17:43:53+00:00\" \/>\n<meta property=\"og:image\" content=\"https:\/\/mylovelyrods.com\/wp-content\/uploads\/2025\/05\/20250506_184631.jpg\" \/>\n\t<meta property=\"og:image:width\" content=\"1908\" \/>\n\t<meta property=\"og:image:height\" content=\"1310\" \/>\n\t<meta property=\"og:image:type\" content=\"image\/jpeg\" \/>\n<meta name=\"twitter:card\" content=\"summary_large_image\" \/>\n<meta name=\"twitter:label1\" content=\"Dur\u00e9e de lecture estim\u00e9e\" \/>\n\t<meta name=\"twitter:data1\" content=\"2 minutes\" \/>\n<script type=\"application\/ld+json\" class=\"yoast-schema-graph\">{\"@context\":\"https:\\\/\\\/schema.org\",\"@graph\":[{\"@type\":\"WebPage\",\"@id\":\"https:\\\/\\\/mylovelyrods.com\\\/index.php\\\/produit\\\/perdigone-dbl-tag\\\/\",\"url\":\"https:\\\/\\\/mylovelyrods.com\\\/index.php\\\/produit\\\/perdigone-dbl-tag\\\/\",\"name\":\"Perdigone DBL Tag - Mylovelyrods\",\"isPartOf\":{\"@id\":\"https:\\\/\\\/mylovelyrods.com\\\/#website\"},\"primaryImageOfPage\":{\"@id\":\"https:\\\/\\\/mylovelyrods.com\\\/index.php\\\/produit\\\/perdigone-dbl-tag\\\/#primaryimage\"},\"image\":{\"@id\":\"https:\\\/\\\/mylovelyrods.com\\\/index.php\\\/produit\\\/perdigone-dbl-tag\\\/#primaryimage\"},\"thumbnailUrl\":\"https:\\\/\\\/i0.wp.com\\\/mylovelyrods.com\\\/wp-content\\\/uploads\\\/2025\\\/05\\\/20250506_184631.jpg?fit=1908%2C1310&ssl=1\",\"datePublished\":\"2025-05-06T17:41:36+00:00\",\"dateModified\":\"2025-05-06T17:43:53+00:00\",\"description\":\"Perdigone DBL Tag, Elles sont redoutables! En nymphe au fil avec une canne a mouche, ou en toc nymphe, elles font des ravages, de vrais bonbons!\",\"breadcrumb\":{\"@id\":\"https:\\\/\\\/mylovelyrods.com\\\/index.php\\\/produit\\\/perdigone-dbl-tag\\\/#breadcrumb\"},\"inLanguage\":\"fr-FR\",\"potentialAction\":[{\"@type\":\"ReadAction\",\"target\":[\"https:\\\/\\\/mylovelyrods.com\\\/index.php\\\/produit\\\/perdigone-dbl-tag\\\/\"]}]},{\"@type\":\"ImageObject\",\"inLanguage\":\"fr-FR\",\"@id\":\"https:\\\/\\\/mylovelyrods.com\\\/index.php\\\/produit\\\/perdigone-dbl-tag\\\/#primaryimage\",\"url\":\"https:\\\/\\\/i0.wp.com\\\/mylovelyrods.com\\\/wp-content\\\/uploads\\\/2025\\\/05\\\/20250506_184631.jpg?fit=1908%2C1310&ssl=1\",\"contentUrl\":\"https:\\\/\\\/i0.wp.com\\\/mylovelyrods.com\\\/wp-content\\\/uploads\\\/2025\\\/05\\\/20250506_184631.jpg?fit=1908%2C1310&ssl=1\",\"width\":1908,\"height\":1310,\"caption\":\"Les perdigones n'ont plus beaucoup de secret pour personne tellement elles sont devenues populaires. Elles sont redoutables! En nymphe au fil avec une canne a mouche, ou en toc nymphe, elles font des ravages, de vrais bonbons pour nos poissons ador\u00e9s. Perdigone, de l'espagnol \\\"perdig\u00f3n\\\"qui signifie plomb de chasse. Elles ont toutes la particularit\u00e9 d'avoir un corps lisse plut\u00f4t fin, et donc descendent dans la veine d'eau plus rapidement qu'une nymphe classique qui sera plus planante.\u00a0 La perdigone est en g\u00e9n\u00e9ral une nymphe de pleine saison, mais rien ne vous emp\u00eachera de prendre du poisson avec toutes saisons, ce n'est pas une science exacte.\u00a0 Elles sont mont\u00e9es sur hame\u00e7on JIG, avec l'oeuillet vers le bas, pour d\u00e9river la pointe de l'hame\u00e7on vers le haut, cela limite donc le fait de s'accrocher au fond. Elles sont toutes mont\u00e9es sans ardillon. Plusieurs tailles sont disponibles.\"},{\"@type\":\"BreadcrumbList\",\"@id\":\"https:\\\/\\\/mylovelyrods.com\\\/index.php\\\/produit\\\/perdigone-dbl-tag\\\/#breadcrumb\",\"itemListElement\":[{\"@type\":\"ListItem\",\"position\":1,\"name\":\"Accueil\",\"item\":\"https:\\\/\\\/mylovelyrods.com\\\/\"},{\"@type\":\"ListItem\",\"position\":2,\"name\":\"Produits\",\"item\":\"https:\\\/\\\/mylovelyrods.com\\\/index.php\\\/boutique\\\/\"},{\"@type\":\"ListItem\",\"position\":3,\"name\":\"Perdigone DBL Tag\"}]},{\"@type\":\"WebSite\",\"@id\":\"https:\\\/\\\/mylovelyrods.com\\\/#website\",\"url\":\"https:\\\/\\\/mylovelyrods.com\\\/\",\"name\":\"Mylovelyrods\",\"description\":\"Facteur de canne, restaurations, customisations, rodbuilding, mouches, nymphes et petit mat\u00e9riel...\",\"publisher\":{\"@id\":\"https:\\\/\\\/mylovelyrods.com\\\/#organization\"},\"potentialAction\":[{\"@type\":\"SearchAction\",\"target\":{\"@type\":\"EntryPoint\",\"urlTemplate\":\"https:\\\/\\\/mylovelyrods.com\\\/?s={search_term_string}\"},\"query-input\":{\"@type\":\"PropertyValueSpecification\",\"valueRequired\":true,\"valueName\":\"search_term_string\"}}],\"inLanguage\":\"fr-FR\"},{\"@type\":\"Organization\",\"@id\":\"https:\\\/\\\/mylovelyrods.com\\\/#organization\",\"name\":\"Mylovelyrods\",\"url\":\"https:\\\/\\\/mylovelyrods.com\\\/\",\"logo\":{\"@type\":\"ImageObject\",\"inLanguage\":\"fr-FR\",\"@id\":\"https:\\\/\\\/mylovelyrods.com\\\/#\\\/schema\\\/logo\\\/image\\\/\",\"url\":\"https:\\\/\\\/mylovelyrods.com\\\/wp-content\\\/uploads\\\/2021\\\/01\\\/0001-scaled-e1611186770281.jpg\",\"contentUrl\":\"https:\\\/\\\/mylovelyrods.com\\\/wp-content\\\/uploads\\\/2021\\\/01\\\/0001-scaled-e1611186770281.jpg\",\"width\":2560,\"height\":716,\"caption\":\"Mylovelyrods\"},\"image\":{\"@id\":\"https:\\\/\\\/mylovelyrods.com\\\/#\\\/schema\\\/logo\\\/image\\\/\"},\"sameAs\":[\"https:\\\/\\\/m.facebook.com\\\/people\\\/Mylovelyrods\\\/100062956103344\\\/?locale=fr_FR\",\"https:\\\/\\\/www.instagram.com\\\/mylovelyrods\\\/?hl=fr\"]}]}<\/script>\n<!-- \/ Yoast SEO plugin. -->","yoast_head_json":{"title":"Perdigone DBL Tag - Mylovelyrods","description":"Perdigone DBL Tag, Elles sont redoutables! En nymphe au fil avec une canne a mouche, ou en toc nymphe, elles font des ravages, de vrais bonbons!","robots":{"index":"index","follow":"follow","max-snippet":"max-snippet:-1","max-image-preview":"max-image-preview:large","max-video-preview":"max-video-preview:-1"},"canonical":"https:\/\/mylovelyrods.com\/index.php\/produit\/perdigone-dbl-tag\/","og_locale":"fr_FR","og_type":"article","og_title":"Perdigone DBL Tag - Mylovelyrods","og_description":"Perdigone DBL Tag, Elles sont redoutables! En nymphe au fil avec une canne a mouche, ou en toc nymphe, elles font des ravages, de vrais bonbons!","og_url":"https:\/\/mylovelyrods.com\/index.php\/produit\/perdigone-dbl-tag\/","og_site_name":"Mylovelyrods","article_publisher":"https:\/\/m.facebook.com\/people\/Mylovelyrods\/100062956103344\/?locale=fr_FR","article_modified_time":"2025-05-06T17:43:53+00:00","og_image":[{"width":1908,"height":1310,"url":"https:\/\/mylovelyrods.com\/wp-content\/uploads\/2025\/05\/20250506_184631.jpg","type":"image\/jpeg"}],"twitter_card":"summary_large_image","twitter_misc":{"Dur\u00e9e de lecture estim\u00e9e":"2 minutes"},"schema":{"@context":"https:\/\/schema.org","@graph":[{"@type":"WebPage","@id":"https:\/\/mylovelyrods.com\/index.php\/produit\/perdigone-dbl-tag\/","url":"https:\/\/mylovelyrods.com\/index.php\/produit\/perdigone-dbl-tag\/","name":"Perdigone DBL Tag - Mylovelyrods","isPartOf":{"@id":"https:\/\/mylovelyrods.com\/#website"},"primaryImageOfPage":{"@id":"https:\/\/mylovelyrods.com\/index.php\/produit\/perdigone-dbl-tag\/#primaryimage"},"image":{"@id":"https:\/\/mylovelyrods.com\/index.php\/produit\/perdigone-dbl-tag\/#primaryimage"},"thumbnailUrl":"https:\/\/i0.wp.com\/mylovelyrods.com\/wp-content\/uploads\/2025\/05\/20250506_184631.jpg?fit=1908%2C1310&ssl=1","datePublished":"2025-05-06T17:41:36+00:00","dateModified":"2025-05-06T17:43:53+00:00","description":"Perdigone DBL Tag, Elles sont redoutables! En nymphe au fil avec une canne a mouche, ou en toc nymphe, elles font des ravages, de vrais bonbons!","breadcrumb":{"@id":"https:\/\/mylovelyrods.com\/index.php\/produit\/perdigone-dbl-tag\/#breadcrumb"},"inLanguage":"fr-FR","potentialAction":[{"@type":"ReadAction","target":["https:\/\/mylovelyrods.com\/index.php\/produit\/perdigone-dbl-tag\/"]}]},{"@type":"ImageObject","inLanguage":"fr-FR","@id":"https:\/\/mylovelyrods.com\/index.php\/produit\/perdigone-dbl-tag\/#primaryimage","url":"https:\/\/i0.wp.com\/mylovelyrods.com\/wp-content\/uploads\/2025\/05\/20250506_184631.jpg?fit=1908%2C1310&ssl=1","contentUrl":"https:\/\/i0.wp.com\/mylovelyrods.com\/wp-content\/uploads\/2025\/05\/20250506_184631.jpg?fit=1908%2C1310&ssl=1","width":1908,"height":1310,"caption":"Les perdigones n'ont plus beaucoup de secret pour personne tellement elles sont devenues populaires. Elles sont redoutables! En nymphe au fil avec une canne a mouche, ou en toc nymphe, elles font des ravages, de vrais bonbons pour nos poissons ador\u00e9s. Perdigone, de l'espagnol \"perdig\u00f3n\"qui signifie plomb de chasse. Elles ont toutes la particularit\u00e9 d'avoir un corps lisse plut\u00f4t fin, et donc descendent dans la veine d'eau plus rapidement qu'une nymphe classique qui sera plus planante.\u00a0 La perdigone est en g\u00e9n\u00e9ral une nymphe de pleine saison, mais rien ne vous emp\u00eachera de prendre du poisson avec toutes saisons, ce n'est pas une science exacte.\u00a0 Elles sont mont\u00e9es sur hame\u00e7on JIG, avec l'oeuillet vers le bas, pour d\u00e9river la pointe de l'hame\u00e7on vers le haut, cela limite donc le fait de s'accrocher au fond. Elles sont toutes mont\u00e9es sans ardillon. Plusieurs tailles sont disponibles."},{"@type":"BreadcrumbList","@id":"https:\/\/mylovelyrods.com\/index.php\/produit\/perdigone-dbl-tag\/#breadcrumb","itemListElement":[{"@type":"ListItem","position":1,"name":"Accueil","item":"https:\/\/mylovelyrods.com\/"},{"@type":"ListItem","position":2,"name":"Produits","item":"https:\/\/mylovelyrods.com\/index.php\/boutique\/"},{"@type":"ListItem","position":3,"name":"Perdigone DBL Tag"}]},{"@type":"WebSite","@id":"https:\/\/mylovelyrods.com\/#website","url":"https:\/\/mylovelyrods.com\/","name":"Mylovelyrods","description":"Facteur de canne, restaurations, customisations, rodbuilding, mouches, nymphes et petit mat\u00e9riel...","publisher":{"@id":"https:\/\/mylovelyrods.com\/#organization"},"potentialAction":[{"@type":"SearchAction","target":{"@type":"EntryPoint","urlTemplate":"https:\/\/mylovelyrods.com\/?s={search_term_string}"},"query-input":{"@type":"PropertyValueSpecification","valueRequired":true,"valueName":"search_term_string"}}],"inLanguage":"fr-FR"},{"@type":"Organization","@id":"https:\/\/mylovelyrods.com\/#organization","name":"Mylovelyrods","url":"https:\/\/mylovelyrods.com\/","logo":{"@type":"ImageObject","inLanguage":"fr-FR","@id":"https:\/\/mylovelyrods.com\/#\/schema\/logo\/image\/","url":"https:\/\/mylovelyrods.com\/wp-content\/uploads\/2021\/01\/0001-scaled-e1611186770281.jpg","contentUrl":"https:\/\/mylovelyrods.com\/wp-content\/uploads\/2021\/01\/0001-scaled-e1611186770281.jpg","width":2560,"height":716,"caption":"Mylovelyrods"},"image":{"@id":"https:\/\/mylovelyrods.com\/#\/schema\/logo\/image\/"},"sameAs":["https:\/\/m.facebook.com\/people\/Mylovelyrods\/100062956103344\/?locale=fr_FR","https:\/\/www.instagram.com\/mylovelyrods\/?hl=fr"]}]}},"jetpack_sharing_enabled":true,"_links":{"self":[{"href":"https:\/\/mylovelyrods.com\/index.php\/wp-json\/wp\/v2\/product\/4980","targetHints":{"allow":["GET"]}}],"collection":[{"href":"https:\/\/mylovelyrods.com\/index.php\/wp-json\/wp\/v2\/product"}],"about":[{"href":"https:\/\/mylovelyrods.com\/index.php\/wp-json\/wp\/v2\/types\/product"}],"wp:featuredmedia":[{"embeddable":true,"href":"https:\/\/mylovelyrods.com\/index.php\/wp-json\/wp\/v2\/media\/4981"}],"wp:attachment":[{"href":"https:\/\/mylovelyrods.com\/index.php\/wp-json\/wp\/v2\/media?parent=4980"}],"wp:term":[{"taxonomy":"product_brand","embeddable":true,"href":"https:\/\/mylovelyrods.com\/index.php\/wp-json\/wp\/v2\/product_brand?post=4980"},{"taxonomy":"product_cat","embeddable":true,"href":"https:\/\/mylovelyrods.com\/index.php\/wp-json\/wp\/v2\/product_cat?post=4980"},{"taxonomy":"product_tag","embeddable":true,"href":"https:\/\/mylovelyrods.com\/index.php\/wp-json\/wp\/v2\/product_tag?post=4980"}],"curies":[{"name":"wp","href":"https:\/\/api.w.org\/{rel}","templated":true}]}}