{"id":511,"date":"2021-02-14T23:30:19","date_gmt":"2021-02-14T22:30:19","guid":{"rendered":"https:\/\/mylovelyrods.com\/?post_type=product&#038;p=511"},"modified":"2026-02-11T21:40:39","modified_gmt":"2026-02-11T20:40:39","slug":"kit-anneaux-mouche-plaquage-noir-pour-canne-jusqua-10","status":"publish","type":"product","link":"https:\/\/mylovelyrods.com\/index.php\/produit\/kit-anneaux-mouche-plaquage-noir-pour-canne-jusqua-10\/","title":{"rendered":"Kit anneaux mouche noir pour canne jusqu&rsquo;\u00e0 10&prime;"},"content":{"rendered":"<p>Kit anneaux mouche noir pour le montage de canne \u00e0 mouche. Canne allant jusqu&rsquo;\u00e0 une longueur de 10&prime; pour soie de 2 \u00e0 7 couleur plaqu\u00e9e noire.<\/p>\n<p>D\u00e9tail:<\/p>\n<p>1 anneau double patte: 8,3 mm de diam\u00e8tre int. 14,10 mm de diam\u00e8tre ext\u00e9rieur. 20 mm de hauteur, et 28 mm de longueur.<\/p>\n<p>1 anneau double patte: 6,8 mm de diam\u00e8tre int. 12mm de diametre ext\u00e9rieur. 16,2 mm de hauteur, et 23,3 mm de longueur.<\/p>\n<p>1 anneau monopatte: 7 mm de diam\u00e8tre int. 8,9 mm de diam\u00e8tre ext, et 9,2 mm de hauteur<\/p>\n<p>3 anneaux monopattes: 6,5 mm de diam\u00e8tre int, 7,9 mm de diam\u00e8tre ext, 8,15 mm de hauteur<\/p>\n<p>4 anneaux monopattes: 5,45 mm de diam\u00e8tre int, 6,87 mm de diam\u00e8tre ext, 7,4 mm de hauteur<\/p>\n<p>1 anneau de pointe: 5,9 mm de diametre int, 7,7 mm de diametre ext, 2,15 mm diametre du tube ext, 1,8 mm diametre du tube interne, et 21 mm longueur tube+anneau<\/p>\n<p>1 accroche mouche: 18,2 mm de longueur, 7,2 mm de hauteur<\/p>\n<p>Kit d&rsquo; anneaux mouche, de couleur noir pour des cannes allant jusqu&rsquo;\u00e0 10&prime;.<\/p>\n<p>Si vous souhaitez plus d&rsquo;informations alors n&rsquo;h\u00e9sitez pas \u00e0 me contacter <a href=\"https:\/\/mylovelyrods.com\/index.php\/demande-devis-contact-canne-a-peche-artisanale\/\">ici<\/a>.<\/p>\n<p>Pour me suivre sur les r\u00e9seaux sociaux c&rsquo;est par <a href=\"https:\/\/www.facebook.com\/pages\/category\/Sports\/Mylovelyrods-101775187859974\/\">ici<\/a> et <a href=\"https:\/\/www.instagram.com\/mylovelyrods\/?hl=fr\">l\u00e0<\/a>.<\/p>\n","protected":false},"excerpt":{"rendered":"<p>Kit d&rsquo;anneaux pour le montage de canne \u00e0 mouche allant jusqu&rsquo;\u00e0 une longueur de 10&prime; pour soie de 2 \u00e0 7. Couleur plaqu\u00e9e noire.<\/p>\n<p>D\u00e9tail:<\/p>\n<p>1 anneau double patte: 8,3 mm de diam\u00e8tre int. 14,10 mm de diam\u00e8tre ext\u00e9rieur. 20 mm de hauteur, 28 mm de longueur<\/p>\n<p>1 anneau double patte: 6,8 mm de diam\u00e8tre int. 12mm de diametre ext\u00e9rieur. 16,2 mm de hauteur. 23,3 mm de longueur<\/p>\n<p>1 anneau monopatte: 7 mm de diam\u00e8tre int. 8,9 mm de diam\u00e8tre ext. 9,2 mm de hauteur<\/p>\n<p>3 anneaux monopattes: 6,5 mm de diam\u00e8tre int. 7,9 mm de diam\u00e8tre ext. 8,15 mm de hauteur<\/p>\n<p>4 anneaux monopattes: 5,45 mm de diam\u00e8tre int. 6,87 mm de diam\u00e8tre ext. 7,4 mm de hauteur<\/p>\n<p>1 anneau de pointe: 5,9 mm de diametre int. 7,7 mm de diametre ext. 2,15 mm diametre du tube ext. 1,8 mm diametre du tube interne. 21 mm longueur tube+anneau<\/p>\n<p>1 accroche mouche: 18,2 mm de longueur, 7,2 mm de hauteur<\/p>\n<p>Si vous souhaitez plus d&rsquo;informations alors n&rsquo;h\u00e9sitez pas \u00e0 me contacter ici.<\/p>\n","protected":false},"featured_media":512,"template":"","meta":{"jetpack_post_was_ever_published":false,"_glsr_average":0,"_glsr_ranking":0,"_glsr_reviews":0},"product_brand":[],"product_cat":[34],"product_tag":[],"class_list":{"0":"post-511","1":"product","2":"type-product","3":"status-publish","4":"has-post-thumbnail","6":"product_cat-anneaux","8":"first","9":"instock","10":"shipping-taxable","11":"purchasable","12":"product-type-simple"},"yoast_head":"<!-- This site is optimized with the Yoast SEO plugin v27.4 - https:\/\/yoast.com\/product\/yoast-seo-wordpress\/ -->\n<title>Kit anneaux mouche noir pour canne jusqu&#039;\u00e0 10&#039; - Rodbuilding<\/title>\n<meta name=\"description\" content=\"Kit anneaux mouche noir pour le montage de canne \u00e0 mouche allant jusqu&#039;\u00e0 une longueur de 10&#039; pour soie de 2 \u00e0 7 couleur plaqu\u00e9e noir.\" \/>\n<meta name=\"robots\" content=\"index, follow, max-snippet:-1, max-image-preview:large, max-video-preview:-1\" \/>\n<link rel=\"canonical\" href=\"https:\/\/mylovelyrods.com\/index.php\/produit\/kit-anneaux-mouche-plaquage-noir-pour-canne-jusqua-10\/\" \/>\n<meta property=\"og:locale\" content=\"fr_FR\" \/>\n<meta property=\"og:type\" content=\"article\" \/>\n<meta property=\"og:title\" content=\"Kit anneaux mouche noir pour canne jusqu&#039;\u00e0 10&#039; - Rodbuilding\" \/>\n<meta property=\"og:description\" content=\"Kit anneaux mouche noir pour le montage de canne \u00e0 mouche allant jusqu&#039;\u00e0 une longueur de 10&#039; pour soie de 2 \u00e0 7 couleur plaqu\u00e9e noir.\" \/>\n<meta property=\"og:url\" content=\"https:\/\/mylovelyrods.com\/index.php\/produit\/kit-anneaux-mouche-plaquage-noir-pour-canne-jusqua-10\/\" \/>\n<meta property=\"og:site_name\" content=\"Mylovelyrods\" \/>\n<meta property=\"article:publisher\" content=\"https:\/\/m.facebook.com\/people\/Mylovelyrods\/100062956103344\/?locale=fr_FR\" \/>\n<meta property=\"article:modified_time\" content=\"2026-02-11T20:40:39+00:00\" \/>\n<meta property=\"og:image\" content=\"https:\/\/mylovelyrods.com\/wp-content\/uploads\/2021\/02\/20210206_083337.jpg\" \/>\n\t<meta property=\"og:image:width\" content=\"1983\" \/>\n\t<meta property=\"og:image:height\" content=\"1115\" \/>\n\t<meta property=\"og:image:type\" content=\"image\/jpeg\" \/>\n<meta name=\"twitter:card\" content=\"summary_large_image\" \/>\n<meta name=\"twitter:label1\" content=\"Dur\u00e9e de lecture estim\u00e9e\" \/>\n\t<meta name=\"twitter:data1\" content=\"1 minute\" \/>\n<script type=\"application\/ld+json\" class=\"yoast-schema-graph\">{\"@context\":\"https:\\\/\\\/schema.org\",\"@graph\":[{\"@type\":\"WebPage\",\"@id\":\"https:\\\/\\\/mylovelyrods.com\\\/index.php\\\/produit\\\/kit-anneaux-mouche-plaquage-noir-pour-canne-jusqua-10\\\/\",\"url\":\"https:\\\/\\\/mylovelyrods.com\\\/index.php\\\/produit\\\/kit-anneaux-mouche-plaquage-noir-pour-canne-jusqua-10\\\/\",\"name\":\"Kit anneaux mouche noir pour canne jusqu'\u00e0 10' - Rodbuilding\",\"isPartOf\":{\"@id\":\"https:\\\/\\\/mylovelyrods.com\\\/#website\"},\"primaryImageOfPage\":{\"@id\":\"https:\\\/\\\/mylovelyrods.com\\\/index.php\\\/produit\\\/kit-anneaux-mouche-plaquage-noir-pour-canne-jusqua-10\\\/#primaryimage\"},\"image\":{\"@id\":\"https:\\\/\\\/mylovelyrods.com\\\/index.php\\\/produit\\\/kit-anneaux-mouche-plaquage-noir-pour-canne-jusqua-10\\\/#primaryimage\"},\"thumbnailUrl\":\"https:\\\/\\\/i0.wp.com\\\/mylovelyrods.com\\\/wp-content\\\/uploads\\\/2021\\\/02\\\/20210206_083337.jpg?fit=1983%2C1115&ssl=1\",\"datePublished\":\"2021-02-14T22:30:19+00:00\",\"dateModified\":\"2026-02-11T20:40:39+00:00\",\"description\":\"Kit anneaux mouche noir pour le montage de canne \u00e0 mouche allant jusqu'\u00e0 une longueur de 10' pour soie de 2 \u00e0 7 couleur plaqu\u00e9e noir.\",\"breadcrumb\":{\"@id\":\"https:\\\/\\\/mylovelyrods.com\\\/index.php\\\/produit\\\/kit-anneaux-mouche-plaquage-noir-pour-canne-jusqua-10\\\/#breadcrumb\"},\"inLanguage\":\"fr-FR\",\"potentialAction\":[{\"@type\":\"ReadAction\",\"target\":[\"https:\\\/\\\/mylovelyrods.com\\\/index.php\\\/produit\\\/kit-anneaux-mouche-plaquage-noir-pour-canne-jusqua-10\\\/\"]}]},{\"@type\":\"ImageObject\",\"inLanguage\":\"fr-FR\",\"@id\":\"https:\\\/\\\/mylovelyrods.com\\\/index.php\\\/produit\\\/kit-anneaux-mouche-plaquage-noir-pour-canne-jusqua-10\\\/#primaryimage\",\"url\":\"https:\\\/\\\/i0.wp.com\\\/mylovelyrods.com\\\/wp-content\\\/uploads\\\/2021\\\/02\\\/20210206_083337.jpg?fit=1983%2C1115&ssl=1\",\"contentUrl\":\"https:\\\/\\\/i0.wp.com\\\/mylovelyrods.com\\\/wp-content\\\/uploads\\\/2021\\\/02\\\/20210206_083337.jpg?fit=1983%2C1115&ssl=1\",\"width\":1983,\"height\":1115},{\"@type\":\"BreadcrumbList\",\"@id\":\"https:\\\/\\\/mylovelyrods.com\\\/index.php\\\/produit\\\/kit-anneaux-mouche-plaquage-noir-pour-canne-jusqua-10\\\/#breadcrumb\",\"itemListElement\":[{\"@type\":\"ListItem\",\"position\":1,\"name\":\"Accueil\",\"item\":\"https:\\\/\\\/mylovelyrods.com\\\/\"},{\"@type\":\"ListItem\",\"position\":2,\"name\":\"Produits\",\"item\":\"https:\\\/\\\/mylovelyrods.com\\\/index.php\\\/boutique\\\/\"},{\"@type\":\"ListItem\",\"position\":3,\"name\":\"Kit anneaux mouche noir pour canne jusqu&rsquo;\u00e0 10&prime;\"}]},{\"@type\":\"WebSite\",\"@id\":\"https:\\\/\\\/mylovelyrods.com\\\/#website\",\"url\":\"https:\\\/\\\/mylovelyrods.com\\\/\",\"name\":\"Mylovelyrods\",\"description\":\"Facteur de canne, restaurations, customisations, rodbuilding, mouches, nymphes et petit mat\u00e9riel...\",\"publisher\":{\"@id\":\"https:\\\/\\\/mylovelyrods.com\\\/#organization\"},\"potentialAction\":[{\"@type\":\"SearchAction\",\"target\":{\"@type\":\"EntryPoint\",\"urlTemplate\":\"https:\\\/\\\/mylovelyrods.com\\\/?s={search_term_string}\"},\"query-input\":{\"@type\":\"PropertyValueSpecification\",\"valueRequired\":true,\"valueName\":\"search_term_string\"}}],\"inLanguage\":\"fr-FR\"},{\"@type\":\"Organization\",\"@id\":\"https:\\\/\\\/mylovelyrods.com\\\/#organization\",\"name\":\"Mylovelyrods\",\"url\":\"https:\\\/\\\/mylovelyrods.com\\\/\",\"logo\":{\"@type\":\"ImageObject\",\"inLanguage\":\"fr-FR\",\"@id\":\"https:\\\/\\\/mylovelyrods.com\\\/#\\\/schema\\\/logo\\\/image\\\/\",\"url\":\"https:\\\/\\\/mylovelyrods.com\\\/wp-content\\\/uploads\\\/2021\\\/01\\\/0001-scaled-e1611186770281.jpg\",\"contentUrl\":\"https:\\\/\\\/mylovelyrods.com\\\/wp-content\\\/uploads\\\/2021\\\/01\\\/0001-scaled-e1611186770281.jpg\",\"width\":2560,\"height\":716,\"caption\":\"Mylovelyrods\"},\"image\":{\"@id\":\"https:\\\/\\\/mylovelyrods.com\\\/#\\\/schema\\\/logo\\\/image\\\/\"},\"sameAs\":[\"https:\\\/\\\/m.facebook.com\\\/people\\\/Mylovelyrods\\\/100062956103344\\\/?locale=fr_FR\",\"https:\\\/\\\/www.instagram.com\\\/mylovelyrods\\\/?hl=fr\"]}]}<\/script>\n<!-- \/ Yoast SEO plugin. -->","yoast_head_json":{"title":"Kit anneaux mouche noir pour canne jusqu'\u00e0 10' - Rodbuilding","description":"Kit anneaux mouche noir pour le montage de canne \u00e0 mouche allant jusqu'\u00e0 une longueur de 10' pour soie de 2 \u00e0 7 couleur plaqu\u00e9e noir.","robots":{"index":"index","follow":"follow","max-snippet":"max-snippet:-1","max-image-preview":"max-image-preview:large","max-video-preview":"max-video-preview:-1"},"canonical":"https:\/\/mylovelyrods.com\/index.php\/produit\/kit-anneaux-mouche-plaquage-noir-pour-canne-jusqua-10\/","og_locale":"fr_FR","og_type":"article","og_title":"Kit anneaux mouche noir pour canne jusqu'\u00e0 10' - Rodbuilding","og_description":"Kit anneaux mouche noir pour le montage de canne \u00e0 mouche allant jusqu'\u00e0 une longueur de 10' pour soie de 2 \u00e0 7 couleur plaqu\u00e9e noir.","og_url":"https:\/\/mylovelyrods.com\/index.php\/produit\/kit-anneaux-mouche-plaquage-noir-pour-canne-jusqua-10\/","og_site_name":"Mylovelyrods","article_publisher":"https:\/\/m.facebook.com\/people\/Mylovelyrods\/100062956103344\/?locale=fr_FR","article_modified_time":"2026-02-11T20:40:39+00:00","og_image":[{"width":1983,"height":1115,"url":"https:\/\/mylovelyrods.com\/wp-content\/uploads\/2021\/02\/20210206_083337.jpg","type":"image\/jpeg"}],"twitter_card":"summary_large_image","twitter_misc":{"Dur\u00e9e de lecture estim\u00e9e":"1 minute"},"schema":{"@context":"https:\/\/schema.org","@graph":[{"@type":"WebPage","@id":"https:\/\/mylovelyrods.com\/index.php\/produit\/kit-anneaux-mouche-plaquage-noir-pour-canne-jusqua-10\/","url":"https:\/\/mylovelyrods.com\/index.php\/produit\/kit-anneaux-mouche-plaquage-noir-pour-canne-jusqua-10\/","name":"Kit anneaux mouche noir pour canne jusqu'\u00e0 10' - Rodbuilding","isPartOf":{"@id":"https:\/\/mylovelyrods.com\/#website"},"primaryImageOfPage":{"@id":"https:\/\/mylovelyrods.com\/index.php\/produit\/kit-anneaux-mouche-plaquage-noir-pour-canne-jusqua-10\/#primaryimage"},"image":{"@id":"https:\/\/mylovelyrods.com\/index.php\/produit\/kit-anneaux-mouche-plaquage-noir-pour-canne-jusqua-10\/#primaryimage"},"thumbnailUrl":"https:\/\/i0.wp.com\/mylovelyrods.com\/wp-content\/uploads\/2021\/02\/20210206_083337.jpg?fit=1983%2C1115&ssl=1","datePublished":"2021-02-14T22:30:19+00:00","dateModified":"2026-02-11T20:40:39+00:00","description":"Kit anneaux mouche noir pour le montage de canne \u00e0 mouche allant jusqu'\u00e0 une longueur de 10' pour soie de 2 \u00e0 7 couleur plaqu\u00e9e noir.","breadcrumb":{"@id":"https:\/\/mylovelyrods.com\/index.php\/produit\/kit-anneaux-mouche-plaquage-noir-pour-canne-jusqua-10\/#breadcrumb"},"inLanguage":"fr-FR","potentialAction":[{"@type":"ReadAction","target":["https:\/\/mylovelyrods.com\/index.php\/produit\/kit-anneaux-mouche-plaquage-noir-pour-canne-jusqua-10\/"]}]},{"@type":"ImageObject","inLanguage":"fr-FR","@id":"https:\/\/mylovelyrods.com\/index.php\/produit\/kit-anneaux-mouche-plaquage-noir-pour-canne-jusqua-10\/#primaryimage","url":"https:\/\/i0.wp.com\/mylovelyrods.com\/wp-content\/uploads\/2021\/02\/20210206_083337.jpg?fit=1983%2C1115&ssl=1","contentUrl":"https:\/\/i0.wp.com\/mylovelyrods.com\/wp-content\/uploads\/2021\/02\/20210206_083337.jpg?fit=1983%2C1115&ssl=1","width":1983,"height":1115},{"@type":"BreadcrumbList","@id":"https:\/\/mylovelyrods.com\/index.php\/produit\/kit-anneaux-mouche-plaquage-noir-pour-canne-jusqua-10\/#breadcrumb","itemListElement":[{"@type":"ListItem","position":1,"name":"Accueil","item":"https:\/\/mylovelyrods.com\/"},{"@type":"ListItem","position":2,"name":"Produits","item":"https:\/\/mylovelyrods.com\/index.php\/boutique\/"},{"@type":"ListItem","position":3,"name":"Kit anneaux mouche noir pour canne jusqu&rsquo;\u00e0 10&prime;"}]},{"@type":"WebSite","@id":"https:\/\/mylovelyrods.com\/#website","url":"https:\/\/mylovelyrods.com\/","name":"Mylovelyrods","description":"Facteur de canne, restaurations, customisations, rodbuilding, mouches, nymphes et petit mat\u00e9riel...","publisher":{"@id":"https:\/\/mylovelyrods.com\/#organization"},"potentialAction":[{"@type":"SearchAction","target":{"@type":"EntryPoint","urlTemplate":"https:\/\/mylovelyrods.com\/?s={search_term_string}"},"query-input":{"@type":"PropertyValueSpecification","valueRequired":true,"valueName":"search_term_string"}}],"inLanguage":"fr-FR"},{"@type":"Organization","@id":"https:\/\/mylovelyrods.com\/#organization","name":"Mylovelyrods","url":"https:\/\/mylovelyrods.com\/","logo":{"@type":"ImageObject","inLanguage":"fr-FR","@id":"https:\/\/mylovelyrods.com\/#\/schema\/logo\/image\/","url":"https:\/\/mylovelyrods.com\/wp-content\/uploads\/2021\/01\/0001-scaled-e1611186770281.jpg","contentUrl":"https:\/\/mylovelyrods.com\/wp-content\/uploads\/2021\/01\/0001-scaled-e1611186770281.jpg","width":2560,"height":716,"caption":"Mylovelyrods"},"image":{"@id":"https:\/\/mylovelyrods.com\/#\/schema\/logo\/image\/"},"sameAs":["https:\/\/m.facebook.com\/people\/Mylovelyrods\/100062956103344\/?locale=fr_FR","https:\/\/www.instagram.com\/mylovelyrods\/?hl=fr"]}]}},"jetpack_sharing_enabled":true,"_links":{"self":[{"href":"https:\/\/mylovelyrods.com\/index.php\/wp-json\/wp\/v2\/product\/511","targetHints":{"allow":["GET"]}}],"collection":[{"href":"https:\/\/mylovelyrods.com\/index.php\/wp-json\/wp\/v2\/product"}],"about":[{"href":"https:\/\/mylovelyrods.com\/index.php\/wp-json\/wp\/v2\/types\/product"}],"wp:featuredmedia":[{"embeddable":true,"href":"https:\/\/mylovelyrods.com\/index.php\/wp-json\/wp\/v2\/media\/512"}],"wp:attachment":[{"href":"https:\/\/mylovelyrods.com\/index.php\/wp-json\/wp\/v2\/media?parent=511"}],"wp:term":[{"taxonomy":"product_brand","embeddable":true,"href":"https:\/\/mylovelyrods.com\/index.php\/wp-json\/wp\/v2\/product_brand?post=511"},{"taxonomy":"product_cat","embeddable":true,"href":"https:\/\/mylovelyrods.com\/index.php\/wp-json\/wp\/v2\/product_cat?post=511"},{"taxonomy":"product_tag","embeddable":true,"href":"https:\/\/mylovelyrods.com\/index.php\/wp-json\/wp\/v2\/product_tag?post=511"}],"curies":[{"name":"wp","href":"https:\/\/api.w.org\/{rel}","templated":true}]}}