{"id":5165,"date":"2025-07-17T20:38:16","date_gmt":"2025-07-17T18:38:16","guid":{"rendered":"https:\/\/mylovelyrods.com\/?post_type=product&#038;p=5165"},"modified":"2026-03-25T21:45:46","modified_gmt":"2026-03-25T20:45:46","slug":"graisse-cul-de-canard","status":"publish","type":"product","link":"https:\/\/mylovelyrods.com\/index.php\/produit\/graisse-cul-de-canard\/","title":{"rendered":"Graisse Cul de Canard"},"content":{"rendered":"<p>Voici de la Graisse Cul de Canard pour am\u00e9liorer la flottaison des mouches en cul de canard comme cette <a href=\"https:\/\/mylovelyrods.com\/index.php\/produit\/mouche-seche-emergente-voilier-naturelle\/\">mouche s\u00e8che \u00e9mergeante voilier naturelle<\/a>, \u00a0ou ce <a href=\"https:\/\/mylovelyrods.com\/index.php\/produit\/mouche-seche-sedge-corps-beige\/.\">sedge corps beige<\/a> par exemple mais aussi pour des mouches s\u00e8ches classiques comme de simples <a href=\"https:\/\/mylovelyrods.com\/index.php\/produit\/mouche-seche-araignee-olive\/\">araign\u00e9es<\/a>.<\/p>\n<p>Cette Graisse Cul de Canard naturelle permettra a toutes vos mouches s\u00e8ches une meilleure flottaison. Elle est un indispensable du gilet du p\u00eacheur \u00e0 la mouche!<\/p>\n<p>Un flacon devrait vous durer bien une ann\u00e9e!<\/p>\n<p>A utiliser avec parcimonie, si vous en mettez trop, la mouche coulera!<\/p>\n<p>Pour faire un petit tour du cot\u00e9 des mouches s\u00e8che que je propose c&rsquo;est par <a href=\"https:\/\/mylovelyrods.com\/index.php\/categorie-produit\/mouches-nymphes\/mouches-seches\/\">ici.<\/a><\/p>\n<p>&nbsp;<\/p>\n<p>&nbsp;<\/p>\n","protected":false},"excerpt":{"rendered":"<p>Voici de la graisse pour am\u00e9liorer la flottaison des mouches en cul de canard comme cette <a href=\"https:\/\/mylovelyrods.com\/index.php\/produit\/mouche-seche-emergente-voilier-naturelle\/\">mouche s\u00e8che \u00e9mergeante voilier naturelle<\/a>, \u00a0ou ce <a href=\"https:\/\/mylovelyrods.com\/index.php\/produit\/mouche-seche-sedge-corps-beige\/.\">sedge corps beige<\/a> par exemple mais aussi pour des mouches s\u00e8ches classiques comme de simples <a href=\"https:\/\/mylovelyrods.com\/index.php\/produit\/mouche-seche-araignee-olive\/\">araign\u00e9es<\/a>.<\/p>\n<p>Ce gel naturel permettra a toutes vos mouches s\u00e8ches une meilleure flottaison. Il est un indispensable du gilet du p\u00eacheur \u00e0 la mouche!<\/p>\n<p>Un flacon devrait vous durer bien une ann\u00e9e!<\/p>\n<p>A utiliser avec parcimonie, si vous en mettez trop, la mouche coulera!<\/p>\n<p>Pour faire un petit tour du cot\u00e9 des mouches s\u00e8che que je propose c&rsquo;est par <a href=\"https:\/\/mylovelyrods.com\/index.php\/categorie-produit\/mouches-nymphes\/mouches-seches\/\">ici.<\/a><\/p>\n","protected":false},"featured_media":5171,"template":"","meta":{"jetpack_post_was_ever_published":false,"_glsr_average":0,"_glsr_ranking":0,"_glsr_reviews":0},"product_brand":[],"product_cat":[49],"product_tag":[],"class_list":{"0":"post-5165","1":"product","2":"type-product","3":"status-publish","4":"has-post-thumbnail","6":"product_cat-accessoires","8":"first","9":"instock","10":"shipping-taxable","11":"purchasable","12":"product-type-simple"},"yoast_head":"<!-- This site is optimized with the Yoast SEO plugin v27.4 - https:\/\/yoast.com\/product\/yoast-seo-wordpress\/ -->\n<title>Graisse Cul de Canard - Mylovelyrods<\/title>\n<meta name=\"description\" content=\"Graisse Cul de Canard pour am\u00e9liorer la flottaison des mouches s\u00e8ches. Indispensable dans le gilet du p\u00eacheur \u00e0 la mouche.\" \/>\n<meta name=\"robots\" content=\"index, follow, max-snippet:-1, max-image-preview:large, max-video-preview:-1\" \/>\n<link rel=\"canonical\" href=\"https:\/\/mylovelyrods.com\/index.php\/produit\/graisse-cul-de-canard\/\" \/>\n<meta property=\"og:locale\" content=\"fr_FR\" \/>\n<meta property=\"og:type\" content=\"article\" \/>\n<meta property=\"og:title\" content=\"Graisse Cul de Canard - Mylovelyrods\" \/>\n<meta property=\"og:description\" content=\"Graisse Cul de Canard pour am\u00e9liorer la flottaison des mouches s\u00e8ches. Indispensable dans le gilet du p\u00eacheur \u00e0 la mouche.\" \/>\n<meta property=\"og:url\" content=\"https:\/\/mylovelyrods.com\/index.php\/produit\/graisse-cul-de-canard\/\" \/>\n<meta property=\"og:site_name\" content=\"Mylovelyrods\" \/>\n<meta property=\"article:publisher\" content=\"https:\/\/m.facebook.com\/people\/Mylovelyrods\/100062956103344\/?locale=fr_FR\" \/>\n<meta property=\"article:modified_time\" content=\"2026-03-25T20:45:46+00:00\" \/>\n<meta property=\"og:image\" content=\"https:\/\/mylovelyrods.com\/wp-content\/uploads\/2025\/07\/20250717_203027.jpg\" \/>\n\t<meta property=\"og:image:width\" content=\"2388\" \/>\n\t<meta property=\"og:image:height\" content=\"1131\" \/>\n\t<meta property=\"og:image:type\" content=\"image\/jpeg\" \/>\n<meta name=\"twitter:card\" content=\"summary_large_image\" \/>\n<meta name=\"twitter:label1\" content=\"Dur\u00e9e de lecture estim\u00e9e\" \/>\n\t<meta name=\"twitter:data1\" content=\"1 minute\" \/>\n<script type=\"application\/ld+json\" class=\"yoast-schema-graph\">{\"@context\":\"https:\\\/\\\/schema.org\",\"@graph\":[{\"@type\":\"WebPage\",\"@id\":\"https:\\\/\\\/mylovelyrods.com\\\/index.php\\\/produit\\\/graisse-cul-de-canard\\\/\",\"url\":\"https:\\\/\\\/mylovelyrods.com\\\/index.php\\\/produit\\\/graisse-cul-de-canard\\\/\",\"name\":\"Graisse Cul de Canard - Mylovelyrods\",\"isPartOf\":{\"@id\":\"https:\\\/\\\/mylovelyrods.com\\\/#website\"},\"primaryImageOfPage\":{\"@id\":\"https:\\\/\\\/mylovelyrods.com\\\/index.php\\\/produit\\\/graisse-cul-de-canard\\\/#primaryimage\"},\"image\":{\"@id\":\"https:\\\/\\\/mylovelyrods.com\\\/index.php\\\/produit\\\/graisse-cul-de-canard\\\/#primaryimage\"},\"thumbnailUrl\":\"https:\\\/\\\/i0.wp.com\\\/mylovelyrods.com\\\/wp-content\\\/uploads\\\/2025\\\/07\\\/20250717_203027.jpg?fit=2388%2C1131&ssl=1\",\"datePublished\":\"2025-07-17T18:38:16+00:00\",\"dateModified\":\"2026-03-25T20:45:46+00:00\",\"description\":\"Graisse Cul de Canard pour am\u00e9liorer la flottaison des mouches s\u00e8ches. Indispensable dans le gilet du p\u00eacheur \u00e0 la mouche.\",\"breadcrumb\":{\"@id\":\"https:\\\/\\\/mylovelyrods.com\\\/index.php\\\/produit\\\/graisse-cul-de-canard\\\/#breadcrumb\"},\"inLanguage\":\"fr-FR\",\"potentialAction\":[{\"@type\":\"ReadAction\",\"target\":[\"https:\\\/\\\/mylovelyrods.com\\\/index.php\\\/produit\\\/graisse-cul-de-canard\\\/\"]}]},{\"@type\":\"ImageObject\",\"inLanguage\":\"fr-FR\",\"@id\":\"https:\\\/\\\/mylovelyrods.com\\\/index.php\\\/produit\\\/graisse-cul-de-canard\\\/#primaryimage\",\"url\":\"https:\\\/\\\/i0.wp.com\\\/mylovelyrods.com\\\/wp-content\\\/uploads\\\/2025\\\/07\\\/20250717_203027.jpg?fit=2388%2C1131&ssl=1\",\"contentUrl\":\"https:\\\/\\\/i0.wp.com\\\/mylovelyrods.com\\\/wp-content\\\/uploads\\\/2025\\\/07\\\/20250717_203027.jpg?fit=2388%2C1131&ssl=1\",\"width\":2388,\"height\":1131,\"caption\":\"Cette Graisse Cul de Canard naturelle permettra a toutes vos mouches s\u00e8ches une meilleure flottaison. Elle est un indispensable du gilet du p\u00eacheur \u00e0 la mouche!\"},{\"@type\":\"BreadcrumbList\",\"@id\":\"https:\\\/\\\/mylovelyrods.com\\\/index.php\\\/produit\\\/graisse-cul-de-canard\\\/#breadcrumb\",\"itemListElement\":[{\"@type\":\"ListItem\",\"position\":1,\"name\":\"Accueil\",\"item\":\"https:\\\/\\\/mylovelyrods.com\\\/\"},{\"@type\":\"ListItem\",\"position\":2,\"name\":\"Produits\",\"item\":\"https:\\\/\\\/mylovelyrods.com\\\/index.php\\\/boutique\\\/\"},{\"@type\":\"ListItem\",\"position\":3,\"name\":\"Graisse Cul de Canard\"}]},{\"@type\":\"WebSite\",\"@id\":\"https:\\\/\\\/mylovelyrods.com\\\/#website\",\"url\":\"https:\\\/\\\/mylovelyrods.com\\\/\",\"name\":\"Mylovelyrods\",\"description\":\"Facteur de canne, restaurations, customisations, rodbuilding, mouches, nymphes et petit mat\u00e9riel...\",\"publisher\":{\"@id\":\"https:\\\/\\\/mylovelyrods.com\\\/#organization\"},\"potentialAction\":[{\"@type\":\"SearchAction\",\"target\":{\"@type\":\"EntryPoint\",\"urlTemplate\":\"https:\\\/\\\/mylovelyrods.com\\\/?s={search_term_string}\"},\"query-input\":{\"@type\":\"PropertyValueSpecification\",\"valueRequired\":true,\"valueName\":\"search_term_string\"}}],\"inLanguage\":\"fr-FR\"},{\"@type\":\"Organization\",\"@id\":\"https:\\\/\\\/mylovelyrods.com\\\/#organization\",\"name\":\"Mylovelyrods\",\"url\":\"https:\\\/\\\/mylovelyrods.com\\\/\",\"logo\":{\"@type\":\"ImageObject\",\"inLanguage\":\"fr-FR\",\"@id\":\"https:\\\/\\\/mylovelyrods.com\\\/#\\\/schema\\\/logo\\\/image\\\/\",\"url\":\"https:\\\/\\\/mylovelyrods.com\\\/wp-content\\\/uploads\\\/2021\\\/01\\\/0001-scaled-e1611186770281.jpg\",\"contentUrl\":\"https:\\\/\\\/mylovelyrods.com\\\/wp-content\\\/uploads\\\/2021\\\/01\\\/0001-scaled-e1611186770281.jpg\",\"width\":2560,\"height\":716,\"caption\":\"Mylovelyrods\"},\"image\":{\"@id\":\"https:\\\/\\\/mylovelyrods.com\\\/#\\\/schema\\\/logo\\\/image\\\/\"},\"sameAs\":[\"https:\\\/\\\/m.facebook.com\\\/people\\\/Mylovelyrods\\\/100062956103344\\\/?locale=fr_FR\",\"https:\\\/\\\/www.instagram.com\\\/mylovelyrods\\\/?hl=fr\"]}]}<\/script>\n<!-- \/ Yoast SEO plugin. -->","yoast_head_json":{"title":"Graisse Cul de Canard - Mylovelyrods","description":"Graisse Cul de Canard pour am\u00e9liorer la flottaison des mouches s\u00e8ches. Indispensable dans le gilet du p\u00eacheur \u00e0 la mouche.","robots":{"index":"index","follow":"follow","max-snippet":"max-snippet:-1","max-image-preview":"max-image-preview:large","max-video-preview":"max-video-preview:-1"},"canonical":"https:\/\/mylovelyrods.com\/index.php\/produit\/graisse-cul-de-canard\/","og_locale":"fr_FR","og_type":"article","og_title":"Graisse Cul de Canard - Mylovelyrods","og_description":"Graisse Cul de Canard pour am\u00e9liorer la flottaison des mouches s\u00e8ches. Indispensable dans le gilet du p\u00eacheur \u00e0 la mouche.","og_url":"https:\/\/mylovelyrods.com\/index.php\/produit\/graisse-cul-de-canard\/","og_site_name":"Mylovelyrods","article_publisher":"https:\/\/m.facebook.com\/people\/Mylovelyrods\/100062956103344\/?locale=fr_FR","article_modified_time":"2026-03-25T20:45:46+00:00","og_image":[{"width":2388,"height":1131,"url":"https:\/\/mylovelyrods.com\/wp-content\/uploads\/2025\/07\/20250717_203027.jpg","type":"image\/jpeg"}],"twitter_card":"summary_large_image","twitter_misc":{"Dur\u00e9e de lecture estim\u00e9e":"1 minute"},"schema":{"@context":"https:\/\/schema.org","@graph":[{"@type":"WebPage","@id":"https:\/\/mylovelyrods.com\/index.php\/produit\/graisse-cul-de-canard\/","url":"https:\/\/mylovelyrods.com\/index.php\/produit\/graisse-cul-de-canard\/","name":"Graisse Cul de Canard - Mylovelyrods","isPartOf":{"@id":"https:\/\/mylovelyrods.com\/#website"},"primaryImageOfPage":{"@id":"https:\/\/mylovelyrods.com\/index.php\/produit\/graisse-cul-de-canard\/#primaryimage"},"image":{"@id":"https:\/\/mylovelyrods.com\/index.php\/produit\/graisse-cul-de-canard\/#primaryimage"},"thumbnailUrl":"https:\/\/i0.wp.com\/mylovelyrods.com\/wp-content\/uploads\/2025\/07\/20250717_203027.jpg?fit=2388%2C1131&ssl=1","datePublished":"2025-07-17T18:38:16+00:00","dateModified":"2026-03-25T20:45:46+00:00","description":"Graisse Cul de Canard pour am\u00e9liorer la flottaison des mouches s\u00e8ches. Indispensable dans le gilet du p\u00eacheur \u00e0 la mouche.","breadcrumb":{"@id":"https:\/\/mylovelyrods.com\/index.php\/produit\/graisse-cul-de-canard\/#breadcrumb"},"inLanguage":"fr-FR","potentialAction":[{"@type":"ReadAction","target":["https:\/\/mylovelyrods.com\/index.php\/produit\/graisse-cul-de-canard\/"]}]},{"@type":"ImageObject","inLanguage":"fr-FR","@id":"https:\/\/mylovelyrods.com\/index.php\/produit\/graisse-cul-de-canard\/#primaryimage","url":"https:\/\/i0.wp.com\/mylovelyrods.com\/wp-content\/uploads\/2025\/07\/20250717_203027.jpg?fit=2388%2C1131&ssl=1","contentUrl":"https:\/\/i0.wp.com\/mylovelyrods.com\/wp-content\/uploads\/2025\/07\/20250717_203027.jpg?fit=2388%2C1131&ssl=1","width":2388,"height":1131,"caption":"Cette Graisse Cul de Canard naturelle permettra a toutes vos mouches s\u00e8ches une meilleure flottaison. Elle est un indispensable du gilet du p\u00eacheur \u00e0 la mouche!"},{"@type":"BreadcrumbList","@id":"https:\/\/mylovelyrods.com\/index.php\/produit\/graisse-cul-de-canard\/#breadcrumb","itemListElement":[{"@type":"ListItem","position":1,"name":"Accueil","item":"https:\/\/mylovelyrods.com\/"},{"@type":"ListItem","position":2,"name":"Produits","item":"https:\/\/mylovelyrods.com\/index.php\/boutique\/"},{"@type":"ListItem","position":3,"name":"Graisse Cul de Canard"}]},{"@type":"WebSite","@id":"https:\/\/mylovelyrods.com\/#website","url":"https:\/\/mylovelyrods.com\/","name":"Mylovelyrods","description":"Facteur de canne, restaurations, customisations, rodbuilding, mouches, nymphes et petit mat\u00e9riel...","publisher":{"@id":"https:\/\/mylovelyrods.com\/#organization"},"potentialAction":[{"@type":"SearchAction","target":{"@type":"EntryPoint","urlTemplate":"https:\/\/mylovelyrods.com\/?s={search_term_string}"},"query-input":{"@type":"PropertyValueSpecification","valueRequired":true,"valueName":"search_term_string"}}],"inLanguage":"fr-FR"},{"@type":"Organization","@id":"https:\/\/mylovelyrods.com\/#organization","name":"Mylovelyrods","url":"https:\/\/mylovelyrods.com\/","logo":{"@type":"ImageObject","inLanguage":"fr-FR","@id":"https:\/\/mylovelyrods.com\/#\/schema\/logo\/image\/","url":"https:\/\/mylovelyrods.com\/wp-content\/uploads\/2021\/01\/0001-scaled-e1611186770281.jpg","contentUrl":"https:\/\/mylovelyrods.com\/wp-content\/uploads\/2021\/01\/0001-scaled-e1611186770281.jpg","width":2560,"height":716,"caption":"Mylovelyrods"},"image":{"@id":"https:\/\/mylovelyrods.com\/#\/schema\/logo\/image\/"},"sameAs":["https:\/\/m.facebook.com\/people\/Mylovelyrods\/100062956103344\/?locale=fr_FR","https:\/\/www.instagram.com\/mylovelyrods\/?hl=fr"]}]}},"jetpack_sharing_enabled":true,"_links":{"self":[{"href":"https:\/\/mylovelyrods.com\/index.php\/wp-json\/wp\/v2\/product\/5165","targetHints":{"allow":["GET"]}}],"collection":[{"href":"https:\/\/mylovelyrods.com\/index.php\/wp-json\/wp\/v2\/product"}],"about":[{"href":"https:\/\/mylovelyrods.com\/index.php\/wp-json\/wp\/v2\/types\/product"}],"wp:featuredmedia":[{"embeddable":true,"href":"https:\/\/mylovelyrods.com\/index.php\/wp-json\/wp\/v2\/media\/5171"}],"wp:attachment":[{"href":"https:\/\/mylovelyrods.com\/index.php\/wp-json\/wp\/v2\/media?parent=5165"}],"wp:term":[{"taxonomy":"product_brand","embeddable":true,"href":"https:\/\/mylovelyrods.com\/index.php\/wp-json\/wp\/v2\/product_brand?post=5165"},{"taxonomy":"product_cat","embeddable":true,"href":"https:\/\/mylovelyrods.com\/index.php\/wp-json\/wp\/v2\/product_cat?post=5165"},{"taxonomy":"product_tag","embeddable":true,"href":"https:\/\/mylovelyrods.com\/index.php\/wp-json\/wp\/v2\/product_tag?post=5165"}],"curies":[{"name":"wp","href":"https:\/\/api.w.org\/{rel}","templated":true}]}}