{"id":5167,"date":"2025-07-17T20:57:55","date_gmt":"2025-07-17T18:57:55","guid":{"rendered":"https:\/\/mylovelyrods.com\/?post_type=product&#038;p=5167"},"modified":"2025-07-17T20:57:55","modified_gmt":"2025-07-17T18:57:55","slug":"mircro-anneau-xxs","status":"publish","type":"product","link":"https:\/\/mylovelyrods.com\/index.php\/produit\/mircro-anneau-xxs\/","title":{"rendered":"Mircro anneau XXS"},"content":{"rendered":"<p>Micro anneau XXS que j&rsquo;utilise derri\u00e8re mon indicateur de touche (que vous pouvez trouver ici). Il est minuscule (1,5mm de diam\u00e8tre) mais tr\u00e8s r\u00e9sistant (8kg), lorsque je p\u00eache en nymphe.<\/p>\n<p>Le Micro anneau XXS me permet de changer le bas de ligne sans entamer l&rsquo;indicateur de touche, bas de ligne que je change r\u00e9guli\u00e8rement selon le courant et la profondeur que je souhaite p\u00eacher<\/p>\n<p>Vous pouvez l&rsquo;utiliser \u00e9galement pour p\u00eacher en s\u00e8che nymphe, en noy\u00e9e, et m\u00eame en r\u00e9servoir.<\/p>\n","protected":false},"excerpt":{"rendered":"<p>Micro anneau XXS que j&rsquo;utilise derri\u00e8re mon indicateur de touche (que vous pouvez trouver ici). Il est minuscule (1,5mm de diam\u00e8tre) mais tr\u00e8s r\u00e9sistant (8kg), lorsque je p\u00eache en nymphe.<\/p>\n<p>Le Micro anneau XXS me permet de changer le bas de ligne sans entamer l&rsquo;indicateur de touche, bas de ligne que je change r\u00e9guli\u00e8rement selon le courant et la profondeur que je souhaite p\u00eacher<\/p>\n<p>Vous pouvez l&rsquo;utiliser \u00e9galement pour p\u00eacher en s\u00e8che nymphe, en noy\u00e9e, et m\u00eame en r\u00e9servoir.<\/p>\n","protected":false},"featured_media":5172,"template":"","meta":{"jetpack_post_was_ever_published":false,"_glsr_average":0,"_glsr_ranking":0,"_glsr_reviews":0},"product_brand":[],"product_cat":[49],"product_tag":[],"class_list":{"0":"post-5167","1":"product","2":"type-product","3":"status-publish","4":"has-post-thumbnail","6":"product_cat-accessoires","8":"first","9":"instock","10":"shipping-taxable","11":"purchasable","12":"product-type-simple"},"yoast_head":"<!-- This site is optimized with the Yoast SEO plugin v27.4 - https:\/\/yoast.com\/product\/yoast-seo-wordpress\/ -->\n<title>Mircro anneau XXS - Mylovelyrods<\/title>\n<meta name=\"description\" content=\"Le Micro anneau XXS me permet de changer le bas de ligne selon le courant et la profondeur que je souhaite p\u00eacher, sans entamer l&#039;indicateur de touche.\" \/>\n<meta name=\"robots\" content=\"index, follow, max-snippet:-1, max-image-preview:large, max-video-preview:-1\" \/>\n<link rel=\"canonical\" href=\"https:\/\/mylovelyrods.com\/index.php\/produit\/mircro-anneau-xxs\/\" \/>\n<meta property=\"og:locale\" content=\"fr_FR\" \/>\n<meta property=\"og:type\" content=\"article\" \/>\n<meta property=\"og:title\" content=\"Mircro anneau XXS - Mylovelyrods\" \/>\n<meta property=\"og:description\" content=\"Le Micro anneau XXS me permet de changer le bas de ligne selon le courant et la profondeur que je souhaite p\u00eacher, sans entamer l&#039;indicateur de touche.\" \/>\n<meta property=\"og:url\" content=\"https:\/\/mylovelyrods.com\/index.php\/produit\/mircro-anneau-xxs\/\" \/>\n<meta property=\"og:site_name\" content=\"Mylovelyrods\" \/>\n<meta property=\"article:publisher\" content=\"https:\/\/m.facebook.com\/people\/Mylovelyrods\/100062956103344\/?locale=fr_FR\" \/>\n<meta property=\"og:image\" content=\"https:\/\/mylovelyrods.com\/wp-content\/uploads\/2025\/07\/20250717_205416.jpg\" \/>\n\t<meta property=\"og:image:width\" content=\"1821\" \/>\n\t<meta property=\"og:image:height\" content=\"862\" \/>\n\t<meta property=\"og:image:type\" content=\"image\/jpeg\" \/>\n<meta name=\"twitter:card\" content=\"summary_large_image\" \/>\n<meta name=\"twitter:label1\" content=\"Dur\u00e9e de lecture estim\u00e9e\" \/>\n\t<meta name=\"twitter:data1\" content=\"1 minute\" \/>\n<script type=\"application\/ld+json\" class=\"yoast-schema-graph\">{\"@context\":\"https:\\\/\\\/schema.org\",\"@graph\":[{\"@type\":\"WebPage\",\"@id\":\"https:\\\/\\\/mylovelyrods.com\\\/index.php\\\/produit\\\/mircro-anneau-xxs\\\/\",\"url\":\"https:\\\/\\\/mylovelyrods.com\\\/index.php\\\/produit\\\/mircro-anneau-xxs\\\/\",\"name\":\"Mircro anneau XXS - Mylovelyrods\",\"isPartOf\":{\"@id\":\"https:\\\/\\\/mylovelyrods.com\\\/#website\"},\"primaryImageOfPage\":{\"@id\":\"https:\\\/\\\/mylovelyrods.com\\\/index.php\\\/produit\\\/mircro-anneau-xxs\\\/#primaryimage\"},\"image\":{\"@id\":\"https:\\\/\\\/mylovelyrods.com\\\/index.php\\\/produit\\\/mircro-anneau-xxs\\\/#primaryimage\"},\"thumbnailUrl\":\"https:\\\/\\\/i0.wp.com\\\/mylovelyrods.com\\\/wp-content\\\/uploads\\\/2025\\\/07\\\/20250717_205416.jpg?fit=1821%2C862&ssl=1\",\"datePublished\":\"2025-07-17T18:57:55+00:00\",\"description\":\"Le Micro anneau XXS me permet de changer le bas de ligne selon le courant et la profondeur que je souhaite p\u00eacher, sans entamer l'indicateur de touche.\",\"breadcrumb\":{\"@id\":\"https:\\\/\\\/mylovelyrods.com\\\/index.php\\\/produit\\\/mircro-anneau-xxs\\\/#breadcrumb\"},\"inLanguage\":\"fr-FR\",\"potentialAction\":[{\"@type\":\"ReadAction\",\"target\":[\"https:\\\/\\\/mylovelyrods.com\\\/index.php\\\/produit\\\/mircro-anneau-xxs\\\/\"]}]},{\"@type\":\"ImageObject\",\"inLanguage\":\"fr-FR\",\"@id\":\"https:\\\/\\\/mylovelyrods.com\\\/index.php\\\/produit\\\/mircro-anneau-xxs\\\/#primaryimage\",\"url\":\"https:\\\/\\\/i0.wp.com\\\/mylovelyrods.com\\\/wp-content\\\/uploads\\\/2025\\\/07\\\/20250717_205416.jpg?fit=1821%2C862&ssl=1\",\"contentUrl\":\"https:\\\/\\\/i0.wp.com\\\/mylovelyrods.com\\\/wp-content\\\/uploads\\\/2025\\\/07\\\/20250717_205416.jpg?fit=1821%2C862&ssl=1\",\"width\":1821,\"height\":862,\"caption\":\"Micro anneau XXS que j'utilise derri\u00e8re mon indicateur de touche (que vous pouvez trouver ici). Il est minuscule (1,5mm de diam\u00e8tre) mais tr\u00e8s r\u00e9sistant (8kg), lorsque je p\u00eache en nymphe.\"},{\"@type\":\"BreadcrumbList\",\"@id\":\"https:\\\/\\\/mylovelyrods.com\\\/index.php\\\/produit\\\/mircro-anneau-xxs\\\/#breadcrumb\",\"itemListElement\":[{\"@type\":\"ListItem\",\"position\":1,\"name\":\"Accueil\",\"item\":\"https:\\\/\\\/mylovelyrods.com\\\/\"},{\"@type\":\"ListItem\",\"position\":2,\"name\":\"Produits\",\"item\":\"https:\\\/\\\/mylovelyrods.com\\\/index.php\\\/boutique\\\/\"},{\"@type\":\"ListItem\",\"position\":3,\"name\":\"Mircro anneau XXS\"}]},{\"@type\":\"WebSite\",\"@id\":\"https:\\\/\\\/mylovelyrods.com\\\/#website\",\"url\":\"https:\\\/\\\/mylovelyrods.com\\\/\",\"name\":\"Mylovelyrods\",\"description\":\"Facteur de canne, restaurations, customisations, rodbuilding, mouches, nymphes et petit mat\u00e9riel...\",\"publisher\":{\"@id\":\"https:\\\/\\\/mylovelyrods.com\\\/#organization\"},\"potentialAction\":[{\"@type\":\"SearchAction\",\"target\":{\"@type\":\"EntryPoint\",\"urlTemplate\":\"https:\\\/\\\/mylovelyrods.com\\\/?s={search_term_string}\"},\"query-input\":{\"@type\":\"PropertyValueSpecification\",\"valueRequired\":true,\"valueName\":\"search_term_string\"}}],\"inLanguage\":\"fr-FR\"},{\"@type\":\"Organization\",\"@id\":\"https:\\\/\\\/mylovelyrods.com\\\/#organization\",\"name\":\"Mylovelyrods\",\"url\":\"https:\\\/\\\/mylovelyrods.com\\\/\",\"logo\":{\"@type\":\"ImageObject\",\"inLanguage\":\"fr-FR\",\"@id\":\"https:\\\/\\\/mylovelyrods.com\\\/#\\\/schema\\\/logo\\\/image\\\/\",\"url\":\"https:\\\/\\\/mylovelyrods.com\\\/wp-content\\\/uploads\\\/2021\\\/01\\\/0001-scaled-e1611186770281.jpg\",\"contentUrl\":\"https:\\\/\\\/mylovelyrods.com\\\/wp-content\\\/uploads\\\/2021\\\/01\\\/0001-scaled-e1611186770281.jpg\",\"width\":2560,\"height\":716,\"caption\":\"Mylovelyrods\"},\"image\":{\"@id\":\"https:\\\/\\\/mylovelyrods.com\\\/#\\\/schema\\\/logo\\\/image\\\/\"},\"sameAs\":[\"https:\\\/\\\/m.facebook.com\\\/people\\\/Mylovelyrods\\\/100062956103344\\\/?locale=fr_FR\",\"https:\\\/\\\/www.instagram.com\\\/mylovelyrods\\\/?hl=fr\"]}]}<\/script>\n<!-- \/ Yoast SEO plugin. -->","yoast_head_json":{"title":"Mircro anneau XXS - Mylovelyrods","description":"Le Micro anneau XXS me permet de changer le bas de ligne selon le courant et la profondeur que je souhaite p\u00eacher, sans entamer l'indicateur de touche.","robots":{"index":"index","follow":"follow","max-snippet":"max-snippet:-1","max-image-preview":"max-image-preview:large","max-video-preview":"max-video-preview:-1"},"canonical":"https:\/\/mylovelyrods.com\/index.php\/produit\/mircro-anneau-xxs\/","og_locale":"fr_FR","og_type":"article","og_title":"Mircro anneau XXS - Mylovelyrods","og_description":"Le Micro anneau XXS me permet de changer le bas de ligne selon le courant et la profondeur que je souhaite p\u00eacher, sans entamer l'indicateur de touche.","og_url":"https:\/\/mylovelyrods.com\/index.php\/produit\/mircro-anneau-xxs\/","og_site_name":"Mylovelyrods","article_publisher":"https:\/\/m.facebook.com\/people\/Mylovelyrods\/100062956103344\/?locale=fr_FR","og_image":[{"width":1821,"height":862,"url":"https:\/\/mylovelyrods.com\/wp-content\/uploads\/2025\/07\/20250717_205416.jpg","type":"image\/jpeg"}],"twitter_card":"summary_large_image","twitter_misc":{"Dur\u00e9e de lecture estim\u00e9e":"1 minute"},"schema":{"@context":"https:\/\/schema.org","@graph":[{"@type":"WebPage","@id":"https:\/\/mylovelyrods.com\/index.php\/produit\/mircro-anneau-xxs\/","url":"https:\/\/mylovelyrods.com\/index.php\/produit\/mircro-anneau-xxs\/","name":"Mircro anneau XXS - Mylovelyrods","isPartOf":{"@id":"https:\/\/mylovelyrods.com\/#website"},"primaryImageOfPage":{"@id":"https:\/\/mylovelyrods.com\/index.php\/produit\/mircro-anneau-xxs\/#primaryimage"},"image":{"@id":"https:\/\/mylovelyrods.com\/index.php\/produit\/mircro-anneau-xxs\/#primaryimage"},"thumbnailUrl":"https:\/\/i0.wp.com\/mylovelyrods.com\/wp-content\/uploads\/2025\/07\/20250717_205416.jpg?fit=1821%2C862&ssl=1","datePublished":"2025-07-17T18:57:55+00:00","description":"Le Micro anneau XXS me permet de changer le bas de ligne selon le courant et la profondeur que je souhaite p\u00eacher, sans entamer l'indicateur de touche.","breadcrumb":{"@id":"https:\/\/mylovelyrods.com\/index.php\/produit\/mircro-anneau-xxs\/#breadcrumb"},"inLanguage":"fr-FR","potentialAction":[{"@type":"ReadAction","target":["https:\/\/mylovelyrods.com\/index.php\/produit\/mircro-anneau-xxs\/"]}]},{"@type":"ImageObject","inLanguage":"fr-FR","@id":"https:\/\/mylovelyrods.com\/index.php\/produit\/mircro-anneau-xxs\/#primaryimage","url":"https:\/\/i0.wp.com\/mylovelyrods.com\/wp-content\/uploads\/2025\/07\/20250717_205416.jpg?fit=1821%2C862&ssl=1","contentUrl":"https:\/\/i0.wp.com\/mylovelyrods.com\/wp-content\/uploads\/2025\/07\/20250717_205416.jpg?fit=1821%2C862&ssl=1","width":1821,"height":862,"caption":"Micro anneau XXS que j'utilise derri\u00e8re mon indicateur de touche (que vous pouvez trouver ici). Il est minuscule (1,5mm de diam\u00e8tre) mais tr\u00e8s r\u00e9sistant (8kg), lorsque je p\u00eache en nymphe."},{"@type":"BreadcrumbList","@id":"https:\/\/mylovelyrods.com\/index.php\/produit\/mircro-anneau-xxs\/#breadcrumb","itemListElement":[{"@type":"ListItem","position":1,"name":"Accueil","item":"https:\/\/mylovelyrods.com\/"},{"@type":"ListItem","position":2,"name":"Produits","item":"https:\/\/mylovelyrods.com\/index.php\/boutique\/"},{"@type":"ListItem","position":3,"name":"Mircro anneau XXS"}]},{"@type":"WebSite","@id":"https:\/\/mylovelyrods.com\/#website","url":"https:\/\/mylovelyrods.com\/","name":"Mylovelyrods","description":"Facteur de canne, restaurations, customisations, rodbuilding, mouches, nymphes et petit mat\u00e9riel...","publisher":{"@id":"https:\/\/mylovelyrods.com\/#organization"},"potentialAction":[{"@type":"SearchAction","target":{"@type":"EntryPoint","urlTemplate":"https:\/\/mylovelyrods.com\/?s={search_term_string}"},"query-input":{"@type":"PropertyValueSpecification","valueRequired":true,"valueName":"search_term_string"}}],"inLanguage":"fr-FR"},{"@type":"Organization","@id":"https:\/\/mylovelyrods.com\/#organization","name":"Mylovelyrods","url":"https:\/\/mylovelyrods.com\/","logo":{"@type":"ImageObject","inLanguage":"fr-FR","@id":"https:\/\/mylovelyrods.com\/#\/schema\/logo\/image\/","url":"https:\/\/mylovelyrods.com\/wp-content\/uploads\/2021\/01\/0001-scaled-e1611186770281.jpg","contentUrl":"https:\/\/mylovelyrods.com\/wp-content\/uploads\/2021\/01\/0001-scaled-e1611186770281.jpg","width":2560,"height":716,"caption":"Mylovelyrods"},"image":{"@id":"https:\/\/mylovelyrods.com\/#\/schema\/logo\/image\/"},"sameAs":["https:\/\/m.facebook.com\/people\/Mylovelyrods\/100062956103344\/?locale=fr_FR","https:\/\/www.instagram.com\/mylovelyrods\/?hl=fr"]}]}},"jetpack_sharing_enabled":true,"_links":{"self":[{"href":"https:\/\/mylovelyrods.com\/index.php\/wp-json\/wp\/v2\/product\/5167","targetHints":{"allow":["GET"]}}],"collection":[{"href":"https:\/\/mylovelyrods.com\/index.php\/wp-json\/wp\/v2\/product"}],"about":[{"href":"https:\/\/mylovelyrods.com\/index.php\/wp-json\/wp\/v2\/types\/product"}],"wp:featuredmedia":[{"embeddable":true,"href":"https:\/\/mylovelyrods.com\/index.php\/wp-json\/wp\/v2\/media\/5172"}],"wp:attachment":[{"href":"https:\/\/mylovelyrods.com\/index.php\/wp-json\/wp\/v2\/media?parent=5167"}],"wp:term":[{"taxonomy":"product_brand","embeddable":true,"href":"https:\/\/mylovelyrods.com\/index.php\/wp-json\/wp\/v2\/product_brand?post=5167"},{"taxonomy":"product_cat","embeddable":true,"href":"https:\/\/mylovelyrods.com\/index.php\/wp-json\/wp\/v2\/product_cat?post=5167"},{"taxonomy":"product_tag","embeddable":true,"href":"https:\/\/mylovelyrods.com\/index.php\/wp-json\/wp\/v2\/product_tag?post=5167"}],"curies":[{"name":"wp","href":"https:\/\/api.w.org\/{rel}","templated":true}]}}