{"id":5168,"date":"2025-07-17T20:36:40","date_gmt":"2025-07-17T18:36:40","guid":{"rendered":"https:\/\/mylovelyrods.com\/?post_type=product&#038;p=5168"},"modified":"2025-07-17T20:59:13","modified_gmt":"2025-07-17T18:59:13","slug":"indicateur-de-touche","status":"publish","type":"product","link":"https:\/\/mylovelyrods.com\/index.php\/produit\/indicateur-de-touche\/","title":{"rendered":"Indicateur de touche"},"content":{"rendered":"<p>Indicateur de touche pour la p\u00eache en nymphe au fil. Il est vraiment top et se voit parfaitement. Sa longueur est de 40 cm, et son diam\u00e8tre de 0,18mm, pour une r\u00e9sistance de 2kg.<\/p>\n<p>l&rsquo;Indicateur de touche passe du rouge fluo au noir au jaune fluo, 3 couleurs pour un meilleur contraste et donc une meilleure visibilit\u00e9. La moindre toute petite touche sera visible, et le ferrage se fera a temps. Il est bien plus fluo et plus visible que tous les fils fluos que l&rsquo;on trouve dans le commerce.<\/p>\n<p>Cette pochette contient 5 brins.<\/p>\n<p>J&rsquo;utilise un micro anneau derri\u00e8re cette indicateur de touche pour modifier mon bas de ligne facilement selon le courant et la profondeur que je souhaite p\u00eacher, ce micro anneau me permet de ne pas entamer l&rsquo;indicateur de touche. (Micro anneau que vous trouverez ici: <a href=\"https:\/\/mylovelyrods.com\/index.php\/produit\/mircro-anneau-xxs\/\">Micro Anneau XXS<\/a>)<\/p>\n","protected":false},"excerpt":{"rendered":"<p>Indicateur de touche pour la p\u00eache en nymphe au fil. Il est vraiment top et se voit parfaitement. Sa longueur est de 40 cm, et son diam\u00e8tre de 0,18mm, pour une r\u00e9sistance de 2kg.<\/p>\n<p>l&rsquo;Indicateur de touche passe du rouge fluo au noir au jaune fluo, 3 couleurs pour un meilleur contraste et donc une meilleure visibilit\u00e9. La moindre toute petite touche sera visible, et le ferrage se fera a temps. Il est bien plus fluo et plus visible que tous les fils fluos que l&rsquo;on trouve dans le commerce.<\/p>\n<p>Cette pochette contient 5 brins.<\/p>\n<p>J&rsquo;utilise un micro anneau derri\u00e8re cette indicateur de touche pour modifier mon bas de ligne facilement selon le courant et la profondeur que je souhaite p\u00eacher, ce micro anneau me permet de ne pas entamer l&rsquo;indicateur de touche. (Micro anneau que vous trouverez ici: <a href=\"https:\/\/mylovelyrods.com\/index.php\/produit\/mircro-anneau-xxs\/\">Micro Anneau XXS<\/a>)<\/p>\n","protected":false},"featured_media":5170,"template":"","meta":{"jetpack_post_was_ever_published":false,"_glsr_average":0,"_glsr_ranking":0,"_glsr_reviews":0},"product_brand":[],"product_cat":[49],"product_tag":[],"class_list":{"0":"post-5168","1":"product","2":"type-product","3":"status-publish","4":"has-post-thumbnail","6":"product_cat-accessoires","8":"first","9":"instock","10":"shipping-taxable","11":"purchasable","12":"product-type-simple"},"yoast_head":"<!-- This site is optimized with the Yoast SEO plugin v27.4 - https:\/\/yoast.com\/product\/yoast-seo-wordpress\/ -->\n<title>Indicateur de touche - Mylovelyrods<\/title>\n<meta name=\"description\" content=\"Indicateur de touche pour la p\u00eache en nymphe au fil. Il est vraiment top et se voit parfaitement. Sa longueur est de 40 cm, diam\u00e8tre de 0,18mm.\" \/>\n<meta name=\"robots\" content=\"index, follow, max-snippet:-1, max-image-preview:large, max-video-preview:-1\" \/>\n<link rel=\"canonical\" href=\"https:\/\/mylovelyrods.com\/index.php\/produit\/indicateur-de-touche\/\" \/>\n<meta property=\"og:locale\" content=\"fr_FR\" \/>\n<meta property=\"og:type\" content=\"article\" \/>\n<meta property=\"og:title\" content=\"Indicateur de touche - Mylovelyrods\" \/>\n<meta property=\"og:description\" content=\"Indicateur de touche pour la p\u00eache en nymphe au fil. Il est vraiment top et se voit parfaitement. Sa longueur est de 40 cm, diam\u00e8tre de 0,18mm.\" \/>\n<meta property=\"og:url\" content=\"https:\/\/mylovelyrods.com\/index.php\/produit\/indicateur-de-touche\/\" \/>\n<meta property=\"og:site_name\" content=\"Mylovelyrods\" \/>\n<meta property=\"article:publisher\" content=\"https:\/\/m.facebook.com\/people\/Mylovelyrods\/100062956103344\/?locale=fr_FR\" \/>\n<meta property=\"article:modified_time\" content=\"2025-07-17T18:59:13+00:00\" \/>\n<meta property=\"og:image\" content=\"https:\/\/mylovelyrods.com\/wp-content\/uploads\/2025\/07\/20250717_202939.jpg\" \/>\n\t<meta property=\"og:image:width\" content=\"1327\" \/>\n\t<meta property=\"og:image:height\" content=\"629\" \/>\n\t<meta property=\"og:image:type\" content=\"image\/jpeg\" \/>\n<meta name=\"twitter:card\" content=\"summary_large_image\" \/>\n<meta name=\"twitter:label1\" content=\"Dur\u00e9e de lecture estim\u00e9e\" \/>\n\t<meta name=\"twitter:data1\" content=\"1 minute\" \/>\n<script type=\"application\/ld+json\" class=\"yoast-schema-graph\">{\"@context\":\"https:\\\/\\\/schema.org\",\"@graph\":[{\"@type\":\"WebPage\",\"@id\":\"https:\\\/\\\/mylovelyrods.com\\\/index.php\\\/produit\\\/indicateur-de-touche\\\/\",\"url\":\"https:\\\/\\\/mylovelyrods.com\\\/index.php\\\/produit\\\/indicateur-de-touche\\\/\",\"name\":\"Indicateur de touche - Mylovelyrods\",\"isPartOf\":{\"@id\":\"https:\\\/\\\/mylovelyrods.com\\\/#website\"},\"primaryImageOfPage\":{\"@id\":\"https:\\\/\\\/mylovelyrods.com\\\/index.php\\\/produit\\\/indicateur-de-touche\\\/#primaryimage\"},\"image\":{\"@id\":\"https:\\\/\\\/mylovelyrods.com\\\/index.php\\\/produit\\\/indicateur-de-touche\\\/#primaryimage\"},\"thumbnailUrl\":\"https:\\\/\\\/i0.wp.com\\\/mylovelyrods.com\\\/wp-content\\\/uploads\\\/2025\\\/07\\\/20250717_202939.jpg?fit=1327%2C629&ssl=1\",\"datePublished\":\"2025-07-17T18:36:40+00:00\",\"dateModified\":\"2025-07-17T18:59:13+00:00\",\"description\":\"Indicateur de touche pour la p\u00eache en nymphe au fil. Il est vraiment top et se voit parfaitement. Sa longueur est de 40 cm, diam\u00e8tre de 0,18mm.\",\"breadcrumb\":{\"@id\":\"https:\\\/\\\/mylovelyrods.com\\\/index.php\\\/produit\\\/indicateur-de-touche\\\/#breadcrumb\"},\"inLanguage\":\"fr-FR\",\"potentialAction\":[{\"@type\":\"ReadAction\",\"target\":[\"https:\\\/\\\/mylovelyrods.com\\\/index.php\\\/produit\\\/indicateur-de-touche\\\/\"]}]},{\"@type\":\"ImageObject\",\"inLanguage\":\"fr-FR\",\"@id\":\"https:\\\/\\\/mylovelyrods.com\\\/index.php\\\/produit\\\/indicateur-de-touche\\\/#primaryimage\",\"url\":\"https:\\\/\\\/i0.wp.com\\\/mylovelyrods.com\\\/wp-content\\\/uploads\\\/2025\\\/07\\\/20250717_202939.jpg?fit=1327%2C629&ssl=1\",\"contentUrl\":\"https:\\\/\\\/i0.wp.com\\\/mylovelyrods.com\\\/wp-content\\\/uploads\\\/2025\\\/07\\\/20250717_202939.jpg?fit=1327%2C629&ssl=1\",\"width\":1327,\"height\":629,\"caption\":\"Indicateur de touche pour la p\u00eache en nymphe au fil. Il est vraiment top et se voit parfaitement. Sa longueur est de 40 cm, et son diam\u00e8tre de 0,18mm, pour une r\u00e9sistance de 2kg.\"},{\"@type\":\"BreadcrumbList\",\"@id\":\"https:\\\/\\\/mylovelyrods.com\\\/index.php\\\/produit\\\/indicateur-de-touche\\\/#breadcrumb\",\"itemListElement\":[{\"@type\":\"ListItem\",\"position\":1,\"name\":\"Accueil\",\"item\":\"https:\\\/\\\/mylovelyrods.com\\\/\"},{\"@type\":\"ListItem\",\"position\":2,\"name\":\"Produits\",\"item\":\"https:\\\/\\\/mylovelyrods.com\\\/index.php\\\/boutique\\\/\"},{\"@type\":\"ListItem\",\"position\":3,\"name\":\"Indicateur de touche\"}]},{\"@type\":\"WebSite\",\"@id\":\"https:\\\/\\\/mylovelyrods.com\\\/#website\",\"url\":\"https:\\\/\\\/mylovelyrods.com\\\/\",\"name\":\"Mylovelyrods\",\"description\":\"Facteur de canne, restaurations, customisations, rodbuilding, mouches, nymphes et petit mat\u00e9riel...\",\"publisher\":{\"@id\":\"https:\\\/\\\/mylovelyrods.com\\\/#organization\"},\"potentialAction\":[{\"@type\":\"SearchAction\",\"target\":{\"@type\":\"EntryPoint\",\"urlTemplate\":\"https:\\\/\\\/mylovelyrods.com\\\/?s={search_term_string}\"},\"query-input\":{\"@type\":\"PropertyValueSpecification\",\"valueRequired\":true,\"valueName\":\"search_term_string\"}}],\"inLanguage\":\"fr-FR\"},{\"@type\":\"Organization\",\"@id\":\"https:\\\/\\\/mylovelyrods.com\\\/#organization\",\"name\":\"Mylovelyrods\",\"url\":\"https:\\\/\\\/mylovelyrods.com\\\/\",\"logo\":{\"@type\":\"ImageObject\",\"inLanguage\":\"fr-FR\",\"@id\":\"https:\\\/\\\/mylovelyrods.com\\\/#\\\/schema\\\/logo\\\/image\\\/\",\"url\":\"https:\\\/\\\/mylovelyrods.com\\\/wp-content\\\/uploads\\\/2021\\\/01\\\/0001-scaled-e1611186770281.jpg\",\"contentUrl\":\"https:\\\/\\\/mylovelyrods.com\\\/wp-content\\\/uploads\\\/2021\\\/01\\\/0001-scaled-e1611186770281.jpg\",\"width\":2560,\"height\":716,\"caption\":\"Mylovelyrods\"},\"image\":{\"@id\":\"https:\\\/\\\/mylovelyrods.com\\\/#\\\/schema\\\/logo\\\/image\\\/\"},\"sameAs\":[\"https:\\\/\\\/m.facebook.com\\\/people\\\/Mylovelyrods\\\/100062956103344\\\/?locale=fr_FR\",\"https:\\\/\\\/www.instagram.com\\\/mylovelyrods\\\/?hl=fr\"]}]}<\/script>\n<!-- \/ Yoast SEO plugin. -->","yoast_head_json":{"title":"Indicateur de touche - Mylovelyrods","description":"Indicateur de touche pour la p\u00eache en nymphe au fil. Il est vraiment top et se voit parfaitement. Sa longueur est de 40 cm, diam\u00e8tre de 0,18mm.","robots":{"index":"index","follow":"follow","max-snippet":"max-snippet:-1","max-image-preview":"max-image-preview:large","max-video-preview":"max-video-preview:-1"},"canonical":"https:\/\/mylovelyrods.com\/index.php\/produit\/indicateur-de-touche\/","og_locale":"fr_FR","og_type":"article","og_title":"Indicateur de touche - Mylovelyrods","og_description":"Indicateur de touche pour la p\u00eache en nymphe au fil. Il est vraiment top et se voit parfaitement. Sa longueur est de 40 cm, diam\u00e8tre de 0,18mm.","og_url":"https:\/\/mylovelyrods.com\/index.php\/produit\/indicateur-de-touche\/","og_site_name":"Mylovelyrods","article_publisher":"https:\/\/m.facebook.com\/people\/Mylovelyrods\/100062956103344\/?locale=fr_FR","article_modified_time":"2025-07-17T18:59:13+00:00","og_image":[{"width":1327,"height":629,"url":"https:\/\/mylovelyrods.com\/wp-content\/uploads\/2025\/07\/20250717_202939.jpg","type":"image\/jpeg"}],"twitter_card":"summary_large_image","twitter_misc":{"Dur\u00e9e de lecture estim\u00e9e":"1 minute"},"schema":{"@context":"https:\/\/schema.org","@graph":[{"@type":"WebPage","@id":"https:\/\/mylovelyrods.com\/index.php\/produit\/indicateur-de-touche\/","url":"https:\/\/mylovelyrods.com\/index.php\/produit\/indicateur-de-touche\/","name":"Indicateur de touche - Mylovelyrods","isPartOf":{"@id":"https:\/\/mylovelyrods.com\/#website"},"primaryImageOfPage":{"@id":"https:\/\/mylovelyrods.com\/index.php\/produit\/indicateur-de-touche\/#primaryimage"},"image":{"@id":"https:\/\/mylovelyrods.com\/index.php\/produit\/indicateur-de-touche\/#primaryimage"},"thumbnailUrl":"https:\/\/i0.wp.com\/mylovelyrods.com\/wp-content\/uploads\/2025\/07\/20250717_202939.jpg?fit=1327%2C629&ssl=1","datePublished":"2025-07-17T18:36:40+00:00","dateModified":"2025-07-17T18:59:13+00:00","description":"Indicateur de touche pour la p\u00eache en nymphe au fil. Il est vraiment top et se voit parfaitement. Sa longueur est de 40 cm, diam\u00e8tre de 0,18mm.","breadcrumb":{"@id":"https:\/\/mylovelyrods.com\/index.php\/produit\/indicateur-de-touche\/#breadcrumb"},"inLanguage":"fr-FR","potentialAction":[{"@type":"ReadAction","target":["https:\/\/mylovelyrods.com\/index.php\/produit\/indicateur-de-touche\/"]}]},{"@type":"ImageObject","inLanguage":"fr-FR","@id":"https:\/\/mylovelyrods.com\/index.php\/produit\/indicateur-de-touche\/#primaryimage","url":"https:\/\/i0.wp.com\/mylovelyrods.com\/wp-content\/uploads\/2025\/07\/20250717_202939.jpg?fit=1327%2C629&ssl=1","contentUrl":"https:\/\/i0.wp.com\/mylovelyrods.com\/wp-content\/uploads\/2025\/07\/20250717_202939.jpg?fit=1327%2C629&ssl=1","width":1327,"height":629,"caption":"Indicateur de touche pour la p\u00eache en nymphe au fil. Il est vraiment top et se voit parfaitement. Sa longueur est de 40 cm, et son diam\u00e8tre de 0,18mm, pour une r\u00e9sistance de 2kg."},{"@type":"BreadcrumbList","@id":"https:\/\/mylovelyrods.com\/index.php\/produit\/indicateur-de-touche\/#breadcrumb","itemListElement":[{"@type":"ListItem","position":1,"name":"Accueil","item":"https:\/\/mylovelyrods.com\/"},{"@type":"ListItem","position":2,"name":"Produits","item":"https:\/\/mylovelyrods.com\/index.php\/boutique\/"},{"@type":"ListItem","position":3,"name":"Indicateur de touche"}]},{"@type":"WebSite","@id":"https:\/\/mylovelyrods.com\/#website","url":"https:\/\/mylovelyrods.com\/","name":"Mylovelyrods","description":"Facteur de canne, restaurations, customisations, rodbuilding, mouches, nymphes et petit mat\u00e9riel...","publisher":{"@id":"https:\/\/mylovelyrods.com\/#organization"},"potentialAction":[{"@type":"SearchAction","target":{"@type":"EntryPoint","urlTemplate":"https:\/\/mylovelyrods.com\/?s={search_term_string}"},"query-input":{"@type":"PropertyValueSpecification","valueRequired":true,"valueName":"search_term_string"}}],"inLanguage":"fr-FR"},{"@type":"Organization","@id":"https:\/\/mylovelyrods.com\/#organization","name":"Mylovelyrods","url":"https:\/\/mylovelyrods.com\/","logo":{"@type":"ImageObject","inLanguage":"fr-FR","@id":"https:\/\/mylovelyrods.com\/#\/schema\/logo\/image\/","url":"https:\/\/mylovelyrods.com\/wp-content\/uploads\/2021\/01\/0001-scaled-e1611186770281.jpg","contentUrl":"https:\/\/mylovelyrods.com\/wp-content\/uploads\/2021\/01\/0001-scaled-e1611186770281.jpg","width":2560,"height":716,"caption":"Mylovelyrods"},"image":{"@id":"https:\/\/mylovelyrods.com\/#\/schema\/logo\/image\/"},"sameAs":["https:\/\/m.facebook.com\/people\/Mylovelyrods\/100062956103344\/?locale=fr_FR","https:\/\/www.instagram.com\/mylovelyrods\/?hl=fr"]}]}},"jetpack_sharing_enabled":true,"_links":{"self":[{"href":"https:\/\/mylovelyrods.com\/index.php\/wp-json\/wp\/v2\/product\/5168","targetHints":{"allow":["GET"]}}],"collection":[{"href":"https:\/\/mylovelyrods.com\/index.php\/wp-json\/wp\/v2\/product"}],"about":[{"href":"https:\/\/mylovelyrods.com\/index.php\/wp-json\/wp\/v2\/types\/product"}],"wp:featuredmedia":[{"embeddable":true,"href":"https:\/\/mylovelyrods.com\/index.php\/wp-json\/wp\/v2\/media\/5170"}],"wp:attachment":[{"href":"https:\/\/mylovelyrods.com\/index.php\/wp-json\/wp\/v2\/media?parent=5168"}],"wp:term":[{"taxonomy":"product_brand","embeddable":true,"href":"https:\/\/mylovelyrods.com\/index.php\/wp-json\/wp\/v2\/product_brand?post=5168"},{"taxonomy":"product_cat","embeddable":true,"href":"https:\/\/mylovelyrods.com\/index.php\/wp-json\/wp\/v2\/product_cat?post=5168"},{"taxonomy":"product_tag","embeddable":true,"href":"https:\/\/mylovelyrods.com\/index.php\/wp-json\/wp\/v2\/product_tag?post=5168"}],"curies":[{"name":"wp","href":"https:\/\/api.w.org\/{rel}","templated":true}]}}