{"id":5173,"date":"2025-07-17T21:39:42","date_gmt":"2025-07-17T19:39:42","guid":{"rendered":"https:\/\/mylovelyrods.com\/?post_type=product&#038;p=5173"},"modified":"2026-01-31T16:22:01","modified_gmt":"2026-01-31T15:22:01","slug":"poignee-carbone-cigare","status":"publish","type":"product","link":"https:\/\/mylovelyrods.com\/index.php\/produit\/poignee-carbone-cigare\/","title":{"rendered":"Poign\u00e9e Carbone Cigare"},"content":{"rendered":"<div id=\"product-description-short-797\">\n<p>Poign\u00e9e Carbone Cigare (brut non vernis) d&rsquo;une longueur de 18 cm. Le percage est d&rsquo;environ 9mm. Le diam\u00e8tre du cot\u00e9 canne est de 16mm, le diam\u00e8tre du ventre est de 26mm, et le diam\u00e8tre du cot\u00e9 du porte moulinet est d&rsquo;environ 27mm. Le diam\u00e8tre int\u00e9rieur o\u00f9 on ins\u00e8re le porte moulinet est de 20,3mm pour une profondeur d&rsquo;environ 12mm pour le mod\u00e8le \u00e9vid\u00e9.<\/p>\n<p>Son poids est de 17g.<\/p>\n<p>Cette poign\u00e9e apporte une certaine sensibilit\u00e9 lors de la p\u00eache en nymphe, vous sentirez votre nymphe taper contre les cailloux, contrairement \u00e0 une poign\u00e9e li\u00e8ge (n&rsquo;oublions pas que le li\u00e8ge est un isolant). Si vous pr\u00e9f\u00e9rez les poign\u00e9es li\u00e8ges vous en trouverez ici: <a href=\"https:\/\/mylovelyrods.com\/index.php\/produit\/poignee-liege-cigare\/\">Poign\u00e9e li\u00e8ge<\/a><\/p>\n<p>Elle apporte \u00e9galement un certain design a votre futur montage. Elle ira tr\u00e8s bien pour des montages pour des blanks jusqu&rsquo;a soie de 7.<\/p>\n<\/div>\n","protected":false},"excerpt":{"rendered":"<p>Poign\u00e9e Carbone Cigare (brut non vernis) d&rsquo;une longueur de 18 cm. Le percage est d&rsquo;environ 9mm. Le diam\u00e8tre du cot\u00e9 canne est de 16mm, le diam\u00e8tre du ventre est de 26mm, et le diam\u00e8tre du cot\u00e9 du porte moulinet est d&rsquo;environ 27mm. Le diam\u00e8tre int\u00e9rieur o\u00f9 on ins\u00e8re le porte moulinet est de 20,3mm pour une profondeur d&rsquo;environ 12mm pour le mod\u00e8le \u00e9vid\u00e9.<\/p>\n<p>Son poids est de 17g.<\/p>\n<p>Cette poign\u00e9e apporte une certaine sensibilit\u00e9 lors de la p\u00eache en nymphe, vous sentirez votre nymphe taper contre les cailloux, contrairement \u00e0 une poign\u00e9e li\u00e8ge (n&rsquo;oublions pas que le li\u00e8ge est un isolant). Si vous pr\u00e9f\u00e9rez les poign\u00e9es li\u00e8ges vous en trouverez ici: <a href=\"https:\/\/mylovelyrods.com\/index.php\/produit\/poignee-liege-cigare\/\">Poign\u00e9e li\u00e8ge<\/a><\/p>\n<p>Elle apporte \u00e9galement un certain design a votre futur montage. Elle ira tr\u00e8s bien pour des montages pour des blanks jusqu&rsquo;a soie de 7.<\/p>\n","protected":false},"featured_media":5174,"template":"","meta":{"jetpack_post_was_ever_published":false,"_glsr_average":0,"_glsr_ranking":0,"_glsr_reviews":0},"product_brand":[],"product_cat":[51],"product_tag":[],"class_list":{"0":"post-5173","1":"product","2":"type-product","3":"status-publish","4":"has-post-thumbnail","6":"product_cat-montage-de-poignee","8":"first","9":"instock","10":"shipping-taxable","11":"purchasable","12":"product-type-variable"},"yoast_head":"<!-- This site is optimized with the Yoast SEO plugin v27.4 - https:\/\/yoast.com\/product\/yoast-seo-wordpress\/ -->\n<title>Poign\u00e9e Carbone Cigare - Mylovelyrods<\/title>\n<meta name=\"description\" content=\"Cette poign\u00e9e apporte une certaine sensibilit\u00e9 lors de la p\u00eache en nymphe, vous sentirez votre nymphe taper contre les cailloux.\" \/>\n<meta name=\"robots\" content=\"index, follow, max-snippet:-1, max-image-preview:large, max-video-preview:-1\" \/>\n<link rel=\"canonical\" href=\"https:\/\/mylovelyrods.com\/index.php\/produit\/poignee-carbone-cigare\/\" \/>\n<meta property=\"og:locale\" content=\"fr_FR\" \/>\n<meta property=\"og:type\" content=\"article\" \/>\n<meta property=\"og:title\" content=\"Poign\u00e9e Carbone Cigare - Mylovelyrods\" \/>\n<meta property=\"og:description\" content=\"Cette poign\u00e9e apporte une certaine sensibilit\u00e9 lors de la p\u00eache en nymphe, vous sentirez votre nymphe taper contre les cailloux.\" \/>\n<meta property=\"og:url\" content=\"https:\/\/mylovelyrods.com\/index.php\/produit\/poignee-carbone-cigare\/\" \/>\n<meta property=\"og:site_name\" content=\"Mylovelyrods\" \/>\n<meta property=\"article:publisher\" content=\"https:\/\/m.facebook.com\/people\/Mylovelyrods\/100062956103344\/?locale=fr_FR\" \/>\n<meta property=\"article:modified_time\" content=\"2026-01-31T15:22:01+00:00\" \/>\n<meta property=\"og:image\" content=\"https:\/\/mylovelyrods.com\/wp-content\/uploads\/2025\/07\/20250717_210201-scaled.jpg\" \/>\n\t<meta property=\"og:image:width\" content=\"2560\" \/>\n\t<meta property=\"og:image:height\" content=\"1218\" \/>\n\t<meta property=\"og:image:type\" content=\"image\/jpeg\" \/>\n<meta name=\"twitter:card\" content=\"summary_large_image\" \/>\n<meta name=\"twitter:label1\" content=\"Dur\u00e9e de lecture estim\u00e9e\" \/>\n\t<meta name=\"twitter:data1\" content=\"1 minute\" \/>\n<script type=\"application\/ld+json\" class=\"yoast-schema-graph\">{\"@context\":\"https:\\\/\\\/schema.org\",\"@graph\":[{\"@type\":\"WebPage\",\"@id\":\"https:\\\/\\\/mylovelyrods.com\\\/index.php\\\/produit\\\/poignee-carbone-cigare\\\/\",\"url\":\"https:\\\/\\\/mylovelyrods.com\\\/index.php\\\/produit\\\/poignee-carbone-cigare\\\/\",\"name\":\"Poign\u00e9e Carbone Cigare - Mylovelyrods\",\"isPartOf\":{\"@id\":\"https:\\\/\\\/mylovelyrods.com\\\/#website\"},\"primaryImageOfPage\":{\"@id\":\"https:\\\/\\\/mylovelyrods.com\\\/index.php\\\/produit\\\/poignee-carbone-cigare\\\/#primaryimage\"},\"image\":{\"@id\":\"https:\\\/\\\/mylovelyrods.com\\\/index.php\\\/produit\\\/poignee-carbone-cigare\\\/#primaryimage\"},\"thumbnailUrl\":\"https:\\\/\\\/i0.wp.com\\\/mylovelyrods.com\\\/wp-content\\\/uploads\\\/2025\\\/07\\\/20250717_210201-scaled.jpg?fit=2560%2C1218&ssl=1\",\"datePublished\":\"2025-07-17T19:39:42+00:00\",\"dateModified\":\"2026-01-31T15:22:01+00:00\",\"description\":\"Cette poign\u00e9e apporte une certaine sensibilit\u00e9 lors de la p\u00eache en nymphe, vous sentirez votre nymphe taper contre les cailloux.\",\"breadcrumb\":{\"@id\":\"https:\\\/\\\/mylovelyrods.com\\\/index.php\\\/produit\\\/poignee-carbone-cigare\\\/#breadcrumb\"},\"inLanguage\":\"fr-FR\",\"potentialAction\":[{\"@type\":\"ReadAction\",\"target\":[\"https:\\\/\\\/mylovelyrods.com\\\/index.php\\\/produit\\\/poignee-carbone-cigare\\\/\"]}]},{\"@type\":\"ImageObject\",\"inLanguage\":\"fr-FR\",\"@id\":\"https:\\\/\\\/mylovelyrods.com\\\/index.php\\\/produit\\\/poignee-carbone-cigare\\\/#primaryimage\",\"url\":\"https:\\\/\\\/i0.wp.com\\\/mylovelyrods.com\\\/wp-content\\\/uploads\\\/2025\\\/07\\\/20250717_210201-scaled.jpg?fit=2560%2C1218&ssl=1\",\"contentUrl\":\"https:\\\/\\\/i0.wp.com\\\/mylovelyrods.com\\\/wp-content\\\/uploads\\\/2025\\\/07\\\/20250717_210201-scaled.jpg?fit=2560%2C1218&ssl=1\",\"width\":2560,\"height\":1218,\"caption\":\"Cette poign\u00e9e apporte une certaine sensibilit\u00e9 lors de la p\u00eache en nymphe, vous sentirez votre nymphe taper contre les cailloux\"},{\"@type\":\"BreadcrumbList\",\"@id\":\"https:\\\/\\\/mylovelyrods.com\\\/index.php\\\/produit\\\/poignee-carbone-cigare\\\/#breadcrumb\",\"itemListElement\":[{\"@type\":\"ListItem\",\"position\":1,\"name\":\"Accueil\",\"item\":\"https:\\\/\\\/mylovelyrods.com\\\/\"},{\"@type\":\"ListItem\",\"position\":2,\"name\":\"Produits\",\"item\":\"https:\\\/\\\/mylovelyrods.com\\\/index.php\\\/boutique\\\/\"},{\"@type\":\"ListItem\",\"position\":3,\"name\":\"Poign\u00e9e Carbone Cigare\"}]},{\"@type\":\"WebSite\",\"@id\":\"https:\\\/\\\/mylovelyrods.com\\\/#website\",\"url\":\"https:\\\/\\\/mylovelyrods.com\\\/\",\"name\":\"Mylovelyrods\",\"description\":\"Facteur de canne, restaurations, customisations, rodbuilding, mouches, nymphes et petit mat\u00e9riel...\",\"publisher\":{\"@id\":\"https:\\\/\\\/mylovelyrods.com\\\/#organization\"},\"potentialAction\":[{\"@type\":\"SearchAction\",\"target\":{\"@type\":\"EntryPoint\",\"urlTemplate\":\"https:\\\/\\\/mylovelyrods.com\\\/?s={search_term_string}\"},\"query-input\":{\"@type\":\"PropertyValueSpecification\",\"valueRequired\":true,\"valueName\":\"search_term_string\"}}],\"inLanguage\":\"fr-FR\"},{\"@type\":\"Organization\",\"@id\":\"https:\\\/\\\/mylovelyrods.com\\\/#organization\",\"name\":\"Mylovelyrods\",\"url\":\"https:\\\/\\\/mylovelyrods.com\\\/\",\"logo\":{\"@type\":\"ImageObject\",\"inLanguage\":\"fr-FR\",\"@id\":\"https:\\\/\\\/mylovelyrods.com\\\/#\\\/schema\\\/logo\\\/image\\\/\",\"url\":\"https:\\\/\\\/mylovelyrods.com\\\/wp-content\\\/uploads\\\/2021\\\/01\\\/0001-scaled-e1611186770281.jpg\",\"contentUrl\":\"https:\\\/\\\/mylovelyrods.com\\\/wp-content\\\/uploads\\\/2021\\\/01\\\/0001-scaled-e1611186770281.jpg\",\"width\":2560,\"height\":716,\"caption\":\"Mylovelyrods\"},\"image\":{\"@id\":\"https:\\\/\\\/mylovelyrods.com\\\/#\\\/schema\\\/logo\\\/image\\\/\"},\"sameAs\":[\"https:\\\/\\\/m.facebook.com\\\/people\\\/Mylovelyrods\\\/100062956103344\\\/?locale=fr_FR\",\"https:\\\/\\\/www.instagram.com\\\/mylovelyrods\\\/?hl=fr\"]}]}<\/script>\n<!-- \/ Yoast SEO plugin. -->","yoast_head_json":{"title":"Poign\u00e9e Carbone Cigare - Mylovelyrods","description":"Cette poign\u00e9e apporte une certaine sensibilit\u00e9 lors de la p\u00eache en nymphe, vous sentirez votre nymphe taper contre les cailloux.","robots":{"index":"index","follow":"follow","max-snippet":"max-snippet:-1","max-image-preview":"max-image-preview:large","max-video-preview":"max-video-preview:-1"},"canonical":"https:\/\/mylovelyrods.com\/index.php\/produit\/poignee-carbone-cigare\/","og_locale":"fr_FR","og_type":"article","og_title":"Poign\u00e9e Carbone Cigare - Mylovelyrods","og_description":"Cette poign\u00e9e apporte une certaine sensibilit\u00e9 lors de la p\u00eache en nymphe, vous sentirez votre nymphe taper contre les cailloux.","og_url":"https:\/\/mylovelyrods.com\/index.php\/produit\/poignee-carbone-cigare\/","og_site_name":"Mylovelyrods","article_publisher":"https:\/\/m.facebook.com\/people\/Mylovelyrods\/100062956103344\/?locale=fr_FR","article_modified_time":"2026-01-31T15:22:01+00:00","og_image":[{"width":2560,"height":1218,"url":"https:\/\/mylovelyrods.com\/wp-content\/uploads\/2025\/07\/20250717_210201-scaled.jpg","type":"image\/jpeg"}],"twitter_card":"summary_large_image","twitter_misc":{"Dur\u00e9e de lecture estim\u00e9e":"1 minute"},"schema":{"@context":"https:\/\/schema.org","@graph":[{"@type":"WebPage","@id":"https:\/\/mylovelyrods.com\/index.php\/produit\/poignee-carbone-cigare\/","url":"https:\/\/mylovelyrods.com\/index.php\/produit\/poignee-carbone-cigare\/","name":"Poign\u00e9e Carbone Cigare - Mylovelyrods","isPartOf":{"@id":"https:\/\/mylovelyrods.com\/#website"},"primaryImageOfPage":{"@id":"https:\/\/mylovelyrods.com\/index.php\/produit\/poignee-carbone-cigare\/#primaryimage"},"image":{"@id":"https:\/\/mylovelyrods.com\/index.php\/produit\/poignee-carbone-cigare\/#primaryimage"},"thumbnailUrl":"https:\/\/i0.wp.com\/mylovelyrods.com\/wp-content\/uploads\/2025\/07\/20250717_210201-scaled.jpg?fit=2560%2C1218&ssl=1","datePublished":"2025-07-17T19:39:42+00:00","dateModified":"2026-01-31T15:22:01+00:00","description":"Cette poign\u00e9e apporte une certaine sensibilit\u00e9 lors de la p\u00eache en nymphe, vous sentirez votre nymphe taper contre les cailloux.","breadcrumb":{"@id":"https:\/\/mylovelyrods.com\/index.php\/produit\/poignee-carbone-cigare\/#breadcrumb"},"inLanguage":"fr-FR","potentialAction":[{"@type":"ReadAction","target":["https:\/\/mylovelyrods.com\/index.php\/produit\/poignee-carbone-cigare\/"]}]},{"@type":"ImageObject","inLanguage":"fr-FR","@id":"https:\/\/mylovelyrods.com\/index.php\/produit\/poignee-carbone-cigare\/#primaryimage","url":"https:\/\/i0.wp.com\/mylovelyrods.com\/wp-content\/uploads\/2025\/07\/20250717_210201-scaled.jpg?fit=2560%2C1218&ssl=1","contentUrl":"https:\/\/i0.wp.com\/mylovelyrods.com\/wp-content\/uploads\/2025\/07\/20250717_210201-scaled.jpg?fit=2560%2C1218&ssl=1","width":2560,"height":1218,"caption":"Cette poign\u00e9e apporte une certaine sensibilit\u00e9 lors de la p\u00eache en nymphe, vous sentirez votre nymphe taper contre les cailloux"},{"@type":"BreadcrumbList","@id":"https:\/\/mylovelyrods.com\/index.php\/produit\/poignee-carbone-cigare\/#breadcrumb","itemListElement":[{"@type":"ListItem","position":1,"name":"Accueil","item":"https:\/\/mylovelyrods.com\/"},{"@type":"ListItem","position":2,"name":"Produits","item":"https:\/\/mylovelyrods.com\/index.php\/boutique\/"},{"@type":"ListItem","position":3,"name":"Poign\u00e9e Carbone Cigare"}]},{"@type":"WebSite","@id":"https:\/\/mylovelyrods.com\/#website","url":"https:\/\/mylovelyrods.com\/","name":"Mylovelyrods","description":"Facteur de canne, restaurations, customisations, rodbuilding, mouches, nymphes et petit mat\u00e9riel...","publisher":{"@id":"https:\/\/mylovelyrods.com\/#organization"},"potentialAction":[{"@type":"SearchAction","target":{"@type":"EntryPoint","urlTemplate":"https:\/\/mylovelyrods.com\/?s={search_term_string}"},"query-input":{"@type":"PropertyValueSpecification","valueRequired":true,"valueName":"search_term_string"}}],"inLanguage":"fr-FR"},{"@type":"Organization","@id":"https:\/\/mylovelyrods.com\/#organization","name":"Mylovelyrods","url":"https:\/\/mylovelyrods.com\/","logo":{"@type":"ImageObject","inLanguage":"fr-FR","@id":"https:\/\/mylovelyrods.com\/#\/schema\/logo\/image\/","url":"https:\/\/mylovelyrods.com\/wp-content\/uploads\/2021\/01\/0001-scaled-e1611186770281.jpg","contentUrl":"https:\/\/mylovelyrods.com\/wp-content\/uploads\/2021\/01\/0001-scaled-e1611186770281.jpg","width":2560,"height":716,"caption":"Mylovelyrods"},"image":{"@id":"https:\/\/mylovelyrods.com\/#\/schema\/logo\/image\/"},"sameAs":["https:\/\/m.facebook.com\/people\/Mylovelyrods\/100062956103344\/?locale=fr_FR","https:\/\/www.instagram.com\/mylovelyrods\/?hl=fr"]}]}},"jetpack_sharing_enabled":true,"_links":{"self":[{"href":"https:\/\/mylovelyrods.com\/index.php\/wp-json\/wp\/v2\/product\/5173","targetHints":{"allow":["GET"]}}],"collection":[{"href":"https:\/\/mylovelyrods.com\/index.php\/wp-json\/wp\/v2\/product"}],"about":[{"href":"https:\/\/mylovelyrods.com\/index.php\/wp-json\/wp\/v2\/types\/product"}],"wp:featuredmedia":[{"embeddable":true,"href":"https:\/\/mylovelyrods.com\/index.php\/wp-json\/wp\/v2\/media\/5174"}],"wp:attachment":[{"href":"https:\/\/mylovelyrods.com\/index.php\/wp-json\/wp\/v2\/media?parent=5173"}],"wp:term":[{"taxonomy":"product_brand","embeddable":true,"href":"https:\/\/mylovelyrods.com\/index.php\/wp-json\/wp\/v2\/product_brand?post=5173"},{"taxonomy":"product_cat","embeddable":true,"href":"https:\/\/mylovelyrods.com\/index.php\/wp-json\/wp\/v2\/product_cat?post=5173"},{"taxonomy":"product_tag","embeddable":true,"href":"https:\/\/mylovelyrods.com\/index.php\/wp-json\/wp\/v2\/product_tag?post=5173"}],"curies":[{"name":"wp","href":"https:\/\/api.w.org\/{rel}","templated":true}]}}