{"id":529,"date":"2021-02-15T14:16:34","date_gmt":"2021-02-15T13:16:34","guid":{"rendered":"https:\/\/mylovelyrods.com\/?post_type=product&#038;p=529"},"modified":"2025-01-12T18:53:20","modified_gmt":"2025-01-12T17:53:20","slug":"porte-moulinet-gunsmoke-insert-carbone","status":"publish","type":"product","link":"https:\/\/mylovelyrods.com\/index.php\/produit\/porte-moulinet-gunsmoke-insert-carbone\/","title":{"rendered":"Porte moulinet gunsmoke insert noir"},"content":{"rendered":"<p>Porte moulinet gunsmoke insert noir avec de 2 bagues de serrage. Quant \u00e0 sa taille, Il convient pour les moulinets de taille de soie 1 \u00e0 7. C&rsquo;est un classique dans le monde du rodbuilding et il est tr\u00e9s l\u00e9ger. Notamment gr\u00e2ce \u00e0 son insert qui est un tube en carbone.<\/p>\n<p>Ce porte moulinet est en uplocking, cependant il m&rsquo;arrive de l&rsquo;utiliser en downlocking en y ajoutant un butt. Cela permet de diminuer le PME (poids du moulinet \u00e0 l&rsquo;\u00e9quilibre), bien que cela d\u00e9pende de votre blank et du moulinet que vous souhaitez y associer.<\/p>\n<p>J&rsquo;aime beaucoup son esth\u00e9tique. Il donne du caract\u00e8re \u00e0 la canne, et je trouve qu&rsquo;il apporte un design un peu futuriste. Le porte moulinet s&rsquo;associe bien avec une poign\u00e9e carbone par exemple. Comme je l&rsquo;ai fait d&rsquo;ailleurs sur cette <a href=\"https:\/\/mylovelyrods.com\/index.php\/produit\/soldarini-hydropsyche-elite-competition-106-3\/\">Soldarini<\/a> sur laquelle il est mont\u00e9 en down locking, de m\u00eame vous remarquerez un butt en EVA.<\/p>\n<p>Diam\u00e8tre int: 12mm<br \/>\nDiam\u00e8tre exterieur: 16,4mm<br \/>\nDiam\u00e8tre ext\u00e9rieur cot\u00e9 poign\u00e9e: 20,55 mm<br \/>\nLongueur: 98mm<br \/>\nPoids: 23g<\/p>\n<p>Porte moulinet gunsmoke insert noir en aluminium, dont les couleurs peuvent l\u00e9g\u00e8rement diff\u00e9rer des couleurs de la photo.<\/p>\n<p>Si vous souhaitez me suivre sur les r\u00e9seaux sociaux vous pouvez <a href=\"https:\/\/www.facebook.com\/pages\/category\/Sports\/Mylovelyrods-101775187859974\/\">ici<\/a> et <a href=\"https:\/\/www.instagram.com\/mylovelyrods\/?hl=fr\">l\u00e0<\/a>.<\/p>\n<p>Vous pouvez l&rsquo;associer \u00e0 un de ces <a href=\"https:\/\/mylovelyrods.com\/index.php\/categorie-produit\/rodbuilding\/blanks\/\">blanks<\/a>.<\/p>\n","protected":false},"excerpt":{"rendered":"<p>Porte moulinet gunsmoke habill\u00e9 d&rsquo;un insert noir, ce porte moulinet est muni de 2 bagues de serrage, convient pour les moulinets de taille de soie 1 \u00e0 7.<br \/>\nDiam\u00e8tre int: 12mm<br \/>\nDiam\u00e8tre exterieur: 16,4mm<br \/>\nDiam\u00e8tre ext\u00e9rieur cot\u00e9 poign\u00e9e: 20,55 mm<br \/>\nLongueur: 98mm<br \/>\nPoids: 23g<\/p>\n","protected":false},"featured_media":1771,"template":"","meta":{"jetpack_post_was_ever_published":false,"_glsr_average":0,"_glsr_ranking":0,"_glsr_reviews":0},"product_brand":[],"product_cat":[55],"product_tag":[],"class_list":{"0":"post-529","1":"product","2":"type-product","3":"status-publish","4":"has-post-thumbnail","6":"product_cat-portes-moulinets-complets","8":"first","9":"outofstock","10":"shipping-taxable","11":"purchasable","12":"product-type-simple"},"yoast_head":"<!-- This site is optimized with the Yoast SEO plugin v27.4 - https:\/\/yoast.com\/product\/yoast-seo-wordpress\/ -->\n<title>Porte moulinet gunsmoke insert noir - Rodbuilding Mylovelyrods<\/title>\n<meta name=\"description\" content=\"Porte moulinet gunsmoke insert carbone, ce porte moulinet est muni de 2 bagues de serrage. Poids de 18g tr\u00e9s l\u00e9ger, uplocking\" \/>\n<meta name=\"robots\" content=\"index, follow, max-snippet:-1, max-image-preview:large, max-video-preview:-1\" \/>\n<link rel=\"canonical\" href=\"https:\/\/mylovelyrods.com\/index.php\/produit\/porte-moulinet-gunsmoke-insert-carbone\/\" \/>\n<meta property=\"og:locale\" content=\"fr_FR\" \/>\n<meta property=\"og:type\" content=\"article\" \/>\n<meta property=\"og:title\" content=\"Porte moulinet gunsmoke insert noir - Rodbuilding Mylovelyrods\" \/>\n<meta property=\"og:description\" content=\"Porte moulinet gunsmoke insert carbone, ce porte moulinet est muni de 2 bagues de serrage. Poids de 18g tr\u00e9s l\u00e9ger, uplocking\" \/>\n<meta property=\"og:url\" content=\"https:\/\/mylovelyrods.com\/index.php\/produit\/porte-moulinet-gunsmoke-insert-carbone\/\" \/>\n<meta property=\"og:site_name\" content=\"Mylovelyrods\" \/>\n<meta property=\"article:publisher\" content=\"https:\/\/m.facebook.com\/people\/Mylovelyrods\/100062956103344\/?locale=fr_FR\" \/>\n<meta property=\"article:modified_time\" content=\"2025-01-12T17:53:20+00:00\" \/>\n<meta property=\"og:image\" content=\"https:\/\/mylovelyrods.com\/wp-content\/uploads\/2021\/02\/20220415_101429.jpg\" \/>\n\t<meta property=\"og:image:width\" content=\"1889\" \/>\n\t<meta property=\"og:image:height\" content=\"1275\" \/>\n\t<meta property=\"og:image:type\" content=\"image\/jpeg\" \/>\n<meta name=\"twitter:card\" content=\"summary_large_image\" \/>\n<meta name=\"twitter:label1\" content=\"Dur\u00e9e de lecture estim\u00e9e\" \/>\n\t<meta name=\"twitter:data1\" content=\"1 minute\" \/>\n<script type=\"application\/ld+json\" class=\"yoast-schema-graph\">{\"@context\":\"https:\\\/\\\/schema.org\",\"@graph\":[{\"@type\":\"WebPage\",\"@id\":\"https:\\\/\\\/mylovelyrods.com\\\/index.php\\\/produit\\\/porte-moulinet-gunsmoke-insert-carbone\\\/\",\"url\":\"https:\\\/\\\/mylovelyrods.com\\\/index.php\\\/produit\\\/porte-moulinet-gunsmoke-insert-carbone\\\/\",\"name\":\"Porte moulinet gunsmoke insert noir - Rodbuilding Mylovelyrods\",\"isPartOf\":{\"@id\":\"https:\\\/\\\/mylovelyrods.com\\\/#website\"},\"primaryImageOfPage\":{\"@id\":\"https:\\\/\\\/mylovelyrods.com\\\/index.php\\\/produit\\\/porte-moulinet-gunsmoke-insert-carbone\\\/#primaryimage\"},\"image\":{\"@id\":\"https:\\\/\\\/mylovelyrods.com\\\/index.php\\\/produit\\\/porte-moulinet-gunsmoke-insert-carbone\\\/#primaryimage\"},\"thumbnailUrl\":\"https:\\\/\\\/i0.wp.com\\\/mylovelyrods.com\\\/wp-content\\\/uploads\\\/2021\\\/02\\\/20220415_101429.jpg?fit=1889%2C1275&ssl=1\",\"datePublished\":\"2021-02-15T13:16:34+00:00\",\"dateModified\":\"2025-01-12T17:53:20+00:00\",\"description\":\"Porte moulinet gunsmoke insert carbone, ce porte moulinet est muni de 2 bagues de serrage. Poids de 18g tr\u00e9s l\u00e9ger, uplocking\",\"breadcrumb\":{\"@id\":\"https:\\\/\\\/mylovelyrods.com\\\/index.php\\\/produit\\\/porte-moulinet-gunsmoke-insert-carbone\\\/#breadcrumb\"},\"inLanguage\":\"fr-FR\",\"potentialAction\":[{\"@type\":\"ReadAction\",\"target\":[\"https:\\\/\\\/mylovelyrods.com\\\/index.php\\\/produit\\\/porte-moulinet-gunsmoke-insert-carbone\\\/\"]}]},{\"@type\":\"ImageObject\",\"inLanguage\":\"fr-FR\",\"@id\":\"https:\\\/\\\/mylovelyrods.com\\\/index.php\\\/produit\\\/porte-moulinet-gunsmoke-insert-carbone\\\/#primaryimage\",\"url\":\"https:\\\/\\\/i0.wp.com\\\/mylovelyrods.com\\\/wp-content\\\/uploads\\\/2021\\\/02\\\/20220415_101429.jpg?fit=1889%2C1275&ssl=1\",\"contentUrl\":\"https:\\\/\\\/i0.wp.com\\\/mylovelyrods.com\\\/wp-content\\\/uploads\\\/2021\\\/02\\\/20220415_101429.jpg?fit=1889%2C1275&ssl=1\",\"width\":1889,\"height\":1275,\"caption\":\"Porte moulinet gunsmoke habill\u00e9 d'un insert noir, ce porte moulinet est muni de 2 bagues de serrage, convient pour les moulinets de taille de soie 1 \u00e0 7. Diam\u00e8tre int: 12mm Diam\u00e8tre exterieur: 16,4mm Diam\u00e8tre ext\u00e9rieur cot\u00e9 poign\u00e9e: 20,55 mm Longueur: 98mm Poids: 23g\"},{\"@type\":\"BreadcrumbList\",\"@id\":\"https:\\\/\\\/mylovelyrods.com\\\/index.php\\\/produit\\\/porte-moulinet-gunsmoke-insert-carbone\\\/#breadcrumb\",\"itemListElement\":[{\"@type\":\"ListItem\",\"position\":1,\"name\":\"Accueil\",\"item\":\"https:\\\/\\\/mylovelyrods.com\\\/\"},{\"@type\":\"ListItem\",\"position\":2,\"name\":\"Produits\",\"item\":\"https:\\\/\\\/mylovelyrods.com\\\/index.php\\\/boutique\\\/\"},{\"@type\":\"ListItem\",\"position\":3,\"name\":\"Porte moulinet gunsmoke insert noir\"}]},{\"@type\":\"WebSite\",\"@id\":\"https:\\\/\\\/mylovelyrods.com\\\/#website\",\"url\":\"https:\\\/\\\/mylovelyrods.com\\\/\",\"name\":\"Mylovelyrods\",\"description\":\"Facteur de canne, restaurations, customisations, rodbuilding, mouches, nymphes et petit mat\u00e9riel...\",\"publisher\":{\"@id\":\"https:\\\/\\\/mylovelyrods.com\\\/#organization\"},\"potentialAction\":[{\"@type\":\"SearchAction\",\"target\":{\"@type\":\"EntryPoint\",\"urlTemplate\":\"https:\\\/\\\/mylovelyrods.com\\\/?s={search_term_string}\"},\"query-input\":{\"@type\":\"PropertyValueSpecification\",\"valueRequired\":true,\"valueName\":\"search_term_string\"}}],\"inLanguage\":\"fr-FR\"},{\"@type\":\"Organization\",\"@id\":\"https:\\\/\\\/mylovelyrods.com\\\/#organization\",\"name\":\"Mylovelyrods\",\"url\":\"https:\\\/\\\/mylovelyrods.com\\\/\",\"logo\":{\"@type\":\"ImageObject\",\"inLanguage\":\"fr-FR\",\"@id\":\"https:\\\/\\\/mylovelyrods.com\\\/#\\\/schema\\\/logo\\\/image\\\/\",\"url\":\"https:\\\/\\\/mylovelyrods.com\\\/wp-content\\\/uploads\\\/2021\\\/01\\\/0001-scaled-e1611186770281.jpg\",\"contentUrl\":\"https:\\\/\\\/mylovelyrods.com\\\/wp-content\\\/uploads\\\/2021\\\/01\\\/0001-scaled-e1611186770281.jpg\",\"width\":2560,\"height\":716,\"caption\":\"Mylovelyrods\"},\"image\":{\"@id\":\"https:\\\/\\\/mylovelyrods.com\\\/#\\\/schema\\\/logo\\\/image\\\/\"},\"sameAs\":[\"https:\\\/\\\/m.facebook.com\\\/people\\\/Mylovelyrods\\\/100062956103344\\\/?locale=fr_FR\",\"https:\\\/\\\/www.instagram.com\\\/mylovelyrods\\\/?hl=fr\"]}]}<\/script>\n<!-- \/ Yoast SEO plugin. -->","yoast_head_json":{"title":"Porte moulinet gunsmoke insert noir - Rodbuilding Mylovelyrods","description":"Porte moulinet gunsmoke insert carbone, ce porte moulinet est muni de 2 bagues de serrage. Poids de 18g tr\u00e9s l\u00e9ger, uplocking","robots":{"index":"index","follow":"follow","max-snippet":"max-snippet:-1","max-image-preview":"max-image-preview:large","max-video-preview":"max-video-preview:-1"},"canonical":"https:\/\/mylovelyrods.com\/index.php\/produit\/porte-moulinet-gunsmoke-insert-carbone\/","og_locale":"fr_FR","og_type":"article","og_title":"Porte moulinet gunsmoke insert noir - Rodbuilding Mylovelyrods","og_description":"Porte moulinet gunsmoke insert carbone, ce porte moulinet est muni de 2 bagues de serrage. Poids de 18g tr\u00e9s l\u00e9ger, uplocking","og_url":"https:\/\/mylovelyrods.com\/index.php\/produit\/porte-moulinet-gunsmoke-insert-carbone\/","og_site_name":"Mylovelyrods","article_publisher":"https:\/\/m.facebook.com\/people\/Mylovelyrods\/100062956103344\/?locale=fr_FR","article_modified_time":"2025-01-12T17:53:20+00:00","og_image":[{"width":1889,"height":1275,"url":"https:\/\/mylovelyrods.com\/wp-content\/uploads\/2021\/02\/20220415_101429.jpg","type":"image\/jpeg"}],"twitter_card":"summary_large_image","twitter_misc":{"Dur\u00e9e de lecture estim\u00e9e":"1 minute"},"schema":{"@context":"https:\/\/schema.org","@graph":[{"@type":"WebPage","@id":"https:\/\/mylovelyrods.com\/index.php\/produit\/porte-moulinet-gunsmoke-insert-carbone\/","url":"https:\/\/mylovelyrods.com\/index.php\/produit\/porte-moulinet-gunsmoke-insert-carbone\/","name":"Porte moulinet gunsmoke insert noir - Rodbuilding Mylovelyrods","isPartOf":{"@id":"https:\/\/mylovelyrods.com\/#website"},"primaryImageOfPage":{"@id":"https:\/\/mylovelyrods.com\/index.php\/produit\/porte-moulinet-gunsmoke-insert-carbone\/#primaryimage"},"image":{"@id":"https:\/\/mylovelyrods.com\/index.php\/produit\/porte-moulinet-gunsmoke-insert-carbone\/#primaryimage"},"thumbnailUrl":"https:\/\/i0.wp.com\/mylovelyrods.com\/wp-content\/uploads\/2021\/02\/20220415_101429.jpg?fit=1889%2C1275&ssl=1","datePublished":"2021-02-15T13:16:34+00:00","dateModified":"2025-01-12T17:53:20+00:00","description":"Porte moulinet gunsmoke insert carbone, ce porte moulinet est muni de 2 bagues de serrage. Poids de 18g tr\u00e9s l\u00e9ger, uplocking","breadcrumb":{"@id":"https:\/\/mylovelyrods.com\/index.php\/produit\/porte-moulinet-gunsmoke-insert-carbone\/#breadcrumb"},"inLanguage":"fr-FR","potentialAction":[{"@type":"ReadAction","target":["https:\/\/mylovelyrods.com\/index.php\/produit\/porte-moulinet-gunsmoke-insert-carbone\/"]}]},{"@type":"ImageObject","inLanguage":"fr-FR","@id":"https:\/\/mylovelyrods.com\/index.php\/produit\/porte-moulinet-gunsmoke-insert-carbone\/#primaryimage","url":"https:\/\/i0.wp.com\/mylovelyrods.com\/wp-content\/uploads\/2021\/02\/20220415_101429.jpg?fit=1889%2C1275&ssl=1","contentUrl":"https:\/\/i0.wp.com\/mylovelyrods.com\/wp-content\/uploads\/2021\/02\/20220415_101429.jpg?fit=1889%2C1275&ssl=1","width":1889,"height":1275,"caption":"Porte moulinet gunsmoke habill\u00e9 d'un insert noir, ce porte moulinet est muni de 2 bagues de serrage, convient pour les moulinets de taille de soie 1 \u00e0 7. Diam\u00e8tre int: 12mm Diam\u00e8tre exterieur: 16,4mm Diam\u00e8tre ext\u00e9rieur cot\u00e9 poign\u00e9e: 20,55 mm Longueur: 98mm Poids: 23g"},{"@type":"BreadcrumbList","@id":"https:\/\/mylovelyrods.com\/index.php\/produit\/porte-moulinet-gunsmoke-insert-carbone\/#breadcrumb","itemListElement":[{"@type":"ListItem","position":1,"name":"Accueil","item":"https:\/\/mylovelyrods.com\/"},{"@type":"ListItem","position":2,"name":"Produits","item":"https:\/\/mylovelyrods.com\/index.php\/boutique\/"},{"@type":"ListItem","position":3,"name":"Porte moulinet gunsmoke insert noir"}]},{"@type":"WebSite","@id":"https:\/\/mylovelyrods.com\/#website","url":"https:\/\/mylovelyrods.com\/","name":"Mylovelyrods","description":"Facteur de canne, restaurations, customisations, rodbuilding, mouches, nymphes et petit mat\u00e9riel...","publisher":{"@id":"https:\/\/mylovelyrods.com\/#organization"},"potentialAction":[{"@type":"SearchAction","target":{"@type":"EntryPoint","urlTemplate":"https:\/\/mylovelyrods.com\/?s={search_term_string}"},"query-input":{"@type":"PropertyValueSpecification","valueRequired":true,"valueName":"search_term_string"}}],"inLanguage":"fr-FR"},{"@type":"Organization","@id":"https:\/\/mylovelyrods.com\/#organization","name":"Mylovelyrods","url":"https:\/\/mylovelyrods.com\/","logo":{"@type":"ImageObject","inLanguage":"fr-FR","@id":"https:\/\/mylovelyrods.com\/#\/schema\/logo\/image\/","url":"https:\/\/mylovelyrods.com\/wp-content\/uploads\/2021\/01\/0001-scaled-e1611186770281.jpg","contentUrl":"https:\/\/mylovelyrods.com\/wp-content\/uploads\/2021\/01\/0001-scaled-e1611186770281.jpg","width":2560,"height":716,"caption":"Mylovelyrods"},"image":{"@id":"https:\/\/mylovelyrods.com\/#\/schema\/logo\/image\/"},"sameAs":["https:\/\/m.facebook.com\/people\/Mylovelyrods\/100062956103344\/?locale=fr_FR","https:\/\/www.instagram.com\/mylovelyrods\/?hl=fr"]}]}},"jetpack_sharing_enabled":true,"_links":{"self":[{"href":"https:\/\/mylovelyrods.com\/index.php\/wp-json\/wp\/v2\/product\/529","targetHints":{"allow":["GET"]}}],"collection":[{"href":"https:\/\/mylovelyrods.com\/index.php\/wp-json\/wp\/v2\/product"}],"about":[{"href":"https:\/\/mylovelyrods.com\/index.php\/wp-json\/wp\/v2\/types\/product"}],"wp:featuredmedia":[{"embeddable":true,"href":"https:\/\/mylovelyrods.com\/index.php\/wp-json\/wp\/v2\/media\/1771"}],"wp:attachment":[{"href":"https:\/\/mylovelyrods.com\/index.php\/wp-json\/wp\/v2\/media?parent=529"}],"wp:term":[{"taxonomy":"product_brand","embeddable":true,"href":"https:\/\/mylovelyrods.com\/index.php\/wp-json\/wp\/v2\/product_brand?post=529"},{"taxonomy":"product_cat","embeddable":true,"href":"https:\/\/mylovelyrods.com\/index.php\/wp-json\/wp\/v2\/product_cat?post=529"},{"taxonomy":"product_tag","embeddable":true,"href":"https:\/\/mylovelyrods.com\/index.php\/wp-json\/wp\/v2\/product_tag?post=529"}],"curies":[{"name":"wp","href":"https:\/\/api.w.org\/{rel}","templated":true}]}}