{"id":543,"date":"2021-03-02T23:17:44","date_gmt":"2021-03-02T22:17:44","guid":{"rendered":"https:\/\/mylovelyrods.com\/?post_type=product&#038;p=543"},"modified":"2026-02-26T08:38:20","modified_gmt":"2026-02-26T07:38:20","slug":"liege-grade-flor","status":"publish","type":"product","link":"https:\/\/mylovelyrods.com\/index.php\/produit\/liege-grade-flor\/","title":{"rendered":"Rondelles Li\u00e8ge grade TOP FLOR"},"content":{"rendered":"<p>Voici de tr\u00e8s belles rondelles de li\u00e8ge en grade TOP FLOR, directement import\u00e9es du Portugal. D&rsquo;ailleurs le Portugal est le leader mondial pour la production du li\u00e8ge de haute qualit\u00e9. La qualit\u00e9 est tr\u00e8s bonne, m\u00eame meilleure que celle de certains concurrents qui vendent du li\u00e8ge en, soit disant, TOP FLOR et qui n&rsquo;en n&rsquo;est pas.<\/p>\n<p>Le li\u00e8ge est tr\u00e8s simple \u00e0 travailler, et se tourne presque comme le bois, il est m\u00eame plus facile \u00e0 travailler que le bois! Ce li\u00e8ge est de bien meilleure qualit\u00e9 que les li\u00e8ge des poign\u00e9es des cannes des grandes marques. D&rsquo;ailleurs souvent les grandes marques bouchent les trous de leur li\u00e8ge de mauvaise qualit\u00e9.<br \/>\nJ&rsquo;utilise ce m\u00eame li\u00e8ge pour mes propres montages tellement je l&rsquo;appr\u00e9cie, de part sa qualit\u00e9, qui est tr\u00e8s importante pour pouvoir faire mes dessins et mes incrustations sur mes poign\u00e9es. Alors n&rsquo;h\u00e9sitez pas \ud83d\ude09 !<\/p>\n<p>Rondelles de Li\u00e8ge de grade Top Flor, pour fabriquer vos propres poign\u00e9es, import\u00e9es directement du Portugal leader mondial de la production de li\u00e8ge.<\/p>\n<p>Diam\u00e8tre de 28mm! \u00c7a fait moins \u00e0 tourner!<\/p>\n<p>Si vous souhaitez que je vous fa\u00e7onne une poign\u00e9e, simple ou avec des d\u00e9corations, n&rsquo;h\u00e9sitez pas \u00e0 me le demander <a href=\"https:\/\/mylovelyrods.com\/index.php\/demande-devis-contact-canne-a-peche-artisanale\/\">ici<\/a>.<\/p>\n<p>Si vous voulez me suivre sur les r\u00e9seaux sociaux c&rsquo;est par <a href=\"https:\/\/www.facebook.com\/pages\/category\/Sports\/Mylovelyrods-101775187859974\/\">ici<\/a> et par <a href=\"https:\/\/www.instagram.com\/mylovelyrods\/?hl=fr\">la<\/a>.<\/p>\n","protected":false},"excerpt":{"rendered":"<p>Voici de tr\u00e8s belles rondelles de li\u00e8ge en grade Top flor, directement import\u00e9es du Portugal. La qualit\u00e9 est tr\u00e8s bonne, m\u00eame meilleure que celle de certains concurrents qui vendent du li\u00e8ge en, soit disant, TOP FLOR et qui n&rsquo;en n&rsquo;est pas.<br \/>\nJ&rsquo;utilise ce m\u00eame li\u00e8ge pour mes propres montages tellement je l&rsquo;appr\u00e9cie, de part sa qualit\u00e9, qui est tr\u00e8s importante pour pouvoir faire mes dessins et mes incrustations sur mes poign\u00e9es. Alors n&rsquo;h\u00e9sitez pas \ud83d\ude09 !<\/p>\n<p>Rondelles de 28mm de diam\u00e8tre, \u00e7a fait moins \u00e0 tourner!<\/p>\n","protected":false},"featured_media":544,"template":"","meta":{"jetpack_post_was_ever_published":false,"_glsr_average":0,"_glsr_ranking":0,"_glsr_reviews":0},"product_brand":[],"product_cat":[51,43],"product_tag":[],"class_list":{"0":"post-543","1":"product","2":"type-product","3":"status-publish","4":"has-post-thumbnail","6":"product_cat-montage-de-poignee","7":"product_cat-rodbuilding-montage-de-canne","9":"first","10":"instock","11":"shipping-taxable","12":"purchasable","13":"product-type-simple"},"yoast_head":"<!-- This site is optimized with the Yoast SEO plugin v27.4 - https:\/\/yoast.com\/product\/yoast-seo-wordpress\/ -->\n<title>Rondelles Li\u00e8ge grade TOP FLOR - Rodbuilding - Mylovelyrods<\/title>\n<meta name=\"description\" content=\"Rondelles li\u00e8ge grade Flor. Tr\u00e8s belles rondelles de Li\u00e8ge en grade Flor, import\u00e9es du Portugal, leader mondial de production de li\u00e8ge, diam\u00e8tre 28 mm\" \/>\n<meta name=\"robots\" content=\"index, follow, max-snippet:-1, max-image-preview:large, max-video-preview:-1\" \/>\n<link rel=\"canonical\" href=\"https:\/\/mylovelyrods.com\/index.php\/produit\/liege-grade-flor\/\" \/>\n<meta property=\"og:locale\" content=\"fr_FR\" \/>\n<meta property=\"og:type\" content=\"article\" \/>\n<meta property=\"og:title\" content=\"Rondelles Li\u00e8ge grade TOP FLOR - Rodbuilding - Mylovelyrods\" \/>\n<meta property=\"og:description\" content=\"Rondelles li\u00e8ge grade Flor. Tr\u00e8s belles rondelles de Li\u00e8ge en grade Flor, import\u00e9es du Portugal, leader mondial de production de li\u00e8ge, diam\u00e8tre 28 mm\" \/>\n<meta property=\"og:url\" content=\"https:\/\/mylovelyrods.com\/index.php\/produit\/liege-grade-flor\/\" \/>\n<meta property=\"og:site_name\" content=\"Mylovelyrods\" \/>\n<meta property=\"article:publisher\" content=\"https:\/\/m.facebook.com\/people\/Mylovelyrods\/100062956103344\/?locale=fr_FR\" \/>\n<meta property=\"article:modified_time\" content=\"2026-02-26T07:38:20+00:00\" \/>\n<meta property=\"og:image\" content=\"https:\/\/mylovelyrods.com\/wp-content\/uploads\/2021\/03\/20210205_203311-1.jpg\" \/>\n\t<meta property=\"og:image:width\" content=\"1664\" \/>\n\t<meta property=\"og:image:height\" content=\"937\" \/>\n\t<meta property=\"og:image:type\" content=\"image\/jpeg\" \/>\n<meta name=\"twitter:card\" content=\"summary_large_image\" \/>\n<meta name=\"twitter:label1\" content=\"Dur\u00e9e de lecture estim\u00e9e\" \/>\n\t<meta name=\"twitter:data1\" content=\"2 minutes\" \/>\n<script type=\"application\/ld+json\" class=\"yoast-schema-graph\">{\"@context\":\"https:\\\/\\\/schema.org\",\"@graph\":[{\"@type\":\"WebPage\",\"@id\":\"https:\\\/\\\/mylovelyrods.com\\\/index.php\\\/produit\\\/liege-grade-flor\\\/\",\"url\":\"https:\\\/\\\/mylovelyrods.com\\\/index.php\\\/produit\\\/liege-grade-flor\\\/\",\"name\":\"Rondelles Li\u00e8ge grade TOP FLOR - Rodbuilding - Mylovelyrods\",\"isPartOf\":{\"@id\":\"https:\\\/\\\/mylovelyrods.com\\\/#website\"},\"primaryImageOfPage\":{\"@id\":\"https:\\\/\\\/mylovelyrods.com\\\/index.php\\\/produit\\\/liege-grade-flor\\\/#primaryimage\"},\"image\":{\"@id\":\"https:\\\/\\\/mylovelyrods.com\\\/index.php\\\/produit\\\/liege-grade-flor\\\/#primaryimage\"},\"thumbnailUrl\":\"https:\\\/\\\/i0.wp.com\\\/mylovelyrods.com\\\/wp-content\\\/uploads\\\/2021\\\/03\\\/20210205_203311-1.jpg?fit=1664%2C937&ssl=1\",\"datePublished\":\"2021-03-02T22:17:44+00:00\",\"dateModified\":\"2026-02-26T07:38:20+00:00\",\"description\":\"Rondelles li\u00e8ge grade Flor. Tr\u00e8s belles rondelles de Li\u00e8ge en grade Flor, import\u00e9es du Portugal, leader mondial de production de li\u00e8ge, diam\u00e8tre 28 mm\",\"breadcrumb\":{\"@id\":\"https:\\\/\\\/mylovelyrods.com\\\/index.php\\\/produit\\\/liege-grade-flor\\\/#breadcrumb\"},\"inLanguage\":\"fr-FR\",\"potentialAction\":[{\"@type\":\"ReadAction\",\"target\":[\"https:\\\/\\\/mylovelyrods.com\\\/index.php\\\/produit\\\/liege-grade-flor\\\/\"]}]},{\"@type\":\"ImageObject\",\"inLanguage\":\"fr-FR\",\"@id\":\"https:\\\/\\\/mylovelyrods.com\\\/index.php\\\/produit\\\/liege-grade-flor\\\/#primaryimage\",\"url\":\"https:\\\/\\\/i0.wp.com\\\/mylovelyrods.com\\\/wp-content\\\/uploads\\\/2021\\\/03\\\/20210205_203311-1.jpg?fit=1664%2C937&ssl=1\",\"contentUrl\":\"https:\\\/\\\/i0.wp.com\\\/mylovelyrods.com\\\/wp-content\\\/uploads\\\/2021\\\/03\\\/20210205_203311-1.jpg?fit=1664%2C937&ssl=1\",\"width\":1664,\"height\":937},{\"@type\":\"BreadcrumbList\",\"@id\":\"https:\\\/\\\/mylovelyrods.com\\\/index.php\\\/produit\\\/liege-grade-flor\\\/#breadcrumb\",\"itemListElement\":[{\"@type\":\"ListItem\",\"position\":1,\"name\":\"Accueil\",\"item\":\"https:\\\/\\\/mylovelyrods.com\\\/\"},{\"@type\":\"ListItem\",\"position\":2,\"name\":\"Produits\",\"item\":\"https:\\\/\\\/mylovelyrods.com\\\/index.php\\\/boutique\\\/\"},{\"@type\":\"ListItem\",\"position\":3,\"name\":\"Rondelles Li\u00e8ge grade TOP FLOR\"}]},{\"@type\":\"WebSite\",\"@id\":\"https:\\\/\\\/mylovelyrods.com\\\/#website\",\"url\":\"https:\\\/\\\/mylovelyrods.com\\\/\",\"name\":\"Mylovelyrods\",\"description\":\"Facteur de canne, restaurations, customisations, rodbuilding, mouches, nymphes et petit mat\u00e9riel...\",\"publisher\":{\"@id\":\"https:\\\/\\\/mylovelyrods.com\\\/#organization\"},\"potentialAction\":[{\"@type\":\"SearchAction\",\"target\":{\"@type\":\"EntryPoint\",\"urlTemplate\":\"https:\\\/\\\/mylovelyrods.com\\\/?s={search_term_string}\"},\"query-input\":{\"@type\":\"PropertyValueSpecification\",\"valueRequired\":true,\"valueName\":\"search_term_string\"}}],\"inLanguage\":\"fr-FR\"},{\"@type\":\"Organization\",\"@id\":\"https:\\\/\\\/mylovelyrods.com\\\/#organization\",\"name\":\"Mylovelyrods\",\"url\":\"https:\\\/\\\/mylovelyrods.com\\\/\",\"logo\":{\"@type\":\"ImageObject\",\"inLanguage\":\"fr-FR\",\"@id\":\"https:\\\/\\\/mylovelyrods.com\\\/#\\\/schema\\\/logo\\\/image\\\/\",\"url\":\"https:\\\/\\\/mylovelyrods.com\\\/wp-content\\\/uploads\\\/2021\\\/01\\\/0001-scaled-e1611186770281.jpg\",\"contentUrl\":\"https:\\\/\\\/mylovelyrods.com\\\/wp-content\\\/uploads\\\/2021\\\/01\\\/0001-scaled-e1611186770281.jpg\",\"width\":2560,\"height\":716,\"caption\":\"Mylovelyrods\"},\"image\":{\"@id\":\"https:\\\/\\\/mylovelyrods.com\\\/#\\\/schema\\\/logo\\\/image\\\/\"},\"sameAs\":[\"https:\\\/\\\/m.facebook.com\\\/people\\\/Mylovelyrods\\\/100062956103344\\\/?locale=fr_FR\",\"https:\\\/\\\/www.instagram.com\\\/mylovelyrods\\\/?hl=fr\"]}]}<\/script>\n<!-- \/ Yoast SEO plugin. -->","yoast_head_json":{"title":"Rondelles Li\u00e8ge grade TOP FLOR - Rodbuilding - Mylovelyrods","description":"Rondelles li\u00e8ge grade Flor. Tr\u00e8s belles rondelles de Li\u00e8ge en grade Flor, import\u00e9es du Portugal, leader mondial de production de li\u00e8ge, diam\u00e8tre 28 mm","robots":{"index":"index","follow":"follow","max-snippet":"max-snippet:-1","max-image-preview":"max-image-preview:large","max-video-preview":"max-video-preview:-1"},"canonical":"https:\/\/mylovelyrods.com\/index.php\/produit\/liege-grade-flor\/","og_locale":"fr_FR","og_type":"article","og_title":"Rondelles Li\u00e8ge grade TOP FLOR - Rodbuilding - Mylovelyrods","og_description":"Rondelles li\u00e8ge grade Flor. Tr\u00e8s belles rondelles de Li\u00e8ge en grade Flor, import\u00e9es du Portugal, leader mondial de production de li\u00e8ge, diam\u00e8tre 28 mm","og_url":"https:\/\/mylovelyrods.com\/index.php\/produit\/liege-grade-flor\/","og_site_name":"Mylovelyrods","article_publisher":"https:\/\/m.facebook.com\/people\/Mylovelyrods\/100062956103344\/?locale=fr_FR","article_modified_time":"2026-02-26T07:38:20+00:00","og_image":[{"width":1664,"height":937,"url":"https:\/\/mylovelyrods.com\/wp-content\/uploads\/2021\/03\/20210205_203311-1.jpg","type":"image\/jpeg"}],"twitter_card":"summary_large_image","twitter_misc":{"Dur\u00e9e de lecture estim\u00e9e":"2 minutes"},"schema":{"@context":"https:\/\/schema.org","@graph":[{"@type":"WebPage","@id":"https:\/\/mylovelyrods.com\/index.php\/produit\/liege-grade-flor\/","url":"https:\/\/mylovelyrods.com\/index.php\/produit\/liege-grade-flor\/","name":"Rondelles Li\u00e8ge grade TOP FLOR - Rodbuilding - Mylovelyrods","isPartOf":{"@id":"https:\/\/mylovelyrods.com\/#website"},"primaryImageOfPage":{"@id":"https:\/\/mylovelyrods.com\/index.php\/produit\/liege-grade-flor\/#primaryimage"},"image":{"@id":"https:\/\/mylovelyrods.com\/index.php\/produit\/liege-grade-flor\/#primaryimage"},"thumbnailUrl":"https:\/\/i0.wp.com\/mylovelyrods.com\/wp-content\/uploads\/2021\/03\/20210205_203311-1.jpg?fit=1664%2C937&ssl=1","datePublished":"2021-03-02T22:17:44+00:00","dateModified":"2026-02-26T07:38:20+00:00","description":"Rondelles li\u00e8ge grade Flor. Tr\u00e8s belles rondelles de Li\u00e8ge en grade Flor, import\u00e9es du Portugal, leader mondial de production de li\u00e8ge, diam\u00e8tre 28 mm","breadcrumb":{"@id":"https:\/\/mylovelyrods.com\/index.php\/produit\/liege-grade-flor\/#breadcrumb"},"inLanguage":"fr-FR","potentialAction":[{"@type":"ReadAction","target":["https:\/\/mylovelyrods.com\/index.php\/produit\/liege-grade-flor\/"]}]},{"@type":"ImageObject","inLanguage":"fr-FR","@id":"https:\/\/mylovelyrods.com\/index.php\/produit\/liege-grade-flor\/#primaryimage","url":"https:\/\/i0.wp.com\/mylovelyrods.com\/wp-content\/uploads\/2021\/03\/20210205_203311-1.jpg?fit=1664%2C937&ssl=1","contentUrl":"https:\/\/i0.wp.com\/mylovelyrods.com\/wp-content\/uploads\/2021\/03\/20210205_203311-1.jpg?fit=1664%2C937&ssl=1","width":1664,"height":937},{"@type":"BreadcrumbList","@id":"https:\/\/mylovelyrods.com\/index.php\/produit\/liege-grade-flor\/#breadcrumb","itemListElement":[{"@type":"ListItem","position":1,"name":"Accueil","item":"https:\/\/mylovelyrods.com\/"},{"@type":"ListItem","position":2,"name":"Produits","item":"https:\/\/mylovelyrods.com\/index.php\/boutique\/"},{"@type":"ListItem","position":3,"name":"Rondelles Li\u00e8ge grade TOP FLOR"}]},{"@type":"WebSite","@id":"https:\/\/mylovelyrods.com\/#website","url":"https:\/\/mylovelyrods.com\/","name":"Mylovelyrods","description":"Facteur de canne, restaurations, customisations, rodbuilding, mouches, nymphes et petit mat\u00e9riel...","publisher":{"@id":"https:\/\/mylovelyrods.com\/#organization"},"potentialAction":[{"@type":"SearchAction","target":{"@type":"EntryPoint","urlTemplate":"https:\/\/mylovelyrods.com\/?s={search_term_string}"},"query-input":{"@type":"PropertyValueSpecification","valueRequired":true,"valueName":"search_term_string"}}],"inLanguage":"fr-FR"},{"@type":"Organization","@id":"https:\/\/mylovelyrods.com\/#organization","name":"Mylovelyrods","url":"https:\/\/mylovelyrods.com\/","logo":{"@type":"ImageObject","inLanguage":"fr-FR","@id":"https:\/\/mylovelyrods.com\/#\/schema\/logo\/image\/","url":"https:\/\/mylovelyrods.com\/wp-content\/uploads\/2021\/01\/0001-scaled-e1611186770281.jpg","contentUrl":"https:\/\/mylovelyrods.com\/wp-content\/uploads\/2021\/01\/0001-scaled-e1611186770281.jpg","width":2560,"height":716,"caption":"Mylovelyrods"},"image":{"@id":"https:\/\/mylovelyrods.com\/#\/schema\/logo\/image\/"},"sameAs":["https:\/\/m.facebook.com\/people\/Mylovelyrods\/100062956103344\/?locale=fr_FR","https:\/\/www.instagram.com\/mylovelyrods\/?hl=fr"]}]}},"jetpack_sharing_enabled":true,"_links":{"self":[{"href":"https:\/\/mylovelyrods.com\/index.php\/wp-json\/wp\/v2\/product\/543","targetHints":{"allow":["GET"]}}],"collection":[{"href":"https:\/\/mylovelyrods.com\/index.php\/wp-json\/wp\/v2\/product"}],"about":[{"href":"https:\/\/mylovelyrods.com\/index.php\/wp-json\/wp\/v2\/types\/product"}],"wp:featuredmedia":[{"embeddable":true,"href":"https:\/\/mylovelyrods.com\/index.php\/wp-json\/wp\/v2\/media\/544"}],"wp:attachment":[{"href":"https:\/\/mylovelyrods.com\/index.php\/wp-json\/wp\/v2\/media?parent=543"}],"wp:term":[{"taxonomy":"product_brand","embeddable":true,"href":"https:\/\/mylovelyrods.com\/index.php\/wp-json\/wp\/v2\/product_brand?post=543"},{"taxonomy":"product_cat","embeddable":true,"href":"https:\/\/mylovelyrods.com\/index.php\/wp-json\/wp\/v2\/product_cat?post=543"},{"taxonomy":"product_tag","embeddable":true,"href":"https:\/\/mylovelyrods.com\/index.php\/wp-json\/wp\/v2\/product_tag?post=543"}],"curies":[{"name":"wp","href":"https:\/\/api.w.org\/{rel}","templated":true}]}}