{"id":623,"date":"2021-04-09T21:36:28","date_gmt":"2021-04-09T19:36:28","guid":{"rendered":"https:\/\/mylovelyrods.com\/?post_type=product&#038;p=623"},"modified":"2024-08-22T21:49:51","modified_gmt":"2024-08-22T19:49:51","slug":"nymphe-javis-vert-taguee","status":"publish","type":"product","link":"https:\/\/mylovelyrods.com\/index.php\/produit\/nymphe-javis-vert-taguee\/","title":{"rendered":"Nymphe Javis vert tagu\u00e9e"},"content":{"rendered":"<p>Nymphes Javis vert tagu\u00e9e, est une nymphe dont tous le corps est en tungst\u00e8ne. Cela lui conf\u00e8re un poids important, afin d&rsquo;aller chercher le poisson dans de gros bouillons. Et qui dit poisson dans de gros bouillons, dit GROS poisson! Parfois il ne faut pas h\u00e9siter \u00e0 aller chercher le poisson au fond, mais pour \u00e7a il faut des nymphes lourdes pour y arriver.<\/p>\n<p>Il est mont\u00e9 en JIG, donc la pointe de l&rsquo;hame\u00e7on d\u00e9rive vers le haut afin de limiter l&rsquo;accrochage au fond de l&rsquo;eau. Rien ne vous emp\u00eache de mettre une nymphe plus petite en potence.<\/p>\n<p>Elle est mont\u00e9e en tungst\u00e8ne couleur cuivre, le corps est vert, et le cul est tagu\u00e9 chartreux. Ce tag peut d\u00e9cider des poissons h\u00e9sitants. En effet ce Javis m&rsquo;a donn\u00e9 de bons r\u00e9sultats sur Garonne.<\/p>\n<p>Ce Javis existe en 2 tailles, en hame\u00e7on de 14 pour un poids d&rsquo;environ 0,6g, en hame\u00e7on de 16 pour un poids d&rsquo;environ 0,55g.<\/p>\n<p>Il est possible d&rsquo;utiliser cette nymphe pour la p\u00eache au toc sans probl\u00e8me!<\/p>\n<p>Si vous souhaitez des montages de mouches et de nymphes personnalis\u00e9es, alors n&rsquo;h\u00e9sitez pas \u00e0 me contacter <a href=\"https:\/\/mylovelyrods.com\/index.php\/demande-devis-contact-canne-a-peche-artisanale\/\">ICI<\/a>.<\/p>\n<p>Vous souhaitez me suivre sur les r\u00e9seaux sociaux c&rsquo;est par <a href=\"https:\/\/www.facebook.com\/pages\/category\/Sports\/Mylovelyrods-101775187859974\/\">ici<\/a> et par <a href=\"https:\/\/www.instagram.com\/mylovelyrods\/?hl=fr\">l\u00e0<\/a> \ud83d\ude42<\/p>\n<p>Nymphe Javis vert tagu\u00e9e dont les couleurs peuvent l\u00e9g\u00e8rement diff\u00e9rer des couleurs de la photo et vid\u00e9o<\/p>\n","protected":false},"excerpt":{"rendered":"<p>Nymphe Javi mont\u00e9e avec un corps tungst\u00e8ne cuivre, habill\u00e9 de vert, et dubbing vert brillant.<br \/>\nAu cul du Javi, un petit tag chartreux d\u00e9cidera les poissons r\u00e9ticents. Nymphe tr\u00e8s lourde pour les gros bouillons puissants!<br \/>\nCe Javis existe en 2 tailles, en hame\u00e7on de 14 pour un poids d&rsquo;environ 0,6g, en hame\u00e7on de 16 pour un poids d&rsquo;environ 0,55g.<\/p>\n<p>&nbsp;<\/p>\n","protected":false},"featured_media":621,"template":"","meta":{"jetpack_post_was_ever_published":false,"_glsr_average":0,"_glsr_ranking":0,"_glsr_reviews":0},"product_brand":[],"product_cat":[21,41],"product_tag":[],"class_list":{"0":"post-623","1":"product","2":"type-product","3":"status-publish","4":"has-post-thumbnail","6":"product_cat-mouches-nymphes","7":"product_cat-nymphes","9":"first","10":"outofstock","11":"shipping-taxable","12":"purchasable","13":"product-type-variable"},"yoast_head":"<!-- This site is optimized with the Yoast SEO plugin v27.4 - https:\/\/yoast.com\/product\/yoast-seo-wordpress\/ -->\n<title>Nymphe Javis vert tagu\u00e9e - Nymphe \/ Mouche Mylovelyrods<\/title>\n<meta name=\"description\" content=\"Nymphe Javis vert tagu\u00e9e, tr\u00e8s lourde pour les gros bouillons puissants, et pour p\u00eacher les gros sp\u00e9cimens qui s&#039;y cachent.\" \/>\n<meta name=\"robots\" content=\"index, follow, max-snippet:-1, max-image-preview:large, max-video-preview:-1\" \/>\n<link rel=\"canonical\" href=\"https:\/\/mylovelyrods.com\/index.php\/produit\/nymphe-javis-vert-taguee\/\" \/>\n<meta property=\"og:locale\" content=\"fr_FR\" \/>\n<meta property=\"og:type\" content=\"article\" \/>\n<meta property=\"og:title\" content=\"Nymphe Javis vert tagu\u00e9e - Nymphe \/ Mouche Mylovelyrods\" \/>\n<meta property=\"og:description\" content=\"Nymphe Javis vert tagu\u00e9e, tr\u00e8s lourde pour les gros bouillons puissants, et pour p\u00eacher les gros sp\u00e9cimens qui s&#039;y cachent.\" \/>\n<meta property=\"og:url\" content=\"https:\/\/mylovelyrods.com\/index.php\/produit\/nymphe-javis-vert-taguee\/\" \/>\n<meta property=\"og:site_name\" content=\"Mylovelyrods\" \/>\n<meta property=\"article:publisher\" content=\"https:\/\/m.facebook.com\/people\/Mylovelyrods\/100062956103344\/?locale=fr_FR\" \/>\n<meta property=\"article:modified_time\" content=\"2024-08-22T19:49:51+00:00\" \/>\n<meta property=\"og:image\" content=\"https:\/\/mylovelyrods.com\/wp-content\/uploads\/2021\/04\/20210409_135303.jpg\" \/>\n\t<meta property=\"og:image:width\" content=\"1118\" \/>\n\t<meta property=\"og:image:height\" content=\"836\" \/>\n\t<meta property=\"og:image:type\" content=\"image\/jpeg\" \/>\n<meta name=\"twitter:card\" content=\"summary_large_image\" \/>\n<meta name=\"twitter:label1\" content=\"Dur\u00e9e de lecture estim\u00e9e\" \/>\n\t<meta name=\"twitter:data1\" content=\"2 minutes\" \/>\n<script type=\"application\/ld+json\" class=\"yoast-schema-graph\">{\"@context\":\"https:\\\/\\\/schema.org\",\"@graph\":[{\"@type\":\"WebPage\",\"@id\":\"https:\\\/\\\/mylovelyrods.com\\\/index.php\\\/produit\\\/nymphe-javis-vert-taguee\\\/\",\"url\":\"https:\\\/\\\/mylovelyrods.com\\\/index.php\\\/produit\\\/nymphe-javis-vert-taguee\\\/\",\"name\":\"Nymphe Javis vert tagu\u00e9e - Nymphe \\\/ Mouche Mylovelyrods\",\"isPartOf\":{\"@id\":\"https:\\\/\\\/mylovelyrods.com\\\/#website\"},\"primaryImageOfPage\":{\"@id\":\"https:\\\/\\\/mylovelyrods.com\\\/index.php\\\/produit\\\/nymphe-javis-vert-taguee\\\/#primaryimage\"},\"image\":{\"@id\":\"https:\\\/\\\/mylovelyrods.com\\\/index.php\\\/produit\\\/nymphe-javis-vert-taguee\\\/#primaryimage\"},\"thumbnailUrl\":\"https:\\\/\\\/i0.wp.com\\\/mylovelyrods.com\\\/wp-content\\\/uploads\\\/2021\\\/04\\\/20210409_135303.jpg?fit=1118%2C836&ssl=1\",\"datePublished\":\"2021-04-09T19:36:28+00:00\",\"dateModified\":\"2024-08-22T19:49:51+00:00\",\"description\":\"Nymphe Javis vert tagu\u00e9e, tr\u00e8s lourde pour les gros bouillons puissants, et pour p\u00eacher les gros sp\u00e9cimens qui s'y cachent.\",\"breadcrumb\":{\"@id\":\"https:\\\/\\\/mylovelyrods.com\\\/index.php\\\/produit\\\/nymphe-javis-vert-taguee\\\/#breadcrumb\"},\"inLanguage\":\"fr-FR\",\"potentialAction\":[{\"@type\":\"ReadAction\",\"target\":[\"https:\\\/\\\/mylovelyrods.com\\\/index.php\\\/produit\\\/nymphe-javis-vert-taguee\\\/\"]}]},{\"@type\":\"ImageObject\",\"inLanguage\":\"fr-FR\",\"@id\":\"https:\\\/\\\/mylovelyrods.com\\\/index.php\\\/produit\\\/nymphe-javis-vert-taguee\\\/#primaryimage\",\"url\":\"https:\\\/\\\/i0.wp.com\\\/mylovelyrods.com\\\/wp-content\\\/uploads\\\/2021\\\/04\\\/20210409_135303.jpg?fit=1118%2C836&ssl=1\",\"contentUrl\":\"https:\\\/\\\/i0.wp.com\\\/mylovelyrods.com\\\/wp-content\\\/uploads\\\/2021\\\/04\\\/20210409_135303.jpg?fit=1118%2C836&ssl=1\",\"width\":1118,\"height\":836},{\"@type\":\"BreadcrumbList\",\"@id\":\"https:\\\/\\\/mylovelyrods.com\\\/index.php\\\/produit\\\/nymphe-javis-vert-taguee\\\/#breadcrumb\",\"itemListElement\":[{\"@type\":\"ListItem\",\"position\":1,\"name\":\"Accueil\",\"item\":\"https:\\\/\\\/mylovelyrods.com\\\/\"},{\"@type\":\"ListItem\",\"position\":2,\"name\":\"Produits\",\"item\":\"https:\\\/\\\/mylovelyrods.com\\\/index.php\\\/boutique\\\/\"},{\"@type\":\"ListItem\",\"position\":3,\"name\":\"Nymphe Javis vert tagu\u00e9e\"}]},{\"@type\":\"WebSite\",\"@id\":\"https:\\\/\\\/mylovelyrods.com\\\/#website\",\"url\":\"https:\\\/\\\/mylovelyrods.com\\\/\",\"name\":\"Mylovelyrods\",\"description\":\"Facteur de canne, restaurations, customisations, rodbuilding, mouches, nymphes et petit mat\u00e9riel...\",\"publisher\":{\"@id\":\"https:\\\/\\\/mylovelyrods.com\\\/#organization\"},\"potentialAction\":[{\"@type\":\"SearchAction\",\"target\":{\"@type\":\"EntryPoint\",\"urlTemplate\":\"https:\\\/\\\/mylovelyrods.com\\\/?s={search_term_string}\"},\"query-input\":{\"@type\":\"PropertyValueSpecification\",\"valueRequired\":true,\"valueName\":\"search_term_string\"}}],\"inLanguage\":\"fr-FR\"},{\"@type\":\"Organization\",\"@id\":\"https:\\\/\\\/mylovelyrods.com\\\/#organization\",\"name\":\"Mylovelyrods\",\"url\":\"https:\\\/\\\/mylovelyrods.com\\\/\",\"logo\":{\"@type\":\"ImageObject\",\"inLanguage\":\"fr-FR\",\"@id\":\"https:\\\/\\\/mylovelyrods.com\\\/#\\\/schema\\\/logo\\\/image\\\/\",\"url\":\"https:\\\/\\\/mylovelyrods.com\\\/wp-content\\\/uploads\\\/2021\\\/01\\\/0001-scaled-e1611186770281.jpg\",\"contentUrl\":\"https:\\\/\\\/mylovelyrods.com\\\/wp-content\\\/uploads\\\/2021\\\/01\\\/0001-scaled-e1611186770281.jpg\",\"width\":2560,\"height\":716,\"caption\":\"Mylovelyrods\"},\"image\":{\"@id\":\"https:\\\/\\\/mylovelyrods.com\\\/#\\\/schema\\\/logo\\\/image\\\/\"},\"sameAs\":[\"https:\\\/\\\/m.facebook.com\\\/people\\\/Mylovelyrods\\\/100062956103344\\\/?locale=fr_FR\",\"https:\\\/\\\/www.instagram.com\\\/mylovelyrods\\\/?hl=fr\"]}]}<\/script>\n<!-- \/ Yoast SEO plugin. -->","yoast_head_json":{"title":"Nymphe Javis vert tagu\u00e9e - Nymphe \/ Mouche Mylovelyrods","description":"Nymphe Javis vert tagu\u00e9e, tr\u00e8s lourde pour les gros bouillons puissants, et pour p\u00eacher les gros sp\u00e9cimens qui s'y cachent.","robots":{"index":"index","follow":"follow","max-snippet":"max-snippet:-1","max-image-preview":"max-image-preview:large","max-video-preview":"max-video-preview:-1"},"canonical":"https:\/\/mylovelyrods.com\/index.php\/produit\/nymphe-javis-vert-taguee\/","og_locale":"fr_FR","og_type":"article","og_title":"Nymphe Javis vert tagu\u00e9e - Nymphe \/ Mouche Mylovelyrods","og_description":"Nymphe Javis vert tagu\u00e9e, tr\u00e8s lourde pour les gros bouillons puissants, et pour p\u00eacher les gros sp\u00e9cimens qui s'y cachent.","og_url":"https:\/\/mylovelyrods.com\/index.php\/produit\/nymphe-javis-vert-taguee\/","og_site_name":"Mylovelyrods","article_publisher":"https:\/\/m.facebook.com\/people\/Mylovelyrods\/100062956103344\/?locale=fr_FR","article_modified_time":"2024-08-22T19:49:51+00:00","og_image":[{"width":1118,"height":836,"url":"https:\/\/mylovelyrods.com\/wp-content\/uploads\/2021\/04\/20210409_135303.jpg","type":"image\/jpeg"}],"twitter_card":"summary_large_image","twitter_misc":{"Dur\u00e9e de lecture estim\u00e9e":"2 minutes"},"schema":{"@context":"https:\/\/schema.org","@graph":[{"@type":"WebPage","@id":"https:\/\/mylovelyrods.com\/index.php\/produit\/nymphe-javis-vert-taguee\/","url":"https:\/\/mylovelyrods.com\/index.php\/produit\/nymphe-javis-vert-taguee\/","name":"Nymphe Javis vert tagu\u00e9e - Nymphe \/ Mouche Mylovelyrods","isPartOf":{"@id":"https:\/\/mylovelyrods.com\/#website"},"primaryImageOfPage":{"@id":"https:\/\/mylovelyrods.com\/index.php\/produit\/nymphe-javis-vert-taguee\/#primaryimage"},"image":{"@id":"https:\/\/mylovelyrods.com\/index.php\/produit\/nymphe-javis-vert-taguee\/#primaryimage"},"thumbnailUrl":"https:\/\/i0.wp.com\/mylovelyrods.com\/wp-content\/uploads\/2021\/04\/20210409_135303.jpg?fit=1118%2C836&ssl=1","datePublished":"2021-04-09T19:36:28+00:00","dateModified":"2024-08-22T19:49:51+00:00","description":"Nymphe Javis vert tagu\u00e9e, tr\u00e8s lourde pour les gros bouillons puissants, et pour p\u00eacher les gros sp\u00e9cimens qui s'y cachent.","breadcrumb":{"@id":"https:\/\/mylovelyrods.com\/index.php\/produit\/nymphe-javis-vert-taguee\/#breadcrumb"},"inLanguage":"fr-FR","potentialAction":[{"@type":"ReadAction","target":["https:\/\/mylovelyrods.com\/index.php\/produit\/nymphe-javis-vert-taguee\/"]}]},{"@type":"ImageObject","inLanguage":"fr-FR","@id":"https:\/\/mylovelyrods.com\/index.php\/produit\/nymphe-javis-vert-taguee\/#primaryimage","url":"https:\/\/i0.wp.com\/mylovelyrods.com\/wp-content\/uploads\/2021\/04\/20210409_135303.jpg?fit=1118%2C836&ssl=1","contentUrl":"https:\/\/i0.wp.com\/mylovelyrods.com\/wp-content\/uploads\/2021\/04\/20210409_135303.jpg?fit=1118%2C836&ssl=1","width":1118,"height":836},{"@type":"BreadcrumbList","@id":"https:\/\/mylovelyrods.com\/index.php\/produit\/nymphe-javis-vert-taguee\/#breadcrumb","itemListElement":[{"@type":"ListItem","position":1,"name":"Accueil","item":"https:\/\/mylovelyrods.com\/"},{"@type":"ListItem","position":2,"name":"Produits","item":"https:\/\/mylovelyrods.com\/index.php\/boutique\/"},{"@type":"ListItem","position":3,"name":"Nymphe Javis vert tagu\u00e9e"}]},{"@type":"WebSite","@id":"https:\/\/mylovelyrods.com\/#website","url":"https:\/\/mylovelyrods.com\/","name":"Mylovelyrods","description":"Facteur de canne, restaurations, customisations, rodbuilding, mouches, nymphes et petit mat\u00e9riel...","publisher":{"@id":"https:\/\/mylovelyrods.com\/#organization"},"potentialAction":[{"@type":"SearchAction","target":{"@type":"EntryPoint","urlTemplate":"https:\/\/mylovelyrods.com\/?s={search_term_string}"},"query-input":{"@type":"PropertyValueSpecification","valueRequired":true,"valueName":"search_term_string"}}],"inLanguage":"fr-FR"},{"@type":"Organization","@id":"https:\/\/mylovelyrods.com\/#organization","name":"Mylovelyrods","url":"https:\/\/mylovelyrods.com\/","logo":{"@type":"ImageObject","inLanguage":"fr-FR","@id":"https:\/\/mylovelyrods.com\/#\/schema\/logo\/image\/","url":"https:\/\/mylovelyrods.com\/wp-content\/uploads\/2021\/01\/0001-scaled-e1611186770281.jpg","contentUrl":"https:\/\/mylovelyrods.com\/wp-content\/uploads\/2021\/01\/0001-scaled-e1611186770281.jpg","width":2560,"height":716,"caption":"Mylovelyrods"},"image":{"@id":"https:\/\/mylovelyrods.com\/#\/schema\/logo\/image\/"},"sameAs":["https:\/\/m.facebook.com\/people\/Mylovelyrods\/100062956103344\/?locale=fr_FR","https:\/\/www.instagram.com\/mylovelyrods\/?hl=fr"]}]}},"jetpack_sharing_enabled":true,"_links":{"self":[{"href":"https:\/\/mylovelyrods.com\/index.php\/wp-json\/wp\/v2\/product\/623","targetHints":{"allow":["GET"]}}],"collection":[{"href":"https:\/\/mylovelyrods.com\/index.php\/wp-json\/wp\/v2\/product"}],"about":[{"href":"https:\/\/mylovelyrods.com\/index.php\/wp-json\/wp\/v2\/types\/product"}],"wp:featuredmedia":[{"embeddable":true,"href":"https:\/\/mylovelyrods.com\/index.php\/wp-json\/wp\/v2\/media\/621"}],"wp:attachment":[{"href":"https:\/\/mylovelyrods.com\/index.php\/wp-json\/wp\/v2\/media?parent=623"}],"wp:term":[{"taxonomy":"product_brand","embeddable":true,"href":"https:\/\/mylovelyrods.com\/index.php\/wp-json\/wp\/v2\/product_brand?post=623"},{"taxonomy":"product_cat","embeddable":true,"href":"https:\/\/mylovelyrods.com\/index.php\/wp-json\/wp\/v2\/product_cat?post=623"},{"taxonomy":"product_tag","embeddable":true,"href":"https:\/\/mylovelyrods.com\/index.php\/wp-json\/wp\/v2\/product_tag?post=623"}],"curies":[{"name":"wp","href":"https:\/\/api.w.org\/{rel}","templated":true}]}}