{"id":636,"date":"2021-04-10T23:02:46","date_gmt":"2021-04-10T21:02:46","guid":{"rendered":"https:\/\/mylovelyrods.com\/?post_type=product&#038;p=636"},"modified":"2025-03-27T23:31:18","modified_gmt":"2025-03-27T22:31:18","slug":"nymphe-jig-pink-lady","status":"publish","type":"product","link":"https:\/\/mylovelyrods.com\/index.php\/produit\/nymphe-jig-pink-lady\/","title":{"rendered":"Nymphe Jig Pink Lady"},"content":{"rendered":"<p>Nymphe Jig Pink Lady lourde mont\u00e9e sur un hame\u00e7on JIG, la faisant d\u00e9river la pointe de l&rsquo;hame\u00e7on vers le haut et limite ainsi les accrochages au fond.<\/p>\n<p>Une excellente nymphe \u00ab\u00a0\u00e0 gratter\u00a0\u00bb. Vous pouvez l&rsquo;utiliser en pointe lorsque vous p\u00eachez en tandem. La collerette de cul de canard apporte a cette nymphe du volume sous l&rsquo;eau, un poisson frileux de d\u00e9but de saison, ne sera pas h\u00e9sitant pour une belle bouch\u00e9e sans trop d&rsquo;effort. C&rsquo;est une nymphe plut\u00f4t lourde, qui fera l&rsquo;affaire en bord ou en fin de courants assez puissants, ou m\u00eame dans des trous. Vous aurez des r\u00e9sultats tout au long de l&rsquo;ann\u00e9e de p\u00eache avec cette nymphe.<\/p>\n<p>C&rsquo;est une super nymphe qui est extr\u00eamement efficace, c&rsquo;est ma pr\u00e9f\u00e9r\u00e9e! ! !<\/p>\n<p>Vous pouvez l&rsquo;utiliser pour p\u00eacher au toc sans aucun probl\u00e8me!<\/p>\n<p>Disponibles en 2 tailles. En hame\u00e7on de 12 et bille argent 4,0mm, et en hame\u00e7on de 14 et bille argent 3,5mm.<\/p>\n<p>Si vous souhaitez des montages de mouches et de nymphes personnalis\u00e9es, n&rsquo;h\u00e9sitez pas \u00e0 me contacter <a href=\"https:\/\/mylovelyrods.com\/index.php\/demande-devis-contact-canne-a-peche-artisanale\/\">ICI<\/a>.<\/p>\n<p>Si vous souhaitez me suivre sur les r\u00e9seaux sociaux c&rsquo;est par <a href=\"https:\/\/www.facebook.com\/pages\/category\/Sports\/Mylovelyrods-101775187859974\/\">ici<\/a> et par <a href=\"https:\/\/www.instagram.com\/mylovelyrods\/?hl=fr\">l\u00e0<\/a> \ud83d\ude42<\/p>\n<p>Nymphe Jig Pink Lady dont les couleurs peuvent l\u00e9g\u00e8rement diff\u00e9rer des couleurs de la photo et vid\u00e9o.<\/p>\n","protected":false},"excerpt":{"rendered":"<p>Nymphe lourde mont\u00e9e sur un hame\u00e7on JIG, la faisant d\u00e9river la pointe de l&rsquo;hame\u00e7on vers le haut et limite ainsi les accrochages au fond. Une excellente nymphe \u00ab\u00a0\u00e0 gratter\u00a0\u00bb \u00e0 utiliser en pointe lorsqu&rsquo;on p\u00eache en tandem. La collerette de cul de canard apporte a cette nymphe du volume sous l&rsquo;eau, un poisson frileux de d\u00e9but de saison, ne sera pas h\u00e9sitant pour une belle bouch\u00e9e sans trop d&rsquo;effort. Disponibles en 2 tailles. En hame\u00e7on de 12 et bille argent 4,0mm, et en hame\u00e7on de 14 et bille argent 3,5mm.<\/p>\n<p>&nbsp;<\/p>\n","protected":false},"featured_media":637,"template":"","meta":{"jetpack_post_was_ever_published":false,"_glsr_average":0,"_glsr_ranking":0,"_glsr_reviews":0},"product_brand":[],"product_cat":[21,41],"product_tag":[],"class_list":{"0":"post-636","1":"product","2":"type-product","3":"status-publish","4":"has-post-thumbnail","6":"product_cat-mouches-nymphes","7":"product_cat-nymphes","9":"first","10":"instock","11":"shipping-taxable","12":"purchasable","13":"product-type-variable"},"yoast_head":"<!-- This site is optimized with the Yoast SEO plugin v27.4 - https:\/\/yoast.com\/product\/yoast-seo-wordpress\/ -->\n<title>Nymphe Jig Pink Lady - Nymphe - Mylovelyrods<\/title>\n<meta name=\"description\" content=\"Nymphe Jig Pink Lady lourde mont\u00e9e sur un hame\u00e7on JIG. Une excellente nymphe &quot;\u00e0 gratter&quot; \u00e0 utiliser en pointe lorsqu&#039;on p\u00eache en tandem\" \/>\n<meta name=\"robots\" content=\"index, follow, max-snippet:-1, max-image-preview:large, max-video-preview:-1\" \/>\n<link rel=\"canonical\" href=\"https:\/\/mylovelyrods.com\/index.php\/produit\/nymphe-jig-pink-lady\/\" \/>\n<meta property=\"og:locale\" content=\"fr_FR\" \/>\n<meta property=\"og:type\" content=\"article\" \/>\n<meta property=\"og:title\" content=\"Nymphe Jig Pink Lady - Nymphe - Mylovelyrods\" \/>\n<meta property=\"og:description\" content=\"Nymphe Jig Pink Lady lourde mont\u00e9e sur un hame\u00e7on JIG. Une excellente nymphe &quot;\u00e0 gratter&quot; \u00e0 utiliser en pointe lorsqu&#039;on p\u00eache en tandem\" \/>\n<meta property=\"og:url\" content=\"https:\/\/mylovelyrods.com\/index.php\/produit\/nymphe-jig-pink-lady\/\" \/>\n<meta property=\"og:site_name\" content=\"Mylovelyrods\" \/>\n<meta property=\"article:publisher\" content=\"https:\/\/m.facebook.com\/people\/Mylovelyrods\/100062956103344\/?locale=fr_FR\" \/>\n<meta property=\"article:modified_time\" content=\"2025-03-27T22:31:18+00:00\" \/>\n<meta property=\"og:image\" content=\"https:\/\/mylovelyrods.com\/wp-content\/uploads\/2021\/04\/20210409_140510.jpg\" \/>\n\t<meta property=\"og:image:width\" content=\"1233\" \/>\n\t<meta property=\"og:image:height\" content=\"925\" \/>\n\t<meta property=\"og:image:type\" content=\"image\/jpeg\" \/>\n<meta name=\"twitter:card\" content=\"summary_large_image\" \/>\n<meta name=\"twitter:label1\" content=\"Dur\u00e9e de lecture estim\u00e9e\" \/>\n\t<meta name=\"twitter:data1\" content=\"2 minutes\" \/>\n<script type=\"application\/ld+json\" class=\"yoast-schema-graph\">{\"@context\":\"https:\\\/\\\/schema.org\",\"@graph\":[{\"@type\":\"WebPage\",\"@id\":\"https:\\\/\\\/mylovelyrods.com\\\/index.php\\\/produit\\\/nymphe-jig-pink-lady\\\/\",\"url\":\"https:\\\/\\\/mylovelyrods.com\\\/index.php\\\/produit\\\/nymphe-jig-pink-lady\\\/\",\"name\":\"Nymphe Jig Pink Lady - Nymphe - Mylovelyrods\",\"isPartOf\":{\"@id\":\"https:\\\/\\\/mylovelyrods.com\\\/#website\"},\"primaryImageOfPage\":{\"@id\":\"https:\\\/\\\/mylovelyrods.com\\\/index.php\\\/produit\\\/nymphe-jig-pink-lady\\\/#primaryimage\"},\"image\":{\"@id\":\"https:\\\/\\\/mylovelyrods.com\\\/index.php\\\/produit\\\/nymphe-jig-pink-lady\\\/#primaryimage\"},\"thumbnailUrl\":\"https:\\\/\\\/i0.wp.com\\\/mylovelyrods.com\\\/wp-content\\\/uploads\\\/2021\\\/04\\\/20210409_140510.jpg?fit=1233%2C925&ssl=1\",\"datePublished\":\"2021-04-10T21:02:46+00:00\",\"dateModified\":\"2025-03-27T22:31:18+00:00\",\"description\":\"Nymphe Jig Pink Lady lourde mont\u00e9e sur un hame\u00e7on JIG. Une excellente nymphe \\\"\u00e0 gratter\\\" \u00e0 utiliser en pointe lorsqu'on p\u00eache en tandem\",\"breadcrumb\":{\"@id\":\"https:\\\/\\\/mylovelyrods.com\\\/index.php\\\/produit\\\/nymphe-jig-pink-lady\\\/#breadcrumb\"},\"inLanguage\":\"fr-FR\",\"potentialAction\":[{\"@type\":\"ReadAction\",\"target\":[\"https:\\\/\\\/mylovelyrods.com\\\/index.php\\\/produit\\\/nymphe-jig-pink-lady\\\/\"]}]},{\"@type\":\"ImageObject\",\"inLanguage\":\"fr-FR\",\"@id\":\"https:\\\/\\\/mylovelyrods.com\\\/index.php\\\/produit\\\/nymphe-jig-pink-lady\\\/#primaryimage\",\"url\":\"https:\\\/\\\/i0.wp.com\\\/mylovelyrods.com\\\/wp-content\\\/uploads\\\/2021\\\/04\\\/20210409_140510.jpg?fit=1233%2C925&ssl=1\",\"contentUrl\":\"https:\\\/\\\/i0.wp.com\\\/mylovelyrods.com\\\/wp-content\\\/uploads\\\/2021\\\/04\\\/20210409_140510.jpg?fit=1233%2C925&ssl=1\",\"width\":1233,\"height\":925},{\"@type\":\"BreadcrumbList\",\"@id\":\"https:\\\/\\\/mylovelyrods.com\\\/index.php\\\/produit\\\/nymphe-jig-pink-lady\\\/#breadcrumb\",\"itemListElement\":[{\"@type\":\"ListItem\",\"position\":1,\"name\":\"Accueil\",\"item\":\"https:\\\/\\\/mylovelyrods.com\\\/\"},{\"@type\":\"ListItem\",\"position\":2,\"name\":\"Produits\",\"item\":\"https:\\\/\\\/mylovelyrods.com\\\/index.php\\\/boutique\\\/\"},{\"@type\":\"ListItem\",\"position\":3,\"name\":\"Nymphe Jig Pink Lady\"}]},{\"@type\":\"WebSite\",\"@id\":\"https:\\\/\\\/mylovelyrods.com\\\/#website\",\"url\":\"https:\\\/\\\/mylovelyrods.com\\\/\",\"name\":\"Mylovelyrods\",\"description\":\"Facteur de canne, restaurations, customisations, rodbuilding, mouches, nymphes et petit mat\u00e9riel...\",\"publisher\":{\"@id\":\"https:\\\/\\\/mylovelyrods.com\\\/#organization\"},\"potentialAction\":[{\"@type\":\"SearchAction\",\"target\":{\"@type\":\"EntryPoint\",\"urlTemplate\":\"https:\\\/\\\/mylovelyrods.com\\\/?s={search_term_string}\"},\"query-input\":{\"@type\":\"PropertyValueSpecification\",\"valueRequired\":true,\"valueName\":\"search_term_string\"}}],\"inLanguage\":\"fr-FR\"},{\"@type\":\"Organization\",\"@id\":\"https:\\\/\\\/mylovelyrods.com\\\/#organization\",\"name\":\"Mylovelyrods\",\"url\":\"https:\\\/\\\/mylovelyrods.com\\\/\",\"logo\":{\"@type\":\"ImageObject\",\"inLanguage\":\"fr-FR\",\"@id\":\"https:\\\/\\\/mylovelyrods.com\\\/#\\\/schema\\\/logo\\\/image\\\/\",\"url\":\"https:\\\/\\\/mylovelyrods.com\\\/wp-content\\\/uploads\\\/2021\\\/01\\\/0001-scaled-e1611186770281.jpg\",\"contentUrl\":\"https:\\\/\\\/mylovelyrods.com\\\/wp-content\\\/uploads\\\/2021\\\/01\\\/0001-scaled-e1611186770281.jpg\",\"width\":2560,\"height\":716,\"caption\":\"Mylovelyrods\"},\"image\":{\"@id\":\"https:\\\/\\\/mylovelyrods.com\\\/#\\\/schema\\\/logo\\\/image\\\/\"},\"sameAs\":[\"https:\\\/\\\/m.facebook.com\\\/people\\\/Mylovelyrods\\\/100062956103344\\\/?locale=fr_FR\",\"https:\\\/\\\/www.instagram.com\\\/mylovelyrods\\\/?hl=fr\"]}]}<\/script>\n<!-- \/ Yoast SEO plugin. -->","yoast_head_json":{"title":"Nymphe Jig Pink Lady - Nymphe - Mylovelyrods","description":"Nymphe Jig Pink Lady lourde mont\u00e9e sur un hame\u00e7on JIG. Une excellente nymphe \"\u00e0 gratter\" \u00e0 utiliser en pointe lorsqu'on p\u00eache en tandem","robots":{"index":"index","follow":"follow","max-snippet":"max-snippet:-1","max-image-preview":"max-image-preview:large","max-video-preview":"max-video-preview:-1"},"canonical":"https:\/\/mylovelyrods.com\/index.php\/produit\/nymphe-jig-pink-lady\/","og_locale":"fr_FR","og_type":"article","og_title":"Nymphe Jig Pink Lady - Nymphe - Mylovelyrods","og_description":"Nymphe Jig Pink Lady lourde mont\u00e9e sur un hame\u00e7on JIG. Une excellente nymphe \"\u00e0 gratter\" \u00e0 utiliser en pointe lorsqu'on p\u00eache en tandem","og_url":"https:\/\/mylovelyrods.com\/index.php\/produit\/nymphe-jig-pink-lady\/","og_site_name":"Mylovelyrods","article_publisher":"https:\/\/m.facebook.com\/people\/Mylovelyrods\/100062956103344\/?locale=fr_FR","article_modified_time":"2025-03-27T22:31:18+00:00","og_image":[{"width":1233,"height":925,"url":"https:\/\/mylovelyrods.com\/wp-content\/uploads\/2021\/04\/20210409_140510.jpg","type":"image\/jpeg"}],"twitter_card":"summary_large_image","twitter_misc":{"Dur\u00e9e de lecture estim\u00e9e":"2 minutes"},"schema":{"@context":"https:\/\/schema.org","@graph":[{"@type":"WebPage","@id":"https:\/\/mylovelyrods.com\/index.php\/produit\/nymphe-jig-pink-lady\/","url":"https:\/\/mylovelyrods.com\/index.php\/produit\/nymphe-jig-pink-lady\/","name":"Nymphe Jig Pink Lady - Nymphe - Mylovelyrods","isPartOf":{"@id":"https:\/\/mylovelyrods.com\/#website"},"primaryImageOfPage":{"@id":"https:\/\/mylovelyrods.com\/index.php\/produit\/nymphe-jig-pink-lady\/#primaryimage"},"image":{"@id":"https:\/\/mylovelyrods.com\/index.php\/produit\/nymphe-jig-pink-lady\/#primaryimage"},"thumbnailUrl":"https:\/\/i0.wp.com\/mylovelyrods.com\/wp-content\/uploads\/2021\/04\/20210409_140510.jpg?fit=1233%2C925&ssl=1","datePublished":"2021-04-10T21:02:46+00:00","dateModified":"2025-03-27T22:31:18+00:00","description":"Nymphe Jig Pink Lady lourde mont\u00e9e sur un hame\u00e7on JIG. Une excellente nymphe \"\u00e0 gratter\" \u00e0 utiliser en pointe lorsqu'on p\u00eache en tandem","breadcrumb":{"@id":"https:\/\/mylovelyrods.com\/index.php\/produit\/nymphe-jig-pink-lady\/#breadcrumb"},"inLanguage":"fr-FR","potentialAction":[{"@type":"ReadAction","target":["https:\/\/mylovelyrods.com\/index.php\/produit\/nymphe-jig-pink-lady\/"]}]},{"@type":"ImageObject","inLanguage":"fr-FR","@id":"https:\/\/mylovelyrods.com\/index.php\/produit\/nymphe-jig-pink-lady\/#primaryimage","url":"https:\/\/i0.wp.com\/mylovelyrods.com\/wp-content\/uploads\/2021\/04\/20210409_140510.jpg?fit=1233%2C925&ssl=1","contentUrl":"https:\/\/i0.wp.com\/mylovelyrods.com\/wp-content\/uploads\/2021\/04\/20210409_140510.jpg?fit=1233%2C925&ssl=1","width":1233,"height":925},{"@type":"BreadcrumbList","@id":"https:\/\/mylovelyrods.com\/index.php\/produit\/nymphe-jig-pink-lady\/#breadcrumb","itemListElement":[{"@type":"ListItem","position":1,"name":"Accueil","item":"https:\/\/mylovelyrods.com\/"},{"@type":"ListItem","position":2,"name":"Produits","item":"https:\/\/mylovelyrods.com\/index.php\/boutique\/"},{"@type":"ListItem","position":3,"name":"Nymphe Jig Pink Lady"}]},{"@type":"WebSite","@id":"https:\/\/mylovelyrods.com\/#website","url":"https:\/\/mylovelyrods.com\/","name":"Mylovelyrods","description":"Facteur de canne, restaurations, customisations, rodbuilding, mouches, nymphes et petit mat\u00e9riel...","publisher":{"@id":"https:\/\/mylovelyrods.com\/#organization"},"potentialAction":[{"@type":"SearchAction","target":{"@type":"EntryPoint","urlTemplate":"https:\/\/mylovelyrods.com\/?s={search_term_string}"},"query-input":{"@type":"PropertyValueSpecification","valueRequired":true,"valueName":"search_term_string"}}],"inLanguage":"fr-FR"},{"@type":"Organization","@id":"https:\/\/mylovelyrods.com\/#organization","name":"Mylovelyrods","url":"https:\/\/mylovelyrods.com\/","logo":{"@type":"ImageObject","inLanguage":"fr-FR","@id":"https:\/\/mylovelyrods.com\/#\/schema\/logo\/image\/","url":"https:\/\/mylovelyrods.com\/wp-content\/uploads\/2021\/01\/0001-scaled-e1611186770281.jpg","contentUrl":"https:\/\/mylovelyrods.com\/wp-content\/uploads\/2021\/01\/0001-scaled-e1611186770281.jpg","width":2560,"height":716,"caption":"Mylovelyrods"},"image":{"@id":"https:\/\/mylovelyrods.com\/#\/schema\/logo\/image\/"},"sameAs":["https:\/\/m.facebook.com\/people\/Mylovelyrods\/100062956103344\/?locale=fr_FR","https:\/\/www.instagram.com\/mylovelyrods\/?hl=fr"]}]}},"jetpack_sharing_enabled":true,"_links":{"self":[{"href":"https:\/\/mylovelyrods.com\/index.php\/wp-json\/wp\/v2\/product\/636","targetHints":{"allow":["GET"]}}],"collection":[{"href":"https:\/\/mylovelyrods.com\/index.php\/wp-json\/wp\/v2\/product"}],"about":[{"href":"https:\/\/mylovelyrods.com\/index.php\/wp-json\/wp\/v2\/types\/product"}],"wp:featuredmedia":[{"embeddable":true,"href":"https:\/\/mylovelyrods.com\/index.php\/wp-json\/wp\/v2\/media\/637"}],"wp:attachment":[{"href":"https:\/\/mylovelyrods.com\/index.php\/wp-json\/wp\/v2\/media?parent=636"}],"wp:term":[{"taxonomy":"product_brand","embeddable":true,"href":"https:\/\/mylovelyrods.com\/index.php\/wp-json\/wp\/v2\/product_brand?post=636"},{"taxonomy":"product_cat","embeddable":true,"href":"https:\/\/mylovelyrods.com\/index.php\/wp-json\/wp\/v2\/product_cat?post=636"},{"taxonomy":"product_tag","embeddable":true,"href":"https:\/\/mylovelyrods.com\/index.php\/wp-json\/wp\/v2\/product_tag?post=636"}],"curies":[{"name":"wp","href":"https:\/\/api.w.org\/{rel}","templated":true}]}}