{"id":645,"date":"2021-04-11T17:47:45","date_gmt":"2021-04-11T15:47:45","guid":{"rendered":"https:\/\/mylovelyrods.com\/?post_type=product&#038;p=645"},"modified":"2026-03-25T21:45:47","modified_gmt":"2026-03-25T20:45:47","slug":"nymphe-la-faisane","status":"publish","type":"product","link":"https:\/\/mylovelyrods.com\/index.php\/produit\/nymphe-la-faisane\/","title":{"rendered":"Nymphe La Faisane"},"content":{"rendered":"<p>Nymphe La Faisane mont\u00e9e sur un hame\u00e7on JIG, la faisant d\u00e9river la pointe de l&rsquo;hame\u00e7on vers le haut et limitant ainsi les accrochages au fond. Une excellente nymphe \u00e0 utiliser en pointe ou en potence. C&rsquo;est une valeur s\u00fbre.<\/p>\n<p>La faisane, ou french pheasent tail, est une nymphe universelle, avec laquelle vous aurez des r\u00e9sultats sur la plupart des rivi\u00e8res et en toutes saisons. C&rsquo;est la nymphe que j&rsquo;utilise quand je suis au bord de l&rsquo;eau, qu&rsquo;il n&rsquo;y a pas d&rsquo;\u00e9closion, et que je ne sais pas quoi mettre. Je mets cette nymphe ou alors la <a href=\"https:\/\/mylovelyrods.com\/index.php\/produit\/nymphe-la-faisane-francaise\/\">Nymphe Faisane fran\u00e7aise<\/a>. Les 2 sont tr\u00e8s efficaces.<\/p>\n<p>C&rsquo;est une nymphe qui est efficace dans toutes les rivi\u00e8res d&rsquo;Europe, et d&rsquo;Am\u00e9rique du nord et&#8230; partout!<\/p>\n<p>Disponibles en hame\u00e7on de 14 et bille argent 3,5mm et en hame\u00e7on de 16 et bille argent 3,0mm.<\/p>\n<p>Vous pouvez l&rsquo;utiliser \u00e9galement pour la p\u00eache au toc. Je vous conseille vivement de l&rsquo;essayer.<\/p>\n<p>Si vous souhaitez des montages de mouches et de nymphes personnalis\u00e9es, n&rsquo;h\u00e9sitez pas \u00e0 me contacter <a href=\"https:\/\/mylovelyrods.com\/index.php\/demande-devis-contact-canne-a-peche-artisanale\/\">ICI<\/a>.<\/p>\n<p>Si vous souhaitez me suivre sur les r\u00e9seaux sociaux c&rsquo;est par <a href=\"https:\/\/www.facebook.com\/pages\/category\/Sports\/Mylovelyrods-101775187859974\/\">ici<\/a> et par <a href=\"https:\/\/www.instagram.com\/mylovelyrods\/?hl=fr\">l\u00e0<\/a> \ud83d\ude42<\/p>\n<p>Nymphe La Faisane Fran\u00e7aise dont les couleurs peuvent l\u00e9g\u00e8rement diff\u00e9rer des couleurs de la photo et vid\u00e9o<\/p>\n","protected":false},"excerpt":{"rendered":"<p>Nymphe lourde mont\u00e9e sur un hame\u00e7on JIG, la faisant d\u00e9river la pointe de l&rsquo;hame\u00e7on vers le haut et limitant ainsi les accrochages au fond. Une excellente nymphe \u00ab\u00a0\u00e0 gratter\u00a0\u00bb \u00e0 utiliser en pointe lorsqu&rsquo;on p\u00eache en tandem. La faisane est une nymphe universelle, avec laquelle vous aurez des r\u00e9sultats sur la plupart des rivi\u00e8res et en toutes saisons. Disponibles en hame\u00e7on de 14 et bille cuivre 3,5mm.<\/p>\n<p>&nbsp;<\/p>\n","protected":false},"featured_media":646,"template":"","meta":{"jetpack_post_was_ever_published":false,"_glsr_average":0,"_glsr_ranking":0,"_glsr_reviews":0},"product_brand":[],"product_cat":[21,41],"product_tag":[],"class_list":{"0":"post-645","1":"product","2":"type-product","3":"status-publish","4":"has-post-thumbnail","6":"product_cat-mouches-nymphes","7":"product_cat-nymphes","9":"first","10":"instock","11":"shipping-taxable","12":"purchasable","13":"product-type-variable"},"yoast_head":"<!-- This site is optimized with the Yoast SEO plugin v27.4 - https:\/\/yoast.com\/product\/yoast-seo-wordpress\/ -->\n<title>Nymphe La Faisane - Nymphe - P\u00eache \u00e0 la mouche<\/title>\n<meta name=\"description\" content=\"Nymphe La Faisane lourde mont\u00e9e sur un hame\u00e7on JIG. Une excellente nymphe &quot;\u00e0 gratter&quot; \u00e0 utiliser en pointe lorsqu&#039;on p\u00eache en tandem\" \/>\n<meta name=\"robots\" content=\"index, follow, max-snippet:-1, max-image-preview:large, max-video-preview:-1\" \/>\n<link rel=\"canonical\" href=\"https:\/\/mylovelyrods.com\/index.php\/produit\/nymphe-la-faisane\/\" \/>\n<meta property=\"og:locale\" content=\"fr_FR\" \/>\n<meta property=\"og:type\" content=\"article\" \/>\n<meta property=\"og:title\" content=\"Nymphe La Faisane - Nymphe - P\u00eache \u00e0 la mouche\" \/>\n<meta property=\"og:description\" content=\"Nymphe La Faisane lourde mont\u00e9e sur un hame\u00e7on JIG. Une excellente nymphe &quot;\u00e0 gratter&quot; \u00e0 utiliser en pointe lorsqu&#039;on p\u00eache en tandem\" \/>\n<meta property=\"og:url\" content=\"https:\/\/mylovelyrods.com\/index.php\/produit\/nymphe-la-faisane\/\" \/>\n<meta property=\"og:site_name\" content=\"Mylovelyrods\" \/>\n<meta property=\"article:publisher\" content=\"https:\/\/m.facebook.com\/people\/Mylovelyrods\/100062956103344\/?locale=fr_FR\" \/>\n<meta property=\"article:modified_time\" content=\"2026-03-25T20:45:47+00:00\" \/>\n<meta property=\"og:image\" content=\"https:\/\/mylovelyrods.com\/wp-content\/uploads\/2021\/04\/20210409_141428.jpg\" \/>\n\t<meta property=\"og:image:width\" content=\"978\" \/>\n\t<meta property=\"og:image:height\" content=\"734\" \/>\n\t<meta property=\"og:image:type\" content=\"image\/jpeg\" \/>\n<meta name=\"twitter:card\" content=\"summary_large_image\" \/>\n<meta name=\"twitter:label1\" content=\"Dur\u00e9e de lecture estim\u00e9e\" \/>\n\t<meta name=\"twitter:data1\" content=\"2 minutes\" \/>\n<script type=\"application\/ld+json\" class=\"yoast-schema-graph\">{\"@context\":\"https:\\\/\\\/schema.org\",\"@graph\":[{\"@type\":\"WebPage\",\"@id\":\"https:\\\/\\\/mylovelyrods.com\\\/index.php\\\/produit\\\/nymphe-la-faisane\\\/\",\"url\":\"https:\\\/\\\/mylovelyrods.com\\\/index.php\\\/produit\\\/nymphe-la-faisane\\\/\",\"name\":\"Nymphe La Faisane - Nymphe - P\u00eache \u00e0 la mouche\",\"isPartOf\":{\"@id\":\"https:\\\/\\\/mylovelyrods.com\\\/#website\"},\"primaryImageOfPage\":{\"@id\":\"https:\\\/\\\/mylovelyrods.com\\\/index.php\\\/produit\\\/nymphe-la-faisane\\\/#primaryimage\"},\"image\":{\"@id\":\"https:\\\/\\\/mylovelyrods.com\\\/index.php\\\/produit\\\/nymphe-la-faisane\\\/#primaryimage\"},\"thumbnailUrl\":\"https:\\\/\\\/i0.wp.com\\\/mylovelyrods.com\\\/wp-content\\\/uploads\\\/2021\\\/04\\\/20210409_141428.jpg?fit=978%2C734&ssl=1\",\"datePublished\":\"2021-04-11T15:47:45+00:00\",\"dateModified\":\"2026-03-25T20:45:47+00:00\",\"description\":\"Nymphe La Faisane lourde mont\u00e9e sur un hame\u00e7on JIG. Une excellente nymphe \\\"\u00e0 gratter\\\" \u00e0 utiliser en pointe lorsqu'on p\u00eache en tandem\",\"breadcrumb\":{\"@id\":\"https:\\\/\\\/mylovelyrods.com\\\/index.php\\\/produit\\\/nymphe-la-faisane\\\/#breadcrumb\"},\"inLanguage\":\"fr-FR\",\"potentialAction\":[{\"@type\":\"ReadAction\",\"target\":[\"https:\\\/\\\/mylovelyrods.com\\\/index.php\\\/produit\\\/nymphe-la-faisane\\\/\"]}]},{\"@type\":\"ImageObject\",\"inLanguage\":\"fr-FR\",\"@id\":\"https:\\\/\\\/mylovelyrods.com\\\/index.php\\\/produit\\\/nymphe-la-faisane\\\/#primaryimage\",\"url\":\"https:\\\/\\\/i0.wp.com\\\/mylovelyrods.com\\\/wp-content\\\/uploads\\\/2021\\\/04\\\/20210409_141428.jpg?fit=978%2C734&ssl=1\",\"contentUrl\":\"https:\\\/\\\/i0.wp.com\\\/mylovelyrods.com\\\/wp-content\\\/uploads\\\/2021\\\/04\\\/20210409_141428.jpg?fit=978%2C734&ssl=1\",\"width\":978,\"height\":734},{\"@type\":\"BreadcrumbList\",\"@id\":\"https:\\\/\\\/mylovelyrods.com\\\/index.php\\\/produit\\\/nymphe-la-faisane\\\/#breadcrumb\",\"itemListElement\":[{\"@type\":\"ListItem\",\"position\":1,\"name\":\"Accueil\",\"item\":\"https:\\\/\\\/mylovelyrods.com\\\/\"},{\"@type\":\"ListItem\",\"position\":2,\"name\":\"Produits\",\"item\":\"https:\\\/\\\/mylovelyrods.com\\\/index.php\\\/boutique\\\/\"},{\"@type\":\"ListItem\",\"position\":3,\"name\":\"Nymphe La Faisane\"}]},{\"@type\":\"WebSite\",\"@id\":\"https:\\\/\\\/mylovelyrods.com\\\/#website\",\"url\":\"https:\\\/\\\/mylovelyrods.com\\\/\",\"name\":\"Mylovelyrods\",\"description\":\"Facteur de canne, restaurations, customisations, rodbuilding, mouches, nymphes et petit mat\u00e9riel...\",\"publisher\":{\"@id\":\"https:\\\/\\\/mylovelyrods.com\\\/#organization\"},\"potentialAction\":[{\"@type\":\"SearchAction\",\"target\":{\"@type\":\"EntryPoint\",\"urlTemplate\":\"https:\\\/\\\/mylovelyrods.com\\\/?s={search_term_string}\"},\"query-input\":{\"@type\":\"PropertyValueSpecification\",\"valueRequired\":true,\"valueName\":\"search_term_string\"}}],\"inLanguage\":\"fr-FR\"},{\"@type\":\"Organization\",\"@id\":\"https:\\\/\\\/mylovelyrods.com\\\/#organization\",\"name\":\"Mylovelyrods\",\"url\":\"https:\\\/\\\/mylovelyrods.com\\\/\",\"logo\":{\"@type\":\"ImageObject\",\"inLanguage\":\"fr-FR\",\"@id\":\"https:\\\/\\\/mylovelyrods.com\\\/#\\\/schema\\\/logo\\\/image\\\/\",\"url\":\"https:\\\/\\\/mylovelyrods.com\\\/wp-content\\\/uploads\\\/2021\\\/01\\\/0001-scaled-e1611186770281.jpg\",\"contentUrl\":\"https:\\\/\\\/mylovelyrods.com\\\/wp-content\\\/uploads\\\/2021\\\/01\\\/0001-scaled-e1611186770281.jpg\",\"width\":2560,\"height\":716,\"caption\":\"Mylovelyrods\"},\"image\":{\"@id\":\"https:\\\/\\\/mylovelyrods.com\\\/#\\\/schema\\\/logo\\\/image\\\/\"},\"sameAs\":[\"https:\\\/\\\/m.facebook.com\\\/people\\\/Mylovelyrods\\\/100062956103344\\\/?locale=fr_FR\",\"https:\\\/\\\/www.instagram.com\\\/mylovelyrods\\\/?hl=fr\"]}]}<\/script>\n<!-- \/ Yoast SEO plugin. -->","yoast_head_json":{"title":"Nymphe La Faisane - Nymphe - P\u00eache \u00e0 la mouche","description":"Nymphe La Faisane lourde mont\u00e9e sur un hame\u00e7on JIG. Une excellente nymphe \"\u00e0 gratter\" \u00e0 utiliser en pointe lorsqu'on p\u00eache en tandem","robots":{"index":"index","follow":"follow","max-snippet":"max-snippet:-1","max-image-preview":"max-image-preview:large","max-video-preview":"max-video-preview:-1"},"canonical":"https:\/\/mylovelyrods.com\/index.php\/produit\/nymphe-la-faisane\/","og_locale":"fr_FR","og_type":"article","og_title":"Nymphe La Faisane - Nymphe - P\u00eache \u00e0 la mouche","og_description":"Nymphe La Faisane lourde mont\u00e9e sur un hame\u00e7on JIG. Une excellente nymphe \"\u00e0 gratter\" \u00e0 utiliser en pointe lorsqu'on p\u00eache en tandem","og_url":"https:\/\/mylovelyrods.com\/index.php\/produit\/nymphe-la-faisane\/","og_site_name":"Mylovelyrods","article_publisher":"https:\/\/m.facebook.com\/people\/Mylovelyrods\/100062956103344\/?locale=fr_FR","article_modified_time":"2026-03-25T20:45:47+00:00","og_image":[{"width":978,"height":734,"url":"https:\/\/mylovelyrods.com\/wp-content\/uploads\/2021\/04\/20210409_141428.jpg","type":"image\/jpeg"}],"twitter_card":"summary_large_image","twitter_misc":{"Dur\u00e9e de lecture estim\u00e9e":"2 minutes"},"schema":{"@context":"https:\/\/schema.org","@graph":[{"@type":"WebPage","@id":"https:\/\/mylovelyrods.com\/index.php\/produit\/nymphe-la-faisane\/","url":"https:\/\/mylovelyrods.com\/index.php\/produit\/nymphe-la-faisane\/","name":"Nymphe La Faisane - Nymphe - P\u00eache \u00e0 la mouche","isPartOf":{"@id":"https:\/\/mylovelyrods.com\/#website"},"primaryImageOfPage":{"@id":"https:\/\/mylovelyrods.com\/index.php\/produit\/nymphe-la-faisane\/#primaryimage"},"image":{"@id":"https:\/\/mylovelyrods.com\/index.php\/produit\/nymphe-la-faisane\/#primaryimage"},"thumbnailUrl":"https:\/\/i0.wp.com\/mylovelyrods.com\/wp-content\/uploads\/2021\/04\/20210409_141428.jpg?fit=978%2C734&ssl=1","datePublished":"2021-04-11T15:47:45+00:00","dateModified":"2026-03-25T20:45:47+00:00","description":"Nymphe La Faisane lourde mont\u00e9e sur un hame\u00e7on JIG. Une excellente nymphe \"\u00e0 gratter\" \u00e0 utiliser en pointe lorsqu'on p\u00eache en tandem","breadcrumb":{"@id":"https:\/\/mylovelyrods.com\/index.php\/produit\/nymphe-la-faisane\/#breadcrumb"},"inLanguage":"fr-FR","potentialAction":[{"@type":"ReadAction","target":["https:\/\/mylovelyrods.com\/index.php\/produit\/nymphe-la-faisane\/"]}]},{"@type":"ImageObject","inLanguage":"fr-FR","@id":"https:\/\/mylovelyrods.com\/index.php\/produit\/nymphe-la-faisane\/#primaryimage","url":"https:\/\/i0.wp.com\/mylovelyrods.com\/wp-content\/uploads\/2021\/04\/20210409_141428.jpg?fit=978%2C734&ssl=1","contentUrl":"https:\/\/i0.wp.com\/mylovelyrods.com\/wp-content\/uploads\/2021\/04\/20210409_141428.jpg?fit=978%2C734&ssl=1","width":978,"height":734},{"@type":"BreadcrumbList","@id":"https:\/\/mylovelyrods.com\/index.php\/produit\/nymphe-la-faisane\/#breadcrumb","itemListElement":[{"@type":"ListItem","position":1,"name":"Accueil","item":"https:\/\/mylovelyrods.com\/"},{"@type":"ListItem","position":2,"name":"Produits","item":"https:\/\/mylovelyrods.com\/index.php\/boutique\/"},{"@type":"ListItem","position":3,"name":"Nymphe La Faisane"}]},{"@type":"WebSite","@id":"https:\/\/mylovelyrods.com\/#website","url":"https:\/\/mylovelyrods.com\/","name":"Mylovelyrods","description":"Facteur de canne, restaurations, customisations, rodbuilding, mouches, nymphes et petit mat\u00e9riel...","publisher":{"@id":"https:\/\/mylovelyrods.com\/#organization"},"potentialAction":[{"@type":"SearchAction","target":{"@type":"EntryPoint","urlTemplate":"https:\/\/mylovelyrods.com\/?s={search_term_string}"},"query-input":{"@type":"PropertyValueSpecification","valueRequired":true,"valueName":"search_term_string"}}],"inLanguage":"fr-FR"},{"@type":"Organization","@id":"https:\/\/mylovelyrods.com\/#organization","name":"Mylovelyrods","url":"https:\/\/mylovelyrods.com\/","logo":{"@type":"ImageObject","inLanguage":"fr-FR","@id":"https:\/\/mylovelyrods.com\/#\/schema\/logo\/image\/","url":"https:\/\/mylovelyrods.com\/wp-content\/uploads\/2021\/01\/0001-scaled-e1611186770281.jpg","contentUrl":"https:\/\/mylovelyrods.com\/wp-content\/uploads\/2021\/01\/0001-scaled-e1611186770281.jpg","width":2560,"height":716,"caption":"Mylovelyrods"},"image":{"@id":"https:\/\/mylovelyrods.com\/#\/schema\/logo\/image\/"},"sameAs":["https:\/\/m.facebook.com\/people\/Mylovelyrods\/100062956103344\/?locale=fr_FR","https:\/\/www.instagram.com\/mylovelyrods\/?hl=fr"]}]}},"jetpack_sharing_enabled":true,"_links":{"self":[{"href":"https:\/\/mylovelyrods.com\/index.php\/wp-json\/wp\/v2\/product\/645","targetHints":{"allow":["GET"]}}],"collection":[{"href":"https:\/\/mylovelyrods.com\/index.php\/wp-json\/wp\/v2\/product"}],"about":[{"href":"https:\/\/mylovelyrods.com\/index.php\/wp-json\/wp\/v2\/types\/product"}],"wp:featuredmedia":[{"embeddable":true,"href":"https:\/\/mylovelyrods.com\/index.php\/wp-json\/wp\/v2\/media\/646"}],"wp:attachment":[{"href":"https:\/\/mylovelyrods.com\/index.php\/wp-json\/wp\/v2\/media?parent=645"}],"wp:term":[{"taxonomy":"product_brand","embeddable":true,"href":"https:\/\/mylovelyrods.com\/index.php\/wp-json\/wp\/v2\/product_brand?post=645"},{"taxonomy":"product_cat","embeddable":true,"href":"https:\/\/mylovelyrods.com\/index.php\/wp-json\/wp\/v2\/product_cat?post=645"},{"taxonomy":"product_tag","embeddable":true,"href":"https:\/\/mylovelyrods.com\/index.php\/wp-json\/wp\/v2\/product_tag?post=645"}],"curies":[{"name":"wp","href":"https:\/\/api.w.org\/{rel}","templated":true}]}}