{"id":697,"date":"2021-04-27T16:47:33","date_gmt":"2021-04-27T14:47:33","guid":{"rendered":"https:\/\/mylovelyrods.com\/?post_type=product&#038;p=697"},"modified":"2022-07-19T12:27:19","modified_gmt":"2022-07-19T10:27:19","slug":"mouche-seche-emergente-voilier-orange","status":"publish","type":"product","link":"https:\/\/mylovelyrods.com\/index.php\/produit\/mouche-seche-emergente-voilier-orange\/","title":{"rendered":"Mouche s\u00e8che Emergente voilier orange"},"content":{"rendered":"<p>Mouche s\u00e8che Emergente voilier, de couleur orange. L&rsquo;aile est en cul de canard gris. C&rsquo;est une mouche qui va p\u00eacher bas sur l&rsquo;eau, dans la pellicule d&rsquo;eau comme vous pouvez le constater sur la photo. La plume en cul de canard permet la flottaison de la mouche. Elle sert \u00e9galement d&rsquo;indicateur visuel pour que le p\u00eacheur voit sa mouche.<\/p>\n<p>Tr\u00e8s bonne mouche pour des poissons \u00e9duqu\u00e9s et m\u00e9fiant, lorsque les gobages sont peu marqu\u00e9s et dans la pellicule d&rsquo;eau. Elle m&rsquo;a sauv\u00e9e sur la Dordogne, les ombres ne prenaient qu&rsquo;en fin de d\u00e9rive et les gobages \u00e9taient tr\u00e8s peu marqu\u00e9s. Tr\u00e8s efficace quand les baetis sortent de l&rsquo;eau, elle imite n&rsquo;importe quelles \u00e9mergences d&rsquo;\u00e9ph\u00e9m\u00e8res, tant que l&rsquo;on reste coh\u00e9rent dans la couleur et la taille de l&rsquo;\u00e9ph\u00e9m\u00e8re qui sort de l&rsquo;eau.<\/p>\n<p>Vous la trouverez sur le site en diff\u00e9rentes tailles d&rsquo;hame\u00e7ons, et en diff\u00e9rents panach\u00e9s de couleurs. La aussi c&rsquo;est une mouche importante \u00e0 avoir dans sa bo\u00eete en diff\u00e9rents coloris et diff\u00e9rentes tailles.<\/p>\n<p>Si vous souhaitez des montages de mouches et de nymphes personnalis\u00e9es, n&rsquo;h\u00e9sitez pas \u00e0 me contacter <a href=\"https:\/\/mylovelyrods.com\/index.php\/demande-devis-contact-canne-a-peche-artisanale\/\">ICI<\/a>.<\/p>\n<p>Mouche s\u00e8che Emergente voilier orange dont les couleurs peuvent l\u00e9g\u00e8rement diff\u00e9rer des couleurs de la photo.<\/p>\n<p>Si vous souhaitez me suivre sur les r\u00e9seaux sociaux, c&rsquo;est par <a href=\"https:\/\/www.facebook.com\/pages\/category\/Sports\/Mylovelyrods-101775187859974\/\">ici<\/a> et par <a href=\"https:\/\/www.instagram.com\/mylovelyrods\/?hl=fr\">l\u00e0<\/a>.<\/p>\n","protected":false},"excerpt":{"rendered":"<p>Emergente en montage dit voilier, de couleur rouge\/orange, aile en cul de canard gris, c&rsquo;est une mouche qui va p\u00eacher bas sur l&rsquo;eau, dans la pellicule d&rsquo;eau comme vous pouvez le constater sur la photo. Tr\u00e8s bonne mouche pour des poissons \u00e9duqu\u00e9s, lorsque les gobages sont peu marqu\u00e9s et dans la pellicule d&rsquo;eau.<\/p>\n<p><img loading=\"lazy\" decoding=\"async\" class=\"alignnone size-medium wp-image-690\" src=\"https:\/\/mylovelyrods.com\/wp-content\/uploads\/2021\/04\/20210427_135844-300x169.jpg\" alt=\"\" width=\"300\" height=\"169\" srcset=\"https:\/\/i0.wp.com\/mylovelyrods.com\/wp-content\/uploads\/2021\/04\/20210427_135844.jpg?resize=300%2C169&amp;ssl=1 300w, https:\/\/i0.wp.com\/mylovelyrods.com\/wp-content\/uploads\/2021\/04\/20210427_135844.jpg?resize=1024%2C576&amp;ssl=1 1024w, https:\/\/i0.wp.com\/mylovelyrods.com\/wp-content\/uploads\/2021\/04\/20210427_135844.jpg?resize=768%2C432&amp;ssl=1 768w, https:\/\/i0.wp.com\/mylovelyrods.com\/wp-content\/uploads\/2021\/04\/20210427_135844.jpg?resize=600%2C337&amp;ssl=1 600w, https:\/\/i0.wp.com\/mylovelyrods.com\/wp-content\/uploads\/2021\/04\/20210427_135844.jpg?w=1177&amp;ssl=1 1177w\" sizes=\"auto, (max-width: 300px) 100vw, 300px\" \/><\/p>\n","protected":false},"featured_media":698,"template":"","meta":{"jetpack_post_was_ever_published":false,"_glsr_average":0,"_glsr_ranking":0,"_glsr_reviews":0},"product_brand":[],"product_cat":[21,42],"product_tag":[],"class_list":{"0":"post-697","1":"product","2":"type-product","3":"status-publish","4":"has-post-thumbnail","6":"product_cat-mouches-nymphes","7":"product_cat-mouches-seches","9":"first","10":"instock","11":"shipping-taxable","12":"purchasable","13":"product-type-variable"},"yoast_head":"<!-- This site is optimized with the Yoast SEO plugin v27.4 - https:\/\/yoast.com\/product\/yoast-seo-wordpress\/ -->\n<title>Mouche s\u00e8che Emergente voilier orange - Mylovelyrods<\/title>\n<meta name=\"description\" content=\"Emergente en montage dit voilier, de couleur orange, aile en cul de canard gris, c&#039;est une mouche s\u00e8che qui va p\u00eacher bas sur l&#039;eau\" \/>\n<meta name=\"robots\" content=\"index, follow, max-snippet:-1, max-image-preview:large, max-video-preview:-1\" \/>\n<link rel=\"canonical\" href=\"https:\/\/mylovelyrods.com\/index.php\/produit\/mouche-seche-emergente-voilier-orange\/\" \/>\n<meta property=\"og:locale\" content=\"fr_FR\" \/>\n<meta property=\"og:type\" content=\"article\" \/>\n<meta property=\"og:title\" content=\"Mouche s\u00e8che Emergente voilier orange - Mylovelyrods\" \/>\n<meta property=\"og:description\" content=\"Emergente en montage dit voilier, de couleur orange, aile en cul de canard gris, c&#039;est une mouche s\u00e8che qui va p\u00eacher bas sur l&#039;eau\" \/>\n<meta property=\"og:url\" content=\"https:\/\/mylovelyrods.com\/index.php\/produit\/mouche-seche-emergente-voilier-orange\/\" \/>\n<meta property=\"og:site_name\" content=\"Mylovelyrods\" \/>\n<meta property=\"article:publisher\" content=\"https:\/\/m.facebook.com\/people\/Mylovelyrods\/100062956103344\/?locale=fr_FR\" \/>\n<meta property=\"article:modified_time\" content=\"2022-07-19T10:27:19+00:00\" \/>\n<meta property=\"og:image\" content=\"https:\/\/mylovelyrods.com\/wp-content\/uploads\/2021\/04\/20210427_140333.jpg\" \/>\n\t<meta property=\"og:image:width\" content=\"1906\" \/>\n\t<meta property=\"og:image:height\" content=\"1072\" \/>\n\t<meta property=\"og:image:type\" content=\"image\/jpeg\" \/>\n<meta name=\"twitter:card\" content=\"summary_large_image\" \/>\n<meta name=\"twitter:label1\" content=\"Dur\u00e9e de lecture estim\u00e9e\" \/>\n\t<meta name=\"twitter:data1\" content=\"1 minute\" \/>\n<script type=\"application\/ld+json\" class=\"yoast-schema-graph\">{\"@context\":\"https:\\\/\\\/schema.org\",\"@graph\":[{\"@type\":\"WebPage\",\"@id\":\"https:\\\/\\\/mylovelyrods.com\\\/index.php\\\/produit\\\/mouche-seche-emergente-voilier-orange\\\/\",\"url\":\"https:\\\/\\\/mylovelyrods.com\\\/index.php\\\/produit\\\/mouche-seche-emergente-voilier-orange\\\/\",\"name\":\"Mouche s\u00e8che Emergente voilier orange - Mylovelyrods\",\"isPartOf\":{\"@id\":\"https:\\\/\\\/mylovelyrods.com\\\/#website\"},\"primaryImageOfPage\":{\"@id\":\"https:\\\/\\\/mylovelyrods.com\\\/index.php\\\/produit\\\/mouche-seche-emergente-voilier-orange\\\/#primaryimage\"},\"image\":{\"@id\":\"https:\\\/\\\/mylovelyrods.com\\\/index.php\\\/produit\\\/mouche-seche-emergente-voilier-orange\\\/#primaryimage\"},\"thumbnailUrl\":\"https:\\\/\\\/i0.wp.com\\\/mylovelyrods.com\\\/wp-content\\\/uploads\\\/2021\\\/04\\\/20210427_140333.jpg?fit=1906%2C1072&ssl=1\",\"datePublished\":\"2021-04-27T14:47:33+00:00\",\"dateModified\":\"2022-07-19T10:27:19+00:00\",\"description\":\"Emergente en montage dit voilier, de couleur orange, aile en cul de canard gris, c'est une mouche s\u00e8che qui va p\u00eacher bas sur l'eau\",\"breadcrumb\":{\"@id\":\"https:\\\/\\\/mylovelyrods.com\\\/index.php\\\/produit\\\/mouche-seche-emergente-voilier-orange\\\/#breadcrumb\"},\"inLanguage\":\"fr-FR\",\"potentialAction\":[{\"@type\":\"ReadAction\",\"target\":[\"https:\\\/\\\/mylovelyrods.com\\\/index.php\\\/produit\\\/mouche-seche-emergente-voilier-orange\\\/\"]}]},{\"@type\":\"ImageObject\",\"inLanguage\":\"fr-FR\",\"@id\":\"https:\\\/\\\/mylovelyrods.com\\\/index.php\\\/produit\\\/mouche-seche-emergente-voilier-orange\\\/#primaryimage\",\"url\":\"https:\\\/\\\/i0.wp.com\\\/mylovelyrods.com\\\/wp-content\\\/uploads\\\/2021\\\/04\\\/20210427_140333.jpg?fit=1906%2C1072&ssl=1\",\"contentUrl\":\"https:\\\/\\\/i0.wp.com\\\/mylovelyrods.com\\\/wp-content\\\/uploads\\\/2021\\\/04\\\/20210427_140333.jpg?fit=1906%2C1072&ssl=1\",\"width\":1906,\"height\":1072},{\"@type\":\"BreadcrumbList\",\"@id\":\"https:\\\/\\\/mylovelyrods.com\\\/index.php\\\/produit\\\/mouche-seche-emergente-voilier-orange\\\/#breadcrumb\",\"itemListElement\":[{\"@type\":\"ListItem\",\"position\":1,\"name\":\"Accueil\",\"item\":\"https:\\\/\\\/mylovelyrods.com\\\/\"},{\"@type\":\"ListItem\",\"position\":2,\"name\":\"Produits\",\"item\":\"https:\\\/\\\/mylovelyrods.com\\\/index.php\\\/boutique\\\/\"},{\"@type\":\"ListItem\",\"position\":3,\"name\":\"Mouche s\u00e8che Emergente voilier orange\"}]},{\"@type\":\"WebSite\",\"@id\":\"https:\\\/\\\/mylovelyrods.com\\\/#website\",\"url\":\"https:\\\/\\\/mylovelyrods.com\\\/\",\"name\":\"Mylovelyrods\",\"description\":\"Facteur de canne, restaurations, customisations, rodbuilding, mouches, nymphes et petit mat\u00e9riel...\",\"publisher\":{\"@id\":\"https:\\\/\\\/mylovelyrods.com\\\/#organization\"},\"potentialAction\":[{\"@type\":\"SearchAction\",\"target\":{\"@type\":\"EntryPoint\",\"urlTemplate\":\"https:\\\/\\\/mylovelyrods.com\\\/?s={search_term_string}\"},\"query-input\":{\"@type\":\"PropertyValueSpecification\",\"valueRequired\":true,\"valueName\":\"search_term_string\"}}],\"inLanguage\":\"fr-FR\"},{\"@type\":\"Organization\",\"@id\":\"https:\\\/\\\/mylovelyrods.com\\\/#organization\",\"name\":\"Mylovelyrods\",\"url\":\"https:\\\/\\\/mylovelyrods.com\\\/\",\"logo\":{\"@type\":\"ImageObject\",\"inLanguage\":\"fr-FR\",\"@id\":\"https:\\\/\\\/mylovelyrods.com\\\/#\\\/schema\\\/logo\\\/image\\\/\",\"url\":\"https:\\\/\\\/mylovelyrods.com\\\/wp-content\\\/uploads\\\/2021\\\/01\\\/0001-scaled-e1611186770281.jpg\",\"contentUrl\":\"https:\\\/\\\/mylovelyrods.com\\\/wp-content\\\/uploads\\\/2021\\\/01\\\/0001-scaled-e1611186770281.jpg\",\"width\":2560,\"height\":716,\"caption\":\"Mylovelyrods\"},\"image\":{\"@id\":\"https:\\\/\\\/mylovelyrods.com\\\/#\\\/schema\\\/logo\\\/image\\\/\"},\"sameAs\":[\"https:\\\/\\\/m.facebook.com\\\/people\\\/Mylovelyrods\\\/100062956103344\\\/?locale=fr_FR\",\"https:\\\/\\\/www.instagram.com\\\/mylovelyrods\\\/?hl=fr\"]}]}<\/script>\n<!-- \/ Yoast SEO plugin. -->","yoast_head_json":{"title":"Mouche s\u00e8che Emergente voilier orange - Mylovelyrods","description":"Emergente en montage dit voilier, de couleur orange, aile en cul de canard gris, c'est une mouche s\u00e8che qui va p\u00eacher bas sur l'eau","robots":{"index":"index","follow":"follow","max-snippet":"max-snippet:-1","max-image-preview":"max-image-preview:large","max-video-preview":"max-video-preview:-1"},"canonical":"https:\/\/mylovelyrods.com\/index.php\/produit\/mouche-seche-emergente-voilier-orange\/","og_locale":"fr_FR","og_type":"article","og_title":"Mouche s\u00e8che Emergente voilier orange - Mylovelyrods","og_description":"Emergente en montage dit voilier, de couleur orange, aile en cul de canard gris, c'est une mouche s\u00e8che qui va p\u00eacher bas sur l'eau","og_url":"https:\/\/mylovelyrods.com\/index.php\/produit\/mouche-seche-emergente-voilier-orange\/","og_site_name":"Mylovelyrods","article_publisher":"https:\/\/m.facebook.com\/people\/Mylovelyrods\/100062956103344\/?locale=fr_FR","article_modified_time":"2022-07-19T10:27:19+00:00","og_image":[{"width":1906,"height":1072,"url":"https:\/\/mylovelyrods.com\/wp-content\/uploads\/2021\/04\/20210427_140333.jpg","type":"image\/jpeg"}],"twitter_card":"summary_large_image","twitter_misc":{"Dur\u00e9e de lecture estim\u00e9e":"1 minute"},"schema":{"@context":"https:\/\/schema.org","@graph":[{"@type":"WebPage","@id":"https:\/\/mylovelyrods.com\/index.php\/produit\/mouche-seche-emergente-voilier-orange\/","url":"https:\/\/mylovelyrods.com\/index.php\/produit\/mouche-seche-emergente-voilier-orange\/","name":"Mouche s\u00e8che Emergente voilier orange - Mylovelyrods","isPartOf":{"@id":"https:\/\/mylovelyrods.com\/#website"},"primaryImageOfPage":{"@id":"https:\/\/mylovelyrods.com\/index.php\/produit\/mouche-seche-emergente-voilier-orange\/#primaryimage"},"image":{"@id":"https:\/\/mylovelyrods.com\/index.php\/produit\/mouche-seche-emergente-voilier-orange\/#primaryimage"},"thumbnailUrl":"https:\/\/i0.wp.com\/mylovelyrods.com\/wp-content\/uploads\/2021\/04\/20210427_140333.jpg?fit=1906%2C1072&ssl=1","datePublished":"2021-04-27T14:47:33+00:00","dateModified":"2022-07-19T10:27:19+00:00","description":"Emergente en montage dit voilier, de couleur orange, aile en cul de canard gris, c'est une mouche s\u00e8che qui va p\u00eacher bas sur l'eau","breadcrumb":{"@id":"https:\/\/mylovelyrods.com\/index.php\/produit\/mouche-seche-emergente-voilier-orange\/#breadcrumb"},"inLanguage":"fr-FR","potentialAction":[{"@type":"ReadAction","target":["https:\/\/mylovelyrods.com\/index.php\/produit\/mouche-seche-emergente-voilier-orange\/"]}]},{"@type":"ImageObject","inLanguage":"fr-FR","@id":"https:\/\/mylovelyrods.com\/index.php\/produit\/mouche-seche-emergente-voilier-orange\/#primaryimage","url":"https:\/\/i0.wp.com\/mylovelyrods.com\/wp-content\/uploads\/2021\/04\/20210427_140333.jpg?fit=1906%2C1072&ssl=1","contentUrl":"https:\/\/i0.wp.com\/mylovelyrods.com\/wp-content\/uploads\/2021\/04\/20210427_140333.jpg?fit=1906%2C1072&ssl=1","width":1906,"height":1072},{"@type":"BreadcrumbList","@id":"https:\/\/mylovelyrods.com\/index.php\/produit\/mouche-seche-emergente-voilier-orange\/#breadcrumb","itemListElement":[{"@type":"ListItem","position":1,"name":"Accueil","item":"https:\/\/mylovelyrods.com\/"},{"@type":"ListItem","position":2,"name":"Produits","item":"https:\/\/mylovelyrods.com\/index.php\/boutique\/"},{"@type":"ListItem","position":3,"name":"Mouche s\u00e8che Emergente voilier orange"}]},{"@type":"WebSite","@id":"https:\/\/mylovelyrods.com\/#website","url":"https:\/\/mylovelyrods.com\/","name":"Mylovelyrods","description":"Facteur de canne, restaurations, customisations, rodbuilding, mouches, nymphes et petit mat\u00e9riel...","publisher":{"@id":"https:\/\/mylovelyrods.com\/#organization"},"potentialAction":[{"@type":"SearchAction","target":{"@type":"EntryPoint","urlTemplate":"https:\/\/mylovelyrods.com\/?s={search_term_string}"},"query-input":{"@type":"PropertyValueSpecification","valueRequired":true,"valueName":"search_term_string"}}],"inLanguage":"fr-FR"},{"@type":"Organization","@id":"https:\/\/mylovelyrods.com\/#organization","name":"Mylovelyrods","url":"https:\/\/mylovelyrods.com\/","logo":{"@type":"ImageObject","inLanguage":"fr-FR","@id":"https:\/\/mylovelyrods.com\/#\/schema\/logo\/image\/","url":"https:\/\/mylovelyrods.com\/wp-content\/uploads\/2021\/01\/0001-scaled-e1611186770281.jpg","contentUrl":"https:\/\/mylovelyrods.com\/wp-content\/uploads\/2021\/01\/0001-scaled-e1611186770281.jpg","width":2560,"height":716,"caption":"Mylovelyrods"},"image":{"@id":"https:\/\/mylovelyrods.com\/#\/schema\/logo\/image\/"},"sameAs":["https:\/\/m.facebook.com\/people\/Mylovelyrods\/100062956103344\/?locale=fr_FR","https:\/\/www.instagram.com\/mylovelyrods\/?hl=fr"]}]}},"jetpack_sharing_enabled":true,"_links":{"self":[{"href":"https:\/\/mylovelyrods.com\/index.php\/wp-json\/wp\/v2\/product\/697","targetHints":{"allow":["GET"]}}],"collection":[{"href":"https:\/\/mylovelyrods.com\/index.php\/wp-json\/wp\/v2\/product"}],"about":[{"href":"https:\/\/mylovelyrods.com\/index.php\/wp-json\/wp\/v2\/types\/product"}],"wp:featuredmedia":[{"embeddable":true,"href":"https:\/\/mylovelyrods.com\/index.php\/wp-json\/wp\/v2\/media\/698"}],"wp:attachment":[{"href":"https:\/\/mylovelyrods.com\/index.php\/wp-json\/wp\/v2\/media?parent=697"}],"wp:term":[{"taxonomy":"product_brand","embeddable":true,"href":"https:\/\/mylovelyrods.com\/index.php\/wp-json\/wp\/v2\/product_brand?post=697"},{"taxonomy":"product_cat","embeddable":true,"href":"https:\/\/mylovelyrods.com\/index.php\/wp-json\/wp\/v2\/product_cat?post=697"},{"taxonomy":"product_tag","embeddable":true,"href":"https:\/\/mylovelyrods.com\/index.php\/wp-json\/wp\/v2\/product_tag?post=697"}],"curies":[{"name":"wp","href":"https:\/\/api.w.org\/{rel}","templated":true}]}}